{"id":4061,"date":"2023-11-29T15:00:56","date_gmt":"2023-11-29T15:00:56","guid":{"rendered":"https:\/\/blog.hascorburkina.com\/?page_id=4061"},"modified":"2023-11-29T16:31:57","modified_gmt":"2023-11-29T16:31:57","slug":"conseil-et-astuce","status":"publish","type":"page","link":"https:\/\/blog.hascorburkina.com\/index.php\/conseil-et-astuce\/","title":{"rendered":"Conseil et Astuce"},"content":{"rendered":"\t\t<div data-elementor-type=\"wp-page\" data-elementor-id=\"4061\" class=\"elementor elementor-4061\">\n\t\t\t\t\t\t<section class=\"elementor-section elementor-top-section elementor-element elementor-element-90ccd0d elementor-section-boxed elementor-section-height-default elementor-section-height-default\" data-id=\"90ccd0d\" data-element_type=\"section\" data-e-type=\"section\" data-settings=\"{&quot;background_background&quot;:&quot;classic&quot;}\">\n\t\t\t\t\t\t<div class=\"elementor-container elementor-column-gap-default\">\n\t\t\t\t\t<div class=\"elementor-column elementor-col-100 elementor-top-column elementor-element elementor-element-92bacde\" data-id=\"92bacde\" data-element_type=\"column\" data-e-type=\"column\">\n\t\t\t<div class=\"elementor-widget-wrap elementor-element-populated\">\n\t\t\t\t\t\t<div class=\"elementor-element elementor-element-6eed082 elementor-widget elementor-widget-spacer\" data-id=\"6eed082\" data-element_type=\"widget\" data-e-type=\"widget\" data-widget_type=\"spacer.default\">\n\t\t\t\t<div class=\"elementor-widget-container\">\n\t\t\t\t\t\t\t<div class=\"elementor-spacer\">\n\t\t\t<div class=\"elementor-spacer-inner\"><\/div>\n\t\t<\/div>\n\t\t\t\t\t\t<\/div>\n\t\t\t\t<\/div>\n\t\t\t\t<div class=\"elementor-element elementor-element-f797934 elementor-widget elementor-widget-heading\" data-id=\"f797934\" data-element_type=\"widget\" data-e-type=\"widget\" data-widget_type=\"heading.default\">\n\t\t\t\t<div class=\"elementor-widget-container\">\n\t\t\t\t\t<h2 class=\"elementor-heading-title elementor-size-default\">Mieux utiliser son \u00e9lectrom\u00e9nager pour faire des \u00e9conomies d'\u00e9nergie<\/h2>\t\t\t\t<\/div>\n\t\t\t\t<\/div>\n\t\t\t\t\t<\/div>\n\t\t<\/div>\n\t\t\t\t\t<\/div>\n\t\t<\/section>\n\t\t\t\t<section class=\"elementor-section elementor-top-section elementor-element elementor-element-28419bc elementor-section-boxed elementor-section-height-default elementor-section-height-default\" data-id=\"28419bc\" data-element_type=\"section\" data-e-type=\"section\" data-settings=\"{&quot;background_background&quot;:&quot;classic&quot;}\">\n\t\t\t\t\t\t<div class=\"elementor-container elementor-column-gap-default\">\n\t\t\t\t\t<div class=\"elementor-column elementor-col-100 elementor-top-column elementor-element elementor-element-d031366\" data-id=\"d031366\" data-element_type=\"column\" data-e-type=\"column\">\n\t\t\t<div class=\"elementor-widget-wrap elementor-element-populated\">\n\t\t\t\t\t\t<div class=\"elementor-element elementor-element-2647473 elementor-widget elementor-widget-heading\" data-id=\"2647473\" data-element_type=\"widget\" data-e-type=\"widget\" data-widget_type=\"heading.default\">\n\t\t\t\t<div class=\"elementor-widget-container\">\n\t\t\t\t\t<h2 class=\"elementor-heading-title elementor-size-default\">CONSEIL ET ASTUCE<\/h2>\t\t\t\t<\/div>\n\t\t\t\t<\/div>\n\t\t\t\t\t<\/div>\n\t\t<\/div>\n\t\t\t\t\t<\/div>\n\t\t<\/section>\n\t\t\t\t<section class=\"elementor-section elementor-top-section elementor-element elementor-element-d4700a6 elementor-section-boxed elementor-section-height-default elementor-section-height-default\" data-id=\"d4700a6\" data-element_type=\"section\" data-e-type=\"section\">\n\t\t\t\t\t\t<div class=\"elementor-container elementor-column-gap-default\">\n\t\t\t\t\t<div class=\"elementor-column elementor-col-50 elementor-top-column elementor-element elementor-element-cabcdb9\" data-id=\"cabcdb9\" data-element_type=\"column\" data-e-type=\"column\">\n\t\t\t<div class=\"elementor-widget-wrap elementor-element-populated\">\n\t\t\t\t\t\t<div class=\"elementor-element elementor-element-d26297c elementor-widget elementor-widget-image\" data-id=\"d26297c\" data-element_type=\"widget\" data-e-type=\"widget\" data-widget_type=\"image.default\">\n\t\t\t\t<div class=\"elementor-widget-container\">\n\t\t\t\t\t\t\t\t\t\t\t\t\t\t\t<img fetchpriority=\"high\" decoding=\"async\" width=\"940\" height=\"788\" src=\"https:\/\/blog.hascorburkina.com\/wp-content\/uploads\/2023\/11\/Design-sans-titre-5.png\" class=\"attachment-large size-large wp-image-4107\" alt=\"\" srcset=\"https:\/\/blog.hascorburkina.com\/wp-content\/uploads\/2023\/11\/Design-sans-titre-5.png 940w, https:\/\/blog.hascorburkina.com\/wp-content\/uploads\/2023\/11\/Design-sans-titre-5-600x503.png 600w\" sizes=\"(max-width: 940px) 100vw, 940px\" \/>\t\t\t\t\t\t\t\t\t\t\t\t\t\t\t<\/div>\n\t\t\t\t<\/div>\n\t\t\t\t\t<\/div>\n\t\t<\/div>\n\t\t\t\t<div class=\"elementor-column elementor-col-50 elementor-top-column elementor-element elementor-element-ac7e0c7\" data-id=\"ac7e0c7\" data-element_type=\"column\" data-e-type=\"column\">\n\t\t\t<div class=\"elementor-widget-wrap elementor-element-populated\">\n\t\t\t\t\t\t<div class=\"elementor-element elementor-element-6e984fa elementor-widget elementor-widget-heading\" data-id=\"6e984fa\" data-element_type=\"widget\" data-e-type=\"widget\" data-widget_type=\"heading.default\">\n\t\t\t\t<div class=\"elementor-widget-container\">\n\t\t\t\t\t<h2 class=\"elementor-heading-title elementor-size-default\">Commencez par bien choisir !<\/h2>\t\t\t\t<\/div>\n\t\t\t\t<\/div>\n\t\t\t\t<div class=\"elementor-element elementor-element-115cb03 elementor-widget elementor-widget-text-editor\" data-id=\"115cb03\" data-element_type=\"widget\" data-e-type=\"widget\" data-widget_type=\"text-editor.default\">\n\t\t\t\t<div class=\"elementor-widget-container\">\n\t\t\t\t\t\t\t\t\t<p>Avant m\u00eame d&rsquo;\u00e9voquer l&rsquo;utilisation des appareils \u00e9lectrom\u00e9nagers, pour faire des \u00e9conomies d&rsquo;\u00e9nergie \u00e0 la maison, lorsque vous renouvelez votre r\u00e9frig\u00e9rateur, votre lave-linge ou encore votre four, pr\u00e9f\u00e9rez un\u00a0<strong>appareil \u00e9conome en \u00e9nergie<\/strong>. Pour cela, vous pouvez vous fier \u00e0\u00a0<a href=\"https:\/\/www.maisonapart.com\/edito\/decorer-s-inspirer-s-equiper\/equipement-electromenager-high-tech\/comprendre-la-nouvelle-etiquette-energie-pour-bien-12798.php\">l&rsquo;\u00e9tiquette \u00e9nergie<\/a>. Entre un appareil qui affiche la meilleure classe \u00e9nerg\u00e9tique et un mod\u00e8le consid\u00e9r\u00e9 comme peu efficace,\u00a0<strong>la consommation peut varier de 20 \u00e0 50% !<\/strong><\/p><p>Bon \u00e0 savoir aussi : certaines technologies ont \u00e9t\u00e9 d\u00e9velopp\u00e9es dans le but de rendre les appareils moins \u00e9nergivores, des technologies que vous pouvez donc privil\u00e9gier. C&rsquo;est par exemple le cas des\u00a0<a href=\"https:\/\/www.maisonapart.com\/edito\/decorer-s-inspirer-s-equiper\/equipement-electromenager-high-tech\/comment-bien-choisir-son-seche-linge--conseils-de--12525.php\">s\u00e8che-linge<\/a>\u00a0utilisant une pompe \u00e0 chaleur. De m\u00eame, il existe des lave-linge et des lave-vaisselle capables d&rsquo;adapter le cycle et sa dur\u00e9e \u00e0 l&rsquo;\u00e9tat de salet\u00e9 du linge ou de la vaisselle. Les cong\u00e9lateurs No Frost, qui \u00e9vitent la formation de givre, en sont encore un exemple.<br \/><br \/>Dans certains cas aussi, la connectivit\u00e9 peut aider \u00e0 mieux g\u00e9rer la consommation des appareils \u00e9lectrom\u00e9nagers et \u00e0 mieux les utiliser.<\/p>\t\t\t\t\t\t\t\t<\/div>\n\t\t\t\t<\/div>\n\t\t\t\t\t<\/div>\n\t\t<\/div>\n\t\t\t\t\t<\/div>\n\t\t<\/section>\n\t\t\t\t<section class=\"elementor-section elementor-top-section elementor-element elementor-element-ea2b6ce elementor-section-boxed elementor-section-height-default elementor-section-height-default\" data-id=\"ea2b6ce\" data-element_type=\"section\" data-e-type=\"section\" data-settings=\"{&quot;background_background&quot;:&quot;classic&quot;}\">\n\t\t\t\t\t\t<div class=\"elementor-container elementor-column-gap-default\">\n\t\t\t\t\t<div class=\"elementor-column elementor-col-50 elementor-top-column elementor-element elementor-element-9de1e64\" data-id=\"9de1e64\" data-element_type=\"column\" data-e-type=\"column\">\n\t\t\t<div class=\"elementor-widget-wrap elementor-element-populated\">\n\t\t\t\t\t\t<div class=\"elementor-element elementor-element-c81cfeb elementor-widget elementor-widget-heading\" data-id=\"c81cfeb\" data-element_type=\"widget\" data-e-type=\"widget\" data-widget_type=\"heading.default\">\n\t\t\t\t<div class=\"elementor-widget-container\">\n\t\t\t\t\t<h2 class=\"elementor-heading-title elementor-size-default\">Entretenez vos appareils pour faire des \u00e9conomies<\/h2>\t\t\t\t<\/div>\n\t\t\t\t<\/div>\n\t\t\t\t<div class=\"elementor-element elementor-element-3447186 elementor-widget elementor-widget-text-editor\" data-id=\"3447186\" data-element_type=\"widget\" data-e-type=\"widget\" data-widget_type=\"text-editor.default\">\n\t\t\t\t<div class=\"elementor-widget-container\">\n\t\t\t\t\t\t\t\t\t<p>L&rsquo;une des cl\u00e9s r\u00e9side aussi dans\u00a0<a href=\"https:\/\/www.maisonapart.com\/edito\/decorer-s-inspirer-s-equiper\/equipement-electromenager-high-tech\/electromenager---bien-entretenir-ses-appareils-pou-12758.php\">l&rsquo;entretien de vos \u00e9quipements<\/a>. Si vous en prenez soin, non seulement ils fonctionneront de mani\u00e8re optimale, leur dur\u00e9e de vie s&rsquo;en trouvera prolong\u00e9e, mais vous ferez \u00e9galement des \u00e9conomies d&rsquo;\u00e9nergie substantielles.<br \/><br \/>Par exemple, une bouilloire entartr\u00e9e consomme beaucoup plus d&rsquo;\u00e9nergie. Autre exemple encore plus criant : un cong\u00e9lateur plein de givre consomme bien plus d&rsquo;\u00e9lectricit\u00e9 :\u00a0<strong>5 mm de glace, c&rsquo;est 30% d&rsquo;\u00e9nergie consomm\u00e9e en plus<\/strong>\u00a0(selon le Gifam**). C&rsquo;est encore le cas d&rsquo;un r\u00e9frig\u00e9rateur et d&rsquo;un cong\u00e9lateur dont le joint est ab\u00eem\u00e9 (puisqu&rsquo;il laisse entrer de l&rsquo;air \u00ab\u00a0chaud\u00a0\u00bb).<br \/><br \/>Pour les appareils de froid, pensez \u00e9galement \u00e0 d\u00e9poussi\u00e9rer la grille qui se trouve \u00e0 l&rsquo;arri\u00e8re (le condenseur), un v\u00e9ritable nid \u00e0 poussi\u00e8re qui engendre une surconsommation en cas d&rsquo;encrassement. Bref, entretenez vos appareils \u00e9lectrom\u00e9nagers, ils vous le rendront bien.<\/p>\t\t\t\t\t\t\t\t<\/div>\n\t\t\t\t<\/div>\n\t\t\t\t\t<\/div>\n\t\t<\/div>\n\t\t\t\t<div class=\"elementor-column elementor-col-50 elementor-top-column elementor-element elementor-element-87064ef\" data-id=\"87064ef\" data-element_type=\"column\" data-e-type=\"column\">\n\t\t\t<div class=\"elementor-widget-wrap elementor-element-populated\">\n\t\t\t\t\t\t<div class=\"elementor-element elementor-element-0ffea88 elementor-widget elementor-widget-image\" data-id=\"0ffea88\" data-element_type=\"widget\" data-e-type=\"widget\" data-widget_type=\"image.default\">\n\t\t\t\t<div class=\"elementor-widget-container\">\n\t\t\t\t\t\t\t\t\t\t\t\t\t\t\t<img decoding=\"async\" width=\"1024\" height=\"683\" src=\"https:\/\/blog.hascorburkina.com\/wp-content\/uploads\/2023\/11\/confident-3082818_1280.jpg\" class=\"attachment-large size-large wp-image-4118\" alt=\"\" srcset=\"https:\/\/blog.hascorburkina.com\/wp-content\/uploads\/2023\/11\/confident-3082818_1280.jpg 1280w, https:\/\/blog.hascorburkina.com\/wp-content\/uploads\/2023\/11\/confident-3082818_1280-600x400.jpg 600w\" sizes=\"(max-width: 1024px) 100vw, 1024px\" \/>\t\t\t\t\t\t\t\t\t\t\t\t\t\t\t<\/div>\n\t\t\t\t<\/div>\n\t\t\t\t\t<\/div>\n\t\t<\/div>\n\t\t\t\t\t<\/div>\n\t\t<\/section>\n\t\t\t\t<section class=\"elementor-section elementor-top-section elementor-element elementor-element-70054fe elementor-section-boxed elementor-section-height-default elementor-section-height-default\" data-id=\"70054fe\" data-element_type=\"section\" data-e-type=\"section\">\n\t\t\t\t\t\t<div class=\"elementor-container elementor-column-gap-default\">\n\t\t\t\t\t<div class=\"elementor-column elementor-col-50 elementor-top-column elementor-element elementor-element-c87b802\" data-id=\"c87b802\" data-element_type=\"column\" data-e-type=\"column\">\n\t\t\t<div class=\"elementor-widget-wrap elementor-element-populated\">\n\t\t\t\t\t\t<div class=\"elementor-element elementor-element-72210f7 elementor-widget elementor-widget-image\" data-id=\"72210f7\" data-element_type=\"widget\" data-e-type=\"widget\" data-widget_type=\"image.default\">\n\t\t\t\t<div class=\"elementor-widget-container\">\n\t\t\t\t\t\t\t\t\t\t\t\t\t\t\t<img decoding=\"async\" width=\"1024\" height=\"682\" src=\"https:\/\/blog.hascorburkina.com\/wp-content\/uploads\/2023\/11\/energy-crisis-7493571_1280.jpg\" class=\"attachment-large size-large wp-image-4131\" alt=\"\" srcset=\"https:\/\/blog.hascorburkina.com\/wp-content\/uploads\/2023\/11\/energy-crisis-7493571_1280.jpg 1280w, https:\/\/blog.hascorburkina.com\/wp-content\/uploads\/2023\/11\/energy-crisis-7493571_1280-600x400.jpg 600w\" sizes=\"(max-width: 1024px) 100vw, 1024px\" \/>\t\t\t\t\t\t\t\t\t\t\t\t\t\t\t<\/div>\n\t\t\t\t<\/div>\n\t\t\t\t\t<\/div>\n\t\t<\/div>\n\t\t\t\t<div class=\"elementor-column elementor-col-50 elementor-top-column elementor-element elementor-element-c264fed\" data-id=\"c264fed\" data-element_type=\"column\" data-e-type=\"column\">\n\t\t\t<div class=\"elementor-widget-wrap elementor-element-populated\">\n\t\t\t\t\t\t<div class=\"elementor-element elementor-element-e3523d1 elementor-widget elementor-widget-heading\" data-id=\"e3523d1\" data-element_type=\"widget\" data-e-type=\"widget\" data-widget_type=\"heading.default\">\n\t\t\t\t<div class=\"elementor-widget-container\">\n\t\t\t\t\t<h2 class=\"elementor-heading-title elementor-size-default\">Adoptez des multiprises avec interrupteurs<\/h2>\t\t\t\t<\/div>\n\t\t\t\t<\/div>\n\t\t\t\t<div class=\"elementor-element elementor-element-417e5b7 elementor-widget elementor-widget-text-editor\" data-id=\"417e5b7\" data-element_type=\"widget\" data-e-type=\"widget\" data-widget_type=\"text-editor.default\">\n\t\t\t\t<div class=\"elementor-widget-container\">\n\t\t\t\t\t\t\t\t\t<p>On recommande souvent de ne pas laisser les appareils multim\u00e9dia en veille, comme les t\u00e9l\u00e9viseurs et les consoles de jeux, car ils continuent \u00e0 consommer de l&rsquo;\u00e9nergie. Ce conseil est \u00e9galement valable pour tous les petits appareils \u00e9lectrom\u00e9nagers qui ne n\u00e9cessitent pas d&rsquo;\u00eatre branch\u00e9s constamment (<a href=\"https:\/\/www.maisonapart.com\/edito\/amenager-decorer\/cuisine\/bien-choisir-sa-machine-a-cafe-avec-broyeur-de-gra-8662.php\">machine \u00e0 caf\u00e9<\/a>, bouilloire&#8230;).<br \/><br \/>Pour vous faciliter la vie, vous pouvez vous \u00e9quiper de\u00a0<strong>multiprises dot\u00e9es d&rsquo;un interrupteur<\/strong>. Cela permet de couper l&rsquo;alimentation de plusieurs appareils facilement, en un seul geste. Multipli\u00e9 par le nombre d&rsquo;appareils pr\u00e9sents dans chaque foyer, \u00e7a n&rsquo;est pas anodin.<\/p>\t\t\t\t\t\t\t\t<\/div>\n\t\t\t\t<\/div>\n\t\t\t\t\t<\/div>\n\t\t<\/div>\n\t\t\t\t\t<\/div>\n\t\t<\/section>\n\t\t\t\t<section class=\"elementor-section elementor-top-section elementor-element elementor-element-af683f3 elementor-section-boxed elementor-section-height-default elementor-section-height-default\" data-id=\"af683f3\" data-element_type=\"section\" data-e-type=\"section\">\n\t\t\t\t\t\t<div class=\"elementor-container elementor-column-gap-default\">\n\t\t\t\t\t<div class=\"elementor-column elementor-col-100 elementor-top-column elementor-element elementor-element-c6e5454\" data-id=\"c6e5454\" data-element_type=\"column\" data-e-type=\"column\">\n\t\t\t<div class=\"elementor-widget-wrap elementor-element-populated\">\n\t\t\t\t\t\t<div class=\"elementor-element elementor-element-5a2e998 elementor-widget elementor-widget-spacer\" data-id=\"5a2e998\" data-element_type=\"widget\" data-e-type=\"widget\" data-widget_type=\"spacer.default\">\n\t\t\t\t<div class=\"elementor-widget-container\">\n\t\t\t\t\t\t\t<div class=\"elementor-spacer\">\n\t\t\t<div class=\"elementor-spacer-inner\"><\/div>\n\t\t<\/div>\n\t\t\t\t\t\t<\/div>\n\t\t\t\t<\/div>\n\t\t\t\t\t<\/div>\n\t\t<\/div>\n\t\t\t\t\t<\/div>\n\t\t<\/section>\n\t\t\t\t<\/div>\n\t\t","protected":false},"excerpt":{"rendered":"<p>Mieux utiliser son \u00e9lectrom\u00e9nager pour faire des \u00e9conomies d&rsquo;\u00e9nergie CONSEIL ET ASTUCE Commencez par bien choisir ! Avant m\u00eame d&rsquo;\u00e9voquer l&rsquo;utilisation des appareils \u00e9lectrom\u00e9nagers, pour faire des \u00e9conomies d&rsquo;\u00e9nergie \u00e0 la maison, lorsque vous renouvelez votre r\u00e9frig\u00e9rateur, votre lave-linge ou encore votre four, pr\u00e9f\u00e9rez un\u00a0appareil \u00e9conome en \u00e9nergie. Pour cela, vous pouvez vous fier \u00e0\u00a0l&rsquo;\u00e9tiquette [&hellip;]<\/p>\n","protected":false},"author":3,"featured_media":0,"parent":0,"menu_order":0,"comment_status":"closed","ping_status":"closed","template":"","meta":{"site-sidebar-layout":"no-sidebar","site-content-layout":"page-builder","ast-site-content-layout":"full-width-container","site-content-style":"default","site-sidebar-style":"default","ast-global-header-display":"","ast-banner-title-visibility":"","ast-main-header-display":"","ast-hfb-above-header-display":"","ast-hfb-below-header-display":"","ast-hfb-mobile-header-display":"","site-post-title":"disabled","ast-breadcrumbs-content":"","ast-featured-img":"disabled","footer-sml-layout":"","theme-transparent-header-meta":"","adv-header-id-meta":"","stick-header-meta":"","header-above-stick-meta":"","header-main-stick-meta":"","header-below-stick-meta":"","astra-migrate-meta-layouts":"set","ast-page-background-enabled":"default","ast-page-background-meta":{"desktop":{"background-color":"","background-image":"","background-repeat":"repeat","background-position":"center center","background-size":"auto","background-attachment":"scroll","background-type":"","background-media":"","overlay-type":"","overlay-color":"","overlay-opacity":"","overlay-gradient":""},"tablet":{"background-color":"","background-image":"","background-repeat":"repeat","background-position":"center center","background-size":"auto","background-attachment":"scroll","background-type":"","background-media":"","overlay-type":"","overlay-color":"","overlay-opacity":"","overlay-gradient":""},"mobile":{"background-color":"","background-image":"","background-repeat":"repeat","background-position":"center center","background-size":"auto","background-attachment":"scroll","background-type":"","background-media":"","overlay-type":"","overlay-color":"","overlay-opacity":"","overlay-gradient":""}},"ast-content-background-meta":{"desktop":{"background-color":"var(--ast-global-color-5)","background-image":"","background-repeat":"repeat","background-position":"center center","background-size":"auto","background-attachment":"scroll","background-type":"","background-media":"","overlay-type":"","overlay-color":"","overlay-opacity":"","overlay-gradient":""},"tablet":{"background-color":"var(--ast-global-color-5)","background-image":"","background-repeat":"repeat","background-position":"center center","background-size":"auto","background-attachment":"scroll","background-type":"","background-media":"","overlay-type":"","overlay-color":"","overlay-opacity":"","overlay-gradient":""},"mobile":{"background-color":"var(--ast-global-color-5)","background-image":"","background-repeat":"repeat","background-position":"center center","background-size":"auto","background-attachment":"scroll","background-type":"","background-media":"","overlay-type":"","overlay-color":"","overlay-opacity":"","overlay-gradient":""}},"footnotes":""},"class_list":["post-4061","page","type-page","status-publish","hentry"],"jetpack_sharing_enabled":true,"rttpg_featured_image_url":null,"rttpg_author":{"display_name":"Christian Jean Judica\u00eal KYELEM","author_link":"https:\/\/blog.hascorburkina.com\/index.php\/author\/kyelem\/"},"rttpg_comment":0,"rttpg_category":null,"rttpg_excerpt":"Mieux utiliser son \u00e9lectrom\u00e9nager pour faire des \u00e9conomies d&rsquo;\u00e9nergie CONSEIL ET ASTUCE Commencez par bien choisir ! Avant m\u00eame d&rsquo;\u00e9voquer l&rsquo;utilisation des appareils \u00e9lectrom\u00e9nagers, pour faire des \u00e9conomies d&rsquo;\u00e9nergie \u00e0 la maison, lorsque vous renouvelez votre r\u00e9frig\u00e9rateur, votre lave-linge ou encore votre four, pr\u00e9f\u00e9rez un\u00a0appareil \u00e9conome en \u00e9nergie. Pour cela, vous pouvez vous fier \u00e0\u00a0l&rsquo;\u00e9tiquette\u2026","_links":{"self":[{"href":"https:\/\/blog.hascorburkina.com\/index.php\/wp-json\/wp\/v2\/pages\/4061","targetHints":{"allow":["GET"]}}],"collection":[{"href":"https:\/\/blog.hascorburkina.com\/index.php\/wp-json\/wp\/v2\/pages"}],"about":[{"href":"https:\/\/blog.hascorburkina.com\/index.php\/wp-json\/wp\/v2\/types\/page"}],"author":[{"embeddable":true,"href":"https:\/\/blog.hascorburkina.com\/index.php\/wp-json\/wp\/v2\/users\/3"}],"replies":[{"embeddable":true,"href":"https:\/\/blog.hascorburkina.com\/index.php\/wp-json\/wp\/v2\/comments?post=4061"}],"version-history":[{"count":67,"href":"https:\/\/blog.hascorburkina.com\/index.php\/wp-json\/wp\/v2\/pages\/4061\/revisions"}],"predecessor-version":[{"id":4137,"href":"https:\/\/blog.hascorburkina.com\/index.php\/wp-json\/wp\/v2\/pages\/4061\/revisions\/4137"}],"wp:attachment":[{"href":"https:\/\/blog.hascorburkina.com\/index.php\/wp-json\/wp\/v2\/media?parent=4061"}],"curies":[{"name":"wp","href":"https:\/\/api.w.org\/{rel}","templated":true}]}}