{"id":3745,"date":"2023-09-27T10:32:42","date_gmt":"2023-09-27T10:32:42","guid":{"rendered":"https:\/\/blog.hascorburkina.com\/?page_id=3745"},"modified":"2023-09-27T10:36:53","modified_gmt":"2023-09-27T10:36:53","slug":"actualite-53","status":"publish","type":"page","link":"https:\/\/blog.hascorburkina.com\/index.php\/actualite-53\/","title":{"rendered":"actualit\u00e9"},"content":{"rendered":"\t\t<div data-elementor-type=\"wp-page\" data-elementor-id=\"3745\" class=\"elementor elementor-3745\">\n\t\t\t\t\t\t<section class=\"elementor-section elementor-top-section elementor-element elementor-element-fabc714 elementor-section-boxed elementor-section-height-default elementor-section-height-default\" data-id=\"fabc714\" data-element_type=\"section\" data-e-type=\"section\">\n\t\t\t\t\t\t<div class=\"elementor-container elementor-column-gap-default\">\n\t\t\t\t\t<div class=\"elementor-column elementor-col-100 elementor-top-column elementor-element elementor-element-7f473e5\" data-id=\"7f473e5\" data-element_type=\"column\" data-e-type=\"column\">\n\t\t\t<div class=\"elementor-widget-wrap elementor-element-populated\">\n\t\t\t\t\t\t<div class=\"elementor-element elementor-element-16cd692 elementor-widget elementor-widget-heading\" data-id=\"16cd692\" data-element_type=\"widget\" data-e-type=\"widget\" data-widget_type=\"heading.default\">\n\t\t\t\t<div class=\"elementor-widget-container\">\n\t\t\t\t\t<h2 class=\"elementor-heading-title elementor-size-default\"><h1 class=\"entry-title\" style=\"margin-top: 20px;margin-bottom: 10px;font-style: normal;font-weight: 500;font-size: 36px;line-height: 1.1;, Helvetica, Arial, sans-serif;display: block;text-transform: none\">78e session de l\u2019Assembl\u00e9e g\u00e9n\u00e9rale de l\u2019ONU : Le discours du ministre Bassolma Bazi\u00e9 applaudi par des Ouagalais<\/h2>\t\t\t\t<\/div>\n\t\t\t\t<\/div>\n\t\t\t\t\t<\/div>\n\t\t<\/div>\n\t\t\t\t\t<\/div>\n\t\t<\/section>\n\t\t\t\t<section class=\"elementor-section elementor-top-section elementor-element elementor-element-e9edabf elementor-section-content-middle elementor-section-boxed elementor-section-height-default elementor-section-height-default\" data-id=\"e9edabf\" data-element_type=\"section\" data-e-type=\"section\" data-settings=\"{&quot;background_background&quot;:&quot;classic&quot;}\">\n\t\t\t\t\t\t\t<div class=\"elementor-background-overlay\"><\/div>\n\t\t\t\t\t\t\t<div class=\"elementor-container elementor-column-gap-no\">\n\t\t\t\t\t<div class=\"elementor-column elementor-col-50 elementor-top-column elementor-element elementor-element-390e362\" data-id=\"390e362\" data-element_type=\"column\" data-e-type=\"column\">\n\t\t\t<div class=\"elementor-widget-wrap elementor-element-populated\">\n\t\t\t\t\t\t<div class=\"elementor-element elementor-element-8412e0a elementor-widget elementor-widget-image\" data-id=\"8412e0a\" data-element_type=\"widget\" data-e-type=\"widget\" data-widget_type=\"image.default\">\n\t\t\t\t<div class=\"elementor-widget-container\">\n\t\t\t\t\t\t\t\t\t\t\t\t\t\t\t<img fetchpriority=\"high\" decoding=\"async\" width=\"557\" height=\"379\" src=\"https:\/\/blog.hascorburkina.com\/wp-content\/uploads\/2023\/09\/arton124537.jpg\" class=\"attachment-full size-full wp-image-3744\" alt=\"\" srcset=\"https:\/\/blog.hascorburkina.com\/wp-content\/uploads\/2023\/09\/arton124537.jpg 557w, https:\/\/blog.hascorburkina.com\/wp-content\/uploads\/2023\/09\/arton124537-300x204.jpg 300w\" sizes=\"(max-width: 557px) 100vw, 557px\" \/>\t\t\t\t\t\t\t\t\t\t\t\t\t\t\t<\/div>\n\t\t\t\t<\/div>\n\t\t\t\t\t<\/div>\n\t\t<\/div>\n\t\t\t\t<div class=\"elementor-column elementor-col-50 elementor-top-column elementor-element elementor-element-1d96cd4\" data-id=\"1d96cd4\" data-element_type=\"column\" data-e-type=\"column\">\n\t\t\t<div class=\"elementor-widget-wrap elementor-element-populated\">\n\t\t\t\t\t\t<div class=\"elementor-element elementor-element-5f81e38 elementor-widget elementor-widget-text-editor\" data-id=\"5f81e38\" data-element_type=\"widget\" data-e-type=\"widget\" data-widget_type=\"text-editor.default\">\n\t\t\t\t<div class=\"elementor-widget-container\">\n\t\t\t\t\t\t\t\t\t<p><strong>A la tribune des nations-unies, le repr\u00e9sentant du pr\u00e9sident de la transition burkinab\u00e8, le ministre d\u2019Etat, ministre de la fonction publique, Bassolma Bazi\u00e9, a tenu un discours qualifi\u00e9 de langage de v\u00e9rit\u00e9 pour nombre de ses compatriotes. Les Burkinab\u00e8 ont suivi avec int\u00e9r\u00eat ce discours qui aiguise les m\u00e9moires des Africains et des Occidentaux. Le lundi 25 septembre 2023, nous avons promen\u00e9 notre micro pour savoir ce que des Ouagalais en pensent.<\/strong><\/p><div class=\"article_content\"><p><strong>Germain Zongo, secr\u00e9taire g\u00e9n\u00e9ral adjoint de Force ouvri\u00e8re\/Union nationale de syndicats<\/strong><\/p><p><strong>\u00ab\u00a0Il n\u2019y a pas un faux artistique dans ce qui a \u00e9t\u00e9 d\u00e9clar\u00e9\u00a0\u00bb<\/strong><\/p><div class=\"google-auto-placed ap_container\">\u00a0<\/div><\/div>\t\t\t\t\t\t\t\t<\/div>\n\t\t\t\t<\/div>\n\t\t\t\t\t<\/div>\n\t\t<\/div>\n\t\t\t\t\t<\/div>\n\t\t<\/section>\n\t\t\t\t<section class=\"elementor-section elementor-top-section elementor-element elementor-element-caaa69f elementor-section-boxed elementor-section-height-default elementor-section-height-default\" data-id=\"caaa69f\" data-element_type=\"section\" data-e-type=\"section\">\n\t\t\t\t\t\t<div class=\"elementor-container elementor-column-gap-default\">\n\t\t\t\t\t<div class=\"elementor-column elementor-col-100 elementor-top-column elementor-element elementor-element-3caeaee\" data-id=\"3caeaee\" data-element_type=\"column\" data-e-type=\"column\">\n\t\t\t<div class=\"elementor-widget-wrap elementor-element-populated\">\n\t\t\t\t\t\t<div class=\"elementor-element elementor-element-2802e08 elementor-widget elementor-widget-text-editor\" data-id=\"2802e08\" data-element_type=\"widget\" data-e-type=\"widget\" data-widget_type=\"text-editor.default\">\n\t\t\t\t<div class=\"elementor-widget-container\">\n\t\t\t\t\t\t\t\t\t<p>Il \u00e9tait vraiment grand temps qu\u2019on puisse, de mani\u00e8re officielle, donner le point de vue des Burkinab\u00e8. C\u2019est ce que le ministre Bassolma a fait au nom du chef de l\u2019Etat. Le discours \u00e9tait poignant avec \u00e9ventuellement un sens nationaliste, patriote. Tout ce qui a \u00e9t\u00e9 dit va dans le sens de l\u2019am\u00e9lioration \u00e9ventuelle des conditions de vie et de travail du Burkinab\u00e8 d\u2019une part. D\u2019autre part, certaines v\u00e9rit\u00e9s ont \u00e9t\u00e9 dites dans le sens de ramener le colonisateur sur le bon chemin. C\u2019est toute cette mayonnaise r\u00e9unie qui fait que j\u2019appr\u00e9cie le fonds de l\u2019intervention du ministre Bassolma. Que le discours soit en notre faveur ou en notre d\u00e9faveur, nous avons d\u00e9crypt\u00e9 la r\u00e9alit\u00e9. Je suppose qu\u2019en homme responsable et en chef de guerre, le pr\u00e9sident a pris la position judicieuse pour les int\u00e9r\u00eats du Burkina Faso\u00a0\u00bb.<\/p><dl class=\"spip_document_156741 spip_documents spip_documents_center\"><dt><img decoding=\"async\" src=\"https:\/\/lefaso.net\/local\/cache-vignettes\/L600xH336\/1-2934-fd6b3.jpg?1695676768\" alt=\"\" width=\"600\" height=\"336\" \/><\/dt><dd class=\"spip_doc_descriptif\"><i>Germain Zongo, secr\u00e9taire g\u00e9n\u00e9ral adjoint de Force ouvri\u00e8re\/Union nationale de syndicats<\/i><\/dd><\/dl><p><strong>Idrissa Nogo, citoyen burkinab\u00e8<\/strong><\/p><p><strong>\u00ab\u00a0L\u2019Afrique commence \u00e0 \u00eatre peupl\u00e9e des h\u00e9ritiers id\u00e9ologiques de Thomas Sankara\u00a0\u00bb<\/strong><\/p><p>\u00ab\u00a0Le message du ministre de la fonction publique du Burkina Faso \u00e0 la 78e Assembl\u00e9e g\u00e9n\u00e9rale des nations unies est un discours d\u2019un ton d\u2019affranchissement des consciences des peuples africains d\u2019un certain paternalisme condescendant longtemps incarn\u00e9 et cornaqu\u00e9 par l\u2019Occident et ses vassaux tropicalis\u00e9s qui se pr\u00e9sentent sous le lugubre manteau de l\u2019imp\u00e9rialisme. C\u2019est aussi un discours politique d\u2019une teneur f\u00e9d\u00e9rative du r\u00e9veil des \u00e9nergies endog\u00e8nes africaines longtemps assoupies.<\/p><dl class=\"spip_document_156742 spip_documents spip_documents_center\"><dt><img decoding=\"async\" src=\"https:\/\/lefaso.net\/local\/cache-vignettes\/L480xH376\/2-7723-e6d3a.jpg?1695676766\" alt=\"\" width=\"480\" height=\"376\" \/><\/dt><dd class=\"spip_doc_descriptif\"><i>Idrissa Nogo, citoyen burkinab\u00e8<\/i><\/dd><\/dl><p>Cette forte volont\u00e9 d\u2019affirmation de la pr\u00e9sence de cette nouvelle race de dirigeants africains \u00e0 une tribune comme celle de l\u2019Organisation des nations-unies (ONU) et cette r\u00e9appropriation enfin des aspirations exprim\u00e9es de leurs peuples en bouillonnement tirent leur force dans l\u2019air du temps\u00a0: ce n\u00e9o-souverainisme affich\u00e9 teint\u00e9 d\u2019un lyrisme r\u00e9volutionnaire \u00ab\u00a0sankara\u00efs\u00e9\u00a0\u00bb. Et cela fait tache d\u2019huile\u00a0! La preuve\u00a0? Les discours des repr\u00e9sentants du Mali, du Togo et m\u00eame de certains pays non africains en qu\u00eate d\u2019\u00ab\u00a0auto-d\u00e9termination\u00a0\u00bb sont rest\u00e9s dans le m\u00eame registre de \u00ab\u00a0d\u00e9fense en ligne\u00a0\u00bb en la forme et dans le fond.<\/p><p>Certes ces rh\u00e9toriques s\u00e9mantiques enflamm\u00e9es sans flagornerie et sans peinture qui plaisent beaucoup d\u2019ailleurs \u00e0 une certaine jeunesse africaine sont agr\u00e9ables \u00e0 l\u2019oreille mais il faudrait que le regard nouveau que nos dirigeants entendent imposer \u00e0 l\u2019autre, que les chefs d\u2019Etat africains et les peuples africains se l\u2019imposent \u00e0 eux-m\u00eames d\u2019abord. En tous cas, g\u00e9n\u00e9ralement en Afrique francophone, les paroles cens\u00e9es sacr\u00e9es de nos princes (qu\u2019ils violent chaque matin), leurs faits et gestes sont non seulement aux antipodes de leur fonction mais aussi rament \u00e0 contre-courant des aspirations de leurs peuples qu\u2019ils malm\u00e8nent, maltraitent et adoubent au gr\u00e9 de leurs desiderata \u00e9lectoraux. Mais en attendant, il y\u2019a une r\u00e9alit\u00e9 qui s\u2019impose aujourd\u2019hui aux yeux des Africains\u00a0: l\u2019Afrique commence \u00e0 \u00eatre peupl\u00e9e des h\u00e9ritiers id\u00e9ologiques de Thomas Sankara\u00a0\u00bb.<\/p><p><strong>Serge L. Bayala<\/strong><\/p><p><strong>\u00ab\u00a0Le discours du ministre Bassolma a mis la main sur l\u2019orgueil occidental\u00a0\u00bb<\/strong><\/p><p>\u00ab\u00a0Je pense que c\u2019est un discours historique \u00e0 la suite de celui que Thomas Sankara a livr\u00e9 \u00e0 la m\u00eame tribune. On note que c\u2019est trait pour trait le m\u00eame courage, le m\u00eame caract\u00e8re d\u00e9complex\u00e9, la m\u00eame capacit\u00e9 de d\u00e9crire les choses et surtout de les \u00e9noncer avec une certaine force oratoire ou une certaine force rh\u00e9torique empreint d\u2019\u00e9motions sinc\u00e8res pour chacun. Pour ma part, je qualifie cela d\u2019un chef-d\u2019\u0153uvre pour la puissance de la pens\u00e9e et le courage de nommer les choses.<\/p><p>On pourrait simplement dire que ce discours a mis la main sur l\u2019orgueil occidental, l\u2019incoh\u00e9rence des institutions de Bretton Woods en commen\u00e7ant par l\u2019ONU elle-m\u00eame quant \u00e0 son incapacit\u00e9 \u00e0 \u00eatre une institution \u00e0 \u00e9quidistance de ses membres, \u00e0 se faire passer pour une institution sous sellette de certaines puissances qui la manipule \u00e0 souhait. Ce discours a permis de mettre \u00e0 nu les deux-poids deux-mesures quand des puissances viennent clamer chez nous les r\u00e8gles de la d\u00e9mocratie, de la bonne gouvernance, des droits humains et qu\u2019ils ne respectent ni chez-eux ni avec nous&#8230; c\u2019est une trag\u00e9die que l\u2019Afrique qui repr\u00e9sente \u00e0 elle seule un potentiel de population, des richesses du monde et de territoire puisse \u00eatre absente. Quelle est la r\u00e8gle d\u2019\u00e9galit\u00e9 qui est respect\u00e9e ici\u00a0?<\/p><dl class=\"spip_document_156743 spip_documents spip_documents_center\"><dt><img loading=\"lazy\" decoding=\"async\" src=\"https:\/\/lefaso.net\/local\/cache-vignettes\/L600xH397\/3-6681-c0b85.jpg?1695676768\" alt=\"\" width=\"600\" height=\"397\" \/><\/dt><dd class=\"spip_doc_descriptif\"><i>Serge L. Bayala<\/i><\/dd><\/dl><p>Le ministre Bassolma a aussi d\u00e9peint l\u2019habitude de certaines puissances vis-\u00e0-vis des pays africains qui sont toujours caract\u00e9ris\u00e9s par un paternalisme frontal et agressif. (&#8230;) Quand des scandales de corruption explosent, l\u2019ONU ne dit presque rien\u00a0; quand on regarde la crise s\u00e9curitaire qui a d\u00e9but\u00e9 au Sahel, on observe que l\u2019ONU a refus\u00e9 de mettre cette zone sous le chapitre 11 qui permet de lever des fonds et de doter les Etats des moyens n\u00e9cessaires pour assurer leur souverainet\u00e9. \u00c7a peut-\u00eatre des moyens financiers, des moyens logistiques. A contrario qu\u2019est-ce qu\u2019on a observ\u00e9\u00a0?<\/p><p>Non seulement le Burkina Faso, le Mali, le Niger ne sont pas mis sous ce chapitre de l\u2019ONU mais des pays membres de l\u2019ONU bloquent les armes qui sont achet\u00e9es. C\u2019est comme s\u2019il y a un complot tacite pour faire dispara\u00eetre les pays du Sahel. Par contre quand, il s\u2019agit de territoire \u00ab\u00a0blanc\u00a0\u00bb ou des Occidentaux qui sont menac\u00e9s, l\u00e0 on voit l\u2019ONU qui a \u00e9t\u00e9 absente sur la crise djihadistes au Sahel, se r\u00e9veiller et lever des fonds avec lesquels on inonde l\u2019Ukraine\u00a0; cr\u00e9e des couloirs de transferts d\u2019armes strat\u00e9giques pour permettre \u00e0 l\u2019Ukraine de tenir. Il y a une hi\u00e9rarchie de la dignit\u00e9 humaine. Quand on est noir la dignit\u00e9 humaine ne vaut rien. Quand on est blanc, c\u2019est une dignit\u00e9 qui m\u00e9rite d\u2019\u00eatre secourue par tout le monde\u00a0\u00bb.<\/p><p><strong>Paul Bonkoungou, conseiller en GRH au minist\u00e8re de la Fonction publique<\/strong><\/p><p><strong>\u00ab\u00a0L\u2019Afrique doit travailler \u00e0 sortir notre pays du joug colonial\u00a0\u00bb<\/strong><\/p><p>\u00ab\u00a0Le ministre d\u2019Etat s\u2019est tr\u00e8s bien d\u00e9fendu \u00e0 la tribune de l\u2019ONU. Nous avons besoin de ce genre de personnes pour redorer le blason de l\u2019Afrique. L\u2019imp\u00e9rialisme travaille \u00e0 maintenir les Africains dans la d\u00e9pendance. De nos jours, l\u2019Afrique travaille \u00e0 s\u2019affranchir. Cela a aussi un prix. Mais il faut oser, avoir le courage\u00a0\u00bb.<\/p><dl class=\"spip_document_156744 spip_documents spip_documents_center\"><dt><img loading=\"lazy\" decoding=\"async\" src=\"https:\/\/lefaso.net\/local\/cache-vignettes\/L600xH336\/4-4503-7ca4e.jpg?1695676768\" alt=\"\" width=\"600\" height=\"336\" \/><\/dt><dd class=\"spip_doc_descriptif\"><i>Paul Bonkoungou, conseiller en GRH au minist\u00e8re de la Fonction publique<\/i><\/dd><\/dl><p><strong>Adama Ou\u00e9draogo, membre du Comit\u00e9 d\u2019analyse et de recherche syndicale<\/strong><\/p><p><strong>\u00ab\u00a0C\u2019est un discours r\u00e9volutionnaire\u00a0\u00bb<\/strong><\/p><p>\u00ab\u00a0L\u2019intervention du ministre d\u2019Etat \u00e9tait tr\u00e8s riche. Le contenu interpelle plus d\u2019une personne dans le monde entier, en particulier de l\u2019Afrique. C\u2019est un discours r\u00e9volutionnaire. On a senti que c\u2019est un Sankara qui \u00e9tait \u00e0 la tribune. Quand \u00e7a ne va pas, il faut le dire haut et fort m\u00eame si \u00e7a d\u00e9range. C\u2019\u00e9tait une sortie honorable pour le Burkina Faso\u00a0\u00bb.<\/p><p><strong>A\u00efssata Laure G. Sidib\u00e9<\/strong><\/p>\t\t\t\t\t\t\t\t<\/div>\n\t\t\t\t<\/div>\n\t\t\t\t\t<\/div>\n\t\t<\/div>\n\t\t\t\t\t<\/div>\n\t\t<\/section>\n\t\t\t\t<\/div>\n\t\t","protected":false},"excerpt":{"rendered":"<p>78e session de l\u2019Assembl\u00e9e g\u00e9n\u00e9rale de l\u2019ONU : Le discours du ministre Bassolma Bazi\u00e9 applaudi par des Ouagalais A la tribune des nations-unies, le repr\u00e9sentant du pr\u00e9sident de la transition burkinab\u00e8, le ministre d\u2019Etat, ministre de la fonction publique, Bassolma Bazi\u00e9, a tenu un discours qualifi\u00e9 de langage de v\u00e9rit\u00e9 pour nombre de ses compatriotes. [&hellip;]<\/p>\n","protected":false},"author":2,"featured_media":0,"parent":0,"menu_order":0,"comment_status":"closed","ping_status":"closed","template":"","meta":{"site-sidebar-layout":"no-sidebar","site-content-layout":"page-builder","ast-site-content-layout":"default","site-content-style":"default","site-sidebar-style":"default","ast-global-header-display":"","ast-banner-title-visibility":"","ast-main-header-display":"","ast-hfb-above-header-display":"","ast-hfb-below-header-display":"","ast-hfb-mobile-header-display":"","site-post-title":"disabled","ast-breadcrumbs-content":"","ast-featured-img":"disabled","footer-sml-layout":"","theme-transparent-header-meta":"","adv-header-id-meta":"","stick-header-meta":"","header-above-stick-meta":"","header-main-stick-meta":"","header-below-stick-meta":"","astra-migrate-meta-layouts":"default","ast-page-background-enabled":"default","ast-page-background-meta":{"desktop":{"background-color":"","background-image":"","background-repeat":"repeat","background-position":"center center","background-size":"auto","background-attachment":"scroll","background-type":"","background-media":"","overlay-type":"","overlay-color":"","overlay-opacity":"","overlay-gradient":""},"tablet":{"background-color":"","background-image":"","background-repeat":"repeat","background-position":"center center","background-size":"auto","background-attachment":"scroll","background-type":"","background-media":"","overlay-type":"","overlay-color":"","overlay-opacity":"","overlay-gradient":""},"mobile":{"background-color":"","background-image":"","background-repeat":"repeat","background-position":"center center","background-size":"auto","background-attachment":"scroll","background-type":"","background-media":"","overlay-type":"","overlay-color":"","overlay-opacity":"","overlay-gradient":""}},"ast-content-background-meta":{"desktop":{"background-color":"var(--ast-global-color-5)","background-image":"","background-repeat":"repeat","background-position":"center center","background-size":"auto","background-attachment":"scroll","background-type":"","background-media":"","overlay-type":"","overlay-color":"","overlay-opacity":"","overlay-gradient":""},"tablet":{"background-color":"var(--ast-global-color-5)","background-image":"","background-repeat":"repeat","background-position":"center center","background-size":"auto","background-attachment":"scroll","background-type":"","background-media":"","overlay-type":"","overlay-color":"","overlay-opacity":"","overlay-gradient":""},"mobile":{"background-color":"var(--ast-global-color-5)","background-image":"","background-repeat":"repeat","background-position":"center center","background-size":"auto","background-attachment":"scroll","background-type":"","background-media":"","overlay-type":"","overlay-color":"","overlay-opacity":"","overlay-gradient":""}},"footnotes":""},"class_list":["post-3745","page","type-page","status-publish","hentry"],"jetpack_sharing_enabled":true,"rttpg_featured_image_url":null,"rttpg_author":{"display_name":"Hascor Burkina","author_link":"https:\/\/blog.hascorburkina.com\/index.php\/author\/hascorblog\/"},"rttpg_comment":0,"rttpg_category":null,"rttpg_excerpt":"78e session de l\u2019Assembl\u00e9e g\u00e9n\u00e9rale de l\u2019ONU : Le discours du ministre Bassolma Bazi\u00e9 applaudi par des Ouagalais A la tribune des nations-unies, le repr\u00e9sentant du pr\u00e9sident de la transition burkinab\u00e8, le ministre d\u2019Etat, ministre de la fonction publique, Bassolma Bazi\u00e9, a tenu un discours qualifi\u00e9 de langage de v\u00e9rit\u00e9 pour nombre de ses compatriotes.\u2026","_links":{"self":[{"href":"https:\/\/blog.hascorburkina.com\/index.php\/wp-json\/wp\/v2\/pages\/3745","targetHints":{"allow":["GET"]}}],"collection":[{"href":"https:\/\/blog.hascorburkina.com\/index.php\/wp-json\/wp\/v2\/pages"}],"about":[{"href":"https:\/\/blog.hascorburkina.com\/index.php\/wp-json\/wp\/v2\/types\/page"}],"author":[{"embeddable":true,"href":"https:\/\/blog.hascorburkina.com\/index.php\/wp-json\/wp\/v2\/users\/2"}],"replies":[{"embeddable":true,"href":"https:\/\/blog.hascorburkina.com\/index.php\/wp-json\/wp\/v2\/comments?post=3745"}],"version-history":[{"count":4,"href":"https:\/\/blog.hascorburkina.com\/index.php\/wp-json\/wp\/v2\/pages\/3745\/revisions"}],"predecessor-version":[{"id":3750,"href":"https:\/\/blog.hascorburkina.com\/index.php\/wp-json\/wp\/v2\/pages\/3745\/revisions\/3750"}],"wp:attachment":[{"href":"https:\/\/blog.hascorburkina.com\/index.php\/wp-json\/wp\/v2\/media?parent=3745"}],"curies":[{"name":"wp","href":"https:\/\/api.w.org\/{rel}","templated":true}]}}