{"id":3730,"date":"2023-09-27T09:56:02","date_gmt":"2023-09-27T09:56:02","guid":{"rendered":"https:\/\/blog.hascorburkina.com\/?page_id=3730"},"modified":"2023-09-27T09:59:27","modified_gmt":"2023-09-27T09:59:27","slug":"actualite-51","status":"publish","type":"page","link":"https:\/\/blog.hascorburkina.com\/index.php\/actualite-51\/","title":{"rendered":"actualit\u00e9"},"content":{"rendered":"\t\t<div data-elementor-type=\"wp-page\" data-elementor-id=\"3730\" class=\"elementor elementor-3730\">\n\t\t\t\t\t\t<section class=\"elementor-section elementor-top-section elementor-element elementor-element-d51d774 elementor-section-boxed elementor-section-height-default elementor-section-height-default\" data-id=\"d51d774\" data-element_type=\"section\" data-e-type=\"section\">\n\t\t\t\t\t\t<div class=\"elementor-container elementor-column-gap-default\">\n\t\t\t\t\t<div class=\"elementor-column elementor-col-100 elementor-top-column elementor-element elementor-element-0ef1c80\" data-id=\"0ef1c80\" data-element_type=\"column\" data-e-type=\"column\">\n\t\t\t<div class=\"elementor-widget-wrap elementor-element-populated\">\n\t\t\t\t\t\t<div class=\"elementor-element elementor-element-93d53a9 elementor-widget elementor-widget-heading\" data-id=\"93d53a9\" data-element_type=\"widget\" data-e-type=\"widget\" data-widget_type=\"heading.default\">\n\t\t\t\t<div class=\"elementor-widget-container\">\n\t\t\t\t\t<h2 class=\"elementor-heading-title elementor-size-default\"><h1 class=\"entry-title\" style=\"margin-top: 20px;margin-bottom: 10px;font-style: normal;font-weight: 500;font-size: 36px;line-height: 1.1;, Helvetica, Arial, sans-serif;display: block;text-transform: none\">Burkina : une rumeur de coup d\u2019\u00e9tat suscite des manifestations \u00e0 ouagadougou<\/h2>\t\t\t\t<\/div>\n\t\t\t\t<\/div>\n\t\t\t\t\t<\/div>\n\t\t<\/div>\n\t\t\t\t\t<\/div>\n\t\t<\/section>\n\t\t\t\t<section class=\"elementor-section elementor-top-section elementor-element elementor-element-7cc3bd9 elementor-section-content-middle elementor-section-boxed elementor-section-height-default elementor-section-height-default\" data-id=\"7cc3bd9\" data-element_type=\"section\" data-e-type=\"section\" data-settings=\"{&quot;background_background&quot;:&quot;classic&quot;}\">\n\t\t\t\t\t\t\t<div class=\"elementor-background-overlay\"><\/div>\n\t\t\t\t\t\t\t<div class=\"elementor-container elementor-column-gap-no\">\n\t\t\t\t\t<div class=\"elementor-column elementor-col-50 elementor-top-column elementor-element elementor-element-18be848\" data-id=\"18be848\" data-element_type=\"column\" data-e-type=\"column\">\n\t\t\t<div class=\"elementor-widget-wrap elementor-element-populated\">\n\t\t\t\t\t\t<div class=\"elementor-element elementor-element-b47659a elementor-widget elementor-widget-image\" data-id=\"b47659a\" data-element_type=\"widget\" data-e-type=\"widget\" data-widget_type=\"image.default\">\n\t\t\t\t<div class=\"elementor-widget-container\">\n\t\t\t\t\t\t\t\t\t\t\t\t\t\t\t<img fetchpriority=\"high\" decoding=\"async\" width=\"720\" height=\"399\" src=\"https:\/\/blog.hascorburkina.com\/wp-content\/uploads\/2023\/09\/Mobilisation-a-Ouagadougou-rumeurs-de-coup-dEtat-26-septembre-2023-696x385-1.jpeg\" class=\"attachment-full size-full wp-image-3729\" alt=\"\" srcset=\"https:\/\/blog.hascorburkina.com\/wp-content\/uploads\/2023\/09\/Mobilisation-a-Ouagadougou-rumeurs-de-coup-dEtat-26-septembre-2023-696x385-1.jpeg 720w, https:\/\/blog.hascorburkina.com\/wp-content\/uploads\/2023\/09\/Mobilisation-a-Ouagadougou-rumeurs-de-coup-dEtat-26-septembre-2023-696x385-1-600x333.jpeg 600w, https:\/\/blog.hascorburkina.com\/wp-content\/uploads\/2023\/09\/Mobilisation-a-Ouagadougou-rumeurs-de-coup-dEtat-26-septembre-2023-696x385-1-300x166.jpeg 300w\" sizes=\"(max-width: 720px) 100vw, 720px\" \/>\t\t\t\t\t\t\t\t\t\t\t\t\t\t\t<\/div>\n\t\t\t\t<\/div>\n\t\t\t\t\t<\/div>\n\t\t<\/div>\n\t\t\t\t<div class=\"elementor-column elementor-col-50 elementor-top-column elementor-element elementor-element-fe8034a\" data-id=\"fe8034a\" data-element_type=\"column\" data-e-type=\"column\">\n\t\t\t<div class=\"elementor-widget-wrap elementor-element-populated\">\n\t\t\t\t\t\t<div class=\"elementor-element elementor-element-8709339 elementor-widget elementor-widget-text-editor\" data-id=\"8709339\" data-element_type=\"widget\" data-e-type=\"widget\" data-widget_type=\"text-editor.default\">\n\t\t\t\t<div class=\"elementor-widget-container\">\n\t\t\t\t\t\t\t\t\t<p>Tout est parti de publications de certains activistes d\u00e9non\u00e7ant des vell\u00e9it\u00e9s de coups d\u2019\u00e9tat contre le capitaine Ibrahim Traor\u00e9. Les alertes qui ont commenc\u00e9 aux environs de 19h, ce 26 septembre 2023, se sont multipli\u00e9es, suscitant ainsi une mobilisation de manifestants \u00e0 la place de nation pour disent-ils, faire barrage au coup d\u2019\u00c9tat contre celui-l\u00e0 qu\u2019ils appellent le \u00ab sauveur du Burkina Faso \u00bb.<br \/><br \/>Ce n\u2019est pas la premi\u00e8re fois de voir ce type d\u2019attroupement pour les m\u00eames raisons. A chaque fois que des rumeurs d\u2019une tentative de putsch ont circul\u00e9, les soutiens du pr\u00e9sident de la Transition se mobilisent spontan\u00e9ment pour faire barrage.<br \/><br \/>Pour l\u2019alerte de ce soir, plusieurs manifestants se sont retrouv\u00e9s au centre ville de la capitale pour apporter leur soutien au capitaine Ibrahim Traor\u00e9. Au moment o\u00f9 nous tracions ces lignes nous apprenions que des manifestations ont \u00e9galement eu lieu \u00e0 Kaya et Bobo Dioulasso.<br \/><br \/><br \/><\/p>\t\t\t\t\t\t\t\t<\/div>\n\t\t\t\t<\/div>\n\t\t\t\t\t<\/div>\n\t\t<\/div>\n\t\t\t\t\t<\/div>\n\t\t<\/section>\n\t\t\t\t<section class=\"elementor-section elementor-top-section elementor-element elementor-element-152160c elementor-section-boxed elementor-section-height-default elementor-section-height-default\" data-id=\"152160c\" data-element_type=\"section\" data-e-type=\"section\">\n\t\t\t\t\t\t<div class=\"elementor-container elementor-column-gap-default\">\n\t\t\t\t\t<div class=\"elementor-column elementor-col-100 elementor-top-column elementor-element elementor-element-44ef9dd\" data-id=\"44ef9dd\" data-element_type=\"column\" data-e-type=\"column\">\n\t\t\t<div class=\"elementor-widget-wrap elementor-element-populated\">\n\t\t\t\t\t\t<div class=\"elementor-element elementor-element-7bf2a0f elementor-widget elementor-widget-text-editor\" data-id=\"7bf2a0f\" data-element_type=\"widget\" data-e-type=\"widget\" data-widget_type=\"text-editor.default\">\n\t\t\t\t<div class=\"elementor-widget-container\">\n\t\t\t\t\t\t\t\t\t<p>Il convient de signaler que ces derni\u00e8res semaines, le ministre en charge de l\u2019administration territoriale a fait cas de la pr\u00e9sence de personnes \u00e9trang\u00e8res au Burkina Faso, dans le but de d\u00e9stabiliser la Transition. Apr\u00e8s ce communiqu\u00e9, c\u2019est la justice militaire qui sortait une note mettant en cause des militaires, dont 3 arr\u00eat\u00e9s pour tentative de d\u00e9stabilisation.<\/p>\t\t\t\t\t\t\t\t<\/div>\n\t\t\t\t<\/div>\n\t\t\t\t\t<\/div>\n\t\t<\/div>\n\t\t\t\t\t<\/div>\n\t\t<\/section>\n\t\t\t\t<\/div>\n\t\t","protected":false},"excerpt":{"rendered":"<p>Burkina : une rumeur de coup d\u2019\u00e9tat suscite des manifestations \u00e0 ouagadougou Tout est parti de publications de certains activistes d\u00e9non\u00e7ant des vell\u00e9it\u00e9s de coups d\u2019\u00e9tat contre le capitaine Ibrahim Traor\u00e9. Les alertes qui ont commenc\u00e9 aux environs de 19h, ce 26 septembre 2023, se sont multipli\u00e9es, suscitant ainsi une mobilisation de manifestants \u00e0 la [&hellip;]<\/p>\n","protected":false},"author":2,"featured_media":0,"parent":0,"menu_order":0,"comment_status":"closed","ping_status":"closed","template":"","meta":{"site-sidebar-layout":"no-sidebar","site-content-layout":"page-builder","ast-site-content-layout":"default","site-content-style":"default","site-sidebar-style":"default","ast-global-header-display":"","ast-banner-title-visibility":"","ast-main-header-display":"","ast-hfb-above-header-display":"","ast-hfb-below-header-display":"","ast-hfb-mobile-header-display":"","site-post-title":"disabled","ast-breadcrumbs-content":"","ast-featured-img":"disabled","footer-sml-layout":"","theme-transparent-header-meta":"","adv-header-id-meta":"","stick-header-meta":"","header-above-stick-meta":"","header-main-stick-meta":"","header-below-stick-meta":"","astra-migrate-meta-layouts":"default","ast-page-background-enabled":"default","ast-page-background-meta":{"desktop":{"background-color":"","background-image":"","background-repeat":"repeat","background-position":"center center","background-size":"auto","background-attachment":"scroll","background-type":"","background-media":"","overlay-type":"","overlay-color":"","overlay-opacity":"","overlay-gradient":""},"tablet":{"background-color":"","background-image":"","background-repeat":"repeat","background-position":"center center","background-size":"auto","background-attachment":"scroll","background-type":"","background-media":"","overlay-type":"","overlay-color":"","overlay-opacity":"","overlay-gradient":""},"mobile":{"background-color":"","background-image":"","background-repeat":"repeat","background-position":"center center","background-size":"auto","background-attachment":"scroll","background-type":"","background-media":"","overlay-type":"","overlay-color":"","overlay-opacity":"","overlay-gradient":""}},"ast-content-background-meta":{"desktop":{"background-color":"var(--ast-global-color-5)","background-image":"","background-repeat":"repeat","background-position":"center center","background-size":"auto","background-attachment":"scroll","background-type":"","background-media":"","overlay-type":"","overlay-color":"","overlay-opacity":"","overlay-gradient":""},"tablet":{"background-color":"var(--ast-global-color-5)","background-image":"","background-repeat":"repeat","background-position":"center center","background-size":"auto","background-attachment":"scroll","background-type":"","background-media":"","overlay-type":"","overlay-color":"","overlay-opacity":"","overlay-gradient":""},"mobile":{"background-color":"var(--ast-global-color-5)","background-image":"","background-repeat":"repeat","background-position":"center center","background-size":"auto","background-attachment":"scroll","background-type":"","background-media":"","overlay-type":"","overlay-color":"","overlay-opacity":"","overlay-gradient":""}},"footnotes":""},"class_list":["post-3730","page","type-page","status-publish","hentry"],"jetpack_sharing_enabled":true,"rttpg_featured_image_url":null,"rttpg_author":{"display_name":"Hascor Burkina","author_link":"https:\/\/blog.hascorburkina.com\/index.php\/author\/hascorblog\/"},"rttpg_comment":0,"rttpg_category":null,"rttpg_excerpt":"Burkina : une rumeur de coup d\u2019\u00e9tat suscite des manifestations \u00e0 ouagadougou Tout est parti de publications de certains activistes d\u00e9non\u00e7ant des vell\u00e9it\u00e9s de coups d\u2019\u00e9tat contre le capitaine Ibrahim Traor\u00e9. Les alertes qui ont commenc\u00e9 aux environs de 19h, ce 26 septembre 2023, se sont multipli\u00e9es, suscitant ainsi une mobilisation de manifestants \u00e0 la\u2026","_links":{"self":[{"href":"https:\/\/blog.hascorburkina.com\/index.php\/wp-json\/wp\/v2\/pages\/3730","targetHints":{"allow":["GET"]}}],"collection":[{"href":"https:\/\/blog.hascorburkina.com\/index.php\/wp-json\/wp\/v2\/pages"}],"about":[{"href":"https:\/\/blog.hascorburkina.com\/index.php\/wp-json\/wp\/v2\/types\/page"}],"author":[{"embeddable":true,"href":"https:\/\/blog.hascorburkina.com\/index.php\/wp-json\/wp\/v2\/users\/2"}],"replies":[{"embeddable":true,"href":"https:\/\/blog.hascorburkina.com\/index.php\/wp-json\/wp\/v2\/comments?post=3730"}],"version-history":[{"count":4,"href":"https:\/\/blog.hascorburkina.com\/index.php\/wp-json\/wp\/v2\/pages\/3730\/revisions"}],"predecessor-version":[{"id":3736,"href":"https:\/\/blog.hascorburkina.com\/index.php\/wp-json\/wp\/v2\/pages\/3730\/revisions\/3736"}],"wp:attachment":[{"href":"https:\/\/blog.hascorburkina.com\/index.php\/wp-json\/wp\/v2\/media?parent=3730"}],"curies":[{"name":"wp","href":"https:\/\/api.w.org\/{rel}","templated":true}]}}