{"id":3691,"date":"2023-09-14T12:38:44","date_gmt":"2023-09-14T12:38:44","guid":{"rendered":"https:\/\/blog.hascorburkina.com\/?page_id=3691"},"modified":"2023-09-14T12:40:54","modified_gmt":"2023-09-14T12:40:54","slug":"actualite-47","status":"publish","type":"page","link":"https:\/\/blog.hascorburkina.com\/index.php\/actualite-47\/","title":{"rendered":"actualit\u00e9"},"content":{"rendered":"\t\t<div data-elementor-type=\"wp-page\" data-elementor-id=\"3691\" class=\"elementor elementor-3691\">\n\t\t\t\t\t\t<section class=\"elementor-section elementor-top-section elementor-element elementor-element-7877d08 elementor-section-boxed elementor-section-height-default elementor-section-height-default\" data-id=\"7877d08\" data-element_type=\"section\" data-e-type=\"section\">\n\t\t\t\t\t\t<div class=\"elementor-container elementor-column-gap-default\">\n\t\t\t\t\t<div class=\"elementor-column elementor-col-100 elementor-top-column elementor-element elementor-element-a792f1a\" data-id=\"a792f1a\" data-element_type=\"column\" data-e-type=\"column\">\n\t\t\t<div class=\"elementor-widget-wrap elementor-element-populated\">\n\t\t\t\t\t\t<div class=\"elementor-element elementor-element-a7021ef elementor-widget elementor-widget-heading\" data-id=\"a7021ef\" data-element_type=\"widget\" data-e-type=\"widget\" data-widget_type=\"heading.default\">\n\t\t\t\t<div class=\"elementor-widget-container\">\n\t\t\t\t\t<h2 class=\"elementor-heading-title elementor-size-default\"><h1 class=\"entry-title\" style=\"margin-top: 20px;margin-bottom: 10px;font-style: normal;font-weight: 500;font-size: 36px;line-height: 1.1;, Helvetica, Arial, sans-serif;display: block;text-transform: none\">Burkina\/Justice : L\u2019affaire minist\u00e8re des Finances contre le journal Le Reporter renvoy\u00e9e au 21 septembre 2023\n<\/h2>\t\t\t\t<\/div>\n\t\t\t\t<\/div>\n\t\t\t\t\t<\/div>\n\t\t<\/div>\n\t\t\t\t\t<\/div>\n\t\t<\/section>\n\t\t\t\t<section class=\"elementor-section elementor-top-section elementor-element elementor-element-1057a5d elementor-section-content-middle elementor-section-boxed elementor-section-height-default elementor-section-height-default\" data-id=\"1057a5d\" data-element_type=\"section\" data-e-type=\"section\" data-settings=\"{&quot;background_background&quot;:&quot;classic&quot;}\">\n\t\t\t\t\t\t\t<div class=\"elementor-background-overlay\"><\/div>\n\t\t\t\t\t\t\t<div class=\"elementor-container elementor-column-gap-no\">\n\t\t\t\t\t<div class=\"elementor-column elementor-col-50 elementor-top-column elementor-element elementor-element-e6b27b5\" data-id=\"e6b27b5\" data-element_type=\"column\" data-e-type=\"column\">\n\t\t\t<div class=\"elementor-widget-wrap elementor-element-populated\">\n\t\t\t\t\t\t<div class=\"elementor-element elementor-element-af7f26b elementor-widget elementor-widget-image\" data-id=\"af7f26b\" data-element_type=\"widget\" data-e-type=\"widget\" data-widget_type=\"image.default\">\n\t\t\t\t<div class=\"elementor-widget-container\">\n\t\t\t\t\t\t\t\t\t\t\t\t\t\t\t<img fetchpriority=\"high\" decoding=\"async\" width=\"650\" height=\"433\" src=\"https:\/\/blog.hascorburkina.com\/wp-content\/uploads\/2023\/09\/arton124285.jpg\" class=\"attachment-full size-full wp-image-3690\" alt=\"\" srcset=\"https:\/\/blog.hascorburkina.com\/wp-content\/uploads\/2023\/09\/arton124285.jpg 650w, https:\/\/blog.hascorburkina.com\/wp-content\/uploads\/2023\/09\/arton124285-600x400.jpg 600w, https:\/\/blog.hascorburkina.com\/wp-content\/uploads\/2023\/09\/arton124285-300x200.jpg 300w\" sizes=\"(max-width: 650px) 100vw, 650px\" \/>\t\t\t\t\t\t\t\t\t\t\t\t\t\t\t<\/div>\n\t\t\t\t<\/div>\n\t\t\t\t\t<\/div>\n\t\t<\/div>\n\t\t\t\t<div class=\"elementor-column elementor-col-50 elementor-top-column elementor-element elementor-element-73da667\" data-id=\"73da667\" data-element_type=\"column\" data-e-type=\"column\">\n\t\t\t<div class=\"elementor-widget-wrap elementor-element-populated\">\n\t\t\t\t\t\t<div class=\"elementor-element elementor-element-c7b3dc3 elementor-widget elementor-widget-text-editor\" data-id=\"c7b3dc3\" data-element_type=\"widget\" data-e-type=\"widget\" data-widget_type=\"text-editor.default\">\n\t\t\t\t<div class=\"elementor-widget-container\">\n\t\t\t\t\t\t\t\t\t<p><strong>Le proc\u00e8s en diffamation Ministre des finances contre le journal Le Reporter est ouvert ce jeudi 14 septembre 2023 au Tribunal de grande instance (TGI) Ouaga II.<\/strong><\/p><div class=\"article_content\"><p>Aussit\u00f4t ouverte, l\u2019audience est renvoy\u00e9e au 21 septembre 2023 \u00e0 cause d\u2019une pi\u00e8ce qui a un lien avec le dossier.<\/p><p>Le ministre de l\u2019\u00c9conomie, des Finances et de la Prospective, Aboubakar Nacanabo, a est\u00e9 en justice contre le bimensuel burkinab\u00e8 d\u2019enqu\u00eates et de reportages, Le Reporter, pour \u00ab\u00a0diffamation et complicit\u00e9 de diffamation\u00a0\u00bb suite \u00e0 un article paru dans son N\u00b0360 du 15 au 30 juin 2023 sous le titre\u00a0: \u00ab\u00a0Finances publiques\u00a0: Le ministre des Finances, les DG et les milliards de FCFA d\u2019Essakane\u00a0\u00bb.<\/p><\/div>\t\t\t\t\t\t\t\t<\/div>\n\t\t\t\t<\/div>\n\t\t\t\t\t<\/div>\n\t\t<\/div>\n\t\t\t\t\t<\/div>\n\t\t<\/section>\n\t\t\t\t<section class=\"elementor-section elementor-top-section elementor-element elementor-element-d4fd944 elementor-section-boxed elementor-section-height-default elementor-section-height-default\" data-id=\"d4fd944\" data-element_type=\"section\" data-e-type=\"section\">\n\t\t\t\t\t\t<div class=\"elementor-container elementor-column-gap-default\">\n\t\t\t\t\t<div class=\"elementor-column elementor-col-100 elementor-top-column elementor-element elementor-element-ea1e779\" data-id=\"ea1e779\" data-element_type=\"column\" data-e-type=\"column\">\n\t\t\t<div class=\"elementor-widget-wrap elementor-element-populated\">\n\t\t\t\t\t\t<div class=\"elementor-element elementor-element-7e71fa4 elementor-widget elementor-widget-text-editor\" data-id=\"7e71fa4\" data-element_type=\"widget\" data-e-type=\"widget\" data-widget_type=\"text-editor.default\">\n\t\t\t\t<div class=\"elementor-widget-container\">\n\t\t\t\t\t\t\t\t\t<p>Il se trouve que les personnes cit\u00e9es par le journal d\u2019investigation ont fait l\u2019objet d\u2019une enqu\u00eate de l\u2019Autorit\u00e9 sup\u00e9rieure de contr\u00f4le l\u2019\u00c9tat et de lutte contre la corruption (ASCE-LC) et qu\u2019un rapport a \u00e9t\u00e9 produit. A la barre ce jeudi 14 septembre 2023, la d\u00e9fense a notifi\u00e9 que c\u2019est n\u00e9cessaire, avant que le tribunal ne puisse d\u00e9cider, de prendre connaissance des \u00e9l\u00e9ments contenus dans ce rapport. Cela va permettre de \u00ab\u00a0confronter les \u00e9crits du journal\u00a0\u00bb, a indiqu\u00e9 Me Adama Kagon\u00e9.<\/p><p>L\u2019audience est renvoy\u00e9e au jeudi 21 septembre 2023 afin d\u2019obtenir ledit document. Selon le tribunal, il s\u2019agit d\u2019un renvoi ferme. Autrement dit, l\u2019affaire sera jug\u00e9e \u00e0 la date communiqu\u00e9e.<\/p>\t\t\t\t\t\t\t\t<\/div>\n\t\t\t\t<\/div>\n\t\t\t\t\t<\/div>\n\t\t<\/div>\n\t\t\t\t\t<\/div>\n\t\t<\/section>\n\t\t\t\t<\/div>\n\t\t","protected":false},"excerpt":{"rendered":"<p>Burkina\/Justice : L\u2019affaire minist\u00e8re des Finances contre le journal Le Reporter renvoy\u00e9e au 21 septembre 2023 Le proc\u00e8s en diffamation Ministre des finances contre le journal Le Reporter est ouvert ce jeudi 14 septembre 2023 au Tribunal de grande instance (TGI) Ouaga II. Aussit\u00f4t ouverte, l\u2019audience est renvoy\u00e9e au 21 septembre 2023 \u00e0 cause d\u2019une [&hellip;]<\/p>\n","protected":false},"author":2,"featured_media":0,"parent":0,"menu_order":0,"comment_status":"closed","ping_status":"closed","template":"","meta":{"site-sidebar-layout":"no-sidebar","site-content-layout":"page-builder","ast-site-content-layout":"default","site-content-style":"default","site-sidebar-style":"default","ast-global-header-display":"","ast-banner-title-visibility":"","ast-main-header-display":"","ast-hfb-above-header-display":"","ast-hfb-below-header-display":"","ast-hfb-mobile-header-display":"","site-post-title":"disabled","ast-breadcrumbs-content":"","ast-featured-img":"disabled","footer-sml-layout":"","theme-transparent-header-meta":"","adv-header-id-meta":"","stick-header-meta":"","header-above-stick-meta":"","header-main-stick-meta":"","header-below-stick-meta":"","astra-migrate-meta-layouts":"default","ast-page-background-enabled":"default","ast-page-background-meta":{"desktop":{"background-color":"","background-image":"","background-repeat":"repeat","background-position":"center center","background-size":"auto","background-attachment":"scroll","background-type":"","background-media":"","overlay-type":"","overlay-color":"","overlay-opacity":"","overlay-gradient":""},"tablet":{"background-color":"","background-image":"","background-repeat":"repeat","background-position":"center center","background-size":"auto","background-attachment":"scroll","background-type":"","background-media":"","overlay-type":"","overlay-color":"","overlay-opacity":"","overlay-gradient":""},"mobile":{"background-color":"","background-image":"","background-repeat":"repeat","background-position":"center center","background-size":"auto","background-attachment":"scroll","background-type":"","background-media":"","overlay-type":"","overlay-color":"","overlay-opacity":"","overlay-gradient":""}},"ast-content-background-meta":{"desktop":{"background-color":"var(--ast-global-color-5)","background-image":"","background-repeat":"repeat","background-position":"center center","background-size":"auto","background-attachment":"scroll","background-type":"","background-media":"","overlay-type":"","overlay-color":"","overlay-opacity":"","overlay-gradient":""},"tablet":{"background-color":"var(--ast-global-color-5)","background-image":"","background-repeat":"repeat","background-position":"center center","background-size":"auto","background-attachment":"scroll","background-type":"","background-media":"","overlay-type":"","overlay-color":"","overlay-opacity":"","overlay-gradient":""},"mobile":{"background-color":"var(--ast-global-color-5)","background-image":"","background-repeat":"repeat","background-position":"center center","background-size":"auto","background-attachment":"scroll","background-type":"","background-media":"","overlay-type":"","overlay-color":"","overlay-opacity":"","overlay-gradient":""}},"footnotes":""},"class_list":["post-3691","page","type-page","status-publish","hentry"],"jetpack_sharing_enabled":true,"rttpg_featured_image_url":null,"rttpg_author":{"display_name":"Hascor Burkina","author_link":"https:\/\/blog.hascorburkina.com\/index.php\/author\/hascorblog\/"},"rttpg_comment":0,"rttpg_category":null,"rttpg_excerpt":"Burkina\/Justice : L\u2019affaire minist\u00e8re des Finances contre le journal Le Reporter renvoy\u00e9e au 21 septembre 2023 Le proc\u00e8s en diffamation Ministre des finances contre le journal Le Reporter est ouvert ce jeudi 14 septembre 2023 au Tribunal de grande instance (TGI) Ouaga II. Aussit\u00f4t ouverte, l\u2019audience est renvoy\u00e9e au 21 septembre 2023 \u00e0 cause d\u2019une\u2026","_links":{"self":[{"href":"https:\/\/blog.hascorburkina.com\/index.php\/wp-json\/wp\/v2\/pages\/3691","targetHints":{"allow":["GET"]}}],"collection":[{"href":"https:\/\/blog.hascorburkina.com\/index.php\/wp-json\/wp\/v2\/pages"}],"about":[{"href":"https:\/\/blog.hascorburkina.com\/index.php\/wp-json\/wp\/v2\/types\/page"}],"author":[{"embeddable":true,"href":"https:\/\/blog.hascorburkina.com\/index.php\/wp-json\/wp\/v2\/users\/2"}],"replies":[{"embeddable":true,"href":"https:\/\/blog.hascorburkina.com\/index.php\/wp-json\/wp\/v2\/comments?post=3691"}],"version-history":[{"count":4,"href":"https:\/\/blog.hascorburkina.com\/index.php\/wp-json\/wp\/v2\/pages\/3691\/revisions"}],"predecessor-version":[{"id":3696,"href":"https:\/\/blog.hascorburkina.com\/index.php\/wp-json\/wp\/v2\/pages\/3691\/revisions\/3696"}],"wp:attachment":[{"href":"https:\/\/blog.hascorburkina.com\/index.php\/wp-json\/wp\/v2\/media?parent=3691"}],"curies":[{"name":"wp","href":"https:\/\/api.w.org\/{rel}","templated":true}]}}