{"id":3653,"date":"2023-09-11T11:05:52","date_gmt":"2023-09-11T11:05:52","guid":{"rendered":"https:\/\/blog.hascorburkina.com\/?page_id=3653"},"modified":"2023-09-11T11:09:23","modified_gmt":"2023-09-11T11:09:23","slug":"politique-2","status":"publish","type":"page","link":"https:\/\/blog.hascorburkina.com\/index.php\/politique-2\/","title":{"rendered":"politique"},"content":{"rendered":"\t\t<div data-elementor-type=\"wp-page\" data-elementor-id=\"3653\" class=\"elementor elementor-3653\">\n\t\t\t\t\t\t<section class=\"elementor-section elementor-top-section elementor-element elementor-element-0367c87 elementor-section-boxed elementor-section-height-default elementor-section-height-default\" data-id=\"0367c87\" data-element_type=\"section\" data-e-type=\"section\">\n\t\t\t\t\t\t<div class=\"elementor-container elementor-column-gap-default\">\n\t\t\t\t\t<div class=\"elementor-column elementor-col-100 elementor-top-column elementor-element elementor-element-7f47696\" data-id=\"7f47696\" data-element_type=\"column\" data-e-type=\"column\">\n\t\t\t<div class=\"elementor-widget-wrap elementor-element-populated\">\n\t\t\t\t\t\t<div class=\"elementor-element elementor-element-80a5d7f elementor-widget elementor-widget-heading\" data-id=\"80a5d7f\" data-element_type=\"widget\" data-e-type=\"widget\" data-widget_type=\"heading.default\">\n\t\t\t\t<div class=\"elementor-widget-container\">\n\t\t\t\t\t<h2 class=\"elementor-heading-title elementor-size-default\"><h1 class=\"entry-title\" style=\"margin-top: 20px;margin-bottom: 10px;font-style: normal;font-weight: 500;font-size: 36px;line-height: 1.1;, Helvetica, Arial, sans-serif;display: block;text-transform: none\">Coop\u00e9ration Burkina Faso \u2013 R\u00e9publique italienne : L\u2019Ambassadeur ROMUSSI en fin de mission, \u00e9lev\u00e9 au rang d\u2019Officier de l\u2019ordre de l\u2019\u00c9talon<\/h2>\t\t\t\t<\/div>\n\t\t\t\t<\/div>\n\t\t\t\t\t<\/div>\n\t\t<\/div>\n\t\t\t\t\t<\/div>\n\t\t<\/section>\n\t\t\t\t<section class=\"elementor-section elementor-top-section elementor-element elementor-element-c32fa9a elementor-section-content-middle elementor-section-boxed elementor-section-height-default elementor-section-height-default\" data-id=\"c32fa9a\" data-element_type=\"section\" data-e-type=\"section\" data-settings=\"{&quot;background_background&quot;:&quot;classic&quot;}\">\n\t\t\t\t\t\t\t<div class=\"elementor-background-overlay\"><\/div>\n\t\t\t\t\t\t\t<div class=\"elementor-container elementor-column-gap-no\">\n\t\t\t\t\t<div class=\"elementor-column elementor-col-50 elementor-top-column elementor-element elementor-element-f0eeab4\" data-id=\"f0eeab4\" data-element_type=\"column\" data-e-type=\"column\">\n\t\t\t<div class=\"elementor-widget-wrap elementor-element-populated\">\n\t\t\t\t\t\t<div class=\"elementor-element elementor-element-289f1c3 elementor-widget elementor-widget-image\" data-id=\"289f1c3\" data-element_type=\"widget\" data-e-type=\"widget\" data-widget_type=\"image.default\">\n\t\t\t\t<div class=\"elementor-widget-container\">\n\t\t\t\t\t\t\t\t\t\t\t\t\t\t\t<img fetchpriority=\"high\" decoding=\"async\" width=\"1024\" height=\"690\" src=\"https:\/\/blog.hascorburkina.com\/wp-content\/uploads\/2023\/09\/FB_IMG_1694264486923-1024x690-1.jpg\" class=\"attachment-full size-full wp-image-3649\" alt=\"\" srcset=\"https:\/\/blog.hascorburkina.com\/wp-content\/uploads\/2023\/09\/FB_IMG_1694264486923-1024x690-1.jpg 1024w, https:\/\/blog.hascorburkina.com\/wp-content\/uploads\/2023\/09\/FB_IMG_1694264486923-1024x690-1-600x404.jpg 600w, https:\/\/blog.hascorburkina.com\/wp-content\/uploads\/2023\/09\/FB_IMG_1694264486923-1024x690-1-300x202.jpg 300w, https:\/\/blog.hascorburkina.com\/wp-content\/uploads\/2023\/09\/FB_IMG_1694264486923-1024x690-1-768x518.jpg 768w\" sizes=\"(max-width: 1024px) 100vw, 1024px\" \/>\t\t\t\t\t\t\t\t\t\t\t\t\t\t\t<\/div>\n\t\t\t\t<\/div>\n\t\t\t\t\t<\/div>\n\t\t<\/div>\n\t\t\t\t<div class=\"elementor-column elementor-col-50 elementor-top-column elementor-element elementor-element-8d0588a\" data-id=\"8d0588a\" data-element_type=\"column\" data-e-type=\"column\">\n\t\t\t<div class=\"elementor-widget-wrap elementor-element-populated\">\n\t\t\t\t\t\t<div class=\"elementor-element elementor-element-2b80bf1 elementor-widget elementor-widget-text-editor\" data-id=\"2b80bf1\" data-element_type=\"widget\" data-e-type=\"widget\" data-widget_type=\"text-editor.default\">\n\t\t\t\t<div class=\"elementor-widget-container\">\n\t\t\t\t\t\t\t\t\t<p><strong>Le Minist\u00e8re des Affaires \u00e9trang\u00e8res, de la Coop\u00e9ration r\u00e9gionale et des Burkinab\u00e9 de l\u2019ext\u00e9rieur a organis\u00e9 le 08 septembre 2023 \u00e0 Ouagadougou, une c\u00e9r\u00e9monie d\u2019au-revoir \u00e0 l\u2019Ambassadeur de la R\u00e9publique italienne au Burkina Faso, Andr\u00e9a ROMUSSI.<\/strong><\/p><p>C\u2019est une c\u00e9r\u00e9monie pour rendre hommage \u00e0 l\u2019Ambassadeur ROMUSSI et salu\u00e9 les efforts consentis et les acquis engrang\u00e9s durant sa mission au Burkina Faso a indiqu\u00e9 la cheffe de la diplomatie burkinab\u00e8.<\/p><p>De l\u2019avis de Olivia ROUAMBA, c\u2019est sous le mandat de ROMUSSI que l\u2019accord de Coop\u00e9ration entre le Burkina Faso et la R\u00e9publique italienne a \u00e9t\u00e9 sign\u00e9 le 19 septembre 2019. Elle a soulign\u00e9 \u00e9galement que plus de 2,5 milliards de Francs CFA ont \u00e9t\u00e9 d\u00e9bloqu\u00e9s par la R\u00e9publique italienne en appui au Burkina Faso dans les secteurs tels que l\u2019apiculture, la sant\u00e9, l\u2019artisanat etc.<\/p>\t\t\t\t\t\t\t\t<\/div>\n\t\t\t\t<\/div>\n\t\t\t\t\t<\/div>\n\t\t<\/div>\n\t\t\t\t\t<\/div>\n\t\t<\/section>\n\t\t\t\t<section class=\"elementor-section elementor-top-section elementor-element elementor-element-068f601 elementor-section-boxed elementor-section-height-default elementor-section-height-default\" data-id=\"068f601\" data-element_type=\"section\" data-e-type=\"section\">\n\t\t\t\t\t\t<div class=\"elementor-container elementor-column-gap-default\">\n\t\t\t\t\t<div class=\"elementor-column elementor-col-100 elementor-top-column elementor-element elementor-element-f6b3b77\" data-id=\"f6b3b77\" data-element_type=\"column\" data-e-type=\"column\">\n\t\t\t<div class=\"elementor-widget-wrap elementor-element-populated\">\n\t\t\t\t\t\t<div class=\"elementor-element elementor-element-aa52da4 elementor-widget elementor-widget-text-editor\" data-id=\"aa52da4\" data-element_type=\"widget\" data-e-type=\"widget\" data-widget_type=\"text-editor.default\">\n\t\t\t\t<div class=\"elementor-widget-container\">\n\t\t\t\t\t\t\t\t\t<p>Tout en saluant la qualit\u00e9 de la Coop\u00e9ration, la cheffe de la diplomatie burkinab\u00e8 a plaid\u00e9 pour l\u2019ouverture d\u2019un service consulaire au profit de la diaspora burkinab\u00e8 vivant en R\u00e9publique italienne.<\/p><p>L\u2019ambassadeur ROMUSSI quant \u00e0 lui, s\u2019est r\u00e9joui de sa distinction en ces termes : \u00ab\u00a0<em>C\u2019est un honneur pour moi de recevoir cette m\u00e9daille d\u2019Officier de l\u2019ordre de l\u2019\u00c9talon et je remercie le chef de l\u2019Etat, S. E. le Capitaine Ibrahim TRAOR\u00c9 et l\u2019ensemble du Gouvernement de Transition<\/em>\u00bb.<\/p><p>Le diplomate italien a aussi lou\u00e9 l\u2019accueil \u00e0 lui r\u00e9serv\u00e9 \u00e0 la fois par les autorit\u00e9s et la population burkinab\u00e8. Ma t\u00e2che en tant que premier Ambassadeur r\u00e9sident a \u00e9t\u00e9 de consolider les acquis et tracer les lignes pour le renforcement de la Coop\u00e9ration a-t-il soutenu.<\/p><p>C\u2019est le 30 avril 2019 que Andr\u00e9a ROMUSSI a pr\u00e9sent\u00e9 ses lettres de Cr\u00e9ance en qualit\u00e9 d\u2019Ambassadeur extraordinaire et pl\u00e9nipotentiaire de la R\u00e9publique italienne aupr\u00e8s du Burkina Faso.<\/p>\t\t\t\t\t\t\t\t<\/div>\n\t\t\t\t<\/div>\n\t\t\t\t\t<\/div>\n\t\t<\/div>\n\t\t\t\t\t<\/div>\n\t\t<\/section>\n\t\t\t\t<\/div>\n\t\t","protected":false},"excerpt":{"rendered":"<p>Coop\u00e9ration Burkina Faso \u2013 R\u00e9publique italienne : L\u2019Ambassadeur ROMUSSI en fin de mission, \u00e9lev\u00e9 au rang d\u2019Officier de l\u2019ordre de l\u2019\u00c9talon Le Minist\u00e8re des Affaires \u00e9trang\u00e8res, de la Coop\u00e9ration r\u00e9gionale et des Burkinab\u00e9 de l\u2019ext\u00e9rieur a organis\u00e9 le 08 septembre 2023 \u00e0 Ouagadougou, une c\u00e9r\u00e9monie d\u2019au-revoir \u00e0 l\u2019Ambassadeur de la R\u00e9publique italienne au Burkina Faso, [&hellip;]<\/p>\n","protected":false},"author":2,"featured_media":0,"parent":0,"menu_order":0,"comment_status":"closed","ping_status":"closed","template":"","meta":{"site-sidebar-layout":"no-sidebar","site-content-layout":"page-builder","ast-site-content-layout":"default","site-content-style":"default","site-sidebar-style":"default","ast-global-header-display":"","ast-banner-title-visibility":"","ast-main-header-display":"","ast-hfb-above-header-display":"","ast-hfb-below-header-display":"","ast-hfb-mobile-header-display":"","site-post-title":"disabled","ast-breadcrumbs-content":"","ast-featured-img":"disabled","footer-sml-layout":"","theme-transparent-header-meta":"","adv-header-id-meta":"","stick-header-meta":"","header-above-stick-meta":"","header-main-stick-meta":"","header-below-stick-meta":"","astra-migrate-meta-layouts":"default","ast-page-background-enabled":"default","ast-page-background-meta":{"desktop":{"background-color":"","background-image":"","background-repeat":"repeat","background-position":"center center","background-size":"auto","background-attachment":"scroll","background-type":"","background-media":"","overlay-type":"","overlay-color":"","overlay-opacity":"","overlay-gradient":""},"tablet":{"background-color":"","background-image":"","background-repeat":"repeat","background-position":"center center","background-size":"auto","background-attachment":"scroll","background-type":"","background-media":"","overlay-type":"","overlay-color":"","overlay-opacity":"","overlay-gradient":""},"mobile":{"background-color":"","background-image":"","background-repeat":"repeat","background-position":"center center","background-size":"auto","background-attachment":"scroll","background-type":"","background-media":"","overlay-type":"","overlay-color":"","overlay-opacity":"","overlay-gradient":""}},"ast-content-background-meta":{"desktop":{"background-color":"var(--ast-global-color-5)","background-image":"","background-repeat":"repeat","background-position":"center center","background-size":"auto","background-attachment":"scroll","background-type":"","background-media":"","overlay-type":"","overlay-color":"","overlay-opacity":"","overlay-gradient":""},"tablet":{"background-color":"var(--ast-global-color-5)","background-image":"","background-repeat":"repeat","background-position":"center center","background-size":"auto","background-attachment":"scroll","background-type":"","background-media":"","overlay-type":"","overlay-color":"","overlay-opacity":"","overlay-gradient":""},"mobile":{"background-color":"var(--ast-global-color-5)","background-image":"","background-repeat":"repeat","background-position":"center center","background-size":"auto","background-attachment":"scroll","background-type":"","background-media":"","overlay-type":"","overlay-color":"","overlay-opacity":"","overlay-gradient":""}},"footnotes":""},"class_list":["post-3653","page","type-page","status-publish","hentry"],"jetpack_sharing_enabled":true,"rttpg_featured_image_url":null,"rttpg_author":{"display_name":"Hascor Burkina","author_link":"https:\/\/blog.hascorburkina.com\/index.php\/author\/hascorblog\/"},"rttpg_comment":0,"rttpg_category":null,"rttpg_excerpt":"Coop\u00e9ration Burkina Faso \u2013 R\u00e9publique italienne : L\u2019Ambassadeur ROMUSSI en fin de mission, \u00e9lev\u00e9 au rang d\u2019Officier de l\u2019ordre de l\u2019\u00c9talon Le Minist\u00e8re des Affaires \u00e9trang\u00e8res, de la Coop\u00e9ration r\u00e9gionale et des Burkinab\u00e9 de l\u2019ext\u00e9rieur a organis\u00e9 le 08 septembre 2023 \u00e0 Ouagadougou, une c\u00e9r\u00e9monie d\u2019au-revoir \u00e0 l\u2019Ambassadeur de la R\u00e9publique italienne au Burkina Faso,\u2026","_links":{"self":[{"href":"https:\/\/blog.hascorburkina.com\/index.php\/wp-json\/wp\/v2\/pages\/3653","targetHints":{"allow":["GET"]}}],"collection":[{"href":"https:\/\/blog.hascorburkina.com\/index.php\/wp-json\/wp\/v2\/pages"}],"about":[{"href":"https:\/\/blog.hascorburkina.com\/index.php\/wp-json\/wp\/v2\/types\/page"}],"author":[{"embeddable":true,"href":"https:\/\/blog.hascorburkina.com\/index.php\/wp-json\/wp\/v2\/users\/2"}],"replies":[{"embeddable":true,"href":"https:\/\/blog.hascorburkina.com\/index.php\/wp-json\/wp\/v2\/comments?post=3653"}],"version-history":[{"count":4,"href":"https:\/\/blog.hascorburkina.com\/index.php\/wp-json\/wp\/v2\/pages\/3653\/revisions"}],"predecessor-version":[{"id":3658,"href":"https:\/\/blog.hascorburkina.com\/index.php\/wp-json\/wp\/v2\/pages\/3653\/revisions\/3658"}],"wp:attachment":[{"href":"https:\/\/blog.hascorburkina.com\/index.php\/wp-json\/wp\/v2\/media?parent=3653"}],"curies":[{"name":"wp","href":"https:\/\/api.w.org\/{rel}","templated":true}]}}