{"id":3643,"date":"2023-09-11T10:55:30","date_gmt":"2023-09-11T10:55:30","guid":{"rendered":"https:\/\/blog.hascorburkina.com\/?page_id=3643"},"modified":"2023-09-11T10:58:25","modified_gmt":"2023-09-11T10:58:25","slug":"politique","status":"publish","type":"page","link":"https:\/\/blog.hascorburkina.com\/index.php\/politique\/","title":{"rendered":"politique"},"content":{"rendered":"\t\t<div data-elementor-type=\"wp-page\" data-elementor-id=\"3643\" class=\"elementor elementor-3643\">\n\t\t\t\t\t\t<section class=\"elementor-section elementor-top-section elementor-element elementor-element-96beb7a elementor-section-boxed elementor-section-height-default elementor-section-height-default\" data-id=\"96beb7a\" data-element_type=\"section\" data-e-type=\"section\">\n\t\t\t\t\t\t<div class=\"elementor-container elementor-column-gap-default\">\n\t\t\t\t\t<div class=\"elementor-column elementor-col-100 elementor-top-column elementor-element elementor-element-a4b0eb4\" data-id=\"a4b0eb4\" data-element_type=\"column\" data-e-type=\"column\">\n\t\t\t<div class=\"elementor-widget-wrap elementor-element-populated\">\n\t\t\t\t\t\t<div class=\"elementor-element elementor-element-7562c28 elementor-widget elementor-widget-heading\" data-id=\"7562c28\" data-element_type=\"widget\" data-e-type=\"widget\" data-widget_type=\"heading.default\">\n\t\t\t\t<div class=\"elementor-widget-container\">\n\t\t\t\t\t<h2 class=\"elementor-heading-title elementor-size-default\"><h1 class=\"entry-title\" style=\"margin-top: 20px;margin-bottom: 10px;font-style: normal;font-weight: 500;font-size: 36px;line-height: 1.1;, Helvetica, Arial, sans-serif;display: block;text-transform: none\">55e session OHADA: Le Burkina et le Mali d\u00e9noncent \u00ab des recrutements frauduleux \u00bb<\/h2>\t\t\t\t<\/div>\n\t\t\t\t<\/div>\n\t\t\t\t\t<\/div>\n\t\t<\/div>\n\t\t\t\t\t<\/div>\n\t\t<\/section>\n\t\t\t\t<section class=\"elementor-section elementor-top-section elementor-element elementor-element-b601958 elementor-section-content-middle elementor-section-boxed elementor-section-height-default elementor-section-height-default\" data-id=\"b601958\" data-element_type=\"section\" data-e-type=\"section\" data-settings=\"{&quot;background_background&quot;:&quot;classic&quot;}\">\n\t\t\t\t\t\t\t<div class=\"elementor-background-overlay\"><\/div>\n\t\t\t\t\t\t\t<div class=\"elementor-container elementor-column-gap-no\">\n\t\t\t\t\t<div class=\"elementor-column elementor-col-50 elementor-top-column elementor-element elementor-element-c309f0e\" data-id=\"c309f0e\" data-element_type=\"column\" data-e-type=\"column\">\n\t\t\t<div class=\"elementor-widget-wrap elementor-element-populated\">\n\t\t\t\t\t\t<div class=\"elementor-element elementor-element-6e65843 elementor-widget elementor-widget-image\" data-id=\"6e65843\" data-element_type=\"widget\" data-e-type=\"widget\" data-widget_type=\"image.default\">\n\t\t\t\t<div class=\"elementor-widget-container\">\n\t\t\t\t\t\t\t\t\t\t\t\t\t\t\t<img fetchpriority=\"high\" decoding=\"async\" width=\"1024\" height=\"683\" src=\"https:\/\/blog.hascorburkina.com\/wp-content\/uploads\/2023\/09\/04C2533A-C7D8-457F-B3BB-F3EF19F3FA37-1024x683-1.jpeg\" class=\"attachment-full size-full wp-image-3642\" alt=\"\" srcset=\"https:\/\/blog.hascorburkina.com\/wp-content\/uploads\/2023\/09\/04C2533A-C7D8-457F-B3BB-F3EF19F3FA37-1024x683-1.jpeg 1024w, https:\/\/blog.hascorburkina.com\/wp-content\/uploads\/2023\/09\/04C2533A-C7D8-457F-B3BB-F3EF19F3FA37-1024x683-1-600x400.jpeg 600w, https:\/\/blog.hascorburkina.com\/wp-content\/uploads\/2023\/09\/04C2533A-C7D8-457F-B3BB-F3EF19F3FA37-1024x683-1-300x200.jpeg 300w, https:\/\/blog.hascorburkina.com\/wp-content\/uploads\/2023\/09\/04C2533A-C7D8-457F-B3BB-F3EF19F3FA37-1024x683-1-768x512.jpeg 768w\" sizes=\"(max-width: 1024px) 100vw, 1024px\" \/>\t\t\t\t\t\t\t\t\t\t\t\t\t\t\t<\/div>\n\t\t\t\t<\/div>\n\t\t\t\t\t<\/div>\n\t\t<\/div>\n\t\t\t\t<div class=\"elementor-column elementor-col-50 elementor-top-column elementor-element elementor-element-f8a892a\" data-id=\"f8a892a\" data-element_type=\"column\" data-e-type=\"column\">\n\t\t\t<div class=\"elementor-widget-wrap elementor-element-populated\">\n\t\t\t\t\t\t<div class=\"elementor-element elementor-element-7c9755d elementor-widget elementor-widget-text-editor\" data-id=\"7c9755d\" data-element_type=\"widget\" data-e-type=\"widget\" data-widget_type=\"text-editor.default\">\n\t\t\t\t<div class=\"elementor-widget-container\">\n\t\t\t\t\t\t\t\t\t<p>\u00ab\u00a0Les Gouvernements de Transition du Burkina Faso et du Mali ont lu avec une profonde stup\u00e9faction le Compte rendu de la R\u00e9union du Conseil des Ministres de la 55\u00e8me session du Conseil des Ministres de l\u2019Organisation pour l\u2019Harmonisation en Afrique du Droit des Affaires (OHADA) tenue \u00e0 Kinshasa en R\u00e9publique D\u00e9mocratique du Congo, les 29 et 30 Ao\u00fbt 2023.<\/p><p>En effet, contrairement au r\u00e9cit mentionn\u00e9 dans ce compte-rendu, les repr\u00e9sentants du Burkina Faso et du Mali, tous deux Ministres en charge de la Justice, ont \u00e9voqu\u00e9 plusieurs griefs et manquements violant les r\u00e8gles de fonctionnement de l\u2019OHADA, dans le cadre du processus de recrutement entach\u00e9 de vices de forme et de fond, en vue de pourvoir au poste de Secr\u00e9taire permanent et \u00e0 d\u2019autres postes internationaux.<\/p><p><strong>L\u2019une des causes profondes de ces recrutements frauduleux est le chantage op\u00e9r\u00e9 par l\u2019Agence Fran\u00e7aise de D\u00e9veloppement, qui a menac\u00e9 ouvertement de retirer son financement, au cas o\u00f9, des candidats qui lui sont favorables ne seraient pas choisis.<\/strong><\/p>\t\t\t\t\t\t\t\t<\/div>\n\t\t\t\t<\/div>\n\t\t\t\t\t<\/div>\n\t\t<\/div>\n\t\t\t\t\t<\/div>\n\t\t<\/section>\n\t\t\t\t<section class=\"elementor-section elementor-top-section elementor-element elementor-element-b169828 elementor-section-boxed elementor-section-height-default elementor-section-height-default\" data-id=\"b169828\" data-element_type=\"section\" data-e-type=\"section\">\n\t\t\t\t\t\t<div class=\"elementor-container elementor-column-gap-default\">\n\t\t\t\t\t<div class=\"elementor-column elementor-col-100 elementor-top-column elementor-element elementor-element-a76f596\" data-id=\"a76f596\" data-element_type=\"column\" data-e-type=\"column\">\n\t\t\t<div class=\"elementor-widget-wrap elementor-element-populated\">\n\t\t\t\t\t\t<div class=\"elementor-element elementor-element-627f1c3 elementor-widget elementor-widget-text-editor\" data-id=\"627f1c3\" data-element_type=\"widget\" data-e-type=\"widget\" data-widget_type=\"text-editor.default\">\n\t\t\t\t<div class=\"elementor-widget-container\">\n\t\t\t\t\t\t\t\t\t<p>C\u2019est ainsi que de nombreuses man\u0153uvres ill\u00e9gales, consistant \u00e0 retirer abusivement la parole aux repr\u00e9sentants du Burkina Faso et du Mali ou m\u00eame \u00e0 d\u00e9connecter le syst\u00e8me de visio-conf\u00e9rence \u00e0 d\u2019autres participants, ont \u00e9t\u00e9 d\u00e9ploy\u00e9es au cours des travaux.<\/p><p>Exasp\u00e9r\u00e9s par ces man\u0153uvres d\u00e9loyales et las de n\u2019avoir pas \u00e9t\u00e9 entendus, les repr\u00e9sentants du Burkina Faso et du Mali se sont retir\u00e9s de la salle.<\/p><p><strong>Les Gouvernements de Transition du Burkina Faso et du Mali d\u00e9noncent, regrettent l\u2019occultation du communiqu\u00e9 de ces faits graves et refusent de participer \u00e0 une mascarade qui viole la souverainet\u00e9 des Etats africains et d\u00e9cr\u00e9dibilisent l\u2019OHADA.<\/strong><\/p><p>Par cons\u00e9quent, les Gouvernements de Transition du Burkina Faso et du Mali vont adresser une lettre de protestation \u00e0 l\u2019OHADA pour :<\/p><p>1.d\u00e9noncer les irr\u00e9gularit\u00e9s, violations des textes et conflits d\u2019int\u00e9r\u00eats manifestes, qui ont entach\u00e9 le processus de recrutement, lors de la 55\u00e8me session du Conseil des Ministres ;<\/p><p>2. appeler \u00e0 la suspension du processus d\u2019installation des personnels irr\u00e9guli\u00e8rement et ill\u00e9galement recrut\u00e9s ;<\/p><p>3.reprendre le Compte-rendu de la R\u00e9union du Conseil des Ministres de la 55\u00e8me session du Conseil des Ministres, en vue de mentionner fid\u00e8lement le d\u00e9roulement des travaux, notamment les protestations du Burkina Faso et du<br \/>Mali ;<\/p><p>4.demander \u00e0 la Conf\u00e9rence des Chefs d\u2019Etat et de Gouvernement de l\u2019OHADA de se saisir urgemment de la situation.<\/p><p>Les Gouvernements de Transition du Burkina Faso et du Mali pr\u00e9viennent qu\u2019ils tireront les cons\u00e9quences de droit, en cas de passage en force. Que Dieu b\u00e9nisse l\u2019Afrique et Pr\u00e9serve les Africains !<\/p><p>Fait \u00e0 Ouagadougou et \u00e0 Bamako, le 09 septembre 2023\u2033.<\/p><p><strong>Source : AIB<\/strong><\/p>\t\t\t\t\t\t\t\t<\/div>\n\t\t\t\t<\/div>\n\t\t\t\t\t<\/div>\n\t\t<\/div>\n\t\t\t\t\t<\/div>\n\t\t<\/section>\n\t\t\t\t<\/div>\n\t\t","protected":false},"excerpt":{"rendered":"<p>55e session OHADA: Le Burkina et le Mali d\u00e9noncent \u00ab des recrutements frauduleux \u00bb \u00ab\u00a0Les Gouvernements de Transition du Burkina Faso et du Mali ont lu avec une profonde stup\u00e9faction le Compte rendu de la R\u00e9union du Conseil des Ministres de la 55\u00e8me session du Conseil des Ministres de l\u2019Organisation pour l\u2019Harmonisation en Afrique du [&hellip;]<\/p>\n","protected":false},"author":2,"featured_media":0,"parent":0,"menu_order":0,"comment_status":"closed","ping_status":"closed","template":"","meta":{"site-sidebar-layout":"no-sidebar","site-content-layout":"page-builder","ast-site-content-layout":"default","site-content-style":"default","site-sidebar-style":"default","ast-global-header-display":"","ast-banner-title-visibility":"","ast-main-header-display":"","ast-hfb-above-header-display":"","ast-hfb-below-header-display":"","ast-hfb-mobile-header-display":"","site-post-title":"disabled","ast-breadcrumbs-content":"","ast-featured-img":"disabled","footer-sml-layout":"","theme-transparent-header-meta":"","adv-header-id-meta":"","stick-header-meta":"","header-above-stick-meta":"","header-main-stick-meta":"","header-below-stick-meta":"","astra-migrate-meta-layouts":"default","ast-page-background-enabled":"default","ast-page-background-meta":{"desktop":{"background-color":"","background-image":"","background-repeat":"repeat","background-position":"center center","background-size":"auto","background-attachment":"scroll","background-type":"","background-media":"","overlay-type":"","overlay-color":"","overlay-opacity":"","overlay-gradient":""},"tablet":{"background-color":"","background-image":"","background-repeat":"repeat","background-position":"center center","background-size":"auto","background-attachment":"scroll","background-type":"","background-media":"","overlay-type":"","overlay-color":"","overlay-opacity":"","overlay-gradient":""},"mobile":{"background-color":"","background-image":"","background-repeat":"repeat","background-position":"center center","background-size":"auto","background-attachment":"scroll","background-type":"","background-media":"","overlay-type":"","overlay-color":"","overlay-opacity":"","overlay-gradient":""}},"ast-content-background-meta":{"desktop":{"background-color":"var(--ast-global-color-5)","background-image":"","background-repeat":"repeat","background-position":"center center","background-size":"auto","background-attachment":"scroll","background-type":"","background-media":"","overlay-type":"","overlay-color":"","overlay-opacity":"","overlay-gradient":""},"tablet":{"background-color":"var(--ast-global-color-5)","background-image":"","background-repeat":"repeat","background-position":"center center","background-size":"auto","background-attachment":"scroll","background-type":"","background-media":"","overlay-type":"","overlay-color":"","overlay-opacity":"","overlay-gradient":""},"mobile":{"background-color":"var(--ast-global-color-5)","background-image":"","background-repeat":"repeat","background-position":"center center","background-size":"auto","background-attachment":"scroll","background-type":"","background-media":"","overlay-type":"","overlay-color":"","overlay-opacity":"","overlay-gradient":""}},"footnotes":""},"class_list":["post-3643","page","type-page","status-publish","hentry"],"jetpack_sharing_enabled":true,"rttpg_featured_image_url":null,"rttpg_author":{"display_name":"Hascor Burkina","author_link":"https:\/\/blog.hascorburkina.com\/index.php\/author\/hascorblog\/"},"rttpg_comment":0,"rttpg_category":null,"rttpg_excerpt":"55e session OHADA: Le Burkina et le Mali d\u00e9noncent \u00ab des recrutements frauduleux \u00bb \u00ab\u00a0Les Gouvernements de Transition du Burkina Faso et du Mali ont lu avec une profonde stup\u00e9faction le Compte rendu de la R\u00e9union du Conseil des Ministres de la 55\u00e8me session du Conseil des Ministres de l\u2019Organisation pour l\u2019Harmonisation en Afrique du\u2026","_links":{"self":[{"href":"https:\/\/blog.hascorburkina.com\/index.php\/wp-json\/wp\/v2\/pages\/3643","targetHints":{"allow":["GET"]}}],"collection":[{"href":"https:\/\/blog.hascorburkina.com\/index.php\/wp-json\/wp\/v2\/pages"}],"about":[{"href":"https:\/\/blog.hascorburkina.com\/index.php\/wp-json\/wp\/v2\/types\/page"}],"author":[{"embeddable":true,"href":"https:\/\/blog.hascorburkina.com\/index.php\/wp-json\/wp\/v2\/users\/2"}],"replies":[{"embeddable":true,"href":"https:\/\/blog.hascorburkina.com\/index.php\/wp-json\/wp\/v2\/comments?post=3643"}],"version-history":[{"count":4,"href":"https:\/\/blog.hascorburkina.com\/index.php\/wp-json\/wp\/v2\/pages\/3643\/revisions"}],"predecessor-version":[{"id":3648,"href":"https:\/\/blog.hascorburkina.com\/index.php\/wp-json\/wp\/v2\/pages\/3643\/revisions\/3648"}],"wp:attachment":[{"href":"https:\/\/blog.hascorburkina.com\/index.php\/wp-json\/wp\/v2\/media?parent=3643"}],"curies":[{"name":"wp","href":"https:\/\/api.w.org\/{rel}","templated":true}]}}