{"id":3620,"date":"2023-09-06T11:00:09","date_gmt":"2023-09-06T11:00:09","guid":{"rendered":"https:\/\/blog.hascorburkina.com\/?page_id=3620"},"modified":"2023-09-06T11:00:26","modified_gmt":"2023-09-06T11:00:26","slug":"actualite-43","status":"publish","type":"page","link":"https:\/\/blog.hascorburkina.com\/index.php\/actualite-43\/","title":{"rendered":"actualite"},"content":{"rendered":"\t\t<div data-elementor-type=\"wp-page\" data-elementor-id=\"3620\" class=\"elementor elementor-3620\">\n\t\t\t\t\t\t<section class=\"elementor-section elementor-top-section elementor-element elementor-element-ade5ab1 elementor-section-boxed elementor-section-height-default elementor-section-height-default\" data-id=\"ade5ab1\" data-element_type=\"section\" data-e-type=\"section\">\n\t\t\t\t\t\t<div class=\"elementor-container elementor-column-gap-default\">\n\t\t\t\t\t<div class=\"elementor-column elementor-col-100 elementor-top-column elementor-element elementor-element-e430d52\" data-id=\"e430d52\" data-element_type=\"column\" data-e-type=\"column\">\n\t\t\t<div class=\"elementor-widget-wrap elementor-element-populated\">\n\t\t\t\t\t\t<div class=\"elementor-element elementor-element-ba93e7e elementor-widget elementor-widget-heading\" data-id=\"ba93e7e\" data-element_type=\"widget\" data-e-type=\"widget\" data-widget_type=\"heading.default\">\n\t\t\t\t<div class=\"elementor-widget-container\">\n\t\t\t\t\t<h2 class=\"elementor-heading-title elementor-size-default\"><h1 class=\"entry-title\" style=\"margin-top: 20px;margin-bottom: 10px;font-style: normal;font-weight: 500;font-size: 36px;line-height: 1.1;, Helvetica, Arial, sans-serif;display: block;text-transform: none\">Burkina : L\u2019ex DG de la CEGECI autre fois recherch\u00e9, \u00ab s\u2019est volontairement pr\u00e9sent\u00e9 \u00bb au cabinet du magistrat\n<\/h2>\t\t\t\t<\/div>\n\t\t\t\t<\/div>\n\t\t\t\t\t<\/div>\n\t\t<\/div>\n\t\t\t\t\t<\/div>\n\t\t<\/section>\n\t\t\t\t<section class=\"elementor-section elementor-top-section elementor-element elementor-element-b37d5d6 elementor-section-content-middle elementor-section-boxed elementor-section-height-default elementor-section-height-default\" data-id=\"b37d5d6\" data-element_type=\"section\" data-e-type=\"section\" data-settings=\"{&quot;background_background&quot;:&quot;classic&quot;}\">\n\t\t\t\t\t\t\t<div class=\"elementor-background-overlay\"><\/div>\n\t\t\t\t\t\t\t<div class=\"elementor-container elementor-column-gap-no\">\n\t\t\t\t\t<div class=\"elementor-column elementor-col-50 elementor-top-column elementor-element elementor-element-8cce7d0\" data-id=\"8cce7d0\" data-element_type=\"column\" data-e-type=\"column\">\n\t\t\t<div class=\"elementor-widget-wrap elementor-element-populated\">\n\t\t\t\t\t\t<div class=\"elementor-element elementor-element-e9018ba elementor-widget elementor-widget-image\" data-id=\"e9018ba\" data-element_type=\"widget\" data-e-type=\"widget\" data-widget_type=\"image.default\">\n\t\t\t\t<div class=\"elementor-widget-container\">\n\t\t\t\t\t\t\t\t\t\t\t\t\t\t\t<img fetchpriority=\"high\" decoding=\"async\" width=\"1068\" height=\"708\" src=\"https:\/\/blog.hascorburkina.com\/wp-content\/uploads\/2023\/09\/WhatsApp-Image-2023-09-06-at-10.04.17.webp\" class=\"attachment-full size-full wp-image-3619\" alt=\"\" srcset=\"https:\/\/blog.hascorburkina.com\/wp-content\/uploads\/2023\/09\/WhatsApp-Image-2023-09-06-at-10.04.17.webp 1068w, https:\/\/blog.hascorburkina.com\/wp-content\/uploads\/2023\/09\/WhatsApp-Image-2023-09-06-at-10.04.17-600x398.webp 600w, https:\/\/blog.hascorburkina.com\/wp-content\/uploads\/2023\/09\/WhatsApp-Image-2023-09-06-at-10.04.17-300x199.webp 300w, https:\/\/blog.hascorburkina.com\/wp-content\/uploads\/2023\/09\/WhatsApp-Image-2023-09-06-at-10.04.17-1024x679.webp 1024w, https:\/\/blog.hascorburkina.com\/wp-content\/uploads\/2023\/09\/WhatsApp-Image-2023-09-06-at-10.04.17-768x509.webp 768w\" sizes=\"(max-width: 1068px) 100vw, 1068px\" \/>\t\t\t\t\t\t\t\t\t\t\t\t\t\t\t<\/div>\n\t\t\t\t<\/div>\n\t\t\t\t\t<\/div>\n\t\t<\/div>\n\t\t\t\t<div class=\"elementor-column elementor-col-50 elementor-top-column elementor-element elementor-element-1098eee\" data-id=\"1098eee\" data-element_type=\"column\" data-e-type=\"column\">\n\t\t\t<div class=\"elementor-widget-wrap elementor-element-populated\">\n\t\t\t\t\t\t<div class=\"elementor-element elementor-element-6a12792 elementor-widget elementor-widget-text-editor\" data-id=\"6a12792\" data-element_type=\"widget\" data-e-type=\"widget\" data-widget_type=\"text-editor.default\">\n\t\t\t\t<div class=\"elementor-widget-container\">\n\t\t\t\t\t\t\t\t\t<p>Boureima Thiombiano, l\u2019ancien Directeur G\u00e9n\u00e9ral du Centre de Gestion des cit\u00e9s (CEGECI) qui \u00e9tait recherch\u00e9 depuis le 12 octobre 2022 pour \u00eatre entendu par la justice \u00ab s\u2019est volontairement pr\u00e9sent\u00e9 \u00bb au cabinet du magistrat saisi de la proc\u00e9dure.<\/p><p>L\u2019information a \u00e9t\u00e9 donn\u00e9e ce mercredi 6 septembre 2023 via un communiqu\u00e9 publi\u00e9 par l\u2019Autorit\u00e9 sup\u00e9rieure du contr\u00f4le d\u2019Etat et de lutte contre la corruption (ASCE-LC).<\/p><p>Selon la note de l\u2019ASCE-LC, Boureima Thiombiano est entre autres auteur pr\u00e9sum\u00e9 \u00ab de corruption, d\u2019enrichissement Illicite, de surfacturation, de fraude fiscale, de prise Ill\u00e9gale d\u2019int\u00e9r\u00eat, de d\u00e9lit d\u2019apparence, de favoritisme, de blanchiment de capitaux, d\u2019entrave \u00e0 la justice \u00bb.<\/p>\t\t\t\t\t\t\t\t<\/div>\n\t\t\t\t<\/div>\n\t\t\t\t\t<\/div>\n\t\t<\/div>\n\t\t\t\t\t<\/div>\n\t\t<\/section>\n\t\t\t\t<\/div>\n\t\t","protected":false},"excerpt":{"rendered":"<p>Burkina : L\u2019ex DG de la CEGECI autre fois recherch\u00e9, \u00ab s\u2019est volontairement pr\u00e9sent\u00e9 \u00bb au cabinet du magistrat Boureima Thiombiano, l\u2019ancien Directeur G\u00e9n\u00e9ral du Centre de Gestion des cit\u00e9s (CEGECI) qui \u00e9tait recherch\u00e9 depuis le 12 octobre 2022 pour \u00eatre entendu par la justice \u00ab s\u2019est volontairement pr\u00e9sent\u00e9 \u00bb au cabinet du magistrat saisi [&hellip;]<\/p>\n","protected":false},"author":2,"featured_media":0,"parent":0,"menu_order":0,"comment_status":"closed","ping_status":"closed","template":"","meta":{"site-sidebar-layout":"no-sidebar","site-content-layout":"page-builder","ast-site-content-layout":"default","site-content-style":"default","site-sidebar-style":"default","ast-global-header-display":"","ast-banner-title-visibility":"","ast-main-header-display":"","ast-hfb-above-header-display":"","ast-hfb-below-header-display":"","ast-hfb-mobile-header-display":"","site-post-title":"disabled","ast-breadcrumbs-content":"","ast-featured-img":"disabled","footer-sml-layout":"","theme-transparent-header-meta":"","adv-header-id-meta":"","stick-header-meta":"","header-above-stick-meta":"","header-main-stick-meta":"","header-below-stick-meta":"","astra-migrate-meta-layouts":"default","ast-page-background-enabled":"default","ast-page-background-meta":{"desktop":{"background-color":"","background-image":"","background-repeat":"repeat","background-position":"center center","background-size":"auto","background-attachment":"scroll","background-type":"","background-media":"","overlay-type":"","overlay-color":"","overlay-opacity":"","overlay-gradient":""},"tablet":{"background-color":"","background-image":"","background-repeat":"repeat","background-position":"center center","background-size":"auto","background-attachment":"scroll","background-type":"","background-media":"","overlay-type":"","overlay-color":"","overlay-opacity":"","overlay-gradient":""},"mobile":{"background-color":"","background-image":"","background-repeat":"repeat","background-position":"center center","background-size":"auto","background-attachment":"scroll","background-type":"","background-media":"","overlay-type":"","overlay-color":"","overlay-opacity":"","overlay-gradient":""}},"ast-content-background-meta":{"desktop":{"background-color":"var(--ast-global-color-5)","background-image":"","background-repeat":"repeat","background-position":"center center","background-size":"auto","background-attachment":"scroll","background-type":"","background-media":"","overlay-type":"","overlay-color":"","overlay-opacity":"","overlay-gradient":""},"tablet":{"background-color":"var(--ast-global-color-5)","background-image":"","background-repeat":"repeat","background-position":"center center","background-size":"auto","background-attachment":"scroll","background-type":"","background-media":"","overlay-type":"","overlay-color":"","overlay-opacity":"","overlay-gradient":""},"mobile":{"background-color":"var(--ast-global-color-5)","background-image":"","background-repeat":"repeat","background-position":"center center","background-size":"auto","background-attachment":"scroll","background-type":"","background-media":"","overlay-type":"","overlay-color":"","overlay-opacity":"","overlay-gradient":""}},"footnotes":""},"class_list":["post-3620","page","type-page","status-publish","hentry"],"jetpack_sharing_enabled":true,"rttpg_featured_image_url":null,"rttpg_author":{"display_name":"Hascor Burkina","author_link":"https:\/\/blog.hascorburkina.com\/index.php\/author\/hascorblog\/"},"rttpg_comment":0,"rttpg_category":null,"rttpg_excerpt":"Burkina : L\u2019ex DG de la CEGECI autre fois recherch\u00e9, \u00ab s\u2019est volontairement pr\u00e9sent\u00e9 \u00bb au cabinet du magistrat Boureima Thiombiano, l\u2019ancien Directeur G\u00e9n\u00e9ral du Centre de Gestion des cit\u00e9s (CEGECI) qui \u00e9tait recherch\u00e9 depuis le 12 octobre 2022 pour \u00eatre entendu par la justice \u00ab s\u2019est volontairement pr\u00e9sent\u00e9 \u00bb au cabinet du magistrat saisi\u2026","_links":{"self":[{"href":"https:\/\/blog.hascorburkina.com\/index.php\/wp-json\/wp\/v2\/pages\/3620","targetHints":{"allow":["GET"]}}],"collection":[{"href":"https:\/\/blog.hascorburkina.com\/index.php\/wp-json\/wp\/v2\/pages"}],"about":[{"href":"https:\/\/blog.hascorburkina.com\/index.php\/wp-json\/wp\/v2\/types\/page"}],"author":[{"embeddable":true,"href":"https:\/\/blog.hascorburkina.com\/index.php\/wp-json\/wp\/v2\/users\/2"}],"replies":[{"embeddable":true,"href":"https:\/\/blog.hascorburkina.com\/index.php\/wp-json\/wp\/v2\/comments?post=3620"}],"version-history":[{"count":4,"href":"https:\/\/blog.hascorburkina.com\/index.php\/wp-json\/wp\/v2\/pages\/3620\/revisions"}],"predecessor-version":[{"id":3625,"href":"https:\/\/blog.hascorburkina.com\/index.php\/wp-json\/wp\/v2\/pages\/3620\/revisions\/3625"}],"wp:attachment":[{"href":"https:\/\/blog.hascorburkina.com\/index.php\/wp-json\/wp\/v2\/media?parent=3620"}],"curies":[{"name":"wp","href":"https:\/\/api.w.org\/{rel}","templated":true}]}}