{"id":3600,"date":"2023-09-04T16:02:37","date_gmt":"2023-09-04T16:02:37","guid":{"rendered":"https:\/\/blog.hascorburkina.com\/?page_id=3600"},"modified":"2023-09-04T16:05:39","modified_gmt":"2023-09-04T16:05:39","slug":"actualite-41","status":"publish","type":"page","link":"https:\/\/blog.hascorburkina.com\/index.php\/actualite-41\/","title":{"rendered":"actualite"},"content":{"rendered":"\t\t<div data-elementor-type=\"wp-page\" data-elementor-id=\"3600\" class=\"elementor elementor-3600\">\n\t\t\t\t\t\t<section class=\"elementor-section elementor-top-section elementor-element elementor-element-69d7d56 elementor-section-boxed elementor-section-height-default elementor-section-height-default\" data-id=\"69d7d56\" data-element_type=\"section\" data-e-type=\"section\">\n\t\t\t\t\t\t<div class=\"elementor-container elementor-column-gap-default\">\n\t\t\t\t\t<div class=\"elementor-column elementor-col-100 elementor-top-column elementor-element elementor-element-59e9c27\" data-id=\"59e9c27\" data-element_type=\"column\" data-e-type=\"column\">\n\t\t\t<div class=\"elementor-widget-wrap elementor-element-populated\">\n\t\t\t\t\t\t<div class=\"elementor-element elementor-element-cb1993f elementor-widget elementor-widget-heading\" data-id=\"cb1993f\" data-element_type=\"widget\" data-e-type=\"widget\" data-widget_type=\"heading.default\">\n\t\t\t\t<div class=\"elementor-widget-container\">\n\t\t\t\t\t<h2 class=\"elementor-heading-title elementor-size-default\"><h1 class=\"entry-title\" style=\"margin-top: 20px;margin-bottom: 10px;font-style: normal;font-weight: 500;font-size: 36px;line-height: 1.1;, Helvetica, Arial, sans-serif;display: block;text-transform: none\">Burkina\/6e \u00e9dition du Prix Orange de l\u2019Entrepreneur Social Afrique et Moyen-Orient (POESAM) : Pour promouvoir le talent des jeunes et contribu\u00e9 au d\u00e9veloppement du pays<\/h2>\t\t\t\t<\/div>\n\t\t\t\t<\/div>\n\t\t\t\t\t<\/div>\n\t\t<\/div>\n\t\t\t\t\t<\/div>\n\t\t<\/section>\n\t\t\t\t<section class=\"elementor-section elementor-top-section elementor-element elementor-element-8a0182d elementor-section-content-middle elementor-section-boxed elementor-section-height-default elementor-section-height-default\" data-id=\"8a0182d\" data-element_type=\"section\" data-e-type=\"section\" data-settings=\"{&quot;background_background&quot;:&quot;classic&quot;}\">\n\t\t\t\t\t\t\t<div class=\"elementor-background-overlay\"><\/div>\n\t\t\t\t\t\t\t<div class=\"elementor-container elementor-column-gap-no\">\n\t\t\t\t\t<div class=\"elementor-column elementor-col-50 elementor-top-column elementor-element elementor-element-f60054a\" data-id=\"f60054a\" data-element_type=\"column\" data-e-type=\"column\">\n\t\t\t<div class=\"elementor-widget-wrap elementor-element-populated\">\n\t\t\t\t\t\t<div class=\"elementor-element elementor-element-006c94f elementor-widget elementor-widget-image\" data-id=\"006c94f\" data-element_type=\"widget\" data-e-type=\"widget\" data-widget_type=\"image.default\">\n\t\t\t\t<div class=\"elementor-widget-container\">\n\t\t\t\t\t\t\t\t\t\t\t\t\t\t\t<img fetchpriority=\"high\" decoding=\"async\" width=\"640\" height=\"480\" src=\"https:\/\/blog.hascorburkina.com\/wp-content\/uploads\/2023\/09\/arton124041.jpg\" class=\"attachment-full size-full wp-image-3599\" alt=\"\" srcset=\"https:\/\/blog.hascorburkina.com\/wp-content\/uploads\/2023\/09\/arton124041.jpg 640w, https:\/\/blog.hascorburkina.com\/wp-content\/uploads\/2023\/09\/arton124041-600x450.jpg 600w, https:\/\/blog.hascorburkina.com\/wp-content\/uploads\/2023\/09\/arton124041-300x225.jpg 300w\" sizes=\"(max-width: 640px) 100vw, 640px\" \/>\t\t\t\t\t\t\t\t\t\t\t\t\t\t\t<\/div>\n\t\t\t\t<\/div>\n\t\t\t\t\t<\/div>\n\t\t<\/div>\n\t\t\t\t<div class=\"elementor-column elementor-col-50 elementor-top-column elementor-element elementor-element-90513ec\" data-id=\"90513ec\" data-element_type=\"column\" data-e-type=\"column\">\n\t\t\t<div class=\"elementor-widget-wrap elementor-element-populated\">\n\t\t\t\t\t\t<div class=\"elementor-element elementor-element-39283f5 elementor-widget elementor-widget-text-editor\" data-id=\"39283f5\" data-element_type=\"widget\" data-e-type=\"widget\" data-widget_type=\"text-editor.default\">\n\t\t\t\t<div class=\"elementor-widget-container\">\n\t\t\t\t\t\t\t\t\t<p><strong>Orange Digital Center (ODC) a proc\u00e9d\u00e9 \u00e0 la remise du Prix Orange de l\u2019Entrepreneur Social Afrique et Moyen-Orient (POESAM) ce vendredi 1er septembre 2023, au sein de ses locaux sis \u00e0 Ouagadougou. Cette 13e \u00e9dition sur le plan international et 6\u00e8me au Burkina Faso a r\u00e9compens\u00e9 six projets\u00a0: trois pour la volet national et trois pour promouvoir le leadership des jeunes femmes.<\/strong><\/p><div class=\"article_content\"><p>L\u2019objectif du POESAM est d\u2019accompagner les entrepreneurs qui souhaitent apporter des solutions innovantes et technologiques aux d\u00e9fis des pays o\u00f9 ils r\u00e9sident.<\/p><p>Au d\u00e9part, ce sont 107 candidatures qui ont \u00e9t\u00e9 re\u00e7ues, puis, ce sont 16 d\u2019entre elles qui ont \u00e9t\u00e9 s\u00e9lectionn\u00e9s pour b\u00e9n\u00e9ficier d\u2019un accompagnent \u00e0 travers un programme de renforcement de capacit\u00e9s. A la suite de cela, 10 projets se sont d\u00e9marqu\u00e9s pour participer \u00e0 la grande finale nationale. Ils ont d\u00e9fendu leurs projets aupr\u00e8s d\u2019un jury compos\u00e9 d\u2019experts.\u00a0<\/p><\/div>\t\t\t\t\t\t\t\t<\/div>\n\t\t\t\t<\/div>\n\t\t\t\t\t<\/div>\n\t\t<\/div>\n\t\t\t\t\t<\/div>\n\t\t<\/section>\n\t\t\t\t<section class=\"elementor-section elementor-top-section elementor-element elementor-element-48e002b elementor-section-boxed elementor-section-height-default elementor-section-height-default\" data-id=\"48e002b\" data-element_type=\"section\" data-e-type=\"section\">\n\t\t\t\t\t\t<div class=\"elementor-container elementor-column-gap-default\">\n\t\t\t\t\t<div class=\"elementor-column elementor-col-100 elementor-top-column elementor-element elementor-element-cc7ae1b\" data-id=\"cc7ae1b\" data-element_type=\"column\" data-e-type=\"column\">\n\t\t\t<div class=\"elementor-widget-wrap elementor-element-populated\">\n\t\t\t\t\t\t<div class=\"elementor-element elementor-element-71d6c35 elementor-widget elementor-widget-text-editor\" data-id=\"71d6c35\" data-element_type=\"widget\" data-e-type=\"widget\" data-widget_type=\"text-editor.default\">\n\t\t\t\t<div class=\"elementor-widget-container\">\n\t\t\t\t\t\t\t\t\t<p>Et, c\u2019est Christian C\u00e9dric To\u00e9 , porteur du projet Laafi Concept qui arrive en premi\u00e8re place pour le grand prix national. Son entreprise est dans la production d\u2019une solution technologique qui suit les \u00e9quipements d\u00e9di\u00e9s \u00e0 la vaccination et les produits sensibles.<\/p><p>\u00ab\u00a0Laafi monitor est un petit module qui permet d\u2019avoir des informations sur la temp\u00e9rature, l\u2019humidit\u00e9 et l\u2019exposition au soleil des portes vaccins ou des \u00e9quipements. L\u2019application mobile permet de r\u00e9cup\u00e9rer l\u2019information et pr\u00e9dit l\u2019\u00e9volution de la temp\u00e9rature que ce soit \u00e0 l\u2019int\u00e9rieur d\u2019un r\u00e9frig\u00e9rateur ou d\u2019un espace. Il y a des enfants qui sont vaccin\u00e9s, mais qui meurent de maladies \u00e0 pr\u00e9vention vaccinale. Cela fait ressortir un probl\u00e8me. Est-ce que les vaccins sont toujours actifs lorsqu\u2019ils sont administr\u00e9s\u00a0? Comment peut-on suivre le vaccin lors de tout ce trajet que l\u2019agent de vaccination fait depuis le centre de sant\u00e9 \u00e0 l\u2019endroit o\u00f9 il effectue la vaccination\u00a0\u00bb a justifi\u00e9 Christian C\u00e9dric To\u00e9.<\/p><dl class=\"spip_document_155785 spip_documents spip_documents_center\"><dt><img decoding=\"async\" src=\"https:\/\/lefaso.net\/local\/cache-vignettes\/L600xH450\/whatsapp_image_2023-09-04_at_11.38.57-4369d.jpg?1693830143\" alt=\"\" width=\"600\" height=\"450\" \/><\/dt><dd class=\"spip_doc_descriptif\"><i>Christian C\u00e9dric To\u00e9 a notifi\u00e9 que son application est professionnelle et n\u2019est pas ouverte au public<\/i><\/dd><\/dl><p>Le premier prix f\u00e9minin, lui, a \u00e9t\u00e9 d\u00e9cern\u00e9 \u00e0 A\u00efcha Zeba du projet Puki. A travers son application, elle a voulu contribuer \u00e0 la pr\u00e9vention du cancer du sein et du col de l\u2019ut\u00e9rus.<\/p><p>\u00ab\u00a0Il s\u2019agit d\u2019une application mobile ludique qui sensibilise sur le cancer du sein et du col de l\u2019ut\u00e9rus. Elle s\u2019adresse aux filles et femmes de 14 \u00e0 40 ans. L\u2019application sensibilise sur les habitudes de vie que nous pouvons avoir et qui peuvent nous exposer \u00e0 ces deux cancers. Il y\u2019a une description de l\u2019auto-palpation mammaire en Moor\u00e9, en Fulfuld\u00e9, en Dioula et en Fran\u00e7ais. Il y\u2019a la possibilit\u00e9 de faire un calcul du risque personnel d\u2019exposition au cancer du col de l\u2019ut\u00e9rus et du sein. Aussi, il y a des jeux et quiz sur la sensibilisation. L\u2019application n\u2019est pas encore pr\u00eate, mais est disponible sur le site web\u00a0\u00bb a-t-elle d\u00e9taill\u00e9.<\/p><dl class=\"spip_document_155786 spip_documents spip_documents_center\"><dt><img decoding=\"async\" src=\"https:\/\/lefaso.net\/local\/cache-vignettes\/L600xH450\/whatsapp_image_2023-09-04_at_11.39.37-c7a8a.jpg?1693830143\" alt=\"\" width=\"600\" height=\"450\" \/><\/dt><dd class=\"spip_doc_descriptif\"><i>A\u00efcha Zeba ( \u00e0 gauche et souriante) compte poursuivre son combat en allant sensibiliser les femmes des zones rurales<\/i><\/dd><\/dl><p><strong>Un accompagnement concret<\/strong><\/p><p>Il faut noter que l\u2019aventure ne va pas s\u2019arr\u00eater l\u00e0 pour les gagnants. Au mois d\u2019octobre 2023, ils seront \u00e9valu\u00e9s par un grand jury, compos\u00e9 de personnalit\u00e9s influentes de l\u2019univers tech africain, qui choisira les trois gagnants internationaux du grand prix et celui du prix f\u00e9minin.<\/p><p>Pour la repr\u00e9sentante d\u2019Orange Digital Center, Nafila Dabir\u00e9 , la suite \u00e0 donner \u00ab\u00a0est qu\u2019ils int\u00e8grent la maison Orange pour \u00eatre accompagn\u00e9s d\u2019une mani\u00e8re strat\u00e9gique, op\u00e9rationnelle et sur le plan du leadership pour que leurs projets arrivent \u00e0 se mettre en place. La particularit\u00e9 de cette ann\u00e9e a \u00e9t\u00e9 au niveau des domaines des projets que nous avons voulu en grande majorit\u00e9. Ils font le lien avec les d\u00e9fis actuels de notre pays. On a de nombreux projets dans l\u2019\u00e9ducation, dans la sant\u00e9 et dans l\u2019environnement. Les ann\u00e9es pr\u00e9c\u00e9dentes, c\u2019\u00e9tait tr\u00e8s h\u00e9t\u00e9rog\u00e8ne. Cela veut dire que notre jeunesse se soucie aujourd\u2019hui des probl\u00e8mes qu\u2019elle vit au quotidien, c\u2019est impressionnant\u00a0\u00bb a-t-elle dit ravie.<\/p><dl class=\"spip_document_155787 spip_documents spip_documents_center\"><dt><img loading=\"lazy\" decoding=\"async\" src=\"https:\/\/lefaso.net\/local\/cache-vignettes\/L600xH450\/whatsapp_image_2023-09-04_at_11.40.49-9bc37.jpg?1693830143\" alt=\"\" width=\"600\" height=\"450\" \/><\/dt><dd class=\"spip_doc_descriptif\"><i>Les gagnants vont en outre b\u00e9n\u00e9ficier d\u2019un an de mentoring<\/i><\/dd><\/dl><p>Le jury national \u00e9tait compos\u00e9 de 7 membres. Des dires de la pr\u00e9sidente du jury, Bintou Diallo, Pr\u00e9sidente du Comit\u00e9 Directeur d\u2019Afrika Tomorrow, les laur\u00e9ats ont \u00e9t\u00e9 not\u00e9s sur l\u2019utilit\u00e9 sociale du projet, le mod\u00e8le \u00e9conomique, le r\u00e9alisme et l\u2019authenticit\u00e9 de la solution,l\u2019aptitude des cr\u00e9ateurs .\u00ab\u00a0Le premier prix nous a impressionn\u00e9 par les solutions donn\u00e9es en mati\u00e8re de sant\u00e9. Nous sommes dans un pays dont le climat n\u2019est pas tr\u00e8s cl\u00e9ment par rapport \u00e0 la conservation des m\u00e9dicaments. Il va au-del\u00e0 de la conservation en donnant des outils aux m\u00e9decins qui sont dans les zones les plus recul\u00e9es afin qu\u2019ils v\u00e9rifient la temp\u00e9rature des m\u00e9dicaments. Cela repr\u00e9sente une solution cruciale pour notre pays qui est confront\u00e9 \u00e0 un s\u00e9v\u00e8re probl\u00e8me de r\u00e9chauffement climatique ainsi que des probl\u00e8mes de sant\u00e9 tr\u00e8s criard . Pour le premier prix f\u00e9minin, nous avons choisi le projet Puki parce que ce qu\u2019on ne sait pas, dans le monde, il y a une femme qui meurt du cancer chaque minute. Au Burkina Faso, nous sommes \u00e0 trois par minute. Ces donn\u00e9s sont tr\u00e8s \u00e9lev\u00e9es et plus inqui\u00e9tantes qu\u2019on ne l\u2019imagine. Elle met des solutions de pr\u00e9vention pour s\u2019assurer de pr\u00e9venir ces maladies. C\u2019est une solution f\u00e9minine pour les femmes\u00a0\u00bb a-t-elle justifi\u00e9.<\/p><dl class=\"spip_document_155788 spip_documents spip_documents_center\"><dt><img loading=\"lazy\" decoding=\"async\" src=\"https:\/\/lefaso.net\/local\/cache-vignettes\/L600xH450\/whatsapp_image_2023-09-04_at_11.40.32-587a2.jpg?1693830143\" alt=\"\" width=\"600\" height=\"450\" \/><\/dt><dd class=\"spip_doc_descriptif\"><i>Nafila Dabir\u00e9 a affirm\u00e9 que les laur\u00e9ats seront accompagn\u00e9s jusqu\u2019au bout de leurs projets<\/i><\/dd><\/dl><p>Le prix du premier laur\u00e9at national, Laafi Concept, \u00e9tait compos\u00e9 d\u2019un ch\u00e8que de 2.000.000 FCFA. Le deuxi\u00e8me, Ecology House a quant lui obtenu un ch\u00e8que de 1 500 000 FCFA et le troisi\u00e8me, Easy Pass, un ch\u00e8que de 1.000.000 FCFA.<br class=\"autobr\" \/>Les prix f\u00e9minins ont pour, le premier laur\u00e9at, Puki, obtenu un ch\u00e8que de 700 000 FCFA et le second, HearMe, 500 000 FCFA.<\/p><dl class=\"spip_document_155789 spip_documents spip_documents_center\"><dt><img loading=\"lazy\" decoding=\"async\" src=\"https:\/\/lefaso.net\/local\/cache-vignettes\/L600xH450\/whatsapp_image_2023-09-04_at_11.40.44-e5820.jpg?1693830143\" alt=\"\" width=\"600\" height=\"450\" \/><\/dt><dd class=\"spip_doc_descriptif\"><i>Bintou Diallo a invit\u00e9 les autres candidats \u00e0 continuer \u00e0 m\u00fbrir leurs projets et \u00e0 ne pas se reposer sur leurs lauriers<\/i><\/dd><\/dl><p>Depuis 2011, \u00e0 travers ce concours ouvert aux start-up de 17 pays d\u2019Afrique et du Moyen-Orient, Orange s\u2019est engag\u00e9 \u00e0 promouvoir l\u2019entreprenariat. Les pays \u00e9ligibles sont\u00a0: le Botswana, le Burkina-Faso, le Cameroun, la C\u00f4te d\u2019Ivoire, l\u2019Egypte, la Guin\u00e9e Bissau, la Guin\u00e9e Conakry, la Jordanie, le Lib\u00e9ria, Madagascar,le Mali, le Maroc, la R\u00e9publique de Centrafrique,la R\u00e9publique D\u00e9mocratique du Congo, S\u00e9n\u00e9gal,la Sierra Leone et la Tunisie. Au Burkina Faso, il a \u00e9t\u00e9 lanc\u00e9 depuis 2018.<\/p><p><strong>Lefaso.net<\/strong><\/p>\t\t\t\t\t\t\t\t<\/div>\n\t\t\t\t<\/div>\n\t\t\t\t\t<\/div>\n\t\t<\/div>\n\t\t\t\t\t<\/div>\n\t\t<\/section>\n\t\t\t\t<\/div>\n\t\t","protected":false},"excerpt":{"rendered":"<p>Burkina\/6e \u00e9dition du Prix Orange de l\u2019Entrepreneur Social Afrique et Moyen-Orient (POESAM) : Pour promouvoir le talent des jeunes et contribu\u00e9 au d\u00e9veloppement du pays Orange Digital Center (ODC) a proc\u00e9d\u00e9 \u00e0 la remise du Prix Orange de l\u2019Entrepreneur Social Afrique et Moyen-Orient (POESAM) ce vendredi 1er septembre 2023, au sein de ses locaux sis [&hellip;]<\/p>\n","protected":false},"author":2,"featured_media":0,"parent":0,"menu_order":0,"comment_status":"closed","ping_status":"closed","template":"","meta":{"site-sidebar-layout":"no-sidebar","site-content-layout":"page-builder","ast-site-content-layout":"default","site-content-style":"default","site-sidebar-style":"default","ast-global-header-display":"","ast-banner-title-visibility":"","ast-main-header-display":"","ast-hfb-above-header-display":"","ast-hfb-below-header-display":"","ast-hfb-mobile-header-display":"","site-post-title":"disabled","ast-breadcrumbs-content":"","ast-featured-img":"disabled","footer-sml-layout":"","theme-transparent-header-meta":"","adv-header-id-meta":"","stick-header-meta":"","header-above-stick-meta":"","header-main-stick-meta":"","header-below-stick-meta":"","astra-migrate-meta-layouts":"default","ast-page-background-enabled":"default","ast-page-background-meta":{"desktop":{"background-color":"","background-image":"","background-repeat":"repeat","background-position":"center center","background-size":"auto","background-attachment":"scroll","background-type":"","background-media":"","overlay-type":"","overlay-color":"","overlay-opacity":"","overlay-gradient":""},"tablet":{"background-color":"","background-image":"","background-repeat":"repeat","background-position":"center center","background-size":"auto","background-attachment":"scroll","background-type":"","background-media":"","overlay-type":"","overlay-color":"","overlay-opacity":"","overlay-gradient":""},"mobile":{"background-color":"","background-image":"","background-repeat":"repeat","background-position":"center center","background-size":"auto","background-attachment":"scroll","background-type":"","background-media":"","overlay-type":"","overlay-color":"","overlay-opacity":"","overlay-gradient":""}},"ast-content-background-meta":{"desktop":{"background-color":"var(--ast-global-color-5)","background-image":"","background-repeat":"repeat","background-position":"center center","background-size":"auto","background-attachment":"scroll","background-type":"","background-media":"","overlay-type":"","overlay-color":"","overlay-opacity":"","overlay-gradient":""},"tablet":{"background-color":"var(--ast-global-color-5)","background-image":"","background-repeat":"repeat","background-position":"center center","background-size":"auto","background-attachment":"scroll","background-type":"","background-media":"","overlay-type":"","overlay-color":"","overlay-opacity":"","overlay-gradient":""},"mobile":{"background-color":"var(--ast-global-color-5)","background-image":"","background-repeat":"repeat","background-position":"center center","background-size":"auto","background-attachment":"scroll","background-type":"","background-media":"","overlay-type":"","overlay-color":"","overlay-opacity":"","overlay-gradient":""}},"footnotes":""},"class_list":["post-3600","page","type-page","status-publish","hentry"],"jetpack_sharing_enabled":true,"rttpg_featured_image_url":null,"rttpg_author":{"display_name":"Hascor Burkina","author_link":"https:\/\/blog.hascorburkina.com\/index.php\/author\/hascorblog\/"},"rttpg_comment":0,"rttpg_category":null,"rttpg_excerpt":"Burkina\/6e \u00e9dition du Prix Orange de l\u2019Entrepreneur Social Afrique et Moyen-Orient (POESAM) : Pour promouvoir le talent des jeunes et contribu\u00e9 au d\u00e9veloppement du pays Orange Digital Center (ODC) a proc\u00e9d\u00e9 \u00e0 la remise du Prix Orange de l\u2019Entrepreneur Social Afrique et Moyen-Orient (POESAM) ce vendredi 1er septembre 2023, au sein de ses locaux sis\u2026","_links":{"self":[{"href":"https:\/\/blog.hascorburkina.com\/index.php\/wp-json\/wp\/v2\/pages\/3600","targetHints":{"allow":["GET"]}}],"collection":[{"href":"https:\/\/blog.hascorburkina.com\/index.php\/wp-json\/wp\/v2\/pages"}],"about":[{"href":"https:\/\/blog.hascorburkina.com\/index.php\/wp-json\/wp\/v2\/types\/page"}],"author":[{"embeddable":true,"href":"https:\/\/blog.hascorburkina.com\/index.php\/wp-json\/wp\/v2\/users\/2"}],"replies":[{"embeddable":true,"href":"https:\/\/blog.hascorburkina.com\/index.php\/wp-json\/wp\/v2\/comments?post=3600"}],"version-history":[{"count":4,"href":"https:\/\/blog.hascorburkina.com\/index.php\/wp-json\/wp\/v2\/pages\/3600\/revisions"}],"predecessor-version":[{"id":3605,"href":"https:\/\/blog.hascorburkina.com\/index.php\/wp-json\/wp\/v2\/pages\/3600\/revisions\/3605"}],"wp:attachment":[{"href":"https:\/\/blog.hascorburkina.com\/index.php\/wp-json\/wp\/v2\/media?parent=3600"}],"curies":[{"name":"wp","href":"https:\/\/api.w.org\/{rel}","templated":true}]}}