{"id":3593,"date":"2023-09-04T15:54:18","date_gmt":"2023-09-04T15:54:18","guid":{"rendered":"https:\/\/blog.hascorburkina.com\/?page_id=3593"},"modified":"2023-09-04T15:56:51","modified_gmt":"2023-09-04T15:56:51","slug":"actualite-40","status":"publish","type":"page","link":"https:\/\/blog.hascorburkina.com\/index.php\/actualite-40\/","title":{"rendered":"actualite"},"content":{"rendered":"\t\t<div data-elementor-type=\"wp-page\" data-elementor-id=\"3593\" class=\"elementor elementor-3593\">\n\t\t\t\t\t\t<section class=\"elementor-section elementor-top-section elementor-element elementor-element-a31ec00 elementor-section-boxed elementor-section-height-default elementor-section-height-default\" data-id=\"a31ec00\" data-element_type=\"section\" data-e-type=\"section\">\n\t\t\t\t\t\t<div class=\"elementor-container elementor-column-gap-default\">\n\t\t\t\t\t<div class=\"elementor-column elementor-col-100 elementor-top-column elementor-element elementor-element-3a6f19d\" data-id=\"3a6f19d\" data-element_type=\"column\" data-e-type=\"column\">\n\t\t\t<div class=\"elementor-widget-wrap elementor-element-populated\">\n\t\t\t\t\t\t<div class=\"elementor-element elementor-element-c8293aa elementor-widget elementor-widget-heading\" data-id=\"c8293aa\" data-element_type=\"widget\" data-e-type=\"widget\" data-widget_type=\"heading.default\">\n\t\t\t\t<div class=\"elementor-widget-container\">\n\t\t\t\t\t<h2 class=\"elementor-heading-title elementor-size-default\"><h1 class=\"entry-title\" style=\"margin-top: 20px;margin-bottom: 10px;font-style: normal;font-weight: 500;font-size: 36px;line-height: 1.1;, Helvetica, Arial, sans-serif;display: block;text-transform: none\">Burkina\/ Fili\u00e8re anacarde : Des \u00e9tats g\u00e9n\u00e9raux pour un d\u00e9veloppement inclusif et durable<\/h2>\t\t\t\t<\/div>\n\t\t\t\t<\/div>\n\t\t\t\t\t<\/div>\n\t\t<\/div>\n\t\t\t\t\t<\/div>\n\t\t<\/section>\n\t\t\t\t<section class=\"elementor-section elementor-top-section elementor-element elementor-element-78c9034 elementor-section-content-middle elementor-section-boxed elementor-section-height-default elementor-section-height-default\" data-id=\"78c9034\" data-element_type=\"section\" data-e-type=\"section\" data-settings=\"{&quot;background_background&quot;:&quot;classic&quot;}\">\n\t\t\t\t\t\t\t<div class=\"elementor-background-overlay\"><\/div>\n\t\t\t\t\t\t\t<div class=\"elementor-container elementor-column-gap-no\">\n\t\t\t\t\t<div class=\"elementor-column elementor-col-50 elementor-top-column elementor-element elementor-element-e3f80d1\" data-id=\"e3f80d1\" data-element_type=\"column\" data-e-type=\"column\">\n\t\t\t<div class=\"elementor-widget-wrap elementor-element-populated\">\n\t\t\t\t\t\t<div class=\"elementor-element elementor-element-a3bad07 elementor-widget elementor-widget-image\" data-id=\"a3bad07\" data-element_type=\"widget\" data-e-type=\"widget\" data-widget_type=\"image.default\">\n\t\t\t\t<div class=\"elementor-widget-container\">\n\t\t\t\t\t\t\t\t\t\t\t\t\t\t\t<img fetchpriority=\"high\" decoding=\"async\" width=\"1024\" height=\"768\" src=\"https:\/\/blog.hascorburkina.com\/wp-content\/uploads\/2023\/09\/arton123993.jpg\" class=\"attachment-full size-full wp-image-3592\" alt=\"\" srcset=\"https:\/\/blog.hascorburkina.com\/wp-content\/uploads\/2023\/09\/arton123993.jpg 1024w, https:\/\/blog.hascorburkina.com\/wp-content\/uploads\/2023\/09\/arton123993-600x450.jpg 600w, https:\/\/blog.hascorburkina.com\/wp-content\/uploads\/2023\/09\/arton123993-300x225.jpg 300w, https:\/\/blog.hascorburkina.com\/wp-content\/uploads\/2023\/09\/arton123993-768x576.jpg 768w\" sizes=\"(max-width: 1024px) 100vw, 1024px\" \/>\t\t\t\t\t\t\t\t\t\t\t\t\t\t\t<\/div>\n\t\t\t\t<\/div>\n\t\t\t\t\t<\/div>\n\t\t<\/div>\n\t\t\t\t<div class=\"elementor-column elementor-col-50 elementor-top-column elementor-element elementor-element-1b3da4b\" data-id=\"1b3da4b\" data-element_type=\"column\" data-e-type=\"column\">\n\t\t\t<div class=\"elementor-widget-wrap elementor-element-populated\">\n\t\t\t\t\t\t<div class=\"elementor-element elementor-element-c941f6e elementor-widget elementor-widget-text-editor\" data-id=\"c941f6e\" data-element_type=\"widget\" data-e-type=\"widget\" data-widget_type=\"text-editor.default\">\n\t\t\t\t<div class=\"elementor-widget-container\">\n\t\t\t\t\t\t\t\t\t<p><strong>Le minist\u00e8re du D\u00e9veloppement industriel, du commerce, de l\u2019artisanat et des petites et moyennes entreprises en partenariat avec le Conseil burkinab\u00e8 de l\u2019anacarde (CBA) organise du 31 ao\u00fbt au 2 septembre 2023 \u00e0 la Maison de la culture de Bobo-Dioulasso, les \u00c9tats g\u00e9n\u00e9raux de la fili\u00e8re anacarde du Burkina Faso.<\/strong><\/p><div class=\"article_content\"><p>D\u00e9but\u00e9s le jeudi 31 ao\u00fbt 2023 sous la pr\u00e9sidence du Premier ministre Apollinaire Joachimson Ky\u00e9lem de Tamb\u00e8la, les travaux sont plac\u00e9s sous le th\u00e8me \u00ab\u00a0Fili\u00e8re anacarde au Burkina Faso\u00a0: Quelles r\u00e9formes pour un d\u00e9veloppement inclusif et durable\u00a0?\u00a0\u00bb<\/p><p>La fili\u00e8re anacarde est une fili\u00e8re strat\u00e9gique, au regard de sa forte contribution aux recettes d\u2019exportation, \u00e0 la cr\u00e9ation de valeur ajout\u00e9e, \u00e0 l\u2019emploi et \u00e0 la r\u00e9duction de la pauvret\u00e9.<\/p><\/div>\t\t\t\t\t\t\t\t<\/div>\n\t\t\t\t<\/div>\n\t\t\t\t\t<\/div>\n\t\t<\/div>\n\t\t\t\t\t<\/div>\n\t\t<\/section>\n\t\t\t\t<section class=\"elementor-section elementor-top-section elementor-element elementor-element-e136a0e elementor-section-boxed elementor-section-height-default elementor-section-height-default\" data-id=\"e136a0e\" data-element_type=\"section\" data-e-type=\"section\">\n\t\t\t\t\t\t<div class=\"elementor-container elementor-column-gap-default\">\n\t\t\t\t\t<div class=\"elementor-column elementor-col-100 elementor-top-column elementor-element elementor-element-61206e3\" data-id=\"61206e3\" data-element_type=\"column\" data-e-type=\"column\">\n\t\t\t<div class=\"elementor-widget-wrap elementor-element-populated\">\n\t\t\t\t\t\t<div class=\"elementor-element elementor-element-b5dfe78 elementor-widget elementor-widget-text-editor\" data-id=\"b5dfe78\" data-element_type=\"widget\" data-e-type=\"widget\" data-widget_type=\"text-editor.default\">\n\t\t\t\t<div class=\"elementor-widget-container\">\n\t\t\t\t\t\t\t\t\t<p>En 2021, selon les donn\u00e9es de la Balance commerciale, la noix brute de cajou occupait le 4e rang des 10 principaux produits d\u2019exportation du Burkina Faso et le 2e rang des produits agricoles export\u00e9s apr\u00e8s le coton. Elle a g\u00e9n\u00e9r\u00e9 au cours de cette ann\u00e9e, une recette totale de 64,37 milliards de FCFA, repr\u00e9sentant 2,3% de la valeur des exportations totales du Burkina Faso.<\/p><dl class=\"spip_document_155704 spip_documents spip_documents_center\"><dt><img decoding=\"async\" src=\"https:\/\/lefaso.net\/local\/cache-vignettes\/L600xH450\/ab2-696-bf046.jpg?1693765307\" alt=\"\" width=\"600\" height=\"450\" \/><\/dt><dd class=\"spip_doc_descriptif\"><i>Le Premier ministre visite les stands d\u2019exposition<\/i><\/dd><\/dl><p>Au titre des emplois, selon la Strat\u00e9gie nationale de d\u00e9veloppement de la fili\u00e8re anacarde (SNDFA), plus de 45 000 m\u00e9nages \u00e9voluent dans le maillon production r\u00e9partis dans les quatre (4) principales zones de production \u00e0 savoir les Hauts-Bassins, les Cascades, le Sud-Ouest et le Centre-Ouest.<br class=\"autobr\" \/>Aussi, les maillons transformation et commercialisation mobilisent respectivement plus de 7 800 personnes dont plus de 90% de femmes et plus de 11 000 commer\u00e7ants et exportateurs.<\/p><p>Pour accro\u00eetre davantage les performances de la fili\u00e8re, le gouvernement burkinab\u00e8 a pour sa part entrepris des r\u00e9formes institutionnelles \u00e0 l\u2019effet de renforcer les actions men\u00e9es dans le secteur. Parmi ces r\u00e9formes, il y a la cr\u00e9ation en 2019 de l\u2019Etablissement public de l\u2019Etat \u00e0 caract\u00e8re \u00e9conomique, le Conseil burkinab\u00e8 de l\u2019anacarde (CBA) dont la mission est la r\u00e9gulation, le suivi et le d\u00e9veloppement des activit\u00e9s de la fili\u00e8re anacarde au Burkina Faso.<\/p><dl class=\"spip_document_155707 spip_documents spip_documents_center\"><dt><img decoding=\"async\" src=\"https:\/\/lefaso.net\/local\/cache-vignettes\/L600xH450\/ab6-233-70d98.jpg?1693765307\" alt=\"\" width=\"600\" height=\"450\" \/><\/dt><dd class=\"spip_doc_descriptif\"><i>Gnanou\/Konat\u00e9, repr\u00e9sentante du gouverneur de la r\u00e9gion des Hauts-Bassins<\/i><\/dd><\/dl><p>Malgr\u00e9 ces actions r\u00e9alis\u00e9es dans l\u2019optique de booster le d\u00e9veloppement de la fili\u00e8re anacarde, des difficult\u00e9s entravent cette dynamique. Ces difficult\u00e9s portent pour l\u2019essentiel sur la faible productivit\u00e9 des anacardiers, la faible performance des unit\u00e9s de transformation des noix brutes de cajou, l\u2019absence d\u2019un m\u00e9canisme de financement appropri\u00e9 \u00e0 la fili\u00e8re et la faible organisation du march\u00e9 national du cajou.<\/p><p>A ces difficult\u00e9s, s\u2019ajoutent des crises au sein des maillons production et commercialisation qui entravent l\u2019intervention du gouvernement dans la fili\u00e8re, mettant en p\u00e9ril les acquis d\u00e9j\u00e0 engrang\u00e9s surtout en mati\u00e8re d\u2019organisation.<br class=\"autobr\" \/>Par ailleurs, certains acteurs s\u2019adonnent \u00e0 des pratiques frauduleuses dans les op\u00e9rations d\u2019exportation de la noix brute de cajou.<\/p><dl class=\"spip_document_155706 spip_documents spip_documents_center\"><dt><img loading=\"lazy\" decoding=\"async\" src=\"https:\/\/lefaso.net\/local\/cache-vignettes\/L600xH450\/ab5-387-7cc7b.jpg?1693765307\" alt=\"\" width=\"600\" height=\"450\" \/><\/dt><dd class=\"spip_doc_descriptif\"><i>Vue des participants<br class=\"autobr\" \/><\/i><\/dd><\/dl><p>C\u2019est pour rem\u00e9dier \u00e0 ces nombreuses contraintes que se tiennent les pr\u00e9sents \u00e9tats g\u00e9n\u00e9raux de la fili\u00e8re anacarde sous le th\u00e8me\u00a0: \u00ab\u00a0Fili\u00e8re anacarde au Burkina Faso\u00a0: quelles r\u00e9formes pour un d\u00e9veloppement inclusif et durable\u00a0?\u00a0\u00bb.<\/p><p>Les \u00e9tats g\u00e9n\u00e9raux se veulent \u00eatre un cadre de dialogue r\u00e9unissant l\u2019ensemble des parties prenantes en vue de mener une r\u00e9flexion profonde sur les probl\u00e9matiques qui minent le d\u00e9veloppement de la fili\u00e8re anacarde au Burkina Faso afin de convenir de la trajectoire \u00e0 suivre pour un d\u00e9veloppement harmonieux de cette fili\u00e8re.<\/p><dl class=\"spip_document_155708 spip_documents spip_documents_center\"><dt><img loading=\"lazy\" decoding=\"async\" src=\"https:\/\/lefaso.net\/local\/cache-vignettes\/L600xH450\/ab7-139-0eb1c.jpg?1693765307\" alt=\"\" width=\"600\" height=\"450\" \/><\/dt><dd class=\"spip_doc_descriptif\"><i>Apollinaire Joachimson Ky\u00e9lem de Tamb\u00e8la, Premier ministre<\/i><\/dd><\/dl><p>Selon le Premier ministre Apollinaire Joachimson Ky\u00e9lem de Tamb\u00e8la, au regard des nombreux d\u00e9fis \u00e0 relever afin d\u2019aboutir \u00e0 un niveau de production satisfaisant, une industrie de transformation qui absorbe une proportion critique de cette production et une commercialisation exempte d\u2019actes frauduleux \u00ab\u00a0nous devons nous inscrire durablement dans la dynamique de l\u2019impl\u00e9mentation de toutes les r\u00e9formes et actions n\u00e9cessaires \u00e0 l\u2019essor de la fili\u00e8re anacarde. Cela permettra d\u2019en faire un mod\u00e8le de d\u00e9veloppement pour les autres fili\u00e8res porteuses de notre pays\u00a0\u00bb.<\/p><p>Il a invit\u00e9 l\u2019ensemble des participants \u00e0 prendre part activement aux travaux et aux d\u00e9bats car il fonde l\u2019espoir qu\u2019au sortir de ces travaux, ils puissent ensemble atteindre l\u2019objectif principal de ces \u00e9tats g\u00e9n\u00e9raux qui est de d\u00e9gager des r\u00e9formes et des actions pour un d\u00e9veloppement inclusif et durable de la fili\u00e8re anacarde au Burkina Faso.<\/p><dl class=\"spip_document_155703 spip_documents spip_documents_center\"><dt><img loading=\"lazy\" decoding=\"async\" src=\"https:\/\/lefaso.net\/local\/cache-vignettes\/L600xH450\/ab1-177-d5d42.jpg?1693765307\" alt=\"\" width=\"600\" height=\"450\" \/><\/dt><dd class=\"spip_doc_descriptif\"><i>Serge G Poda, ministre en charge du commerce<\/i><\/dd><\/dl><p>Pour le ministre du d\u00e9veloppement industriel, du commerce, de l\u2019artisanat et des petites et moyennes entreprises Serge G Poda, la fili\u00e8re anacarde contribue beaucoup \u00e0 l\u2019\u00e9conomie du pays mais est confront\u00e9e \u00e0 de nombreuses difficult\u00e9s et ces \u00e9tats g\u00e9n\u00e9raux sont l\u2019occasion de discuter de ces difficult\u00e9s pour booster la fili\u00e8re. Attendant beaucoup de ces \u00e9tats g\u00e9n\u00e9raux le ministre Serge G Poda a lanc\u00e9 une invite aux participants en ces termes\u00a0: \u00ab\u00a0Nous attendons beaucoup de ces \u00e9tats g\u00e9n\u00e9raux, des d\u00e9bats francs sans tabou, et des propositions de r\u00e9formes vraiment idoines qui permettent \u00e0 la fili\u00e8re de se retrouver et qui visent l\u2019int\u00e9r\u00eat g\u00e9n\u00e9ral et non l\u2019int\u00e9r\u00eat individuel, particulier de tout acteur que ce soit ou de toute structure que ce soit.<\/p><p><strong>Haoua Tour\u00e9<\/strong><\/p>\t\t\t\t\t\t\t\t<\/div>\n\t\t\t\t<\/div>\n\t\t\t\t\t<\/div>\n\t\t<\/div>\n\t\t\t\t\t<\/div>\n\t\t<\/section>\n\t\t\t\t<\/div>\n\t\t","protected":false},"excerpt":{"rendered":"<p>Burkina\/ Fili\u00e8re anacarde : Des \u00e9tats g\u00e9n\u00e9raux pour un d\u00e9veloppement inclusif et durable Le minist\u00e8re du D\u00e9veloppement industriel, du commerce, de l\u2019artisanat et des petites et moyennes entreprises en partenariat avec le Conseil burkinab\u00e8 de l\u2019anacarde (CBA) organise du 31 ao\u00fbt au 2 septembre 2023 \u00e0 la Maison de la culture de Bobo-Dioulasso, les \u00c9tats [&hellip;]<\/p>\n","protected":false},"author":2,"featured_media":0,"parent":0,"menu_order":0,"comment_status":"closed","ping_status":"closed","template":"","meta":{"site-sidebar-layout":"no-sidebar","site-content-layout":"page-builder","ast-site-content-layout":"default","site-content-style":"default","site-sidebar-style":"default","ast-global-header-display":"","ast-banner-title-visibility":"","ast-main-header-display":"","ast-hfb-above-header-display":"","ast-hfb-below-header-display":"","ast-hfb-mobile-header-display":"","site-post-title":"disabled","ast-breadcrumbs-content":"","ast-featured-img":"disabled","footer-sml-layout":"","theme-transparent-header-meta":"","adv-header-id-meta":"","stick-header-meta":"","header-above-stick-meta":"","header-main-stick-meta":"","header-below-stick-meta":"","astra-migrate-meta-layouts":"default","ast-page-background-enabled":"default","ast-page-background-meta":{"desktop":{"background-color":"","background-image":"","background-repeat":"repeat","background-position":"center center","background-size":"auto","background-attachment":"scroll","background-type":"","background-media":"","overlay-type":"","overlay-color":"","overlay-opacity":"","overlay-gradient":""},"tablet":{"background-color":"","background-image":"","background-repeat":"repeat","background-position":"center center","background-size":"auto","background-attachment":"scroll","background-type":"","background-media":"","overlay-type":"","overlay-color":"","overlay-opacity":"","overlay-gradient":""},"mobile":{"background-color":"","background-image":"","background-repeat":"repeat","background-position":"center center","background-size":"auto","background-attachment":"scroll","background-type":"","background-media":"","overlay-type":"","overlay-color":"","overlay-opacity":"","overlay-gradient":""}},"ast-content-background-meta":{"desktop":{"background-color":"var(--ast-global-color-5)","background-image":"","background-repeat":"repeat","background-position":"center center","background-size":"auto","background-attachment":"scroll","background-type":"","background-media":"","overlay-type":"","overlay-color":"","overlay-opacity":"","overlay-gradient":""},"tablet":{"background-color":"var(--ast-global-color-5)","background-image":"","background-repeat":"repeat","background-position":"center center","background-size":"auto","background-attachment":"scroll","background-type":"","background-media":"","overlay-type":"","overlay-color":"","overlay-opacity":"","overlay-gradient":""},"mobile":{"background-color":"var(--ast-global-color-5)","background-image":"","background-repeat":"repeat","background-position":"center center","background-size":"auto","background-attachment":"scroll","background-type":"","background-media":"","overlay-type":"","overlay-color":"","overlay-opacity":"","overlay-gradient":""}},"footnotes":""},"class_list":["post-3593","page","type-page","status-publish","hentry"],"jetpack_sharing_enabled":true,"rttpg_featured_image_url":null,"rttpg_author":{"display_name":"Hascor Burkina","author_link":"https:\/\/blog.hascorburkina.com\/index.php\/author\/hascorblog\/"},"rttpg_comment":0,"rttpg_category":null,"rttpg_excerpt":"Burkina\/ Fili\u00e8re anacarde : Des \u00e9tats g\u00e9n\u00e9raux pour un d\u00e9veloppement inclusif et durable Le minist\u00e8re du D\u00e9veloppement industriel, du commerce, de l\u2019artisanat et des petites et moyennes entreprises en partenariat avec le Conseil burkinab\u00e8 de l\u2019anacarde (CBA) organise du 31 ao\u00fbt au 2 septembre 2023 \u00e0 la Maison de la culture de Bobo-Dioulasso, les \u00c9tats\u2026","_links":{"self":[{"href":"https:\/\/blog.hascorburkina.com\/index.php\/wp-json\/wp\/v2\/pages\/3593","targetHints":{"allow":["GET"]}}],"collection":[{"href":"https:\/\/blog.hascorburkina.com\/index.php\/wp-json\/wp\/v2\/pages"}],"about":[{"href":"https:\/\/blog.hascorburkina.com\/index.php\/wp-json\/wp\/v2\/types\/page"}],"author":[{"embeddable":true,"href":"https:\/\/blog.hascorburkina.com\/index.php\/wp-json\/wp\/v2\/users\/2"}],"replies":[{"embeddable":true,"href":"https:\/\/blog.hascorburkina.com\/index.php\/wp-json\/wp\/v2\/comments?post=3593"}],"version-history":[{"count":4,"href":"https:\/\/blog.hascorburkina.com\/index.php\/wp-json\/wp\/v2\/pages\/3593\/revisions"}],"predecessor-version":[{"id":3598,"href":"https:\/\/blog.hascorburkina.com\/index.php\/wp-json\/wp\/v2\/pages\/3593\/revisions\/3598"}],"wp:attachment":[{"href":"https:\/\/blog.hascorburkina.com\/index.php\/wp-json\/wp\/v2\/media?parent=3593"}],"curies":[{"name":"wp","href":"https:\/\/api.w.org\/{rel}","templated":true}]}}