{"id":3586,"date":"2023-09-04T15:46:52","date_gmt":"2023-09-04T15:46:52","guid":{"rendered":"https:\/\/blog.hascorburkina.com\/?page_id=3586"},"modified":"2023-09-04T15:49:43","modified_gmt":"2023-09-04T15:49:43","slug":"actualite-39","status":"publish","type":"page","link":"https:\/\/blog.hascorburkina.com\/index.php\/actualite-39\/","title":{"rendered":"actualite"},"content":{"rendered":"\t\t<div data-elementor-type=\"wp-page\" data-elementor-id=\"3586\" class=\"elementor elementor-3586\">\n\t\t\t\t\t\t<section class=\"elementor-section elementor-top-section elementor-element elementor-element-0a415ba elementor-section-boxed elementor-section-height-default elementor-section-height-default\" data-id=\"0a415ba\" data-element_type=\"section\" data-e-type=\"section\">\n\t\t\t\t\t\t<div class=\"elementor-container elementor-column-gap-default\">\n\t\t\t\t\t<div class=\"elementor-column elementor-col-100 elementor-top-column elementor-element elementor-element-18fe727\" data-id=\"18fe727\" data-element_type=\"column\" data-e-type=\"column\">\n\t\t\t<div class=\"elementor-widget-wrap elementor-element-populated\">\n\t\t\t\t\t\t<div class=\"elementor-element elementor-element-5e6c109 elementor-widget elementor-widget-heading\" data-id=\"5e6c109\" data-element_type=\"widget\" data-e-type=\"widget\" data-widget_type=\"heading.default\">\n\t\t\t\t<div class=\"elementor-widget-container\">\n\t\t\t\t\t<h2 class=\"elementor-heading-title elementor-size-default\"><h1 class=\"entry-title\" style=\"margin-top: 20px;margin-bottom: 10px;font-style: normal;font-weight: 500;font-size: 36px;line-height: 1.1;, Helvetica, Arial, sans-serif;display: block;text-transform: none\">Transition du FCFA \u00e0 l\u2019ECO : Le Centre d\u2019analyse des politiques \u00e9conomiques et sociales pose le d\u00e9bat<\/h2>\t\t\t\t<\/div>\n\t\t\t\t<\/div>\n\t\t\t\t\t<\/div>\n\t\t<\/div>\n\t\t\t\t\t<\/div>\n\t\t<\/section>\n\t\t\t\t<section class=\"elementor-section elementor-top-section elementor-element elementor-element-5d6c092 elementor-section-content-middle elementor-section-boxed elementor-section-height-default elementor-section-height-default\" data-id=\"5d6c092\" data-element_type=\"section\" data-e-type=\"section\" data-settings=\"{&quot;background_background&quot;:&quot;classic&quot;}\">\n\t\t\t\t\t\t\t<div class=\"elementor-background-overlay\"><\/div>\n\t\t\t\t\t\t\t<div class=\"elementor-container elementor-column-gap-no\">\n\t\t\t\t\t<div class=\"elementor-column elementor-col-50 elementor-top-column elementor-element elementor-element-b98856e\" data-id=\"b98856e\" data-element_type=\"column\" data-e-type=\"column\">\n\t\t\t<div class=\"elementor-widget-wrap elementor-element-populated\">\n\t\t\t\t\t\t<div class=\"elementor-element elementor-element-d6e3046 elementor-widget elementor-widget-image\" data-id=\"d6e3046\" data-element_type=\"widget\" data-e-type=\"widget\" data-widget_type=\"image.default\">\n\t\t\t\t<div class=\"elementor-widget-container\">\n\t\t\t\t\t\t\t\t\t\t\t\t\t\t\t<img fetchpriority=\"high\" decoding=\"async\" width=\"700\" height=\"378\" src=\"https:\/\/blog.hascorburkina.com\/wp-content\/uploads\/2023\/09\/arton124042.jpg\" class=\"attachment-full size-full wp-image-3585\" alt=\"\" srcset=\"https:\/\/blog.hascorburkina.com\/wp-content\/uploads\/2023\/09\/arton124042.jpg 700w, https:\/\/blog.hascorburkina.com\/wp-content\/uploads\/2023\/09\/arton124042-600x324.jpg 600w, https:\/\/blog.hascorburkina.com\/wp-content\/uploads\/2023\/09\/arton124042-300x162.jpg 300w\" sizes=\"(max-width: 700px) 100vw, 700px\" \/>\t\t\t\t\t\t\t\t\t\t\t\t\t\t\t<\/div>\n\t\t\t\t<\/div>\n\t\t\t\t\t<\/div>\n\t\t<\/div>\n\t\t\t\t<div class=\"elementor-column elementor-col-50 elementor-top-column elementor-element elementor-element-8c5871c\" data-id=\"8c5871c\" data-element_type=\"column\" data-e-type=\"column\">\n\t\t\t<div class=\"elementor-widget-wrap elementor-element-populated\">\n\t\t\t\t\t\t<div class=\"elementor-element elementor-element-2faa5ce elementor-widget elementor-widget-text-editor\" data-id=\"2faa5ce\" data-element_type=\"widget\" data-e-type=\"widget\" data-widget_type=\"text-editor.default\">\n\t\t\t\t<div class=\"elementor-widget-container\">\n\t\t\t\t\t\t\t\t\t<p><strong>Le 21 d\u00e9cembre 2019, les pr\u00e9sidents Alassane Ouattara et Emmanuel Macron laissaient entendre au travers de leurs propos, que le passage du franc CFA \u00e0 l\u2019ECO reviendrait juste \u00e0 un changement de d\u00e9nomination du franc CFA.<\/strong><\/p><div class=\"article_content\"><p>Des propos qui ne laissent pas croire en un lendemain meilleur, d\u2019o\u00f9 la n\u00e9cessit\u00e9 de se pencher s\u00e9rieusement sur la question. Et c\u2019est cela l\u2019objet de la conf\u00e9rence organis\u00e9e par le Centre d\u2019analyse des politiques \u00e9conomiques et sociales (CAPES), ce lundi 4 septembre 2023, \u00e0 Ouagadougou.<\/p><p>Le th\u00e8me retenu \u00e0 cette occasion est\u00a0: \u00ab\u00a0Souverainet\u00e9 politique et mon\u00e9taire dans l\u2019espace Communaut\u00e9 \u00e9conomique des Etats de l\u2019Afrique de l\u2019ouest (CEDEAO)\u00a0: Faut-il poursuivre la transition du CFA \u00e0 l\u2019ECO\u00a0?\u00a0\u00bb<\/p><\/div>\t\t\t\t\t\t\t\t<\/div>\n\t\t\t\t<\/div>\n\t\t\t\t\t<\/div>\n\t\t<\/div>\n\t\t\t\t\t<\/div>\n\t\t<\/section>\n\t\t\t\t<section class=\"elementor-section elementor-top-section elementor-element elementor-element-c1a9801 elementor-section-boxed elementor-section-height-default elementor-section-height-default\" data-id=\"c1a9801\" data-element_type=\"section\" data-e-type=\"section\">\n\t\t\t\t\t\t<div class=\"elementor-container elementor-column-gap-default\">\n\t\t\t\t\t<div class=\"elementor-column elementor-col-100 elementor-top-column elementor-element elementor-element-c9c6f1e\" data-id=\"c9c6f1e\" data-element_type=\"column\" data-e-type=\"column\">\n\t\t\t<div class=\"elementor-widget-wrap elementor-element-populated\">\n\t\t\t\t\t\t<div class=\"elementor-element elementor-element-795f6dc elementor-widget elementor-widget-text-editor\" data-id=\"795f6dc\" data-element_type=\"widget\" data-e-type=\"widget\" data-widget_type=\"text-editor.default\">\n\t\t\t\t<div class=\"elementor-widget-container\">\n\t\t\t\t\t\t\t\t\t<p>Et pour le Premier ministre, cette question est int\u00e9ressante car elle vient \u00e9clairer les pays africains qui font des pieds et des mains pour d\u00e9tenir eux aussi leurs monnaies. Aussi, soutient-il, cela permettra \u00e0 ces derniers, si toutefois le projet aboutit, d\u2019avoir le contr\u00f4le des produits qu\u2019ils produisent et commercialisent.<\/p><p>Aussi, invite t-il les panelistes \u00e0 ne pas perdre de vue dans leurs recommandations, le fait que des monnaies nationales cr\u00e9\u00e9es dans la pr\u00e9cipitation ou sans les pr\u00e9cautions n\u00e9cessaires ont fini par se volatiliser apr\u00e8s avoir mis les populations dans le d\u00e9sarroi.<\/p><p><i>Nous y reviendrons<\/i><\/p><p><iframe src=\"https:\/\/www.facebook.com\/plugins\/video.php?height=314&amp;href=https%3A%2F%2Fwww.facebook.com%2Flefaso.net%2Fvideos%2F1244639599549052%2F&amp;show_text=false&amp;width=560&amp;t=0\" width=\"760\" height=\"514\" frameborder=\"0\" scrolling=\"no\" allowfullscreen=\"allowfullscreen\" data-mce-fragment=\"1\"><\/iframe><\/p><p><strong>Lefaso.net<\/strong><\/p>\t\t\t\t\t\t\t\t<\/div>\n\t\t\t\t<\/div>\n\t\t\t\t\t<\/div>\n\t\t<\/div>\n\t\t\t\t\t<\/div>\n\t\t<\/section>\n\t\t\t\t<\/div>\n\t\t","protected":false},"excerpt":{"rendered":"<p>Transition du FCFA \u00e0 l\u2019ECO : Le Centre d\u2019analyse des politiques \u00e9conomiques et sociales pose le d\u00e9bat Le 21 d\u00e9cembre 2019, les pr\u00e9sidents Alassane Ouattara et Emmanuel Macron laissaient entendre au travers de leurs propos, que le passage du franc CFA \u00e0 l\u2019ECO reviendrait juste \u00e0 un changement de d\u00e9nomination du franc CFA. Des propos [&hellip;]<\/p>\n","protected":false},"author":2,"featured_media":0,"parent":0,"menu_order":0,"comment_status":"closed","ping_status":"closed","template":"","meta":{"site-sidebar-layout":"no-sidebar","site-content-layout":"page-builder","ast-site-content-layout":"default","site-content-style":"default","site-sidebar-style":"default","ast-global-header-display":"","ast-banner-title-visibility":"","ast-main-header-display":"","ast-hfb-above-header-display":"","ast-hfb-below-header-display":"","ast-hfb-mobile-header-display":"","site-post-title":"disabled","ast-breadcrumbs-content":"","ast-featured-img":"disabled","footer-sml-layout":"","theme-transparent-header-meta":"","adv-header-id-meta":"","stick-header-meta":"","header-above-stick-meta":"","header-main-stick-meta":"","header-below-stick-meta":"","astra-migrate-meta-layouts":"default","ast-page-background-enabled":"default","ast-page-background-meta":{"desktop":{"background-color":"","background-image":"","background-repeat":"repeat","background-position":"center center","background-size":"auto","background-attachment":"scroll","background-type":"","background-media":"","overlay-type":"","overlay-color":"","overlay-opacity":"","overlay-gradient":""},"tablet":{"background-color":"","background-image":"","background-repeat":"repeat","background-position":"center center","background-size":"auto","background-attachment":"scroll","background-type":"","background-media":"","overlay-type":"","overlay-color":"","overlay-opacity":"","overlay-gradient":""},"mobile":{"background-color":"","background-image":"","background-repeat":"repeat","background-position":"center center","background-size":"auto","background-attachment":"scroll","background-type":"","background-media":"","overlay-type":"","overlay-color":"","overlay-opacity":"","overlay-gradient":""}},"ast-content-background-meta":{"desktop":{"background-color":"var(--ast-global-color-5)","background-image":"","background-repeat":"repeat","background-position":"center center","background-size":"auto","background-attachment":"scroll","background-type":"","background-media":"","overlay-type":"","overlay-color":"","overlay-opacity":"","overlay-gradient":""},"tablet":{"background-color":"var(--ast-global-color-5)","background-image":"","background-repeat":"repeat","background-position":"center center","background-size":"auto","background-attachment":"scroll","background-type":"","background-media":"","overlay-type":"","overlay-color":"","overlay-opacity":"","overlay-gradient":""},"mobile":{"background-color":"var(--ast-global-color-5)","background-image":"","background-repeat":"repeat","background-position":"center center","background-size":"auto","background-attachment":"scroll","background-type":"","background-media":"","overlay-type":"","overlay-color":"","overlay-opacity":"","overlay-gradient":""}},"footnotes":""},"class_list":["post-3586","page","type-page","status-publish","hentry"],"jetpack_sharing_enabled":true,"rttpg_featured_image_url":null,"rttpg_author":{"display_name":"Hascor Burkina","author_link":"https:\/\/blog.hascorburkina.com\/index.php\/author\/hascorblog\/"},"rttpg_comment":0,"rttpg_category":null,"rttpg_excerpt":"Transition du FCFA \u00e0 l\u2019ECO : Le Centre d\u2019analyse des politiques \u00e9conomiques et sociales pose le d\u00e9bat Le 21 d\u00e9cembre 2019, les pr\u00e9sidents Alassane Ouattara et Emmanuel Macron laissaient entendre au travers de leurs propos, que le passage du franc CFA \u00e0 l\u2019ECO reviendrait juste \u00e0 un changement de d\u00e9nomination du franc CFA. Des propos\u2026","_links":{"self":[{"href":"https:\/\/blog.hascorburkina.com\/index.php\/wp-json\/wp\/v2\/pages\/3586","targetHints":{"allow":["GET"]}}],"collection":[{"href":"https:\/\/blog.hascorburkina.com\/index.php\/wp-json\/wp\/v2\/pages"}],"about":[{"href":"https:\/\/blog.hascorburkina.com\/index.php\/wp-json\/wp\/v2\/types\/page"}],"author":[{"embeddable":true,"href":"https:\/\/blog.hascorburkina.com\/index.php\/wp-json\/wp\/v2\/users\/2"}],"replies":[{"embeddable":true,"href":"https:\/\/blog.hascorburkina.com\/index.php\/wp-json\/wp\/v2\/comments?post=3586"}],"version-history":[{"count":4,"href":"https:\/\/blog.hascorburkina.com\/index.php\/wp-json\/wp\/v2\/pages\/3586\/revisions"}],"predecessor-version":[{"id":3591,"href":"https:\/\/blog.hascorburkina.com\/index.php\/wp-json\/wp\/v2\/pages\/3586\/revisions\/3591"}],"wp:attachment":[{"href":"https:\/\/blog.hascorburkina.com\/index.php\/wp-json\/wp\/v2\/media?parent=3586"}],"curies":[{"name":"wp","href":"https:\/\/api.w.org\/{rel}","templated":true}]}}