{"id":3574,"date":"2023-09-01T10:51:44","date_gmt":"2023-09-01T10:51:44","guid":{"rendered":"https:\/\/blog.hascorburkina.com\/?page_id=3574"},"modified":"2023-09-01T10:54:23","modified_gmt":"2023-09-01T10:54:23","slug":"actualite-38","status":"publish","type":"page","link":"https:\/\/blog.hascorburkina.com\/index.php\/actualite-38\/","title":{"rendered":"actualit\u00e9"},"content":{"rendered":"\t\t<div data-elementor-type=\"wp-page\" data-elementor-id=\"3574\" class=\"elementor elementor-3574\">\n\t\t\t\t\t\t<section class=\"elementor-section elementor-top-section elementor-element elementor-element-aed216d elementor-section-boxed elementor-section-height-default elementor-section-height-default\" data-id=\"aed216d\" data-element_type=\"section\" data-e-type=\"section\">\n\t\t\t\t\t\t<div class=\"elementor-container elementor-column-gap-default\">\n\t\t\t\t\t<div class=\"elementor-column elementor-col-100 elementor-top-column elementor-element elementor-element-d598ab0\" data-id=\"d598ab0\" data-element_type=\"column\" data-e-type=\"column\">\n\t\t\t<div class=\"elementor-widget-wrap elementor-element-populated\">\n\t\t\t\t\t\t<div class=\"elementor-element elementor-element-275494b elementor-widget elementor-widget-heading\" data-id=\"275494b\" data-element_type=\"widget\" data-e-type=\"widget\" data-widget_type=\"heading.default\">\n\t\t\t\t<div class=\"elementor-widget-container\">\n\t\t\t\t\t<h2 class=\"elementor-heading-title elementor-size-default\"><h1 class=\"entry-title\" style=\"margin-top: 20px;margin-bottom: 10px;font-style: normal;font-weight: 500;font-size: 36px;line-height: 1.1;, Helvetica, Arial, sans-serif;display: block;text-transform: none\" \/>S\u00e9curit\u00e9 &gt;: La F\u00e9d\u00e9ration de Russie r\u00e9affirme son soutien aux autorit\u00e9s de la Transition<\/h2>\t\t\t\t<\/div>\n\t\t\t\t<\/div>\n\t\t\t\t\t<\/div>\n\t\t<\/div>\n\t\t\t\t\t<\/div>\n\t\t<\/section>\n\t\t\t\t<section class=\"elementor-section elementor-top-section elementor-element elementor-element-7b5a872 elementor-section-content-middle elementor-section-boxed elementor-section-height-default elementor-section-height-default\" data-id=\"7b5a872\" data-element_type=\"section\" data-e-type=\"section\" data-settings=\"{&quot;background_background&quot;:&quot;classic&quot;}\">\n\t\t\t\t\t\t\t<div class=\"elementor-background-overlay\"><\/div>\n\t\t\t\t\t\t\t<div class=\"elementor-container elementor-column-gap-no\">\n\t\t\t\t\t<div class=\"elementor-column elementor-col-50 elementor-top-column elementor-element elementor-element-936c007\" data-id=\"936c007\" data-element_type=\"column\" data-e-type=\"column\">\n\t\t\t<div class=\"elementor-widget-wrap elementor-element-populated\">\n\t\t\t\t\t\t<div class=\"elementor-element elementor-element-be7f20a elementor-widget elementor-widget-image\" data-id=\"be7f20a\" data-element_type=\"widget\" data-e-type=\"widget\" data-widget_type=\"image.default\">\n\t\t\t\t<div class=\"elementor-widget-container\">\n\t\t\t\t\t\t\t\t\t\t\t\t\t\t\t<img fetchpriority=\"high\" decoding=\"async\" width=\"960\" height=\"676\" src=\"https:\/\/blog.hascorburkina.com\/wp-content\/uploads\/2023\/09\/arton123986.jpg\" class=\"attachment-full size-full wp-image-3573\" alt=\"\" srcset=\"https:\/\/blog.hascorburkina.com\/wp-content\/uploads\/2023\/09\/arton123986.jpg 960w, https:\/\/blog.hascorburkina.com\/wp-content\/uploads\/2023\/09\/arton123986-600x423.jpg 600w, https:\/\/blog.hascorburkina.com\/wp-content\/uploads\/2023\/09\/arton123986-300x211.jpg 300w, https:\/\/blog.hascorburkina.com\/wp-content\/uploads\/2023\/09\/arton123986-768x541.jpg 768w\" sizes=\"(max-width: 960px) 100vw, 960px\" \/>\t\t\t\t\t\t\t\t\t\t\t\t\t\t\t<\/div>\n\t\t\t\t<\/div>\n\t\t\t\t\t<\/div>\n\t\t<\/div>\n\t\t\t\t<div class=\"elementor-column elementor-col-50 elementor-top-column elementor-element elementor-element-e70f379\" data-id=\"e70f379\" data-element_type=\"column\" data-e-type=\"column\">\n\t\t\t<div class=\"elementor-widget-wrap elementor-element-populated\">\n\t\t\t\t\t\t<div class=\"elementor-element elementor-element-c4f0213 elementor-widget elementor-widget-text-editor\" data-id=\"c4f0213\" data-element_type=\"widget\" data-e-type=\"widget\" data-widget_type=\"text-editor.default\">\n\t\t\t\t<div class=\"elementor-widget-container\">\n\t\t\t\t\t\t\t\t\t<p><strong>(Ouagadougou, 31 ao\u00fbt 2023). Le Pr\u00e9sident de la Transition, Chef de l\u2019Etat, le Capitaine Ibrahim TRAORE, a \u00e9chang\u00e9 ce jeudi apr\u00e8s-midi, avec une d\u00e9l\u00e9gation russe conduite par le Vice-Ministre de la D\u00e9fense de la F\u00e9d\u00e9ration de Russie, le Colonel-g\u00e9n\u00e9ral Younous-Bek EVKOUROV.<\/strong><\/p><div class=\"article_content\"><p>\u00ab\u00a0Nous avons discut\u00e9 des questions \u00e9voqu\u00e9es lors de la rencontre entre le Pr\u00e9sident de la Transition du Burkina Faso et celui de la F\u00e9d\u00e9ration de Russie lors du sommet Russie-Afrique \u00e0 Saint P\u00e9tersbourg. Nous avons \u00e9galement abord\u00e9 les conclusions des \u00e9changes entre les ministres en charge de la d\u00e9fense des deux pays en Russie\u00a0\u00bb, a d\u00e9clar\u00e9 le Vice-Ministre \u00e0 la fin de l\u2019audience.<\/p><\/div>\t\t\t\t\t\t\t\t<\/div>\n\t\t\t\t<\/div>\n\t\t\t\t\t<\/div>\n\t\t<\/div>\n\t\t\t\t\t<\/div>\n\t\t<\/section>\n\t\t\t\t<section class=\"elementor-section elementor-top-section elementor-element elementor-element-f5d8349 elementor-section-boxed elementor-section-height-default elementor-section-height-default\" data-id=\"f5d8349\" data-element_type=\"section\" data-e-type=\"section\">\n\t\t\t\t\t\t<div class=\"elementor-container elementor-column-gap-default\">\n\t\t\t\t\t<div class=\"elementor-column elementor-col-100 elementor-top-column elementor-element elementor-element-6976be3\" data-id=\"6976be3\" data-element_type=\"column\" data-e-type=\"column\">\n\t\t\t<div class=\"elementor-widget-wrap elementor-element-populated\">\n\t\t\t\t\t\t<div class=\"elementor-element elementor-element-5a6a223 elementor-widget elementor-widget-text-editor\" data-id=\"5a6a223\" data-element_type=\"widget\" data-e-type=\"widget\" data-widget_type=\"text-editor.default\">\n\t\t\t\t<div class=\"elementor-widget-container\">\n\t\t\t\t\t\t\t\t\t<div class=\"article_content\"><p>La d\u00e9l\u00e9gation russe a \u00e9galement pr\u00e9sent\u00e9 les actions d\u00e9j\u00e0 men\u00e9es dans le domaine de la coop\u00e9ration militaire et abord\u00e9 les perspectives avec le Chef de l\u2019\u00c9tat. \u00ab\u00a0Ce sont toutes les sph\u00e8res y compris la coop\u00e9ration militaire et technique mais aussi la coop\u00e9ration dans le domaine de l\u2019\u00e9conomie, de l\u2019\u00e9nergie nucl\u00e9aire et toutes les questions qui pourraient susciter une coop\u00e9ration\u00a0\u00bb, a expliqu\u00e9 le Colonel-g\u00e9n\u00e9ral Younous-Bek EVKOUROV.<\/p><p><span class=\"spip_document_155664 spip_documents spip_documents_center\"><img decoding=\"async\" src=\"https:\/\/lefaso.net\/local\/cache-vignettes\/L600xH490\/369726039_687498476752301_4471036816724943147_n-64f93.jpg?1693508085\" alt=\"\" width=\"600\" height=\"490\" \/><\/span><\/p><p>Le chef de la d\u00e9l\u00e9gation russe a assur\u00e9 au Chef de l\u2019Etat le soutien de son pays \u00e0 la Transition et au peuple burkinab\u00e8 dans tous les secteurs de d\u00e9veloppement.<br class=\"autobr\" \/>Les secteurs de coop\u00e9ration concernent essentiellement le domaine militaire avec la formation des \u00e9l\u00e8ves-officiers et officiers burkinab\u00e8 \u00e0 tous les niveaux, y compris les pilotes en Russie a conclu le Vice-Ministre de la D\u00e9fense de la F\u00e9d\u00e9ration de Russie, le Colonel-g\u00e9n\u00e9ral Younous-Bek EVKOUROV.<\/p><p><span class=\"spip_document_155663 spip_documents spip_documents_center\"><img decoding=\"async\" src=\"https:\/\/lefaso.net\/local\/cache-vignettes\/L600xH405\/369803013_687498430085639_5984714522280140555_n-62adf.jpg?1693508085\" alt=\"\" width=\"600\" height=\"405\" \/><\/span><\/p><p><strong>Direction de la Communication de la Pr\u00e9sidence du Faso<\/strong><\/p><\/div><div id=\"documents_portfolio\" class=\"bloc clearfix\"><h2>Portfolio<\/h2><\/div>\t\t\t\t\t\t\t\t<\/div>\n\t\t\t\t<\/div>\n\t\t\t\t\t<\/div>\n\t\t<\/div>\n\t\t\t\t\t<\/div>\n\t\t<\/section>\n\t\t\t\t<\/div>\n\t\t","protected":false},"excerpt":{"rendered":"<p>S\u00e9curit\u00e9 >: La F\u00e9d\u00e9ration de Russie r\u00e9affirme son soutien aux autorit\u00e9s de la Transition (Ouagadougou, 31 ao\u00fbt 2023). Le Pr\u00e9sident de la Transition, Chef de l\u2019Etat, le Capitaine Ibrahim TRAORE, a \u00e9chang\u00e9 ce jeudi apr\u00e8s-midi, avec une d\u00e9l\u00e9gation russe conduite par le Vice-Ministre de la D\u00e9fense de la F\u00e9d\u00e9ration de Russie, le Colonel-g\u00e9n\u00e9ral Younous-Bek EVKOUROV. [&hellip;]<\/p>\n","protected":false},"author":2,"featured_media":0,"parent":0,"menu_order":0,"comment_status":"closed","ping_status":"closed","template":"","meta":{"site-sidebar-layout":"no-sidebar","site-content-layout":"page-builder","ast-site-content-layout":"default","site-content-style":"default","site-sidebar-style":"default","ast-global-header-display":"","ast-banner-title-visibility":"","ast-main-header-display":"","ast-hfb-above-header-display":"","ast-hfb-below-header-display":"","ast-hfb-mobile-header-display":"","site-post-title":"disabled","ast-breadcrumbs-content":"","ast-featured-img":"disabled","footer-sml-layout":"","theme-transparent-header-meta":"","adv-header-id-meta":"","stick-header-meta":"","header-above-stick-meta":"","header-main-stick-meta":"","header-below-stick-meta":"","astra-migrate-meta-layouts":"default","ast-page-background-enabled":"default","ast-page-background-meta":{"desktop":{"background-color":"","background-image":"","background-repeat":"repeat","background-position":"center center","background-size":"auto","background-attachment":"scroll","background-type":"","background-media":"","overlay-type":"","overlay-color":"","overlay-opacity":"","overlay-gradient":""},"tablet":{"background-color":"","background-image":"","background-repeat":"repeat","background-position":"center center","background-size":"auto","background-attachment":"scroll","background-type":"","background-media":"","overlay-type":"","overlay-color":"","overlay-opacity":"","overlay-gradient":""},"mobile":{"background-color":"","background-image":"","background-repeat":"repeat","background-position":"center center","background-size":"auto","background-attachment":"scroll","background-type":"","background-media":"","overlay-type":"","overlay-color":"","overlay-opacity":"","overlay-gradient":""}},"ast-content-background-meta":{"desktop":{"background-color":"var(--ast-global-color-5)","background-image":"","background-repeat":"repeat","background-position":"center center","background-size":"auto","background-attachment":"scroll","background-type":"","background-media":"","overlay-type":"","overlay-color":"","overlay-opacity":"","overlay-gradient":""},"tablet":{"background-color":"var(--ast-global-color-5)","background-image":"","background-repeat":"repeat","background-position":"center center","background-size":"auto","background-attachment":"scroll","background-type":"","background-media":"","overlay-type":"","overlay-color":"","overlay-opacity":"","overlay-gradient":""},"mobile":{"background-color":"var(--ast-global-color-5)","background-image":"","background-repeat":"repeat","background-position":"center center","background-size":"auto","background-attachment":"scroll","background-type":"","background-media":"","overlay-type":"","overlay-color":"","overlay-opacity":"","overlay-gradient":""}},"footnotes":""},"class_list":["post-3574","page","type-page","status-publish","hentry"],"jetpack_sharing_enabled":true,"rttpg_featured_image_url":null,"rttpg_author":{"display_name":"Hascor Burkina","author_link":"https:\/\/blog.hascorburkina.com\/index.php\/author\/hascorblog\/"},"rttpg_comment":0,"rttpg_category":null,"rttpg_excerpt":"S\u00e9curit\u00e9 >: La F\u00e9d\u00e9ration de Russie r\u00e9affirme son soutien aux autorit\u00e9s de la Transition (Ouagadougou, 31 ao\u00fbt 2023). Le Pr\u00e9sident de la Transition, Chef de l\u2019Etat, le Capitaine Ibrahim TRAORE, a \u00e9chang\u00e9 ce jeudi apr\u00e8s-midi, avec une d\u00e9l\u00e9gation russe conduite par le Vice-Ministre de la D\u00e9fense de la F\u00e9d\u00e9ration de Russie, le Colonel-g\u00e9n\u00e9ral Younous-Bek EVKOUROV.\u2026","_links":{"self":[{"href":"https:\/\/blog.hascorburkina.com\/index.php\/wp-json\/wp\/v2\/pages\/3574","targetHints":{"allow":["GET"]}}],"collection":[{"href":"https:\/\/blog.hascorburkina.com\/index.php\/wp-json\/wp\/v2\/pages"}],"about":[{"href":"https:\/\/blog.hascorburkina.com\/index.php\/wp-json\/wp\/v2\/types\/page"}],"author":[{"embeddable":true,"href":"https:\/\/blog.hascorburkina.com\/index.php\/wp-json\/wp\/v2\/users\/2"}],"replies":[{"embeddable":true,"href":"https:\/\/blog.hascorburkina.com\/index.php\/wp-json\/wp\/v2\/comments?post=3574"}],"version-history":[{"count":4,"href":"https:\/\/blog.hascorburkina.com\/index.php\/wp-json\/wp\/v2\/pages\/3574\/revisions"}],"predecessor-version":[{"id":3579,"href":"https:\/\/blog.hascorburkina.com\/index.php\/wp-json\/wp\/v2\/pages\/3574\/revisions\/3579"}],"wp:attachment":[{"href":"https:\/\/blog.hascorburkina.com\/index.php\/wp-json\/wp\/v2\/media?parent=3574"}],"curies":[{"name":"wp","href":"https:\/\/api.w.org\/{rel}","templated":true}]}}