{"id":3567,"date":"2023-09-01T10:36:57","date_gmt":"2023-09-01T10:36:57","guid":{"rendered":"https:\/\/blog.hascorburkina.com\/?page_id=3567"},"modified":"2023-09-01T10:38:24","modified_gmt":"2023-09-01T10:38:24","slug":"actualite-37","status":"publish","type":"page","link":"https:\/\/blog.hascorburkina.com\/index.php\/actualite-37\/","title":{"rendered":"actualite"},"content":{"rendered":"\t\t<div data-elementor-type=\"wp-page\" data-elementor-id=\"3567\" class=\"elementor elementor-3567\">\n\t\t\t\t\t\t<section class=\"elementor-section elementor-top-section elementor-element elementor-element-515b8a4 elementor-section-boxed elementor-section-height-default elementor-section-height-default\" data-id=\"515b8a4\" data-element_type=\"section\" data-e-type=\"section\">\n\t\t\t\t\t\t<div class=\"elementor-container elementor-column-gap-default\">\n\t\t\t\t\t<div class=\"elementor-column elementor-col-100 elementor-top-column elementor-element elementor-element-a6981e7\" data-id=\"a6981e7\" data-element_type=\"column\" data-e-type=\"column\">\n\t\t\t<div class=\"elementor-widget-wrap elementor-element-populated\">\n\t\t\t\t\t\t<div class=\"elementor-element elementor-element-83aaeee elementor-widget elementor-widget-heading\" data-id=\"83aaeee\" data-element_type=\"widget\" data-e-type=\"widget\" data-widget_type=\"heading.default\">\n\t\t\t\t<div class=\"elementor-widget-container\">\n\t\t\t\t\t<h2 class=\"elementor-heading-title elementor-size-default\"><h1 class=\"entry-title\" style=\"margin-top: 20px;margin-bottom: 10px;font-style: normal;font-weight: 500;font-size: 36px;line-height: 1.1;, Helvetica, Arial, sans-serif;display: block;text-transform: none\">Gestion du patrimoine non financier de l\u2019Etat : Des acteurs sensibilis\u00e9s sur la question \u00e0 Bobo-Dioulasso<\/h2>\t\t\t\t<\/div>\n\t\t\t\t<\/div>\n\t\t\t\t\t<\/div>\n\t\t<\/div>\n\t\t\t\t\t<\/div>\n\t\t<\/section>\n\t\t\t\t<section class=\"elementor-section elementor-top-section elementor-element elementor-element-4a46d63 elementor-section-content-middle elementor-section-boxed elementor-section-height-default elementor-section-height-default\" data-id=\"4a46d63\" data-element_type=\"section\" data-e-type=\"section\" data-settings=\"{&quot;background_background&quot;:&quot;classic&quot;}\">\n\t\t\t\t\t\t\t<div class=\"elementor-background-overlay\"><\/div>\n\t\t\t\t\t\t\t<div class=\"elementor-container elementor-column-gap-no\">\n\t\t\t\t\t<div class=\"elementor-column elementor-col-50 elementor-top-column elementor-element elementor-element-15efc91\" data-id=\"15efc91\" data-element_type=\"column\" data-e-type=\"column\">\n\t\t\t<div class=\"elementor-widget-wrap elementor-element-populated\">\n\t\t\t\t\t\t<div class=\"elementor-element elementor-element-89f7b5a elementor-widget elementor-widget-image\" data-id=\"89f7b5a\" data-element_type=\"widget\" data-e-type=\"widget\" data-widget_type=\"image.default\">\n\t\t\t\t<div class=\"elementor-widget-container\">\n\t\t\t\t\t\t\t\t\t\t\t\t\t\t\t<img fetchpriority=\"high\" decoding=\"async\" width=\"2016\" height=\"1512\" src=\"https:\/\/blog.hascorburkina.com\/wp-content\/uploads\/2023\/09\/arton123980.jpg\" class=\"attachment-full size-full wp-image-3566\" alt=\"\" srcset=\"https:\/\/blog.hascorburkina.com\/wp-content\/uploads\/2023\/09\/arton123980.jpg 2016w, https:\/\/blog.hascorburkina.com\/wp-content\/uploads\/2023\/09\/arton123980-600x450.jpg 600w, https:\/\/blog.hascorburkina.com\/wp-content\/uploads\/2023\/09\/arton123980-300x225.jpg 300w, https:\/\/blog.hascorburkina.com\/wp-content\/uploads\/2023\/09\/arton123980-1024x768.jpg 1024w, https:\/\/blog.hascorburkina.com\/wp-content\/uploads\/2023\/09\/arton123980-768x576.jpg 768w, https:\/\/blog.hascorburkina.com\/wp-content\/uploads\/2023\/09\/arton123980-1536x1152.jpg 1536w\" sizes=\"(max-width: 2016px) 100vw, 2016px\" \/>\t\t\t\t\t\t\t\t\t\t\t\t\t\t\t<\/div>\n\t\t\t\t<\/div>\n\t\t\t\t\t<\/div>\n\t\t<\/div>\n\t\t\t\t<div class=\"elementor-column elementor-col-50 elementor-top-column elementor-element elementor-element-6a0481e\" data-id=\"6a0481e\" data-element_type=\"column\" data-e-type=\"column\">\n\t\t\t<div class=\"elementor-widget-wrap elementor-element-populated\">\n\t\t\t\t\t\t<div class=\"elementor-element elementor-element-4f824b5 elementor-widget elementor-widget-text-editor\" data-id=\"4f824b5\" data-element_type=\"widget\" data-e-type=\"widget\" data-widget_type=\"text-editor.default\">\n\t\t\t\t<div class=\"elementor-widget-container\">\n\t\t\t\t\t\t\t\t\t<p><strong>La Direction g\u00e9n\u00e9rale des affaires immobili\u00e8res et de l\u2019\u00e9quipement de l\u2019Etat (DGAIE) organise, les 31 ao\u00fbt et 1er septembre 2023 \u00e0 Bobo-Dioulasso, un atelier de communication sur la gestion du patrimoine non financier de l\u2019Etat. Il s\u2019agira, au cours de cette rencontre, d\u2019informer et de sensibiliser les acteurs intervenant dans la gestion des biens mobiliers et immobiliers de l\u2019Etat sur les diff\u00e9rentes r\u00e9formes et la r\u00e8glementation y relatives.<\/strong><\/p><div class=\"article_content\"><p>Cette rencontre regroupe les acteurs issus des r\u00e9gions des Cascades, des Hauts-Bassins, de la Boucle du Mouhoun, du Sud-ouest et du Centre-ouest. Cet atelier vise ainsi \u00e0 renforcer leurs capacit\u00e9s sur les r\u00e9formes en cours dans la gestion du patrimoine non financier de l\u2019Etat. De fa\u00e7on sp\u00e9cifique, il s\u2019agira de leur pr\u00e9senter les diff\u00e9rentes r\u00e9formes ainsi que les nouveaux textes adopt\u00e9s. Mais aussi de mettre \u00e0 leur disposition la r\u00e9glementation en vigueur et de les inviter \u00e0 l\u2019application de ladite r\u00e9glementation.\u00a0<\/p><\/div>\t\t\t\t\t\t\t\t<\/div>\n\t\t\t\t<\/div>\n\t\t\t\t\t<\/div>\n\t\t<\/div>\n\t\t\t\t\t<\/div>\n\t\t<\/section>\n\t\t\t\t<section class=\"elementor-section elementor-top-section elementor-element elementor-element-eb9287d elementor-section-boxed elementor-section-height-default elementor-section-height-default\" data-id=\"eb9287d\" data-element_type=\"section\" data-e-type=\"section\">\n\t\t\t\t\t\t<div class=\"elementor-container elementor-column-gap-default\">\n\t\t\t\t\t<div class=\"elementor-column elementor-col-100 elementor-top-column elementor-element elementor-element-ce86fc7\" data-id=\"ce86fc7\" data-element_type=\"column\" data-e-type=\"column\">\n\t\t\t<div class=\"elementor-widget-wrap elementor-element-populated\">\n\t\t\t\t\t\t<div class=\"elementor-element elementor-element-93ba15e elementor-widget elementor-widget-text-editor\" data-id=\"93ba15e\" data-element_type=\"widget\" data-e-type=\"widget\" data-widget_type=\"text-editor.default\">\n\t\t\t\t<div class=\"elementor-widget-container\">\n\t\t\t\t\t\t\t\t\t<p>Toute chose qui va aboutir \u00e0 des \u00e9changes autour des diverses pr\u00e9occupations en lien avec la gestion du patrimoine non financier de l\u2019Etat.<\/p><p>La Direction g\u00e9n\u00e9rale des affaires immobili\u00e8res et de l\u2019\u00e9quipement de l\u2019Etat est une structure centrale du minist\u00e8re de l\u2019Economie, des finances et de la prospective. Elle a pour mission principale la gestion du patrimoine non financier de l\u2019Etat \u00e0 savoir l\u2019ensemble des biens meubles et immeubles de l\u2019Etat. Pour ainsi mener \u00e0 bien cette mission, elle a \u00e9labor\u00e9 trois strat\u00e9gies encadrant la gestion du mobilier, de l\u2019immobilier et du parc automobile de l\u2019Etat et de ses d\u00e9membrements. Il s\u2019agit de la strat\u00e9gie immobili\u00e8re de l\u2019Etat, la strat\u00e9gie de l\u2019\u00e9quipement de l\u2019Etat et la strat\u00e9gie d\u2019optimisation de la gestion du parc automobile de l\u2019Etat.<\/p><dl class=\"spip_document_155636 spip_documents spip_documents_center\"><dt><img decoding=\"async\" src=\"https:\/\/lefaso.net\/local\/cache-vignettes\/L600xH450\/ab2-695-c261c.jpg?1693503421\" alt=\"\" width=\"600\" height=\"450\" \/><\/dt><dd class=\"spip_doc_descriptif\"><i>Les acteurs de la cha\u00eene de gestion des biens publics en atelier de communication sur la gestion du patrimoine non financier de l\u2019Etat \u00e0 Bobo-Dioulasso<\/i><\/dd><\/dl><p>A cela s\u2019ajoute la tenue de la comptabilit\u00e9 des mati\u00e8res de l\u2019Etat et des autres organismes publics. Ces diff\u00e9rentes r\u00e9formes ont engendr\u00e9 une actualisation des textes r\u00e9glementaires et l\u2019\u00e9laboration de documents r\u00e9f\u00e9rentiels r\u00e9gissant la gestion optimale du patrimoine non financier de l\u2019Etat. Toute chose qui va permettre de rationaliser les d\u00e9penses de fonctionnement de l\u2019Etat. \u00ab\u00a0Depuis 2019, la DGAIE a \u00e9labor\u00e9 trois strat\u00e9gies. A l\u2019issue de cela, il y a eu des r\u00e9formes, de nouveaux textes. Nous sommes donc venus \u00e0 Bobo-Dioulasso pour pr\u00e9senter ces textes et sensibiliser nos partenaires \u00e0 l\u2019application rigoureuse de ces textes\u00a0\u00bb, a expliqu\u00e9 Djakaridja Barro, directeur g\u00e9n\u00e9ral des affaires immobili\u00e8res et de l\u2019\u00e9quipement de l\u2019Etat.<\/p><p>Il a indiqu\u00e9 que ces textes apportent de l\u2019innovation en mati\u00e8re de gestion du patrimoine non financier de l\u2019Etat. \u00ab\u00a0Il y a eu une innovation majeure au niveau de l\u2019utilisation des v\u00e9hicules de l\u2019Etat. Il y a un d\u00e9cret qui dit que, except\u00e9 le pr\u00e9sident du Faso, le pr\u00e9sident de l\u2019Assembl\u00e9e et le Premier ministre, aucune personnalit\u00e9 ne peut avoir plus d\u2019un v\u00e9hicule de fonction. Nous avons aussi plafonn\u00e9 les baux administratifs \u00e0 15 ans donc il n\u2019est plus possible de faire des baux \u00e0 \u00e9ternit\u00e9\u00a0\u00bb, a-t-il laiss\u00e9 entendre.<\/p><dl class=\"spip_document_155637 spip_documents spip_documents_center\"><dt><img decoding=\"async\" src=\"https:\/\/lefaso.net\/local\/cache-vignettes\/L600xH450\/ab3-625-0ad54.jpg?1693503422\" alt=\"\" width=\"600\" height=\"450\" \/><\/dt><dd class=\"spip_doc_descriptif\"><i>Djakaridja Barro, le directeur g\u00e9n\u00e9ral des affaires immobili\u00e8res et de l\u2019\u00e9quipement de l\u2019Etat expliquant les objectifs de cet atelier \u00e0 Bobo-Dioulasso<\/i><\/dd><\/dl><p>La tenue de cette activit\u00e9 de communication qui est organis\u00e9e en deux sessions de 48 heures chacune (la premi\u00e8re session se tient du 31 ao\u00fbt au 1er septembre et la seconde du 4 au 5 septembre 2023), vise \u00e0 informer les participants sur cette nouvelle r\u00e9glementation en mati\u00e8re de gestion du patrimoine non financier de l\u2019Etat et aussi \u00e0 les sensibiliser \u00e0 une gestion conforme \u00e0 cette r\u00e9glementation en vigueur pour l\u2019atteinte des objectifs escompt\u00e9s \u00e0 savoir la bonne gouvernance des biens publics.<\/p><p>La rencontre sera ponctu\u00e9e de communications, suivies d\u2019\u00e9changes sur, entre autres, la gestion des baux administratifs\u00a0; la gestion du mat\u00e9riel roulant de l\u2019Etat\u00a0; les mesures li\u00e9es \u00e0 la rationalisation des d\u00e9penses publiques d\u2019eau, d\u2019\u00e9lectricit\u00e9 et de t\u00e9l\u00e9phone\u00a0; la gestion des op\u00e9rations de ventes aux ench\u00e8res publiques en ligne\u00a0; les g\u00e9n\u00e9ralit\u00e9s sur la comptabilit\u00e9 des mati\u00e8res. Cette rencontre sera aussi l\u2019occasion pour les acteurs de la cha\u00eene de gestion des biens publics d\u2019exposer leurs pr\u00e9occupations en lien avec la gestion du patrimoine non financier de l\u2019Etat. A l\u2019issue de l\u2019atelier, ces acteurs b\u00e9n\u00e9ficieront des textes qui r\u00e9gissent ces r\u00e9formes en vue de leur application.<\/p><p><strong>Romuald Dofini<\/strong><\/p>\t\t\t\t\t\t\t\t<\/div>\n\t\t\t\t<\/div>\n\t\t\t\t\t<\/div>\n\t\t<\/div>\n\t\t\t\t\t<\/div>\n\t\t<\/section>\n\t\t\t\t<\/div>\n\t\t","protected":false},"excerpt":{"rendered":"<p>Gestion du patrimoine non financier de l\u2019Etat : Des acteurs sensibilis\u00e9s sur la question \u00e0 Bobo-Dioulasso La Direction g\u00e9n\u00e9rale des affaires immobili\u00e8res et de l\u2019\u00e9quipement de l\u2019Etat (DGAIE) organise, les 31 ao\u00fbt et 1er septembre 2023 \u00e0 Bobo-Dioulasso, un atelier de communication sur la gestion du patrimoine non financier de l\u2019Etat. Il s\u2019agira, au cours [&hellip;]<\/p>\n","protected":false},"author":2,"featured_media":0,"parent":0,"menu_order":0,"comment_status":"closed","ping_status":"closed","template":"","meta":{"site-sidebar-layout":"no-sidebar","site-content-layout":"page-builder","ast-site-content-layout":"default","site-content-style":"default","site-sidebar-style":"default","ast-global-header-display":"","ast-banner-title-visibility":"","ast-main-header-display":"","ast-hfb-above-header-display":"","ast-hfb-below-header-display":"","ast-hfb-mobile-header-display":"","site-post-title":"disabled","ast-breadcrumbs-content":"","ast-featured-img":"disabled","footer-sml-layout":"","theme-transparent-header-meta":"","adv-header-id-meta":"","stick-header-meta":"","header-above-stick-meta":"","header-main-stick-meta":"","header-below-stick-meta":"","astra-migrate-meta-layouts":"default","ast-page-background-enabled":"default","ast-page-background-meta":{"desktop":{"background-color":"","background-image":"","background-repeat":"repeat","background-position":"center center","background-size":"auto","background-attachment":"scroll","background-type":"","background-media":"","overlay-type":"","overlay-color":"","overlay-opacity":"","overlay-gradient":""},"tablet":{"background-color":"","background-image":"","background-repeat":"repeat","background-position":"center center","background-size":"auto","background-attachment":"scroll","background-type":"","background-media":"","overlay-type":"","overlay-color":"","overlay-opacity":"","overlay-gradient":""},"mobile":{"background-color":"","background-image":"","background-repeat":"repeat","background-position":"center center","background-size":"auto","background-attachment":"scroll","background-type":"","background-media":"","overlay-type":"","overlay-color":"","overlay-opacity":"","overlay-gradient":""}},"ast-content-background-meta":{"desktop":{"background-color":"var(--ast-global-color-5)","background-image":"","background-repeat":"repeat","background-position":"center center","background-size":"auto","background-attachment":"scroll","background-type":"","background-media":"","overlay-type":"","overlay-color":"","overlay-opacity":"","overlay-gradient":""},"tablet":{"background-color":"var(--ast-global-color-5)","background-image":"","background-repeat":"repeat","background-position":"center center","background-size":"auto","background-attachment":"scroll","background-type":"","background-media":"","overlay-type":"","overlay-color":"","overlay-opacity":"","overlay-gradient":""},"mobile":{"background-color":"var(--ast-global-color-5)","background-image":"","background-repeat":"repeat","background-position":"center center","background-size":"auto","background-attachment":"scroll","background-type":"","background-media":"","overlay-type":"","overlay-color":"","overlay-opacity":"","overlay-gradient":""}},"footnotes":""},"class_list":["post-3567","page","type-page","status-publish","hentry"],"jetpack_sharing_enabled":true,"rttpg_featured_image_url":null,"rttpg_author":{"display_name":"Hascor Burkina","author_link":"https:\/\/blog.hascorburkina.com\/index.php\/author\/hascorblog\/"},"rttpg_comment":0,"rttpg_category":null,"rttpg_excerpt":"Gestion du patrimoine non financier de l\u2019Etat : Des acteurs sensibilis\u00e9s sur la question \u00e0 Bobo-Dioulasso La Direction g\u00e9n\u00e9rale des affaires immobili\u00e8res et de l\u2019\u00e9quipement de l\u2019Etat (DGAIE) organise, les 31 ao\u00fbt et 1er septembre 2023 \u00e0 Bobo-Dioulasso, un atelier de communication sur la gestion du patrimoine non financier de l\u2019Etat. Il s\u2019agira, au cours\u2026","_links":{"self":[{"href":"https:\/\/blog.hascorburkina.com\/index.php\/wp-json\/wp\/v2\/pages\/3567","targetHints":{"allow":["GET"]}}],"collection":[{"href":"https:\/\/blog.hascorburkina.com\/index.php\/wp-json\/wp\/v2\/pages"}],"about":[{"href":"https:\/\/blog.hascorburkina.com\/index.php\/wp-json\/wp\/v2\/types\/page"}],"author":[{"embeddable":true,"href":"https:\/\/blog.hascorburkina.com\/index.php\/wp-json\/wp\/v2\/users\/2"}],"replies":[{"embeddable":true,"href":"https:\/\/blog.hascorburkina.com\/index.php\/wp-json\/wp\/v2\/comments?post=3567"}],"version-history":[{"count":4,"href":"https:\/\/blog.hascorburkina.com\/index.php\/wp-json\/wp\/v2\/pages\/3567\/revisions"}],"predecessor-version":[{"id":3572,"href":"https:\/\/blog.hascorburkina.com\/index.php\/wp-json\/wp\/v2\/pages\/3567\/revisions\/3572"}],"wp:attachment":[{"href":"https:\/\/blog.hascorburkina.com\/index.php\/wp-json\/wp\/v2\/media?parent=3567"}],"curies":[{"name":"wp","href":"https:\/\/api.w.org\/{rel}","templated":true}]}}