{"id":3560,"date":"2023-09-01T10:18:53","date_gmt":"2023-09-01T10:18:53","guid":{"rendered":"https:\/\/blog.hascorburkina.com\/?page_id=3560"},"modified":"2023-09-01T10:21:08","modified_gmt":"2023-09-01T10:21:08","slug":"article-5","status":"publish","type":"page","link":"https:\/\/blog.hascorburkina.com\/index.php\/article-5\/","title":{"rendered":"article"},"content":{"rendered":"\t\t<div data-elementor-type=\"wp-page\" data-elementor-id=\"3560\" class=\"elementor elementor-3560\">\n\t\t\t\t\t\t<section class=\"elementor-section elementor-top-section elementor-element elementor-element-7593d89 elementor-section-boxed elementor-section-height-default elementor-section-height-default\" data-id=\"7593d89\" data-element_type=\"section\" data-e-type=\"section\">\n\t\t\t\t\t\t<div class=\"elementor-container elementor-column-gap-default\">\n\t\t\t\t\t<div class=\"elementor-column elementor-col-100 elementor-top-column elementor-element elementor-element-32abdd6\" data-id=\"32abdd6\" data-element_type=\"column\" data-e-type=\"column\">\n\t\t\t<div class=\"elementor-widget-wrap elementor-element-populated\">\n\t\t\t\t\t\t<div class=\"elementor-element elementor-element-ea83fd5 elementor-widget elementor-widget-heading\" data-id=\"ea83fd5\" data-element_type=\"widget\" data-e-type=\"widget\" data-widget_type=\"heading.default\">\n\t\t\t\t<div class=\"elementor-widget-container\">\n\t\t\t\t\t<h2 class=\"elementor-heading-title elementor-size-default\"><h1 class=\"entry-title\" style=\"margin-top: 20px;margin-bottom: 10px;font-style: normal;font-weight: 500;font-size: 36px;line-height: 1.1;, Helvetica, Arial, sans-serif;display: block;text-transform: none\">Burkina\/ S\u00e9curit\u00e9 routi\u00e8re : Le permis de conduire, ce s\u00e9same tant convoit\u00e9<\/h2>\t\t\t\t<\/div>\n\t\t\t\t<\/div>\n\t\t\t\t\t<\/div>\n\t\t<\/div>\n\t\t\t\t\t<\/div>\n\t\t<\/section>\n\t\t\t\t<section class=\"elementor-section elementor-top-section elementor-element elementor-element-897a4e3 elementor-section-content-middle elementor-section-boxed elementor-section-height-default elementor-section-height-default\" data-id=\"897a4e3\" data-element_type=\"section\" data-e-type=\"section\" data-settings=\"{&quot;background_background&quot;:&quot;classic&quot;}\">\n\t\t\t\t\t\t\t<div class=\"elementor-background-overlay\"><\/div>\n\t\t\t\t\t\t\t<div class=\"elementor-container elementor-column-gap-no\">\n\t\t\t\t\t<div class=\"elementor-column elementor-col-50 elementor-top-column elementor-element elementor-element-ffe3181\" data-id=\"ffe3181\" data-element_type=\"column\" data-e-type=\"column\">\n\t\t\t<div class=\"elementor-widget-wrap elementor-element-populated\">\n\t\t\t\t\t\t<div class=\"elementor-element elementor-element-2bc9ccb elementor-widget elementor-widget-image\" data-id=\"2bc9ccb\" data-element_type=\"widget\" data-e-type=\"widget\" data-widget_type=\"image.default\">\n\t\t\t\t<div class=\"elementor-widget-container\">\n\t\t\t\t\t\t\t\t\t\t\t\t\t\t\t<img fetchpriority=\"high\" decoding=\"async\" width=\"1238\" height=\"664\" src=\"https:\/\/blog.hascorburkina.com\/wp-content\/uploads\/2023\/09\/arton123982.jpg\" class=\"attachment-full size-full wp-image-3559\" alt=\"\" srcset=\"https:\/\/blog.hascorburkina.com\/wp-content\/uploads\/2023\/09\/arton123982.jpg 1238w, https:\/\/blog.hascorburkina.com\/wp-content\/uploads\/2023\/09\/arton123982-600x322.jpg 600w, https:\/\/blog.hascorburkina.com\/wp-content\/uploads\/2023\/09\/arton123982-300x161.jpg 300w, https:\/\/blog.hascorburkina.com\/wp-content\/uploads\/2023\/09\/arton123982-1024x549.jpg 1024w, https:\/\/blog.hascorburkina.com\/wp-content\/uploads\/2023\/09\/arton123982-768x412.jpg 768w\" sizes=\"(max-width: 1238px) 100vw, 1238px\" \/>\t\t\t\t\t\t\t\t\t\t\t\t\t\t\t<\/div>\n\t\t\t\t<\/div>\n\t\t\t\t\t<\/div>\n\t\t<\/div>\n\t\t\t\t<div class=\"elementor-column elementor-col-50 elementor-top-column elementor-element elementor-element-4f24d73\" data-id=\"4f24d73\" data-element_type=\"column\" data-e-type=\"column\">\n\t\t\t<div class=\"elementor-widget-wrap elementor-element-populated\">\n\t\t\t\t\t\t<div class=\"elementor-element elementor-element-eb21c11 elementor-widget elementor-widget-text-editor\" data-id=\"eb21c11\" data-element_type=\"widget\" data-e-type=\"widget\" data-widget_type=\"text-editor.default\">\n\t\t\t\t<div class=\"elementor-widget-container\">\n\t\t\t\t\t\t\t\t\t<p><strong>Avec l\u2019av\u00e8nement des v\u00e9hicules d\u2019occasion ou de seconde main en provenance d\u2019Europe, beaucoup de jeunes aspirent \u00e0 une \u00ab\u00a0quatre roues\u00a0\u00bb, nonobstant la persistance des engins \u00e0 deux roues. L\u2019usage de ces v\u00e9hicules n\u00e9cessite un permis de conduire. Toutefois, son obtention n\u2019est pas toujours chose ais\u00e9e.<\/strong><\/p><div class=\"article_content\"><p>Conduire au Burkina Faso peut s\u2019av\u00e9rer une t\u00e2che difficile et d\u00e9courageante pour ceux qui ne connaissent pas les routes et les r\u00e8gles de circulation. Afin de circuler en toute confiance, l\u2019id\u00e9al serait de d\u00e9tenir un permis de conduire. Cependant, obtenir ce document pr\u00e9cieux est difficile pour bon nombre de personnes. \u00ab\u00a0J\u2019ai r\u00e9ussi au code et au cr\u00e9neau d\u00e8s le premier tour. La principale difficult\u00e9 rencontr\u00e9e r\u00e9sidait au niveau de la conduite. J\u2019ai \u00e9chou\u00e9 \u00e0 trois reprises \u00e0 l\u2019examen. Les signal\u00e9tiques ne cadrent pas avec nos r\u00e9alit\u00e9s\u00a0\u00bb, d\u00e9plore Nadine Ou\u00e9draogo. Pour Fraichenel Kabor\u00e9, \u00e9tudiant en g\u00e9nie informatique, tout est mis en \u0153uvre pour faire \u00e9chouer le candidat. Si certains ont contourn\u00e9 la proc\u00e9dure officielle, d\u2019autres, par contre, suivent scrupuleusement la d\u00e9marche d\u00e9crite par les \u00ab\u00a0auto-\u00e9coles\u00a0\u00bb.<\/p><\/div>\t\t\t\t\t\t\t\t<\/div>\n\t\t\t\t<\/div>\n\t\t\t\t\t<\/div>\n\t\t<\/div>\n\t\t\t\t\t<\/div>\n\t\t<\/section>\n\t\t\t\t<section class=\"elementor-section elementor-top-section elementor-element elementor-element-ab6edcb elementor-section-boxed elementor-section-height-default elementor-section-height-default\" data-id=\"ab6edcb\" data-element_type=\"section\" data-e-type=\"section\">\n\t\t\t\t\t\t<div class=\"elementor-container elementor-column-gap-default\">\n\t\t\t\t\t<div class=\"elementor-column elementor-col-100 elementor-top-column elementor-element elementor-element-fe2c919\" data-id=\"fe2c919\" data-element_type=\"column\" data-e-type=\"column\">\n\t\t\t<div class=\"elementor-widget-wrap elementor-element-populated\">\n\t\t\t\t\t\t<div class=\"elementor-element elementor-element-d87cf47 elementor-widget elementor-widget-text-editor\" data-id=\"d87cf47\" data-element_type=\"widget\" data-e-type=\"widget\" data-widget_type=\"text-editor.default\">\n\t\t\t\t<div class=\"elementor-widget-container\">\n\t\t\t\t\t\t\t\t\t<p>Il est 8 heures \u00e0 Tampouy. A cette heure de la matin\u00e9e, l\u2019une des nombreuses \u00e9coles que compte ledit quartier est bien remplie d\u2019apprenants. Apr\u00e8s quelques minutes d\u2019attentes, Salamata Ou\u00e9draogo qui suit les cours, il y a deux semaines, explique les avantages dudit document\u00a0: \u00ab\u00a0Lorsque tu poss\u00e8des le permis de conduire, la route et les panneaux te parlent en circulation\u00a0\u00bb. Pour cette derni\u00e8re, user des raccourcis, c\u2019est non seulement mettre sa vie en danger, mais aussi celle des usagers. Attitude citoyenne mais la r\u00e9alit\u00e9 est tenace.<\/p><p>Au Burkina Faso, le prix du permis de conduire est de 125 000 francs CFA toute cat\u00e9gorie. Nafissatou Konkobo dissimule un soupir de soulagement apr\u00e8s avoir valid\u00e9 son test, non sans mal d\u2019ailleurs. \u00ab\u00a0Mon programme est charg\u00e9. Il faut aller au travail, aller chercher les enfants chez les parents avant de venir au cours les soirs. En plus, tous les d\u00e9tails concernant la conduite ne sont pas inculqu\u00e9s \u00e0 l\u2019\u00e9cole\u00a0\u00bb, a-t-elle t\u00e9moign\u00e9. A l\u2019hippodrome de Nonsin, des espaces ont \u00e9t\u00e9 am\u00e9nag\u00e9s pour les r\u00e9p\u00e9titions avant le grand jour (l\u2019examen de conduite).<\/p><p><span class=\"spip_document_155643 spip_documents spip_documents_center\"><img decoding=\"async\" src=\"https:\/\/lefaso.net\/local\/cache-vignettes\/L600xH449\/3-6644-48738.jpg?1693504085\" alt=\"\" width=\"600\" height=\"449\" \/><\/span><\/p><p>A notre arriv\u00e9e, les insultes \u00ab\u00a0mots-doux\u00a0\u00bb, des moniteurs ont retenu notre attention. \u00ab\u00a0Ne circule pas comme si tu \u00e9tais dans ton champ\u00a0\u00bb, \u00ab\u00a0ce n\u2019est pas la voiture de ton p\u00e8re\u00a0\u00bb. Une attitude non formelle pour taquiner et motiver \u00ab\u00a0les apprentis conducteurs\u00a0\u00bb \u00e0 mieux s\u2019appliquer. \u00ab\u00a0Notre intention n\u2019est pas de leur manquer de respect. La route tue et endeuille des familles. Pour cela, circuler dans les grandes agglom\u00e9rations comme Ouagadougou requiert de la prudence et plus de vigilance. C\u2019est ce que nous voulons leur inculquer\u00a0\u00bb, commente Ahmed Ou\u00e9draogo.<\/p><p>Quel est le d\u00e9roulement des \u00e9preuves du permis de conduire\u00a0? Selon les explications de Denis Zemba, formateur, la premi\u00e8re \u00e9tape des \u00e9preuves du permis de conduire consiste en la r\u00e9ussite \u00e0 l\u2019examen th\u00e9orique afin de s\u2019assurer que le candidat ma\u00eetrise la signal\u00e9tique et le sens des priorit\u00e9s, dispens\u00e9s en salle. Ainsi, \u00ab\u00a0il vous sera demand\u00e9 d\u2019identifier des panneaux de signalisation, de r\u00e9pondre \u00e0 des questions pratiques, etc. Si vous obtenez la moyenne, vous \u00eates habilit\u00e9 \u00e0 passer l\u2019\u00e9preuve pratique. Au volant d\u2019une voiture, il doit effectuer un cr\u00e9neau, un stationnement en \u00e9pi ou une marche arri\u00e8re en ligne droite\u00a0\u00bb.<\/p><p><span class=\"spip_document_155644 spip_documents spip_documents_center\"><img decoding=\"async\" src=\"https:\/\/lefaso.net\/local\/cache-vignettes\/L600xH449\/4-4470-9fda8.jpg?1693504085\" alt=\"\" width=\"600\" height=\"449\" \/><\/span><\/p><p>Ce n\u2019est qu\u2019au sortir de cette deuxi\u00e8me \u00e9tape que le candidat pourra retirer son permis de conduire. Ceux qui passent par les chemins tortueux payent le prix fort en cas d\u2019accident. \u00ab\u00a0Normalement un moniteur ne doit pas permettre \u00e0 un candidat de passer le code avant un mois\u00a0\u00bb, a-t-il soulign\u00e9. En tout, le d\u00e9lai d\u2019attente pour \u00eatre pr\u00e9sent\u00e9 \u00e0 l\u2019\u00e9preuve pratique du permis de conduire est de l\u2019ordre de 2 mois 15 jours.<\/p><p>Il faut noter que la qualit\u00e9 de la formation re\u00e7ue dans les auto-\u00e9coles permettra de r\u00e9duire, \u00e0 terme, le nombre d\u2019accidents sur les routes. Des donn\u00e9es officielles, il ressort qu\u2019au cours des trois derni\u00e8res ann\u00e9es, de 2019 \u00e0 2022, en tout, 4 460 personnes ont \u00e9t\u00e9 tu\u00e9es et 58 140 autres ont \u00e9t\u00e9 bless\u00e9es dans 91 253 accidents de la circulation routi\u00e8re, soit une moyenne de 1 115 personnes tu\u00e9es chaque ann\u00e9e sur nos routes. Les principales causes des accidents de la route sont, entre autres, l\u2019exc\u00e8s de vitesse, les mauvais d\u00e9passements, la conduite en \u00e9tat d\u2019ivresse et la m\u00e9connaissance des r\u00e8gles de circulation.<\/p>\t\t\t\t\t\t\t\t<\/div>\n\t\t\t\t<\/div>\n\t\t\t\t\t<\/div>\n\t\t<\/div>\n\t\t\t\t\t<\/div>\n\t\t<\/section>\n\t\t\t\t<\/div>\n\t\t","protected":false},"excerpt":{"rendered":"<p>Burkina\/ S\u00e9curit\u00e9 routi\u00e8re : Le permis de conduire, ce s\u00e9same tant convoit\u00e9 Avec l\u2019av\u00e8nement des v\u00e9hicules d\u2019occasion ou de seconde main en provenance d\u2019Europe, beaucoup de jeunes aspirent \u00e0 une \u00ab\u00a0quatre roues\u00a0\u00bb, nonobstant la persistance des engins \u00e0 deux roues. L\u2019usage de ces v\u00e9hicules n\u00e9cessite un permis de conduire. Toutefois, son obtention n\u2019est pas toujours [&hellip;]<\/p>\n","protected":false},"author":2,"featured_media":0,"parent":0,"menu_order":0,"comment_status":"closed","ping_status":"closed","template":"","meta":{"site-sidebar-layout":"no-sidebar","site-content-layout":"page-builder","ast-site-content-layout":"default","site-content-style":"default","site-sidebar-style":"default","ast-global-header-display":"","ast-banner-title-visibility":"","ast-main-header-display":"","ast-hfb-above-header-display":"","ast-hfb-below-header-display":"","ast-hfb-mobile-header-display":"","site-post-title":"disabled","ast-breadcrumbs-content":"","ast-featured-img":"disabled","footer-sml-layout":"","theme-transparent-header-meta":"","adv-header-id-meta":"","stick-header-meta":"","header-above-stick-meta":"","header-main-stick-meta":"","header-below-stick-meta":"","astra-migrate-meta-layouts":"default","ast-page-background-enabled":"default","ast-page-background-meta":{"desktop":{"background-color":"","background-image":"","background-repeat":"repeat","background-position":"center center","background-size":"auto","background-attachment":"scroll","background-type":"","background-media":"","overlay-type":"","overlay-color":"","overlay-opacity":"","overlay-gradient":""},"tablet":{"background-color":"","background-image":"","background-repeat":"repeat","background-position":"center center","background-size":"auto","background-attachment":"scroll","background-type":"","background-media":"","overlay-type":"","overlay-color":"","overlay-opacity":"","overlay-gradient":""},"mobile":{"background-color":"","background-image":"","background-repeat":"repeat","background-position":"center center","background-size":"auto","background-attachment":"scroll","background-type":"","background-media":"","overlay-type":"","overlay-color":"","overlay-opacity":"","overlay-gradient":""}},"ast-content-background-meta":{"desktop":{"background-color":"var(--ast-global-color-5)","background-image":"","background-repeat":"repeat","background-position":"center center","background-size":"auto","background-attachment":"scroll","background-type":"","background-media":"","overlay-type":"","overlay-color":"","overlay-opacity":"","overlay-gradient":""},"tablet":{"background-color":"var(--ast-global-color-5)","background-image":"","background-repeat":"repeat","background-position":"center center","background-size":"auto","background-attachment":"scroll","background-type":"","background-media":"","overlay-type":"","overlay-color":"","overlay-opacity":"","overlay-gradient":""},"mobile":{"background-color":"var(--ast-global-color-5)","background-image":"","background-repeat":"repeat","background-position":"center center","background-size":"auto","background-attachment":"scroll","background-type":"","background-media":"","overlay-type":"","overlay-color":"","overlay-opacity":"","overlay-gradient":""}},"footnotes":""},"class_list":["post-3560","page","type-page","status-publish","hentry"],"jetpack_sharing_enabled":true,"rttpg_featured_image_url":null,"rttpg_author":{"display_name":"Hascor Burkina","author_link":"https:\/\/blog.hascorburkina.com\/index.php\/author\/hascorblog\/"},"rttpg_comment":0,"rttpg_category":null,"rttpg_excerpt":"Burkina\/ S\u00e9curit\u00e9 routi\u00e8re : Le permis de conduire, ce s\u00e9same tant convoit\u00e9 Avec l\u2019av\u00e8nement des v\u00e9hicules d\u2019occasion ou de seconde main en provenance d\u2019Europe, beaucoup de jeunes aspirent \u00e0 une \u00ab\u00a0quatre roues\u00a0\u00bb, nonobstant la persistance des engins \u00e0 deux roues. L\u2019usage de ces v\u00e9hicules n\u00e9cessite un permis de conduire. Toutefois, son obtention n\u2019est pas toujours\u2026","_links":{"self":[{"href":"https:\/\/blog.hascorburkina.com\/index.php\/wp-json\/wp\/v2\/pages\/3560","targetHints":{"allow":["GET"]}}],"collection":[{"href":"https:\/\/blog.hascorburkina.com\/index.php\/wp-json\/wp\/v2\/pages"}],"about":[{"href":"https:\/\/blog.hascorburkina.com\/index.php\/wp-json\/wp\/v2\/types\/page"}],"author":[{"embeddable":true,"href":"https:\/\/blog.hascorburkina.com\/index.php\/wp-json\/wp\/v2\/users\/2"}],"replies":[{"embeddable":true,"href":"https:\/\/blog.hascorburkina.com\/index.php\/wp-json\/wp\/v2\/comments?post=3560"}],"version-history":[{"count":4,"href":"https:\/\/blog.hascorburkina.com\/index.php\/wp-json\/wp\/v2\/pages\/3560\/revisions"}],"predecessor-version":[{"id":3565,"href":"https:\/\/blog.hascorburkina.com\/index.php\/wp-json\/wp\/v2\/pages\/3560\/revisions\/3565"}],"wp:attachment":[{"href":"https:\/\/blog.hascorburkina.com\/index.php\/wp-json\/wp\/v2\/media?parent=3560"}],"curies":[{"name":"wp","href":"https:\/\/api.w.org\/{rel}","templated":true}]}}