{"id":3537,"date":"2023-08-28T12:15:42","date_gmt":"2023-08-28T12:15:42","guid":{"rendered":"https:\/\/blog.hascorburkina.com\/?page_id=3537"},"modified":"2023-08-28T12:19:19","modified_gmt":"2023-08-28T12:19:19","slug":"article-4","status":"publish","type":"page","link":"https:\/\/blog.hascorburkina.com\/index.php\/article-4\/","title":{"rendered":"article"},"content":{"rendered":"\t\t<div data-elementor-type=\"wp-page\" data-elementor-id=\"3537\" class=\"elementor elementor-3537\">\n\t\t\t\t\t\t<section class=\"elementor-section elementor-top-section elementor-element elementor-element-0aaabbb elementor-section-boxed elementor-section-height-default elementor-section-height-default\" data-id=\"0aaabbb\" data-element_type=\"section\" data-e-type=\"section\">\n\t\t\t\t\t\t<div class=\"elementor-container elementor-column-gap-default\">\n\t\t\t\t\t<div class=\"elementor-column elementor-col-100 elementor-top-column elementor-element elementor-element-8f44f94\" data-id=\"8f44f94\" data-element_type=\"column\" data-e-type=\"column\">\n\t\t\t<div class=\"elementor-widget-wrap elementor-element-populated\">\n\t\t\t\t\t\t<div class=\"elementor-element elementor-element-0cf4a51 elementor-widget elementor-widget-heading\" data-id=\"0cf4a51\" data-element_type=\"widget\" data-e-type=\"widget\" data-widget_type=\"heading.default\">\n\t\t\t\t<div class=\"elementor-widget-container\">\n\t\t\t\t\t<h2 class=\"elementor-heading-title elementor-size-default\"><h1 class=\"entry-title\" style=\"margin-top: 20px;margin-bottom: 10px;font-style: normal;font-weight: 500;font-size: 36px;line-height: 1.1;, Helvetica, Arial, sans-serif;display: block;text-transform: none\">Guin\u00e9e\/CNRD : \u00ab Les engagements ont \u00e9t\u00e9 trahis et la transition d\u00e9voy\u00e9e de ses objectifs ultimes \u00bb, mart\u00e8lent les Forces-vives qui annon\u00e7ent une manifestation<\/h2>\t\t\t\t<\/div>\n\t\t\t\t<\/div>\n\t\t\t\t\t<\/div>\n\t\t<\/div>\n\t\t\t\t\t<\/div>\n\t\t<\/section>\n\t\t\t\t<section class=\"elementor-section elementor-top-section elementor-element elementor-element-5c9b438 elementor-section-content-middle elementor-section-boxed elementor-section-height-default elementor-section-height-default\" data-id=\"5c9b438\" data-element_type=\"section\" data-e-type=\"section\" data-settings=\"{&quot;background_background&quot;:&quot;classic&quot;}\">\n\t\t\t\t\t\t\t<div class=\"elementor-background-overlay\"><\/div>\n\t\t\t\t\t\t\t<div class=\"elementor-container elementor-column-gap-no\">\n\t\t\t\t\t<div class=\"elementor-column elementor-col-50 elementor-top-column elementor-element elementor-element-ffbc106\" data-id=\"ffbc106\" data-element_type=\"column\" data-e-type=\"column\">\n\t\t\t<div class=\"elementor-widget-wrap elementor-element-populated\">\n\t\t\t\t\t\t<div class=\"elementor-element elementor-element-66ed4f8 elementor-widget elementor-widget-image\" data-id=\"66ed4f8\" data-element_type=\"widget\" data-e-type=\"widget\" data-widget_type=\"image.default\">\n\t\t\t\t<div class=\"elementor-widget-container\">\n\t\t\t\t\t\t\t\t\t\t\t\t\t\t\t<img fetchpriority=\"high\" decoding=\"async\" width=\"720\" height=\"480\" src=\"https:\/\/blog.hascorburkina.com\/wp-content\/uploads\/2023\/08\/arton123876.jpg\" class=\"attachment-full size-full wp-image-3536\" alt=\"\" srcset=\"https:\/\/blog.hascorburkina.com\/wp-content\/uploads\/2023\/08\/arton123876.jpg 720w, https:\/\/blog.hascorburkina.com\/wp-content\/uploads\/2023\/08\/arton123876-600x400.jpg 600w, https:\/\/blog.hascorburkina.com\/wp-content\/uploads\/2023\/08\/arton123876-300x200.jpg 300w\" sizes=\"(max-width: 720px) 100vw, 720px\" \/>\t\t\t\t\t\t\t\t\t\t\t\t\t\t\t<\/div>\n\t\t\t\t<\/div>\n\t\t\t\t\t<\/div>\n\t\t<\/div>\n\t\t\t\t<div class=\"elementor-column elementor-col-50 elementor-top-column elementor-element elementor-element-7f8aafc\" data-id=\"7f8aafc\" data-element_type=\"column\" data-e-type=\"column\">\n\t\t\t<div class=\"elementor-widget-wrap elementor-element-populated\">\n\t\t\t\t\t\t<div class=\"elementor-element elementor-element-7f35f2c elementor-widget elementor-widget-text-editor\" data-id=\"7f35f2c\" data-element_type=\"widget\" data-e-type=\"widget\" data-widget_type=\"text-editor.default\">\n\t\t\t\t<div class=\"elementor-widget-container\">\n\t\t\t\t\t\t\t\t\t<p><strong>En pr\u00e9lude au deuxi\u00e8me anniversaire du coup d\u2019\u00c9tat militaire qui a renvers\u00e9 le pr\u00e9sident Alpha Cond\u00e9 et port\u00e9 le Comit\u00e9 national de rassemblement et de d\u00e9veloppement (CNRD) au pouvoir, 5 septembre 2021-5 septembre 2023, les Forces-vives de Guin\u00e9e ont, par un communiqu\u00e9 diffus\u00e9 ce dimanche 27 ao\u00fbt 2023, lanc\u00e9 un appel \u00e0 manifester le 5 septembre 2023 \u00e0 Conakry, la capitale.<br class=\"autobr\" \/><\/strong><\/p><div class=\"article_content\"><p>\u00ab\u00a0Apr\u00e8s deux ans d\u2019exercice du pouvoir par la junte militaire guin\u00e9enne, la rupture avec le peuple de Guin\u00e9e est compl\u00e8tement consomm\u00e9e, tant les engagements pris solennellement par le pr\u00e9sident du CNRD, le colonel Mamadi Doumbouya, ont \u00e9t\u00e9 trahis et la transition, d\u00e9voy\u00e9e de ses objectifs ultimes\u00a0: faire de la justice la boussole de l\u2019action publique et diligenter le retour \u00e0 l\u2019ordre constitutionnel par l\u2019organisation d\u2019\u00e9lections transparentes, libres et inclusives\u00a0\u00bb, lit-on du rappel \u00e0 charge des forces-vives, qui constatent que jusque-l\u00e0, aucune action concourant au retour de l\u2019ordre constitutionnel normal n\u2019est pos\u00e9e.<\/p><p>\u00a0<\/p><\/div>\t\t\t\t\t\t\t\t<\/div>\n\t\t\t\t<\/div>\n\t\t\t\t\t<\/div>\n\t\t<\/div>\n\t\t\t\t\t<\/div>\n\t\t<\/section>\n\t\t\t\t<section class=\"elementor-section elementor-top-section elementor-element elementor-element-977da90 elementor-section-boxed elementor-section-height-default elementor-section-height-default\" data-id=\"977da90\" data-element_type=\"section\" data-e-type=\"section\">\n\t\t\t\t\t\t<div class=\"elementor-container elementor-column-gap-default\">\n\t\t\t\t\t<div class=\"elementor-column elementor-col-100 elementor-top-column elementor-element elementor-element-4ffea52\" data-id=\"4ffea52\" data-element_type=\"column\" data-e-type=\"column\">\n\t\t\t<div class=\"elementor-widget-wrap elementor-element-populated\">\n\t\t\t\t\t\t<div class=\"elementor-element elementor-element-035e511 elementor-widget elementor-widget-text-editor\" data-id=\"035e511\" data-element_type=\"widget\" data-e-type=\"widget\" data-widget_type=\"text-editor.default\">\n\t\t\t\t<div class=\"elementor-widget-container\">\n\t\t\t\t\t\t\t\t\t<p>Le communiqu\u00e9 note \u00e9galement que les concertations initi\u00e9es par les chefs religieux visant \u00e0 aplanir les divergences entre les dirigeants et les Forces-vives, sous la pr\u00e9sidence de la CEDEAO, se sont sold\u00e9es par un \u00e9chec, \u00ab\u00a0faute de volont\u00e9 manifeste du CNRD qui multiplie les man\u0153uvres dilatoires\u00a0\u00bb.<\/p><p>Les Forces-vives, compos\u00e9es \u00ab\u00a0des partis politiques, des organisations de la soci\u00e9t\u00e9 civile et des personnalit\u00e9s influentes\u00a0\u00bb, se disent persuad\u00e9es que la mobilisation citoyenne reste la \u00ab\u00a0seule option envisageable pour contraindre la junte militaire\u00a0\u00bb au respect de ses propres engagements et \u00ab\u00a0sauver la Guin\u00e9e du chaos et de l\u2019instabilit\u00e9 qui la guettent\u00a0\u00bb.<\/p><p>Les auteurs du communiqu\u00e9 invitent donc le peuple guin\u00e9en \u00e0 \u00ab\u00a0participer massivement \u00e0 la marche pacifique et citoyenne\u00a0\u00bb, le 5 septembre 2023 \u00e0 Conakry, \u00ab\u00a0pour exiger la rectification de la transition en vue d\u2019un retour diligent, consensuel et paisible \u00e0 l\u2019ordre constitutionnel en Guin\u00e9e\u00a0\u00bb.<\/p><p><strong>O.L.<\/strong><\/p>\t\t\t\t\t\t\t\t<\/div>\n\t\t\t\t<\/div>\n\t\t\t\t\t<\/div>\n\t\t<\/div>\n\t\t\t\t\t<\/div>\n\t\t<\/section>\n\t\t\t\t<\/div>\n\t\t","protected":false},"excerpt":{"rendered":"<p>Guin\u00e9e\/CNRD : \u00ab Les engagements ont \u00e9t\u00e9 trahis et la transition d\u00e9voy\u00e9e de ses objectifs ultimes \u00bb, mart\u00e8lent les Forces-vives qui annon\u00e7ent une manifestation En pr\u00e9lude au deuxi\u00e8me anniversaire du coup d\u2019\u00c9tat militaire qui a renvers\u00e9 le pr\u00e9sident Alpha Cond\u00e9 et port\u00e9 le Comit\u00e9 national de rassemblement et de d\u00e9veloppement (CNRD) au pouvoir, 5 septembre [&hellip;]<\/p>\n","protected":false},"author":2,"featured_media":0,"parent":0,"menu_order":0,"comment_status":"closed","ping_status":"closed","template":"","meta":{"site-sidebar-layout":"no-sidebar","site-content-layout":"page-builder","ast-site-content-layout":"default","site-content-style":"default","site-sidebar-style":"default","ast-global-header-display":"","ast-banner-title-visibility":"","ast-main-header-display":"","ast-hfb-above-header-display":"","ast-hfb-below-header-display":"","ast-hfb-mobile-header-display":"","site-post-title":"disabled","ast-breadcrumbs-content":"","ast-featured-img":"disabled","footer-sml-layout":"","theme-transparent-header-meta":"","adv-header-id-meta":"","stick-header-meta":"","header-above-stick-meta":"","header-main-stick-meta":"","header-below-stick-meta":"","astra-migrate-meta-layouts":"default","ast-page-background-enabled":"default","ast-page-background-meta":{"desktop":{"background-color":"","background-image":"","background-repeat":"repeat","background-position":"center center","background-size":"auto","background-attachment":"scroll","background-type":"","background-media":"","overlay-type":"","overlay-color":"","overlay-opacity":"","overlay-gradient":""},"tablet":{"background-color":"","background-image":"","background-repeat":"repeat","background-position":"center center","background-size":"auto","background-attachment":"scroll","background-type":"","background-media":"","overlay-type":"","overlay-color":"","overlay-opacity":"","overlay-gradient":""},"mobile":{"background-color":"","background-image":"","background-repeat":"repeat","background-position":"center center","background-size":"auto","background-attachment":"scroll","background-type":"","background-media":"","overlay-type":"","overlay-color":"","overlay-opacity":"","overlay-gradient":""}},"ast-content-background-meta":{"desktop":{"background-color":"var(--ast-global-color-5)","background-image":"","background-repeat":"repeat","background-position":"center center","background-size":"auto","background-attachment":"scroll","background-type":"","background-media":"","overlay-type":"","overlay-color":"","overlay-opacity":"","overlay-gradient":""},"tablet":{"background-color":"var(--ast-global-color-5)","background-image":"","background-repeat":"repeat","background-position":"center center","background-size":"auto","background-attachment":"scroll","background-type":"","background-media":"","overlay-type":"","overlay-color":"","overlay-opacity":"","overlay-gradient":""},"mobile":{"background-color":"var(--ast-global-color-5)","background-image":"","background-repeat":"repeat","background-position":"center center","background-size":"auto","background-attachment":"scroll","background-type":"","background-media":"","overlay-type":"","overlay-color":"","overlay-opacity":"","overlay-gradient":""}},"footnotes":""},"class_list":["post-3537","page","type-page","status-publish","hentry"],"jetpack_sharing_enabled":true,"rttpg_featured_image_url":null,"rttpg_author":{"display_name":"Hascor Burkina","author_link":"https:\/\/blog.hascorburkina.com\/index.php\/author\/hascorblog\/"},"rttpg_comment":0,"rttpg_category":null,"rttpg_excerpt":"Guin\u00e9e\/CNRD : \u00ab Les engagements ont \u00e9t\u00e9 trahis et la transition d\u00e9voy\u00e9e de ses objectifs ultimes \u00bb, mart\u00e8lent les Forces-vives qui annon\u00e7ent une manifestation En pr\u00e9lude au deuxi\u00e8me anniversaire du coup d\u2019\u00c9tat militaire qui a renvers\u00e9 le pr\u00e9sident Alpha Cond\u00e9 et port\u00e9 le Comit\u00e9 national de rassemblement et de d\u00e9veloppement (CNRD) au pouvoir, 5 septembre\u2026","_links":{"self":[{"href":"https:\/\/blog.hascorburkina.com\/index.php\/wp-json\/wp\/v2\/pages\/3537","targetHints":{"allow":["GET"]}}],"collection":[{"href":"https:\/\/blog.hascorburkina.com\/index.php\/wp-json\/wp\/v2\/pages"}],"about":[{"href":"https:\/\/blog.hascorburkina.com\/index.php\/wp-json\/wp\/v2\/types\/page"}],"author":[{"embeddable":true,"href":"https:\/\/blog.hascorburkina.com\/index.php\/wp-json\/wp\/v2\/users\/2"}],"replies":[{"embeddable":true,"href":"https:\/\/blog.hascorburkina.com\/index.php\/wp-json\/wp\/v2\/comments?post=3537"}],"version-history":[{"count":4,"href":"https:\/\/blog.hascorburkina.com\/index.php\/wp-json\/wp\/v2\/pages\/3537\/revisions"}],"predecessor-version":[{"id":3542,"href":"https:\/\/blog.hascorburkina.com\/index.php\/wp-json\/wp\/v2\/pages\/3537\/revisions\/3542"}],"wp:attachment":[{"href":"https:\/\/blog.hascorburkina.com\/index.php\/wp-json\/wp\/v2\/media?parent=3537"}],"curies":[{"name":"wp","href":"https:\/\/api.w.org\/{rel}","templated":true}]}}