{"id":3517,"date":"2023-08-22T15:14:51","date_gmt":"2023-08-22T15:14:51","guid":{"rendered":"https:\/\/blog.hascorburkina.com\/?page_id=3517"},"modified":"2023-08-22T15:18:33","modified_gmt":"2023-08-22T15:18:33","slug":"actualite-34","status":"publish","type":"page","link":"https:\/\/blog.hascorburkina.com\/index.php\/actualite-34\/","title":{"rendered":"actualit\u00e9"},"content":{"rendered":"\t\t<div data-elementor-type=\"wp-page\" data-elementor-id=\"3517\" class=\"elementor elementor-3517\">\n\t\t\t\t\t\t<section class=\"elementor-section elementor-top-section elementor-element elementor-element-2658c64 elementor-section-boxed elementor-section-height-default elementor-section-height-default\" data-id=\"2658c64\" data-element_type=\"section\" data-e-type=\"section\">\n\t\t\t\t\t\t<div class=\"elementor-container elementor-column-gap-default\">\n\t\t\t\t\t<div class=\"elementor-column elementor-col-100 elementor-top-column elementor-element elementor-element-913ac47\" data-id=\"913ac47\" data-element_type=\"column\" data-e-type=\"column\">\n\t\t\t<div class=\"elementor-widget-wrap elementor-element-populated\">\n\t\t\t\t\t\t<div class=\"elementor-element elementor-element-4c41880 elementor-widget elementor-widget-heading\" data-id=\"4c41880\" data-element_type=\"widget\" data-e-type=\"widget\" data-widget_type=\"heading.default\">\n\t\t\t\t<div class=\"elementor-widget-container\">\n\t\t\t\t\t<h2 class=\"elementor-heading-title elementor-size-default\">Burkina : \u00ab Il est impossible de lutter avec succ\u00e8s contre le terrorisme sans lutter contre la corruption \u00bb, convainc Sagado Nacanabo<\/h2>\t\t\t\t<\/div>\n\t\t\t\t<\/div>\n\t\t\t\t\t<\/div>\n\t\t<\/div>\n\t\t\t\t\t<\/div>\n\t\t<\/section>\n\t\t\t\t<section class=\"elementor-section elementor-top-section elementor-element elementor-element-1161094 elementor-section-content-middle elementor-section-boxed elementor-section-height-default elementor-section-height-default\" data-id=\"1161094\" data-element_type=\"section\" data-e-type=\"section\" data-settings=\"{&quot;background_background&quot;:&quot;classic&quot;}\">\n\t\t\t\t\t\t\t<div class=\"elementor-background-overlay\"><\/div>\n\t\t\t\t\t\t\t<div class=\"elementor-container elementor-column-gap-no\">\n\t\t\t\t\t<div class=\"elementor-column elementor-col-50 elementor-top-column elementor-element elementor-element-3207efb\" data-id=\"3207efb\" data-element_type=\"column\" data-e-type=\"column\">\n\t\t\t<div class=\"elementor-widget-wrap elementor-element-populated\">\n\t\t\t\t\t\t<div class=\"elementor-element elementor-element-9ab3937 elementor-widget elementor-widget-image\" data-id=\"9ab3937\" data-element_type=\"widget\" data-e-type=\"widget\" data-widget_type=\"image.default\">\n\t\t\t\t<div class=\"elementor-widget-container\">\n\t\t\t\t\t\t\t\t\t\t\t\t\t\t\t<img fetchpriority=\"high\" decoding=\"async\" width=\"1080\" height=\"808\" src=\"https:\/\/blog.hascorburkina.com\/wp-content\/uploads\/2023\/08\/arton123751-1.jpg\" class=\"attachment-full size-full wp-image-3513\" alt=\"\" srcset=\"https:\/\/blog.hascorburkina.com\/wp-content\/uploads\/2023\/08\/arton123751-1.jpg 1080w, https:\/\/blog.hascorburkina.com\/wp-content\/uploads\/2023\/08\/arton123751-1-600x449.jpg 600w, https:\/\/blog.hascorburkina.com\/wp-content\/uploads\/2023\/08\/arton123751-1-300x224.jpg 300w, https:\/\/blog.hascorburkina.com\/wp-content\/uploads\/2023\/08\/arton123751-1-1024x766.jpg 1024w, https:\/\/blog.hascorburkina.com\/wp-content\/uploads\/2023\/08\/arton123751-1-768x575.jpg 768w\" sizes=\"(max-width: 1080px) 100vw, 1080px\" \/>\t\t\t\t\t\t\t\t\t\t\t\t\t\t\t<\/div>\n\t\t\t\t<\/div>\n\t\t\t\t\t<\/div>\n\t\t<\/div>\n\t\t\t\t<div class=\"elementor-column elementor-col-50 elementor-top-column elementor-element elementor-element-aa0c480\" data-id=\"aa0c480\" data-element_type=\"column\" data-e-type=\"column\">\n\t\t\t<div class=\"elementor-widget-wrap elementor-element-populated\">\n\t\t\t\t\t\t<div class=\"elementor-element elementor-element-04424e6 elementor-widget elementor-widget-text-editor\" data-id=\"04424e6\" data-element_type=\"widget\" data-e-type=\"widget\" data-widget_type=\"text-editor.default\">\n\t\t\t\t<div class=\"elementor-widget-container\">\n\t\t\t\t\t\t\t\t\t<p><strong>Le R\u00e9seau national de lutte anti-corruption (REN-LAC) a partag\u00e9 son exp\u00e9rience sur le ph\u00e9nom\u00e8ne de la corruption au Burkina Faso, au cours d\u2019une conf\u00e9rence publique anim\u00e9e le samedi 19 ao\u00fbt 2023 \u00e0 Ouagadougou. Selon son secr\u00e9taire ex\u00e9cutif, Sagado Nacanabo, dans tous les d\u00e9partements o\u00f9 l\u2019Etat injecte de l\u2019argent, le contr\u00f4le doit s\u2019effectuer.<\/strong><\/p><div class=\"article_content\"><p>\u00ab\u00a0Ampleur de la corruption au Burkina Faso et ses cons\u00e9quences politique, sociale et \u00e9conomique\u00a0\u00bb. Tel a \u00e9t\u00e9 le th\u00e8me du secr\u00e9taire ex\u00e9cutif du R\u00e9seau national de lutte anti-corruption (REN-LAC), Sagado Nacanabo. Dans son d\u00e9veloppement, il a indiqu\u00e9 qu\u2019aujourd\u2019hui au Burkina Faso, la corruption est un ph\u00e9nom\u00e8ne tr\u00e8s pr\u00e9occupant parce qu\u2019elle a atteint des hauteurs inqui\u00e9tantes.<\/p><\/div>\t\t\t\t\t\t\t\t<\/div>\n\t\t\t\t<\/div>\n\t\t\t\t\t<\/div>\n\t\t<\/div>\n\t\t\t\t\t<\/div>\n\t\t<\/section>\n\t\t\t\t<section class=\"elementor-section elementor-top-section elementor-element elementor-element-a58a524 elementor-section-boxed elementor-section-height-default elementor-section-height-default\" data-id=\"a58a524\" data-element_type=\"section\" data-e-type=\"section\">\n\t\t\t\t\t\t<div class=\"elementor-container elementor-column-gap-default\">\n\t\t\t\t\t<div class=\"elementor-column elementor-col-100 elementor-top-column elementor-element elementor-element-813480b\" data-id=\"813480b\" data-element_type=\"column\" data-e-type=\"column\">\n\t\t\t<div class=\"elementor-widget-wrap elementor-element-populated\">\n\t\t\t\t\t\t<div class=\"elementor-element elementor-element-218d5ba elementor-widget elementor-widget-text-editor\" data-id=\"218d5ba\" data-element_type=\"widget\" data-e-type=\"widget\" data-widget_type=\"text-editor.default\">\n\t\t\t\t<div class=\"elementor-widget-container\">\n\t\t\t\t\t\t\t\t\t<p>Se basant sur le dernier rapport du REN-LAC (2021), le pan\u00e9liste a fait savoir que plus de 8\/10 des Burkinab\u00e8 pensent que la corruption est tr\u00e8s pr\u00e9occupante et tr\u00e8s fr\u00e9quente. \u00ab\u00a0Sur 3 000 enqu\u00eat\u00e9s, 1 500 disent que la corruption progresse chaque ann\u00e9e\u00a0\u00bb, a-t-il ajout\u00e9.<\/p><p>De son exp\u00e9rience, il a observ\u00e9 que chaque ann\u00e9e, il y a au moins une cinquantaine de services qui sont cit\u00e9s mais seulement une vingtaine qui sont class\u00e9s parce que lorsque les t\u00e9moignages sur un service ne sont pas suffisants, le REN-LAC ne le classe pas. Il faut \u00eatre cit\u00e9 plus de 30 fois d\u2019abord.<\/p><dl class=\"spip_document_155296 spip_documents spip_documents_center\"><dt><img decoding=\"async\" src=\"https:\/\/lefaso.net\/local\/cache-vignettes\/L600xH589\/1-2924-cf3df.jpg?1692659638\" alt=\"\" width=\"600\" height=\"589\" \/><\/dt><dd class=\"spip_doc_descriptif\"><i>Sur le plan politique, la corruption engendre une gouvernance d\u00e9faillante, a affirm\u00e9 Sagado Nacanabo<\/i><\/dd><\/dl><p><strong>Contr\u00f4ler l\u2019argent de l\u2019Etat<\/strong><\/p><p>Engag\u00e9 dans la lutte contre le terrorisme pendant plusieurs ann\u00e9es, le Burkina Faso a revu son budget. Au niveau des minist\u00e8res de la D\u00e9fense et de la S\u00e9curit\u00e9, le budget a \u00e9t\u00e9 doubl\u00e9, a notifi\u00e9 Sagado Nacanabo. Il est pass\u00e9 de 178 milliards \u00e0 plus de 350 milliards de francs CFA. \u00ab\u00a0Lorsque vous mettez des sommes importantes d\u2019argent et que vous ne faites pas assortir cela d\u2019un contr\u00f4le, il y aura des brebis galeuses qui feront en sorte que ces sommes ne seront pas affect\u00e9es \u00e0 leur r\u00f4le r\u00e9el\u00a0\u00bb, a-t-il affirm\u00e9. A titre d\u2019illustration, le premier responsable du REN-LAC a cit\u00e9 le cas de d\u00e9tournement de l\u2019argent destin\u00e9 aux Volontaires pour la d\u00e9fense de la patrie (VDP) et d\u2019autres scandales financiers au sein de l\u2019arm\u00e9e qui ont \u00e9t\u00e9 r\u00e9v\u00e9l\u00e9 par les journaux d\u2019investigation.<\/p><p>Sagado Nacanabo est persuad\u00e9 que le contr\u00f4le vise \u00e0 \u00e9viter que la corruption ne se fasse. \u00ab\u00a0Si on ne peut pas pr\u00e9venir la corruption, elle va in\u00e9vitablement se faire. C\u2019est pourquoi nous avons dit qu\u2019il est impossible de lutter avec succ\u00e8s contre le terrorisme sans lutter contre la corruption\u00a0\u00bb, a-t-il insist\u00e9.<\/p><dl class=\"spip_document_155297 spip_documents spip_documents_center\"><dt><img decoding=\"async\" src=\"https:\/\/lefaso.net\/local\/cache-vignettes\/L600xH449\/2-7660-3a98f.jpg?1692659638\" alt=\"\" width=\"600\" height=\"449\" \/><\/dt><dd class=\"spip_doc_descriptif\"><i>La conf\u00e9rence publique est ouverte apr\u00e8s la c\u00e9r\u00e9monie de lancement du cabinet Audace consulting international (ACI)<\/i><\/dd><\/dl><p><strong>Juguler le probl\u00e8me de faux<\/strong><\/p><p>Du c\u00f4t\u00e9 de l\u2019Autorit\u00e9 sup\u00e9rieure de contr\u00f4le de l\u2019Etat et de lutte contre la corruption (ASCE-LC), la machine peine \u00e0 fonctionner normalement, a fait remarquer Hadjaratou Ouangraoua. En tant qu\u2019agent dans cette institution \u00e9tatique, elle a relev\u00e9 plusieurs difficult\u00e9s qui handicapent le bon fonctionnement de l\u2019ASCE-LC. Elle a cit\u00e9, entre autres, la m\u00e9fiance de la population vis-\u00e0-vis de l\u2019administration publique, l\u2019insuffisance du personnel de l\u2019ASCE-LC pour effectuer les contr\u00f4les et les d\u00e9clarations d\u2019int\u00e9r\u00eat et de patrimoine que certaines personnes ne respectent pas.<\/p><p>Selon Hadjaratou Ouangraoua, \u00ab\u00a060 \u00e0 70% de probl\u00e8me de corruption au Burkina Faso seront r\u00e9solus, si on arrive \u00e0 juguler le probl\u00e8me de faux\u00a0\u00bb. Et dans l\u2019optique de solution, un participant \u00e0 la conf\u00e9rence publique a propos\u00e9 que des dossiers puissent \u00eatre trait\u00e9s le m\u00eame jour. Il a pris l\u2019exemple de la l\u00e9galisation des dossiers dans les commissariats o\u00f9 tout se passe le m\u00eame jour devant l\u2019int\u00e9ress\u00e9. Il a \u00e9galement propos\u00e9 que le REN-LAC et l\u2019ASCE-LC affichent des autocollants avec des messages de sensibilisation devant les services publics.<\/p><dl class=\"spip_document_155298 spip_documents spip_documents_center\"><dt><img loading=\"lazy\" decoding=\"async\" src=\"https:\/\/lefaso.net\/local\/cache-vignettes\/L600xH449\/3-6624-5b79c.jpg?1692659638\" alt=\"\" width=\"600\" height=\"449\" \/><\/dt><dd class=\"spip_doc_descriptif\"><i>De gauche \u00e0 droite\u00a0: Hadjaratou Ouangraoua de l\u2019ASCE-LC\u00a0; Fran\u00e7ois de Salle Bado, fondateur de ACI\u00a0; et Sagado Nacanabo, secr\u00e9taire ex\u00e9cutif du REN-LAC<br class=\"autobr\" \/><\/i><\/dd><\/dl><p><strong>Une nouvelle structure pour lutter contre la corruption<\/strong><\/p><p>Quant au fondateur du cabinet ACI (Audace consulting international), Fran\u00e7ois de Salle Bado, il a recommand\u00e9 qu\u2019il y ait un dispositif qui va permettre \u00e0 chaque agent public d\u2019avoir son nom sur son habit afin qu\u2019il soit facilement identifiable.<br class=\"autobr\" \/>Cette conf\u00e9rence publique est intervenue \u00e0 l\u2019occasion du lancement de l\u2019ACI. C\u2019est un cabinet de consultation qui a plusieurs domaines d\u2019intervention dont le droit, la lutte contre la corruption, la doctrine sociale de l\u2019\u00e9glise, l\u2019\u00e9ducation, recouvrement des cr\u00e9ances, la bonne gouvernance et la cr\u00e9ation d\u2019entreprise.<\/p><p>Selon le fondateur de ACI, c\u2019est un cabinet qui est n\u00e9 pour \u00ab\u00a0non seulement travailler \u00e0 promouvoir et \u00e0 faire respecter les droits humains, la dignit\u00e9 de la personne humaine et la corruption\u00a0\u00bb. \u00ab\u00a0Notre bataille consiste \u00e0 faire qu\u2019au Burkina Faso, nous pussions respecter les droits et la dignit\u00e9 de la personne humaine\u00a0\u00bb, a justifi\u00e9 l\u2019inspecteur du travail des lois sociales \u00e0 la retraite.<\/p><p>Dans sa vision, ACI plaide pour une synergie d\u2019action des structures qui travaillent pour la d\u00e9fense des droits de l\u2019homme pour plus d\u2019efficacit\u00e9.<\/p><p><strong>Cryspin Laoundiki<\/strong><\/p>\t\t\t\t\t\t\t\t<\/div>\n\t\t\t\t<\/div>\n\t\t\t\t\t<\/div>\n\t\t<\/div>\n\t\t\t\t\t<\/div>\n\t\t<\/section>\n\t\t\t\t<\/div>\n\t\t","protected":false},"excerpt":{"rendered":"<p>Burkina : \u00ab Il est impossible de lutter avec succ\u00e8s contre le terrorisme sans lutter contre la corruption \u00bb, convainc Sagado Nacanabo Le R\u00e9seau national de lutte anti-corruption (REN-LAC) a partag\u00e9 son exp\u00e9rience sur le ph\u00e9nom\u00e8ne de la corruption au Burkina Faso, au cours d\u2019une conf\u00e9rence publique anim\u00e9e le samedi 19 ao\u00fbt 2023 \u00e0 Ouagadougou. [&hellip;]<\/p>\n","protected":false},"author":2,"featured_media":0,"parent":0,"menu_order":0,"comment_status":"closed","ping_status":"closed","template":"","meta":{"site-sidebar-layout":"no-sidebar","site-content-layout":"page-builder","ast-site-content-layout":"default","site-content-style":"default","site-sidebar-style":"default","ast-global-header-display":"","ast-banner-title-visibility":"","ast-main-header-display":"","ast-hfb-above-header-display":"","ast-hfb-below-header-display":"","ast-hfb-mobile-header-display":"","site-post-title":"disabled","ast-breadcrumbs-content":"","ast-featured-img":"disabled","footer-sml-layout":"","theme-transparent-header-meta":"","adv-header-id-meta":"","stick-header-meta":"","header-above-stick-meta":"","header-main-stick-meta":"","header-below-stick-meta":"","astra-migrate-meta-layouts":"default","ast-page-background-enabled":"default","ast-page-background-meta":{"desktop":{"background-color":"","background-image":"","background-repeat":"repeat","background-position":"center center","background-size":"auto","background-attachment":"scroll","background-type":"","background-media":"","overlay-type":"","overlay-color":"","overlay-opacity":"","overlay-gradient":""},"tablet":{"background-color":"","background-image":"","background-repeat":"repeat","background-position":"center center","background-size":"auto","background-attachment":"scroll","background-type":"","background-media":"","overlay-type":"","overlay-color":"","overlay-opacity":"","overlay-gradient":""},"mobile":{"background-color":"","background-image":"","background-repeat":"repeat","background-position":"center center","background-size":"auto","background-attachment":"scroll","background-type":"","background-media":"","overlay-type":"","overlay-color":"","overlay-opacity":"","overlay-gradient":""}},"ast-content-background-meta":{"desktop":{"background-color":"var(--ast-global-color-5)","background-image":"","background-repeat":"repeat","background-position":"center center","background-size":"auto","background-attachment":"scroll","background-type":"","background-media":"","overlay-type":"","overlay-color":"","overlay-opacity":"","overlay-gradient":""},"tablet":{"background-color":"var(--ast-global-color-5)","background-image":"","background-repeat":"repeat","background-position":"center center","background-size":"auto","background-attachment":"scroll","background-type":"","background-media":"","overlay-type":"","overlay-color":"","overlay-opacity":"","overlay-gradient":""},"mobile":{"background-color":"var(--ast-global-color-5)","background-image":"","background-repeat":"repeat","background-position":"center center","background-size":"auto","background-attachment":"scroll","background-type":"","background-media":"","overlay-type":"","overlay-color":"","overlay-opacity":"","overlay-gradient":""}},"footnotes":""},"class_list":["post-3517","page","type-page","status-publish","hentry"],"jetpack_sharing_enabled":true,"rttpg_featured_image_url":null,"rttpg_author":{"display_name":"Hascor Burkina","author_link":"https:\/\/blog.hascorburkina.com\/index.php\/author\/hascorblog\/"},"rttpg_comment":0,"rttpg_category":null,"rttpg_excerpt":"Burkina : \u00ab Il est impossible de lutter avec succ\u00e8s contre le terrorisme sans lutter contre la corruption \u00bb, convainc Sagado Nacanabo Le R\u00e9seau national de lutte anti-corruption (REN-LAC) a partag\u00e9 son exp\u00e9rience sur le ph\u00e9nom\u00e8ne de la corruption au Burkina Faso, au cours d\u2019une conf\u00e9rence publique anim\u00e9e le samedi 19 ao\u00fbt 2023 \u00e0 Ouagadougou.\u2026","_links":{"self":[{"href":"https:\/\/blog.hascorburkina.com\/index.php\/wp-json\/wp\/v2\/pages\/3517","targetHints":{"allow":["GET"]}}],"collection":[{"href":"https:\/\/blog.hascorburkina.com\/index.php\/wp-json\/wp\/v2\/pages"}],"about":[{"href":"https:\/\/blog.hascorburkina.com\/index.php\/wp-json\/wp\/v2\/types\/page"}],"author":[{"embeddable":true,"href":"https:\/\/blog.hascorburkina.com\/index.php\/wp-json\/wp\/v2\/users\/2"}],"replies":[{"embeddable":true,"href":"https:\/\/blog.hascorburkina.com\/index.php\/wp-json\/wp\/v2\/comments?post=3517"}],"version-history":[{"count":4,"href":"https:\/\/blog.hascorburkina.com\/index.php\/wp-json\/wp\/v2\/pages\/3517\/revisions"}],"predecessor-version":[{"id":3522,"href":"https:\/\/blog.hascorburkina.com\/index.php\/wp-json\/wp\/v2\/pages\/3517\/revisions\/3522"}],"wp:attachment":[{"href":"https:\/\/blog.hascorburkina.com\/index.php\/wp-json\/wp\/v2\/media?parent=3517"}],"curies":[{"name":"wp","href":"https:\/\/api.w.org\/{rel}","templated":true}]}}