{"id":3506,"date":"2023-08-22T12:38:09","date_gmt":"2023-08-22T12:38:09","guid":{"rendered":"https:\/\/blog.hascorburkina.com\/?page_id=3506"},"modified":"2023-08-22T12:38:56","modified_gmt":"2023-08-22T12:38:56","slug":"actualite-33","status":"publish","type":"page","link":"https:\/\/blog.hascorburkina.com\/index.php\/actualite-33\/","title":{"rendered":"actualit\u00e9"},"content":{"rendered":"\t\t<div data-elementor-type=\"wp-page\" data-elementor-id=\"3506\" class=\"elementor elementor-3506\">\n\t\t\t\t\t\t<section class=\"elementor-section elementor-top-section elementor-element elementor-element-3944132 elementor-section-boxed elementor-section-height-default elementor-section-height-default\" data-id=\"3944132\" data-element_type=\"section\" data-e-type=\"section\">\n\t\t\t\t\t\t<div class=\"elementor-container elementor-column-gap-default\">\n\t\t\t\t\t<div class=\"elementor-column elementor-col-100 elementor-top-column elementor-element elementor-element-36e1b68\" data-id=\"36e1b68\" data-element_type=\"column\" data-e-type=\"column\">\n\t\t\t<div class=\"elementor-widget-wrap elementor-element-populated\">\n\t\t\t\t\t\t<div class=\"elementor-element elementor-element-3d483e6 elementor-widget elementor-widget-heading\" data-id=\"3d483e6\" data-element_type=\"widget\" data-e-type=\"widget\" data-widget_type=\"heading.default\">\n\t\t\t\t<div class=\"elementor-widget-container\">\n\t\t\t\t\t<h2 class=\"elementor-heading-title elementor-size-default\"><h1 class=\"entry-title\" style=\"margin-top: 20px;margin-bottom: 10px;font-style: normal;font-weight: 500;font-size: 36px;line-height: 1.1;, Helvetica, Arial, sans-serif;display: block;text-transform: none\">Burkina\/ Reconversion professionnelle des retrait\u00e9s : \u00ab Il y a des financements qui ne demandent que des projets porteurs \u00bb, Dr Amadou N\u00e9bila Yaro<\/h2>\t\t\t\t<\/div>\n\t\t\t\t<\/div>\n\t\t\t\t\t<\/div>\n\t\t<\/div>\n\t\t\t\t\t<\/div>\n\t\t<\/section>\n\t\t\t\t<section class=\"elementor-section elementor-top-section elementor-element elementor-element-123316f elementor-section-content-middle elementor-section-boxed elementor-section-height-default elementor-section-height-default\" data-id=\"123316f\" data-element_type=\"section\" data-e-type=\"section\" data-settings=\"{&quot;background_background&quot;:&quot;classic&quot;}\">\n\t\t\t\t\t\t\t<div class=\"elementor-background-overlay\"><\/div>\n\t\t\t\t\t\t\t<div class=\"elementor-container elementor-column-gap-no\">\n\t\t\t\t\t<div class=\"elementor-column elementor-col-50 elementor-top-column elementor-element elementor-element-1ca35ae\" data-id=\"1ca35ae\" data-element_type=\"column\" data-e-type=\"column\">\n\t\t\t<div class=\"elementor-widget-wrap elementor-element-populated\">\n\t\t\t\t\t\t<div class=\"elementor-element elementor-element-eef4a9c elementor-widget elementor-widget-image\" data-id=\"eef4a9c\" data-element_type=\"widget\" data-e-type=\"widget\" data-widget_type=\"image.default\">\n\t\t\t\t<div class=\"elementor-widget-container\">\n\t\t\t\t\t\t\t\t\t\t\t\t\t\t\t<img fetchpriority=\"high\" decoding=\"async\" width=\"640\" height=\"479\" src=\"https:\/\/blog.hascorburkina.com\/wp-content\/uploads\/2023\/08\/arton123736-1.jpg\" class=\"attachment-full size-full wp-image-3508\" alt=\"\" srcset=\"https:\/\/blog.hascorburkina.com\/wp-content\/uploads\/2023\/08\/arton123736-1.jpg 640w, https:\/\/blog.hascorburkina.com\/wp-content\/uploads\/2023\/08\/arton123736-1-600x449.jpg 600w, https:\/\/blog.hascorburkina.com\/wp-content\/uploads\/2023\/08\/arton123736-1-300x225.jpg 300w\" sizes=\"(max-width: 640px) 100vw, 640px\" \/>\t\t\t\t\t\t\t\t\t\t\t\t\t\t\t<\/div>\n\t\t\t\t<\/div>\n\t\t\t\t\t<\/div>\n\t\t<\/div>\n\t\t\t\t<div class=\"elementor-column elementor-col-50 elementor-top-column elementor-element elementor-element-892662f\" data-id=\"892662f\" data-element_type=\"column\" data-e-type=\"column\">\n\t\t\t<div class=\"elementor-widget-wrap elementor-element-populated\">\n\t\t\t\t\t\t<div class=\"elementor-element elementor-element-be3801b elementor-widget elementor-widget-text-editor\" data-id=\"be3801b\" data-element_type=\"widget\" data-e-type=\"widget\" data-widget_type=\"text-editor.default\">\n\t\t\t\t<div class=\"elementor-widget-container\">\n\t\t\t\t\t\t\t\t\t<p><strong>La reconversion professionnelle des retrait\u00e9s favorise le transfert de leurs exp\u00e9riences et de leurs comp\u00e9tences vers les g\u00e9n\u00e9rations plus jeunes. Cela contribue \u00e0 une meilleure transmission des connaissances interg\u00e9n\u00e9rationnelles et au d\u00e9veloppement de la soci\u00e9t\u00e9 dans son ensemble. C\u2019est ce que nous explique Dr Amadou N\u00e9bila Yaro, directeur g\u00e9n\u00e9ral du Cabinet d\u2019\u00e9tudes et de recherches en entreprises (CERE), dans cet entretien accord\u00e9 \u00e0 Lefaso.net, le vendredi 18 ao\u00fbt 2023 \u00e0 Ouagadougou. Pour l\u2019ancien ministre de l\u2019\u00c9conomie num\u00e9rique, il y a au Burkina Faso des financements qui ne demandent que des projets porteurs.<\/strong><\/p><div class=\"article_content\"><p><strong>Lefaso.net\u00a0: Quelles sont les raisons qui peuvent ou qui doivent motiver un retrait\u00e9 \u00e0 se reconvertir\u00a0?<\/strong><\/p><p><strong>Dr Amadou N\u00e9bila Yaro\u00a0:<\/strong>\u00a0Je dois dire que la reconversion professionnelle, de mani\u00e8re g\u00e9n\u00e9rale, est une \u00e9tape importante dans la vie professionnelle du travailleur.\u00a0<\/p><\/div>\t\t\t\t\t\t\t\t<\/div>\n\t\t\t\t<\/div>\n\t\t\t\t\t<\/div>\n\t\t<\/div>\n\t\t\t\t\t<\/div>\n\t\t<\/section>\n\t\t\t\t<section class=\"elementor-section elementor-top-section elementor-element elementor-element-05c12a8 elementor-section-boxed elementor-section-height-default elementor-section-height-default\" data-id=\"05c12a8\" data-element_type=\"section\" data-e-type=\"section\">\n\t\t\t\t\t\t<div class=\"elementor-container elementor-column-gap-default\">\n\t\t\t\t\t<div class=\"elementor-column elementor-col-100 elementor-top-column elementor-element elementor-element-92fc921\" data-id=\"92fc921\" data-element_type=\"column\" data-e-type=\"column\">\n\t\t\t<div class=\"elementor-widget-wrap elementor-element-populated\">\n\t\t\t\t\t\t<div class=\"elementor-element elementor-element-9d4107e elementor-widget elementor-widget-text-editor\" data-id=\"9d4107e\" data-element_type=\"widget\" data-e-type=\"widget\" data-widget_type=\"text-editor.default\">\n\t\t\t\t<div class=\"elementor-widget-container\">\n\t\t\t\t\t\t\t\t\t<p>Je crois qu\u2019il y a des raisons professionnelles mais aussi personnelles qui peuvent conduire un retrait\u00e9 \u00e0 se reconvertir. Vous savez que la carri\u00e8re professionnelle est parfois emprunte de beaucoup de difficult\u00e9s. Et on est souvent amen\u00e9 \u00e0 exercer un m\u00e9tier qu\u2019on n\u2019a pas n\u00e9cessairement aim\u00e9. En effet, il nous arrive d\u2019embrasser sans vocation certains m\u00e9tiers aussi bien dans l\u2019administration publique que dans le secteur priv\u00e9.<\/p><p>Donc, lorsque ces personnes sont admises \u00e0 la retraite, l\u2019occasion devient propice pour elles de se lancer dans les activit\u00e9s qui les passionnent. Ce, d\u2019autant plus que les retrait\u00e9s sont de nos jours en pleine forme pour \u00eatre capables d\u2019envisager une nouvelle vie professionnelle. En somme, les raisons personnelles pour le retrait\u00e9 d\u2019entreprendre une reconversion professionnelle, sont notamment l\u2019envie de r\u00e9aliser ce qu\u2019il voulait r\u00e9ellement faire durant toute sa carri\u00e8re professionnelle. C\u2019est aussi cette esp\u00e9rance d\u2019avoir toujours voulu exercer un m\u00e9tier dont il poss\u00e8de d\u00e9sormais les moyens et le temps de le faire.<\/p><p>La seconde raison, qui est quant \u00e0 elle d\u2019ordre professionnel, s\u2019explique par le fait de vouloir partager ses exp\u00e9riences professionnelles apr\u00e8s avoir capitalis\u00e9 une longue carri\u00e8re dans son domaine. C\u2019est \u00e9galement la vision d\u2019\u00eatre utile \u00e0 sa communaut\u00e9 et \u00e0 sa nation. Car le retrait\u00e9 reconverti participe \u00e0 la mise en place des politiques publiques, \u00e0 la r\u00e9duction du ch\u00f4mage.<\/p><p><strong>Quels conseils donneriez-vous \u00e0 un retrait\u00e9 pour sa reconversion\u00a0?<\/strong><\/p><p>Les conseils sont individuels. La reconversion professionnelle d\u2019une personne d\u00e9pend d\u2019abord des aspirations de l\u2019int\u00e9ress\u00e9. Les conseils sont donc sp\u00e9cifiques pour chaque individu en fonction de sa personnalit\u00e9, son exp\u00e9rience professionnelle, ses dipl\u00f4mes\u2026 C\u2019est pourquoi, nous prenons le soin de bien nous renseigner sur ce que la personne qui souhaite se reconvertir, aimerait bien faire.<\/p><dl class=\"spip_document_155270 spip_documents spip_documents_center\"><dt><img decoding=\"async\" src=\"https:\/\/lefaso.net\/local\/cache-vignettes\/L600xH340\/2-7659-48a93.jpg?1692631826\" alt=\"\" width=\"600\" height=\"340\" \/><\/dt><dd class=\"spip_doc_descriptif\"><i>\u00ab\u00a0Le premier conseil que nous donnons, c\u2019est d\u2019aimer par cons\u00e9quent ce que l\u2019on veut faire et se tenir pr\u00eat \u00e0 surmonter toutes les \u00e9preuves indispensables pour y arriver\u00a0\u00bb, Dr Amadou N\u00e9bila Yaro, directeur g\u00e9n\u00e9ral du CERE<\/i><\/dd><\/dl><p>Faire de l\u2019\u00e9levage par exemple a des contraintes auxquelles celui qui veut se reconvertir dans cette activit\u00e9 doit se confronter. L\u2019\u00e9levage n\u00e9cessite notamment d\u2019\u00eatre matinal, de faire parfois des nuits blanches, etc.<\/p><p>Aussi, afin de mieux orienter la reconversion de l\u2019int\u00e9ress\u00e9, nous faisons un bilan des comp\u00e9tences de ce dernier. Ce qui permet de savoir si la personne est outill\u00e9e et poss\u00e8de les instruments appropri\u00e9s pour \u00e9voluer dans le m\u00e9tier qu\u2019elle aura choisi. L\u2019autre chose importante est de v\u00e9rifier que l\u2019individu dispose des ressources financi\u00e8res n\u00e9cessaires pour la r\u00e9alisation de son activit\u00e9. En ce sens, nous pouvons l\u2019aider \u00e0 monter ses dossiers ou l\u2019orienter vers certaines institutions financi\u00e8res comp\u00e9tentes en la mati\u00e8re.<\/p><p><strong>Y a-t-il des secteurs particuli\u00e8rement conseill\u00e9s aux retrait\u00e9s du Burkina qui veulent se reconvertir\u00a0? Si oui, lesquels\u00a0?<\/strong><\/p><p>Il n\u2019y a pas de secteurs sp\u00e9cifiques pour la reconversion. Il est possible de la faire dans tous les secteurs d\u2019activit\u00e9s. Aujourd\u2019hui, la majorit\u00e9 des personnes qui viennent nous voir disent vouloir s\u2019investir dans l\u2019\u00e9levage, la p\u00eache et l\u2019agriculture. Mais nous attirons leur attention sur le fait que ces activit\u00e9s n\u00e9cessitent notamment d\u2019avoir de l\u2019amour pour la terre, l\u2019eau et les animaux, avant de s\u2019y engager, s\u2019ils veulent r\u00e9ussir dans ces domaines. Tous les secteurs peuvent donc \u00eatre b\u00e9n\u00e9fiques pour tout retrait\u00e9 y compris ceux de l\u2019environnement, du d\u00e9veloppement durable et du num\u00e9rique. Seulement, il faudrait faire en sorte que la personne puisse s\u2019\u00e9panouir dans le secteur choisi, qu\u2019elle puisse disposer d\u2019outils appropri\u00e9s en termes notamment de formation, de financement, de motivation. Pour ce faire, l\u2019intervention de psychologues et de sociologues est souvent indispensable pour booster leur mental.<\/p><p><strong>Faut-il commencer \u00e0 se pr\u00e9parer pour la reconversion avant la retraite\u00a0? Quelle est la bonne p\u00e9riode pour y penser\u00a0?<\/strong><\/p><p>La reconversion professionnelle est un peu per\u00e7ue comme la retraite. On pr\u00e9pare sa reconversion professionnelle d\u00e8s le premier jour de sa prise de fonction dans une quelconque activit\u00e9 professionnelle.<\/p><dl class=\"spip_document_155271 spip_documents spip_documents_center\"><dt><img decoding=\"async\" src=\"https:\/\/lefaso.net\/local\/cache-vignettes\/L600xH450\/3-6623-5bc28.jpg?1692631826\" alt=\"\" width=\"600\" height=\"450\" \/><\/dt><dd class=\"spip_doc_descriptif\"><i>\u00ab\u00a0Ce que nous recommandons souvent, c\u2019est d\u2019avoir de l\u2019exp\u00e9rience avant de s\u2019y lancer\u00a0\u00bb, a soulign\u00e9 l\u2019ancien directeur g\u00e9n\u00e9ral de l\u2019\u00c9cole nationale des r\u00e9gies financi\u00e8res (ENAREF)<\/i><\/dd><\/dl><p>C\u2019est donc \u00e0 partir des exp\u00e9riences v\u00e9cues que l\u2019on peut identifier ses insuffisances de sorte \u00e0 se positionner dans l\u2019avenir. Ainsi, nous estimons qu\u2019autour de la tranche d\u2019\u00e2ge de 40 \u00e0 45 ans, l\u2019on peut commencer \u00e0 envisager une reconversion professionnelle.<\/p><p>Le Salon international de la reconversion professionnelle de Ouagadougou (SIRPO) est une des initiatives-cl\u00e9s du CERE pour promouvoir la reconversion. Parlez-nous des objectifs sp\u00e9cifiques de cet \u00e9v\u00e9nement et de la mani\u00e8re dont il pourrait stimuler les opportunit\u00e9s de reconversion.<\/p><p>Le SIRPO a \u00e9t\u00e9 imagin\u00e9 sous forme d\u2019espace \u00e0 la disposition de tous les acteurs qui interviennent dans la reconversion professionnelle. Aujourd\u2019hui, vous avez au Burkina Faso et dans la sous-r\u00e9gion, des structures qui accompagnent les retrait\u00e9s dans leur reconversion professionnelle. Et le SIRPO vient offrir un espace de d\u00e9bats et de partage entre tous les acteurs de ces structures de formation, de financement et de conseils qui apportent leur expertise en mati\u00e8re de reconversion professionnelle. Ce qui permet donc de faire de Ouagadougou, avec l\u2019exp\u00e9rience des autres pays, le centre de r\u00e9flexion sur des actions nouvelles et innovations li\u00e9es \u00e0 la reconversion professionnelle. Parce que nous estimons qu\u2019elle est une nouvelle vie, notre vision est de susciter la r\u00e9flexion des gouvernements, des pouvoirs publics, des ONG et associations sur la reconversion professionnelle, depuis la capitale burkinab\u00e8. Cela est donc une opportunit\u00e9 pour s\u2019interroger sur quels pourraient \u00eatre les m\u00e9tiers d\u2019avenir \u00e0 int\u00e9grer et les dispositifs \u00e0 adopter pour une reconversion r\u00e9ussie.<\/p><dl class=\"spip_document_155272 spip_documents spip_documents_center\"><dt><img loading=\"lazy\" decoding=\"async\" src=\"https:\/\/lefaso.net\/local\/cache-vignettes\/L600xH450\/4-4455-a2034.jpg?1692631826\" alt=\"\" width=\"600\" height=\"450\" \/><\/dt><dd class=\"spip_doc_descriptif\"><i>\u00ab\u00a0Il a \u00e9t\u00e9 recommand\u00e9, \u00e0 l\u2019issue de la 1re \u00e9dition du SIRPO, \u00e0 l\u2019\u00c9tat du Burkina Faso de mettre en place un dispositif beaucoup plus institutionnel d\u2019accompagnement des salari\u00e9s de la fonction publique qui sont proches de la retraite\u00a0\u00bb, Dr Amadou N\u00e9bila Yaro.<\/i><\/dd><\/dl><p>Nous pensons alors qu\u2019il faut une politique beaucoup plus volontariste pour inciter les fonctionnaires du public \u00e0 se reconvertir plus t\u00f4t et \u00e0 se rendre encore plus utiles pour le d\u00e9veloppement de notre pays.<\/p><p><strong>En tant qu\u2019ancien ministre de l\u2019\u00c9conomie num\u00e9rique du Burkina Faso, comment votre exp\u00e9rience gouvernementale a-t-elle influenc\u00e9 votre vision de la reconversion professionnelle et comment cela se refl\u00e8te-t-il dans les objectifs du CERE\u00a0?<\/strong><\/p><p>J\u2019ai eu l\u2019occasion de rencontrer beaucoup de gens aussi bien sur le plan national qu\u2019international durant mon mandat gouvernemental. J\u2019ai pu voir que des personnes qui \u00e9taient pratiquement \u00e0 la retraite ou des seniors ont entrepris dans le secteur de l\u2019\u00e9conomie num\u00e9rique. Toute chose qui m\u2019a confort\u00e9 dans mon id\u00e9e que l\u2019\u00e9conomie num\u00e9rique pouvait \u00eatre un tremplin pour se reconvertir professionnellement. J\u2019ai vu \u00e9galement dans notre pays que les pouvoirs publics continuaient \u00e0 employer des seniors. Je me suis dit alors que cette exp\u00e9rience gouvernementale devrait pouvoir non seulement servir \u00e0 la structure que j\u2019ai mise en place mais aussi \u00e0 l\u2019ensemble des structures du Burkina Faso. Mon passage au gouvernement m\u2019a en effet permis de d\u00e9couvrir des exemples r\u00e9ussis de reconversion. Et je dirai \u00e9galement que je suis un produit de cette reconversion-l\u00e0. Car j\u2019ai commenc\u00e9 \u00e0 travailler sur ces aspects bien avant m\u00eame que je ne parte officiellement \u00e0 la retraite.<\/p><p><strong>Quel message aimeriez-vous partager avec ceux qui h\u00e9sitent \u00e0 franchir le pas de la reconversion professionnelle\u00a0?<\/strong><\/p><p>J\u2019ai un message d\u2019espoir \u00e0 l\u2019endroit de ces personnes qui h\u00e9sitent encore \u00e0 franchir le pas de la reconversion professionnelle. Je crois qu\u2019il faut qu\u2019ils y aillent\u00a0! On a les moyens aujourd\u2019hui de les accompagner. Il y a des financements qui ne demandent que des projets porteurs. On a aussi, de nos jours, des opportunit\u00e9s en mati\u00e8re de projets et d\u2019emplois dans les domaines comme l\u2019environnement, le d\u00e9veloppement durable, le num\u00e9rique, la finance internationale, etc. En outre, en \u00e9tant toujours actifs, ils rendent service \u00e0 leur communaut\u00e9 et leur \u00c9tat. Ils participent au d\u00e9veloppement de la nation, cr\u00e9ent de la valeur ajout\u00e9e pour ce pays qui n\u2019a besoin que de la cr\u00e9ation de richesse pour une \u00e9conomie forte.<\/p><p><strong>Lire aussi\u00a0:\u00a0<a href=\"https:\/\/lefaso.net\/spip.php?article112780\">Reconversion professionnelle\u00a0: Un salon international annonc\u00e9 pour les 17 et 18 novembre 2022 au profit de salari\u00e9s seniors<\/a><\/strong><\/p><p><strong>Propos recueillis par Hamed NANEMA<\/strong><\/p>\t\t\t\t\t\t\t\t<\/div>\n\t\t\t\t<\/div>\n\t\t\t\t\t<\/div>\n\t\t<\/div>\n\t\t\t\t\t<\/div>\n\t\t<\/section>\n\t\t\t\t<\/div>\n\t\t","protected":false},"excerpt":{"rendered":"<p>Burkina\/ Reconversion professionnelle des retrait\u00e9s : \u00ab Il y a des financements qui ne demandent que des projets porteurs \u00bb, Dr Amadou N\u00e9bila Yaro La reconversion professionnelle des retrait\u00e9s favorise le transfert de leurs exp\u00e9riences et de leurs comp\u00e9tences vers les g\u00e9n\u00e9rations plus jeunes. Cela contribue \u00e0 une meilleure transmission des connaissances interg\u00e9n\u00e9rationnelles et au [&hellip;]<\/p>\n","protected":false},"author":2,"featured_media":0,"parent":0,"menu_order":0,"comment_status":"closed","ping_status":"closed","template":"","meta":{"site-sidebar-layout":"no-sidebar","site-content-layout":"page-builder","ast-site-content-layout":"default","site-content-style":"default","site-sidebar-style":"default","ast-global-header-display":"","ast-banner-title-visibility":"","ast-main-header-display":"","ast-hfb-above-header-display":"","ast-hfb-below-header-display":"","ast-hfb-mobile-header-display":"","site-post-title":"disabled","ast-breadcrumbs-content":"","ast-featured-img":"disabled","footer-sml-layout":"","theme-transparent-header-meta":"","adv-header-id-meta":"","stick-header-meta":"","header-above-stick-meta":"","header-main-stick-meta":"","header-below-stick-meta":"","astra-migrate-meta-layouts":"default","ast-page-background-enabled":"default","ast-page-background-meta":{"desktop":{"background-color":"","background-image":"","background-repeat":"repeat","background-position":"center center","background-size":"auto","background-attachment":"scroll","background-type":"","background-media":"","overlay-type":"","overlay-color":"","overlay-opacity":"","overlay-gradient":""},"tablet":{"background-color":"","background-image":"","background-repeat":"repeat","background-position":"center center","background-size":"auto","background-attachment":"scroll","background-type":"","background-media":"","overlay-type":"","overlay-color":"","overlay-opacity":"","overlay-gradient":""},"mobile":{"background-color":"","background-image":"","background-repeat":"repeat","background-position":"center center","background-size":"auto","background-attachment":"scroll","background-type":"","background-media":"","overlay-type":"","overlay-color":"","overlay-opacity":"","overlay-gradient":""}},"ast-content-background-meta":{"desktop":{"background-color":"var(--ast-global-color-5)","background-image":"","background-repeat":"repeat","background-position":"center center","background-size":"auto","background-attachment":"scroll","background-type":"","background-media":"","overlay-type":"","overlay-color":"","overlay-opacity":"","overlay-gradient":""},"tablet":{"background-color":"var(--ast-global-color-5)","background-image":"","background-repeat":"repeat","background-position":"center center","background-size":"auto","background-attachment":"scroll","background-type":"","background-media":"","overlay-type":"","overlay-color":"","overlay-opacity":"","overlay-gradient":""},"mobile":{"background-color":"var(--ast-global-color-5)","background-image":"","background-repeat":"repeat","background-position":"center center","background-size":"auto","background-attachment":"scroll","background-type":"","background-media":"","overlay-type":"","overlay-color":"","overlay-opacity":"","overlay-gradient":""}},"footnotes":""},"class_list":["post-3506","page","type-page","status-publish","hentry"],"jetpack_sharing_enabled":true,"rttpg_featured_image_url":null,"rttpg_author":{"display_name":"Hascor Burkina","author_link":"https:\/\/blog.hascorburkina.com\/index.php\/author\/hascorblog\/"},"rttpg_comment":0,"rttpg_category":null,"rttpg_excerpt":"Burkina\/ Reconversion professionnelle des retrait\u00e9s : \u00ab Il y a des financements qui ne demandent que des projets porteurs \u00bb, Dr Amadou N\u00e9bila Yaro La reconversion professionnelle des retrait\u00e9s favorise le transfert de leurs exp\u00e9riences et de leurs comp\u00e9tences vers les g\u00e9n\u00e9rations plus jeunes. Cela contribue \u00e0 une meilleure transmission des connaissances interg\u00e9n\u00e9rationnelles et au\u2026","_links":{"self":[{"href":"https:\/\/blog.hascorburkina.com\/index.php\/wp-json\/wp\/v2\/pages\/3506","targetHints":{"allow":["GET"]}}],"collection":[{"href":"https:\/\/blog.hascorburkina.com\/index.php\/wp-json\/wp\/v2\/pages"}],"about":[{"href":"https:\/\/blog.hascorburkina.com\/index.php\/wp-json\/wp\/v2\/types\/page"}],"author":[{"embeddable":true,"href":"https:\/\/blog.hascorburkina.com\/index.php\/wp-json\/wp\/v2\/users\/2"}],"replies":[{"embeddable":true,"href":"https:\/\/blog.hascorburkina.com\/index.php\/wp-json\/wp\/v2\/comments?post=3506"}],"version-history":[{"count":4,"href":"https:\/\/blog.hascorburkina.com\/index.php\/wp-json\/wp\/v2\/pages\/3506\/revisions"}],"predecessor-version":[{"id":3512,"href":"https:\/\/blog.hascorburkina.com\/index.php\/wp-json\/wp\/v2\/pages\/3506\/revisions\/3512"}],"wp:attachment":[{"href":"https:\/\/blog.hascorburkina.com\/index.php\/wp-json\/wp\/v2\/media?parent=3506"}],"curies":[{"name":"wp","href":"https:\/\/api.w.org\/{rel}","templated":true}]}}