{"id":3500,"date":"2023-08-22T11:55:53","date_gmt":"2023-08-22T11:55:53","guid":{"rendered":"https:\/\/blog.hascorburkina.com\/?page_id=3500"},"modified":"2023-08-22T11:59:01","modified_gmt":"2023-08-22T11:59:01","slug":"a-6","status":"publish","type":"page","link":"https:\/\/blog.hascorburkina.com\/index.php\/a-6\/","title":{"rendered":"a"},"content":{"rendered":"\t\t<div data-elementor-type=\"wp-page\" data-elementor-id=\"3500\" class=\"elementor elementor-3500\">\n\t\t\t\t\t\t<section class=\"elementor-section elementor-top-section elementor-element elementor-element-05f5044 elementor-section-boxed elementor-section-height-default elementor-section-height-default\" data-id=\"05f5044\" data-element_type=\"section\" data-e-type=\"section\">\n\t\t\t\t\t\t<div class=\"elementor-container elementor-column-gap-default\">\n\t\t\t\t\t<div class=\"elementor-column elementor-col-100 elementor-top-column elementor-element elementor-element-25d0d17\" data-id=\"25d0d17\" data-element_type=\"column\" data-e-type=\"column\">\n\t\t\t<div class=\"elementor-widget-wrap elementor-element-populated\">\n\t\t\t\t\t\t<div class=\"elementor-element elementor-element-4f13bed elementor-widget elementor-widget-heading\" data-id=\"4f13bed\" data-element_type=\"widget\" data-e-type=\"widget\" data-widget_type=\"heading.default\">\n\t\t\t\t<div class=\"elementor-widget-container\">\n\t\t\t\t\t<h2 class=\"elementor-heading-title elementor-size-default\"><h1 class=\"entry-title\" style=\"margin-top: 20px;margin-bottom: 10px;font-style: normal;font-weight: 500;font-size: 36px;line-height: 1.1;, Helvetica, Arial, sans-serif;display: block;text-transform: none\">R\u00e9ponse humanitaire au Burkina : Roukiatou Ma\u00efga, l\u2019amazone qui redonne espoir aux personnes d\u00e9plac\u00e9es internes \u00e0 Dori<\/h2>\t\t\t\t<\/div>\n\t\t\t\t<\/div>\n\t\t\t\t\t<\/div>\n\t\t<\/div>\n\t\t\t\t\t<\/div>\n\t\t<\/section>\n\t\t\t\t<section class=\"elementor-section elementor-top-section elementor-element elementor-element-754b68b elementor-section-content-middle elementor-section-boxed elementor-section-height-default elementor-section-height-default\" data-id=\"754b68b\" data-element_type=\"section\" data-e-type=\"section\" data-settings=\"{&quot;background_background&quot;:&quot;classic&quot;}\">\n\t\t\t\t\t\t\t<div class=\"elementor-background-overlay\"><\/div>\n\t\t\t\t\t\t\t<div class=\"elementor-container elementor-column-gap-no\">\n\t\t\t\t\t<div class=\"elementor-column elementor-col-50 elementor-top-column elementor-element elementor-element-7be5423\" data-id=\"7be5423\" data-element_type=\"column\" data-e-type=\"column\">\n\t\t\t<div class=\"elementor-widget-wrap elementor-element-populated\">\n\t\t\t\t\t\t<div class=\"elementor-element elementor-element-ab8e054 elementor-widget elementor-widget-image\" data-id=\"ab8e054\" data-element_type=\"widget\" data-e-type=\"widget\" data-widget_type=\"image.default\">\n\t\t\t\t<div class=\"elementor-widget-container\">\n\t\t\t\t\t\t\t\t\t\t\t\t\t\t\t<img fetchpriority=\"high\" decoding=\"async\" width=\"640\" height=\"426\" src=\"https:\/\/blog.hascorburkina.com\/wp-content\/uploads\/2023\/08\/arton123735.jpg\" class=\"attachment-full size-full wp-image-3499\" alt=\"\" srcset=\"https:\/\/blog.hascorburkina.com\/wp-content\/uploads\/2023\/08\/arton123735.jpg 640w, https:\/\/blog.hascorburkina.com\/wp-content\/uploads\/2023\/08\/arton123735-600x399.jpg 600w, https:\/\/blog.hascorburkina.com\/wp-content\/uploads\/2023\/08\/arton123735-300x200.jpg 300w\" sizes=\"(max-width: 640px) 100vw, 640px\" \/>\t\t\t\t\t\t\t\t\t\t\t\t\t\t\t<\/div>\n\t\t\t\t<\/div>\n\t\t\t\t\t<\/div>\n\t\t<\/div>\n\t\t\t\t<div class=\"elementor-column elementor-col-50 elementor-top-column elementor-element elementor-element-b261a8c\" data-id=\"b261a8c\" data-element_type=\"column\" data-e-type=\"column\">\n\t\t\t<div class=\"elementor-widget-wrap elementor-element-populated\">\n\t\t\t\t\t\t<div class=\"elementor-element elementor-element-0f976e2 elementor-widget elementor-widget-text-editor\" data-id=\"0f976e2\" data-element_type=\"widget\" data-e-type=\"widget\" data-widget_type=\"text-editor.default\">\n\t\t\t\t<div class=\"elementor-widget-container\">\n\t\t\t\t\t\t\t\t\t<p><strong>Avec 501 961 Personnes d\u00e9plac\u00e9es internes (PDI)\u00a0<a class=\"spip_out\" href=\"https:\/\/www.facebook.com\/conasursp\/posts\/pfbid0MXhsnuv9CZPVTtehbDZG495T18LYmnKsm1w9N9c9SVoe5jQBEXsirDr4VbADhZDjl\" rel=\"external\">\u00e0 la date du 31 mars 2023<\/a>, le Sahel est la r\u00e9gion qui accueille le plus grand nombre de PDI au Burkina Faso, estim\u00e9es \u00e0 2 062 534. Hommes, femmes et enfants affluent de diff\u00e9rentes communes en direction de Dori, esp\u00e9rant y trouver un refuge plus s\u00fbr. Parmi les bonnes volont\u00e9s qui s\u2019\u00e9chinent \u00e0 offrir de l\u2019espoir \u00e0 ces populations, il y a Roukiatou Ma\u00efga. Cette quinquag\u00e9naire, \u00e0 la t\u00eate de la coop\u00e9rative Djam Weli (la paix est bonne), \u0153uvre depuis 2018 \u00e0 offrir un refuge et une lueur d\u2019espoir aux milliers de d\u00e9plac\u00e9s venus du Soum. Par son hospitalit\u00e9, elle offre une nouvelle chance \u00e0 ceux et celles qui ont tout perdu. Portrait d\u2019une amazone de l\u2019humanitaire.<\/strong><\/p><p>Roukiatou Ma\u00efga. Retenez bien ce nom. Son histoire doit \u00eatre cont\u00e9e aux enfants et aux adultes. Des h\u00e9ros sans cape ni super-pouvoirs, il en existe au Burkina Faso. Mais, ils ne sont pas toujours port\u00e9s sur le grand \u00e9cran. Roukiatou Ma\u00efga est de la trempe de\u00a0<a href=\"https:\/\/lefaso.net\/spip.php?article108823\">Karim Zouma, cet agent de l\u2019action sociale<\/a>\u00a0qui a r\u00e9pondu \u00e0 l\u2019appel de la patrie et qui porte encore les cicatrices d\u2019une attaque contre un convoi humanitaire devant ravitailler la commune de Koutougou en juillet 2019.<\/p>\t\t\t\t\t\t\t\t<\/div>\n\t\t\t\t<\/div>\n\t\t\t\t\t<\/div>\n\t\t<\/div>\n\t\t\t\t\t<\/div>\n\t\t<\/section>\n\t\t\t\t<section class=\"elementor-section elementor-top-section elementor-element elementor-element-e89d1e9 elementor-section-boxed elementor-section-height-default elementor-section-height-default\" data-id=\"e89d1e9\" data-element_type=\"section\" data-e-type=\"section\">\n\t\t\t\t\t\t<div class=\"elementor-container elementor-column-gap-default\">\n\t\t\t\t\t<div class=\"elementor-column elementor-col-100 elementor-top-column elementor-element elementor-element-3593d79\" data-id=\"3593d79\" data-element_type=\"column\" data-e-type=\"column\">\n\t\t\t<div class=\"elementor-widget-wrap elementor-element-populated\">\n\t\t\t\t\t\t<div class=\"elementor-element elementor-element-d6d48a2 elementor-widget elementor-widget-text-editor\" data-id=\"d6d48a2\" data-element_type=\"widget\" data-e-type=\"widget\" data-widget_type=\"text-editor.default\">\n\t\t\t\t<div class=\"elementor-widget-container\">\n\t\t\t\t\t\t\t\t\t<p>Communaut\u00e9. Ce mot r\u00e9sume bien la vie de Roukiatou Ma\u00efga. Une vie au service des autres, \u00e0 travers des actes quotidiens empreints d\u2019humanisme. Depuis 2018, le domicile de la quinquag\u00e9naire ne d\u00e9semplit pas. Des Burkinab\u00e8 contraints d\u2019abandonner leurs foyers, leurs terres et leur b\u00e9tail en raison de l\u2019ins\u00e9curit\u00e9 frappent \u00e0 sa porte, nuit et jour. La plupart d\u2019entre eux viennent du Soum.<\/p><dl class=\"spip_document_155273 spip_documents spip_documents_center\"><dt><img decoding=\"async\" src=\"https:\/\/lefaso.net\/local\/cache-vignettes\/L600xH400\/2_a_lerbou_village_situe_dans_la_commune_de_dori_des_enfants_reviennent_du_champ_photo_prise_le_20_juin_2020_-f853a.jpg?1692631879\" alt=\"\" width=\"600\" height=\"400\" \/><\/dt><dd class=\"spip_doc_descriptif\"><i>\u00c0 Lerbou, village situ\u00e9 dans la commune de Dori, des enfants reviennent du champ (Photo prise le 20 juin 2020)<\/i><\/dd><\/dl><p><strong>Engagement personnel<\/strong><\/p><p>\u00ab\u00a0Quand ils arrivent \u00e0 Dori, ils ne savent pas o\u00f9 aller. Je les re\u00e7ois et je les accompagne plus tard \u00e0 l\u2019Action sociale pour qu\u2019ils puissent \u00eatre enregistr\u00e9s. C\u2019est ainsi que les services de l\u2019Action sociale m\u2019ont d\u00e9sign\u00e9e comme point focal. Avant, avant que nous ne les r\u00e9f\u00e9rions \u00e0 l\u2019Action sociale, les PDI pouvaient rester chez moi pendant quatre ou cinq jours. Mais aujourd\u2019hui, quand elles arrivent, nous leur trouvons de quoi se reposer, manger et boire et d\u00e8s le soir, nous les pr\u00e9sentons \u00e0 l\u2019Action sociale\u00a0\u00bb, indique Roukiatou Ma\u00efga.<\/p><p>Pendant deux ans, elle a offert son aide de mani\u00e8re volontaire et personnelle aux personnes d\u00e9plac\u00e9es internes. Cependant, \u00e0 bout de souffle, elle a d\u00e9cid\u00e9 de faire intervenir la coop\u00e9rative Djam Weli dans la prise en charge des PDI. \u00ab\u00a0Aujourd\u2019hui, notre coop\u00e9rative est engag\u00e9e dans l\u2019accueil, le r\u00e9f\u00e9rencement et la sensibilisation des PDI\u00a0\u00bb, atteste Roukiatou Ma\u00efga.<\/p><p><strong>Une centaine de d\u00e9plac\u00e9s internes h\u00e9berg\u00e9s<\/strong><\/p><p>Elle confie avoir offert g\u00eete et couvert \u00e0 une centaine de personnes depuis 2018. A la date du 10 ao\u00fbt 2023, elle h\u00e9berge seize personnes d\u00e9plac\u00e9es internes. \u00ab\u00a0Ces personnes viennent toutes du Soum, \u00e0 l\u2019exception de trois individus\u00a0: deux hommes et une femme, originaires de Sampelga. Al Hamdoulillah. Je remercie Dieu parce qu\u2019avec l\u2019aide des projets humanitaires, l\u2019Action sociale et les autorit\u00e9s locales, nous faisons de notre mieux pour r\u00e9pondre \u00e0 la situation. Chaque fois qu\u2019une personne est enregistr\u00e9e, elle b\u00e9n\u00e9ficie d\u2019une ration alimentaire. Certains d\u00e9plac\u00e9s que j\u2019ai accueillis ont aujourd\u2019hui une tente sur une parcelle qui leur a \u00e9t\u00e9 attribu\u00e9e. D\u2019autres ont pr\u00e9f\u00e9r\u00e9 rester avec moi. Ils contribuent avec leurs propres dotations de vivres, et ensemble, en combinant nos ressources, nous pr\u00e9parons les repas\u00a0\u00bb, partage dame Roukiatou Ma\u00efga.<\/p><dl class=\"spip_document_155274 spip_documents spip_documents_center\"><dt><img decoding=\"async\" src=\"https:\/\/lefaso.net\/local\/cache-vignettes\/L600xH608\/3_a_l_image_de_karim_zouma_agent_de_l_action_sociale_ayant_recu_deux_balles_une_a_la_main_gauche_et_une_autre_a_la_poitrine_roukiatou_mai-bc6fd.jpg?1692631879\" alt=\"\" width=\"600\" height=\"608\" \/><\/dt><dd class=\"spip_doc_descriptif\"><i>\u00c0 l\u2019image de Karim Zouma, agent de l\u2019action sociale ayant re\u00e7u deux balles, une \u00e0 la main gauche et une autre \u00e0 la poitrine, Roukiatou Maiga<\/i><\/dd><\/dl><p><strong>A\u00efcha ou les larmes de la r\u00e9silience<\/strong><\/p>\t\t\t\t\t\t\t\t<\/div>\n\t\t\t\t<\/div>\n\t\t\t\t\t<\/div>\n\t\t<\/div>\n\t\t\t\t\t<\/div>\n\t\t<\/section>\n\t\t\t\t<\/div>\n\t\t","protected":false},"excerpt":{"rendered":"<p>R\u00e9ponse humanitaire au Burkina : Roukiatou Ma\u00efga, l\u2019amazone qui redonne espoir aux personnes d\u00e9plac\u00e9es internes \u00e0 Dori Avec 501 961 Personnes d\u00e9plac\u00e9es internes (PDI)\u00a0\u00e0 la date du 31 mars 2023, le Sahel est la r\u00e9gion qui accueille le plus grand nombre de PDI au Burkina Faso, estim\u00e9es \u00e0 2 062 534. Hommes, femmes et enfants [&hellip;]<\/p>\n","protected":false},"author":2,"featured_media":0,"parent":0,"menu_order":0,"comment_status":"closed","ping_status":"closed","template":"","meta":{"site-sidebar-layout":"no-sidebar","site-content-layout":"page-builder","ast-site-content-layout":"default","site-content-style":"default","site-sidebar-style":"default","ast-global-header-display":"","ast-banner-title-visibility":"","ast-main-header-display":"","ast-hfb-above-header-display":"","ast-hfb-below-header-display":"","ast-hfb-mobile-header-display":"","site-post-title":"disabled","ast-breadcrumbs-content":"","ast-featured-img":"disabled","footer-sml-layout":"","theme-transparent-header-meta":"","adv-header-id-meta":"","stick-header-meta":"","header-above-stick-meta":"","header-main-stick-meta":"","header-below-stick-meta":"","astra-migrate-meta-layouts":"default","ast-page-background-enabled":"default","ast-page-background-meta":{"desktop":{"background-color":"","background-image":"","background-repeat":"repeat","background-position":"center center","background-size":"auto","background-attachment":"scroll","background-type":"","background-media":"","overlay-type":"","overlay-color":"","overlay-opacity":"","overlay-gradient":""},"tablet":{"background-color":"","background-image":"","background-repeat":"repeat","background-position":"center center","background-size":"auto","background-attachment":"scroll","background-type":"","background-media":"","overlay-type":"","overlay-color":"","overlay-opacity":"","overlay-gradient":""},"mobile":{"background-color":"","background-image":"","background-repeat":"repeat","background-position":"center center","background-size":"auto","background-attachment":"scroll","background-type":"","background-media":"","overlay-type":"","overlay-color":"","overlay-opacity":"","overlay-gradient":""}},"ast-content-background-meta":{"desktop":{"background-color":"var(--ast-global-color-5)","background-image":"","background-repeat":"repeat","background-position":"center center","background-size":"auto","background-attachment":"scroll","background-type":"","background-media":"","overlay-type":"","overlay-color":"","overlay-opacity":"","overlay-gradient":""},"tablet":{"background-color":"var(--ast-global-color-5)","background-image":"","background-repeat":"repeat","background-position":"center center","background-size":"auto","background-attachment":"scroll","background-type":"","background-media":"","overlay-type":"","overlay-color":"","overlay-opacity":"","overlay-gradient":""},"mobile":{"background-color":"var(--ast-global-color-5)","background-image":"","background-repeat":"repeat","background-position":"center center","background-size":"auto","background-attachment":"scroll","background-type":"","background-media":"","overlay-type":"","overlay-color":"","overlay-opacity":"","overlay-gradient":""}},"footnotes":""},"class_list":["post-3500","page","type-page","status-publish","hentry"],"jetpack_sharing_enabled":true,"rttpg_featured_image_url":null,"rttpg_author":{"display_name":"Hascor Burkina","author_link":"https:\/\/blog.hascorburkina.com\/index.php\/author\/hascorblog\/"},"rttpg_comment":0,"rttpg_category":null,"rttpg_excerpt":"R\u00e9ponse humanitaire au Burkina : Roukiatou Ma\u00efga, l\u2019amazone qui redonne espoir aux personnes d\u00e9plac\u00e9es internes \u00e0 Dori Avec 501 961 Personnes d\u00e9plac\u00e9es internes (PDI)\u00a0\u00e0 la date du 31 mars 2023, le Sahel est la r\u00e9gion qui accueille le plus grand nombre de PDI au Burkina Faso, estim\u00e9es \u00e0 2 062 534. Hommes, femmes et enfants\u2026","_links":{"self":[{"href":"https:\/\/blog.hascorburkina.com\/index.php\/wp-json\/wp\/v2\/pages\/3500","targetHints":{"allow":["GET"]}}],"collection":[{"href":"https:\/\/blog.hascorburkina.com\/index.php\/wp-json\/wp\/v2\/pages"}],"about":[{"href":"https:\/\/blog.hascorburkina.com\/index.php\/wp-json\/wp\/v2\/types\/page"}],"author":[{"embeddable":true,"href":"https:\/\/blog.hascorburkina.com\/index.php\/wp-json\/wp\/v2\/users\/2"}],"replies":[{"embeddable":true,"href":"https:\/\/blog.hascorburkina.com\/index.php\/wp-json\/wp\/v2\/comments?post=3500"}],"version-history":[{"count":3,"href":"https:\/\/blog.hascorburkina.com\/index.php\/wp-json\/wp\/v2\/pages\/3500\/revisions"}],"predecessor-version":[{"id":3504,"href":"https:\/\/blog.hascorburkina.com\/index.php\/wp-json\/wp\/v2\/pages\/3500\/revisions\/3504"}],"wp:attachment":[{"href":"https:\/\/blog.hascorburkina.com\/index.php\/wp-json\/wp\/v2\/media?parent=3500"}],"curies":[{"name":"wp","href":"https:\/\/api.w.org\/{rel}","templated":true}]}}