{"id":3487,"date":"2023-08-16T16:33:02","date_gmt":"2023-08-16T16:33:02","guid":{"rendered":"https:\/\/blog.hascorburkina.com\/?page_id=3487"},"modified":"2023-08-16T16:34:48","modified_gmt":"2023-08-16T16:34:48","slug":"article-3","status":"publish","type":"page","link":"https:\/\/blog.hascorburkina.com\/index.php\/article-3\/","title":{"rendered":"article"},"content":{"rendered":"\t\t<div data-elementor-type=\"wp-page\" data-elementor-id=\"3487\" class=\"elementor elementor-3487\">\n\t\t\t\t\t\t<section class=\"elementor-section elementor-top-section elementor-element elementor-element-67d9d8a elementor-section-boxed elementor-section-height-default elementor-section-height-default\" data-id=\"67d9d8a\" data-element_type=\"section\" data-e-type=\"section\">\n\t\t\t\t\t\t<div class=\"elementor-container elementor-column-gap-default\">\n\t\t\t\t\t<div class=\"elementor-column elementor-col-100 elementor-top-column elementor-element elementor-element-3f944eb\" data-id=\"3f944eb\" data-element_type=\"column\" data-e-type=\"column\">\n\t\t\t<div class=\"elementor-widget-wrap elementor-element-populated\">\n\t\t\t\t\t\t<div class=\"elementor-element elementor-element-0d17a0a elementor-widget elementor-widget-heading\" data-id=\"0d17a0a\" data-element_type=\"widget\" data-e-type=\"widget\" data-widget_type=\"heading.default\">\n\t\t\t\t<div class=\"elementor-widget-container\">\n\t\t\t\t\t<h2 class=\"elementor-heading-title elementor-size-default\"><h1 class=\"entry-title\" style=\"margin-top: 20px;margin-bottom: 10px;font-style: normal;font-weight: 500;font-size: 36px;line-height: 1.1;, Helvetica, Arial, sans-serif;display: block;text-transform: none\">Afrique de l\u2019Ouest : \u00ab La d\u00e9mocratie a ses d\u00e9fauts, mais l\u2019alternative ne saurait \u00eatre les coups d\u2019\u00c9tat \u00bb, selon Rachidi Tapsoba<\/h2>\t\t\t\t<\/div>\n\t\t\t\t<\/div>\n\t\t\t\t\t<\/div>\n\t\t<\/div>\n\t\t\t\t\t<\/div>\n\t\t<\/section>\n\t\t\t\t<section class=\"elementor-section elementor-top-section elementor-element elementor-element-493b905 elementor-section-content-middle elementor-section-boxed elementor-section-height-default elementor-section-height-default\" data-id=\"493b905\" data-element_type=\"section\" data-e-type=\"section\" data-settings=\"{&quot;background_background&quot;:&quot;classic&quot;}\">\n\t\t\t\t\t\t\t<div class=\"elementor-background-overlay\"><\/div>\n\t\t\t\t\t\t\t<div class=\"elementor-container elementor-column-gap-no\">\n\t\t\t\t\t<div class=\"elementor-column elementor-col-50 elementor-top-column elementor-element elementor-element-36ae722\" data-id=\"36ae722\" data-element_type=\"column\" data-e-type=\"column\">\n\t\t\t<div class=\"elementor-widget-wrap elementor-element-populated\">\n\t\t\t\t\t\t<div class=\"elementor-element elementor-element-c84acf6 elementor-widget elementor-widget-image\" data-id=\"c84acf6\" data-element_type=\"widget\" data-e-type=\"widget\" data-widget_type=\"image.default\">\n\t\t\t\t<div class=\"elementor-widget-container\">\n\t\t\t\t\t\t\t\t\t\t\t\t\t\t\t<img fetchpriority=\"high\" decoding=\"async\" width=\"700\" height=\"494\" src=\"https:\/\/blog.hascorburkina.com\/wp-content\/uploads\/2023\/08\/arton123637.jpg\" class=\"attachment-full size-full wp-image-3486\" alt=\"\" srcset=\"https:\/\/blog.hascorburkina.com\/wp-content\/uploads\/2023\/08\/arton123637.jpg 700w, https:\/\/blog.hascorburkina.com\/wp-content\/uploads\/2023\/08\/arton123637-600x423.jpg 600w, https:\/\/blog.hascorburkina.com\/wp-content\/uploads\/2023\/08\/arton123637-300x212.jpg 300w\" sizes=\"(max-width: 700px) 100vw, 700px\" \/>\t\t\t\t\t\t\t\t\t\t\t\t\t\t\t<\/div>\n\t\t\t\t<\/div>\n\t\t\t\t\t<\/div>\n\t\t<\/div>\n\t\t\t\t<div class=\"elementor-column elementor-col-50 elementor-top-column elementor-element elementor-element-5d9b974\" data-id=\"5d9b974\" data-element_type=\"column\" data-e-type=\"column\">\n\t\t\t<div class=\"elementor-widget-wrap elementor-element-populated\">\n\t\t\t\t\t\t<div class=\"elementor-element elementor-element-95cf120 elementor-widget elementor-widget-text-editor\" data-id=\"95cf120\" data-element_type=\"widget\" data-e-type=\"widget\" data-widget_type=\"text-editor.default\">\n\t\t\t\t<div class=\"elementor-widget-container\">\n\t\t\t\t\t\t\t\t\t<p><strong>Rachidi Tapsoba, juriste-conseil et enseignant vacataire de droit priv\u00e9 estime, dans les lignes qui suivent, que la d\u00e9mocratie a ses d\u00e9fauts et ses travers mais l\u2019alternative \u00e0 la d\u00e9mocratie ne saurait \u00eatre les coups d\u2019\u00c9tat. D\u2019apr\u00e8s lui, les militaires qui viennent au pouvoir par coups d\u2019\u00c9tat ne sont pas forcement meilleurs que les civils sur les plans humain, intellectuel, id\u00e9ologique et politique. Et les hommes politiques ne sont pas tous des pourris. Lisez plut\u00f4t.<\/strong><\/p><div class=\"article_content\"><p>C\u2019est un truisme ou une lapalissade de dire que ces derniers temps la d\u00e9mocratie chancelle, tangue, vacille et tend m\u00eame vers une sorte de d\u00e9clin en Afrique de l\u2019Ouest.<\/p><p>\u00a0tyrannie<\/p><\/div>\t\t\t\t\t\t\t\t<\/div>\n\t\t\t\t<\/div>\n\t\t\t\t\t<\/div>\n\t\t<\/div>\n\t\t\t\t\t<\/div>\n\t\t<\/section>\n\t\t\t\t<section class=\"elementor-section elementor-top-section elementor-element elementor-element-4cbe002 elementor-section-boxed elementor-section-height-default elementor-section-height-default\" data-id=\"4cbe002\" data-element_type=\"section\" data-e-type=\"section\">\n\t\t\t\t\t\t<div class=\"elementor-container elementor-column-gap-default\">\n\t\t\t\t\t<div class=\"elementor-column elementor-col-100 elementor-top-column elementor-element elementor-element-9d1c161\" data-id=\"9d1c161\" data-element_type=\"column\" data-e-type=\"column\">\n\t\t\t<div class=\"elementor-widget-wrap elementor-element-populated\">\n\t\t\t\t\t\t<div class=\"elementor-element elementor-element-9d1a6b4 elementor-widget elementor-widget-text-editor\" data-id=\"9d1a6b4\" data-element_type=\"widget\" data-e-type=\"widget\" data-widget_type=\"text-editor.default\">\n\t\t\t\t<div class=\"elementor-widget-container\">\n\t\t\t\t\t\t\t\t\t<p>Aujourd\u2019hui, avec le renouveau des coups d\u2019\u00c9tat dans la sous-r\u00e9gion ouest-africaine, on entend les thurif\u00e9raires, les z\u00e9lateurs et les apologistes z\u00e9l\u00e9s des r\u00e9gimes putschistes vilipender la d\u00e9mocratie. On entend toute sorte de th\u00e9ories invent\u00e9es par des intellectuels d\u2019un acabit nouveau pour vouer aux g\u00e9monies la d\u00e9mocratie et la jeter en p\u00e2ture \u00e0 une certaine opinion publique qui se dit panafricaine et anti-imp\u00e9rialiste. Il faut savoir que le panafricanisme et l\u2019anti-imp\u00e9rialisme ne sont pas l\u2019anarchie et la tyrannie.<\/p><p>Je suis d\u2019accord que la d\u00e9mocratie telle qu\u2019appliqu\u00e9e en Afrique laisse \u00e0 d\u00e9sirer. Il est vrai qu\u2019elle a montr\u00e9 des limites depuis de nombreuses d\u00e9cennies. Mais qui est responsable de toutes les tares de la d\u00e9mocratie telle qu\u2019elle est exp\u00e9riment\u00e9e en Afrique\u00a0?<\/p><p>Je pense bien que ce sont les hommes qui exploitent les failles de la d\u00e9mocratie dans le seul but de pr\u00e9server leurs personnels et \u00e9go\u00efstes int\u00e9r\u00eats. On fait une mauvaise analyse en pensant que les d\u00e9fauts des hommes cens\u00e9s mettre en \u0153uvre la d\u00e9mocratie sont les d\u00e9fauts du syst\u00e8me d\u00e9mocratique lui-m\u00eame. Ce qui est une erreur monumentale.<\/p><p>Si on est tous d\u2019accord que la d\u00e9mocratie, en tant que syst\u00e8me politique, n\u2019est pas adapt\u00e9e \u00e0 nos r\u00e9alit\u00e9s, il nous revient de r\u00e9fl\u00e9chir sur la fa\u00e7on de l\u2019adapter de sorte \u00e0 avoir un syst\u00e8me assez original qui prend en compte nos r\u00e9alit\u00e9s. Et si r\u00e9fl\u00e9chir pour trouver une voie originale nous semble si difficile, l\u2019on peut n\u00e9anmoins s\u2019inspirer de mod\u00e8les comme le mod\u00e8le suisse. Mais au lieu de mener cette r\u00e9flexion profonde, des pseudos intellectuels pr\u00e9f\u00e8rent avoir recours \u00e0 des raccourcis intellectuels qui consistent \u00e0 vanter les coups d\u2019\u00c9tat, la dictature, la tyrannie voire l\u2019anarchie.<\/p><p>Rien ne nous garantit que les militaires qui viennent au pouvoir par coups d\u2019\u00c9tat sont humainement, intellectuellement, id\u00e9ologiquement et politiquement meilleurs (m\u00eame s\u2019il existe quelques exceptions comme Thomas SANKARA) que les civils. Les hommes politiques ne sont pas tous des pourris comme on tend \u00e0 nous le mettre dans la t\u00eate \u00e0 travers le mus\u00e8lement des partis et formations politiques.<\/p><p>L\u2019erreur que ceux qui critiquent de mani\u00e8re acerbe la d\u00e9mocratie aujourd\u2019hui commettent est qu\u2019ils ne per\u00e7oivent le syst\u00e8me d\u00e9mocratique que sous le seul angle de l\u2019organisation des \u00e9lections \u00e0 travers le vote qui est le mode de d\u00e9signation des gouvernants. Or, la d\u00e9mocratie ne se r\u00e9sume pas \u00e0 cela. Il nous faut admettre que la d\u00e9mocratie est l\u2019un des meilleurs syst\u00e8mes qui permette la garantie des droits et libert\u00e9s individuels comme la libert\u00e9 d\u2019expression et d\u2019opinion par exemple. C\u2019est l\u2019un des syst\u00e8mes qui nous \u00e9vite de vivre dans la jungle et dans l\u2019oppression.<\/p><p>La d\u00e9mocratie a ses d\u00e9fauts et ses travers mais l\u2019alternative \u00e0 la d\u00e9mocratie ne saurait \u00eatre les coups d\u2019\u00c9tat, la tyrannie et l\u2019anarchie qu\u2019on veut instituer comme la panac\u00e9e sous couvert de panafricanisme et de lutte anti-imp\u00e9rialiste.<\/p><p><strong>Rachidi TAPSOBA<\/strong><\/p>\t\t\t\t\t\t\t\t<\/div>\n\t\t\t\t<\/div>\n\t\t\t\t\t<\/div>\n\t\t<\/div>\n\t\t\t\t\t<\/div>\n\t\t<\/section>\n\t\t\t\t<\/div>\n\t\t","protected":false},"excerpt":{"rendered":"<p>Afrique de l\u2019Ouest : \u00ab La d\u00e9mocratie a ses d\u00e9fauts, mais l\u2019alternative ne saurait \u00eatre les coups d\u2019\u00c9tat \u00bb, selon Rachidi Tapsoba Rachidi Tapsoba, juriste-conseil et enseignant vacataire de droit priv\u00e9 estime, dans les lignes qui suivent, que la d\u00e9mocratie a ses d\u00e9fauts et ses travers mais l\u2019alternative \u00e0 la d\u00e9mocratie ne saurait \u00eatre les [&hellip;]<\/p>\n","protected":false},"author":2,"featured_media":0,"parent":0,"menu_order":0,"comment_status":"closed","ping_status":"closed","template":"","meta":{"site-sidebar-layout":"no-sidebar","site-content-layout":"page-builder","ast-site-content-layout":"default","site-content-style":"default","site-sidebar-style":"default","ast-global-header-display":"","ast-banner-title-visibility":"","ast-main-header-display":"","ast-hfb-above-header-display":"","ast-hfb-below-header-display":"","ast-hfb-mobile-header-display":"","site-post-title":"disabled","ast-breadcrumbs-content":"","ast-featured-img":"disabled","footer-sml-layout":"","theme-transparent-header-meta":"","adv-header-id-meta":"","stick-header-meta":"","header-above-stick-meta":"","header-main-stick-meta":"","header-below-stick-meta":"","astra-migrate-meta-layouts":"default","ast-page-background-enabled":"default","ast-page-background-meta":{"desktop":{"background-color":"","background-image":"","background-repeat":"repeat","background-position":"center center","background-size":"auto","background-attachment":"scroll","background-type":"","background-media":"","overlay-type":"","overlay-color":"","overlay-opacity":"","overlay-gradient":""},"tablet":{"background-color":"","background-image":"","background-repeat":"repeat","background-position":"center center","background-size":"auto","background-attachment":"scroll","background-type":"","background-media":"","overlay-type":"","overlay-color":"","overlay-opacity":"","overlay-gradient":""},"mobile":{"background-color":"","background-image":"","background-repeat":"repeat","background-position":"center center","background-size":"auto","background-attachment":"scroll","background-type":"","background-media":"","overlay-type":"","overlay-color":"","overlay-opacity":"","overlay-gradient":""}},"ast-content-background-meta":{"desktop":{"background-color":"var(--ast-global-color-5)","background-image":"","background-repeat":"repeat","background-position":"center center","background-size":"auto","background-attachment":"scroll","background-type":"","background-media":"","overlay-type":"","overlay-color":"","overlay-opacity":"","overlay-gradient":""},"tablet":{"background-color":"var(--ast-global-color-5)","background-image":"","background-repeat":"repeat","background-position":"center center","background-size":"auto","background-attachment":"scroll","background-type":"","background-media":"","overlay-type":"","overlay-color":"","overlay-opacity":"","overlay-gradient":""},"mobile":{"background-color":"var(--ast-global-color-5)","background-image":"","background-repeat":"repeat","background-position":"center center","background-size":"auto","background-attachment":"scroll","background-type":"","background-media":"","overlay-type":"","overlay-color":"","overlay-opacity":"","overlay-gradient":""}},"footnotes":""},"class_list":["post-3487","page","type-page","status-publish","hentry"],"jetpack_sharing_enabled":true,"rttpg_featured_image_url":null,"rttpg_author":{"display_name":"Hascor Burkina","author_link":"https:\/\/blog.hascorburkina.com\/index.php\/author\/hascorblog\/"},"rttpg_comment":0,"rttpg_category":null,"rttpg_excerpt":"Afrique de l\u2019Ouest : \u00ab La d\u00e9mocratie a ses d\u00e9fauts, mais l\u2019alternative ne saurait \u00eatre les coups d\u2019\u00c9tat \u00bb, selon Rachidi Tapsoba Rachidi Tapsoba, juriste-conseil et enseignant vacataire de droit priv\u00e9 estime, dans les lignes qui suivent, que la d\u00e9mocratie a ses d\u00e9fauts et ses travers mais l\u2019alternative \u00e0 la d\u00e9mocratie ne saurait \u00eatre les\u2026","_links":{"self":[{"href":"https:\/\/blog.hascorburkina.com\/index.php\/wp-json\/wp\/v2\/pages\/3487","targetHints":{"allow":["GET"]}}],"collection":[{"href":"https:\/\/blog.hascorburkina.com\/index.php\/wp-json\/wp\/v2\/pages"}],"about":[{"href":"https:\/\/blog.hascorburkina.com\/index.php\/wp-json\/wp\/v2\/types\/page"}],"author":[{"embeddable":true,"href":"https:\/\/blog.hascorburkina.com\/index.php\/wp-json\/wp\/v2\/users\/2"}],"replies":[{"embeddable":true,"href":"https:\/\/blog.hascorburkina.com\/index.php\/wp-json\/wp\/v2\/comments?post=3487"}],"version-history":[{"count":4,"href":"https:\/\/blog.hascorburkina.com\/index.php\/wp-json\/wp\/v2\/pages\/3487\/revisions"}],"predecessor-version":[{"id":3492,"href":"https:\/\/blog.hascorburkina.com\/index.php\/wp-json\/wp\/v2\/pages\/3487\/revisions\/3492"}],"wp:attachment":[{"href":"https:\/\/blog.hascorburkina.com\/index.php\/wp-json\/wp\/v2\/media?parent=3487"}],"curies":[{"name":"wp","href":"https:\/\/api.w.org\/{rel}","templated":true}]}}