{"id":3473,"date":"2023-08-16T15:54:36","date_gmt":"2023-08-16T15:54:36","guid":{"rendered":"https:\/\/blog.hascorburkina.com\/?page_id=3473"},"modified":"2023-08-16T15:56:57","modified_gmt":"2023-08-16T15:56:57","slug":"article","status":"publish","type":"page","link":"https:\/\/blog.hascorburkina.com\/index.php\/article\/","title":{"rendered":"article"},"content":{"rendered":"\t\t<div data-elementor-type=\"wp-page\" data-elementor-id=\"3473\" class=\"elementor elementor-3473\">\n\t\t\t\t\t\t<section class=\"elementor-section elementor-top-section elementor-element elementor-element-cf50180 elementor-section-boxed elementor-section-height-default elementor-section-height-default\" data-id=\"cf50180\" data-element_type=\"section\" data-e-type=\"section\">\n\t\t\t\t\t\t<div class=\"elementor-container elementor-column-gap-default\">\n\t\t\t\t\t<div class=\"elementor-column elementor-col-100 elementor-top-column elementor-element elementor-element-61d6305\" data-id=\"61d6305\" data-element_type=\"column\" data-e-type=\"column\">\n\t\t\t<div class=\"elementor-widget-wrap elementor-element-populated\">\n\t\t\t\t\t\t<div class=\"elementor-element elementor-element-ad33280 elementor-widget elementor-widget-heading\" data-id=\"ad33280\" data-element_type=\"widget\" data-e-type=\"widget\" data-widget_type=\"heading.default\">\n\t\t\t\t<div class=\"elementor-widget-container\">\n\t\t\t\t\t<h2 class=\"elementor-heading-title elementor-size-default\"><h1 class=\"entry-title\" style=\"margin-top: 20px;margin-bottom: 10px;font-style: normal;font-weight: 500;font-size: 36px;line-height: 1.1;, Helvetica, Arial, sans-serif;display: block;text-transform: none\">Afrique : De quoi les coups d\u2019Etat militaires sont-ils le nom ?<\/h2>\t\t\t\t<\/div>\n\t\t\t\t<\/div>\n\t\t\t\t\t<\/div>\n\t\t<\/div>\n\t\t\t\t\t<\/div>\n\t\t<\/section>\n\t\t\t\t<section class=\"elementor-section elementor-top-section elementor-element elementor-element-e7a77be elementor-section-content-middle elementor-section-boxed elementor-section-height-default elementor-section-height-default\" data-id=\"e7a77be\" data-element_type=\"section\" data-e-type=\"section\" data-settings=\"{&quot;background_background&quot;:&quot;classic&quot;}\">\n\t\t\t\t\t\t\t<div class=\"elementor-background-overlay\"><\/div>\n\t\t\t\t\t\t\t<div class=\"elementor-container elementor-column-gap-no\">\n\t\t\t\t\t<div class=\"elementor-column elementor-col-50 elementor-top-column elementor-element elementor-element-c159d13\" data-id=\"c159d13\" data-element_type=\"column\" data-e-type=\"column\">\n\t\t\t<div class=\"elementor-widget-wrap elementor-element-populated\">\n\t\t\t\t\t\t<div class=\"elementor-element elementor-element-373e3a2 elementor-widget elementor-widget-image\" data-id=\"373e3a2\" data-element_type=\"widget\" data-e-type=\"widget\" data-widget_type=\"image.default\">\n\t\t\t\t<div class=\"elementor-widget-container\">\n\t\t\t\t\t\t\t\t\t\t\t\t\t\t\t<img fetchpriority=\"high\" decoding=\"async\" width=\"700\" height=\"466\" src=\"https:\/\/blog.hascorburkina.com\/wp-content\/uploads\/2023\/08\/arton123636.jpg\" class=\"attachment-full size-full wp-image-3472\" alt=\"\" srcset=\"https:\/\/blog.hascorburkina.com\/wp-content\/uploads\/2023\/08\/arton123636.jpg 700w, https:\/\/blog.hascorburkina.com\/wp-content\/uploads\/2023\/08\/arton123636-600x399.jpg 600w, https:\/\/blog.hascorburkina.com\/wp-content\/uploads\/2023\/08\/arton123636-300x200.jpg 300w\" sizes=\"(max-width: 700px) 100vw, 700px\" \/>\t\t\t\t\t\t\t\t\t\t\t\t\t\t\t<\/div>\n\t\t\t\t<\/div>\n\t\t\t\t\t<\/div>\n\t\t<\/div>\n\t\t\t\t<div class=\"elementor-column elementor-col-50 elementor-top-column elementor-element elementor-element-7c915b1\" data-id=\"7c915b1\" data-element_type=\"column\" data-e-type=\"column\">\n\t\t\t<div class=\"elementor-widget-wrap elementor-element-populated\">\n\t\t\t\t\t\t<div class=\"elementor-element elementor-element-198558a elementor-widget elementor-widget-text-editor\" data-id=\"198558a\" data-element_type=\"widget\" data-e-type=\"widget\" data-widget_type=\"text-editor.default\">\n\t\t\t\t<div class=\"elementor-widget-container\">\n\t\t\t\t\t\t\t\t\t<p><strong>Dans une tribune publi\u00e9e le 18 octobre 2022 sur Lefaso.net, Mamadou Diallo, analyste politique, craignait que d\u2019autres crises au sein de Forces de d\u00e9fense et de s\u00e9curit\u00e9 (FDS) ne se profilent \u00e0 l\u2019horizon en cas d\u2019\u00e9volution n\u00e9gative de la situation s\u00e9curitaire au Burkina. Il insistait sur la n\u00e9cessit\u00e9 de donner une chance au dialogue pour sortir de la crise s\u00e9curitaire et d\u2019engager concomitamment la refondation de l\u2019Etat y compris des FDS. Dans cette nouvelle tribune, il approfondit son hypoth\u00e8se relative aux causes de l\u2019insertion des arm\u00e9es ouest-africaines dans le jeu politique et en tire les cons\u00e9quences pour l\u2019avenir du Sahel et de l\u2019Afrique de l\u2019Ouest.\u00a0<\/strong><\/p>\t\t\t\t\t\t\t\t<\/div>\n\t\t\t\t<\/div>\n\t\t\t\t\t<\/div>\n\t\t<\/div>\n\t\t\t\t\t<\/div>\n\t\t<\/section>\n\t\t\t\t<section class=\"elementor-section elementor-top-section elementor-element elementor-element-f6d6405 elementor-section-boxed elementor-section-height-default elementor-section-height-default\" data-id=\"f6d6405\" data-element_type=\"section\" data-e-type=\"section\">\n\t\t\t\t\t\t<div class=\"elementor-container elementor-column-gap-default\">\n\t\t\t\t\t<div class=\"elementor-column elementor-col-100 elementor-top-column elementor-element elementor-element-0fe0283\" data-id=\"0fe0283\" data-element_type=\"column\" data-e-type=\"column\">\n\t\t\t<div class=\"elementor-widget-wrap elementor-element-populated\">\n\t\t\t\t\t\t<div class=\"elementor-element elementor-element-bfd541f elementor-widget elementor-widget-text-editor\" data-id=\"bfd541f\" data-element_type=\"widget\" data-e-type=\"widget\" data-widget_type=\"text-editor.default\">\n\t\t\t\t<div class=\"elementor-widget-container\">\n\t\t\t\t\t\t\t\t\t<p>J\u2019avais, \u00e0 l\u2019av\u00e8nement du MPSR 2, publi\u00e9 le 17 octobre 2022, une tribune intitul\u00e9e\u00a0: \u00ab\u00a0La r\u00e9currence des coups d\u2019Etat militaires au Burkina\u00a0: Une tendance gravissime porteuse de germes de guerre civile\u00a0: alors que faire\u00a0?\u00a0\u00bb. Elle engageait in fine une hypoth\u00e8se sur l\u2019insertion de l\u2019institution militaire dans la culture politique des \u00e9lites post ind\u00e9pendance.<\/p><p>Je l\u2019avais \u00e9nonc\u00e9 en substance ainsi\u00a0:<\/p><p>\u00ab\u00a0Cette tendance lourde (celle des coups d\u2019Etat au Burkina) est aussi \u00e0 l\u2019\u0153uvre pour l\u2019essentiel dans les arm\u00e9es ouest-africaines qui n\u2019ont pas encore r\u00e9ussi \u00e0 construire des complexes militaro-\u00e9conomiques \u00e0 l\u2019instar de certains pays d\u2019Afrique du Nord (\u00c9gypte, Alg\u00e9rie, Soudan, etc.) et dans une moindre mesure le S\u00e9n\u00e9gal avec l\u2019action sur les \u00e9lites de ce pays de la toute-puissance \u00e9conomique, politique, culturelle et sociale de l\u2019islam confr\u00e9rique d\u2019ob\u00e9dience soufie. C\u2019\u00e9tait sans doute l\u2019ambition (construire un complexe militaro-\u00e9conomique) du capitaine pr\u00e9sident Blaise Compaor\u00e9 qui a guerroy\u00e9 au Lib\u00e9ria, en C\u00f4te d\u2019Ivoire etc.\u2026, \u00e0 la recherche de richesses \u00e0 piller et \u00e0 accumuler.<\/p><p>Ainsi, dans notre situation actuelle, on peut remarquer qu\u2019apr\u00e8s l\u2019effort de cr\u00e9ation de forces sp\u00e9ciales et d\u2019am\u00e9lioration du renseignement comme forces tactiques de grande importance contre les GAOD (Groupes arm\u00e9s d\u2019ob\u00e9dience djihadiste), celles-ci sont \u00e0 pr\u00e9sent engag\u00e9es dans la pr\u00e9paration de coups d\u2019\u00c9tat, ainsi que la protection des vainqueurs du moment contre toute vell\u00e9it\u00e9 de contre-coup d\u2019\u00c9tat.<\/p><p>Le coup d\u2019\u00c9tat du 30 septembre 2022, l\u2019illustre \u00e0 souhait avec en prime qu\u2019il s\u2019agit d\u2019une crise au sein du MPSR qui en est la r\u00e9sultante comme avant elle, celles du CSP et du CNR.<\/p><p>Contrairement aux crises au sein des partis politiques qui conduisent \u00e0 des d\u00e9fections et \u00e0 l\u2019atomisation soutenue et continue de la classe politique civile qui n\u2019ont pas encore conduit \u00e0 des risques d\u2019affrontements meurtriers de grande ampleur, nous devons \u00e0 pr\u00e9sent retenir notre souffle et craindre le pire cauchemar \u00e0 toute nouvelle crise au sein du MPSR et \u00e0 la mont\u00e9e en puissance d\u2019autres groupes politico-militaires concurrents qui attendent sans doute aussi leur heure.<\/p><p>Pour qui observe bien la situation marqu\u00e9e d\u2019une part, par l\u2019appel \u00e0 la rue et l\u2019instrumentalisation du sentiment anti-fran\u00e7ais par la fraction momentan\u00e9ment victorieuse des capitaines au sein du MPSR et d\u2019autre part, l\u2019attitude des diff\u00e9rentes composantes de nos FDS les plus engag\u00e9es dans la lutte contre les GAOD face au coup d\u2019\u00c9tat du 30 septembre 2022, il semble \u00e9vident que d\u2019autres crises et risques de fractures au sein des FDS se profilent \u00e0 l\u2019horizon en cas d\u2019\u00e9volution n\u00e9gative de la situation s\u00e9curitaire. Pour notre malheur, les GAOD savent bien que ce sont eux qui dictent le tempo et sont la source de pression d\u00e9stabilisante de la coh\u00e9sion sociale et au sein de nos FDS.<\/p><p>C\u2019est cette perspective de d\u00e9litement gravissime du Pays et de guerre civile que les Assisses Nationales des 14 et 15 octobre et le Conseil constitutionnel ont consacr\u00e9 en faisant du pr\u00e9sident du MPSR, le Chef de l\u2019\u00c9tat, le Pr\u00e9sident du Faso et le Chef supr\u00eame des arm\u00e9es.<\/p><p>C\u2019est cette politique de l\u2019autruche qui va aggraver notre situation que le monde entier consid\u00e8re comme la plus pr\u00e9occupante en Afrique de l\u2019Ouest\u00a0\u00bb.<\/p><p>Chacun de nous a, depuis les assises d\u2019octobre 2022, fait sans doute son exp\u00e9rience et en toute honn\u00eatet\u00e9 et lucidit\u00e9 peut \u00e0 pr\u00e9sent situer ses propres responsabilit\u00e9s.<\/p><p>Il est possible \u00e0 pr\u00e9sent d\u2019approfondir mon hypoth\u00e8se relative aux causes de l\u2019insertion des arm\u00e9es ouest-africaines dans le jeu politique et d\u2019en tirer les cons\u00e9quences pour l\u2019avenir de l\u2019Afrique de l\u2019Ouest et du Sahel en consid\u00e9rant tout particuli\u00e8rement deux dynamiques qui s\u2019alimentent l\u2019une et l\u2019autre\u00a0:<\/p><p>\u2022 La mont\u00e9e en puissance des groupes arm\u00e9es djihadistes engag\u00e9s dans une strat\u00e9gie politique du chaos par une strat\u00e9gie militaire d\u2019implosion des Etats-Nation post-coloniaux.<\/p><p>\u2022 La bataille g\u00e9opolitique par guerres proxy, entre la Russie de Poutine-celle des oligarques pr\u00e9dateurs, et l\u2019Occident imp\u00e9rialiste, tous engag\u00e9s dans la dynamique n\u00e9o-lib\u00e9rale.<\/p><p>Un premier \u00e9l\u00e9ment d\u2019approfondissement est que comme toutes les autres institutions de l\u2019Etat-Nation post-colonial, l\u2019arm\u00e9e elle est aussi, n\u2019a d\u2019histoire que celle de sa construction par la puissance coloniale\u00a0; elle n\u2019a pas \u00e9t\u00e9 forg\u00e9e comme les arm\u00e9es modernes qu\u2019elle tente de mimer, dans des guerres d\u2019Etat pour la construction des Nations et Etats-Nation sur la longue histoire\u00a0; forger son caract\u00e8re r\u00e9publicain s\u2019av\u00e8re alors une gageure. Etant la seule institution organis\u00e9e et arm\u00e9e avec une certaine disciple, cela ouvre la voie \u00e0 son instrumentalisation et \u00e0 son insertion dans le jeu politique de la conqu\u00eate et de l\u2019exercice du pouvoir d\u2019Etat. On se souviendra ainsi que dans le cas du Burkina, ce sont les syndicats et les partis politiques dans l\u2019opposition qui ont au travers du mouvement populaire du 3 janvier 1966, demand\u00e9 \u00e0 l\u2019arm\u00e9e de prendre le pouvoir. Depuis, l\u2019arm\u00e9e y a pris go\u00fbt, au grand dam des hommes politiques. Bon nombre de ces derniers surtout dans l\u2019opposition ont d\u00e9sormais fait du coup d\u2019Etat militaire une strat\u00e9gie de conqu\u00eate du pouvoir.<\/p><p>Un second \u00e9l\u00e9ment d\u2019approfondissement de l\u2019hypoth\u00e8se pourrait \u00eatre \u00e9tay\u00e9 comme suit en ce qui l\u2019Afrique de l\u2019Ouest et le Sahel tout particuli\u00e8rement\u00a0: Les complexes militaro-\u00e9conomiques compos\u00e9es d\u2019entreprises diverses pesant lourd dans le PIB du pays et sous le contr\u00f4le de l\u2019arm\u00e9e, permettent, l\u2019accumulation de richesses et des politiques de redistributions sp\u00e9cifiques au sein de l\u2019arm\u00e9e, l\u2019acceptation d\u2019un pouvoir civil accommodant et le cas \u00e9ch\u00e9ant, de les prot\u00e9ger par des coups d\u2019Etat comme cela fut le cas en Alg\u00e9rie, en Egypte et comme cela est pr\u00e9sentement le cas au Soudan.<\/p><p><strong>A d\u00e9faut de tels complexes militaro-\u00e9conomiques dans nos pays, que reste-t-il \u00e0 l\u2019\u00e9lite militaire ouest-africaine qui aspire gouverner\u00a0?<\/strong><\/p><p>Tout le monde s\u2019accorde \u00e0 dire que cette r\u00e9gion a renou\u00e9 avec les coups d\u2019Etat que l\u2019on consid\u00e9rait pass\u00e9s d\u2019\u00e9poque avec la d\u00e9mocratie parlementaire.<\/p><p>L\u2019argumentaire des putschistes est tant\u00f4t le blocage d\u00e9mocratique et de l\u2019alternance, tant\u00f4t la d\u00e9gradation de la situation s\u00e9curitaire sous l\u2019action des groupes arm\u00e9s djihadistes. Comme chacun peut le constater les coups d\u2019Etat n\u2019ont apport\u00e9 ni d\u00e9mocratie et alternance viables encore moins la s\u00e9curit\u00e9.<\/p><p>En Afrique de l\u2019ouest et sp\u00e9cifiquement dans les pays du Sahel, la perspective de mise en place de complexes militaro-\u00e9conomiques l\u00e9gaux et prosp\u00e8res \u00e9tant plus que probl\u00e9matique, la conqu\u00eate et l\u2019exercice du pouvoir d\u2019Etat par des coups d\u2019Etat se pr\u00e9sente alors comme une voie royale pour une frange importante de l\u2019\u00e9lite militaire qui va des capitaines aux g\u00e9n\u00e9raux\u00a0; ces coups d\u2019Etat sont pr\u00e9par\u00e9s par le biais de groupes politico-militaires clandestins au sein des form\u00e9es arm\u00e9es\u00a0; ces groupes sont en r\u00e9alit\u00e9 des proto-partis ill\u00e9gaux organis\u00e9s et anim\u00e9s avec l\u2019appui de membres de l\u2019\u00e9lite civile. Le cas du MPSR dont personne ne conna\u00eet la charte interne et les membres, et avant lui, ceux du CMRPN, du CSP, du CNR et du Font populaire qui a op\u00e9r\u00e9 la Rectification de la RDP, l\u2019illustrent \u00e0 souhait.<\/p><p>La conqu\u00eate et l\u2019exercice du pouvoir d\u2019Etat permet d\u2019acc\u00e9der \u00e0 la caverne d\u2019Ali Baba\u00a0; \u00e0 savoir le budget et les moyens de l\u2019Etat, des soci\u00e9t\u00e9s et des interventions publiques\u00a0; qu\u2019alimentent la fiscalit\u00e9, les PTF, les pr\u00eats sur les march\u00e9s financiers, les investissements directs \u00e9trangers (IDE), les raquettes et la mise sous coupe r\u00e9gl\u00e9e de l\u2019\u00e9conomie domestique, l\u2019acc\u00e8s \u00e0 l\u2019\u00e9conomie illicite et criminelle. C\u2019est le fruit de cette conqu\u00eate qui est la principale source d\u2019enrichissement des \u00e9lites gouvernantes et de leurs client\u00e8les par diverses modalit\u00e9s de corruption, de d\u00e9tournement et d\u2019abus de biens sociaux.<\/p><p>C\u2019est cela qui permit au capitaine Blaise Compaor\u00e9, rest\u00e9 in fine militaire, de coopter des \u00e9lites militaires, politiques, traditionnelles, intellectuelles, \u00e9conomiques, culturelles, sociales et du monde des m\u00e9dias, pour recycler \u2018\u2019d\u00e9mocratiquement\u2019\u2019, pour ainsi dire, son coup d\u2019Etat militaire du 15 octobre 1987 contre le clan du capitaine Thomas Sankara. C\u2019est cela qui explique sa long\u00e9vit\u00e9 au pouvoir.<br class=\"autobr\" \/>Le r\u00e9cent coup d\u2019Etat au Niger montre jusqu\u2019o\u00f9 une institution comme l\u2019arm\u00e9e peut \u00eatre d\u00e9shonor\u00e9e dans sa mission de d\u00e9fense des institutions et mise au service d\u2019int\u00e9r\u00eats personnels, voire d\u2019\u00e9gos.<\/p><p>La dynamique des coups d\u2019Etat peut \u00e0 pr\u00e9sent compter sur la manipulation souverainiste, d\u00e9magogique et populiste pour un succ\u00e8s au sein d\u2019une frange minoritaire et bruyante de la jeunesse urbaine nourrie \u00e0 la vulgate panafricaniste et anti-imp\u00e9rialiste\u00a0; elle peut aussi compter sur l\u2019appui d\u2019aventuriers et d\u2019entrepreneurs politiques, voire de pans entiers de l\u2019\u00e9lite intellectuelle, politique, traditionnelle, \u00e9conomique, religieuse et du monde des m\u00e9dias.<\/p><p>Ainsi, comment peut-on \u00eatre honn\u00eate et s\u00e9rieux de dire que les putschistes sont plus l\u00e9gitimes et souverainistes que les Chefs d\u2019Etat de la CEDEAO\u00a0? Comment peut-on \u00e9voquer la l\u00e9galit\u00e9 et la d\u00e9magogie souverainiste pour d\u00e9fendre des putschistes au pouvoir. Comment peut-on appeler la CEDEAO \u00e0 la retenue et \u00eatre cr\u00e9dible quand on n\u2019a m\u00eame pas condamn\u00e9 le coup d\u2019Etat au Niger et appel\u00e9 les Putschistes \u00e0 lib\u00e9rer le pr\u00e9sident \u00e9lu et sa famille retenus en otage et \u00e0 r\u00e9tablir la l\u00e9galit\u00e9 constitutionnelle\u00a0? Comment peut-on \u00e9voquer le sort des populations quand on oublie la sagesse dont a fait preuve le capitaine Amadou Haya Sanogo au Mali, qui, face aux sanctions de l\u2019UEMOA, a renonc\u00e9 au pouvoir. On pourrait du reste aussi \u00e9voquer le cas du G\u00e9n\u00e9ral putschiste Diend\u00e9r\u00e9 dans notre pays. La responsabilit\u00e9 n\u2019est pas l\u00e0 o\u00f9 on semble la chercher.<\/p><p>Notre turpide est telle aujourd\u2019hui que nous avons m\u00eame trouv\u00e9 des artifices juridiques pour faire endosser des coups d\u2019Etat \u00e0 notre conseil constitutionnel. Que nous trouvions normal que notre justice condamne des militaires pour putschisme alors que d\u2019autres putschistes s\u2019installent au pouvoir et font la nique \u00e0 leur serment et aux institutions judiciaires.<\/p><p><strong>Comment alors se pr\u00e9sente l\u2019avenir au regard d\u2019une telle dynamique\u00a0?<\/strong><\/p><p>Bien naturellement les groupes arm\u00e9es djihadistes trouvent l\u00e0 un vent favorable au d\u00e9roulement de leur agenda militaire et politique. Cela veut dire plus d\u2019ins\u00e9curit\u00e9, l\u2019extension sous r\u00e9gionale de leur emprise, l\u2019enlisement de nos pays dans la guerre et la dynamique vers l\u2019effondrement de nos Etats.<\/p><p>La bataille g\u00e9opolitique, principalement entre la Russie des Oligarques et l\u2019Occident imp\u00e9rialiste rentre dans une nouvelle phase guerri\u00e8re o\u00f9 chacun compte ses alli\u00e9es et d\u00e9veloppe ses atouts. Le second terrain de leur affrontement militaire apr\u00e8s l\u2019Ukraine est d\u00e9sormais le Sahel. Il est en effet bien na\u00eff de croire que la CEDEAO appuy\u00e9e par l\u2019Occident imp\u00e9rialiste ne se d\u00e9fendra pas. Cela veut dire plus d\u2019ins\u00e9curit\u00e9 et un avenir sombre pour la r\u00e9gion ouest-africaine et en premier lieu celui des pays du Sahel qui sont en premi\u00e8re ligne avec leurs juntes militaires et leurs populations d\u00e9boussol\u00e9es, meurtries, somm\u00e9es de choisir entre la peste et la peste.<\/p><p>Cet avenir plus que probable, n\u2019est cependant pas in\u00e9luctable si des mouvements populaires pacifiques se mettaient en marche par des modalit\u00e9s innovantes diverses pour sortir nos pays de la guerre, gagner la Paix, refonder notre vivre-ensemble et l\u2019Etat.<\/p><p>Je vous entretiendrai dans ma prochaine tribune d\u2019une telle perspective en ce qui concerne notre pays, dans l\u2019attente de la publication, avant la fin de l\u2019ann\u00e9e, si Dieu me pr\u00eate vie et sant\u00e9, d\u2019un Essai qui s\u2019intitulera \u00ab\u00a0Dans la dynamique de la Refondation du vivre-ensemble et de l\u2019Etat au Burkina Faso\u00a0\u00bb.<\/p><p>L\u2019Essai est d\u00e9di\u00e9 \u00e0 la campagne de sensibilisation et de mobilisation en faveur du Dialogue que porte une P\u00e9tition en ligne (<a class=\"spip_url spip_out auto\" href=\"https:\/\/chng.it\/BCJ4KFVk\" rel=\"nofollow external\">https:\/\/chng.it\/BCJ4KFVk<\/a>).<\/p><p>L\u2019Essai comportera trois parties\u00a0:<\/p><p>Une premi\u00e8re partie soulignera la profondeur historique de nos soci\u00e9t\u00e9s villageoises contemporaines \u00e0 travers leur historicit\u00e9 et tout particuli\u00e8rement leur capacit\u00e9 de digestion de l\u2019adversit\u00e9 culturelle et politique \u00e0 laquelle elles ont d\u00fb faire face sur la longue histoire.<\/p><p>Une deuxi\u00e8me partie abordera l\u2019insertion du mod\u00e8le de l\u2019Etat occidental dans les soci\u00e9t\u00e9s pr\u00e9coloniales afin de bien souligner l\u2019anomie introduite.<\/p><p>Une troisi\u00e8me partie abordera le paradigme et la dynamique de la Refondation \u00e0 savoir\u00a0: Un Etat pour les soci\u00e9t\u00e9s villageoises contemporaines, le mod\u00e8le de notre propre modernit\u00e9 ainsi que la strat\u00e9gie politique pour son \u00e9mergence et sa construction en commun.<\/p><p>Comme disait Joseph Ki-Zerbo Nan an Lara an Sara\u00a0!<\/p><p>Bon courage \u00e0 nous\u00a0!<\/p><p><strong>DIALLO Mamadou<\/strong><\/p>\t\t\t\t\t\t\t\t<\/div>\n\t\t\t\t<\/div>\n\t\t\t\t\t<\/div>\n\t\t<\/div>\n\t\t\t\t\t<\/div>\n\t\t<\/section>\n\t\t\t\t<\/div>\n\t\t","protected":false},"excerpt":{"rendered":"<p>Afrique : De quoi les coups d\u2019Etat militaires sont-ils le nom ? Dans une tribune publi\u00e9e le 18 octobre 2022 sur Lefaso.net, Mamadou Diallo, analyste politique, craignait que d\u2019autres crises au sein de Forces de d\u00e9fense et de s\u00e9curit\u00e9 (FDS) ne se profilent \u00e0 l\u2019horizon en cas d\u2019\u00e9volution n\u00e9gative de la situation s\u00e9curitaire au Burkina. [&hellip;]<\/p>\n","protected":false},"author":2,"featured_media":0,"parent":0,"menu_order":0,"comment_status":"closed","ping_status":"closed","template":"","meta":{"site-sidebar-layout":"no-sidebar","site-content-layout":"page-builder","ast-site-content-layout":"default","site-content-style":"default","site-sidebar-style":"default","ast-global-header-display":"","ast-banner-title-visibility":"","ast-main-header-display":"","ast-hfb-above-header-display":"","ast-hfb-below-header-display":"","ast-hfb-mobile-header-display":"","site-post-title":"disabled","ast-breadcrumbs-content":"","ast-featured-img":"disabled","footer-sml-layout":"","theme-transparent-header-meta":"","adv-header-id-meta":"","stick-header-meta":"","header-above-stick-meta":"","header-main-stick-meta":"","header-below-stick-meta":"","astra-migrate-meta-layouts":"default","ast-page-background-enabled":"default","ast-page-background-meta":{"desktop":{"background-color":"","background-image":"","background-repeat":"repeat","background-position":"center center","background-size":"auto","background-attachment":"scroll","background-type":"","background-media":"","overlay-type":"","overlay-color":"","overlay-opacity":"","overlay-gradient":""},"tablet":{"background-color":"","background-image":"","background-repeat":"repeat","background-position":"center center","background-size":"auto","background-attachment":"scroll","background-type":"","background-media":"","overlay-type":"","overlay-color":"","overlay-opacity":"","overlay-gradient":""},"mobile":{"background-color":"","background-image":"","background-repeat":"repeat","background-position":"center center","background-size":"auto","background-attachment":"scroll","background-type":"","background-media":"","overlay-type":"","overlay-color":"","overlay-opacity":"","overlay-gradient":""}},"ast-content-background-meta":{"desktop":{"background-color":"var(--ast-global-color-5)","background-image":"","background-repeat":"repeat","background-position":"center center","background-size":"auto","background-attachment":"scroll","background-type":"","background-media":"","overlay-type":"","overlay-color":"","overlay-opacity":"","overlay-gradient":""},"tablet":{"background-color":"var(--ast-global-color-5)","background-image":"","background-repeat":"repeat","background-position":"center center","background-size":"auto","background-attachment":"scroll","background-type":"","background-media":"","overlay-type":"","overlay-color":"","overlay-opacity":"","overlay-gradient":""},"mobile":{"background-color":"var(--ast-global-color-5)","background-image":"","background-repeat":"repeat","background-position":"center center","background-size":"auto","background-attachment":"scroll","background-type":"","background-media":"","overlay-type":"","overlay-color":"","overlay-opacity":"","overlay-gradient":""}},"footnotes":""},"class_list":["post-3473","page","type-page","status-publish","hentry"],"jetpack_sharing_enabled":true,"rttpg_featured_image_url":null,"rttpg_author":{"display_name":"Hascor Burkina","author_link":"https:\/\/blog.hascorburkina.com\/index.php\/author\/hascorblog\/"},"rttpg_comment":0,"rttpg_category":null,"rttpg_excerpt":"Afrique : De quoi les coups d\u2019Etat militaires sont-ils le nom ? Dans une tribune publi\u00e9e le 18 octobre 2022 sur Lefaso.net, Mamadou Diallo, analyste politique, craignait que d\u2019autres crises au sein de Forces de d\u00e9fense et de s\u00e9curit\u00e9 (FDS) ne se profilent \u00e0 l\u2019horizon en cas d\u2019\u00e9volution n\u00e9gative de la situation s\u00e9curitaire au Burkina.\u2026","_links":{"self":[{"href":"https:\/\/blog.hascorburkina.com\/index.php\/wp-json\/wp\/v2\/pages\/3473","targetHints":{"allow":["GET"]}}],"collection":[{"href":"https:\/\/blog.hascorburkina.com\/index.php\/wp-json\/wp\/v2\/pages"}],"about":[{"href":"https:\/\/blog.hascorburkina.com\/index.php\/wp-json\/wp\/v2\/types\/page"}],"author":[{"embeddable":true,"href":"https:\/\/blog.hascorburkina.com\/index.php\/wp-json\/wp\/v2\/users\/2"}],"replies":[{"embeddable":true,"href":"https:\/\/blog.hascorburkina.com\/index.php\/wp-json\/wp\/v2\/comments?post=3473"}],"version-history":[{"count":4,"href":"https:\/\/blog.hascorburkina.com\/index.php\/wp-json\/wp\/v2\/pages\/3473\/revisions"}],"predecessor-version":[{"id":3478,"href":"https:\/\/blog.hascorburkina.com\/index.php\/wp-json\/wp\/v2\/pages\/3473\/revisions\/3478"}],"wp:attachment":[{"href":"https:\/\/blog.hascorburkina.com\/index.php\/wp-json\/wp\/v2\/media?parent=3473"}],"curies":[{"name":"wp","href":"https:\/\/api.w.org\/{rel}","templated":true}]}}