{"id":3459,"date":"2023-08-10T11:36:38","date_gmt":"2023-08-10T11:36:38","guid":{"rendered":"https:\/\/blog.hascorburkina.com\/?page_id=3459"},"modified":"2023-08-10T11:38:48","modified_gmt":"2023-08-10T11:38:48","slug":"actualie","status":"publish","type":"page","link":"https:\/\/blog.hascorburkina.com\/index.php\/actualie\/","title":{"rendered":"actuali\u00e9"},"content":{"rendered":"\t\t<div data-elementor-type=\"wp-page\" data-elementor-id=\"3459\" class=\"elementor elementor-3459\">\n\t\t\t\t\t\t<section class=\"elementor-section elementor-top-section elementor-element elementor-element-ee9d8e6 elementor-section-boxed elementor-section-height-default elementor-section-height-default\" data-id=\"ee9d8e6\" data-element_type=\"section\" data-e-type=\"section\">\n\t\t\t\t\t\t<div class=\"elementor-container elementor-column-gap-default\">\n\t\t\t\t\t<div class=\"elementor-column elementor-col-100 elementor-top-column elementor-element elementor-element-94b03bb\" data-id=\"94b03bb\" data-element_type=\"column\" data-e-type=\"column\">\n\t\t\t<div class=\"elementor-widget-wrap elementor-element-populated\">\n\t\t\t\t\t\t<div class=\"elementor-element elementor-element-81d2ebf elementor-widget elementor-widget-heading\" data-id=\"81d2ebf\" data-element_type=\"widget\" data-e-type=\"widget\" data-widget_type=\"heading.default\">\n\t\t\t\t<div class=\"elementor-widget-container\">\n\t\t\t\t\t<h2 class=\"elementor-heading-title elementor-size-default\"><h1 class=\"entry-title\" style=\"margin-top: 20px;margin-bottom: 10px;font-style: normal;font-weight: 500;font-size: 36px;line-height: 1.1;, Helvetica, Arial, sans-serif;display: block;text-transform: none\">Au Mali, le num\u00e9ro un de la f\u00e9d\u00e9ration de football et un ex-pr\u00e9sident de l\u2019Assembl\u00e9e \u00e9crou\u00e9s<\/h2>\t\t\t\t<\/div>\n\t\t\t\t<\/div>\n\t\t\t\t\t<\/div>\n\t\t<\/div>\n\t\t\t\t\t<\/div>\n\t\t<\/section>\n\t\t\t\t<section class=\"elementor-section elementor-top-section elementor-element elementor-element-971a05a elementor-section-content-middle elementor-section-boxed elementor-section-height-default elementor-section-height-default\" data-id=\"971a05a\" data-element_type=\"section\" data-e-type=\"section\" data-settings=\"{&quot;background_background&quot;:&quot;classic&quot;}\">\n\t\t\t\t\t\t\t<div class=\"elementor-background-overlay\"><\/div>\n\t\t\t\t\t\t\t<div class=\"elementor-container elementor-column-gap-no\">\n\t\t\t\t\t<div class=\"elementor-column elementor-col-50 elementor-top-column elementor-element elementor-element-c7180b2\" data-id=\"c7180b2\" data-element_type=\"column\" data-e-type=\"column\">\n\t\t\t<div class=\"elementor-widget-wrap elementor-element-populated\">\n\t\t\t\t\t\t<div class=\"elementor-element elementor-element-c128232 elementor-widget elementor-widget-image\" data-id=\"c128232\" data-element_type=\"widget\" data-e-type=\"widget\" data-widget_type=\"image.default\">\n\t\t\t\t<div class=\"elementor-widget-container\">\n\t\t\t\t\t\t\t\t\t\t\t\t\t\t\t<img fetchpriority=\"high\" decoding=\"async\" width=\"1256\" height=\"628\" src=\"https:\/\/blog.hascorburkina.com\/wp-content\/uploads\/2023\/08\/toure-et-sidibe-copie-1256x628-1691663485.jpg\" class=\"attachment-full size-full wp-image-3458\" alt=\"\" srcset=\"https:\/\/blog.hascorburkina.com\/wp-content\/uploads\/2023\/08\/toure-et-sidibe-copie-1256x628-1691663485.jpg 1256w, https:\/\/blog.hascorburkina.com\/wp-content\/uploads\/2023\/08\/toure-et-sidibe-copie-1256x628-1691663485-600x300.jpg 600w, https:\/\/blog.hascorburkina.com\/wp-content\/uploads\/2023\/08\/toure-et-sidibe-copie-1256x628-1691663485-300x150.jpg 300w, https:\/\/blog.hascorburkina.com\/wp-content\/uploads\/2023\/08\/toure-et-sidibe-copie-1256x628-1691663485-1024x512.jpg 1024w, https:\/\/blog.hascorburkina.com\/wp-content\/uploads\/2023\/08\/toure-et-sidibe-copie-1256x628-1691663485-768x384.jpg 768w\" sizes=\"(max-width: 1256px) 100vw, 1256px\" \/>\t\t\t\t\t\t\t\t\t\t\t\t\t\t\t<\/div>\n\t\t\t\t<\/div>\n\t\t\t\t\t<\/div>\n\t\t<\/div>\n\t\t\t\t<div class=\"elementor-column elementor-col-50 elementor-top-column elementor-element elementor-element-68a348d\" data-id=\"68a348d\" data-element_type=\"column\" data-e-type=\"column\">\n\t\t\t<div class=\"elementor-widget-wrap elementor-element-populated\">\n\t\t\t\t\t\t<div class=\"elementor-element elementor-element-9e28b86 elementor-widget elementor-widget-text-editor\" data-id=\"9e28b86\" data-element_type=\"widget\" data-e-type=\"widget\" data-widget_type=\"text-editor.default\">\n\t\t\t\t<div class=\"elementor-widget-container\">\n\t\t\t\t\t\t\t\t\t<p><span id=\"p36\">L\u2019actuel pr\u00e9sident de la F\u00e9d\u00e9ration malienne de football (Femafoot),\u00a0<a href=\"https:\/\/www.jeuneafrique.com\/841177\/societe\/mali-le-football-remonte-la-pente-apres-des-annees-de-crise\/\">Mamoutou Tour\u00e9, dit Bavieux<\/a>, ancien directeur financier de l\u2019Assembl\u00e9e nationale, et\u00a0<a href=\"https:\/\/www.jeuneafrique.com\/133451\/politique\/issaka-sidib\/\">Issaka Sidib\u00e9<\/a>, pr\u00e9sident de l\u2019Assembl\u00e9e de 2014 \u00e0 2020, sous la pr\u00e9sidence\u00a0<a href=\"https:\/\/www.jeuneafrique.com\/1296504\/politique\/mali-ibrahim-boubacar-keita-est-mort\/\">d\u2019Ibrahim Boubacar Ke\u00efta<\/a>\u00a0(IBK), ont \u00e9t\u00e9 inculp\u00e9s, le 9\u00a0<span id=\"article-engagement-20\" data-gtm-vis-first-on-screen-10742014_191=\"295465\" data-gtm-vis-total-visible-time-10742014_191=\"100\" data-gtm-vis-has-fired-10742014_191=\"1\">ao\u00fbt,<\/span>\u00a0pour \u00ab\u00a0atteinte aux biens publics\u00a0\u00bb et plac\u00e9s sous mandat de d\u00e9p\u00f4t, d\u2019apr\u00e8s deux sources judiciaires.<\/span><span id=\"p37\">\u00a0Les faits qui leur sont reproch\u00e9s n\u2019ont pas \u00e9t\u00e9 pr\u00e9cis\u00e9s.<\/span><\/p><section class=\"must-read\" data-mrf-recirculation=\"must-read\"><span class=\"must-read__badge\">\u00c0 LIRE<\/span><a class=\"must-read__title\" href=\"https:\/\/www.jeuneafrique.com\/1471941\/politique\/coup-detat-au-niger-le-mali-et-le-burkina-faso-mettent-la-pression-sur-lonu\/\" data-mrf-link=\"https:\/\/www.jeuneafrique.com\/1471941\/politique\/coup-detat-au-niger-le-mali-et-le-burkina-faso-mettent-la-pression-sur-lonu\/\">Coup d\u2019\u00c9tat au Niger : le Mali et le Burkina Faso mettent la pression sur l\u2019ONU<\/a><\/section><p><span id=\"p40\">Le pr\u00e9judice s\u2019\u00e9l\u00e8verait \u00e0 17 milliards de F\u00a0CFA\u00a0<span id=\"p39\">(26\u00a0millions d\u2019euros)<\/span>, dont 7 milliards de F\u00a0CFA\u00a0<span id=\"p38\">(10,6\u00a0millions d\u2019euros)<\/span>\u00a0en indemnit\u00e9s irr\u00e9guli\u00e8res, selon une source proche du p\u00f4le d\u2019investigations financi\u00e8res.\u00a0<\/span><span id=\"p42\">Le pr\u00e9sident de la\u00a0<span id=\"43\" class=\"s-rg\">Femafoot<\/span>\u00a0est emprisonn\u00e9 quelques jours avant la tenue d\u2019\u00e9lections internes, dont son poste s\u2019annonce comme l\u2019un des enjeux.<\/span><\/p><div id=\"div-gpt-ad-16916653029243-1\" class=\"gam-slot ad-inread ad-inread-mobile ad-inread-top ad-inread-top-mobile ivbsFix\" data-google-query-id=\"CNbgkaj_0YADFdZcFQgdNKoHPg\"><div id=\"google_ads_iframe_\/5696689\/ja-website\/prod-article-articles-inarticle-top-desktop_0__container__\"><div id=\"divVideoStepAdTop\" class=\"divVideoStep\"><div><ins class=\"adsbygoogle\" data-ad-client=\"ca-pub-2060893485468351\" data-ad-slot=\"8625783333\" data-adsbygoogle-status=\"done\" data-ad-status=\"unfilled\"><div id=\"aswift_1_host\" tabindex=\"0\" title=\"Advertisement\" aria-label=\"Advertisement\"><iframe id=\"aswift_1\" src=\"https:\/\/googleads.g.doubleclick.net\/pagead\/ads?gdpr=0&amp;client=ca-pub-2060893485468351&amp;output=html&amp;h=250&amp;slotname=8625783333&amp;adk=3013198515&amp;adf=271251375&amp;pi=t.ma~as.8625783333&amp;w=300&amp;lmt=1691667033&amp;format=300x250&amp;url=https%3A%2F%2Fwww.jeuneafrique.com%2F1472279%2Fpolitique%2Fau-mali-le-numero-un-de-la-federation-de-football-et-un-ex-president-de-lassemblee-ecroues%2F&amp;wgl=1&amp;uach=WyJXaW5kb3dzIiwiMTAuMC4wIiwieDg2IiwiIiwiMTE1LjAuMTkwMS4yMDAiLFtdLDAsbnVsbCwiNjQiLFtbIk5vdC9BKUJyYW5kIiwiOTkuMC4wLjAiXSxbIk1pY3Jvc29mdCBFZGdlIiwiMTE1LjAuMTkwMS4yMDAiXSxbIkNocm9taXVtIiwiMTE1LjAuNTc5MC4xNzEiXV0sMF0.&amp;dt=1691667033162&amp;bpp=2&amp;bdt=5210&amp;idt=40&amp;shv=r20230808&amp;mjsv=m202308030101&amp;ptt=9&amp;saldr=aa&amp;abxe=1&amp;cookie=ID%3Dbb702384cb09b619-220056be49e00049%3AT%3D1691665907%3ART%3D1691667165%3AS%3DALNI_MaeTCFMi9EZo7pQqYiMDGtZwSAi3g&amp;gpic=UID%3D00000c7c1b0a782d%3AT%3D1691665907%3ART%3D1691667165%3AS%3DALNI_MaiBLEVvXuMOc7ebGR82gFEEDDvug&amp;prev_fmts=0x0&amp;nras=1&amp;correlator=6370276655321&amp;frm=20&amp;pv=1&amp;ga_vid=192012499.1691665763&amp;ga_sid=1691667030&amp;ga_hid=46871492&amp;ga_fc=1&amp;u_tz=0&amp;u_his=8&amp;u_h=720&amp;u_w=1280&amp;u_ah=680&amp;u_aw=1280&amp;u_cd=24&amp;u_sd=1.5&amp;dmc=8&amp;adx=300&amp;ady=1839&amp;biw=1210&amp;bih=609&amp;scr_x=0&amp;scr_y=274&amp;eid=44759926%2C44759842%2C44759875%2C31076924%2C44795910%2C21065725&amp;oid=2&amp;pvsid=1661901258642840&amp;tmod=1525043729&amp;wsm=1&amp;uas=3&amp;nvt=1&amp;ref=https%3A%2F%2Fwww.jeuneafrique.com%2Frubriques%2Fpolitique%2F&amp;fc=1920&amp;brdim=0%2C0%2C0%2C0%2C1280%2C0%2C1280%2C680%2C1225%2C609&amp;vis=1&amp;rsz=%7C%7CoeEbr%7C&amp;abl=CS&amp;pfx=0&amp;fu=0&amp;bc=31&amp;ifi=11&amp;uci=a!b&amp;btvi=1&amp;fsb=1&amp;xpc=DwIyoBJoA7&amp;p=https%3A\/\/www.jeuneafrique.com&amp;dtd=581\" name=\"aswift_1\" width=\"300\" height=\"0\" frameborder=\"0\" marginwidth=\"0\" marginheight=\"0\" scrolling=\"no\" sandbox=\"allow-forms allow-popups allow-popups-to-escape-sandbox allow-same-origin allow-scripts allow-top-navigation-by-user-activation\" data-google-container-id=\"a!b\" data-google-query-id=\"COLVhqr_0YADFb49swAd-gMGJA\" data-load-complete=\"true\" data-mce-fragment=\"1\"><\/iframe><\/div><\/ins><\/div><\/div><\/div><\/div>\t\t\t\t\t\t\t\t<\/div>\n\t\t\t\t<\/div>\n\t\t\t\t\t<\/div>\n\t\t<\/div>\n\t\t\t\t\t<\/div>\n\t\t<\/section>\n\t\t\t\t<section class=\"elementor-section elementor-top-section elementor-element elementor-element-d0d8b5b elementor-section-boxed elementor-section-height-default elementor-section-height-default\" data-id=\"d0d8b5b\" data-element_type=\"section\" data-e-type=\"section\">\n\t\t\t\t\t\t<div class=\"elementor-container elementor-column-gap-default\">\n\t\t\t\t\t<div class=\"elementor-column elementor-col-100 elementor-top-column elementor-element elementor-element-f20b012\" data-id=\"f20b012\" data-element_type=\"column\" data-e-type=\"column\">\n\t\t\t<div class=\"elementor-widget-wrap elementor-element-populated\">\n\t\t\t\t\t\t<div class=\"elementor-element elementor-element-fea4ef3 elementor-widget elementor-widget-text-editor\" data-id=\"fea4ef3\" data-element_type=\"widget\" data-e-type=\"widget\" data-widget_type=\"text-editor.default\">\n\t\t\t\t<div class=\"elementor-widget-container\">\n\t\t\t\t\t\t\t\t\t<p><span id=\"p44\"><a href=\"https:\/\/www.jeuneafrique.com\/mag\/1034282\/politique\/les-dernieres-heures-dibk-recit-exclusif-de-la-chute-du-president-malien\/\"><span id=\"46\" class=\"s-rg\">IBK<\/span>\u00a0a \u00e9t\u00e9\u00a0<span id=\"article-engagement-60\" data-gtm-vis-first-on-screen-10742014_193=\"300174\" data-gtm-vis-total-visible-time-10742014_193=\"100\" data-gtm-vis-has-fired-10742014_193=\"1\">renvers\u00e9<\/span>\u00a0en ao\u00fbt 2020,<\/a>\u00a0apr\u00e8s des mois de contestation contre la faillite de l\u2019\u00c9tat et contre la corruption.<\/span><span id=\"p45\">\u00a0<a href=\"https:\/\/www.jeuneafrique.com\/1014098\/politique\/au-mali-ibk-annonce-une-dissolution-de-fait-de-la-cour-constitutionnelle\/\">Les militaires, qui ont dissous l\u2019Assembl\u00e9e nationale,<\/a>\u00a0ont attribu\u00e9 \u00e0 la lutte contre<\/span><span id=\"p45\">\u00a0la corruption et \u00e0 la d\u00e9fense de la souverainet\u00e9 nationale une place centrale dans la nouvelle Constitution, adopt\u00e9e en juin dernier.<\/span><span id=\"p13\"><\/span><\/p><p><span id=\"p14\">Cet engagement proclam\u00e9 a donn\u00e9 lieu \u00e0 la mise en cause et \u00e0 l\u2019incarc\u00e9ration d\u2019un certain nombre de personnalit\u00e9s.<\/span><span id=\"p15\">\u00a0<a href=\"https:\/\/www.jeuneafrique.com\/1457507\/politique\/sattaquer-a-la-corruption-et-non-a-ceux-qui-la-denoncent\/\">Les voix discordantes peinent par ailleurs \u00e0 se faire entendre sans risquer\u00a0<span id=\"article-engagement-100\" data-gtm-vis-first-on-screen-10742014_199=\"316007\" data-gtm-vis-total-visible-time-10742014_199=\"100\" data-gtm-vis-has-fired-10742014_199=\"1\">d\u2019\u00eatre<\/span>\u00a0inqui\u00e9t\u00e9es.<\/a><\/span><\/p>\t\t\t\t\t\t\t\t<\/div>\n\t\t\t\t<\/div>\n\t\t\t\t\t<\/div>\n\t\t<\/div>\n\t\t\t\t\t<\/div>\n\t\t<\/section>\n\t\t\t\t<\/div>\n\t\t","protected":false},"excerpt":{"rendered":"<p>Au Mali, le num\u00e9ro un de la f\u00e9d\u00e9ration de football et un ex-pr\u00e9sident de l\u2019Assembl\u00e9e \u00e9crou\u00e9s L\u2019actuel pr\u00e9sident de la F\u00e9d\u00e9ration malienne de football (Femafoot),\u00a0Mamoutou Tour\u00e9, dit Bavieux, ancien directeur financier de l\u2019Assembl\u00e9e nationale, et\u00a0Issaka Sidib\u00e9, pr\u00e9sident de l\u2019Assembl\u00e9e de 2014 \u00e0 2020, sous la pr\u00e9sidence\u00a0d\u2019Ibrahim Boubacar Ke\u00efta\u00a0(IBK), ont \u00e9t\u00e9 inculp\u00e9s, le 9\u00a0ao\u00fbt,\u00a0pour \u00ab\u00a0atteinte aux [&hellip;]<\/p>\n","protected":false},"author":2,"featured_media":0,"parent":0,"menu_order":0,"comment_status":"closed","ping_status":"closed","template":"","meta":{"site-sidebar-layout":"no-sidebar","site-content-layout":"page-builder","ast-site-content-layout":"default","site-content-style":"default","site-sidebar-style":"default","ast-global-header-display":"","ast-banner-title-visibility":"","ast-main-header-display":"","ast-hfb-above-header-display":"","ast-hfb-below-header-display":"","ast-hfb-mobile-header-display":"","site-post-title":"disabled","ast-breadcrumbs-content":"","ast-featured-img":"disabled","footer-sml-layout":"","theme-transparent-header-meta":"","adv-header-id-meta":"","stick-header-meta":"","header-above-stick-meta":"","header-main-stick-meta":"","header-below-stick-meta":"","astra-migrate-meta-layouts":"default","ast-page-background-enabled":"default","ast-page-background-meta":{"desktop":{"background-color":"","background-image":"","background-repeat":"repeat","background-position":"center center","background-size":"auto","background-attachment":"scroll","background-type":"","background-media":"","overlay-type":"","overlay-color":"","overlay-opacity":"","overlay-gradient":""},"tablet":{"background-color":"","background-image":"","background-repeat":"repeat","background-position":"center center","background-size":"auto","background-attachment":"scroll","background-type":"","background-media":"","overlay-type":"","overlay-color":"","overlay-opacity":"","overlay-gradient":""},"mobile":{"background-color":"","background-image":"","background-repeat":"repeat","background-position":"center center","background-size":"auto","background-attachment":"scroll","background-type":"","background-media":"","overlay-type":"","overlay-color":"","overlay-opacity":"","overlay-gradient":""}},"ast-content-background-meta":{"desktop":{"background-color":"var(--ast-global-color-5)","background-image":"","background-repeat":"repeat","background-position":"center center","background-size":"auto","background-attachment":"scroll","background-type":"","background-media":"","overlay-type":"","overlay-color":"","overlay-opacity":"","overlay-gradient":""},"tablet":{"background-color":"var(--ast-global-color-5)","background-image":"","background-repeat":"repeat","background-position":"center center","background-size":"auto","background-attachment":"scroll","background-type":"","background-media":"","overlay-type":"","overlay-color":"","overlay-opacity":"","overlay-gradient":""},"mobile":{"background-color":"var(--ast-global-color-5)","background-image":"","background-repeat":"repeat","background-position":"center center","background-size":"auto","background-attachment":"scroll","background-type":"","background-media":"","overlay-type":"","overlay-color":"","overlay-opacity":"","overlay-gradient":""}},"footnotes":""},"class_list":["post-3459","page","type-page","status-publish","hentry"],"jetpack_sharing_enabled":true,"rttpg_featured_image_url":null,"rttpg_author":{"display_name":"Hascor Burkina","author_link":"https:\/\/blog.hascorburkina.com\/index.php\/author\/hascorblog\/"},"rttpg_comment":0,"rttpg_category":null,"rttpg_excerpt":"Au Mali, le num\u00e9ro un de la f\u00e9d\u00e9ration de football et un ex-pr\u00e9sident de l\u2019Assembl\u00e9e \u00e9crou\u00e9s L\u2019actuel pr\u00e9sident de la F\u00e9d\u00e9ration malienne de football (Femafoot),\u00a0Mamoutou Tour\u00e9, dit Bavieux, ancien directeur financier de l\u2019Assembl\u00e9e nationale, et\u00a0Issaka Sidib\u00e9, pr\u00e9sident de l\u2019Assembl\u00e9e de 2014 \u00e0 2020, sous la pr\u00e9sidence\u00a0d\u2019Ibrahim Boubacar Ke\u00efta\u00a0(IBK), ont \u00e9t\u00e9 inculp\u00e9s, le 9\u00a0ao\u00fbt,\u00a0pour \u00ab\u00a0atteinte aux\u2026","_links":{"self":[{"href":"https:\/\/blog.hascorburkina.com\/index.php\/wp-json\/wp\/v2\/pages\/3459","targetHints":{"allow":["GET"]}}],"collection":[{"href":"https:\/\/blog.hascorburkina.com\/index.php\/wp-json\/wp\/v2\/pages"}],"about":[{"href":"https:\/\/blog.hascorburkina.com\/index.php\/wp-json\/wp\/v2\/types\/page"}],"author":[{"embeddable":true,"href":"https:\/\/blog.hascorburkina.com\/index.php\/wp-json\/wp\/v2\/users\/2"}],"replies":[{"embeddable":true,"href":"https:\/\/blog.hascorburkina.com\/index.php\/wp-json\/wp\/v2\/comments?post=3459"}],"version-history":[{"count":4,"href":"https:\/\/blog.hascorburkina.com\/index.php\/wp-json\/wp\/v2\/pages\/3459\/revisions"}],"predecessor-version":[{"id":3464,"href":"https:\/\/blog.hascorburkina.com\/index.php\/wp-json\/wp\/v2\/pages\/3459\/revisions\/3464"}],"wp:attachment":[{"href":"https:\/\/blog.hascorburkina.com\/index.php\/wp-json\/wp\/v2\/media?parent=3459"}],"curies":[{"name":"wp","href":"https:\/\/api.w.org\/{rel}","templated":true}]}}