{"id":3445,"date":"2023-08-10T11:01:11","date_gmt":"2023-08-10T11:01:11","guid":{"rendered":"https:\/\/blog.hascorburkina.com\/?page_id=3445"},"modified":"2023-08-10T11:09:10","modified_gmt":"2023-08-10T11:09:10","slug":"actualite-32","status":"publish","type":"page","link":"https:\/\/blog.hascorburkina.com\/index.php\/actualite-32\/","title":{"rendered":"actualit\u00e9"},"content":{"rendered":"\t\t<div data-elementor-type=\"wp-page\" data-elementor-id=\"3445\" class=\"elementor elementor-3445\">\n\t\t\t\t\t\t<section class=\"elementor-section elementor-top-section elementor-element elementor-element-e980ff5 elementor-section-boxed elementor-section-height-default elementor-section-height-default\" data-id=\"e980ff5\" data-element_type=\"section\" data-e-type=\"section\">\n\t\t\t\t\t\t<div class=\"elementor-container elementor-column-gap-default\">\n\t\t\t\t\t<div class=\"elementor-column elementor-col-100 elementor-top-column elementor-element elementor-element-68a69d7\" data-id=\"68a69d7\" data-element_type=\"column\" data-e-type=\"column\">\n\t\t\t<div class=\"elementor-widget-wrap elementor-element-populated\">\n\t\t\t\t\t\t<div class=\"elementor-element elementor-element-68e5b7d elementor-widget elementor-widget-heading\" data-id=\"68e5b7d\" data-element_type=\"widget\" data-e-type=\"widget\" data-widget_type=\"heading.default\">\n\t\t\t\t<div class=\"elementor-widget-container\">\n\t\t\t\t\t<h2 class=\"elementor-heading-title elementor-size-default\"><h1 class=\"entry-title\" style=\"margin-top: 20px;margin-bottom: 10px;font-style: normal;font-weight: 500;font-size: 36px;line-height: 1.1;, Helvetica, Arial, sans-serif;display: block;text-transform: none\">Affaire \"gu\u00e9risseuse de Komsilga\" : Demande de libert\u00e9 provisoire rejet\u00e9e, dossier renvoy\u00e9 au 23 ao\u00fbt 2023<\/h1><\/h2>\t\t\t\t<\/div>\n\t\t\t\t<\/div>\n\t\t\t\t\t<\/div>\n\t\t<\/div>\n\t\t\t\t\t<\/div>\n\t\t<\/section>\n\t\t\t\t<section class=\"elementor-section elementor-top-section elementor-element elementor-element-c84b38a elementor-section-content-middle elementor-section-boxed elementor-section-height-default elementor-section-height-default\" data-id=\"c84b38a\" data-element_type=\"section\" data-e-type=\"section\" data-settings=\"{&quot;background_background&quot;:&quot;classic&quot;}\">\n\t\t\t\t\t\t\t<div class=\"elementor-background-overlay\"><\/div>\n\t\t\t\t\t\t\t<div class=\"elementor-container elementor-column-gap-no\">\n\t\t\t\t\t<div class=\"elementor-column elementor-col-50 elementor-top-column elementor-element elementor-element-da24d9c\" data-id=\"da24d9c\" data-element_type=\"column\" data-e-type=\"column\">\n\t\t\t<div class=\"elementor-widget-wrap elementor-element-populated\">\n\t\t\t\t\t\t<div class=\"elementor-element elementor-element-020dd42 elementor-widget elementor-widget-image\" data-id=\"020dd42\" data-element_type=\"widget\" data-e-type=\"widget\" data-widget_type=\"image.default\">\n\t\t\t\t<div class=\"elementor-widget-container\">\n\t\t\t\t\t\t\t\t\t\t\t\t\t\t\t<img fetchpriority=\"high\" decoding=\"async\" width=\"700\" height=\"441\" src=\"https:\/\/blog.hascorburkina.com\/wp-content\/uploads\/2023\/08\/arton123482.jpg\" class=\"attachment-full size-full wp-image-3444\" alt=\"\" srcset=\"https:\/\/blog.hascorburkina.com\/wp-content\/uploads\/2023\/08\/arton123482.jpg 700w, https:\/\/blog.hascorburkina.com\/wp-content\/uploads\/2023\/08\/arton123482-600x378.jpg 600w, https:\/\/blog.hascorburkina.com\/wp-content\/uploads\/2023\/08\/arton123482-300x189.jpg 300w\" sizes=\"(max-width: 700px) 100vw, 700px\" \/>\t\t\t\t\t\t\t\t\t\t\t\t\t\t\t<\/div>\n\t\t\t\t<\/div>\n\t\t\t\t\t<\/div>\n\t\t<\/div>\n\t\t\t\t<div class=\"elementor-column elementor-col-50 elementor-top-column elementor-element elementor-element-0c6fd5a\" data-id=\"0c6fd5a\" data-element_type=\"column\" data-e-type=\"column\">\n\t\t\t<div class=\"elementor-widget-wrap elementor-element-populated\">\n\t\t\t\t\t\t<div class=\"elementor-element elementor-element-4b179a8 elementor-widget elementor-widget-text-editor\" data-id=\"4b179a8\" data-element_type=\"widget\" data-e-type=\"widget\" data-widget_type=\"text-editor.default\">\n\t\t\t\t<div class=\"elementor-widget-container\">\n\t\t\t\t\t\t\t\t\t<p><strong>L\u2019audience de l\u2019Affaire \u00ab\u00a0gu\u00e9risseuse de Komsilga\u00a0\u00bb s\u2019est ouverte ce mercredi 9 ao\u00fbt 2023 au Tribunal de grande instance (TGI) Ouaga II.<\/strong><\/p><div class=\"article_content\"><p>Aussit\u00f4t l\u2019audience ouverte, les avocats de la d\u00e9fense ont demand\u00e9 le renvoi du dossier, afin de mieux pr\u00e9parer le dossier. Ils ont \u00e9galement demand\u00e9 la libert\u00e9 provisoire pour leur cliente.<\/p><p>Selon le Conseil de \u00ab\u00a0la gu\u00e9risseuse de Komsilga\u00a0\u00bb, il y a eu une trentaine de d\u00e9c\u00e8s entre le 23 juillet et le 3 ao\u00fbt 2023, depuis son absence. \u00ab\u00a0Elle demande la libert\u00e9 provisoire non pour s\u2019enfuir, mais pour soigner ses patients\u00a0\u00bb, a plaid\u00e9 un de ses avocats. Et d\u2019ajouter qu\u2019il n\u2019y a aucun \u00e9l\u00e9ment tangible pour prouver qu\u2019elle va s\u2019enfuir ou que sa sortie va provoquer des troubles dans la ville.<\/p><\/div>\t\t\t\t\t\t\t\t<\/div>\n\t\t\t\t<\/div>\n\t\t\t\t\t<\/div>\n\t\t<\/div>\n\t\t\t\t\t<\/div>\n\t\t<\/section>\n\t\t\t\t<section class=\"elementor-section elementor-top-section elementor-element elementor-element-6ac4570 elementor-section-boxed elementor-section-height-default elementor-section-height-default\" data-id=\"6ac4570\" data-element_type=\"section\" data-e-type=\"section\">\n\t\t\t\t\t\t<div class=\"elementor-container elementor-column-gap-default\">\n\t\t\t\t\t<div class=\"elementor-column elementor-col-100 elementor-top-column elementor-element elementor-element-20c77aa\" data-id=\"20c77aa\" data-element_type=\"column\" data-e-type=\"column\">\n\t\t\t<div class=\"elementor-widget-wrap elementor-element-populated\">\n\t\t\t\t\t\t<div class=\"elementor-element elementor-element-40ed071 elementor-widget elementor-widget-text-editor\" data-id=\"40ed071\" data-element_type=\"widget\" data-e-type=\"widget\" data-widget_type=\"text-editor.default\">\n\t\t\t\t<div class=\"elementor-widget-container\">\n\t\t\t\t\t\t\t\t\t<p>Dans sa r\u00e9quisition, le Minist\u00e8re public a reconnu que la gu\u00e9rison joue un r\u00f4le important dans la soci\u00e9t\u00e9 mais la d\u00e9cision sur la libert\u00e9 provisoire revient au Tribunal.<\/p><p>Apr\u00e8s un temps de concertation, le juge a rejet\u00e9 la demande de libert\u00e9 provisoire et a renvoy\u00e9 le dossier pour le mercredi 23 ao\u00fbt 2023.<\/p><p>Larissa Niki\u00e9ma dite \u00ab\u00a0gu\u00e9risseuse de Komsilga\u00a0\u00bb ou Adja Ams\u00e9tou Niki\u00e9ma est poursuivie avec huit autres personnes pour des faits de s\u00e9questration, coups et blessures, et complicit\u00e9.<\/p><p>Il faut rappeler que les magistrats du Burkina Faso avaient suspendu leurs activit\u00e9s suite \u00e0 l\u2019intrusion des soldats au TGI Ouaga II, le vendredi 28 juillet 2023, au sujet de la gu\u00e9risseuse de la commune de Komsilga. Ils avaient fait savoir dans une d\u00e9claration le 29 juillet 2023, que l\u2019inculp\u00e9e avait \u00e9t\u00e9 lib\u00e9r\u00e9e suite \u00e0 l\u2019intervention de soldats. Apr\u00e8s des \u00e9changes avec les plus hautes autorit\u00e9s dont le pr\u00e9sident de la Transition, l\u2019intersyndicale des magistrats est revenue sur sa d\u00e9cision et a invit\u00e9 l\u2019ensemble des magistrats \u00e0 proc\u00e9der \u00e0 la suspension de l\u2019arr\u00eat des activit\u00e9s juridictionnelles en attendant l\u2019issue des concertations. La reprise des activit\u00e9s juridictionnelles a \u00e9t\u00e9 effective le mardi 08 ao\u00fbt 2023.<\/p><p>Dans un communiqu\u00e9 en date du 4 ao\u00fbt 2023, le Procureur G\u00e9n\u00e9ral pr\u00e8s la Cour d\u2019appel de Ouagadougou, informe l\u2019opinion publique que la pr\u00e9venue sera incarc\u00e9r\u00e9e \u00e0 la maison d\u2019arr\u00eat et de correction des arm\u00e9es, en attendant son jugement.<\/p><p><strong>Cryspin Laoundiki<\/strong><\/p>\t\t\t\t\t\t\t\t<\/div>\n\t\t\t\t<\/div>\n\t\t\t\t\t<\/div>\n\t\t<\/div>\n\t\t\t\t\t<\/div>\n\t\t<\/section>\n\t\t\t\t<\/div>\n\t\t","protected":false},"excerpt":{"rendered":"<p>Affaire \u00ab\u00a0gu\u00e9risseuse de Komsilga\u00a0\u00bb : Demande de libert\u00e9 provisoire rejet\u00e9e, dossier renvoy\u00e9 au 23 ao\u00fbt 2023 L\u2019audience de l\u2019Affaire \u00ab\u00a0gu\u00e9risseuse de Komsilga\u00a0\u00bb s\u2019est ouverte ce mercredi 9 ao\u00fbt 2023 au Tribunal de grande instance (TGI) Ouaga II. Aussit\u00f4t l\u2019audience ouverte, les avocats de la d\u00e9fense ont demand\u00e9 le renvoi du dossier, afin de mieux pr\u00e9parer [&hellip;]<\/p>\n","protected":false},"author":2,"featured_media":0,"parent":0,"menu_order":0,"comment_status":"closed","ping_status":"closed","template":"","meta":{"site-sidebar-layout":"no-sidebar","site-content-layout":"page-builder","ast-site-content-layout":"default","site-content-style":"default","site-sidebar-style":"default","ast-global-header-display":"","ast-banner-title-visibility":"","ast-main-header-display":"","ast-hfb-above-header-display":"","ast-hfb-below-header-display":"","ast-hfb-mobile-header-display":"","site-post-title":"disabled","ast-breadcrumbs-content":"","ast-featured-img":"disabled","footer-sml-layout":"","theme-transparent-header-meta":"","adv-header-id-meta":"","stick-header-meta":"","header-above-stick-meta":"","header-main-stick-meta":"","header-below-stick-meta":"","astra-migrate-meta-layouts":"default","ast-page-background-enabled":"default","ast-page-background-meta":{"desktop":{"background-color":"","background-image":"","background-repeat":"repeat","background-position":"center center","background-size":"auto","background-attachment":"scroll","background-type":"","background-media":"","overlay-type":"","overlay-color":"","overlay-opacity":"","overlay-gradient":""},"tablet":{"background-color":"","background-image":"","background-repeat":"repeat","background-position":"center center","background-size":"auto","background-attachment":"scroll","background-type":"","background-media":"","overlay-type":"","overlay-color":"","overlay-opacity":"","overlay-gradient":""},"mobile":{"background-color":"","background-image":"","background-repeat":"repeat","background-position":"center center","background-size":"auto","background-attachment":"scroll","background-type":"","background-media":"","overlay-type":"","overlay-color":"","overlay-opacity":"","overlay-gradient":""}},"ast-content-background-meta":{"desktop":{"background-color":"var(--ast-global-color-5)","background-image":"","background-repeat":"repeat","background-position":"center center","background-size":"auto","background-attachment":"scroll","background-type":"","background-media":"","overlay-type":"","overlay-color":"","overlay-opacity":"","overlay-gradient":""},"tablet":{"background-color":"var(--ast-global-color-5)","background-image":"","background-repeat":"repeat","background-position":"center center","background-size":"auto","background-attachment":"scroll","background-type":"","background-media":"","overlay-type":"","overlay-color":"","overlay-opacity":"","overlay-gradient":""},"mobile":{"background-color":"var(--ast-global-color-5)","background-image":"","background-repeat":"repeat","background-position":"center center","background-size":"auto","background-attachment":"scroll","background-type":"","background-media":"","overlay-type":"","overlay-color":"","overlay-opacity":"","overlay-gradient":""}},"footnotes":""},"class_list":["post-3445","page","type-page","status-publish","hentry"],"jetpack_sharing_enabled":true,"rttpg_featured_image_url":null,"rttpg_author":{"display_name":"Hascor Burkina","author_link":"https:\/\/blog.hascorburkina.com\/index.php\/author\/hascorblog\/"},"rttpg_comment":0,"rttpg_category":null,"rttpg_excerpt":"Affaire \u00ab\u00a0gu\u00e9risseuse de Komsilga\u00a0\u00bb : Demande de libert\u00e9 provisoire rejet\u00e9e, dossier renvoy\u00e9 au 23 ao\u00fbt 2023 L\u2019audience de l\u2019Affaire \u00ab\u00a0gu\u00e9risseuse de Komsilga\u00a0\u00bb s\u2019est ouverte ce mercredi 9 ao\u00fbt 2023 au Tribunal de grande instance (TGI) Ouaga II. Aussit\u00f4t l\u2019audience ouverte, les avocats de la d\u00e9fense ont demand\u00e9 le renvoi du dossier, afin de mieux pr\u00e9parer\u2026","_links":{"self":[{"href":"https:\/\/blog.hascorburkina.com\/index.php\/wp-json\/wp\/v2\/pages\/3445","targetHints":{"allow":["GET"]}}],"collection":[{"href":"https:\/\/blog.hascorburkina.com\/index.php\/wp-json\/wp\/v2\/pages"}],"about":[{"href":"https:\/\/blog.hascorburkina.com\/index.php\/wp-json\/wp\/v2\/types\/page"}],"author":[{"embeddable":true,"href":"https:\/\/blog.hascorburkina.com\/index.php\/wp-json\/wp\/v2\/users\/2"}],"replies":[{"embeddable":true,"href":"https:\/\/blog.hascorburkina.com\/index.php\/wp-json\/wp\/v2\/comments?post=3445"}],"version-history":[{"count":4,"href":"https:\/\/blog.hascorburkina.com\/index.php\/wp-json\/wp\/v2\/pages\/3445\/revisions"}],"predecessor-version":[{"id":3450,"href":"https:\/\/blog.hascorburkina.com\/index.php\/wp-json\/wp\/v2\/pages\/3445\/revisions\/3450"}],"wp:attachment":[{"href":"https:\/\/blog.hascorburkina.com\/index.php\/wp-json\/wp\/v2\/media?parent=3445"}],"curies":[{"name":"wp","href":"https:\/\/api.w.org\/{rel}","templated":true}]}}