{"id":3427,"date":"2023-08-05T13:07:07","date_gmt":"2023-08-05T13:07:07","guid":{"rendered":"https:\/\/blog.hascorburkina.com\/?page_id=3427"},"modified":"2023-08-05T13:14:31","modified_gmt":"2023-08-05T13:14:31","slug":"actualite-31","status":"publish","type":"page","link":"https:\/\/blog.hascorburkina.com\/index.php\/actualite-31\/","title":{"rendered":"actualit\u00e9"},"content":{"rendered":"\t\t<div data-elementor-type=\"wp-page\" data-elementor-id=\"3427\" class=\"elementor elementor-3427\">\n\t\t\t\t\t\t<section class=\"elementor-section elementor-top-section elementor-element elementor-element-c6c0759 elementor-section-boxed elementor-section-height-default elementor-section-height-default\" data-id=\"c6c0759\" data-element_type=\"section\" data-e-type=\"section\">\n\t\t\t\t\t\t<div class=\"elementor-container elementor-column-gap-default\">\n\t\t\t\t\t<div class=\"elementor-column elementor-col-100 elementor-top-column elementor-element elementor-element-c45560d\" data-id=\"c45560d\" data-element_type=\"column\" data-e-type=\"column\">\n\t\t\t<div class=\"elementor-widget-wrap elementor-element-populated\">\n\t\t\t\t\t\t<div class=\"elementor-element elementor-element-d051b7a elementor-widget elementor-widget-heading\" data-id=\"d051b7a\" data-element_type=\"widget\" data-e-type=\"widget\" data-widget_type=\"heading.default\">\n\t\t\t\t<div class=\"elementor-widget-container\">\n\t\t\t\t\t<h2 class=\"elementor-heading-title elementor-size-default\"><span style=\"text-transform: capitalize\">Burkina Faso <\/span>: \u00ab La transition actuelle ne doit pas \u00eatre une transition de trop \u00bb, affirme le Front patriotique<\/h2>\t\t\t\t<\/div>\n\t\t\t\t<\/div>\n\t\t\t\t\t<\/div>\n\t\t<\/div>\n\t\t\t\t\t<\/div>\n\t\t<\/section>\n\t\t\t\t<section class=\"elementor-section elementor-top-section elementor-element elementor-element-e985fe5 elementor-section-content-middle elementor-section-boxed elementor-section-height-default elementor-section-height-default\" data-id=\"e985fe5\" data-element_type=\"section\" data-e-type=\"section\" data-settings=\"{&quot;background_background&quot;:&quot;classic&quot;}\">\n\t\t\t\t\t\t\t<div class=\"elementor-background-overlay\"><\/div>\n\t\t\t\t\t\t\t<div class=\"elementor-container elementor-column-gap-no\">\n\t\t\t\t\t<div class=\"elementor-column elementor-col-50 elementor-top-column elementor-element elementor-element-fc0e480\" data-id=\"fc0e480\" data-element_type=\"column\" data-e-type=\"column\">\n\t\t\t<div class=\"elementor-widget-wrap elementor-element-populated\">\n\t\t\t\t\t\t<div class=\"elementor-element elementor-element-37783e4 elementor-widget elementor-widget-image\" data-id=\"37783e4\" data-element_type=\"widget\" data-e-type=\"widget\" data-widget_type=\"image.default\">\n\t\t\t\t<div class=\"elementor-widget-container\">\n\t\t\t\t\t\t\t\t\t\t\t\t\t\t\t<img fetchpriority=\"high\" decoding=\"async\" width=\"640\" height=\"376\" src=\"https:\/\/blog.hascorburkina.com\/wp-content\/uploads\/2023\/08\/arton123386.jpg\" class=\"attachment-full size-full wp-image-3426\" alt=\"\" srcset=\"https:\/\/blog.hascorburkina.com\/wp-content\/uploads\/2023\/08\/arton123386.jpg 640w, https:\/\/blog.hascorburkina.com\/wp-content\/uploads\/2023\/08\/arton123386-600x353.jpg 600w, https:\/\/blog.hascorburkina.com\/wp-content\/uploads\/2023\/08\/arton123386-300x176.jpg 300w\" sizes=\"(max-width: 640px) 100vw, 640px\" \/>\t\t\t\t\t\t\t\t\t\t\t\t\t\t\t<\/div>\n\t\t\t\t<\/div>\n\t\t\t\t\t<\/div>\n\t\t<\/div>\n\t\t\t\t<div class=\"elementor-column elementor-col-50 elementor-top-column elementor-element elementor-element-f01e407\" data-id=\"f01e407\" data-element_type=\"column\" data-e-type=\"column\">\n\t\t\t<div class=\"elementor-widget-wrap elementor-element-populated\">\n\t\t\t\t\t\t<div class=\"elementor-element elementor-element-2f296bd elementor-widget elementor-widget-text-editor\" data-id=\"2f296bd\" data-element_type=\"widget\" data-e-type=\"widget\" data-widget_type=\"text-editor.default\">\n\t\t\t\t<div class=\"elementor-widget-container\">\n\t\t\t\t\t\t\t\t\t<p><strong>Le Front patriotique a convoqu\u00e9 la presse dans la matin\u00e9e de ce vendredi 4 ao\u00fbt 2023 pour faire le bilan des activit\u00e9s de son premier anniversaire, donner sa lecture sur la situation nationale et d\u00e9cliner des perspectives pour une bonne conduite de la transition en cours au Burkina Faso. Tout en regrettant certaines \u00ab\u00a0d\u00e9rives\u00a0\u00bb du MPSR2, le Front patriotique appelle \u00e0 plus d\u2019inclusion dans la gouvernance actuelle de la transition et \u00e0 plus d\u2019actions tendant \u00e0 jeter les bases pour un retour \u00e0 la normalit\u00e9 constitutionnelle, conform\u00e9ment \u00e0 la charte de la transition. <\/strong><\/p><div class=\"article_content\"><p>Lanc\u00e9 le 4 ao\u00fbt 2022, le Front patriotique qui regroupe des mouvements et partis politiques, des organisations de la soci\u00e9t\u00e9 civile, dresse son bilan une ann\u00e9e apr\u00e8s.<\/p><\/div>\t\t\t\t\t\t\t\t<\/div>\n\t\t\t\t<\/div>\n\t\t\t\t\t<\/div>\n\t\t<\/div>\n\t\t\t\t\t<\/div>\n\t\t<\/section>\n\t\t\t\t<section class=\"elementor-section elementor-top-section elementor-element elementor-element-8893328 elementor-section-boxed elementor-section-height-default elementor-section-height-default\" data-id=\"8893328\" data-element_type=\"section\" data-e-type=\"section\">\n\t\t\t\t\t\t<div class=\"elementor-container elementor-column-gap-default\">\n\t\t\t\t\t<div class=\"elementor-column elementor-col-100 elementor-top-column elementor-element elementor-element-b0f507c\" data-id=\"b0f507c\" data-element_type=\"column\" data-e-type=\"column\">\n\t\t\t<div class=\"elementor-widget-wrap elementor-element-populated\">\n\t\t\t\t\t\t<div class=\"elementor-element elementor-element-87051e0 elementor-widget elementor-widget-text-editor\" data-id=\"87051e0\" data-element_type=\"widget\" data-e-type=\"widget\" data-widget_type=\"text-editor.default\">\n\t\t\t\t<div class=\"elementor-widget-container\">\n\t\t\t\t\t\t\t\t\t<p>Les conf\u00e9renciers du jour ont pass\u00e9 en revue la situation nationale et sous-r\u00e9gionale et ont formul\u00e9 des pistes de solutions pour une bonne conduite de la transition dirig\u00e9e par le capitaine Ibrahim Traor\u00e9.<\/p><p>Comme bilan, le Front patriotique assure avoir men\u00e9 des activit\u00e9s dont l\u2019\u00e9laboration, l\u2019adoption et la diffusion de sa vision pour sortir le Burkina Faso de l\u2019impasse politico-s\u00e9curitaire notamment la guerre populaire g\u00e9n\u00e9ralis\u00e9e, des interpellations citoyennes, l\u2019\u00e9laboration et l\u2019adoption d\u2019une plateforme de lutte, des rencontres de concertations citoyennes avec des organisations, des personnes ressources et de leaders d\u2019opinion, la gestion de dossiers judiciaires de certains de ses membres, la p\u00e9tition pour la dissolution des OSC qui menaient des activit\u00e9s rev\u00eatant le caract\u00e8re de milices priv\u00e9es, etc.<\/p><dl class=\"spip_document_154728 spip_documents spip_documents_center\"><dt><img decoding=\"async\" src=\"https:\/\/lefaso.net\/local\/cache-vignettes\/L600xH450\/image_1_4_-2-227df.jpg?1691166336\" alt=\"\" width=\"600\" height=\"450\" \/><\/dt><dd class=\"spip_doc_descriptif\"><i>Athanase Boudo appelle l\u2019ensemble des Burkinab\u00e8 et les l\u00e9gitimit\u00e9s politiques et sociales au regroupement et \u00e0 l\u2019union sacr\u00e9e, en vue d\u2019assurer l\u2019\u00e9mergence du Burkina Faso, \u00e0 travers des r\u00e9formes profondes<\/i><\/dd><\/dl><p>Sur la situation nationale, apr\u00e8s avoir accueilli et soutenu l\u2019av\u00e8nement du MPSR2 face aux d\u00e9rives observ\u00e9es sous la gouvernance du MPSR1, le Front patriotique, par la voix de son secr\u00e9taire g\u00e9n\u00e9ral, Athanase Boudo regrette que l\u2019av\u00e8nement du MPSR2 dirig\u00e9 par le capitaine Ibrahim Traor\u00e9 qui a suscit\u00e9 autant d\u2019espoir, commence \u00e0 d\u00e9river. Selon le Front patriotique, ces d\u00e9rives sont entre autres, le caract\u00e8re non inclusif de la gouvernance notamment des concertations inclusives qui devraient jeter les bases fondamentales pour un retour \u00e0 l\u2019ordre constitutionnel normal et consacrer la fin de la transition.<\/p><p>Le Front patriotique souligne aussi la division du peuple par la cat\u00e9gorisation des citoyens burkinab\u00e8 en patriote et apatride, le non-respect des libert\u00e9s fondamentales acquises de haute lutte par les masses populaires, des enl\u00e8vements et les d\u00e9tentions arbitraires de citoyens, des ex\u00e9cutions extrajudiciaires, l\u2019exacerbation de la corruption, le d\u00e9veloppement du n\u00e9potisme, une inflation galopante vis-\u00e0-vis de laquelle on observe une indiff\u00e9rence incompr\u00e9hensible des autorit\u00e9s, des obstructions flagrantes et inadmissibles \u00e0 des d\u00e9cisions de justice notamment sur le cas de la gu\u00e9risseuse de Komsilga, etc.<\/p><p>\u00ab\u00a0En effet, comment comprendre que le MPSR2 qui a d\u00e9nonc\u00e9 la haute trahison dont s\u2019est rendu coupable le MPSR1 en foulant aux pieds les d\u00e9cisions de justice en rapport avec la venue au Burkina Faso du pr\u00e9sident Blaise Compaor\u00e9, se retrouve aujourd\u2019hui \u00eatre l\u2019auteur d\u2019obstructions aussi graves et inadmissibles de d\u00e9cisions de justice en lien avec l\u2019affaire dite de la gu\u00e9risseuse de Komsilga\u00a0?\u00a0\u00bb, s\u2019interroge le Front patriotique.<\/p><dl class=\"spip_document_154729 spip_documents spip_documents_center\"><dt><img decoding=\"async\" src=\"https:\/\/lefaso.net\/local\/cache-vignettes\/L600xH450\/image_2_3_-3-43f38.jpg?1691166337\" alt=\"\" width=\"600\" height=\"450\" \/><\/dt><dd class=\"spip_doc_descriptif\"><i>Le pr\u00e9sidium lors de ce point de presse<\/i><\/dd><\/dl><p>Le Front patriotique d\u00e9plore \u00e9galement le manque de concertations inclusives pour poser les bases d\u2019un retour \u00e0 l\u2019ordre constitutionnel normal et pour une guerre g\u00e9n\u00e9ralis\u00e9e contre le terrorisme. \u00ab\u00a0Le Front patriotique note avec regret, la persistance de l\u2019immobilisme au sein de l\u2019ex\u00e9cutif quant \u00e0 l\u2019organisation des masses en vue de la lutte populaire g\u00e9n\u00e9ralis\u00e9e contre cette impasse s\u00e9curitaire. Il d\u00e9plore aussi le manque de concertations inclusives pour poser le diagnostic des obstacles au marasme socio-politique et \u00e9conomique auquel est confront\u00e9 notre pays. Ces concertations inclusives qui se font attendre devraient jeter les bases fondamentales pour un retour \u00e0 la normalit\u00e9 consacrant la fin de la transition, conform\u00e9ment \u00e0 la charte de la transition adopt\u00e9e par les forces vives de la nation et sign\u00e9e par le pr\u00e9sident de la transition le 14 octobre 2022\u00a0\u00bb, explique Athanase Boudo, secr\u00e9taire g\u00e9n\u00e9ral du Front patriotique.<\/p><p>Le regroupement soutient par cons\u00e9quent que la transition actuelle ne devrait pas \u00eatre celle de trop. \u00ab Elle doit \u00eatre celle qui portera le projet de refondation de la nation sur la base d\u2019un contrat social dont le contenu refl\u00e8tera les aspirations des populations burkinab\u00e8 \u00bb, pr\u00e9cise Athanase Boudo. Athanase Boudo et ses camarades disent regretter le refus des autorit\u00e9s actuelles de les recevoir afin qu\u2019ils puissent d\u00e9cliner leur vision pour sortir le Burkina Faso de l\u2019impasse politico-s\u00e9curitaire<\/p><p><i style=\"font-weight: bold;\">\u00a0pr\u00e9sents \u00e0 cette conf\u00e9rence de presse<\/i><\/p><p>Le Front patriotique appelle donc le capitaine Ibrahim Traor\u00e9 \u00e0 mettre en place des groupes de travail pour r\u00e9fl\u00e9chir aux propositions de r\u00e9formes politiques, administratives, institutionnelles, sociales et \u00e9lectorales endog\u00e8nes, convoquer dans les plus brefs d\u00e9lais des assises nationales avec la participation des forces sociales l\u00e9gitimes et repr\u00e9sentatives pour une transition inclusive et plus consensuelle, se d\u00e9marquer des leaders anarchistes qui pr\u00e9tendent parler en son nom, poursuivre l\u2019\u00e9largissement des coop\u00e9rations internationales sur la base du respect mutuel des souverainet\u00e9s et de l\u2019ind\u00e9pendance de d\u00e9cision du Burkina Faso.<\/p><p>Par rapport \u00e0 l\u2019actualit\u00e9 sous-r\u00e9gionale, le Front patriotique condamne par principe le coup d\u2019Etat survenu le 26 juillet 2023 au Niger mais attend de voir les dispositions de sortie de crise qui, esp\u00e8re-t-il, seront profitables au peuple nig\u00e9rien. Le Front patriotique juge \u00ab\u00a0radicales\u00a0\u00bb, les mesures prises par la CEDEAO contre le Niger. \u00ab\u00a0Je ne crois pas que la CEDEAO soit dans la l\u00e9gitimit\u00e9 d\u2019attaquer le Niger, au regard du fonctionnement de la CEDEAO. Elle fonctionne sans v\u00e9ritable consensus, guid\u00e9e par deux ou trois pays leaders\u00a0\u00bb, indique Athanase Boudo sur les menaces d\u2019intervention militaire de la CEDEAO.<\/p>\t\t\t\t\t\t\t\t<\/div>\n\t\t\t\t<\/div>\n\t\t\t\t\t<\/div>\n\t\t<\/div>\n\t\t\t\t\t<\/div>\n\t\t<\/section>\n\t\t\t\t<\/div>\n\t\t","protected":false},"excerpt":{"rendered":"<p>Burkina Faso : \u00ab La transition actuelle ne doit pas \u00eatre une transition de trop \u00bb, affirme le Front patriotique Le Front patriotique a convoqu\u00e9 la presse dans la matin\u00e9e de ce vendredi 4 ao\u00fbt 2023 pour faire le bilan des activit\u00e9s de son premier anniversaire, donner sa lecture sur la situation nationale et d\u00e9cliner [&hellip;]<\/p>\n","protected":false},"author":2,"featured_media":0,"parent":0,"menu_order":0,"comment_status":"closed","ping_status":"closed","template":"","meta":{"site-sidebar-layout":"no-sidebar","site-content-layout":"page-builder","ast-site-content-layout":"default","site-content-style":"default","site-sidebar-style":"default","ast-global-header-display":"","ast-banner-title-visibility":"","ast-main-header-display":"","ast-hfb-above-header-display":"","ast-hfb-below-header-display":"","ast-hfb-mobile-header-display":"","site-post-title":"disabled","ast-breadcrumbs-content":"","ast-featured-img":"disabled","footer-sml-layout":"","theme-transparent-header-meta":"","adv-header-id-meta":"","stick-header-meta":"","header-above-stick-meta":"","header-main-stick-meta":"","header-below-stick-meta":"","astra-migrate-meta-layouts":"default","ast-page-background-enabled":"default","ast-page-background-meta":{"desktop":{"background-color":"","background-image":"","background-repeat":"repeat","background-position":"center center","background-size":"auto","background-attachment":"scroll","background-type":"","background-media":"","overlay-type":"","overlay-color":"","overlay-opacity":"","overlay-gradient":""},"tablet":{"background-color":"","background-image":"","background-repeat":"repeat","background-position":"center center","background-size":"auto","background-attachment":"scroll","background-type":"","background-media":"","overlay-type":"","overlay-color":"","overlay-opacity":"","overlay-gradient":""},"mobile":{"background-color":"","background-image":"","background-repeat":"repeat","background-position":"center center","background-size":"auto","background-attachment":"scroll","background-type":"","background-media":"","overlay-type":"","overlay-color":"","overlay-opacity":"","overlay-gradient":""}},"ast-content-background-meta":{"desktop":{"background-color":"var(--ast-global-color-5)","background-image":"","background-repeat":"repeat","background-position":"center center","background-size":"auto","background-attachment":"scroll","background-type":"","background-media":"","overlay-type":"","overlay-color":"","overlay-opacity":"","overlay-gradient":""},"tablet":{"background-color":"var(--ast-global-color-5)","background-image":"","background-repeat":"repeat","background-position":"center center","background-size":"auto","background-attachment":"scroll","background-type":"","background-media":"","overlay-type":"","overlay-color":"","overlay-opacity":"","overlay-gradient":""},"mobile":{"background-color":"var(--ast-global-color-5)","background-image":"","background-repeat":"repeat","background-position":"center center","background-size":"auto","background-attachment":"scroll","background-type":"","background-media":"","overlay-type":"","overlay-color":"","overlay-opacity":"","overlay-gradient":""}},"footnotes":""},"class_list":["post-3427","page","type-page","status-publish","hentry"],"jetpack_sharing_enabled":true,"rttpg_featured_image_url":null,"rttpg_author":{"display_name":"Hascor Burkina","author_link":"https:\/\/blog.hascorburkina.com\/index.php\/author\/hascorblog\/"},"rttpg_comment":0,"rttpg_category":null,"rttpg_excerpt":"Burkina Faso : \u00ab La transition actuelle ne doit pas \u00eatre une transition de trop \u00bb, affirme le Front patriotique Le Front patriotique a convoqu\u00e9 la presse dans la matin\u00e9e de ce vendredi 4 ao\u00fbt 2023 pour faire le bilan des activit\u00e9s de son premier anniversaire, donner sa lecture sur la situation nationale et d\u00e9cliner\u2026","_links":{"self":[{"href":"https:\/\/blog.hascorburkina.com\/index.php\/wp-json\/wp\/v2\/pages\/3427","targetHints":{"allow":["GET"]}}],"collection":[{"href":"https:\/\/blog.hascorburkina.com\/index.php\/wp-json\/wp\/v2\/pages"}],"about":[{"href":"https:\/\/blog.hascorburkina.com\/index.php\/wp-json\/wp\/v2\/types\/page"}],"author":[{"embeddable":true,"href":"https:\/\/blog.hascorburkina.com\/index.php\/wp-json\/wp\/v2\/users\/2"}],"replies":[{"embeddable":true,"href":"https:\/\/blog.hascorburkina.com\/index.php\/wp-json\/wp\/v2\/comments?post=3427"}],"version-history":[{"count":4,"href":"https:\/\/blog.hascorburkina.com\/index.php\/wp-json\/wp\/v2\/pages\/3427\/revisions"}],"predecessor-version":[{"id":3432,"href":"https:\/\/blog.hascorburkina.com\/index.php\/wp-json\/wp\/v2\/pages\/3427\/revisions\/3432"}],"wp:attachment":[{"href":"https:\/\/blog.hascorburkina.com\/index.php\/wp-json\/wp\/v2\/media?parent=3427"}],"curies":[{"name":"wp","href":"https:\/\/api.w.org\/{rel}","templated":true}]}}