{"id":3420,"date":"2023-08-04T16:53:23","date_gmt":"2023-08-04T16:53:23","guid":{"rendered":"https:\/\/blog.hascorburkina.com\/?page_id=3420"},"modified":"2023-08-04T16:57:51","modified_gmt":"2023-08-04T16:57:51","slug":"actualite-30","status":"publish","type":"page","link":"https:\/\/blog.hascorburkina.com\/index.php\/actualite-30\/","title":{"rendered":"actualite"},"content":{"rendered":"\t\t<div data-elementor-type=\"wp-page\" data-elementor-id=\"3420\" class=\"elementor elementor-3420\">\n\t\t\t\t\t\t<section class=\"elementor-section elementor-top-section elementor-element elementor-element-bd3c73e elementor-section-boxed elementor-section-height-default elementor-section-height-default\" data-id=\"bd3c73e\" data-element_type=\"section\" data-e-type=\"section\">\n\t\t\t\t\t\t<div class=\"elementor-container elementor-column-gap-default\">\n\t\t\t\t\t<div class=\"elementor-column elementor-col-100 elementor-top-column elementor-element elementor-element-9fdf34d\" data-id=\"9fdf34d\" data-element_type=\"column\" data-e-type=\"column\">\n\t\t\t<div class=\"elementor-widget-wrap elementor-element-populated\">\n\t\t\t\t\t\t<div class=\"elementor-element elementor-element-53c1dce elementor-widget elementor-widget-heading\" data-id=\"53c1dce\" data-element_type=\"widget\" data-e-type=\"widget\" data-widget_type=\"heading.default\">\n\t\t\t\t<div class=\"elementor-widget-container\">\n\t\t\t\t\t<h2 class=\"elementor-heading-title elementor-size-default\"><h1 class=\"entry-title\" style=\"margin-top: 20px;margin-bottom: 10px;font-style: normal;font-weight: 500;font-size: 36px;line-height: 1.1;, Helvetica, Arial, sans-serif;display: block;text-transform: none\">40e anniversaire de la RDP&nbsp;: \u00ab&nbsp;Le Burkina doit tirer des le\u00e7ons de son pass\u00e9 car on ne peut pas r\u00e9inventer la roue&nbsp;\u00bb Me B\u00e9n\u00e9wend\u00e9 Sankara<\/h1><\/h2>\t\t\t\t<\/div>\n\t\t\t\t<\/div>\n\t\t\t\t\t<\/div>\n\t\t<\/div>\n\t\t\t\t\t<\/div>\n\t\t<\/section>\n\t\t\t\t<section class=\"elementor-section elementor-top-section elementor-element elementor-element-85a1122 elementor-section-content-middle elementor-section-boxed elementor-section-height-default elementor-section-height-default\" data-id=\"85a1122\" data-element_type=\"section\" data-e-type=\"section\" data-settings=\"{&quot;background_background&quot;:&quot;classic&quot;}\">\n\t\t\t\t\t\t\t<div class=\"elementor-background-overlay\"><\/div>\n\t\t\t\t\t\t\t<div class=\"elementor-container elementor-column-gap-no\">\n\t\t\t\t\t<div class=\"elementor-column elementor-col-50 elementor-top-column elementor-element elementor-element-32f3cce\" data-id=\"32f3cce\" data-element_type=\"column\" data-e-type=\"column\">\n\t\t\t<div class=\"elementor-widget-wrap elementor-element-populated\">\n\t\t\t\t\t\t<div class=\"elementor-element elementor-element-af3ede3 elementor-widget elementor-widget-image\" data-id=\"af3ede3\" data-element_type=\"widget\" data-e-type=\"widget\" data-widget_type=\"image.default\">\n\t\t\t\t<div class=\"elementor-widget-container\">\n\t\t\t\t\t\t\t\t\t\t\t\t\t\t\t<img fetchpriority=\"high\" decoding=\"async\" width=\"640\" height=\"368\" src=\"https:\/\/blog.hascorburkina.com\/wp-content\/uploads\/2023\/08\/arton123387.jpg\" class=\"attachment-full size-full wp-image-3417\" alt=\"\" srcset=\"https:\/\/blog.hascorburkina.com\/wp-content\/uploads\/2023\/08\/arton123387.jpg 640w, https:\/\/blog.hascorburkina.com\/wp-content\/uploads\/2023\/08\/arton123387-600x345.jpg 600w, https:\/\/blog.hascorburkina.com\/wp-content\/uploads\/2023\/08\/arton123387-300x173.jpg 300w\" sizes=\"(max-width: 640px) 100vw, 640px\" \/>\t\t\t\t\t\t\t\t\t\t\t\t\t\t\t<\/div>\n\t\t\t\t<\/div>\n\t\t\t\t\t<\/div>\n\t\t<\/div>\n\t\t\t\t<div class=\"elementor-column elementor-col-50 elementor-top-column elementor-element elementor-element-aaa55c6\" data-id=\"aaa55c6\" data-element_type=\"column\" data-e-type=\"column\">\n\t\t\t<div class=\"elementor-widget-wrap elementor-element-populated\">\n\t\t\t\t\t\t<div class=\"elementor-element elementor-element-26461e4 elementor-widget elementor-widget-text-editor\" data-id=\"26461e4\" data-element_type=\"widget\" data-e-type=\"widget\" data-widget_type=\"text-editor.default\">\n\t\t\t\t<div class=\"elementor-widget-container\">\n\t\t\t\t\t\t\t\t\t<p><strong>Quarante ans apr\u00e8s l\u2019av\u00e8nement de la R\u00e9volution d\u00e9mocratique et populaire (RDP), les d\u00e9fis du Burkina Faso sont encore grands. Les populations croulent toujours sous le poids de la pauvret\u00e9 et pour couronner le tout, l\u2019hydre terroriste est de plus en plus mena\u00e7ante. Pour contribuer \u00e0 une soci\u00e9t\u00e9 d\u00e9mocratique plus prosp\u00e8re, le Cadre d\u2019action des mouvements et associations r\u00e9volutionnaires pour un acc\u00e8s au d\u00e9veloppement endog\u00e8ne (CAMARADE) tient un panel ce vendredi 4 ao\u00fbt 2023 au cours duquel, sont \u00e9voqu\u00e9s les pistes pouvant servir \u00e0 repartir sur de bonnes bases, s\u2019inspirant de la RDP.<\/strong><\/p><p>\u00a0Comment le Burkina 40 ann\u00e9es apr\u00e8s la R\u00e9volution d\u00e9mocratique et populaire (RDP), peut-il s\u2019inspirer de l\u2019exp\u00e9rience de la grande R\u00e9volution sankariste\u00a0?\u00a0\u00bb C\u2019est autour de ce th\u00e8me que graviteront les r\u00e9flexions, \u00e0 l\u2019occasion du 40e anniversaire de la RDP.<\/p>\t\t\t\t\t\t\t\t<\/div>\n\t\t\t\t<\/div>\n\t\t\t\t\t<\/div>\n\t\t<\/div>\n\t\t\t\t\t<\/div>\n\t\t<\/section>\n\t\t\t\t<section class=\"elementor-section elementor-top-section elementor-element elementor-element-502ab30 elementor-section-boxed elementor-section-height-default elementor-section-height-default\" data-id=\"502ab30\" data-element_type=\"section\" data-e-type=\"section\">\n\t\t\t\t\t\t<div class=\"elementor-container elementor-column-gap-default\">\n\t\t\t\t\t<div class=\"elementor-column elementor-col-100 elementor-top-column elementor-element elementor-element-040ab7a\" data-id=\"040ab7a\" data-element_type=\"column\" data-e-type=\"column\">\n\t\t\t<div class=\"elementor-widget-wrap elementor-element-populated\">\n\t\t\t\t\t\t<div class=\"elementor-element elementor-element-9ddd623 elementor-widget elementor-widget-text-editor\" data-id=\"9ddd623\" data-element_type=\"widget\" data-e-type=\"widget\" data-widget_type=\"text-editor.default\">\n\t\t\t\t<div class=\"elementor-widget-container\">\n\t\t\t\t\t\t\t\t\t<p>Selon Daouda Traor\u00e9, la c\u00e9l\u00e9bration de ces 40 ans tient tout son sens, car elle marque un tournant d\u00e9cisif dans l\u2019histoire du Burkina Faso, ex Haute-Volta. \u00ab\u00a0L\u2019\u00e9motion est toujours forte quand on se retrouve 40 ans apr\u00e8s \u00e0 tracer les sillons pour contextualiser le combat qui a \u00e9t\u00e9 engag\u00e9. Cela afin d\u2019aller vers des victoires plus \u00e9clatantes pour notre peuple qui en a plus que jamais besoin, tant les d\u00e9fis se sont complexifi\u00e9s et ont pris de l\u2019importance de nos jours\u00a0\u00bb, soulignera-t-il.<\/p><dl class=\"spip_document_154731 spip_documents spip_documents_center\"><dt><img decoding=\"async\" src=\"https:\/\/lefaso.net\/local\/cache-vignettes\/L600xH700\/whatsapp_image_2023-08-04_at_14.57.17-cb950.jpg?1691166342\" alt=\"\" width=\"600\" height=\"700\" \/><\/dt><dd class=\"spip_doc_descriptif\"><i>\u00ab\u00a0Ce qu\u2019il faut retenir du capitaine Thomas Sankara c\u2019est son patriotisme, sa vision pour une Afrique plus unie, son audace et son int\u00e9grit\u00e9\u00a0\u00bb, colonel-major Daouda Traor\u00e9<\/i><\/dd><\/dl><p>\u00a0<\/p><div id=\"aswift_4_host\" tabindex=\"0\" title=\"Advertisement\" aria-label=\"Advertisement\">\u00a0<\/div><p>\u00a0<\/p><p>Pour Me B\u00e9n\u00e9wend\u00e9 Sankara, parrain de la c\u00e9r\u00e9monie, le Burkina Faso est \u00e0 la crois\u00e9e des chemins et il est plus qu\u2019important qu\u2019on jette un regard dans le r\u00e9troviseur afin de ne pas se perdre dans la marche vers le d\u00e9veloppement. A ce titre, l\u2019exp\u00e9rience de la RDP constitue un bel exemple qui pourrait inspirer la jeunesse, fer de lance de la soci\u00e9t\u00e9. L\u2019\u00e9poque actuelle dit-il est la leur. \u00ab\u00a0Ce qu\u2019il nous faut c\u2019est l\u2019alliance de toutes les forces, c\u2019est l\u2019union sacr\u00e9e de toutes les composantes de notre peuple pour apporter le bonheur au peuple burkinab\u00e8. Mais au-del\u00e0 de tout, le combat actuel est celui de la jeunesse. Le 15 octobre 2022, nous lui avons pass\u00e9 le flambeau. Nous avons dit \u00e0 cette date qu\u2019on a affaire \u00e0 des officiers \u00e0 l\u2019image du pr\u00e9sident Sankara, qui veulent cr\u00e9er des conditions de rupture de paradigme, pour apporter une meilleure gouvernance mais dans un contexte de guerre. Cela exige donc une adh\u00e9sion populaire fond\u00e9e sur une vision et un programme clairs. Si aujourd\u2019hui la jeunesse estime que l\u2019heure a sonn\u00e9 pour elle de poser une pierre pour l\u2019\u00e9dification de notre soci\u00e9t\u00e9, elle doit \u00eatre consciente de son r\u00f4le et de sa mission. C\u2019est tout le sens de ce panel. Au regard du contexte sous-r\u00e9gional que nous connaissons et celui que nous vivons, nous nous devons d\u2019apporter une v\u00e9ritable alternative au d\u00e9veloppement de notre pays, en nous attaquant \u00e0 tous les maux, commen\u00e7ant par la lutte contre le terrorisme\u00a0\u00bb, a-t-il laiss\u00e9 entendre.<\/p><dl class=\"spip_document_154733 spip_documents spip_documents_center\"><dt><img decoding=\"async\" src=\"https:\/\/lefaso.net\/local\/cache-vignettes\/L600xH270\/whatsapp_image_2023-08-04_at_14.57.45-70886.jpg?1691166342\" alt=\"\" width=\"600\" height=\"270\" \/><\/dt><dd class=\"spip_doc_descriptif\"><i>Une vue des participants \u00e0 ce panel organis\u00e9 en l\u2019honneur du 40e anniversaire de la RDP<\/i><\/dd><\/dl><p><strong>Le Burkina doit tirer des le\u00e7ons du pass\u00e9<\/strong><\/p><p>Les r\u00e9cents \u00e9v\u00e9nements en Afrique de l\u2019Ouest et particuli\u00e8rement au Burkina Faso, marqu\u00e9s par une succession de coups d\u2019Etat soutenus par les masses populaires, sont selon les dires de Me B\u00e9n\u00e9wend\u00e9 Sankara, la preuve qu\u2019on ne peut enterrer la r\u00e9volution. Toutefois, ces coups de force \u00e0 n\u2019en point finir, bien que nuisibles pour la soci\u00e9t\u00e9 d\u00e9mocratique, se doivent d\u2019incarner les id\u00e9aux voulus par le peuple et r\u00e9pondre aux d\u00e9sirs et aux aspirations des masses.<\/p><dl class=\"spip_document_154732 spip_documents spip_documents_center\"><dt><img loading=\"lazy\" decoding=\"async\" src=\"https:\/\/lefaso.net\/local\/cache-vignettes\/L600xH338\/whatsapp_image_2023-08-04_at_14.57.33-64da9.jpg?1691166342\" alt=\"\" width=\"600\" height=\"338\" \/><\/dt><dd class=\"spip_doc_descriptif\"><i>\u00ab\u00a0Soyons cette jeunesse consciente\u00a0! Soyons cette jeunesse cultiv\u00e9e\u00a0! Soyons cette jeunesse qui prend ses responsabilit\u00e9s devant l\u2019histoire\u00a0!\u00a0\u00bb, Me B\u00e9n\u00e9wend\u00e9 Sankara aux jeunes<\/i><\/dd><\/dl><p>\u00a0<\/p><div id=\"aswift_5_host\" tabindex=\"0\" title=\"Advertisement\" aria-label=\"Advertisement\">\u00a0Le Burkina doit tirer des le\u00e7ons de son pass\u00e9 car on ne peut pas r\u00e9inventer la roue, on peut juste l\u2019adapter. La marche des peuples est irr\u00e9versible et c\u2019est pourquoi la r\u00e9volution est permanente. Depuis le 15 octobre 1987, ceux qui ont port\u00e9 haut l\u2019\u00e9tendard de Thomas Sankara ont toujours dit qu\u2019il fallait travailler \u00e0 ce que les peuples africains soient dans les conditions pour amorcer une v\u00e9ritable r\u00e9volution africaine. Ce travail n\u2019a pas \u00e9t\u00e9 fait notamment \u00e0 travers les organisations de la soci\u00e9t\u00e9 civile et les partis politiques. C\u2019est ce r\u00e9sultat-l\u00e0 qui emm\u00e8ne malheureusement les militaires \u00e0 faire des coups d\u2019Etat, applaudis aujourd\u2019hui par les peuples et principalement les jeunes. Cela veut dire que c\u2019est une r\u00e9volution inachev\u00e9e parce qu\u2019elle doit \u00eatre populaire et d\u00e9mocratique. Pas forc\u00e9ment militaire. Si elle est militaire, les militaires doivent accepter ce que le peuple veut. C\u2019est ce que les dirigeants des pays comme le Mali, le Niger, la Guin\u00e9e et le Burkina doivent comprendre. Si vous prenez le pouvoir par la force, faites-en sorte que cette force revienne au peuple pour que ces aspirations soient respect\u00e9es et assouvies. Thomas Sankara \u00e9tait militaire. Mais pourquoi toute l\u2019Afrique y compris les dirigeants civils reconnaissent qu\u2019il \u00e9tait int\u00e8gre\u00a0? C\u2019est parce qu\u2019il n\u2019a pas utilis\u00e9 la ba\u00efonnette, il n\u2019a pas utilis\u00e9 le bazooka. Il a rendu cette force l\u00e0 \u00e0 la jeunesse et a gouvern\u00e9 selon ses aspirations\u00a0\u00bb.<\/div><p>\u00a0<\/p>\t\t\t\t\t\t\t\t<\/div>\n\t\t\t\t<\/div>\n\t\t\t\t\t<\/div>\n\t\t<\/div>\n\t\t\t\t\t<\/div>\n\t\t<\/section>\n\t\t\t\t<\/div>\n\t\t","protected":false},"excerpt":{"rendered":"<p>40e anniversaire de la RDP&nbsp;: \u00ab&nbsp;Le Burkina doit tirer des le\u00e7ons de son pass\u00e9 car on ne peut pas r\u00e9inventer la roue&nbsp;\u00bb Me B\u00e9n\u00e9wend\u00e9 Sankara Quarante ans apr\u00e8s l\u2019av\u00e8nement de la R\u00e9volution d\u00e9mocratique et populaire (RDP), les d\u00e9fis du Burkina Faso sont encore grands. Les populations croulent toujours sous le poids de la pauvret\u00e9 et [&hellip;]<\/p>\n","protected":false},"author":2,"featured_media":0,"parent":0,"menu_order":0,"comment_status":"closed","ping_status":"closed","template":"","meta":{"site-sidebar-layout":"no-sidebar","site-content-layout":"page-builder","ast-site-content-layout":"default","site-content-style":"default","site-sidebar-style":"default","ast-global-header-display":"","ast-banner-title-visibility":"","ast-main-header-display":"","ast-hfb-above-header-display":"","ast-hfb-below-header-display":"","ast-hfb-mobile-header-display":"","site-post-title":"disabled","ast-breadcrumbs-content":"","ast-featured-img":"disabled","footer-sml-layout":"","theme-transparent-header-meta":"","adv-header-id-meta":"","stick-header-meta":"","header-above-stick-meta":"","header-main-stick-meta":"","header-below-stick-meta":"","astra-migrate-meta-layouts":"default","ast-page-background-enabled":"default","ast-page-background-meta":{"desktop":{"background-color":"","background-image":"","background-repeat":"repeat","background-position":"center center","background-size":"auto","background-attachment":"scroll","background-type":"","background-media":"","overlay-type":"","overlay-color":"","overlay-opacity":"","overlay-gradient":""},"tablet":{"background-color":"","background-image":"","background-repeat":"repeat","background-position":"center center","background-size":"auto","background-attachment":"scroll","background-type":"","background-media":"","overlay-type":"","overlay-color":"","overlay-opacity":"","overlay-gradient":""},"mobile":{"background-color":"","background-image":"","background-repeat":"repeat","background-position":"center center","background-size":"auto","background-attachment":"scroll","background-type":"","background-media":"","overlay-type":"","overlay-color":"","overlay-opacity":"","overlay-gradient":""}},"ast-content-background-meta":{"desktop":{"background-color":"var(--ast-global-color-5)","background-image":"","background-repeat":"repeat","background-position":"center center","background-size":"auto","background-attachment":"scroll","background-type":"","background-media":"","overlay-type":"","overlay-color":"","overlay-opacity":"","overlay-gradient":""},"tablet":{"background-color":"var(--ast-global-color-5)","background-image":"","background-repeat":"repeat","background-position":"center center","background-size":"auto","background-attachment":"scroll","background-type":"","background-media":"","overlay-type":"","overlay-color":"","overlay-opacity":"","overlay-gradient":""},"mobile":{"background-color":"var(--ast-global-color-5)","background-image":"","background-repeat":"repeat","background-position":"center center","background-size":"auto","background-attachment":"scroll","background-type":"","background-media":"","overlay-type":"","overlay-color":"","overlay-opacity":"","overlay-gradient":""}},"footnotes":""},"class_list":["post-3420","page","type-page","status-publish","hentry"],"jetpack_sharing_enabled":true,"rttpg_featured_image_url":null,"rttpg_author":{"display_name":"Hascor Burkina","author_link":"https:\/\/blog.hascorburkina.com\/index.php\/author\/hascorblog\/"},"rttpg_comment":0,"rttpg_category":null,"rttpg_excerpt":"40e anniversaire de la RDP&nbsp;: \u00ab&nbsp;Le Burkina doit tirer des le\u00e7ons de son pass\u00e9 car on ne peut pas r\u00e9inventer la roue&nbsp;\u00bb Me B\u00e9n\u00e9wend\u00e9 Sankara Quarante ans apr\u00e8s l\u2019av\u00e8nement de la R\u00e9volution d\u00e9mocratique et populaire (RDP), les d\u00e9fis du Burkina Faso sont encore grands. Les populations croulent toujours sous le poids de la pauvret\u00e9 et\u2026","_links":{"self":[{"href":"https:\/\/blog.hascorburkina.com\/index.php\/wp-json\/wp\/v2\/pages\/3420","targetHints":{"allow":["GET"]}}],"collection":[{"href":"https:\/\/blog.hascorburkina.com\/index.php\/wp-json\/wp\/v2\/pages"}],"about":[{"href":"https:\/\/blog.hascorburkina.com\/index.php\/wp-json\/wp\/v2\/types\/page"}],"author":[{"embeddable":true,"href":"https:\/\/blog.hascorburkina.com\/index.php\/wp-json\/wp\/v2\/users\/2"}],"replies":[{"embeddable":true,"href":"https:\/\/blog.hascorburkina.com\/index.php\/wp-json\/wp\/v2\/comments?post=3420"}],"version-history":[{"count":4,"href":"https:\/\/blog.hascorburkina.com\/index.php\/wp-json\/wp\/v2\/pages\/3420\/revisions"}],"predecessor-version":[{"id":3425,"href":"https:\/\/blog.hascorburkina.com\/index.php\/wp-json\/wp\/v2\/pages\/3420\/revisions\/3425"}],"wp:attachment":[{"href":"https:\/\/blog.hascorburkina.com\/index.php\/wp-json\/wp\/v2\/media?parent=3420"}],"curies":[{"name":"wp","href":"https:\/\/api.w.org\/{rel}","templated":true}]}}