{"id":3406,"date":"2023-07-29T10:44:06","date_gmt":"2023-07-29T10:44:06","guid":{"rendered":"https:\/\/blog.hascorburkina.com\/?page_id=3406"},"modified":"2023-07-29T10:46:18","modified_gmt":"2023-07-29T10:46:18","slug":"actualite-29","status":"publish","type":"page","link":"https:\/\/blog.hascorburkina.com\/index.php\/actualite-29\/","title":{"rendered":"actualit\u00e9"},"content":{"rendered":"\t\t<div data-elementor-type=\"wp-page\" data-elementor-id=\"3406\" class=\"elementor elementor-3406\">\n\t\t\t\t\t\t<section class=\"elementor-section elementor-top-section elementor-element elementor-element-ae59a9c elementor-section-boxed elementor-section-height-default elementor-section-height-default\" data-id=\"ae59a9c\" data-element_type=\"section\" data-e-type=\"section\">\n\t\t\t\t\t\t<div class=\"elementor-container elementor-column-gap-default\">\n\t\t\t\t\t<div class=\"elementor-column elementor-col-100 elementor-top-column elementor-element elementor-element-ae65889\" data-id=\"ae65889\" data-element_type=\"column\" data-e-type=\"column\">\n\t\t\t<div class=\"elementor-widget-wrap elementor-element-populated\">\n\t\t\t\t\t\t<div class=\"elementor-element elementor-element-8241d90 elementor-widget elementor-widget-heading\" data-id=\"8241d90\" data-element_type=\"widget\" data-e-type=\"widget\" data-widget_type=\"heading.default\">\n\t\t\t\t<div class=\"elementor-widget-container\">\n\t\t\t\t\t<h2 class=\"elementor-heading-title elementor-size-default\"><span style=\"text-transform: capitalize\">Burkina Faso : Comm\u00e9moration du 40\u00e8me anniversaire de la r\u00e9volution sous forme de panels<\/h2>\t\t\t\t<\/div>\n\t\t\t\t<\/div>\n\t\t\t\t\t<\/div>\n\t\t<\/div>\n\t\t\t\t\t<\/div>\n\t\t<\/section>\n\t\t\t\t<section class=\"elementor-section elementor-top-section elementor-element elementor-element-f53ef6e elementor-section-content-middle elementor-section-boxed elementor-section-height-default elementor-section-height-default\" data-id=\"f53ef6e\" data-element_type=\"section\" data-e-type=\"section\" data-settings=\"{&quot;background_background&quot;:&quot;classic&quot;}\">\n\t\t\t\t\t\t\t<div class=\"elementor-background-overlay\"><\/div>\n\t\t\t\t\t\t\t<div class=\"elementor-container elementor-column-gap-no\">\n\t\t\t\t\t<div class=\"elementor-column elementor-col-50 elementor-top-column elementor-element elementor-element-9a9962d\" data-id=\"9a9962d\" data-element_type=\"column\" data-e-type=\"column\">\n\t\t\t<div class=\"elementor-widget-wrap elementor-element-populated\">\n\t\t\t\t\t\t<div class=\"elementor-element elementor-element-14ad3ef elementor-widget elementor-widget-image\" data-id=\"14ad3ef\" data-element_type=\"widget\" data-e-type=\"widget\" data-widget_type=\"image.default\">\n\t\t\t\t<div class=\"elementor-widget-container\">\n\t\t\t\t\t\t\t\t\t\t\t\t\t\t\t<img fetchpriority=\"high\" decoding=\"async\" width=\"1024\" height=\"768\" src=\"https:\/\/blog.hascorburkina.com\/wp-content\/uploads\/2023\/07\/Cadre-daction-des-mouvements-et-associations-revolutionnaires-pour-un-acces-au-developpement-endogene-CAMARADE-1024x768-1.jpg\" class=\"attachment-full size-full wp-image-3405\" alt=\"\" srcset=\"https:\/\/blog.hascorburkina.com\/wp-content\/uploads\/2023\/07\/Cadre-daction-des-mouvements-et-associations-revolutionnaires-pour-un-acces-au-developpement-endogene-CAMARADE-1024x768-1.jpg 1024w, https:\/\/blog.hascorburkina.com\/wp-content\/uploads\/2023\/07\/Cadre-daction-des-mouvements-et-associations-revolutionnaires-pour-un-acces-au-developpement-endogene-CAMARADE-1024x768-1-600x450.jpg 600w, https:\/\/blog.hascorburkina.com\/wp-content\/uploads\/2023\/07\/Cadre-daction-des-mouvements-et-associations-revolutionnaires-pour-un-acces-au-developpement-endogene-CAMARADE-1024x768-1-300x225.jpg 300w, https:\/\/blog.hascorburkina.com\/wp-content\/uploads\/2023\/07\/Cadre-daction-des-mouvements-et-associations-revolutionnaires-pour-un-acces-au-developpement-endogene-CAMARADE-1024x768-1-768x576.jpg 768w\" sizes=\"(max-width: 1024px) 100vw, 1024px\" \/>\t\t\t\t\t\t\t\t\t\t\t\t\t\t\t<\/div>\n\t\t\t\t<\/div>\n\t\t\t\t\t<\/div>\n\t\t<\/div>\n\t\t\t\t<div class=\"elementor-column elementor-col-50 elementor-top-column elementor-element elementor-element-c97cc08\" data-id=\"c97cc08\" data-element_type=\"column\" data-e-type=\"column\">\n\t\t\t<div class=\"elementor-widget-wrap elementor-element-populated\">\n\t\t\t\t\t\t<div class=\"elementor-element elementor-element-83a166b elementor-widget elementor-widget-text-editor\" data-id=\"83a166b\" data-element_type=\"widget\" data-e-type=\"widget\" data-widget_type=\"text-editor.default\">\n\t\t\t\t<div class=\"elementor-widget-container\">\n\t\t\t\t\t\t\t\t\t<p>C\u2019est autour d\u2019un panel avec pour th\u00e8me principal \u00ab Comment le Burkina Faso, 40 ann\u00e9es apr\u00e8s la RDP, peut-il s\u2019inspirer de l\u2019exp\u00e9rience de la grande r\u00e9volution sankariste? \u00bb, que le Cadre d\u2019action des mouvements et associations r\u00e9volutionnaires pour un acc\u00e8s du d\u00e9veloppement endog\u00e8ne (CAMARADE) et le comit\u00e9 m\u00e9morial Thomas Sankara comptent participer \u00e0 leur mani\u00e8re \u00e0 la comm\u00e9moration des 40 ann\u00e9es de la r\u00e9volution.<\/p><p>A \u00e9couter Samdpawend\u00e9 Ou\u00e9draogo coordonnateur du CAMARADE en plus du th\u00e8me principal plusieurs sous-th\u00e8mes traitant du d\u00e9veloppement endog\u00e8ne, de la souverainet\u00e9, de la lutte contre l\u2019imp\u00e9rialisme seront d\u00e9cortiqu\u00e9s. \u00ab\u00a0<em>Nous ne pouvons pas nous d\u00e9velopper tant que nous n\u2019avons pas puis\u00e9 les ressources endog\u00e8nes pour aller vers un d\u00e9veloppement qui soit un d\u00e9veloppement inclusif, participatif\u2026 Nous pensons que les conclusions de ces travaux pourront permettre de contribuer \u00e0 la marche de la transition<\/em>\u00a0\u00bb, a-t-il pr\u00e9cis\u00e9.<\/p>\t\t\t\t\t\t\t\t<\/div>\n\t\t\t\t<\/div>\n\t\t\t\t\t<\/div>\n\t\t<\/div>\n\t\t\t\t\t<\/div>\n\t\t<\/section>\n\t\t\t\t<section class=\"elementor-section elementor-top-section elementor-element elementor-element-d5d1c33 elementor-section-boxed elementor-section-height-default elementor-section-height-default\" data-id=\"d5d1c33\" data-element_type=\"section\" data-e-type=\"section\">\n\t\t\t\t\t\t<div class=\"elementor-container elementor-column-gap-default\">\n\t\t\t\t\t<div class=\"elementor-column elementor-col-100 elementor-top-column elementor-element elementor-element-fe62a8d\" data-id=\"fe62a8d\" data-element_type=\"column\" data-e-type=\"column\">\n\t\t\t<div class=\"elementor-widget-wrap elementor-element-populated\">\n\t\t\t\t\t\t<div class=\"elementor-element elementor-element-feba472 elementor-widget elementor-widget-text-editor\" data-id=\"feba472\" data-element_type=\"widget\" data-e-type=\"widget\" data-widget_type=\"text-editor.default\">\n\t\t\t\t<div class=\"elementor-widget-container\">\n\t\t\t\t\t\t\t\t\t<figure id=\"attachment_333488\" class=\"wp-caption alignnone\" aria-describedby=\"caption-attachment-333488\"><img decoding=\"async\" class=\"size-large wp-image-333488\" src=\"https:\/\/burkina24.com\/wp-content\/uploads\/2023\/07\/Samdpawende-Ouedraogo-coordonnateur-du-CAMARADE-1024x768.jpg\" sizes=\"(max-width: 1024px) 100vw, 1024px\" srcset=\"https:\/\/burkina24.com\/wp-content\/uploads\/2023\/07\/Samdpawende-Ouedraogo-coordonnateur-du-CAMARADE-1024x768.jpg 1024w, https:\/\/burkina24.com\/wp-content\/uploads\/2023\/07\/Samdpawende-Ouedraogo-coordonnateur-du-CAMARADE-300x225.jpg 300w, https:\/\/burkina24.com\/wp-content\/uploads\/2023\/07\/Samdpawende-Ouedraogo-coordonnateur-du-CAMARADE-768x576.jpg 768w, https:\/\/burkina24.com\/wp-content\/uploads\/2023\/07\/Samdpawende-Ouedraogo-coordonnateur-du-CAMARADE-1536x1152.jpg 1536w, https:\/\/burkina24.com\/wp-content\/uploads\/2023\/07\/Samdpawende-Ouedraogo-coordonnateur-du-CAMARADE-2048x1536.jpg 2048w, https:\/\/burkina24.com\/wp-content\/uploads\/2023\/07\/Samdpawende-Ouedraogo-coordonnateur-du-CAMARADE-scaled.jpg 613w\" alt=\"Samdpawend\u00e9 Ou\u00e9draogo coordonnateur du CAMARADE\" width=\"1024\" height=\"768\" \/><figcaption id=\"caption-attachment-333488\" class=\"wp-caption-text\">Samdpawend\u00e9 Ou\u00e9draogo coordonnateur du CAMARADE<\/figcaption><\/figure><p><strong>Il faut noter que le panel est plac\u00e9 sous le patronage de l\u2019ancien chef de l\u2019\u00c9tat Yacouba Isaac Zida. Se justifiant sur le choix port\u00e9 sur l\u2019homme, Samdpawend\u00e9 Ou\u00e9draogo a expliqu\u00e9 que c\u2019est \u00ab\u00a0<\/strong><em><strong>au regard de son attachement au principe r\u00e9volutionnaire. Quand son excellence \u00e9tait au pouvoir, c\u2019est par son courage, c\u2019est par sa d\u00e9termination qu\u2019on a pu enfin avoir le d\u00e9nouement sur le dossier Thomas Sankara. C\u2019est sous lui qu\u2019apr\u00e8s 27 ann\u00e9es de combat, des progressistes d\u2019ici et d\u2019ailleurs, on a enfin vu le d\u00e9nouement de par son engagement, sa d\u00e9termination et cela au prix de sa vie.\u00a0<\/strong><\/em><\/p><p><em>Nous avons estim\u00e9 que la meilleure fa\u00e7on pour une organisation comme nous c\u2019est aussi lui rendre\u00a0 hommage. Souvent, vous avez des organisations qui sont l\u00e0 que quand les hommes forts du moment sont l\u00e0 qu\u2019ils brillent. Nous, nous ne voulons pas de cela. Si le pr\u00e9sident Thomas Sankara \u00e9tait vivant nous allions m\u00eame le prendre comme le patron de la c\u00e9r\u00e9monie. Si nous nous r\u00e9clamons Sankaristes, c\u2019est parce que ces hommes ont incarn\u00e9 des valeurs<\/em>\u00a0\u00bb.<\/p><p>Le coordonnateur du CAMARADE a ajout\u00e9 qu\u2019en plus de la comm\u00e9moration, il est pr\u00e9vu une formation \u00e0 l\u2019endroit de 500 femmes\u00a0 d\u00e9plac\u00e9es internes sur les activit\u00e9s g\u00e9n\u00e9ratrices de revenus afin qu\u2019elles acqui\u00e8rent une certaine ind\u00e9pendance financi\u00e8re.<\/p><p><strong>Aminata Catherine SANOU\u00a0<\/strong><\/p>\t\t\t\t\t\t\t\t<\/div>\n\t\t\t\t<\/div>\n\t\t\t\t\t<\/div>\n\t\t<\/div>\n\t\t\t\t\t<\/div>\n\t\t<\/section>\n\t\t\t\t<\/div>\n\t\t","protected":false},"excerpt":{"rendered":"<p>Burkina Faso : Comm\u00e9moration du 40\u00e8me anniversaire de la r\u00e9volution sous forme de panels C\u2019est autour d\u2019un panel avec pour th\u00e8me principal \u00ab Comment le Burkina Faso, 40 ann\u00e9es apr\u00e8s la RDP, peut-il s\u2019inspirer de l\u2019exp\u00e9rience de la grande r\u00e9volution sankariste? \u00bb, que le Cadre d\u2019action des mouvements et associations r\u00e9volutionnaires pour un acc\u00e8s du [&hellip;]<\/p>\n","protected":false},"author":2,"featured_media":0,"parent":0,"menu_order":0,"comment_status":"closed","ping_status":"closed","template":"","meta":{"site-sidebar-layout":"no-sidebar","site-content-layout":"page-builder","ast-site-content-layout":"default","site-content-style":"default","site-sidebar-style":"default","ast-global-header-display":"","ast-banner-title-visibility":"","ast-main-header-display":"","ast-hfb-above-header-display":"","ast-hfb-below-header-display":"","ast-hfb-mobile-header-display":"","site-post-title":"disabled","ast-breadcrumbs-content":"","ast-featured-img":"disabled","footer-sml-layout":"","theme-transparent-header-meta":"","adv-header-id-meta":"","stick-header-meta":"","header-above-stick-meta":"","header-main-stick-meta":"","header-below-stick-meta":"","astra-migrate-meta-layouts":"default","ast-page-background-enabled":"default","ast-page-background-meta":{"desktop":{"background-color":"","background-image":"","background-repeat":"repeat","background-position":"center center","background-size":"auto","background-attachment":"scroll","background-type":"","background-media":"","overlay-type":"","overlay-color":"","overlay-opacity":"","overlay-gradient":""},"tablet":{"background-color":"","background-image":"","background-repeat":"repeat","background-position":"center center","background-size":"auto","background-attachment":"scroll","background-type":"","background-media":"","overlay-type":"","overlay-color":"","overlay-opacity":"","overlay-gradient":""},"mobile":{"background-color":"","background-image":"","background-repeat":"repeat","background-position":"center center","background-size":"auto","background-attachment":"scroll","background-type":"","background-media":"","overlay-type":"","overlay-color":"","overlay-opacity":"","overlay-gradient":""}},"ast-content-background-meta":{"desktop":{"background-color":"var(--ast-global-color-5)","background-image":"","background-repeat":"repeat","background-position":"center center","background-size":"auto","background-attachment":"scroll","background-type":"","background-media":"","overlay-type":"","overlay-color":"","overlay-opacity":"","overlay-gradient":""},"tablet":{"background-color":"var(--ast-global-color-5)","background-image":"","background-repeat":"repeat","background-position":"center center","background-size":"auto","background-attachment":"scroll","background-type":"","background-media":"","overlay-type":"","overlay-color":"","overlay-opacity":"","overlay-gradient":""},"mobile":{"background-color":"var(--ast-global-color-5)","background-image":"","background-repeat":"repeat","background-position":"center center","background-size":"auto","background-attachment":"scroll","background-type":"","background-media":"","overlay-type":"","overlay-color":"","overlay-opacity":"","overlay-gradient":""}},"footnotes":""},"class_list":["post-3406","page","type-page","status-publish","hentry"],"jetpack_sharing_enabled":true,"rttpg_featured_image_url":null,"rttpg_author":{"display_name":"Hascor Burkina","author_link":"https:\/\/blog.hascorburkina.com\/index.php\/author\/hascorblog\/"},"rttpg_comment":0,"rttpg_category":null,"rttpg_excerpt":"Burkina Faso : Comm\u00e9moration du 40\u00e8me anniversaire de la r\u00e9volution sous forme de panels C\u2019est autour d\u2019un panel avec pour th\u00e8me principal \u00ab Comment le Burkina Faso, 40 ann\u00e9es apr\u00e8s la RDP, peut-il s\u2019inspirer de l\u2019exp\u00e9rience de la grande r\u00e9volution sankariste? \u00bb, que le Cadre d\u2019action des mouvements et associations r\u00e9volutionnaires pour un acc\u00e8s du\u2026","_links":{"self":[{"href":"https:\/\/blog.hascorburkina.com\/index.php\/wp-json\/wp\/v2\/pages\/3406","targetHints":{"allow":["GET"]}}],"collection":[{"href":"https:\/\/blog.hascorburkina.com\/index.php\/wp-json\/wp\/v2\/pages"}],"about":[{"href":"https:\/\/blog.hascorburkina.com\/index.php\/wp-json\/wp\/v2\/types\/page"}],"author":[{"embeddable":true,"href":"https:\/\/blog.hascorburkina.com\/index.php\/wp-json\/wp\/v2\/users\/2"}],"replies":[{"embeddable":true,"href":"https:\/\/blog.hascorburkina.com\/index.php\/wp-json\/wp\/v2\/comments?post=3406"}],"version-history":[{"count":4,"href":"https:\/\/blog.hascorburkina.com\/index.php\/wp-json\/wp\/v2\/pages\/3406\/revisions"}],"predecessor-version":[{"id":3411,"href":"https:\/\/blog.hascorburkina.com\/index.php\/wp-json\/wp\/v2\/pages\/3406\/revisions\/3411"}],"wp:attachment":[{"href":"https:\/\/blog.hascorburkina.com\/index.php\/wp-json\/wp\/v2\/media?parent=3406"}],"curies":[{"name":"wp","href":"https:\/\/api.w.org\/{rel}","templated":true}]}}