{"id":3393,"date":"2023-07-29T10:24:43","date_gmt":"2023-07-29T10:24:43","guid":{"rendered":"https:\/\/blog.hascorburkina.com\/?page_id=3393"},"modified":"2023-07-29T10:30:30","modified_gmt":"2023-07-29T10:30:30","slug":"a-5","status":"publish","type":"page","link":"https:\/\/blog.hascorburkina.com\/index.php\/a-5\/","title":{"rendered":"a"},"content":{"rendered":"\t\t<div data-elementor-type=\"wp-page\" data-elementor-id=\"3393\" class=\"elementor elementor-3393\">\n\t\t\t\t\t\t<section class=\"elementor-section elementor-top-section elementor-element elementor-element-5204623 elementor-section-boxed elementor-section-height-default elementor-section-height-default\" data-id=\"5204623\" data-element_type=\"section\" data-e-type=\"section\">\n\t\t\t\t\t\t<div class=\"elementor-container elementor-column-gap-default\">\n\t\t\t\t\t<div class=\"elementor-column elementor-col-100 elementor-top-column elementor-element elementor-element-160369f\" data-id=\"160369f\" data-element_type=\"column\" data-e-type=\"column\">\n\t\t\t<div class=\"elementor-widget-wrap elementor-element-populated\">\n\t\t\t\t\t\t<div class=\"elementor-element elementor-element-23ac92c elementor-widget elementor-widget-heading\" data-id=\"23ac92c\" data-element_type=\"widget\" data-e-type=\"widget\" data-widget_type=\"heading.default\">\n\t\t\t\t<div class=\"elementor-widget-container\">\n\t\t\t\t\t<h2 class=\"elementor-heading-title elementor-size-default\"><span style=\"text-transform: capitalize\">2e Sommet \u00ab Russie-Afrique \u00bb<\/span> : L\u2019intervention du Pr\u00e9sident de la Transition, chef de l\u2019Etat, le Capitaine <span style=\"text-transform: capitalize\">Ibrahim TRAOR\u00c9<\/span><\/h2>\t\t\t\t<\/div>\n\t\t\t\t<\/div>\n\t\t\t\t\t<\/div>\n\t\t<\/div>\n\t\t\t\t\t<\/div>\n\t\t<\/section>\n\t\t\t\t<section class=\"elementor-section elementor-top-section elementor-element elementor-element-c0c52f1 elementor-section-content-middle elementor-section-boxed elementor-section-height-default elementor-section-height-default\" data-id=\"c0c52f1\" data-element_type=\"section\" data-e-type=\"section\" data-settings=\"{&quot;background_background&quot;:&quot;classic&quot;}\">\n\t\t\t\t\t\t\t<div class=\"elementor-background-overlay\"><\/div>\n\t\t\t\t\t\t\t<div class=\"elementor-container elementor-column-gap-no\">\n\t\t\t\t\t<div class=\"elementor-column elementor-col-50 elementor-top-column elementor-element elementor-element-24a3b71\" data-id=\"24a3b71\" data-element_type=\"column\" data-e-type=\"column\">\n\t\t\t<div class=\"elementor-widget-wrap elementor-element-populated\">\n\t\t\t\t\t\t<div class=\"elementor-element elementor-element-279f458 elementor-widget elementor-widget-image\" data-id=\"279f458\" data-element_type=\"widget\" data-e-type=\"widget\" data-widget_type=\"image.default\">\n\t\t\t\t<div class=\"elementor-widget-container\">\n\t\t\t\t\t\t\t\t\t\t\t\t\t\t\t<img fetchpriority=\"high\" decoding=\"async\" width=\"768\" height=\"777\" src=\"https:\/\/blog.hascorburkina.com\/wp-content\/uploads\/2023\/07\/IMG_8546-768x777-1.jpeg\" class=\"attachment-full size-full wp-image-3392\" alt=\"\" srcset=\"https:\/\/blog.hascorburkina.com\/wp-content\/uploads\/2023\/07\/IMG_8546-768x777-1.jpeg 768w, https:\/\/blog.hascorburkina.com\/wp-content\/uploads\/2023\/07\/IMG_8546-768x777-1-100x100.jpeg 100w, https:\/\/blog.hascorburkina.com\/wp-content\/uploads\/2023\/07\/IMG_8546-768x777-1-600x607.jpeg 600w, https:\/\/blog.hascorburkina.com\/wp-content\/uploads\/2023\/07\/IMG_8546-768x777-1-297x300.jpeg 297w\" sizes=\"(max-width: 768px) 100vw, 768px\" \/>\t\t\t\t\t\t\t\t\t\t\t\t\t\t\t<\/div>\n\t\t\t\t<\/div>\n\t\t\t\t\t<\/div>\n\t\t<\/div>\n\t\t\t\t<div class=\"elementor-column elementor-col-50 elementor-top-column elementor-element elementor-element-613f86c\" data-id=\"613f86c\" data-element_type=\"column\" data-e-type=\"column\">\n\t\t\t<div class=\"elementor-widget-wrap elementor-element-populated\">\n\t\t\t\t\t\t<div class=\"elementor-element elementor-element-6d5d485 elementor-widget elementor-widget-text-editor\" data-id=\"6d5d485\" data-element_type=\"widget\" data-e-type=\"widget\" data-widget_type=\"text-editor.default\">\n\t\t\t\t<div class=\"elementor-widget-container\">\n\t\t\t\t\t\t\t\t\t<p>Camarades Pr\u00e9sidents et chefs d\u2019Etat africains ;<br \/>Camarades Chefs de d\u00e9l\u00e9gation ;<br \/>Bonjour,<\/p><p>C\u2019est un honneur pour moi de prendre la parole ici et de vous passer le salut fraternel du peuple du Pays des Hommes int\u00e8gres. C\u2019est aussi le lieu pour moi, avant tout propos de rendre \u00e0 gr\u00e2ce \u00e0 Dieu, Dieu tout puissant qui nous a permis de nous r\u00e9unir ici ce matin en bonne sant\u00e9 pour parler de l\u2019avenir et du bien-\u00eatre de nos peuples.<br \/>Je voudrais m\u2019excuser aupr\u00e8s des ain\u00e9s que je pourrai vexer dans mes propos \u00e0 venir. Africanit\u00e9, oblige, le droit d\u2019ainesse, je me dois de m\u2019excuser.<\/p><p>\u00a0<\/p>\t\t\t\t\t\t\t\t<\/div>\n\t\t\t\t<\/div>\n\t\t\t\t\t<\/div>\n\t\t<\/div>\n\t\t\t\t\t<\/div>\n\t\t<\/section>\n\t\t\t\t<section class=\"elementor-section elementor-top-section elementor-element elementor-element-311f050 elementor-section-boxed elementor-section-height-default elementor-section-height-default\" data-id=\"311f050\" data-element_type=\"section\" data-e-type=\"section\">\n\t\t\t\t\t\t<div class=\"elementor-container elementor-column-gap-default\">\n\t\t\t\t\t<div class=\"elementor-column elementor-col-100 elementor-top-column elementor-element elementor-element-f88aee4\" data-id=\"f88aee4\" data-element_type=\"column\" data-e-type=\"column\">\n\t\t\t<div class=\"elementor-widget-wrap elementor-element-populated\">\n\t\t\t\t\t\t<div class=\"elementor-element elementor-element-23dca7e elementor-widget elementor-widget-text-editor\" data-id=\"23dca7e\" data-element_type=\"widget\" data-e-type=\"widget\" data-widget_type=\"text-editor.default\">\n\t\t\t\t<div class=\"elementor-widget-container\">\n\t\t\t\t\t\t\t\t\t<p>Camarades,<br \/>J\u2019ai quelques questions de ma g\u00e9n\u00e9ration. Mille et une questions qu\u2019on se pose. Mais nous n\u2019avons pas de r\u00e9ponse. Il se trouve qu\u2019ici nous pouvons laver notre linge sale parce qu\u2019on se sent en famille. On se sent en famille en ce sens que la Russie est aussi une famille pour l\u2019Afrique. C\u2019est une famille parce que nous avons la m\u00eame histoire.<br \/>La Russie a consenti d\u2019\u00e9normes sacrifices pour lib\u00e9rer le monde du nazisme pendant la seconde guerre mondiale. Les peuples africains, nos grands-p\u00e8res ont \u00e9t\u00e9 d\u00e9port\u00e9s de force aussi pour aider l\u2019Europe \u00e0 se d\u00e9barrasser du nazisme. Nous partageons la m\u00eame histoire en ce sens que nous sommes les peuples oubli\u00e9s du monde. Que \u00e7e soit dans les livres d\u2019histoire, dans les documentaires ou films, on tend \u00e0 balayer le r\u00f4le pr\u00e9pond\u00e9rant qu\u2019ont jou\u00e9 la Russie et l\u2019Afrique dans cette lutte contre le nazisme. Nous sommes ensemble parce qu\u2019actuellement nous sommes l\u00e0 pour parler de l\u2019avenir de nos peuples, de ce qui va advenir demain, de ce monde libre auquel nous aspirons, de ce monde sans ing\u00e9rence dans nos affaires internes.<\/p><p>Capitaine Ibrahim traor\u00e9 et Vladimir Poutine<\/p><p>Nous avons les m\u00eames perspectives, et je souhaite que ce sommet soit l\u2019occasion de pouvoir tisser de tr\u00e8s bonnes relations en vue d\u2019un meilleur avenir pour nos peuples.<br \/>Les questions que ma g\u00e9n\u00e9ration se pose sont les suivantes, si je peux me r\u00e9sumer, c\u2019est de ne pas comprendre comment l\u2019Afrique avec autant de richesses sur son sol, avec une nature g\u00e9n\u00e9reuse, de l\u2019eau, du soleil en abondance, l\u2019Afrique est aujourd\u2019hui le continent le plus pauvre ? L\u2019Afrique est un continent affam\u00e9? Et comment se fait-il que nos chefs d\u2019Etat traversent le monde pour mendier ? Voici des questions que nous nous posons et que nous n\u2019avons pas de r\u00e9ponse jusque-l\u00e0. Nous avons l\u2019occasion de tisser de nouvelles relations et j\u2019esp\u00e8re que ces relations puissent \u00eatre les meilleures pour donner un meilleur avenir \u00e0 nos peuples.<\/p><p>Ma g\u00e9n\u00e9ration me charge aussi de dire que c\u2019est par le fait de la pauvret\u00e9 qu\u2019elle est oblig\u00e9e de traverser l\u2019oc\u00e9an pour essayer de rallier l\u2019Europe. Elle meurt dans l\u2019oc\u00e9an. Mais que prochainement, elle n\u2019ira pas vers l\u2019oc\u00e9an parce qu\u2019elle viendra devant nos palais pour chercher leur pitance quotidienne.<\/p><p>Pour ce qui concerne le Burkina Faso, aujourd\u2019hui nous sommes confront\u00e9s depuis plus de huit ans \u00e0 la forme de manifestation la plus barbare, la plus violente du n\u00e9ocolonialisme, de l\u2019imp\u00e9rialisme ; l\u2019esclavage qu\u2019on tend \u00e0 nous imposer. Nos devanciers nous ont appris une chose ; \u00ab l\u2019esclave qui n\u2019est pas capable d\u2019assumer sa r\u00e9volte ne m\u00e9rite pas que l\u2019on s\u2019apitoie sur son sort \u00bb. Nous ne nous apitoyons pas sur notre sort, on ne demande pas que quelqu\u2019un s\u2019apitoie sur notre sort.<br \/>Le peuple burkinab\u00e8 a d\u00e9cid\u00e9 de lutter: de lutter contre l\u2019hydre terroriste pour relancer son d\u00e9veloppement. Dans cette lutte, de vaillantes populations se sont engag\u00e9es \u00e0 prendre des armes face au terrorisme. Ceux que nous avons affectueusement appel\u00e9 les VDP, les Volontaires pour la d\u00e9fense de la patrie.<\/p><p>Nous sommes surpris de voir des imp\u00e9rialistes traiter ces VDP de milices de tout type. C\u2019est d\u00e9cevant parce qu\u2019en Europe lorsque des peuples prennent des armes pour d\u00e9fendre leur patrie, on les appelle des patriotes. Nos grands-p\u00e8res ont \u00e9t\u00e9 d\u00e9port\u00e9s pour sauver l\u2019Europe. Ce n\u2019\u00e9tait pas avec leur consentement, c\u2019\u00e9tait contre leur gr\u00e9. Mais au retour, on se rappelle bien qu\u2019\u00e0 Thiaroye lorsqu\u2019ils ont voulu revendiquer leurs droits \u00e9l\u00e9mentaires, ils ont \u00e9t\u00e9 massacr\u00e9s. Cela ne fait rien. Lorsque nous, peuples, d\u00e9cidons de nous d\u00e9fendre, on nous traite de milices. Mais l\u00e0, n\u2019est pas le probl\u00e8me. Le probl\u00e8me, c\u2019est de voir des chefs d\u2019Etat africains qui n\u2019apportent rien \u00e0 ces peuples qui se battent mais qui chantent les m\u00eames choses que les imp\u00e9rialistes en nous traitant de milices, en nous traitant d\u2019hommes qui ne respectent pas les droits de l\u2019Homme. De quels droits de l\u2019Homme parle-t-on ? Nous nous offusquons contre cela et c\u2019est honteux. Il faut que nous les chefs d\u2019Etat africains arr\u00eations de nous comporter en marionnettes qui dansent \u00e0 chaque fois que les imp\u00e9rialistes tirent sur les ficelles.<\/p><p>\u00a0<\/p><p>Hier le Pr\u00e9sident Vladimir POUTINE a annonc\u00e9 l\u2019envoi de c\u00e9r\u00e9ales en Afrique. Nous sommes bien contents et nous lui disons merci pour cela. Mais aussi un message pass\u00e9 \u00e0 nous chefs d\u2019Etat africains parce qu\u2019au prochain sommet, nous ne devrons pas venir ici sans avoir assur\u00e9 pour ceux qui ne connaissent pas la guerre l\u2019autosuffisance alimentaire \u00e0 nos peuples. Nous devons prendre l\u2019exp\u00e9rience de ceux qui ont pu atteindre cet objectif en Afrique, tisser de bonnes relations ici, tisser de meilleures relations avec la F\u00e9d\u00e9ration de Russie pour pouvoir r\u00e9pondre aux besoins de nos populations.<\/p><p>Je ne serai pas tr\u00e8s long,<br \/>le temps imparti \u00e9tant court, mais je voudrais terminer en disant que nous devons rendre hommage \u00e0 nos peuples, \u00e0 nos peuples qui se battent.<br \/>Gloire \u00e0 nos peuples<br \/>Dignit\u00e9 \u00e0 nos peuples<br \/>Victoire \u00e0 nos peuples<br \/>La patrie ou la mort, nous vaincrons !<br \/>Merci camarades.<\/p>\t\t\t\t\t\t\t\t<\/div>\n\t\t\t\t<\/div>\n\t\t\t\t\t<\/div>\n\t\t<\/div>\n\t\t\t\t\t<\/div>\n\t\t<\/section>\n\t\t\t\t<\/div>\n\t\t","protected":false},"excerpt":{"rendered":"<p>2e Sommet \u00ab Russie-Afrique \u00bb : L\u2019intervention du Pr\u00e9sident de la Transition, chef de l\u2019Etat, le Capitaine Ibrahim TRAOR\u00c9 Camarades Pr\u00e9sidents et chefs d\u2019Etat africains ;Camarades Chefs de d\u00e9l\u00e9gation ;Bonjour, C\u2019est un honneur pour moi de prendre la parole ici et de vous passer le salut fraternel du peuple du Pays des Hommes int\u00e8gres. C\u2019est [&hellip;]<\/p>\n","protected":false},"author":2,"featured_media":0,"parent":0,"menu_order":0,"comment_status":"closed","ping_status":"closed","template":"","meta":{"site-sidebar-layout":"no-sidebar","site-content-layout":"page-builder","ast-site-content-layout":"default","site-content-style":"default","site-sidebar-style":"default","ast-global-header-display":"","ast-banner-title-visibility":"","ast-main-header-display":"","ast-hfb-above-header-display":"","ast-hfb-below-header-display":"","ast-hfb-mobile-header-display":"","site-post-title":"disabled","ast-breadcrumbs-content":"","ast-featured-img":"disabled","footer-sml-layout":"","theme-transparent-header-meta":"","adv-header-id-meta":"","stick-header-meta":"","header-above-stick-meta":"","header-main-stick-meta":"","header-below-stick-meta":"","astra-migrate-meta-layouts":"default","ast-page-background-enabled":"default","ast-page-background-meta":{"desktop":{"background-color":"","background-image":"","background-repeat":"repeat","background-position":"center center","background-size":"auto","background-attachment":"scroll","background-type":"","background-media":"","overlay-type":"","overlay-color":"","overlay-opacity":"","overlay-gradient":""},"tablet":{"background-color":"","background-image":"","background-repeat":"repeat","background-position":"center center","background-size":"auto","background-attachment":"scroll","background-type":"","background-media":"","overlay-type":"","overlay-color":"","overlay-opacity":"","overlay-gradient":""},"mobile":{"background-color":"","background-image":"","background-repeat":"repeat","background-position":"center center","background-size":"auto","background-attachment":"scroll","background-type":"","background-media":"","overlay-type":"","overlay-color":"","overlay-opacity":"","overlay-gradient":""}},"ast-content-background-meta":{"desktop":{"background-color":"var(--ast-global-color-5)","background-image":"","background-repeat":"repeat","background-position":"center center","background-size":"auto","background-attachment":"scroll","background-type":"","background-media":"","overlay-type":"","overlay-color":"","overlay-opacity":"","overlay-gradient":""},"tablet":{"background-color":"var(--ast-global-color-5)","background-image":"","background-repeat":"repeat","background-position":"center center","background-size":"auto","background-attachment":"scroll","background-type":"","background-media":"","overlay-type":"","overlay-color":"","overlay-opacity":"","overlay-gradient":""},"mobile":{"background-color":"var(--ast-global-color-5)","background-image":"","background-repeat":"repeat","background-position":"center center","background-size":"auto","background-attachment":"scroll","background-type":"","background-media":"","overlay-type":"","overlay-color":"","overlay-opacity":"","overlay-gradient":""}},"footnotes":""},"class_list":["post-3393","page","type-page","status-publish","hentry"],"jetpack_sharing_enabled":true,"rttpg_featured_image_url":null,"rttpg_author":{"display_name":"Hascor Burkina","author_link":"https:\/\/blog.hascorburkina.com\/index.php\/author\/hascorblog\/"},"rttpg_comment":0,"rttpg_category":null,"rttpg_excerpt":"2e Sommet \u00ab Russie-Afrique \u00bb : L\u2019intervention du Pr\u00e9sident de la Transition, chef de l\u2019Etat, le Capitaine Ibrahim TRAOR\u00c9 Camarades Pr\u00e9sidents et chefs d\u2019Etat africains ;Camarades Chefs de d\u00e9l\u00e9gation ;Bonjour, C\u2019est un honneur pour moi de prendre la parole ici et de vous passer le salut fraternel du peuple du Pays des Hommes int\u00e8gres. C\u2019est\u2026","_links":{"self":[{"href":"https:\/\/blog.hascorburkina.com\/index.php\/wp-json\/wp\/v2\/pages\/3393","targetHints":{"allow":["GET"]}}],"collection":[{"href":"https:\/\/blog.hascorburkina.com\/index.php\/wp-json\/wp\/v2\/pages"}],"about":[{"href":"https:\/\/blog.hascorburkina.com\/index.php\/wp-json\/wp\/v2\/types\/page"}],"author":[{"embeddable":true,"href":"https:\/\/blog.hascorburkina.com\/index.php\/wp-json\/wp\/v2\/users\/2"}],"replies":[{"embeddable":true,"href":"https:\/\/blog.hascorburkina.com\/index.php\/wp-json\/wp\/v2\/comments?post=3393"}],"version-history":[{"count":3,"href":"https:\/\/blog.hascorburkina.com\/index.php\/wp-json\/wp\/v2\/pages\/3393\/revisions"}],"predecessor-version":[{"id":3397,"href":"https:\/\/blog.hascorburkina.com\/index.php\/wp-json\/wp\/v2\/pages\/3393\/revisions\/3397"}],"wp:attachment":[{"href":"https:\/\/blog.hascorburkina.com\/index.php\/wp-json\/wp\/v2\/media?parent=3393"}],"curies":[{"name":"wp","href":"https:\/\/api.w.org\/{rel}","templated":true}]}}