{"id":3345,"date":"2023-07-27T15:35:02","date_gmt":"2023-07-27T15:35:02","guid":{"rendered":"https:\/\/blog.hascorburkina.com\/?page_id=3345"},"modified":"2023-07-27T15:37:11","modified_gmt":"2023-07-27T15:37:11","slug":"actualite-26","status":"publish","type":"page","link":"https:\/\/blog.hascorburkina.com\/index.php\/actualite-26\/","title":{"rendered":"actualit\u00e9"},"content":{"rendered":"\t\t<div data-elementor-type=\"wp-page\" data-elementor-id=\"3345\" class=\"elementor elementor-3345\">\n\t\t\t\t\t\t<section class=\"elementor-section elementor-top-section elementor-element elementor-element-21a2144 elementor-section-boxed elementor-section-height-default elementor-section-height-default\" data-id=\"21a2144\" data-element_type=\"section\" data-e-type=\"section\">\n\t\t\t\t\t\t<div class=\"elementor-container elementor-column-gap-default\">\n\t\t\t\t\t<div class=\"elementor-column elementor-col-100 elementor-top-column elementor-element elementor-element-ee5dc60\" data-id=\"ee5dc60\" data-element_type=\"column\" data-e-type=\"column\">\n\t\t\t<div class=\"elementor-widget-wrap elementor-element-populated\">\n\t\t\t\t\t\t<div class=\"elementor-element elementor-element-2a178bc elementor-widget elementor-widget-heading\" data-id=\"2a178bc\" data-element_type=\"widget\" data-e-type=\"widget\" data-widget_type=\"heading.default\">\n\t\t\t\t<div class=\"elementor-widget-container\">\n\t\t\t\t\t<h2 class=\"elementor-heading-title elementor-size-default\"><span style=\"text-transform: capitalize\">L\u2019organisation du Hadj 2023 n\u2019a pas \u00e9t\u00e9 \u00e0 la hauteur des attentes du Syndicat national des g\u00e9rants des agences de voyage et de tourisme. Et il l\u2019a fait savoir ce jeudi 27 juillet 2023 au cours d\u2019une conf\u00e9rence de presse organis\u00e9e pour faire le bilan du d\u00e9roulement du Hadj, \u00e9dition 2023.<\/h2>\t\t\t\t<\/div>\n\t\t\t\t<\/div>\n\t\t\t\t\t<\/div>\n\t\t<\/div>\n\t\t\t\t\t<\/div>\n\t\t<\/section>\n\t\t\t\t<section class=\"elementor-section elementor-top-section elementor-element elementor-element-7e68eb1 elementor-section-content-middle elementor-section-boxed elementor-section-height-default elementor-section-height-default\" data-id=\"7e68eb1\" data-element_type=\"section\" data-e-type=\"section\" data-settings=\"{&quot;background_background&quot;:&quot;classic&quot;}\">\n\t\t\t\t\t\t\t<div class=\"elementor-background-overlay\"><\/div>\n\t\t\t\t\t\t\t<div class=\"elementor-container elementor-column-gap-no\">\n\t\t\t\t\t<div class=\"elementor-column elementor-col-50 elementor-top-column elementor-element elementor-element-a25bfb1\" data-id=\"a25bfb1\" data-element_type=\"column\" data-e-type=\"column\">\n\t\t\t<div class=\"elementor-widget-wrap elementor-element-populated\">\n\t\t\t\t\t\t<div class=\"elementor-element elementor-element-db02a00 elementor-widget elementor-widget-image\" data-id=\"db02a00\" data-element_type=\"widget\" data-e-type=\"widget\" data-widget_type=\"image.default\">\n\t\t\t\t<div class=\"elementor-widget-container\">\n\t\t\t\t\t\t\t\t\t\t\t\t\t\t\t<img fetchpriority=\"high\" decoding=\"async\" width=\"640\" height=\"369\" src=\"https:\/\/blog.hascorburkina.com\/wp-content\/uploads\/2023\/07\/arton123150.jpg\" class=\"attachment-full size-full wp-image-3344\" alt=\"\" srcset=\"https:\/\/blog.hascorburkina.com\/wp-content\/uploads\/2023\/07\/arton123150.jpg 640w, https:\/\/blog.hascorburkina.com\/wp-content\/uploads\/2023\/07\/arton123150-600x346.jpg 600w, https:\/\/blog.hascorburkina.com\/wp-content\/uploads\/2023\/07\/arton123150-300x173.jpg 300w\" sizes=\"(max-width: 640px) 100vw, 640px\" \/>\t\t\t\t\t\t\t\t\t\t\t\t\t\t\t<\/div>\n\t\t\t\t<\/div>\n\t\t\t\t\t<\/div>\n\t\t<\/div>\n\t\t\t\t<div class=\"elementor-column elementor-col-50 elementor-top-column elementor-element elementor-element-ea91fd2\" data-id=\"ea91fd2\" data-element_type=\"column\" data-e-type=\"column\">\n\t\t\t<div class=\"elementor-widget-wrap elementor-element-populated\">\n\t\t\t\t\t\t<div class=\"elementor-element elementor-element-1c96c85 elementor-widget elementor-widget-text-editor\" data-id=\"1c96c85\" data-element_type=\"widget\" data-e-type=\"widget\" data-widget_type=\"text-editor.default\">\n\t\t\t\t<div class=\"elementor-widget-container\">\n\t\t\t\t\t\t\t\t\t<p>C\u2019est un ensemble de manquements qui ont indign\u00e9 le Syndicat national des g\u00e9rants des agences de voyage et de tourisme dans le d\u00e9roulement du Hadj 2023. \u00c0 Mina et \u00e0 la station de Arafat, le syndicat dit avoir not\u00e9 divers probl\u00e8mes. L\u2019un de ces probl\u00e8mes, c\u2019est le logement. Il y avait selon le syndicat, un manque crucial de tentes, de matelas et, selon un sondage qu\u2019auraient r\u00e9alis\u00e9 certains membres du syndicat sur place, plus de 20% des p\u00e8lerins \u00e9taient dehors, sans abris.<\/p><p>Cette situation, comme l\u2019explique Ousmane Dianda, secr\u00e9taire g\u00e9n\u00e9ral du syndicat, est due aux visas de tourisme avec lesquels certains p\u00e8lerins ont fait le voyage au lieu du visa Hadj comme exig\u00e9 par les autorit\u00e9s saoudiennes. Ce visa de tourisme, selon ses explications, ne permet pas aux p\u00e8lerins d\u2019effectuer tous les rites du Hadj. Il leur donne uniquement le droit de rester \u00e0 la Mecque. Ainsi sur les 8 143 p\u00e8lerins, environ 700 \u00e9taient en situation irr\u00e9guli\u00e8re, puisque disposant du visa de tourisme et certains, du visa de courtoisie.<\/p>\t\t\t\t\t\t\t\t<\/div>\n\t\t\t\t<\/div>\n\t\t\t\t\t<\/div>\n\t\t<\/div>\n\t\t\t\t\t<\/div>\n\t\t<\/section>\n\t\t\t\t<section class=\"elementor-section elementor-top-section elementor-element elementor-element-44e2960 elementor-section-boxed elementor-section-height-default elementor-section-height-default\" data-id=\"44e2960\" data-element_type=\"section\" data-e-type=\"section\">\n\t\t\t\t\t\t<div class=\"elementor-container elementor-column-gap-default\">\n\t\t\t\t\t<div class=\"elementor-column elementor-col-100 elementor-top-column elementor-element elementor-element-ecdee46\" data-id=\"ecdee46\" data-element_type=\"column\" data-e-type=\"column\">\n\t\t\t<div class=\"elementor-widget-wrap elementor-element-populated\">\n\t\t\t\t\t\t<div class=\"elementor-element elementor-element-070bad5 elementor-widget elementor-widget-text-editor\" data-id=\"070bad5\" data-element_type=\"widget\" data-e-type=\"widget\" data-widget_type=\"text-editor.default\">\n\t\t\t\t<div class=\"elementor-widget-container\">\n\t\t\t\t\t\t\t\t\t<p>Comme le probl\u00e8me de logement, les autres probl\u00e8mes v\u00e9cus sur place d\u00e9couleraient de la pr\u00e9sence de ces p\u00e8lerins en situation irr\u00e9guli\u00e8re.<\/p><p>Ainsi, le syndicat a relev\u00e9 le probl\u00e8me de restauration. Sur ce point, le syndicat indique que ni la qualit\u00e9 ni la quantit\u00e9 n\u2019\u00e9taient au rendez-vous des repas servis aux p\u00e8lerins. Et ce, parce que non seulement il y avait un surplus de p\u00e8lerins, mais en plus, sur les deux restaurateurs choisis, un seul a pu remplir convenablement sa part du contrat.<\/p><p>En ce qui concerne l\u2019hygi\u00e8ne, le syndicat assure que les p\u00e8lerins ont v\u00e9cu un v\u00e9ritable calvaire \u00e0 Mina, parce que les toilettes \u00e9taient sales, inond\u00e9es d\u2019urine et d\u2019excr\u00e9ments. Et sur ce point pr\u00e9cis, le syndicat tient deux coupables\u00a0: il s\u2019agit du comit\u00e9 de suivi du Hadj et du secr\u00e9tariat permanent du p\u00e8lerinage qui rel\u00e8ve du minist\u00e8re de l\u2019Administration territoriale, de la d\u00e9centralisation et de la s\u00e9curit\u00e9. Le syndicat a aussi not\u00e9 le manque d\u2019eau potable, mais \u00e9galement le probl\u00e8me du transport par le bus en terre sainte.<\/p><p>Pour ce qui est de la sant\u00e9, le syndicat d\u00e9nonce le manque et l\u2019insuffisance des produits pharmaceutiques. Il souligne que certains m\u00e9decins sont all\u00e9s \u00e0 la Mecque pour faire le Hadj et du tourisme et non s\u2019occuper des p\u00e8lerins comme convenu.<\/p><p>\u00c0 l\u2019ensemble de ces manquements, le syndicat a identifi\u00e9 des coupables. \u00ab\u00a0De tout ce qui pr\u00e9c\u00e8de, le syndicat condamne fermement ces agissements et fait endosser la responsabilit\u00e9 de ces manquements aux signataires des diff\u00e9rentes conventions en Arabie Saoudite, le secr\u00e9tariat permanent de suivi du p\u00e8lerinage religieux et toute l\u2019\u00e9quipe du comit\u00e9 national de suivi du p\u00e8lerinage \u00e0 la Mecque. En r\u00e9sum\u00e9, ce fut un \u00e9chec total et il va falloir situer les responsabilit\u00e9s de fa\u00e7on individuelle et prendre \u00e0 l\u2019avenir, des mesures correctives pour soulager la souffrance des p\u00e8lerins durant cette p\u00e9riode\u00a0\u00bb, a laiss\u00e9 entendre M.\u00a0Dianda<\/p><dl class=\"spip_document_154304 spip_documents spip_documents_center\"><dt><img decoding=\"async\" src=\"https:\/\/lefaso.net\/local\/cache-vignettes\/L600xH450\/whatsapp_image_2023-07-27_at_12.46.29-4ad6b.jpg?1690469036\" alt=\"\" width=\"600\" height=\"450\" \/><\/dt><dd class=\"spip_doc_descriptif\"><i>Les responsables d\u2019agences de voyage pr\u00e9sentes \u00e0 la conf\u00e9rence de presse<\/i><\/dd><\/dl><p><strong>Une cinquantaine de p\u00e8lerins bloqu\u00e9s en Arabie Saoudite<\/strong><\/p><p>Selon le syndicat, une cinquantaine de ces p\u00e8lerins ne disposant que du visa de tourisme sont bloqu\u00e9s en Arabie Saoudite. Leurs visas ont expir\u00e9 et ils se retrouvent en situation irr\u00e9guli\u00e8re. Des d\u00e9marches seraient entreprises par l\u2019ambassade du Burkina Faso sur place pour leur retour.<\/p><p><strong>Des recommandations<\/strong><\/p><p>Au regard de tous les manquements relev\u00e9s, le syndicat national des g\u00e9rants des agences de voyage et de tourisme a formul\u00e9 de nombreuses recommandations. Ainsi il sugg\u00e8re d\u2019apporter des r\u00e9formes profondes dans l\u2019organisation du Hadj \u00e0 travers la relecture des textes en vigueur. Il demande \u00e9galement la suppression du Secr\u00e9tariat permanent du p\u00e8lerinage religieux de l\u2019organisation du Hadj pour le compte du Burkina Faso, de renommer et red\u00e9finir les attributions ou missions du Comit\u00e9 national de suivi du p\u00e8lerinage \u00e0 la Mecque et de remettre de fa\u00e7on d\u00e9finitive, l\u2019organisation pratique du Hadj \u00e0 la F\u00e9d\u00e9ration des associations islamiques du Burkina Faso (FAIB), car c\u2019est une question islamique.<\/p><p>Le syndicat recommande \u00e9galement aux autorit\u00e9s burkinab\u00e8 de prendre attache avec l\u2019ambassade d\u2019Arabie Saoudite pour clarifier l\u2019octroi de visas de tourisme et de courtoisie et aussi de pr\u00e9voir des cadres d\u2019\u00e9changes ou des rencontres p\u00e9riodiques avec le minist\u00e8re du Hadj en Arabie Saoudite. Il recommande aussi de sanctionner ou de suspendre les activit\u00e9s des agences de voyage et de tourisme fautives dans tout le processus du Hadj, etc.<\/p><p>Mais surtout, le syndicat estime qu\u2019il faut \u00ab\u00a0un audit de l\u2019ASCE-LC ou du procureur du Faso sur la gestion de ce Hadj 2023\u00a0\u00bb. Et ce, en vue de situer les responsabilit\u00e9s et si possible, sanctionner les individus de mauvaise foi qui interviennent dans tout le processus.<\/p><p><strong>Justine Bonkoungou<\/strong><\/p>\t\t\t\t\t\t\t\t<\/div>\n\t\t\t\t<\/div>\n\t\t\t\t\t<\/div>\n\t\t<\/div>\n\t\t\t\t\t<\/div>\n\t\t<\/section>\n\t\t\t\t<\/div>\n\t\t","protected":false},"excerpt":{"rendered":"<p>L\u2019organisation du Hadj 2023 n\u2019a pas \u00e9t\u00e9 \u00e0 la hauteur des attentes du Syndicat national des g\u00e9rants des agences de voyage et de tourisme. Et il l\u2019a fait savoir ce jeudi 27 juillet 2023 au cours d\u2019une conf\u00e9rence de presse organis\u00e9e pour faire le bilan du d\u00e9roulement du Hadj, \u00e9dition 2023. C\u2019est un ensemble de [&hellip;]<\/p>\n","protected":false},"author":2,"featured_media":0,"parent":0,"menu_order":0,"comment_status":"closed","ping_status":"closed","template":"","meta":{"site-sidebar-layout":"no-sidebar","site-content-layout":"page-builder","ast-site-content-layout":"default","site-content-style":"default","site-sidebar-style":"default","ast-global-header-display":"","ast-banner-title-visibility":"","ast-main-header-display":"","ast-hfb-above-header-display":"","ast-hfb-below-header-display":"","ast-hfb-mobile-header-display":"","site-post-title":"disabled","ast-breadcrumbs-content":"","ast-featured-img":"disabled","footer-sml-layout":"","theme-transparent-header-meta":"","adv-header-id-meta":"","stick-header-meta":"","header-above-stick-meta":"","header-main-stick-meta":"","header-below-stick-meta":"","astra-migrate-meta-layouts":"default","ast-page-background-enabled":"default","ast-page-background-meta":{"desktop":{"background-color":"","background-image":"","background-repeat":"repeat","background-position":"center center","background-size":"auto","background-attachment":"scroll","background-type":"","background-media":"","overlay-type":"","overlay-color":"","overlay-opacity":"","overlay-gradient":""},"tablet":{"background-color":"","background-image":"","background-repeat":"repeat","background-position":"center center","background-size":"auto","background-attachment":"scroll","background-type":"","background-media":"","overlay-type":"","overlay-color":"","overlay-opacity":"","overlay-gradient":""},"mobile":{"background-color":"","background-image":"","background-repeat":"repeat","background-position":"center center","background-size":"auto","background-attachment":"scroll","background-type":"","background-media":"","overlay-type":"","overlay-color":"","overlay-opacity":"","overlay-gradient":""}},"ast-content-background-meta":{"desktop":{"background-color":"var(--ast-global-color-5)","background-image":"","background-repeat":"repeat","background-position":"center center","background-size":"auto","background-attachment":"scroll","background-type":"","background-media":"","overlay-type":"","overlay-color":"","overlay-opacity":"","overlay-gradient":""},"tablet":{"background-color":"var(--ast-global-color-5)","background-image":"","background-repeat":"repeat","background-position":"center center","background-size":"auto","background-attachment":"scroll","background-type":"","background-media":"","overlay-type":"","overlay-color":"","overlay-opacity":"","overlay-gradient":""},"mobile":{"background-color":"var(--ast-global-color-5)","background-image":"","background-repeat":"repeat","background-position":"center center","background-size":"auto","background-attachment":"scroll","background-type":"","background-media":"","overlay-type":"","overlay-color":"","overlay-opacity":"","overlay-gradient":""}},"footnotes":""},"class_list":["post-3345","page","type-page","status-publish","hentry"],"jetpack_sharing_enabled":true,"rttpg_featured_image_url":null,"rttpg_author":{"display_name":"Hascor Burkina","author_link":"https:\/\/blog.hascorburkina.com\/index.php\/author\/hascorblog\/"},"rttpg_comment":0,"rttpg_category":null,"rttpg_excerpt":"L\u2019organisation du Hadj 2023 n\u2019a pas \u00e9t\u00e9 \u00e0 la hauteur des attentes du Syndicat national des g\u00e9rants des agences de voyage et de tourisme. Et il l\u2019a fait savoir ce jeudi 27 juillet 2023 au cours d\u2019une conf\u00e9rence de presse organis\u00e9e pour faire le bilan du d\u00e9roulement du Hadj, \u00e9dition 2023. C\u2019est un ensemble de\u2026","_links":{"self":[{"href":"https:\/\/blog.hascorburkina.com\/index.php\/wp-json\/wp\/v2\/pages\/3345","targetHints":{"allow":["GET"]}}],"collection":[{"href":"https:\/\/blog.hascorburkina.com\/index.php\/wp-json\/wp\/v2\/pages"}],"about":[{"href":"https:\/\/blog.hascorburkina.com\/index.php\/wp-json\/wp\/v2\/types\/page"}],"author":[{"embeddable":true,"href":"https:\/\/blog.hascorburkina.com\/index.php\/wp-json\/wp\/v2\/users\/2"}],"replies":[{"embeddable":true,"href":"https:\/\/blog.hascorburkina.com\/index.php\/wp-json\/wp\/v2\/comments?post=3345"}],"version-history":[{"count":4,"href":"https:\/\/blog.hascorburkina.com\/index.php\/wp-json\/wp\/v2\/pages\/3345\/revisions"}],"predecessor-version":[{"id":3351,"href":"https:\/\/blog.hascorburkina.com\/index.php\/wp-json\/wp\/v2\/pages\/3345\/revisions\/3351"}],"wp:attachment":[{"href":"https:\/\/blog.hascorburkina.com\/index.php\/wp-json\/wp\/v2\/media?parent=3345"}],"curies":[{"name":"wp","href":"https:\/\/api.w.org\/{rel}","templated":true}]}}