{"id":3297,"date":"2023-06-17T11:53:36","date_gmt":"2023-06-17T11:53:36","guid":{"rendered":"https:\/\/blog.hascorburkina.com\/?page_id=3297"},"modified":"2023-06-17T11:57:53","modified_gmt":"2023-06-17T11:57:53","slug":"a-4","status":"publish","type":"page","link":"https:\/\/blog.hascorburkina.com\/index.php\/a-4\/","title":{"rendered":"a"},"content":{"rendered":"\t\t<div data-elementor-type=\"wp-page\" data-elementor-id=\"3297\" class=\"elementor elementor-3297\">\n\t\t\t\t\t\t<section class=\"elementor-section elementor-top-section elementor-element elementor-element-03a2b92 elementor-section-boxed elementor-section-height-default elementor-section-height-default\" data-id=\"03a2b92\" data-element_type=\"section\" data-e-type=\"section\">\n\t\t\t\t\t\t<div class=\"elementor-container elementor-column-gap-default\">\n\t\t\t\t\t<div class=\"elementor-column elementor-col-100 elementor-top-column elementor-element elementor-element-0b69cc4\" data-id=\"0b69cc4\" data-element_type=\"column\" data-e-type=\"column\">\n\t\t\t<div class=\"elementor-widget-wrap elementor-element-populated\">\n\t\t\t\t\t\t<div class=\"elementor-element elementor-element-5794e2b elementor-widget elementor-widget-heading\" data-id=\"5794e2b\" data-element_type=\"widget\" data-e-type=\"widget\" data-widget_type=\"heading.default\">\n\t\t\t\t<div class=\"elementor-widget-container\">\n\t\t\t\t\t<h2 class=\"elementor-heading-title elementor-size-default\"><span style=\"text-transform: capitalize\">Proc\u00e8s Vincent Dabilgou <\/span>: \u00ab J\u2019ai remis 25 millions \u00e0 M. S\u00e9r\u00e9 mais je n\u2019ai rien re\u00e7u en contrepartie, m\u00eame pas 5f \u00bb, Alhoussa\u00efni Ou\u00e9draogo<\/h2>\t\t\t\t<\/div>\n\t\t\t\t<\/div>\n\t\t\t\t\t<\/div>\n\t\t<\/div>\n\t\t\t\t\t<\/div>\n\t\t<\/section>\n\t\t\t\t<section class=\"elementor-section elementor-top-section elementor-element elementor-element-a6accc7 elementor-section-content-middle elementor-section-boxed elementor-section-height-default elementor-section-height-default\" data-id=\"a6accc7\" data-element_type=\"section\" data-e-type=\"section\" data-settings=\"{&quot;background_background&quot;:&quot;classic&quot;}\">\n\t\t\t\t\t\t\t<div class=\"elementor-background-overlay\"><\/div>\n\t\t\t\t\t\t\t<div class=\"elementor-container elementor-column-gap-no\">\n\t\t\t\t\t<div class=\"elementor-column elementor-col-50 elementor-top-column elementor-element elementor-element-9842d9e\" data-id=\"9842d9e\" data-element_type=\"column\" data-e-type=\"column\">\n\t\t\t<div class=\"elementor-widget-wrap elementor-element-populated\">\n\t\t\t\t\t\t<div class=\"elementor-element elementor-element-fef3a18 elementor-widget elementor-widget-image\" data-id=\"fef3a18\" data-element_type=\"widget\" data-e-type=\"widget\" data-widget_type=\"image.default\">\n\t\t\t\t<div class=\"elementor-widget-container\">\n\t\t\t\t\t\t\t\t\t\t\t\t\t\t\t<img fetchpriority=\"high\" decoding=\"async\" width=\"640\" height=\"395\" src=\"https:\/\/blog.hascorburkina.com\/wp-content\/uploads\/2023\/06\/arton122249.jpg\" class=\"attachment-full size-full wp-image-3296\" alt=\"\" srcset=\"https:\/\/blog.hascorburkina.com\/wp-content\/uploads\/2023\/06\/arton122249.jpg 640w, https:\/\/blog.hascorburkina.com\/wp-content\/uploads\/2023\/06\/arton122249-600x370.jpg 600w, https:\/\/blog.hascorburkina.com\/wp-content\/uploads\/2023\/06\/arton122249-300x185.jpg 300w\" sizes=\"(max-width: 640px) 100vw, 640px\" \/>\t\t\t\t\t\t\t\t\t\t\t\t\t\t\t<\/div>\n\t\t\t\t<\/div>\n\t\t\t\t\t<\/div>\n\t\t<\/div>\n\t\t\t\t<div class=\"elementor-column elementor-col-50 elementor-top-column elementor-element elementor-element-e783bf0\" data-id=\"e783bf0\" data-element_type=\"column\" data-e-type=\"column\">\n\t\t\t<div class=\"elementor-widget-wrap elementor-element-populated\">\n\t\t\t\t\t\t<div class=\"elementor-element elementor-element-39acba4 elementor-widget elementor-widget-text-editor\" data-id=\"39acba4\" data-element_type=\"widget\" data-e-type=\"widget\" data-widget_type=\"text-editor.default\">\n\t\t\t\t<div class=\"elementor-widget-container\">\n\t\t\t\t\t\t\t\t\t<p><strong>Le jeudi 15 juin 2023, le proc\u00e8s Vincent Dabilgou reprenait son cours avec \u00e0 l\u2019ordre du jour, l\u2019interrogatoire des pr\u00e9venus. Apr\u00e8s les accus\u00e9s Jean Gabriel S\u00e9r\u00e9 et Malick Koanda, c\u2019est au tour de Alhoussa\u00efni Ou\u00e9draogo de passer \u00e0 la barre et donner sa version des faits. Reconna\u00eet-il les faits de complicit\u00e9 de d\u00e9tournement de deniers publics et recel de num\u00e9raire qui lui sont reproch\u00e9s\u00a0?<\/strong><\/p><div class=\"article_content\"><p>A cette question du tribunal, le pr\u00e9venu r\u00e9pondra\u00a0: \u00ab\u00a0je les reconnais en partie. Je me souviens de deux march\u00e9s qui ont \u00e9t\u00e9 conclus avec Ildo Oil. L\u2019un de 77 millions conclu en mi-juin et l\u2019autre de 49 millions conclu en d\u00e9cembre. L\u2019ex\u00e9cution a commenc\u00e9 en 2020 et cela se faisait simultan\u00e9ment.<\/p><\/div>\t\t\t\t\t\t\t\t<\/div>\n\t\t\t\t<\/div>\n\t\t\t\t\t<\/div>\n\t\t<\/div>\n\t\t\t\t\t<\/div>\n\t\t<\/section>\n\t\t\t\t<section class=\"elementor-section elementor-top-section elementor-element elementor-element-7bd37c6 elementor-section-boxed elementor-section-height-default elementor-section-height-default\" data-id=\"7bd37c6\" data-element_type=\"section\" data-e-type=\"section\">\n\t\t\t\t\t\t<div class=\"elementor-container elementor-column-gap-default\">\n\t\t\t\t\t<div class=\"elementor-column elementor-col-100 elementor-top-column elementor-element elementor-element-9b72657\" data-id=\"9b72657\" data-element_type=\"column\" data-e-type=\"column\">\n\t\t\t<div class=\"elementor-widget-wrap elementor-element-populated\">\n\t\t\t\t\t\t<div class=\"elementor-element elementor-element-011b00b elementor-widget elementor-widget-text-editor\" data-id=\"011b00b\" data-element_type=\"widget\" data-e-type=\"widget\" data-widget_type=\"text-editor.default\">\n\t\t\t\t<div class=\"elementor-widget-container\">\n\t\t\t\t\t\t\t\t\t<p>C\u2019est en 2021 que le minist\u00e8re a manifest\u00e9 le besoin d\u2019un retour en esp\u00e8ces au lieu de carburant. Le montant en esp\u00e8ces \u00e0 reverser s\u2019\u00e9levait \u00e0 25 millions et j\u2019ai pay\u00e9 aupr\u00e8s de Jean Gabriel S\u00e9r\u00e9. C\u2019\u00e9tait \u00e0 son bureau. Je n\u2019ai re\u00e7u aucune contrepartie, m\u00eame pas 5f et c\u2019est le grand dommage que je subis actuellement. A l\u2019heure actuelle, je ne peux pas vous dire lequel des deux contrats a \u00e9t\u00e9 enti\u00e8rement ex\u00e9cut\u00e9s parce que les correspondances nous venaient sans nous dire de quel march\u00e9 on doit d\u00e9duire le montant du carburant command\u00e9. C\u2019est plus tard que nous avons dit au minist\u00e8re de pr\u00e9ciser dans leurs commandes de quel contrat on doit d\u00e9duire les commandes. Je pr\u00e9cise aussi que pour les 25 millions, je ne savais pas que cet argent devrait servir au financement d\u2019un parti politique. Si je l\u2019avais su, je n\u2019aurais pas revers\u00e9 l\u2019argent\u00a0\u00bb a laiss\u00e9 entendre le pr\u00e9venu.<\/p><p>Au vu de ces propos qui soulignent un \u00e9change avec le pr\u00e9venu Jean Gabriel S\u00e9r\u00e9 entendu le 15 juin 2023, mais qui, lui, dans ses d\u00e9clarations, affirmait le contraire, le procureur a souhait\u00e9 que ce dernier puisse confirmer ou infirmer les dires du comparant afin d\u2019\u00e9quilibrer les d\u00e9bats. Reprenant les m\u00eames propos qu\u2019il a tenud hier, Jean Gabriel S\u00e9r\u00e9 rejette en bloc les dires du comparant \u00e0 la barre, arguant qu\u2019il n\u2019a jamais \u00e9t\u00e9 en contact avec lui. \u00ab\u00a0Je n\u2019ai jamais discut\u00e9 avec Alhoussa\u00efni Ilboudo. Je n\u2019ai jamais \u00e9chang\u00e9 avec lui. Lorsque je le croisais, je lui disais que son patron Salfo Ilboudo m\u2019a dit de r\u00e9cup\u00e9rer de l\u2019argent avec lui. Aussi, il dit que les deux march\u00e9s ont \u00e9t\u00e9 ex\u00e9cut\u00e9s simultan\u00e9ment, c\u2019est archi-faux. On ne peut pas ex\u00e9cuter deux march\u00e9s simultan\u00e9ment alors que l\u2019un a \u00e9t\u00e9 conclu en juin et l\u2019autre en d\u00e9cembre. C\u2019est impossible. De plus, la remise des 25 millions s\u2019est faite la premi\u00e8re fois dans son bureau. La deuxi\u00e8me fois c\u2019\u00e9tait vers IAM.\u00a0Il n\u2019a jamais mis pied dans mon bureau. Ces d\u00e9clarations me surprennent beaucoup parce que lorsque nous avons \u00e9t\u00e9 entendus par l\u2019ASCE-LC, il n\u2019a pas dit ce qu\u2019il est en train de dire. Cela prouve \u00e0 suffisance que l\u2019individu est de mauvaise foi\u00a0\u00bb s\u2019est exprim\u00e9 Jean Gabriel S\u00e9r\u00e9.<\/p><p>Le procureur dans ses observations fera remarquer qu\u2019on ne peut se fier aux propos de l\u2019un ou de l\u2019autre car \u00e9tant tous deux accus\u00e9s et devant r\u00e9pondre des m\u00eames faits. Toutefois, sp\u00e9cialement pour le pr\u00e9venu Alhoussa\u00efni Ou\u00e9draogo, puisque c\u2019est de lui qu\u2019il s\u2019agit, il pr\u00e9cise avoir d\u00e9couvert des preuves de malversations autres que celles pour lesquelles il est poursuivi dans cette affaire.<\/p><p>\u00ab\u00a0Lorsque vos locaux ont \u00e9t\u00e9 perquisitionn\u00e9s, on s\u2019est rendu compte que plusieurs bordereaux de livraisons ont \u00e9t\u00e9 faits alors qu\u2019il n\u2019y a pas eu de livraison. Plusieurs institutions sont concern\u00e9es par cette mani\u00e8re de proc\u00e9der. C\u2019est quoi cette soci\u00e9t\u00e9 o\u00f9 on commande du carburant et o\u00f9 on reverse de l\u2019argent\u00a0? Aussi, si vous remarquez bien, les 25 millions devant \u00eatre justifi\u00e9s ont \u00e9t\u00e9 enregistr\u00e9s dans la rubrique autres d\u00e9penses. Je pr\u00e9cise que lorsqu\u2019on veut v\u00e9rifier le plus souvent les fraudes, c\u2019est l\u00e0 qu\u2019on doit mettre le doigt et en bon comptable, c\u2019est dans la rubrique autres d\u00e9penses qu\u2019il a justifi\u00e9 cette sortie d\u2019argent\u00a0\u00bb a rappel\u00e9 le procureur au tribunal.<\/p><p>Pour le repr\u00e9sentant de l\u2019Etat, le discours du pr\u00e9venu est d\u00e9cousu, quant \u00e0 la question de l\u2019ex\u00e9cution simultan\u00e9e des contrats. \u00ab\u00a0Moi je crois que ce que vous dites n\u2019est pas logique. Vous ne pouvez pas avoir des contrats et livrer du carburant \u00e0 tout moment, sans dire de quel contrat vous d\u00e9duisez le montant de la commande. J\u2019essaie de comprendre mais je n\u2019y arrive pas. En plus vous avez re\u00e7u l\u2019argent du minist\u00e8re par virement. Moi je ne comprends pas pourquoi vous remettez cet argent l\u00e0 en esp\u00e8ces. Normalement quand on restitue de l\u2019argent, cela veut dire qu\u2019on a r\u00e9sili\u00e9 le contrat. Ici le contrat est toujours valable et vous renvoyez l\u2019argent. La question ici c\u2019est de savoir si l\u2019argent que vous avez remis appartenait \u00e0 Ildo Oil ou au minist\u00e8re. Je constate que l\u2019argent des caisses de Ildo Oil a \u00e9t\u00e9 enlev\u00e9, sans que le premier responsable ne soit inform\u00e9. Vous avez restitu\u00e9 de l\u2019argent et vous n\u2019avez pas livr\u00e9 le carburant. On a l\u2019impression que Ildo Oil a \u00e9t\u00e9 cr\u00e9\u00e9e pour servir de passoire. On paie de l\u2019argent et apr\u00e8s on r\u00e9cup\u00e8re ce m\u00eame argent. Je crois que tout est clair.\u00a0\u00bb a t\u2019il conclu.<\/p><div class=\"google-auto-placed ap_container\"><ins class=\"adsbygoogle adsbygoogle-noablate\" data-ad-format=\"auto\" data-ad-client=\"ca-pub-1436351572013946\" data-adsbygoogle-status=\"done\" data-ad-status=\"filled\"><div id=\"aswift_5_host\" tabindex=\"0\" title=\"Advertisement\" aria-label=\"Advertisement\"><span style=\"font-size: 16px;\">L\u2019audience se poursuit au Tribunal de Grande instance avec le pr\u00e9venu Yassia Sawadogo, Pr\u00e9sident du conseil d\u2019administration de Green Energie, soci\u00e9t\u00e9 impliqu\u00e9e dans la livraison de carburant.<\/span><\/div><\/ins><\/div>\t\t\t\t\t\t\t\t<\/div>\n\t\t\t\t<\/div>\n\t\t\t\t\t<\/div>\n\t\t<\/div>\n\t\t\t\t\t<\/div>\n\t\t<\/section>\n\t\t\t\t<\/div>\n\t\t","protected":false},"excerpt":{"rendered":"<p>Proc\u00e8s Vincent Dabilgou : \u00ab J\u2019ai remis 25 millions \u00e0 M. S\u00e9r\u00e9 mais je n\u2019ai rien re\u00e7u en contrepartie, m\u00eame pas 5f \u00bb, Alhoussa\u00efni Ou\u00e9draogo Le jeudi 15 juin 2023, le proc\u00e8s Vincent Dabilgou reprenait son cours avec \u00e0 l\u2019ordre du jour, l\u2019interrogatoire des pr\u00e9venus. Apr\u00e8s les accus\u00e9s Jean Gabriel S\u00e9r\u00e9 et Malick Koanda, c\u2019est [&hellip;]<\/p>\n","protected":false},"author":2,"featured_media":0,"parent":0,"menu_order":0,"comment_status":"closed","ping_status":"closed","template":"","meta":{"site-sidebar-layout":"no-sidebar","site-content-layout":"page-builder","ast-site-content-layout":"default","site-content-style":"default","site-sidebar-style":"default","ast-global-header-display":"","ast-banner-title-visibility":"","ast-main-header-display":"","ast-hfb-above-header-display":"","ast-hfb-below-header-display":"","ast-hfb-mobile-header-display":"","site-post-title":"disabled","ast-breadcrumbs-content":"","ast-featured-img":"disabled","footer-sml-layout":"","theme-transparent-header-meta":"","adv-header-id-meta":"","stick-header-meta":"","header-above-stick-meta":"","header-main-stick-meta":"","header-below-stick-meta":"","astra-migrate-meta-layouts":"default","ast-page-background-enabled":"default","ast-page-background-meta":{"desktop":{"background-color":"","background-image":"","background-repeat":"repeat","background-position":"center center","background-size":"auto","background-attachment":"scroll","background-type":"","background-media":"","overlay-type":"","overlay-color":"","overlay-opacity":"","overlay-gradient":""},"tablet":{"background-color":"","background-image":"","background-repeat":"repeat","background-position":"center center","background-size":"auto","background-attachment":"scroll","background-type":"","background-media":"","overlay-type":"","overlay-color":"","overlay-opacity":"","overlay-gradient":""},"mobile":{"background-color":"","background-image":"","background-repeat":"repeat","background-position":"center center","background-size":"auto","background-attachment":"scroll","background-type":"","background-media":"","overlay-type":"","overlay-color":"","overlay-opacity":"","overlay-gradient":""}},"ast-content-background-meta":{"desktop":{"background-color":"var(--ast-global-color-5)","background-image":"","background-repeat":"repeat","background-position":"center center","background-size":"auto","background-attachment":"scroll","background-type":"","background-media":"","overlay-type":"","overlay-color":"","overlay-opacity":"","overlay-gradient":""},"tablet":{"background-color":"var(--ast-global-color-5)","background-image":"","background-repeat":"repeat","background-position":"center center","background-size":"auto","background-attachment":"scroll","background-type":"","background-media":"","overlay-type":"","overlay-color":"","overlay-opacity":"","overlay-gradient":""},"mobile":{"background-color":"var(--ast-global-color-5)","background-image":"","background-repeat":"repeat","background-position":"center center","background-size":"auto","background-attachment":"scroll","background-type":"","background-media":"","overlay-type":"","overlay-color":"","overlay-opacity":"","overlay-gradient":""}},"footnotes":""},"class_list":["post-3297","page","type-page","status-publish","hentry"],"jetpack_sharing_enabled":true,"rttpg_featured_image_url":null,"rttpg_author":{"display_name":"Hascor Burkina","author_link":"https:\/\/blog.hascorburkina.com\/index.php\/author\/hascorblog\/"},"rttpg_comment":0,"rttpg_category":null,"rttpg_excerpt":"Proc\u00e8s Vincent Dabilgou : \u00ab J\u2019ai remis 25 millions \u00e0 M. S\u00e9r\u00e9 mais je n\u2019ai rien re\u00e7u en contrepartie, m\u00eame pas 5f \u00bb, Alhoussa\u00efni Ou\u00e9draogo Le jeudi 15 juin 2023, le proc\u00e8s Vincent Dabilgou reprenait son cours avec \u00e0 l\u2019ordre du jour, l\u2019interrogatoire des pr\u00e9venus. Apr\u00e8s les accus\u00e9s Jean Gabriel S\u00e9r\u00e9 et Malick Koanda, c\u2019est\u2026","_links":{"self":[{"href":"https:\/\/blog.hascorburkina.com\/index.php\/wp-json\/wp\/v2\/pages\/3297","targetHints":{"allow":["GET"]}}],"collection":[{"href":"https:\/\/blog.hascorburkina.com\/index.php\/wp-json\/wp\/v2\/pages"}],"about":[{"href":"https:\/\/blog.hascorburkina.com\/index.php\/wp-json\/wp\/v2\/types\/page"}],"author":[{"embeddable":true,"href":"https:\/\/blog.hascorburkina.com\/index.php\/wp-json\/wp\/v2\/users\/2"}],"replies":[{"embeddable":true,"href":"https:\/\/blog.hascorburkina.com\/index.php\/wp-json\/wp\/v2\/comments?post=3297"}],"version-history":[{"count":3,"href":"https:\/\/blog.hascorburkina.com\/index.php\/wp-json\/wp\/v2\/pages\/3297\/revisions"}],"predecessor-version":[{"id":3302,"href":"https:\/\/blog.hascorburkina.com\/index.php\/wp-json\/wp\/v2\/pages\/3297\/revisions\/3302"}],"wp:attachment":[{"href":"https:\/\/blog.hascorburkina.com\/index.php\/wp-json\/wp\/v2\/media?parent=3297"}],"curies":[{"name":"wp","href":"https:\/\/api.w.org\/{rel}","templated":true}]}}