{"id":3284,"date":"2023-06-01T12:00:51","date_gmt":"2023-06-01T12:00:51","guid":{"rendered":"https:\/\/blog.hascorburkina.com\/?page_id=3284"},"modified":"2023-06-01T12:03:47","modified_gmt":"2023-06-01T12:03:47","slug":"actualite-22","status":"publish","type":"page","link":"https:\/\/blog.hascorburkina.com\/index.php\/actualite-22\/","title":{"rendered":"actualit\u00e9"},"content":{"rendered":"\t\t<div data-elementor-type=\"wp-page\" data-elementor-id=\"3284\" class=\"elementor elementor-3284\">\n\t\t\t\t\t\t<section class=\"elementor-section elementor-top-section elementor-element elementor-element-fe593b2 elementor-section-boxed elementor-section-height-default elementor-section-height-default\" data-id=\"fe593b2\" data-element_type=\"section\" data-e-type=\"section\">\n\t\t\t\t\t\t<div class=\"elementor-container elementor-column-gap-default\">\n\t\t\t\t\t<div class=\"elementor-column elementor-col-100 elementor-top-column elementor-element elementor-element-08e1880\" data-id=\"08e1880\" data-element_type=\"column\" data-e-type=\"column\">\n\t\t\t<div class=\"elementor-widget-wrap elementor-element-populated\">\n\t\t\t\t\t\t<div class=\"elementor-element elementor-element-795ceb1 elementor-widget elementor-widget-heading\" data-id=\"795ceb1\" data-element_type=\"widget\" data-e-type=\"widget\" data-widget_type=\"heading.default\">\n\t\t\t\t<div class=\"elementor-widget-container\">\n\t\t\t\t\t<h2 class=\"elementor-heading-title elementor-size-default\"><span style=\"text-transform: capitalize\">Conseil<\/span> des ministres du 31 mai 2023 : Le Gouvernement valide l\u2019Initiative pr\u00e9sidentielle pour la production agricole 2023-2024<\/h2>\t\t\t\t<\/div>\n\t\t\t\t<\/div>\n\t\t\t\t\t<\/div>\n\t\t<\/div>\n\t\t\t\t\t<\/div>\n\t\t<\/section>\n\t\t\t\t<section class=\"elementor-section elementor-top-section elementor-element elementor-element-2c21b72 elementor-section-content-middle elementor-section-boxed elementor-section-height-default elementor-section-height-default\" data-id=\"2c21b72\" data-element_type=\"section\" data-e-type=\"section\" data-settings=\"{&quot;background_background&quot;:&quot;classic&quot;}\">\n\t\t\t\t\t\t\t<div class=\"elementor-background-overlay\"><\/div>\n\t\t\t\t\t\t\t<div class=\"elementor-container elementor-column-gap-no\">\n\t\t\t\t\t<div class=\"elementor-column elementor-col-50 elementor-top-column elementor-element elementor-element-1fd267e\" data-id=\"1fd267e\" data-element_type=\"column\" data-e-type=\"column\">\n\t\t\t<div class=\"elementor-widget-wrap elementor-element-populated\">\n\t\t\t\t\t\t<div class=\"elementor-element elementor-element-8c896f7 elementor-widget elementor-widget-image\" data-id=\"8c896f7\" data-element_type=\"widget\" data-e-type=\"widget\" data-widget_type=\"image.default\">\n\t\t\t\t<div class=\"elementor-widget-container\">\n\t\t\t\t\t\t\t\t\t\t\t\t\t\t\t<img fetchpriority=\"high\" decoding=\"async\" width=\"960\" height=\"712\" src=\"https:\/\/blog.hascorburkina.com\/wp-content\/uploads\/2023\/06\/arton121890.jpg\" class=\"attachment-full size-full wp-image-3283\" alt=\"\" srcset=\"https:\/\/blog.hascorburkina.com\/wp-content\/uploads\/2023\/06\/arton121890.jpg 960w, https:\/\/blog.hascorburkina.com\/wp-content\/uploads\/2023\/06\/arton121890-600x445.jpg 600w, https:\/\/blog.hascorburkina.com\/wp-content\/uploads\/2023\/06\/arton121890-300x223.jpg 300w, https:\/\/blog.hascorburkina.com\/wp-content\/uploads\/2023\/06\/arton121890-768x570.jpg 768w\" sizes=\"(max-width: 960px) 100vw, 960px\" \/>\t\t\t\t\t\t\t\t\t\t\t\t\t\t\t<\/div>\n\t\t\t\t<\/div>\n\t\t\t\t\t<\/div>\n\t\t<\/div>\n\t\t\t\t<div class=\"elementor-column elementor-col-50 elementor-top-column elementor-element elementor-element-e15d0ae\" data-id=\"e15d0ae\" data-element_type=\"column\" data-e-type=\"column\">\n\t\t\t<div class=\"elementor-widget-wrap elementor-element-populated\">\n\t\t\t\t\t\t<div class=\"elementor-element elementor-element-afe74d8 elementor-widget elementor-widget-text-editor\" data-id=\"afe74d8\" data-element_type=\"widget\" data-e-type=\"widget\" data-widget_type=\"text-editor.default\">\n\t\t\t\t<div class=\"elementor-widget-container\">\n\t\t\t\t\t\t\t\t\t<p><strong>(Ouagadougou, 31 mai 2023). Le Pr\u00e9sident de la Transition, Chef de l\u2019\u00c9tat, le Capitaine Ibrahim TRAORE, a pr\u00e9sid\u00e9 ce mercredi, l\u2019hebdomadaire conseil des ministres qui a examin\u00e9 et adopt\u00e9 plusieurs dossiers inscrits \u00e0 son ordre du jour, a indiqu\u00e9 le Porte-parole du gouvernement Jean-Emmanuel OUEDRAOGO \u00e0 l\u2019issue des travaux du Conseil.<br class=\"autobr\" \/><\/strong><\/p><div class=\"article_content\"><p>Le conseil des ministres a adopt\u00e9 l\u2019Initiative pr\u00e9sidentielle pour la production agricole 2023-2024. \u00ab\u00a0A la lumi\u00e8re de la situation s\u00e9curitaire et au regard des enjeux pour notre s\u00e9curit\u00e9 alimentaire li\u00e9e \u00e0 cette campagne agricole qui se profile, le Chef de l\u2019Etat a voulu \u00e0 travers cette initiative impliquer les forces combattantes dans la production agricole afin qu\u2019on ait les capacit\u00e9s d\u2019assurer la s\u00e9curit\u00e9 d\u2019un certain nombre de sites pour la production\u00a0\u00bb a d\u00e9clar\u00e9 le Porte-parole du gouvernement Jean-Emmanuel OUEDRAOGO.<\/p><\/div>\t\t\t\t\t\t\t\t<\/div>\n\t\t\t\t<\/div>\n\t\t\t\t\t<\/div>\n\t\t<\/div>\n\t\t\t\t\t<\/div>\n\t\t<\/section>\n\t\t\t\t<section class=\"elementor-section elementor-top-section elementor-element elementor-element-c612f5d elementor-section-boxed elementor-section-height-default elementor-section-height-default\" data-id=\"c612f5d\" data-element_type=\"section\" data-e-type=\"section\">\n\t\t\t\t\t\t<div class=\"elementor-container elementor-column-gap-default\">\n\t\t\t\t\t<div class=\"elementor-column elementor-col-100 elementor-top-column elementor-element elementor-element-3d8b180\" data-id=\"3d8b180\" data-element_type=\"column\" data-e-type=\"column\">\n\t\t\t<div class=\"elementor-widget-wrap elementor-element-populated\">\n\t\t\t\t\t\t<div class=\"elementor-element elementor-element-f99d10e elementor-widget elementor-widget-text-editor\" data-id=\"f99d10e\" data-element_type=\"widget\" data-e-type=\"widget\" data-widget_type=\"text-editor.default\">\n\t\t\t\t<div class=\"elementor-widget-container\">\n\t\t\t\t\t\t\t\t\t<p><span class=\"spip_document_151731 spip_documents spip_documents_center\"><img decoding=\"async\" src=\"https:\/\/lefaso.net\/local\/cache-vignettes\/L600xH672\/349123590_948021633091346_231983810997345386_n-a1b14.jpg?1685620372\" alt=\"\" width=\"600\" height=\"672\" \/><\/span><\/p><p>Cette initiative d\u2019un co\u00fbt de plus de 22 milliards de FCFA comprend trois composantes. La premi\u00e8re composante est l\u2019initiative d\u2019urgence pour l\u2019intensification de la riziculture qui va concerner 4 000 hectares. La deuxi\u00e8me composante est le Programme alimentaire militaire du Burkina qui va mobiliser 3 500 hectares et la composante 3, la production de d\u00e9fense de la patrie contre l\u2019ins\u00e9curit\u00e9 alimentaire qui va concerner aussi 3 500 hectares.<\/p><p>Cette initiative pr\u00e9sidentielle va mobiliser plus de 1000 militaires, plus de 2000 volontaires pour la d\u00e9fense de la patrie (VDP) et plus de 4 000 personnes d\u00e9plac\u00e9es internes (PDI). \u00ab\u00a0Et des m\u00e9canismes sont en train d\u2019\u00eatre \u00e9tudi\u00e9s pour mettre \u00e0 contribution les d\u00e9tenus\u00a0\u00bb, a soulign\u00e9 le porte-parole du gouvernement. Cette volont\u00e9 du Chef de l\u2019Etat qui sera port\u00e9e par le Bureau national des grands projets, une structure rattach\u00e9e \u00e0 la Pr\u00e9sidence du Faso, devra permettre une production d\u2019environ 190 000 tonnes de c\u00e9r\u00e9ales et de l\u00e9gumes sur plus de 11 000 hectares.<br class=\"autobr\" \/>Au titre du minist\u00e8re de l\u2019Economie, des Finances et de la Prospective, le Conseil des ministres a adopt\u00e9 un rapport relatif \u00e0 la situation de l\u2019ex\u00e9cution du budget et de la tr\u00e9sorerie de l\u2019Etat exercice 2023 au 31 mars 2023.<\/p><p><span class=\"spip_document_151736 spip_documents spip_documents_center\"><img decoding=\"async\" src=\"https:\/\/lefaso.net\/local\/cache-vignettes\/L600xH400\/350812537_218695750927809_4360675136674595333_n-ae329.jpg?1685620372\" alt=\"\" width=\"600\" height=\"400\" \/><\/span><\/p><p>Selon le ministre en charge des finances, Aboubakar NACANABO, il ressort qu\u2019au 31 mars 2023, un montant de 695 milliards de FCFA a \u00e9t\u00e9 mobilis\u00e9 par les r\u00e9gies de recettes. \u00ab\u00a0Ce montant repr\u00e9sente plus 25% des pr\u00e9visions. Ce qui constitue une bonne performance par rapport \u00e0 l\u2019ann\u00e9e pass\u00e9e et qui montre que nous sommes sur une bonne tendance\u00a0\u00bb a indiqu\u00e9 le ministre NACANABO.<\/p><p>En ce qui concerne les recettes extraordinaires \u00e0 savoir les dons, les projets et programmes, il ressort que 109 milliards de FCFA ont \u00e9t\u00e9 mobilis\u00e9s au titre du premier trimestre de l\u2019ann\u00e9e en cours.<\/p><p>Le Conseil a \u00e9galement examin\u00e9 et adopt\u00e9 au compte du minist\u00e8re des Sports, de la Jeunesse et de l\u2019Emploi un rapport relatif \u00e0 la mise en place de R\u00e9f\u00e9rents Opportunit\u00e9s-Insertion dans 302 communes rurales.<\/p><p><span class=\"spip_document_151730 spip_documents spip_documents_center\"><img loading=\"lazy\" decoding=\"async\" src=\"https:\/\/lefaso.net\/local\/cache-vignettes\/L600xH687\/348952400_666920238600342_8195491826178332326_n-17ec9.jpg?1685620372\" alt=\"\" width=\"600\" height=\"687\" \/><\/span><\/p><p>\u00ab\u00a0Ce dispositif comprend la mise en place d\u2019un R\u00e9f\u00e9rent qui va \u00eatre un agent de la commune en appui avec des cellules de la jeunesse et ces cellules vont recevoir des formations et des outils qui vont \u00eatre \u00e9labor\u00e9s par l\u2019Agence nationale pour la promotion de l\u2019emploi (ANPE). Ce qui va permettre \u00e0 tout jeune de 15 \u00e0 35 ans et qui r\u00e9side dans une commune rurale de venir aupr\u00e8s du R\u00e9f\u00e9rent pour s\u2019informer des opportunit\u00e9s d\u2019emploi, des opportunit\u00e9s de formation professionnelle, des opportunit\u00e9s d\u2019insertion qui existent\u00a0\u00bb a expliqu\u00e9 le ministre en charge de l\u2019emploi Boubakar SAVADOGO.<\/p><p><span class=\"spip_document_151734 spip_documents spip_documents_center\"><img loading=\"lazy\" decoding=\"async\" src=\"https:\/\/lefaso.net\/local\/cache-vignettes\/L600xH391\/350854408_116785078094096_8128437698769954217_n-82f05.jpg?1685620372\" alt=\"\" width=\"600\" height=\"391\" \/><\/span><\/p><p>Selon le ministre, ce dispositif vient placer les questions de jeunesse au c\u0153ur des actions de d\u00e9veloppement. La mise en \u0153uvre de l\u2019initiative de R\u00e9f\u00e9rents Opportunit\u00e9-Insertion va n\u00e9cessiter des concertations avec diff\u00e9rents acteurs notamment les d\u00e9l\u00e9gations sp\u00e9ciales, des associations de jeunesse, des minist\u00e8res sectoriels, des partenaires techniques et financiers. Son lancement est pr\u00e9vu pour le 17 juin 2023 sous le patronage du Premier ministre.<\/p><p><strong>Direction de la communication de la Pr\u00e9sidence du Faso<\/strong><\/p>\t\t\t\t\t\t\t\t<\/div>\n\t\t\t\t<\/div>\n\t\t\t\t\t<\/div>\n\t\t<\/div>\n\t\t\t\t\t<\/div>\n\t\t<\/section>\n\t\t\t\t<\/div>\n\t\t","protected":false},"excerpt":{"rendered":"<p>Conseil des ministres du 31 mai 2023 : Le Gouvernement valide l\u2019Initiative pr\u00e9sidentielle pour la production agricole 2023-2024 (Ouagadougou, 31 mai 2023). Le Pr\u00e9sident de la Transition, Chef de l\u2019\u00c9tat, le Capitaine Ibrahim TRAORE, a pr\u00e9sid\u00e9 ce mercredi, l\u2019hebdomadaire conseil des ministres qui a examin\u00e9 et adopt\u00e9 plusieurs dossiers inscrits \u00e0 son ordre du jour, [&hellip;]<\/p>\n","protected":false},"author":2,"featured_media":0,"parent":0,"menu_order":0,"comment_status":"closed","ping_status":"closed","template":"","meta":{"site-sidebar-layout":"no-sidebar","site-content-layout":"page-builder","ast-site-content-layout":"default","site-content-style":"default","site-sidebar-style":"default","ast-global-header-display":"","ast-banner-title-visibility":"","ast-main-header-display":"","ast-hfb-above-header-display":"","ast-hfb-below-header-display":"","ast-hfb-mobile-header-display":"","site-post-title":"disabled","ast-breadcrumbs-content":"","ast-featured-img":"disabled","footer-sml-layout":"","theme-transparent-header-meta":"","adv-header-id-meta":"","stick-header-meta":"","header-above-stick-meta":"","header-main-stick-meta":"","header-below-stick-meta":"","astra-migrate-meta-layouts":"default","ast-page-background-enabled":"default","ast-page-background-meta":{"desktop":{"background-color":"","background-image":"","background-repeat":"repeat","background-position":"center center","background-size":"auto","background-attachment":"scroll","background-type":"","background-media":"","overlay-type":"","overlay-color":"","overlay-opacity":"","overlay-gradient":""},"tablet":{"background-color":"","background-image":"","background-repeat":"repeat","background-position":"center center","background-size":"auto","background-attachment":"scroll","background-type":"","background-media":"","overlay-type":"","overlay-color":"","overlay-opacity":"","overlay-gradient":""},"mobile":{"background-color":"","background-image":"","background-repeat":"repeat","background-position":"center center","background-size":"auto","background-attachment":"scroll","background-type":"","background-media":"","overlay-type":"","overlay-color":"","overlay-opacity":"","overlay-gradient":""}},"ast-content-background-meta":{"desktop":{"background-color":"var(--ast-global-color-5)","background-image":"","background-repeat":"repeat","background-position":"center center","background-size":"auto","background-attachment":"scroll","background-type":"","background-media":"","overlay-type":"","overlay-color":"","overlay-opacity":"","overlay-gradient":""},"tablet":{"background-color":"var(--ast-global-color-5)","background-image":"","background-repeat":"repeat","background-position":"center center","background-size":"auto","background-attachment":"scroll","background-type":"","background-media":"","overlay-type":"","overlay-color":"","overlay-opacity":"","overlay-gradient":""},"mobile":{"background-color":"var(--ast-global-color-5)","background-image":"","background-repeat":"repeat","background-position":"center center","background-size":"auto","background-attachment":"scroll","background-type":"","background-media":"","overlay-type":"","overlay-color":"","overlay-opacity":"","overlay-gradient":""}},"footnotes":""},"class_list":["post-3284","page","type-page","status-publish","hentry"],"jetpack_sharing_enabled":true,"rttpg_featured_image_url":null,"rttpg_author":{"display_name":"Hascor Burkina","author_link":"https:\/\/blog.hascorburkina.com\/index.php\/author\/hascorblog\/"},"rttpg_comment":0,"rttpg_category":null,"rttpg_excerpt":"Conseil des ministres du 31 mai 2023 : Le Gouvernement valide l\u2019Initiative pr\u00e9sidentielle pour la production agricole 2023-2024 (Ouagadougou, 31 mai 2023). Le Pr\u00e9sident de la Transition, Chef de l\u2019\u00c9tat, le Capitaine Ibrahim TRAORE, a pr\u00e9sid\u00e9 ce mercredi, l\u2019hebdomadaire conseil des ministres qui a examin\u00e9 et adopt\u00e9 plusieurs dossiers inscrits \u00e0 son ordre du jour,\u2026","_links":{"self":[{"href":"https:\/\/blog.hascorburkina.com\/index.php\/wp-json\/wp\/v2\/pages\/3284","targetHints":{"allow":["GET"]}}],"collection":[{"href":"https:\/\/blog.hascorburkina.com\/index.php\/wp-json\/wp\/v2\/pages"}],"about":[{"href":"https:\/\/blog.hascorburkina.com\/index.php\/wp-json\/wp\/v2\/types\/page"}],"author":[{"embeddable":true,"href":"https:\/\/blog.hascorburkina.com\/index.php\/wp-json\/wp\/v2\/users\/2"}],"replies":[{"embeddable":true,"href":"https:\/\/blog.hascorburkina.com\/index.php\/wp-json\/wp\/v2\/comments?post=3284"}],"version-history":[{"count":4,"href":"https:\/\/blog.hascorburkina.com\/index.php\/wp-json\/wp\/v2\/pages\/3284\/revisions"}],"predecessor-version":[{"id":3289,"href":"https:\/\/blog.hascorburkina.com\/index.php\/wp-json\/wp\/v2\/pages\/3284\/revisions\/3289"}],"wp:attachment":[{"href":"https:\/\/blog.hascorburkina.com\/index.php\/wp-json\/wp\/v2\/media?parent=3284"}],"curies":[{"name":"wp","href":"https:\/\/api.w.org\/{rel}","templated":true}]}}