{"id":3277,"date":"2023-06-01T11:55:45","date_gmt":"2023-06-01T11:55:45","guid":{"rendered":"https:\/\/blog.hascorburkina.com\/?page_id=3277"},"modified":"2023-06-01T11:56:36","modified_gmt":"2023-06-01T11:56:36","slug":"actualite-21","status":"publish","type":"page","link":"https:\/\/blog.hascorburkina.com\/index.php\/actualite-21\/","title":{"rendered":"actualit\u00e9"},"content":{"rendered":"\t\t<div data-elementor-type=\"wp-page\" data-elementor-id=\"3277\" class=\"elementor elementor-3277\">\n\t\t\t\t\t\t<section class=\"elementor-section elementor-top-section elementor-element elementor-element-0e53ef5 elementor-section-boxed elementor-section-height-default elementor-section-height-default\" data-id=\"0e53ef5\" data-element_type=\"section\" data-e-type=\"section\">\n\t\t\t\t\t\t<div class=\"elementor-container elementor-column-gap-default\">\n\t\t\t\t\t<div class=\"elementor-column elementor-col-100 elementor-top-column elementor-element elementor-element-112b99f\" data-id=\"112b99f\" data-element_type=\"column\" data-e-type=\"column\">\n\t\t\t<div class=\"elementor-widget-wrap elementor-element-populated\">\n\t\t\t\t\t\t<div class=\"elementor-element elementor-element-7e7cc6c elementor-widget elementor-widget-heading\" data-id=\"7e7cc6c\" data-element_type=\"widget\" data-e-type=\"widget\" data-widget_type=\"heading.default\">\n\t\t\t\t<div class=\"elementor-widget-container\">\n\t\t\t\t\t<h2 class=\"elementor-heading-title elementor-size-default\"><span style=\"text-transform: capitalize\">Burkina\/Justice : Newton Ahmed Barry <\/span>relax\u00e9 dans le dossier qui l\u2019oppose \u00e0 \u00ab Burkina Rempart \u00bb<\/h2>\t\t\t\t<\/div>\n\t\t\t\t<\/div>\n\t\t\t\t\t<\/div>\n\t\t<\/div>\n\t\t\t\t\t<\/div>\n\t\t<\/section>\n\t\t\t\t<section class=\"elementor-section elementor-top-section elementor-element elementor-element-0473d8e elementor-section-content-middle elementor-section-boxed elementor-section-height-default elementor-section-height-default\" data-id=\"0473d8e\" data-element_type=\"section\" data-e-type=\"section\" data-settings=\"{&quot;background_background&quot;:&quot;classic&quot;}\">\n\t\t\t\t\t\t\t<div class=\"elementor-background-overlay\"><\/div>\n\t\t\t\t\t\t\t<div class=\"elementor-container elementor-column-gap-no\">\n\t\t\t\t\t<div class=\"elementor-column elementor-col-50 elementor-top-column elementor-element elementor-element-c1b6479\" data-id=\"c1b6479\" data-element_type=\"column\" data-e-type=\"column\">\n\t\t\t<div class=\"elementor-widget-wrap elementor-element-populated\">\n\t\t\t\t\t\t<div class=\"elementor-element elementor-element-e382e24 elementor-widget elementor-widget-image\" data-id=\"e382e24\" data-element_type=\"widget\" data-e-type=\"widget\" data-widget_type=\"image.default\">\n\t\t\t\t<div class=\"elementor-widget-container\">\n\t\t\t\t\t\t\t\t\t\t\t\t\t\t\t<img fetchpriority=\"high\" decoding=\"async\" width=\"640\" height=\"388\" src=\"https:\/\/blog.hascorburkina.com\/wp-content\/uploads\/2023\/06\/arton121876.jpg\" class=\"attachment-full size-full wp-image-3276\" alt=\"\" srcset=\"https:\/\/blog.hascorburkina.com\/wp-content\/uploads\/2023\/06\/arton121876.jpg 640w, https:\/\/blog.hascorburkina.com\/wp-content\/uploads\/2023\/06\/arton121876-600x364.jpg 600w, https:\/\/blog.hascorburkina.com\/wp-content\/uploads\/2023\/06\/arton121876-300x182.jpg 300w\" sizes=\"(max-width: 640px) 100vw, 640px\" \/>\t\t\t\t\t\t\t\t\t\t\t\t\t\t\t<\/div>\n\t\t\t\t<\/div>\n\t\t\t\t\t<\/div>\n\t\t<\/div>\n\t\t\t\t<div class=\"elementor-column elementor-col-50 elementor-top-column elementor-element elementor-element-fffa9fb\" data-id=\"fffa9fb\" data-element_type=\"column\" data-e-type=\"column\">\n\t\t\t<div class=\"elementor-widget-wrap elementor-element-populated\">\n\t\t\t\t\t\t<div class=\"elementor-element elementor-element-d7e4a99 elementor-widget elementor-widget-text-editor\" data-id=\"d7e4a99\" data-element_type=\"widget\" data-e-type=\"widget\" data-widget_type=\"text-editor.default\">\n\t\t\t\t<div class=\"elementor-widget-container\">\n\t\t\t\t\t\t\t\t\t<p><strong>Le journaliste, ex-pr\u00e9sident de la Commission \u00e9lectorale nationale ind\u00e9pendante (CENI), Newton Ahmed Barry, a \u00e9t\u00e9 relax\u00e9 dans<a href=\"https:\/\/lefaso.net\/spip.php?article121712\">l\u2019affaire qui l\u2019oppose au mouvement de la soci\u00e9t\u00e9 civile d\u00e9nomm\u00e9 \u00ab\u00a0Burkina Rempart\u00a0\u00bb<\/a>. Le verdict a \u00e9t\u00e9 rendu dans la matin\u00e9e de ce mercredi 31 mai 2023 par le tribunal de grande instance Ouaga I.<\/strong><\/p><div class=\"article_content\"><p>Newton Ahmed Barry \u00e9tait poursuivi par l\u2019organisation de la soci\u00e9t\u00e9 civile \u00ab\u00a0Burkina Rempart\u00a0\u00bb, \u00ab\u00a0soutien ind\u00e9fectible\u00a0\u00bb de la transition, pour \u00ab\u00a0diffamation et injures\u00a0\u00bb.<\/p><p>\u00ab Le capitaine Ibrahim Traor\u00e9 ne serait rien aujourd\u2019hui sans le soutien de ses extr\u00e9mistes islamis\u00e9s, (\u2026) djihadistes de la ville, fonctionnant comme des djihadistes de la brousse \u00bb, rappelle la radio Om\u00e9ga FM des propos de Newton Ahmed Barry, tenus sur le plateau de Radio France Culture le 30 janvier 2023, et jug\u00e9s de \u00ab\u00a0diffamatoires \u00ab\u00a0et d\u2019 \u00ab\u00a0injurieux\u00a0\u00bb.<\/p><\/div>\t\t\t\t\t\t\t\t<\/div>\n\t\t\t\t<\/div>\n\t\t\t\t\t<\/div>\n\t\t<\/div>\n\t\t\t\t\t<\/div>\n\t\t<\/section>\n\t\t\t\t<section class=\"elementor-section elementor-top-section elementor-element elementor-element-ec58f6f elementor-section-boxed elementor-section-height-default elementor-section-height-default\" data-id=\"ec58f6f\" data-element_type=\"section\" data-e-type=\"section\">\n\t\t\t\t\t\t<div class=\"elementor-container elementor-column-gap-default\">\n\t\t\t\t\t<div class=\"elementor-column elementor-col-100 elementor-top-column elementor-element elementor-element-af88c4d\" data-id=\"af88c4d\" data-element_type=\"column\" data-e-type=\"column\">\n\t\t\t<div class=\"elementor-widget-wrap elementor-element-populated\">\n\t\t\t\t\t\t<div class=\"elementor-element elementor-element-24fa005 elementor-widget elementor-widget-text-editor\" data-id=\"24fa005\" data-element_type=\"widget\" data-e-type=\"widget\" data-widget_type=\"text-editor.default\">\n\t\t\t\t<div class=\"elementor-widget-container\">\n\t\t\t\t\t\t\t\t\t<p>Les requ\u00e9rants ont estim\u00e9 que les propos de Newton Ahmed Barry exposent les militants de \u00ab\u00a0Burkina rempart\u00a0\u00bb \u00e0 toutes sortes de danger. D\u2019o\u00f9 leur demande \u00e0 ce qu\u2019il soit condamn\u00e9 et la d\u00e9cision publi\u00e9e dans deux journaux, en vue de permettre aux victimes pr\u00e9sum\u00e9es de recouvrer leur \u00ab\u00a0dignit\u00e9 bafou\u00e9e\u00a0\u00bb, reprend le confr\u00e8re de Om\u00e9ga FM, qui pr\u00e9cise que les requ\u00e9rants ont \u00e9galement r\u00e9clam\u00e9 1 franc symbolique et le paiement des frais expos\u00e9s non compris dans les d\u00e9pens, estim\u00e9s \u00e0 5 millions de francs CFA.<\/p><p>Les avocats du pr\u00e9venu ont, eux, jug\u00e9 qu\u2019il n\u2019y a pas d\u2019\u00e9l\u00e9ments l\u00e9gaux, mat\u00e9riels et m\u00eame intentionnels \u00e0 la charge de leur client.<\/p><p>Pour le Parquet \u00e9galement, il n\u2019existe pas de preuves suffisantes qui \u00e9tablissent un lien entre les d\u00e9clarations de Newton Ahmed Barry et \u00ab\u00a0Burkina Rempart\u00a0\u00bb. C\u2019est pourquoi a-t-il requis qu\u2019il soit relax\u00e9 au b\u00e9n\u00e9fice du doute.<\/p><p>Dans son verdict de ce mercredi 31 mai 2023, le tribunal a effectivement suivi la r\u00e9quisition du Parquet, en relaxant Newton Ahmed Barry au b\u00e9n\u00e9fice du doute. En outre, la constitution de partie civile des membres de \u00ab\u00a0Burkina rempart\u00a0\u00bb a \u00e9t\u00e9 rejet\u00e9e.<\/p><p>Ancien r\u00e9dacteur en chef du journal d\u2019investigation L\u2019Ev\u00e8nement, Newton Ahmed Barry est connu pour ses analyses sans concession et ses prises de position\u00a0; ce qui n\u2019est pas du go\u00fbt de certains citoyens, notamment des soutiens proclam\u00e9s du pouvoir de la transition. Il a, \u00e0 cet effet, fait l\u2019objet de menaces de mort.<\/p><p><strong>O.L.<\/strong><\/p>\t\t\t\t\t\t\t\t<\/div>\n\t\t\t\t<\/div>\n\t\t\t\t\t<\/div>\n\t\t<\/div>\n\t\t\t\t\t<\/div>\n\t\t<\/section>\n\t\t\t\t<\/div>\n\t\t","protected":false},"excerpt":{"rendered":"<p>Burkina\/Justice : Newton Ahmed Barry relax\u00e9 dans le dossier qui l\u2019oppose \u00e0 \u00ab Burkina Rempart \u00bb Le journaliste, ex-pr\u00e9sident de la Commission \u00e9lectorale nationale ind\u00e9pendante (CENI), Newton Ahmed Barry, a \u00e9t\u00e9 relax\u00e9 dansl\u2019affaire qui l\u2019oppose au mouvement de la soci\u00e9t\u00e9 civile d\u00e9nomm\u00e9 \u00ab\u00a0Burkina Rempart\u00a0\u00bb. Le verdict a \u00e9t\u00e9 rendu dans la matin\u00e9e de ce mercredi [&hellip;]<\/p>\n","protected":false},"author":2,"featured_media":0,"parent":0,"menu_order":0,"comment_status":"closed","ping_status":"closed","template":"","meta":{"site-sidebar-layout":"no-sidebar","site-content-layout":"page-builder","ast-site-content-layout":"default","site-content-style":"default","site-sidebar-style":"default","ast-global-header-display":"","ast-banner-title-visibility":"","ast-main-header-display":"","ast-hfb-above-header-display":"","ast-hfb-below-header-display":"","ast-hfb-mobile-header-display":"","site-post-title":"disabled","ast-breadcrumbs-content":"","ast-featured-img":"disabled","footer-sml-layout":"","theme-transparent-header-meta":"","adv-header-id-meta":"","stick-header-meta":"","header-above-stick-meta":"","header-main-stick-meta":"","header-below-stick-meta":"","astra-migrate-meta-layouts":"default","ast-page-background-enabled":"default","ast-page-background-meta":{"desktop":{"background-color":"","background-image":"","background-repeat":"repeat","background-position":"center center","background-size":"auto","background-attachment":"scroll","background-type":"","background-media":"","overlay-type":"","overlay-color":"","overlay-opacity":"","overlay-gradient":""},"tablet":{"background-color":"","background-image":"","background-repeat":"repeat","background-position":"center center","background-size":"auto","background-attachment":"scroll","background-type":"","background-media":"","overlay-type":"","overlay-color":"","overlay-opacity":"","overlay-gradient":""},"mobile":{"background-color":"","background-image":"","background-repeat":"repeat","background-position":"center center","background-size":"auto","background-attachment":"scroll","background-type":"","background-media":"","overlay-type":"","overlay-color":"","overlay-opacity":"","overlay-gradient":""}},"ast-content-background-meta":{"desktop":{"background-color":"var(--ast-global-color-5)","background-image":"","background-repeat":"repeat","background-position":"center center","background-size":"auto","background-attachment":"scroll","background-type":"","background-media":"","overlay-type":"","overlay-color":"","overlay-opacity":"","overlay-gradient":""},"tablet":{"background-color":"var(--ast-global-color-5)","background-image":"","background-repeat":"repeat","background-position":"center center","background-size":"auto","background-attachment":"scroll","background-type":"","background-media":"","overlay-type":"","overlay-color":"","overlay-opacity":"","overlay-gradient":""},"mobile":{"background-color":"var(--ast-global-color-5)","background-image":"","background-repeat":"repeat","background-position":"center center","background-size":"auto","background-attachment":"scroll","background-type":"","background-media":"","overlay-type":"","overlay-color":"","overlay-opacity":"","overlay-gradient":""}},"footnotes":""},"class_list":["post-3277","page","type-page","status-publish","hentry"],"jetpack_sharing_enabled":true,"rttpg_featured_image_url":null,"rttpg_author":{"display_name":"Hascor Burkina","author_link":"https:\/\/blog.hascorburkina.com\/index.php\/author\/hascorblog\/"},"rttpg_comment":0,"rttpg_category":null,"rttpg_excerpt":"Burkina\/Justice : Newton Ahmed Barry relax\u00e9 dans le dossier qui l\u2019oppose \u00e0 \u00ab Burkina Rempart \u00bb Le journaliste, ex-pr\u00e9sident de la Commission \u00e9lectorale nationale ind\u00e9pendante (CENI), Newton Ahmed Barry, a \u00e9t\u00e9 relax\u00e9 dansl\u2019affaire qui l\u2019oppose au mouvement de la soci\u00e9t\u00e9 civile d\u00e9nomm\u00e9 \u00ab\u00a0Burkina Rempart\u00a0\u00bb. Le verdict a \u00e9t\u00e9 rendu dans la matin\u00e9e de ce mercredi\u2026","_links":{"self":[{"href":"https:\/\/blog.hascorburkina.com\/index.php\/wp-json\/wp\/v2\/pages\/3277","targetHints":{"allow":["GET"]}}],"collection":[{"href":"https:\/\/blog.hascorburkina.com\/index.php\/wp-json\/wp\/v2\/pages"}],"about":[{"href":"https:\/\/blog.hascorburkina.com\/index.php\/wp-json\/wp\/v2\/types\/page"}],"author":[{"embeddable":true,"href":"https:\/\/blog.hascorburkina.com\/index.php\/wp-json\/wp\/v2\/users\/2"}],"replies":[{"embeddable":true,"href":"https:\/\/blog.hascorburkina.com\/index.php\/wp-json\/wp\/v2\/comments?post=3277"}],"version-history":[{"count":4,"href":"https:\/\/blog.hascorburkina.com\/index.php\/wp-json\/wp\/v2\/pages\/3277\/revisions"}],"predecessor-version":[{"id":3282,"href":"https:\/\/blog.hascorburkina.com\/index.php\/wp-json\/wp\/v2\/pages\/3277\/revisions\/3282"}],"wp:attachment":[{"href":"https:\/\/blog.hascorburkina.com\/index.php\/wp-json\/wp\/v2\/media?parent=3277"}],"curies":[{"name":"wp","href":"https:\/\/api.w.org\/{rel}","templated":true}]}}