{"id":3270,"date":"2023-06-01T11:38:39","date_gmt":"2023-06-01T11:38:39","guid":{"rendered":"https:\/\/blog.hascorburkina.com\/?page_id=3270"},"modified":"2023-06-01T11:41:35","modified_gmt":"2023-06-01T11:41:35","slug":"actualite-20","status":"publish","type":"page","link":"https:\/\/blog.hascorburkina.com\/index.php\/actualite-20\/","title":{"rendered":"actualit\u00e9"},"content":{"rendered":"\t\t<div data-elementor-type=\"wp-page\" data-elementor-id=\"3270\" class=\"elementor elementor-3270\">\n\t\t\t\t\t\t<section class=\"elementor-section elementor-top-section elementor-element elementor-element-9a7619e elementor-section-boxed elementor-section-height-default elementor-section-height-default\" data-id=\"9a7619e\" data-element_type=\"section\" data-e-type=\"section\">\n\t\t\t\t\t\t<div class=\"elementor-container elementor-column-gap-default\">\n\t\t\t\t\t<div class=\"elementor-column elementor-col-100 elementor-top-column elementor-element elementor-element-7f84e35\" data-id=\"7f84e35\" data-element_type=\"column\" data-e-type=\"column\">\n\t\t\t<div class=\"elementor-widget-wrap elementor-element-populated\">\n\t\t\t\t\t\t<div class=\"elementor-element elementor-element-33e841a elementor-widget elementor-widget-heading\" data-id=\"33e841a\" data-element_type=\"widget\" data-e-type=\"widget\" data-widget_type=\"heading.default\">\n\t\t\t\t<div class=\"elementor-widget-container\">\n\t\t\t\t\t<h2 class=\"elementor-heading-title elementor-size-default\"><span style=\"text-transform: capitalize\">Discours<\/span> sur la situation de la nation : Des d\u00e9put\u00e9s entre satisfaction, r\u00e9serve et espoir<\/h2>\t\t\t\t<\/div>\n\t\t\t\t<\/div>\n\t\t\t\t\t<\/div>\n\t\t<\/div>\n\t\t\t\t\t<\/div>\n\t\t<\/section>\n\t\t\t\t<section class=\"elementor-section elementor-top-section elementor-element elementor-element-d05fc12 elementor-section-content-middle elementor-section-boxed elementor-section-height-default elementor-section-height-default\" data-id=\"d05fc12\" data-element_type=\"section\" data-e-type=\"section\" data-settings=\"{&quot;background_background&quot;:&quot;classic&quot;}\">\n\t\t\t\t\t\t\t<div class=\"elementor-background-overlay\"><\/div>\n\t\t\t\t\t\t\t<div class=\"elementor-container elementor-column-gap-no\">\n\t\t\t\t\t<div class=\"elementor-column elementor-col-50 elementor-top-column elementor-element elementor-element-bf0e903\" data-id=\"bf0e903\" data-element_type=\"column\" data-e-type=\"column\">\n\t\t\t<div class=\"elementor-widget-wrap elementor-element-populated\">\n\t\t\t\t\t\t<div class=\"elementor-element elementor-element-c0b3f35 elementor-widget elementor-widget-image\" data-id=\"c0b3f35\" data-element_type=\"widget\" data-e-type=\"widget\" data-widget_type=\"image.default\">\n\t\t\t\t<div class=\"elementor-widget-container\">\n\t\t\t\t\t\t\t\t\t\t\t\t\t\t\t<img fetchpriority=\"high\" decoding=\"async\" width=\"640\" height=\"391\" src=\"https:\/\/blog.hascorburkina.com\/wp-content\/uploads\/2023\/06\/arton121877.jpg\" class=\"attachment-full size-full wp-image-3269\" alt=\"\" srcset=\"https:\/\/blog.hascorburkina.com\/wp-content\/uploads\/2023\/06\/arton121877.jpg 640w, https:\/\/blog.hascorburkina.com\/wp-content\/uploads\/2023\/06\/arton121877-600x367.jpg 600w, https:\/\/blog.hascorburkina.com\/wp-content\/uploads\/2023\/06\/arton121877-300x183.jpg 300w\" sizes=\"(max-width: 640px) 100vw, 640px\" \/>\t\t\t\t\t\t\t\t\t\t\t\t\t\t\t<\/div>\n\t\t\t\t<\/div>\n\t\t\t\t\t<\/div>\n\t\t<\/div>\n\t\t\t\t<div class=\"elementor-column elementor-col-50 elementor-top-column elementor-element elementor-element-acd8d3a\" data-id=\"acd8d3a\" data-element_type=\"column\" data-e-type=\"column\">\n\t\t\t<div class=\"elementor-widget-wrap elementor-element-populated\">\n\t\t\t\t\t\t<div class=\"elementor-element elementor-element-a3c42f9 elementor-widget elementor-widget-text-editor\" data-id=\"a3c42f9\" data-element_type=\"widget\" data-e-type=\"widget\" data-widget_type=\"text-editor.default\">\n\t\t\t\t<div class=\"elementor-widget-container\">\n\t\t\t\t\t\t\t\t\t<p><strong>Six mois apr\u00e8s le discours de politique g\u00e9n\u00e9rale, Le Premier ministre Apollinaire Joachimson Kyel\u00e8m de Tamb\u00e8la est revenu devant la repr\u00e9sentation nationale avec un discours sur la situation de la nation. Devant les d\u00e9put\u00e9s de l\u2019Assembl\u00e9e l\u00e9gislative de transition (ALT), il a pass\u00e9 en revue la situation du pays et les perspectives. La s\u00e9ance qui s\u2019est tenue toute la journ\u00e9e de ce mardi 30 mai 2023 a \u00e9t\u00e9 pr\u00e9sid\u00e9e par le pr\u00e9sident de l\u2019ALT, Dr Ousmane Bougouma. Apr\u00e8s ce discours, quelques d\u00e9put\u00e9s se sont pr\u00eat\u00e9s aux questions des journalistes. Et c\u2019est un discours positivement appr\u00e9ci\u00e9. Un discours enduit de courage, d\u2019espoir et de patriotisme.<\/strong><\/p><div class=\"article_content\"><p>En cinquante minutes, le Premier ministre Ma\u00eetre Apollinaire Joachimson Ky\u00e9l\u00e8m de Tamb\u00e9la a pass\u00e9 en revue la situation nationale. La lutte contre l\u2019ins\u00e9curit\u00e9, la gestion de la crise humanitaire, la r\u00e9conciliation et une refondation consensuelle de la soci\u00e9t\u00e9, la gouvernance \u00e9conomique, les autres secteurs de l\u2019\u00c9tat ont \u00e9t\u00e9 abord\u00e9s par le chef du gouvernement burkinab\u00e8.<\/p><\/div>\t\t\t\t\t\t\t\t<\/div>\n\t\t\t\t<\/div>\n\t\t\t\t\t<\/div>\n\t\t<\/div>\n\t\t\t\t\t<\/div>\n\t\t<\/section>\n\t\t\t\t<section class=\"elementor-section elementor-top-section elementor-element elementor-element-70f115c elementor-section-boxed elementor-section-height-default elementor-section-height-default\" data-id=\"70f115c\" data-element_type=\"section\" data-e-type=\"section\">\n\t\t\t\t\t\t<div class=\"elementor-container elementor-column-gap-default\">\n\t\t\t\t\t<div class=\"elementor-column elementor-col-100 elementor-top-column elementor-element elementor-element-31444ed\" data-id=\"31444ed\" data-element_type=\"column\" data-e-type=\"column\">\n\t\t\t<div class=\"elementor-widget-wrap elementor-element-populated\">\n\t\t\t\t\t\t<div class=\"elementor-element elementor-element-88be365 elementor-widget elementor-widget-text-editor\" data-id=\"88be365\" data-element_type=\"widget\" data-e-type=\"widget\" data-widget_type=\"text-editor.default\">\n\t\t\t\t<div class=\"elementor-widget-container\">\n\t\t\t\t\t\t\t\t\t<p>pr\u00e8s ce discours, les d\u00e9put\u00e9s r\u00e9unis au sein des groupes constitu\u00e9s \u00ab\u00a0Les organisations de la soci\u00e9t\u00e9 civile, les partis et formation politiques, les forces vives des r\u00e9gions, les forces de d\u00e9fense et de s\u00e9curit\u00e9, les personnalit\u00e9s d\u00e9sign\u00e9es par le chef de l\u2019Etat\u00a0\u00bb ont soulev\u00e9 quelques pr\u00e9occupations. Parmi lesquelles, on retient en autres la destruction des infrastructures de t\u00e9l\u00e9phonie mobile, le co\u00fbt et la qualit\u00e9 de la communication, les lourdeurs administratives, le d\u00e9veloppement de l\u2019agriculture qui souffre de l\u2019insuffisance de l\u2019allocation budg\u00e9taire, la construction d\u2019infrastructures routi\u00e8res afin de d\u00e9senclaver les zones de production agricole, les conditions de retour des PDI dans leurs localit\u00e9s d\u2019origine, la r\u00e9conciliation nationale et la coh\u00e9sion sociale, la prise en charge des personnes handicap\u00e9es, l\u2019avenir du chemin de fer notamment Ouaga-Abidjan, la situation de l\u2019a\u00e9roport de Donsin.<\/p><dl class=\"spip_document_151703 spip_documents spip_documents_center\"><dt><img decoding=\"async\" src=\"https:\/\/lefaso.net\/local\/cache-vignettes\/L600xH465\/image_1_22_-fdad9.jpg?1685544328\" alt=\"\" width=\"600\" height=\"465\" \/><\/dt><dd class=\"spip_doc_descriptif\"><i>Le d\u00e9put\u00e9 Souleymane Ou\u00e9draogo<\/i><\/dd><\/dl><p>On note aussi comme dol\u00e9ances des d\u00e9put\u00e9s, la n\u00e9cessit\u00e9 d\u2019une politique inclusive, la r\u00e9forme du syst\u00e8me \u00e9ducatif, la situation s\u00e9curitaire, les infrastructures sportives de qualit\u00e9, la vie ch\u00e8re, le d\u00e9veloppement de l\u2019\u00e9levage notamment un minist\u00e8re enti\u00e8rement charg\u00e9 de ce domaine, le d\u00e9veloppement et l\u2019\u00e9quipement des infrastructures sanitaires, la situation des pertes \u00e0 la Centrale d\u2019achat des m\u00e9dicaments essentiels g\u00e9n\u00e9riques (CAMEG) suite aux nombreux incendies, la tenue des \u00e9lections, la situation des enfants PDI (traitement discriminatoire positif au profit de ces enfants), la prise en compte des familles d\u2019accueil des PDI, la tenue des examens et concours dans des zones sous blocus s\u00e9curitaire, l\u2019approvisionnement des zones \u00e0 fort d\u00e9fi s\u00e9curitaire, la question de la d\u00e9centralisation, la mendicit\u00e9 \u00e0 Ouagadougou, le statut des coutumiers, la vulgarisation de l\u2019agriculture avec la distribution \u00e0 temps des intrants agricoles.<\/p><dl class=\"spip_document_151704 spip_documents spip_documents_center\"><dt><img decoding=\"async\" src=\"https:\/\/lefaso.net\/local\/cache-vignettes\/L600xH450\/image_2_20_-ed31a.jpg?1685544328\" alt=\"\" width=\"600\" height=\"450\" \/><\/dt><dd class=\"spip_doc_descriptif\"><i>Le d\u00e9put\u00e9 Moumouni Dialla<\/i><\/dd><\/dl><p>Il y a aussi la situation du d\u00e9ploiement des VDP, la prise en charge des d\u00e9plac\u00e9s externes (ayant trouv\u00e9 refuge dans des pays voisins), le manque de m\u00e9dicaments dans les centres de sant\u00e9, l\u2019inaccessibilit\u00e9 de certains centres de sant\u00e9, le chevauchement des ann\u00e9es acad\u00e9miques, l\u2019\u00e9nergie, l\u2019augmentation du loyer, le d\u00e9senclavement du pays notamment des zones de grande production agricole et halieutique, etc.<\/p><p>Mais dans l\u2019ensemble, les d\u00e9put\u00e9s interrog\u00e9s par les hommes de m\u00e9dia ont positivement appr\u00e9ci\u00e9 le discours sur la situation nationale du Premier ministre.<br class=\"autobr\" \/>Souleymane Ou\u00e9draogo, d\u00e9put\u00e9 repr\u00e9sentant les personnes vivant avec un handicap, affirme que l\u2019abn\u00e9gation et l\u2019int\u00e9grit\u00e9 du capitaine Ibrahim Traor\u00e9 et du Premier ministre fondent l\u2019espoir que les promesses annonc\u00e9es seront r\u00e9alis\u00e9es. Il esp\u00e8re que dans la mise en \u0153uvre de sa politique, les pr\u00e9occupations des personnes vivant avec un handicap seront prises en compte par le gouvernement.<\/p><dl class=\"spip_document_151705 spip_documents spip_documents_center\"><dt><img loading=\"lazy\" decoding=\"async\" src=\"https:\/\/lefaso.net\/local\/cache-vignettes\/L600xH400\/image_3_21_-38dfc.jpg?1685544328\" alt=\"\" width=\"600\" height=\"400\" \/><\/dt><dd class=\"spip_doc_descriptif\"><i>Le d\u00e9put\u00e9 Marc Gansonr\u00e9<\/i><\/dd><\/dl><p>Tout en \u00e9mettant quelques r\u00e9serves, Moumouni Dialla, pr\u00e9sident de la composante \u00ab\u00a0Organisations de la soci\u00e9t\u00e9 civile\u00a0\u00bb, trouve le discours tr\u00e8s ambitieux. Il appelle les autorit\u00e9s \u00e0 prioriser les pr\u00e9occupations de la jeunesse burkinab\u00e8. \u00ab\u00a0Je retiens que c\u2019est un discours hautement ambitieux, qui tient compte des grands chantiers que souhaitent les Burkinab\u00e8. On y trouve des \u00e9l\u00e9ments assez appr\u00e9ciables mais aussi des \u00e9l\u00e9ments qui restent \u00e0 parfaire. De notre point de vue, en ce qui concerne l\u2019\u00e9ducation, la formation et l\u2019emploi des jeunes, beaucoup de choses restent \u00e0 faire. Quand vous prenez l\u2019histoire du Burkina Faso, de 2014 \u00e0 maintenant, nous avons subi une insurrection, au moins trois coups d\u2019Etat. Et ce qui engendre ces \u00e9v\u00e8nements, c\u2019est le fait qu\u2019une frange de la population notamment sa frange jeune soit mise en marge dans la gouvernance globale de notre pays. J\u2019aurai aim\u00e9 qu\u2019il y ait un chantier prioritaire pour l\u2019\u00e9ducation, la formation et l\u2019emploi des jeunes afin de donner de l\u2019espoir \u00e0 la jeunesse\u00a0\u00bb, a-t-il indiqu\u00e9.<\/p><dl class=\"spip_document_151706 spip_documents spip_documents_center\"><dt><img loading=\"lazy\" decoding=\"async\" src=\"https:\/\/lefaso.net\/local\/cache-vignettes\/L600xH400\/image_4_17_-2cca4.jpg?1685544328\" alt=\"\" width=\"600\" height=\"400\" \/><\/dt><dd class=\"spip_doc_descriptif\"><i>La d\u00e9put\u00e9e Neimata Brigitte Zoungrana<\/i><\/dd><\/dl><p>De son c\u00f4t\u00e9, Marc Gansonr\u00e9, satisfait du discours du Premier ministre, attend des efforts dans le domaine de l\u2019agriculture. \u00ab\u00a0On a des \u00e9l\u00e9ments de satisfaction comme la coh\u00e9rence de cette d\u00e9claration avec celle qui nous a \u00e9t\u00e9 pr\u00e9sent\u00e9e, il y a six mois. Le deuxi\u00e8me \u00e9l\u00e9ment de satisfaction, en \u00e9coutant le Premier ministre, est la mise en \u0153uvre de la politique g\u00e9n\u00e9rale qui nous donne satisfaction. Le troisi\u00e8me point de satisfaction, le Premier ministre a eu une conviction presque contagieuse parce qu\u2019il nous a pr\u00e9sent\u00e9 la r\u00e9alisation d\u2019un programme avec beaucoup de d\u00e9tails qui nous a permis de comprendre qu\u2019il y a quelque chose qui est en train d\u2019\u00eatre fait et particuli\u00e8rement je suis satisfait. Mais sur la question humanitaire, il y a des questions qu\u2019il faut se poser. Aujourd\u2019hui, on ne peut pas parler de la question humanitaire sans prendre en compte des \u00e9l\u00e9ments assez clairs sur la question de la s\u00e9curit\u00e9 alimentaire pour la population burkinab\u00e8. A ce sujet, nous ne pouvons pas comprendre que le budget qui a \u00e9t\u00e9 allou\u00e9 au secteur agricole ait eu une baisse de 5% par rapport \u00e0 l\u2019ann\u00e9e pass\u00e9e\u2026 C\u2019est vrai que nous sommes en \u00e9tat de guerre mais si la population a encore faim, \u00e7a va nous cr\u00e9er encore d\u2019autres probl\u00e8mes comme la non ma\u00eetrise de cette population, la perte de confiance de la population. Nous demandons donc que des choses soient faites sur ce sujet\u00a0\u00bb, souligne-t-il.<\/p><dl class=\"spip_document_151707 spip_documents spip_documents_center\"><dt><img loading=\"lazy\" decoding=\"async\" src=\"https:\/\/lefaso.net\/local\/cache-vignettes\/L600xH450\/image_5_15_-2f168.jpg?1685544328\" alt=\"\" width=\"600\" height=\"450\" \/><\/dt><dd class=\"spip_doc_descriptif\"><i>La d\u00e9put\u00e9e P\u00e9lagie Konseibo<\/i><\/dd><\/dl><p>La d\u00e9put\u00e9e Neimata Brigitte Zoungrana attend encore plus d\u2019efforts du gouvernement, notamment sur la question humanitaire. \u00ab\u00a0Disons que le discours du Premier ministre est assez incomplet parce que y a pas mal de zones d\u2019ombres qu\u2019il a survol\u00e9es. Nous ne pouvons que croire ce qu\u2019il a dit. Nous estimons qu\u2019il y a d\u00e9j\u00e0 pas mal de choses concr\u00e8tes qui ont \u00e9t\u00e9 faites. S\u2019il parle de plus de 20 000 m\u00e9nages \u00e9tant retourn\u00e9s chez eux, c\u2019est d\u00e9j\u00e0 bon mais ce n\u2019est pas encore arriv\u00e9 si on pense que deux millions de personnes sont d\u00e9plac\u00e9es internes au Burkina Faso\u00a0\u00bb, affirme-t-elle.<\/p><p>C\u2019est avec beaucoup de satisfaction et d\u2019espoir que P\u00e9lagie Konseibo du groupe constitu\u00e9 \u00ab\u00a0Forces de d\u00e9fense et de s\u00e9curit\u00e9\u00a0\u00bb a suivi le discours du Premier ministre. \u00ab\u00a0J\u2019ai \u00e9cout\u00e9 avec beaucoup d\u2019attention le discours du Premier ministre. Son discours est parfait parce qu\u2019il est revenu sur sa d\u00e9claration de novembre 2022. Par rapport \u00e0 ce qu\u2019il a dit en novembre pass\u00e9, il y a eu des efforts, du progr\u00e8s un peu partout. Au niveau s\u00e9curitaire, social, humanitaire, on a senti qu\u2019il y a eu des avanc\u00e9es. En six mois, ce n\u2019est pas simple mais pour un pays en ins\u00e9curit\u00e9, c\u2019est d\u00e9j\u00e0 encourageant. Chez nous au Burkina Faso, on dit que tout et prioritaire, si on a la n\u00e9cessit\u00e9 d\u2019am\u00e9liorer partout, \u00e7a sera salutaire\u00a0\u00bb, confie-t-elle.<\/p><p><strong>Mamadou ZONGO<\/strong><\/p>\t\t\t\t\t\t\t\t<\/div>\n\t\t\t\t<\/div>\n\t\t\t\t\t<\/div>\n\t\t<\/div>\n\t\t\t\t\t<\/div>\n\t\t<\/section>\n\t\t\t\t<\/div>\n\t\t","protected":false},"excerpt":{"rendered":"<p>Discours sur la situation de la nation : Des d\u00e9put\u00e9s entre satisfaction, r\u00e9serve et espoir Six mois apr\u00e8s le discours de politique g\u00e9n\u00e9rale, Le Premier ministre Apollinaire Joachimson Kyel\u00e8m de Tamb\u00e8la est revenu devant la repr\u00e9sentation nationale avec un discours sur la situation de la nation. Devant les d\u00e9put\u00e9s de l\u2019Assembl\u00e9e l\u00e9gislative de transition (ALT), [&hellip;]<\/p>\n","protected":false},"author":2,"featured_media":0,"parent":0,"menu_order":0,"comment_status":"closed","ping_status":"closed","template":"","meta":{"site-sidebar-layout":"no-sidebar","site-content-layout":"page-builder","ast-site-content-layout":"default","site-content-style":"default","site-sidebar-style":"default","ast-global-header-display":"","ast-banner-title-visibility":"","ast-main-header-display":"","ast-hfb-above-header-display":"","ast-hfb-below-header-display":"","ast-hfb-mobile-header-display":"","site-post-title":"disabled","ast-breadcrumbs-content":"","ast-featured-img":"disabled","footer-sml-layout":"","theme-transparent-header-meta":"","adv-header-id-meta":"","stick-header-meta":"","header-above-stick-meta":"","header-main-stick-meta":"","header-below-stick-meta":"","astra-migrate-meta-layouts":"default","ast-page-background-enabled":"default","ast-page-background-meta":{"desktop":{"background-color":"","background-image":"","background-repeat":"repeat","background-position":"center center","background-size":"auto","background-attachment":"scroll","background-type":"","background-media":"","overlay-type":"","overlay-color":"","overlay-opacity":"","overlay-gradient":""},"tablet":{"background-color":"","background-image":"","background-repeat":"repeat","background-position":"center center","background-size":"auto","background-attachment":"scroll","background-type":"","background-media":"","overlay-type":"","overlay-color":"","overlay-opacity":"","overlay-gradient":""},"mobile":{"background-color":"","background-image":"","background-repeat":"repeat","background-position":"center center","background-size":"auto","background-attachment":"scroll","background-type":"","background-media":"","overlay-type":"","overlay-color":"","overlay-opacity":"","overlay-gradient":""}},"ast-content-background-meta":{"desktop":{"background-color":"var(--ast-global-color-5)","background-image":"","background-repeat":"repeat","background-position":"center center","background-size":"auto","background-attachment":"scroll","background-type":"","background-media":"","overlay-type":"","overlay-color":"","overlay-opacity":"","overlay-gradient":""},"tablet":{"background-color":"var(--ast-global-color-5)","background-image":"","background-repeat":"repeat","background-position":"center center","background-size":"auto","background-attachment":"scroll","background-type":"","background-media":"","overlay-type":"","overlay-color":"","overlay-opacity":"","overlay-gradient":""},"mobile":{"background-color":"var(--ast-global-color-5)","background-image":"","background-repeat":"repeat","background-position":"center center","background-size":"auto","background-attachment":"scroll","background-type":"","background-media":"","overlay-type":"","overlay-color":"","overlay-opacity":"","overlay-gradient":""}},"footnotes":""},"class_list":["post-3270","page","type-page","status-publish","hentry"],"jetpack_sharing_enabled":true,"rttpg_featured_image_url":null,"rttpg_author":{"display_name":"Hascor Burkina","author_link":"https:\/\/blog.hascorburkina.com\/index.php\/author\/hascorblog\/"},"rttpg_comment":0,"rttpg_category":null,"rttpg_excerpt":"Discours sur la situation de la nation : Des d\u00e9put\u00e9s entre satisfaction, r\u00e9serve et espoir Six mois apr\u00e8s le discours de politique g\u00e9n\u00e9rale, Le Premier ministre Apollinaire Joachimson Kyel\u00e8m de Tamb\u00e8la est revenu devant la repr\u00e9sentation nationale avec un discours sur la situation de la nation. Devant les d\u00e9put\u00e9s de l\u2019Assembl\u00e9e l\u00e9gislative de transition (ALT),\u2026","_links":{"self":[{"href":"https:\/\/blog.hascorburkina.com\/index.php\/wp-json\/wp\/v2\/pages\/3270","targetHints":{"allow":["GET"]}}],"collection":[{"href":"https:\/\/blog.hascorburkina.com\/index.php\/wp-json\/wp\/v2\/pages"}],"about":[{"href":"https:\/\/blog.hascorburkina.com\/index.php\/wp-json\/wp\/v2\/types\/page"}],"author":[{"embeddable":true,"href":"https:\/\/blog.hascorburkina.com\/index.php\/wp-json\/wp\/v2\/users\/2"}],"replies":[{"embeddable":true,"href":"https:\/\/blog.hascorburkina.com\/index.php\/wp-json\/wp\/v2\/comments?post=3270"}],"version-history":[{"count":4,"href":"https:\/\/blog.hascorburkina.com\/index.php\/wp-json\/wp\/v2\/pages\/3270\/revisions"}],"predecessor-version":[{"id":3275,"href":"https:\/\/blog.hascorburkina.com\/index.php\/wp-json\/wp\/v2\/pages\/3270\/revisions\/3275"}],"wp:attachment":[{"href":"https:\/\/blog.hascorburkina.com\/index.php\/wp-json\/wp\/v2\/media?parent=3270"}],"curies":[{"name":"wp","href":"https:\/\/api.w.org\/{rel}","templated":true}]}}