{"id":3250,"date":"2023-05-29T11:05:14","date_gmt":"2023-05-29T11:05:14","guid":{"rendered":"https:\/\/blog.hascorburkina.com\/?page_id=3250"},"modified":"2023-05-29T11:07:09","modified_gmt":"2023-05-29T11:07:09","slug":"actualite-18","status":"publish","type":"page","link":"https:\/\/blog.hascorburkina.com\/index.php\/actualite-18\/","title":{"rendered":"actualit\u00e9"},"content":{"rendered":"\t\t<div data-elementor-type=\"wp-page\" data-elementor-id=\"3250\" class=\"elementor elementor-3250\">\n\t\t\t\t\t\t<section class=\"elementor-section elementor-top-section elementor-element elementor-element-9187476 elementor-section-boxed elementor-section-height-default elementor-section-height-default\" data-id=\"9187476\" data-element_type=\"section\" data-e-type=\"section\">\n\t\t\t\t\t\t<div class=\"elementor-container elementor-column-gap-default\">\n\t\t\t\t\t<div class=\"elementor-column elementor-col-100 elementor-top-column elementor-element elementor-element-6ea52e7\" data-id=\"6ea52e7\" data-element_type=\"column\" data-e-type=\"column\">\n\t\t\t<div class=\"elementor-widget-wrap elementor-element-populated\">\n\t\t\t\t\t\t<div class=\"elementor-element elementor-element-30c8419 elementor-widget elementor-widget-heading\" data-id=\"30c8419\" data-element_type=\"widget\" data-e-type=\"widget\" data-widget_type=\"heading.default\">\n\t\t\t\t<div class=\"elementor-widget-container\">\n\t\t\t\t\t<h2 class=\"elementor-heading-title elementor-size-default\"><span style=\"text-transform: capitalize\">Sant\u00e9<\/span> : Le Centre hospitalier universitaire <span style=\"text-transform: capitalize\">Yalgado Ou\u00e9draogo<\/span> teste son plan blanc<\/h2>\t\t\t\t<\/div>\n\t\t\t\t<\/div>\n\t\t\t\t\t<\/div>\n\t\t<\/div>\n\t\t\t\t\t<\/div>\n\t\t<\/section>\n\t\t\t\t<section class=\"elementor-section elementor-top-section elementor-element elementor-element-2f3565d elementor-section-content-middle elementor-section-boxed elementor-section-height-default elementor-section-height-default\" data-id=\"2f3565d\" data-element_type=\"section\" data-e-type=\"section\" data-settings=\"{&quot;background_background&quot;:&quot;classic&quot;}\">\n\t\t\t\t\t\t\t<div class=\"elementor-background-overlay\"><\/div>\n\t\t\t\t\t\t\t<div class=\"elementor-container elementor-column-gap-no\">\n\t\t\t\t\t<div class=\"elementor-column elementor-col-50 elementor-top-column elementor-element elementor-element-2d6e75e\" data-id=\"2d6e75e\" data-element_type=\"column\" data-e-type=\"column\">\n\t\t\t<div class=\"elementor-widget-wrap elementor-element-populated\">\n\t\t\t\t\t\t<div class=\"elementor-element elementor-element-bb7ee37 elementor-widget elementor-widget-image\" data-id=\"bb7ee37\" data-element_type=\"widget\" data-e-type=\"widget\" data-widget_type=\"image.default\">\n\t\t\t\t<div class=\"elementor-widget-container\">\n\t\t\t\t\t\t\t\t\t\t\t\t\t\t\t<img fetchpriority=\"high\" decoding=\"async\" width=\"640\" height=\"479\" src=\"https:\/\/blog.hascorburkina.com\/wp-content\/uploads\/2023\/05\/arton121817.jpg\" class=\"attachment-full size-full wp-image-3249\" alt=\"\" srcset=\"https:\/\/blog.hascorburkina.com\/wp-content\/uploads\/2023\/05\/arton121817.jpg 640w, https:\/\/blog.hascorburkina.com\/wp-content\/uploads\/2023\/05\/arton121817-600x449.jpg 600w, https:\/\/blog.hascorburkina.com\/wp-content\/uploads\/2023\/05\/arton121817-300x225.jpg 300w\" sizes=\"(max-width: 640px) 100vw, 640px\" \/>\t\t\t\t\t\t\t\t\t\t\t\t\t\t\t<\/div>\n\t\t\t\t<\/div>\n\t\t\t\t\t<\/div>\n\t\t<\/div>\n\t\t\t\t<div class=\"elementor-column elementor-col-50 elementor-top-column elementor-element elementor-element-3c18595\" data-id=\"3c18595\" data-element_type=\"column\" data-e-type=\"column\">\n\t\t\t<div class=\"elementor-widget-wrap elementor-element-populated\">\n\t\t\t\t\t\t<div class=\"elementor-element elementor-element-dda522b elementor-widget elementor-widget-text-editor\" data-id=\"dda522b\" data-element_type=\"widget\" data-e-type=\"widget\" data-widget_type=\"text-editor.default\">\n\t\t\t\t<div class=\"elementor-widget-container\">\n\t\t\t\t\t\t\t\t\t<p>Le Centre hospitalier universitaire Yalgado Ou\u00e9draogo, avec l\u2019appui du Centre de r\u00e9ponse aux urgences sanitaires (CORUS) et d\u2019autres partenaires, a organis\u00e9, ce samedi 27 mai 2023, un exercice de simulation grandeur nature pour tester le plan blanc de l\u2019h\u00f4pital. Il s\u2019agit d\u2019un exercice au cours duquel un important nombre de patients arrivent au CHU \u00e0 la suite d\u2019une situation d\u2019urgence (catastrophe, intoxication, etc.). Comment l\u2019h\u00f4pital s\u2019organise-t-il pour leur prise en charge\u00a0?<\/p><div class=\"article_content\"><p>Une situation d\u2019urgence sanitaire peut survenir \u00e0 tout moment, n\u00e9cessitant la prise en charge d\u2019un grand nombre de patients. Ce fut par exemple le cas de l\u2019afflux de bless\u00e9s lors de l\u2019attaque de Cappuccino en 2016. L\u2019h\u00f4pital Yalgado Ou\u00e9draogo, qui est le plus ancien et l\u2019un des plus grands centres hospitaliers du Burkina, doit donc se pr\u00e9parer en cons\u00e9quence pour y faire face.<\/p><p>C\u2019est pourquoi, avec l\u2019appui de ses partenaires, notamment le CORUS, l\u2019h\u00f4pital a r\u00e9dig\u00e9 un plan blanc.\u00a0<\/p><\/div>\t\t\t\t\t\t\t\t<\/div>\n\t\t\t\t<\/div>\n\t\t\t\t\t<\/div>\n\t\t<\/div>\n\t\t\t\t\t<\/div>\n\t\t<\/section>\n\t\t\t\t<section class=\"elementor-section elementor-top-section elementor-element elementor-element-28612d5 elementor-section-boxed elementor-section-height-default elementor-section-height-default\" data-id=\"28612d5\" data-element_type=\"section\" data-e-type=\"section\">\n\t\t\t\t\t\t<div class=\"elementor-container elementor-column-gap-default\">\n\t\t\t\t\t<div class=\"elementor-column elementor-col-100 elementor-top-column elementor-element elementor-element-f1b3472\" data-id=\"f1b3472\" data-element_type=\"column\" data-e-type=\"column\">\n\t\t\t<div class=\"elementor-widget-wrap elementor-element-populated\">\n\t\t\t\t\t\t<div class=\"elementor-element elementor-element-3ec1384 elementor-widget elementor-widget-text-editor\" data-id=\"3ec1384\" data-element_type=\"widget\" data-e-type=\"widget\" data-widget_type=\"text-editor.default\">\n\t\t\t\t<div class=\"elementor-widget-container\">\n\t\t\t\t\t\t\t\t\t<p>Ce plan permet de savoir comment r\u00e9agir en cas d\u2019urgence. \u00ab\u00a0C\u2019est un r\u00e9f\u00e9rentiel con\u00e7u par l\u2019ensemble des acteurs pour faire face \u00e0 un \u00e9ventuel afflux massif de patients que nous recevrons au CHU Yalgado Ou\u00e9draogo, quelle que soit la circonstance, quelle que soit l\u2019origine\u00a0\u00bb, a expliqu\u00e9 Ousmane N\u00e9r\u00e9, directeur g\u00e9n\u00e9ral du CHU Yalgado Ou\u00e9draogo.<\/p><p>Et c\u2019est pour \u00e9prouver la coh\u00e9rence de ce plan blanc, identifier ses forces et faiblesses qu\u2019a \u00e9t\u00e9 initi\u00e9 cet exercice de simulation grandeur nature d\u2019une situation d\u2019urgence. Il a \u00e9t\u00e9 organis\u00e9 en collaboration avec l\u2019OMS, Jhpieogo, AFNET, la Croix-Rouge, la Brigade nationale des sapeurs-pompiers, les forces de s\u00e9curit\u00e9 et le CORUS.<\/p><dl class=\"spip_document_151622 spip_documents spip_documents_center\"><dt><img decoding=\"async\" src=\"https:\/\/lefaso.net\/local\/cache-vignettes\/L600xH450\/img-20230528-wa0053-79dc3.jpg?1685314869\" alt=\"\" width=\"600\" height=\"450\" \/><\/dt><dd class=\"spip_doc_descriptif\"><i>Ousmane N\u00e9r\u00e9, directeur g\u00e9n\u00e9ral du CHU Yalgado-Ou\u00e9draogo.<\/i><\/dd><\/dl><p>D\u00e9fil\u00e9 d\u2019ambulances, afflux d\u2019un grand nombre de victimes en l\u2019espace d\u2019une heure et l\u2019occasion de tester les services de l\u2019h\u00f4pital, notamment les services de soins et d\u2019aide au diagnostic, dans la gestion de ces patients. Un exercice n\u00e9cessaire, \u00e0 en croire Pr Nazinigouba Ou\u00e9draogo, professeur d\u2019anesth\u00e9sie-r\u00e9animation, chef du d\u00e9partement d\u2019anesth\u00e9sie- r\u00e9animation du CHU Yalgado Ou\u00e9draogo et coordonnateur m\u00e9dical du plan blanc.<\/p><p>\u00ab\u00a0Pour \u00eatre efficace, il faut avoir pens\u00e9 \u00e0 l\u2019avance comment faire et \u00e9crire cela sous la forme d\u2019un plan coh\u00e9rent pour permettre d\u2019organiser les moyens aussi bien humains que mat\u00e9riels pour r\u00e9pondre \u00e0 la situation (&#8230;) On peut avoir \u00e9crit un tr\u00e8s beau plan et puis quand on commence \u00e0 le mettre en \u0153uvre, \u00e7a ne va pas du tout, tout va de travers. Donc il est n\u00e9cessaire de faire des exercices (&#8230;) D\u00e9j\u00e0 en temps normal, que ce soit en traumatologie, aux urgences m\u00e9dicales ou \u00e0 la maternit\u00e9, nos patients sont \u00e0 terre. \u00c7a c\u2019est ce qui nous arrive au quotidien. Mais si 20, 30, 50, 100 victimes arrivent, comment cela va se passer\u00a0? C\u2019est ce \u00e0 quoi r\u00e9pond ce test\u00a0\u00bb, confie Pr Ou\u00e9draogo.<\/p><p>Dr Joseph Soubeiga, directeur du CORUS, a expliqu\u00e9 que l\u2019exercice va permettre de tester plusieurs fonctions du plan blanc, notamment la capacit\u00e9 de l\u2019\u00e9quipe de crise du CHU \u00e0 coordonner une urgence sanitaire. L\u2019exercice va aussi tester les capacit\u00e9s des structures m\u00e9dicales \u00e0 prendre en charge les victimes et aussi la capacit\u00e9 de la cellule de crise \u00e0 communiquer avec le public et \u00e0 g\u00e9rer l\u2019afflux des patients et des accompagnants de malades.<\/p><p>\u00c0 l\u2019issue de l\u2019exercice, une fois les insuffisances constat\u00e9es, des recommandations seront formul\u00e9es afin de r\u00e9adapter le plan blanc, de sorte \u00e0 ce que l\u2019h\u00f4pital puisse faire face de fa\u00e7on efficace \u00e0 une urgence sanitaire.<\/p><p><strong>Justine Bonkoungou<\/strong><\/p>\t\t\t\t\t\t\t\t<\/div>\n\t\t\t\t<\/div>\n\t\t\t\t\t<\/div>\n\t\t<\/div>\n\t\t\t\t\t<\/div>\n\t\t<\/section>\n\t\t\t\t<\/div>\n\t\t","protected":false},"excerpt":{"rendered":"<p>Sant\u00e9 : Le Centre hospitalier universitaire Yalgado Ou\u00e9draogo teste son plan blanc Le Centre hospitalier universitaire Yalgado Ou\u00e9draogo, avec l\u2019appui du Centre de r\u00e9ponse aux urgences sanitaires (CORUS) et d\u2019autres partenaires, a organis\u00e9, ce samedi 27 mai 2023, un exercice de simulation grandeur nature pour tester le plan blanc de l\u2019h\u00f4pital. Il s\u2019agit d\u2019un exercice [&hellip;]<\/p>\n","protected":false},"author":2,"featured_media":0,"parent":0,"menu_order":0,"comment_status":"closed","ping_status":"closed","template":"","meta":{"site-sidebar-layout":"no-sidebar","site-content-layout":"page-builder","ast-site-content-layout":"default","site-content-style":"default","site-sidebar-style":"default","ast-global-header-display":"","ast-banner-title-visibility":"","ast-main-header-display":"","ast-hfb-above-header-display":"","ast-hfb-below-header-display":"","ast-hfb-mobile-header-display":"","site-post-title":"disabled","ast-breadcrumbs-content":"","ast-featured-img":"disabled","footer-sml-layout":"","theme-transparent-header-meta":"","adv-header-id-meta":"","stick-header-meta":"","header-above-stick-meta":"","header-main-stick-meta":"","header-below-stick-meta":"","astra-migrate-meta-layouts":"default","ast-page-background-enabled":"default","ast-page-background-meta":{"desktop":{"background-color":"","background-image":"","background-repeat":"repeat","background-position":"center center","background-size":"auto","background-attachment":"scroll","background-type":"","background-media":"","overlay-type":"","overlay-color":"","overlay-opacity":"","overlay-gradient":""},"tablet":{"background-color":"","background-image":"","background-repeat":"repeat","background-position":"center center","background-size":"auto","background-attachment":"scroll","background-type":"","background-media":"","overlay-type":"","overlay-color":"","overlay-opacity":"","overlay-gradient":""},"mobile":{"background-color":"","background-image":"","background-repeat":"repeat","background-position":"center center","background-size":"auto","background-attachment":"scroll","background-type":"","background-media":"","overlay-type":"","overlay-color":"","overlay-opacity":"","overlay-gradient":""}},"ast-content-background-meta":{"desktop":{"background-color":"var(--ast-global-color-5)","background-image":"","background-repeat":"repeat","background-position":"center center","background-size":"auto","background-attachment":"scroll","background-type":"","background-media":"","overlay-type":"","overlay-color":"","overlay-opacity":"","overlay-gradient":""},"tablet":{"background-color":"var(--ast-global-color-5)","background-image":"","background-repeat":"repeat","background-position":"center center","background-size":"auto","background-attachment":"scroll","background-type":"","background-media":"","overlay-type":"","overlay-color":"","overlay-opacity":"","overlay-gradient":""},"mobile":{"background-color":"var(--ast-global-color-5)","background-image":"","background-repeat":"repeat","background-position":"center center","background-size":"auto","background-attachment":"scroll","background-type":"","background-media":"","overlay-type":"","overlay-color":"","overlay-opacity":"","overlay-gradient":""}},"footnotes":""},"class_list":["post-3250","page","type-page","status-publish","hentry"],"jetpack_sharing_enabled":true,"rttpg_featured_image_url":null,"rttpg_author":{"display_name":"Hascor Burkina","author_link":"https:\/\/blog.hascorburkina.com\/index.php\/author\/hascorblog\/"},"rttpg_comment":0,"rttpg_category":null,"rttpg_excerpt":"Sant\u00e9 : Le Centre hospitalier universitaire Yalgado Ou\u00e9draogo teste son plan blanc Le Centre hospitalier universitaire Yalgado Ou\u00e9draogo, avec l\u2019appui du Centre de r\u00e9ponse aux urgences sanitaires (CORUS) et d\u2019autres partenaires, a organis\u00e9, ce samedi 27 mai 2023, un exercice de simulation grandeur nature pour tester le plan blanc de l\u2019h\u00f4pital. Il s\u2019agit d\u2019un exercice\u2026","_links":{"self":[{"href":"https:\/\/blog.hascorburkina.com\/index.php\/wp-json\/wp\/v2\/pages\/3250","targetHints":{"allow":["GET"]}}],"collection":[{"href":"https:\/\/blog.hascorburkina.com\/index.php\/wp-json\/wp\/v2\/pages"}],"about":[{"href":"https:\/\/blog.hascorburkina.com\/index.php\/wp-json\/wp\/v2\/types\/page"}],"author":[{"embeddable":true,"href":"https:\/\/blog.hascorburkina.com\/index.php\/wp-json\/wp\/v2\/users\/2"}],"replies":[{"embeddable":true,"href":"https:\/\/blog.hascorburkina.com\/index.php\/wp-json\/wp\/v2\/comments?post=3250"}],"version-history":[{"count":4,"href":"https:\/\/blog.hascorburkina.com\/index.php\/wp-json\/wp\/v2\/pages\/3250\/revisions"}],"predecessor-version":[{"id":3255,"href":"https:\/\/blog.hascorburkina.com\/index.php\/wp-json\/wp\/v2\/pages\/3250\/revisions\/3255"}],"wp:attachment":[{"href":"https:\/\/blog.hascorburkina.com\/index.php\/wp-json\/wp\/v2\/media?parent=3250"}],"curies":[{"name":"wp","href":"https:\/\/api.w.org\/{rel}","templated":true}]}}