{"id":3243,"date":"2023-05-29T10:11:15","date_gmt":"2023-05-29T10:11:15","guid":{"rendered":"https:\/\/blog.hascorburkina.com\/?page_id=3243"},"modified":"2023-05-29T10:57:45","modified_gmt":"2023-05-29T10:57:45","slug":"actualite-17","status":"publish","type":"page","link":"https:\/\/blog.hascorburkina.com\/index.php\/actualite-17\/","title":{"rendered":"actualit\u00e9"},"content":{"rendered":"\t\t<div data-elementor-type=\"wp-page\" data-elementor-id=\"3243\" class=\"elementor elementor-3243\">\n\t\t\t\t\t\t<section class=\"elementor-section elementor-top-section elementor-element elementor-element-491ff06 elementor-section-boxed elementor-section-height-default elementor-section-height-default\" data-id=\"491ff06\" data-element_type=\"section\" data-e-type=\"section\">\n\t\t\t\t\t\t<div class=\"elementor-container elementor-column-gap-default\">\n\t\t\t\t\t<div class=\"elementor-column elementor-col-100 elementor-top-column elementor-element elementor-element-696b900\" data-id=\"696b900\" data-element_type=\"column\" data-e-type=\"column\">\n\t\t\t<div class=\"elementor-widget-wrap elementor-element-populated\">\n\t\t\t\t\t\t<div class=\"elementor-element elementor-element-51a838e elementor-widget elementor-widget-heading\" data-id=\"51a838e\" data-element_type=\"widget\" data-e-type=\"widget\" data-widget_type=\"heading.default\">\n\t\t\t\t<div class=\"elementor-widget-container\">\n\t\t\t\t\t<h2 class=\"elementor-heading-title elementor-size-default\"><span style=\"text-transform: capitalize\">Production<\/span> de timbres fiscaux au<span style=\"text-transform: capitalize\"> Burkina<\/span> : On en devient tous timbr\u00e9s !<\/h2>\t\t\t\t<\/div>\n\t\t\t\t<\/div>\n\t\t\t\t\t<\/div>\n\t\t<\/div>\n\t\t\t\t\t<\/div>\n\t\t<\/section>\n\t\t\t\t<section class=\"elementor-section elementor-top-section elementor-element elementor-element-1eb8e43 elementor-section-content-middle elementor-section-boxed elementor-section-height-default elementor-section-height-default\" data-id=\"1eb8e43\" data-element_type=\"section\" data-e-type=\"section\" data-settings=\"{&quot;background_background&quot;:&quot;classic&quot;}\">\n\t\t\t\t\t\t\t<div class=\"elementor-background-overlay\"><\/div>\n\t\t\t\t\t\t\t<div class=\"elementor-container elementor-column-gap-no\">\n\t\t\t\t\t<div class=\"elementor-column elementor-col-50 elementor-top-column elementor-element elementor-element-819b67b\" data-id=\"819b67b\" data-element_type=\"column\" data-e-type=\"column\">\n\t\t\t<div class=\"elementor-widget-wrap elementor-element-populated\">\n\t\t\t\t\t\t<div class=\"elementor-element elementor-element-8334f23 elementor-widget elementor-widget-image\" data-id=\"8334f23\" data-element_type=\"widget\" data-e-type=\"widget\" data-widget_type=\"image.default\">\n\t\t\t\t<div class=\"elementor-widget-container\">\n\t\t\t\t\t\t\t\t\t\t\t\t\t\t\t<img fetchpriority=\"high\" decoding=\"async\" width=\"640\" height=\"403\" src=\"https:\/\/blog.hascorburkina.com\/wp-content\/uploads\/2023\/05\/arton121811.jpg\" class=\"attachment-full size-full wp-image-3242\" alt=\"\" srcset=\"https:\/\/blog.hascorburkina.com\/wp-content\/uploads\/2023\/05\/arton121811.jpg 640w, https:\/\/blog.hascorburkina.com\/wp-content\/uploads\/2023\/05\/arton121811-600x378.jpg 600w, https:\/\/blog.hascorburkina.com\/wp-content\/uploads\/2023\/05\/arton121811-300x189.jpg 300w\" sizes=\"(max-width: 640px) 100vw, 640px\" \/>\t\t\t\t\t\t\t\t\t\t\t\t\t\t\t<\/div>\n\t\t\t\t<\/div>\n\t\t\t\t\t<\/div>\n\t\t<\/div>\n\t\t\t\t<div class=\"elementor-column elementor-col-50 elementor-top-column elementor-element elementor-element-1812343\" data-id=\"1812343\" data-element_type=\"column\" data-e-type=\"column\">\n\t\t\t<div class=\"elementor-widget-wrap elementor-element-populated\">\n\t\t\t\t\t\t<div class=\"elementor-element elementor-element-77b4f5d elementor-widget elementor-widget-text-editor\" data-id=\"77b4f5d\" data-element_type=\"widget\" data-e-type=\"widget\" data-widget_type=\"text-editor.default\">\n\t\t\t\t<div class=\"elementor-widget-container\">\n\t\t\t\t\t\t\t\t\t<p><strong>Au sortir du conseil des ministres du 24 mai 2023, le ministre d\u2019Etat, ministre de la fonction publique du travail et de la protection sociale, a entam\u00e9 un\u00a0<a href=\"https:\/\/lefaso.net\/spip.php?article121735\">exercice nouveau<\/a>\u00a0dans la communication gouvernementale qui s\u2019apparente \u00e0 des commentaires sur ce qui fait le buzz sur les r\u00e9seaux sociaux et dans les m\u00e9dias. Notamment sur la production au Burkina Faso des timbres fiscaux et le d\u00e9compte du nombre de personnes d\u00e9plac\u00e9es internes.<\/strong><\/p><div class=\"article_content\"><p>Quand bien m\u00eame il a dit qu\u2019il parlait au nom de ses chefs hi\u00e9rarchiques, le Premier ministre et le chef de l\u2019Etat, et que ses coll\u00e8gues ministres viendront compl\u00e9ter ses propos, nous avons \u00e9t\u00e9 surpris de constater que les sujets abord\u00e9s par l\u2019ancien \u00ab\u00a0g\u00e9n\u00e9ral des travailleurs\u00a0\u00bb, le ministre d\u2019Etat Bassolma Bazi\u00e9 ne figurent pas au compte rendu du conseil des ministres du 24 mai 2023. Jusqu\u2019\u00e0 plus amples informations, ce constat nous r\u00e9jouit. Car pour \u00eatre franc avec notre ministre d\u2019Etat qui a demand\u00e9 au peuple burkinab\u00e8 la franchise envers les gouvernants, son intervention pose quelques probl\u00e8mes.<\/p><\/div>\t\t\t\t\t\t\t\t<\/div>\n\t\t\t\t<\/div>\n\t\t\t\t\t<\/div>\n\t\t<\/div>\n\t\t\t\t\t<\/div>\n\t\t<\/section>\n\t\t\t\t<section class=\"elementor-section elementor-top-section elementor-element elementor-element-8839dd7 elementor-section-boxed elementor-section-height-default elementor-section-height-default\" data-id=\"8839dd7\" data-element_type=\"section\" data-e-type=\"section\">\n\t\t\t\t\t\t<div class=\"elementor-container elementor-column-gap-default\">\n\t\t\t\t\t<div class=\"elementor-column elementor-col-100 elementor-top-column elementor-element elementor-element-09f20ae\" data-id=\"09f20ae\" data-element_type=\"column\" data-e-type=\"column\">\n\t\t\t<div class=\"elementor-widget-wrap elementor-element-populated\">\n\t\t\t\t\t\t<div class=\"elementor-element elementor-element-2f01069 elementor-widget elementor-widget-text-editor\" data-id=\"2f01069\" data-element_type=\"widget\" data-e-type=\"widget\" data-widget_type=\"text-editor.default\">\n\t\t\t\t<div class=\"elementor-widget-container\">\n\t\t\t\t\t\t\t\t\t<p>Le Burkina Faso produira lui-m\u00eame ses timbres fiscaux et un op\u00e9rateur semble m\u00eame avoir \u00e9t\u00e9 trouv\u00e9 et il aurait rencontr\u00e9 le pr\u00e9sident de la transition, selon la communication faite par le ministre d\u2019Etat charg\u00e9 de la fonction publique.<\/p><p><strong>Timbres fiscaux made in Burkina<\/strong><\/p><p>Le ministre d\u2019Etat dit que sa communication sur les sujets qu\u2019il a abord\u00e9s est un ramass\u00e9, un rassembl\u00e9, en somme un raccourci. Et c\u2019est l\u00e0 que le b\u00e2t blesse, car la Direction g\u00e9n\u00e9rale des imp\u00f4ts (DGI) a annonc\u00e9 qu\u2019elle va mettre en circulation le timbre fiscal de 200 FCFA qui est en rupture. Ce timbre command\u00e9 en France n\u2019a-t-il pas \u00e9t\u00e9 livr\u00e9\u00a0?<\/p><p>Et s\u2019il est livr\u00e9, il faudra le payer et m\u00eame s\u2019il n\u2019est pas livr\u00e9, le seul bon de commande sign\u00e9 quand on le r\u00e9silie, il y a des co\u00fbts selon les contrats. La question est de savoir quels \u00e9taient les crit\u00e8res du choix du fournisseur du timbre\u00a0? La commission devrait-elle choisir un soumissionnaire local en priorit\u00e9, ou les rapports qualit\u00e9, prix s\u00e9curit\u00e9 entraient en ligne de compte\u00a0? La DGI a-t-elle fait une faute, elle qui dans ses perspectives envisageait aussi la production du timbre au Burkina\u00a0? Autant de questions non abord\u00e9es. Le ministre se focalisant sur la production au Faso du timbre et non en France.<\/p><p>Verra-t-on d\u00e9sormais tous nos probl\u00e8mes sous le seul prisme France ou pas France\u00a0? Le ministre en a dit trop et pas assez\u00a0: la rencontre entre un potentiel fournisseur avec le pr\u00e9sident du Faso vaut-il bon de commande, quand bien m\u00eame cet expert a convaincu de la qualit\u00e9 de sa proposition\u00a0?<\/p><p>Le ministre pr\u00e9tend que le co\u00fbt ne serait pas un probl\u00e8me parce que le fournisseur serait Burkinab\u00e8. De sa part, cela nous assomme. Il y a quelques temps il aurait piqu\u00e9 une col\u00e8re noire qu\u2019on puisse le penser. Autres temps, autres fonctions, autres m\u0153urs. Mais c\u2019est un uppercut dans la t\u00eate pour qui se soucie de la bonne administration du bien public en ces temps de crise s\u00e9curitaire et humanitaire o\u00f9 l\u2019argent manque le plus.<\/p><p>Le conseil des ministres, les ministres et le pr\u00e9sident approuvent les march\u00e9s selon des proc\u00e9dures \u00e9tablies et connues. Et son discours sur la production des timbres au Burkina n\u2019en dit rien. Les proc\u00e9dures de passation des march\u00e9s publics sont soumises \u00e0 des principes comme l\u2019\u00e9conomie et l\u2019efficacit\u00e9 du processus, la libert\u00e9 d\u2019acc\u00e8s \u00e0 la commande publique, l\u2019\u00e9galit\u00e9 de traitement des candidats et la transparence du processus de passation.<\/p><p>Le discours du ministre d\u2019Etat ne permet pas de savoir quelle sera le processus, surtout qu\u2019il parle de l\u2019imminence de la production. Si le timbre est produit au Burkina, tous les candidats ont-ils la possibilit\u00e9 de concourir en proposant leurs offres\u00a0? Peut-\u00eatre que d\u2019autres Burkinab\u00e8 ont des solutions \u00e0 proposer, l\u2019Etat ne devrait pas faire de discrimination. L\u2019avenir nous dira davantage sur cette affaire de production locale de timbres fiscaux car l\u2019intervention du ministre d\u2019Etat am\u00e8ne \u00e0 se poser plus de questions qu\u2019elle n\u2019en \u00e9claire.<\/p><p><strong>Les deux millions de personnes d\u00e9plac\u00e9es internes<\/strong><\/p><p>Voici une question aussi abord\u00e9e par le ministre o\u00f9 on n\u2019a pas eu des informations pr\u00e9cises. Sauf que le chiffre du Conseil national de secours d\u2019urgence et de r\u00e9habilitation (CONASUR) ne tient pas compte des personnes d\u00e9plac\u00e9es qui sont retourn\u00e9es dans leurs localit\u00e9s d\u2019origine. Combien sont-elles ces personnes\u00a0? Le ministre d\u2019Etat ne le dit pas, mais nous assure que la plateforme sera remise \u00e0 jour. Mais on est vraiment surpris de cette contestation des chiffres du gouvernement par un membre du gouvernement.<\/p><p>Les personnes d\u00e9plac\u00e9es internes sont connues du CONASUR et on imagine difficilement que des d\u00e9plac\u00e9s ne prennent pas les vivres et que les services sociaux qui les distribuent ne sont pas au courant. Quel est cet organe qui conna\u00eet les retours des personnes d\u00e9plac\u00e9es internes mieux que les services de l\u2019action sociale\u00a0? Il y a un malaise \u00e0 voir le gouvernement saper lui-m\u00eame sa cr\u00e9dibilit\u00e9. Avoir des difficult\u00e9s ne signifie pas qu\u2019on ne peut pas les surmonter, mais refuser d\u2019accepter la r\u00e9alit\u00e9 ou essayer de l\u2019enjoliver n\u2019est pas le meilleur moyen de trouver la solution.<\/p><p>Au total cet exercice du ministre d\u2019Etat n\u2019a fait que cr\u00e9er des supputations sur la coh\u00e9rence du gouvernement, l\u2019envie de celui-ci de plaire \u00e0 une portion de la population.<\/p><p><strong>Sana Guy<\/strong><\/p>\t\t\t\t\t\t\t\t<\/div>\n\t\t\t\t<\/div>\n\t\t\t\t\t<\/div>\n\t\t<\/div>\n\t\t\t\t\t<\/div>\n\t\t<\/section>\n\t\t\t\t<\/div>\n\t\t","protected":false},"excerpt":{"rendered":"<p>Production de timbres fiscaux au Burkina : On en devient tous timbr\u00e9s ! Au sortir du conseil des ministres du 24 mai 2023, le ministre d\u2019Etat, ministre de la fonction publique du travail et de la protection sociale, a entam\u00e9 un\u00a0exercice nouveau\u00a0dans la communication gouvernementale qui s\u2019apparente \u00e0 des commentaires sur ce qui fait le [&hellip;]<\/p>\n","protected":false},"author":2,"featured_media":0,"parent":0,"menu_order":0,"comment_status":"closed","ping_status":"closed","template":"","meta":{"site-sidebar-layout":"no-sidebar","site-content-layout":"page-builder","ast-site-content-layout":"default","site-content-style":"default","site-sidebar-style":"default","ast-global-header-display":"","ast-banner-title-visibility":"","ast-main-header-display":"","ast-hfb-above-header-display":"","ast-hfb-below-header-display":"","ast-hfb-mobile-header-display":"","site-post-title":"disabled","ast-breadcrumbs-content":"","ast-featured-img":"disabled","footer-sml-layout":"","theme-transparent-header-meta":"","adv-header-id-meta":"","stick-header-meta":"","header-above-stick-meta":"","header-main-stick-meta":"","header-below-stick-meta":"","astra-migrate-meta-layouts":"default","ast-page-background-enabled":"default","ast-page-background-meta":{"desktop":{"background-color":"","background-image":"","background-repeat":"repeat","background-position":"center center","background-size":"auto","background-attachment":"scroll","background-type":"","background-media":"","overlay-type":"","overlay-color":"","overlay-opacity":"","overlay-gradient":""},"tablet":{"background-color":"","background-image":"","background-repeat":"repeat","background-position":"center center","background-size":"auto","background-attachment":"scroll","background-type":"","background-media":"","overlay-type":"","overlay-color":"","overlay-opacity":"","overlay-gradient":""},"mobile":{"background-color":"","background-image":"","background-repeat":"repeat","background-position":"center center","background-size":"auto","background-attachment":"scroll","background-type":"","background-media":"","overlay-type":"","overlay-color":"","overlay-opacity":"","overlay-gradient":""}},"ast-content-background-meta":{"desktop":{"background-color":"var(--ast-global-color-5)","background-image":"","background-repeat":"repeat","background-position":"center center","background-size":"auto","background-attachment":"scroll","background-type":"","background-media":"","overlay-type":"","overlay-color":"","overlay-opacity":"","overlay-gradient":""},"tablet":{"background-color":"var(--ast-global-color-5)","background-image":"","background-repeat":"repeat","background-position":"center center","background-size":"auto","background-attachment":"scroll","background-type":"","background-media":"","overlay-type":"","overlay-color":"","overlay-opacity":"","overlay-gradient":""},"mobile":{"background-color":"var(--ast-global-color-5)","background-image":"","background-repeat":"repeat","background-position":"center center","background-size":"auto","background-attachment":"scroll","background-type":"","background-media":"","overlay-type":"","overlay-color":"","overlay-opacity":"","overlay-gradient":""}},"footnotes":""},"class_list":["post-3243","page","type-page","status-publish","hentry"],"jetpack_sharing_enabled":true,"rttpg_featured_image_url":null,"rttpg_author":{"display_name":"Hascor Burkina","author_link":"https:\/\/blog.hascorburkina.com\/index.php\/author\/hascorblog\/"},"rttpg_comment":0,"rttpg_category":null,"rttpg_excerpt":"Production de timbres fiscaux au Burkina : On en devient tous timbr\u00e9s ! Au sortir du conseil des ministres du 24 mai 2023, le ministre d\u2019Etat, ministre de la fonction publique du travail et de la protection sociale, a entam\u00e9 un\u00a0exercice nouveau\u00a0dans la communication gouvernementale qui s\u2019apparente \u00e0 des commentaires sur ce qui fait le\u2026","_links":{"self":[{"href":"https:\/\/blog.hascorburkina.com\/index.php\/wp-json\/wp\/v2\/pages\/3243","targetHints":{"allow":["GET"]}}],"collection":[{"href":"https:\/\/blog.hascorburkina.com\/index.php\/wp-json\/wp\/v2\/pages"}],"about":[{"href":"https:\/\/blog.hascorburkina.com\/index.php\/wp-json\/wp\/v2\/types\/page"}],"author":[{"embeddable":true,"href":"https:\/\/blog.hascorburkina.com\/index.php\/wp-json\/wp\/v2\/users\/2"}],"replies":[{"embeddable":true,"href":"https:\/\/blog.hascorburkina.com\/index.php\/wp-json\/wp\/v2\/comments?post=3243"}],"version-history":[{"count":5,"href":"https:\/\/blog.hascorburkina.com\/index.php\/wp-json\/wp\/v2\/pages\/3243\/revisions"}],"predecessor-version":[{"id":3259,"href":"https:\/\/blog.hascorburkina.com\/index.php\/wp-json\/wp\/v2\/pages\/3243\/revisions\/3259"}],"wp:attachment":[{"href":"https:\/\/blog.hascorburkina.com\/index.php\/wp-json\/wp\/v2\/media?parent=3243"}],"curies":[{"name":"wp","href":"https:\/\/api.w.org\/{rel}","templated":true}]}}