{"id":3225,"date":"2023-05-26T09:35:19","date_gmt":"2023-05-26T09:35:19","guid":{"rendered":"https:\/\/blog.hascorburkina.com\/?page_id=3225"},"modified":"2023-05-26T09:37:51","modified_gmt":"2023-05-26T09:37:51","slug":"actualite-16","status":"publish","type":"page","link":"https:\/\/blog.hascorburkina.com\/index.php\/actualite-16\/","title":{"rendered":"actualite"},"content":{"rendered":"\t\t<div data-elementor-type=\"wp-page\" data-elementor-id=\"3225\" class=\"elementor elementor-3225\">\n\t\t\t\t\t\t<section class=\"elementor-section elementor-top-section elementor-element elementor-element-9879f30 elementor-section-boxed elementor-section-height-default elementor-section-height-default\" data-id=\"9879f30\" data-element_type=\"section\" data-e-type=\"section\">\n\t\t\t\t\t\t<div class=\"elementor-container elementor-column-gap-default\">\n\t\t\t\t\t<div class=\"elementor-column elementor-col-100 elementor-top-column elementor-element elementor-element-e18bbd8\" data-id=\"e18bbd8\" data-element_type=\"column\" data-e-type=\"column\">\n\t\t\t<div class=\"elementor-widget-wrap elementor-element-populated\">\n\t\t\t\t\t\t<div class=\"elementor-element elementor-element-d8ea514 elementor-widget elementor-widget-heading\" data-id=\"d8ea514\" data-element_type=\"widget\" data-e-type=\"widget\" data-widget_type=\"heading.default\">\n\t\t\t\t<div class=\"elementor-widget-container\">\n\t\t\t\t\t<h2 class=\"elementor-heading-title elementor-size-default\"><span style=\"text-transform: capitalize\">Burkina Faso : La SONATUR <\/span>reporte l\u2019op\u00e9ration de commercialisation des parcelles sur le site de Ziniar\u00e9<\/h2>\t\t\t\t<\/div>\n\t\t\t\t<\/div>\n\t\t\t\t\t<\/div>\n\t\t<\/div>\n\t\t\t\t\t<\/div>\n\t\t<\/section>\n\t\t\t\t<section class=\"elementor-section elementor-top-section elementor-element elementor-element-a6f6af0 elementor-section-content-middle elementor-section-boxed elementor-section-height-default elementor-section-height-default\" data-id=\"a6f6af0\" data-element_type=\"section\" data-e-type=\"section\" data-settings=\"{&quot;background_background&quot;:&quot;classic&quot;}\">\n\t\t\t\t\t\t\t<div class=\"elementor-background-overlay\"><\/div>\n\t\t\t\t\t\t\t<div class=\"elementor-container elementor-column-gap-no\">\n\t\t\t\t\t<div class=\"elementor-column elementor-col-50 elementor-top-column elementor-element elementor-element-7b6ef84\" data-id=\"7b6ef84\" data-element_type=\"column\" data-e-type=\"column\">\n\t\t\t<div class=\"elementor-widget-wrap elementor-element-populated\">\n\t\t\t\t\t\t<div class=\"elementor-element elementor-element-257015f elementor-widget elementor-widget-image\" data-id=\"257015f\" data-element_type=\"widget\" data-e-type=\"widget\" data-widget_type=\"image.default\">\n\t\t\t\t<div class=\"elementor-widget-container\">\n\t\t\t\t\t\t\t\t\t\t\t\t\t\t\t<img fetchpriority=\"high\" decoding=\"async\" width=\"640\" height=\"480\" src=\"https:\/\/blog.hascorburkina.com\/wp-content\/uploads\/2023\/05\/arton121757.jpg\" class=\"attachment-full size-full wp-image-3224\" alt=\"\" srcset=\"https:\/\/blog.hascorburkina.com\/wp-content\/uploads\/2023\/05\/arton121757.jpg 640w, https:\/\/blog.hascorburkina.com\/wp-content\/uploads\/2023\/05\/arton121757-600x450.jpg 600w, https:\/\/blog.hascorburkina.com\/wp-content\/uploads\/2023\/05\/arton121757-300x225.jpg 300w\" sizes=\"(max-width: 640px) 100vw, 640px\" \/>\t\t\t\t\t\t\t\t\t\t\t\t\t\t\t<\/div>\n\t\t\t\t<\/div>\n\t\t\t\t\t<\/div>\n\t\t<\/div>\n\t\t\t\t<div class=\"elementor-column elementor-col-50 elementor-top-column elementor-element elementor-element-3d471cc\" data-id=\"3d471cc\" data-element_type=\"column\" data-e-type=\"column\">\n\t\t\t<div class=\"elementor-widget-wrap elementor-element-populated\">\n\t\t\t\t\t\t<div class=\"elementor-element elementor-element-3bb3dc4 elementor-widget elementor-widget-text-editor\" data-id=\"3bb3dc4\" data-element_type=\"widget\" data-e-type=\"widget\" data-widget_type=\"text-editor.default\">\n\t\t\t\t<div class=\"elementor-widget-container\">\n\t\t\t\t\t\t\t\t\t<p><strong>La c\u00e9r\u00e9monie qui devrait annoncer le lancement de la commercialisation des parcelles du site de la Soci\u00e9t\u00e9 nationale d\u2019am\u00e9nagement des terrains urbains (SONATUR) de Ziniar\u00e9 a laiss\u00e9 place \u00e0 un report. La c\u00e9r\u00e9monie de lancement de cette campagne de commercialisation de ces parcelles en cours de viabilisation a tout de m\u00eame eu lieu ce jeudi 25 mai 2023 \u00e0 Ziniar\u00e9, en pr\u00e9sence du ministre de l\u2019urbanisme, des affaires fonci\u00e8res et de l\u2019habitat Mika\u00eflou Sidib\u00e9, des autorit\u00e9s r\u00e9gionales et communales.<\/strong><\/p><div class=\"article_content\"><p>Le gouvernement de la Transition, \u00e0 travers la politique nationale de l\u2019habitat et du d\u00e9veloppement urbain, entend traiter avec plus d\u2019efficacit\u00e9 et de responsabilit\u00e9, la question de la gestion fonci\u00e8re, d\u2019am\u00e9nagement urbain et de logement au Burkina Faso. C\u2019est pourquoi la SONATUR, en tant que branche technique du d\u00e9partement en charge de l\u2019urbanisme, s\u2019active d\u00e9sormais \u00e0 mettre \u00e0 la disposition des populations des espaces urbains am\u00e9nag\u00e9s comme le site de Ziniar\u00e9, pour la r\u00e9alisation de leurs projets immobiliers.<\/p><\/div>\t\t\t\t\t\t\t\t<\/div>\n\t\t\t\t<\/div>\n\t\t\t\t\t<\/div>\n\t\t<\/div>\n\t\t\t\t\t<\/div>\n\t\t<\/section>\n\t\t\t\t<section class=\"elementor-section elementor-top-section elementor-element elementor-element-64616ca elementor-section-boxed elementor-section-height-default elementor-section-height-default\" data-id=\"64616ca\" data-element_type=\"section\" data-e-type=\"section\">\n\t\t\t\t\t\t<div class=\"elementor-container elementor-column-gap-default\">\n\t\t\t\t\t<div class=\"elementor-column elementor-col-100 elementor-top-column elementor-element elementor-element-ed1bb02\" data-id=\"ed1bb02\" data-element_type=\"column\" data-e-type=\"column\">\n\t\t\t<div class=\"elementor-widget-wrap elementor-element-populated\">\n\t\t\t\t\t\t<div class=\"elementor-element elementor-element-09baf2d elementor-widget elementor-widget-text-editor\" data-id=\"09baf2d\" data-element_type=\"widget\" data-e-type=\"widget\" data-widget_type=\"text-editor.default\">\n\t\t\t\t<div class=\"elementor-widget-container\">\n\t\t\t\t\t\t\t\t\t<dl class=\"spip_document_151484 spip_documents spip_documents_center\"><dt><img decoding=\"async\" src=\"https:\/\/lefaso.net\/local\/cache-vignettes\/L600xH450\/image_1-70-b5c70.jpg?1685091638\" alt=\"\" width=\"600\" height=\"450\" \/><\/dt><dd class=\"spip_doc_descriptif\"><i>Le pr\u00e9sidium lors de la c\u00e9r\u00e9monie de lancement<\/i><\/dd><\/dl><p>La vente officielle des parcelles sur le site de Ziniar\u00e9 a \u00e9t\u00e9 report\u00e9e \u00e0 la derni\u00e8re minute. En effet, face au fort engouement suscit\u00e9 par l\u2019annonce de la commercialisation des parcelles sur son site de Ziniar\u00e9 et partant des risques potentiels de d\u00e9bordements que cela pourrait engendrer, la Soci\u00e9t\u00e9 d\u2019am\u00e9nagement des terrains urbains (SONATUR) annonce que l\u2019op\u00e9ration de commercialisation desdites parcelles pr\u00e9vue du 25 au 27 mai 2023 est report\u00e9e \u00e0 une date ult\u00e9rieure. Elle rassure qu\u2019une proc\u00e9dure de vente mieux adapt\u00e9e au contexte s\u00e9curitaire et prenant en compte les diff\u00e9rentes pr\u00e9occupations relev\u00e9es sera pr\u00e9sent\u00e9e dans les prochains jours.<\/p><p>Pour Mika\u00eflou Sidib\u00e9, ministre en charge de l\u2019urbanisme, l\u2019objectif de cette op\u00e9ration est de mettre \u00e0 la disposition de la population burkinab\u00e8 des parcelles am\u00e9nag\u00e9es, viabilis\u00e9es pour leur permettre de vivre dans un cadre d\u00e9cent, s\u00e9curis\u00e9 et \u00e0 l\u2019abri de toute sp\u00e9culation fonci\u00e8re. \u00ab\u00a0Cela rentre en droite ligne de notre politique au niveau du minist\u00e8re et plus largement au niveau du gouvernement de mettre \u00e0 la disposition des populations burkinab\u00e8 des parcelles am\u00e9nag\u00e9es, un cadre de vie agr\u00e9able, enti\u00e8rement viabilis\u00e9 mais aussi accro\u00eetre l\u2019offre en mati\u00e8re de logement.<\/p><dl class=\"spip_document_151485 spip_documents spip_documents_center\"><dt><img decoding=\"async\" src=\"https:\/\/lefaso.net\/local\/cache-vignettes\/L600xH449\/image_2-116-40291.jpg?1685091639\" alt=\"\" width=\"600\" height=\"449\" \/><\/dt><dd class=\"spip_doc_descriptif\"><i>Mika\u00eflou Sidib\u00e9, le ministre en charge de l\u2019urbanisme a profit\u00e9 pour inviter les populations \u00e0 toujours prendre des dispositions pour s\u2019informer pr\u00e9alablement \u00e0 l\u2019acquisition d\u2019une quelconque parcelle afin d\u2019\u00e9viter d\u2019investir dans des zones qui pourraient leur porter pr\u00e9judice<\/i><\/dd><\/dl><p>La prolif\u00e9ration des zones commun\u00e9ment appel\u00e9es \u00ab\u00a0zones non loties\u00a0\u00bb constitue un v\u00e9ritable d\u00e9fi \u00e0 notre niveau. Cela nous interpelle \u00e0 augmenter l\u2019offre en mati\u00e8re de parcelles mais aussi en mati\u00e8re de logements au profit de la population\u00a0\u00bb a indiqu\u00e9 le ministre en charge de l\u2019urbanisme.<\/p><dl class=\"spip_document_151489 spip_documents spip_documents_center\"><dt><img loading=\"lazy\" decoding=\"async\" src=\"https:\/\/lefaso.net\/local\/cache-vignettes\/L600xH450\/image_6-35-289da.jpg?1685091639\" alt=\"\" width=\"600\" height=\"450\" \/><\/dt><dd class=\"spip_doc_descriptif\"><i>Les participants \u00e0 cette c\u00e9r\u00e9monie<\/i><\/dd><\/dl><p>\u00ab\u00a0Ce site repr\u00e9sente pour le peuple burkinab\u00e8, une v\u00e9ritable opportunit\u00e9 pour ceux qui vont \u00eatre b\u00e9n\u00e9ficiaires des diff\u00e9rentes parcelles d\u2019avoir un \u00ab\u00a0chez soi\u00a0\u00bb. Nous avons initialement pr\u00e9vu de coupler la c\u00e9r\u00e9monie de lancement \u00e0 la vente mais pour des raisons d\u2019engouement suscit\u00e9 autour de l\u2019op\u00e9ration et susceptible de provoquer des troubles \u00e0 l\u2019ordre public et au regard du contexte que nous vivons aujourd\u2019hui, nous avons d\u00e9cid\u00e9 de diff\u00e9rer l\u00e9g\u00e8rement afin de nous donner du temps pour nous organiser mieux, pour trouver des m\u00e9canismes adapt\u00e9s, ad\u00e9quats pour pouvoir vendre dans la transparence totale afin de permettre \u00e0 tout citoyen d\u2019avoir l\u2019\u00e9galit\u00e9 de chance\u00a0\u00bb, explique Mika\u00eflou Sidib\u00e9.<\/p><p>Tout en r\u00e9affirmant son engagement \u00e0 accompagner la SONATUR, le ministre de l\u2019urbanisme Mika\u00eflou Sidib\u00e9 invite les populations \u00e0 toujours prendre des dispositions pour s\u2019informer pr\u00e9alablement \u00e0 l\u2019acquisition d\u2019une quelconque parcelle afin d\u2019\u00e9viter d\u2019investir dans des zones qui pourraient leur porter pr\u00e9judice.<\/p><dl class=\"spip_document_151487 spip_documents spip_documents_center\"><dt><img loading=\"lazy\" decoding=\"async\" src=\"https:\/\/lefaso.net\/local\/cache-vignettes\/L600xH449\/image_4-105-d9247.jpg?1685091639\" alt=\"\" width=\"600\" height=\"449\" \/><\/dt><dd class=\"spip_doc_descriptif\"><i>Remise symbolique de dons aux personnes d\u00e9plac\u00e9es internes<\/i><\/dd><\/dl><p>Boureima Ouattara, directeur g\u00e9n\u00e9ral de la SONATUR a tenu \u00e0 pr\u00e9senter ses excuses et celles de l\u2019ensemble de son \u00e9quipe aux potentiels clients pour ces d\u00e9sagr\u00e9ments. Il rassure que les co\u00fbts restent les m\u00eames malgr\u00e9 ces changements. Les prix varient en fonction du type d\u2019usage et de l\u2019emplacement de la parcelle. Il a aussi profit\u00e9 de l\u2019occasion pour remercier le premier responsable du d\u00e9partement en charge de l\u2019urbanisme, les autorit\u00e9s r\u00e9gionales, les autorit\u00e9s communales, les autorit\u00e9s coutumi\u00e8res et religieuses pour leurs diff\u00e9rents accompagnements et leur engagement pour que ce projet voit le jour.<\/p><p>L\u2019occasion a donc \u00e9t\u00e9 mise \u00e0 profit pour une remise de vivres et de savons aux personnes d\u00e9plac\u00e9es internes vivant \u00e0 Ziniar\u00e9. En effet, la SONATUR a mis \u00e0 la disposition des PDI, des vivres compos\u00e9s de 200 sacs de riz de 25 kg, 200 sacs de farine de 20 kg et 100 cartons de savon, d\u2019un montant total de 5 millions de FCFA. La SONATUR a \u00e9galement remis un ch\u00e8que de 10 millions de FCFA au ministre de l\u2019urbanisme pour le Fonds de soutien patriotique et un autre ch\u00e8que de 4 millions de FCFA au district sanitaire de Ziniar\u00e9 pour la prise en charge sanitaire des PDI.<\/p><dl class=\"spip_document_151486 spip_documents spip_documents_center\"><dt><img loading=\"lazy\" decoding=\"async\" src=\"https:\/\/lefaso.net\/local\/cache-vignettes\/L600xH449\/image_3-108-5d852.jpg?1685091639\" alt=\"\" width=\"600\" height=\"449\" \/><\/dt><dd class=\"spip_doc_descriptif\"><i>Boureima Ouattara, directeur g\u00e9n\u00e9ral de la SONATUR rassure les clients potentiels qu\u2019une proc\u00e9dure de vente mieux adapt\u00e9e au contexte s\u00e9curitaire et prenant en compte les diff\u00e9rentes pr\u00e9occupations relev\u00e9es suite \u00e0 l\u2019annonce sera pr\u00e9sent\u00e9e dans les jours \u00e0 venir<\/i><\/dd><\/dl><p>\u00ab\u00a0Cette action de solidarit\u00e9 s\u2019inscrit dans le cadre de la responsabilit\u00e9 sociale de notre soci\u00e9t\u00e9 dont la politique sociale est essentiellement ax\u00e9e sur l\u2019utilisation durable des ressources, le soutien au secteur de la sant\u00e9, le soutien aux collectivit\u00e9s territoriales et la protection de l\u2019environnement. Ce soutien intervient naturellement \u00e0 un moment o\u00f9 notre pays a besoin de la contribution de tous ses fils et filles au renforcement de la coh\u00e9sion sociale pour une victoire \u00e9clatante sur le terrorisme qui nous endeuille depuis tant d\u2019ann\u00e9es\u00a0\u00bb, confie Boureima Ouattara, DG de la SONATUR.<\/p><p>Les b\u00e9n\u00e9ficiaires de ces dons par la voix de leur repr\u00e9sentante Pauline Ou\u00e9draogo, ont remerci\u00e9 la SONATUR pour ce geste de solidarit\u00e9 \u00e0 leur \u00e9gard. Ils ont \u00e9galement remerci\u00e9 les autorit\u00e9s communales et r\u00e9gionales pour leur prise en charge depuis leur arriv\u00e9e \u00e0 Ziniar\u00e9. Les PDI ont \u00e9galement traduit leur gratitude et reconnaissance au gouvernement et aux FDS et VDP pour les efforts de reconqu\u00eate du territoire national afin qu\u2019ils puissent retourner dans leurs localit\u00e9s respectives.<\/p><dl class=\"spip_document_151488 spip_documents spip_documents_center\"><dt><img loading=\"lazy\" decoding=\"async\" src=\"https:\/\/lefaso.net\/local\/cache-vignettes\/L600xH449\/image_5-76-1299b.jpg?1685091639\" alt=\"\" width=\"600\" height=\"449\" \/><\/dt><dd class=\"spip_doc_descriptif\"><i>La SONATUR offre un ch\u00e8que de 10 millions de FCFA pour l\u2019effort de paix<\/i><\/dd><\/dl><p>En rappel, le site de Ziniar\u00e9 est situ\u00e9 du c\u00f4t\u00e9 gauche le long de la route nationale N\u00b03 en provenance de Ouagadougou, apr\u00e8s la cit\u00e9 des forces vives. Il s\u2019\u00e9tend sur une superficie de 60 hectares, 444 parcelles dont 403 \u00e0 usage d\u2019habitation et 41 r\u00e9serv\u00e9es aux activit\u00e9s commerciales y ont \u00e9t\u00e9 d\u00e9gag\u00e9es. Tout citoyen burkinab\u00e8 peut b\u00e9n\u00e9ficier de ces parcelles, tout en respectant les proc\u00e9dures d\u2019attribution et les conditions de la SONATUR.<\/p><p>Les informations relatives \u00e0 cette vente de parcelles sont disponibles au si\u00e8ge de la SONATUR \u00e0 Ouagadougou, \u00e0 la direction r\u00e9gionale de l\u2019Ouest \u00e0 Bobo Dioulasso, au conseil r\u00e9gional de Ziniar\u00e9 ou aux contacts suivants\u00a0: 25-30-17-73\/ 79-41-01-00\/ 70-20-00-62\/ 77-00-13-49, etc.<\/p><p><strong>Mamadou ZONGO<\/strong><\/p>\t\t\t\t\t\t\t\t<\/div>\n\t\t\t\t<\/div>\n\t\t\t\t\t<\/div>\n\t\t<\/div>\n\t\t\t\t\t<\/div>\n\t\t<\/section>\n\t\t\t\t<\/div>\n\t\t","protected":false},"excerpt":{"rendered":"<p>Burkina Faso : La SONATUR reporte l\u2019op\u00e9ration de commercialisation des parcelles sur le site de Ziniar\u00e9 La c\u00e9r\u00e9monie qui devrait annoncer le lancement de la commercialisation des parcelles du site de la Soci\u00e9t\u00e9 nationale d\u2019am\u00e9nagement des terrains urbains (SONATUR) de Ziniar\u00e9 a laiss\u00e9 place \u00e0 un report. La c\u00e9r\u00e9monie de lancement de cette campagne de [&hellip;]<\/p>\n","protected":false},"author":2,"featured_media":0,"parent":0,"menu_order":0,"comment_status":"closed","ping_status":"closed","template":"","meta":{"site-sidebar-layout":"no-sidebar","site-content-layout":"page-builder","ast-site-content-layout":"default","site-content-style":"default","site-sidebar-style":"default","ast-global-header-display":"","ast-banner-title-visibility":"","ast-main-header-display":"","ast-hfb-above-header-display":"","ast-hfb-below-header-display":"","ast-hfb-mobile-header-display":"","site-post-title":"disabled","ast-breadcrumbs-content":"","ast-featured-img":"disabled","footer-sml-layout":"","theme-transparent-header-meta":"","adv-header-id-meta":"","stick-header-meta":"","header-above-stick-meta":"","header-main-stick-meta":"","header-below-stick-meta":"","astra-migrate-meta-layouts":"default","ast-page-background-enabled":"default","ast-page-background-meta":{"desktop":{"background-color":"","background-image":"","background-repeat":"repeat","background-position":"center center","background-size":"auto","background-attachment":"scroll","background-type":"","background-media":"","overlay-type":"","overlay-color":"","overlay-opacity":"","overlay-gradient":""},"tablet":{"background-color":"","background-image":"","background-repeat":"repeat","background-position":"center center","background-size":"auto","background-attachment":"scroll","background-type":"","background-media":"","overlay-type":"","overlay-color":"","overlay-opacity":"","overlay-gradient":""},"mobile":{"background-color":"","background-image":"","background-repeat":"repeat","background-position":"center center","background-size":"auto","background-attachment":"scroll","background-type":"","background-media":"","overlay-type":"","overlay-color":"","overlay-opacity":"","overlay-gradient":""}},"ast-content-background-meta":{"desktop":{"background-color":"var(--ast-global-color-5)","background-image":"","background-repeat":"repeat","background-position":"center center","background-size":"auto","background-attachment":"scroll","background-type":"","background-media":"","overlay-type":"","overlay-color":"","overlay-opacity":"","overlay-gradient":""},"tablet":{"background-color":"var(--ast-global-color-5)","background-image":"","background-repeat":"repeat","background-position":"center center","background-size":"auto","background-attachment":"scroll","background-type":"","background-media":"","overlay-type":"","overlay-color":"","overlay-opacity":"","overlay-gradient":""},"mobile":{"background-color":"var(--ast-global-color-5)","background-image":"","background-repeat":"repeat","background-position":"center center","background-size":"auto","background-attachment":"scroll","background-type":"","background-media":"","overlay-type":"","overlay-color":"","overlay-opacity":"","overlay-gradient":""}},"footnotes":""},"class_list":["post-3225","page","type-page","status-publish","hentry"],"jetpack_sharing_enabled":true,"rttpg_featured_image_url":null,"rttpg_author":{"display_name":"Hascor Burkina","author_link":"https:\/\/blog.hascorburkina.com\/index.php\/author\/hascorblog\/"},"rttpg_comment":0,"rttpg_category":null,"rttpg_excerpt":"Burkina Faso : La SONATUR reporte l\u2019op\u00e9ration de commercialisation des parcelles sur le site de Ziniar\u00e9 La c\u00e9r\u00e9monie qui devrait annoncer le lancement de la commercialisation des parcelles du site de la Soci\u00e9t\u00e9 nationale d\u2019am\u00e9nagement des terrains urbains (SONATUR) de Ziniar\u00e9 a laiss\u00e9 place \u00e0 un report. La c\u00e9r\u00e9monie de lancement de cette campagne de\u2026","_links":{"self":[{"href":"https:\/\/blog.hascorburkina.com\/index.php\/wp-json\/wp\/v2\/pages\/3225","targetHints":{"allow":["GET"]}}],"collection":[{"href":"https:\/\/blog.hascorburkina.com\/index.php\/wp-json\/wp\/v2\/pages"}],"about":[{"href":"https:\/\/blog.hascorburkina.com\/index.php\/wp-json\/wp\/v2\/types\/page"}],"author":[{"embeddable":true,"href":"https:\/\/blog.hascorburkina.com\/index.php\/wp-json\/wp\/v2\/users\/2"}],"replies":[{"embeddable":true,"href":"https:\/\/blog.hascorburkina.com\/index.php\/wp-json\/wp\/v2\/comments?post=3225"}],"version-history":[{"count":4,"href":"https:\/\/blog.hascorburkina.com\/index.php\/wp-json\/wp\/v2\/pages\/3225\/revisions"}],"predecessor-version":[{"id":3230,"href":"https:\/\/blog.hascorburkina.com\/index.php\/wp-json\/wp\/v2\/pages\/3225\/revisions\/3230"}],"wp:attachment":[{"href":"https:\/\/blog.hascorburkina.com\/index.php\/wp-json\/wp\/v2\/media?parent=3225"}],"curies":[{"name":"wp","href":"https:\/\/api.w.org\/{rel}","templated":true}]}}