{"id":3218,"date":"2023-05-26T09:12:23","date_gmt":"2023-05-26T09:12:23","guid":{"rendered":"https:\/\/blog.hascorburkina.com\/?page_id=3218"},"modified":"2023-05-26T09:13:48","modified_gmt":"2023-05-26T09:13:48","slug":"actulite-2","status":"publish","type":"page","link":"https:\/\/blog.hascorburkina.com\/index.php\/actulite-2\/","title":{"rendered":"actulite"},"content":{"rendered":"\t\t<div data-elementor-type=\"wp-page\" data-elementor-id=\"3218\" class=\"elementor elementor-3218\">\n\t\t\t\t\t\t<section class=\"elementor-section elementor-top-section elementor-element elementor-element-ce394f0 elementor-section-boxed elementor-section-height-default elementor-section-height-default\" data-id=\"ce394f0\" data-element_type=\"section\" data-e-type=\"section\">\n\t\t\t\t\t\t<div class=\"elementor-container elementor-column-gap-default\">\n\t\t\t\t\t<div class=\"elementor-column elementor-col-100 elementor-top-column elementor-element elementor-element-966a36a\" data-id=\"966a36a\" data-element_type=\"column\" data-e-type=\"column\">\n\t\t\t<div class=\"elementor-widget-wrap elementor-element-populated\">\n\t\t\t\t\t\t<div class=\"elementor-element elementor-element-dd30fd0 elementor-widget elementor-widget-heading\" data-id=\"dd30fd0\" data-element_type=\"widget\" data-e-type=\"widget\" data-widget_type=\"heading.default\">\n\t\t\t\t<div class=\"elementor-widget-container\">\n\t\t\t\t\t<h2 class=\"elementor-heading-title elementor-size-default\"><span style=\"text-transform: capitalize\">Burkina : Alain Alain plac\u00e9 sous mandat de d\u00e9p\u00f4t \u00e0 la MACO<\/h2>\t\t\t\t<\/div>\n\t\t\t\t<\/div>\n\t\t\t\t\t<\/div>\n\t\t<\/div>\n\t\t\t\t\t<\/div>\n\t\t<\/section>\n\t\t\t\t<section class=\"elementor-section elementor-top-section elementor-element elementor-element-1e6cebb elementor-section-content-middle elementor-section-boxed elementor-section-height-default elementor-section-height-default\" data-id=\"1e6cebb\" data-element_type=\"section\" data-e-type=\"section\" data-settings=\"{&quot;background_background&quot;:&quot;classic&quot;}\">\n\t\t\t\t\t\t\t<div class=\"elementor-background-overlay\"><\/div>\n\t\t\t\t\t\t\t<div class=\"elementor-container elementor-column-gap-no\">\n\t\t\t\t\t<div class=\"elementor-column elementor-col-50 elementor-top-column elementor-element elementor-element-366f886\" data-id=\"366f886\" data-element_type=\"column\" data-e-type=\"column\">\n\t\t\t<div class=\"elementor-widget-wrap elementor-element-populated\">\n\t\t\t\t\t\t<div class=\"elementor-element elementor-element-7502a4b elementor-widget elementor-widget-image\" data-id=\"7502a4b\" data-element_type=\"widget\" data-e-type=\"widget\" data-widget_type=\"image.default\">\n\t\t\t\t<div class=\"elementor-widget-container\">\n\t\t\t\t\t\t\t\t\t\t\t\t\t\t\t<img fetchpriority=\"high\" decoding=\"async\" width=\"696\" height=\"463\" src=\"https:\/\/blog.hascorburkina.com\/wp-content\/uploads\/2023\/05\/arton121771.jpg\" class=\"attachment-full size-full wp-image-3217\" alt=\"\" srcset=\"https:\/\/blog.hascorburkina.com\/wp-content\/uploads\/2023\/05\/arton121771.jpg 696w, https:\/\/blog.hascorburkina.com\/wp-content\/uploads\/2023\/05\/arton121771-600x399.jpg 600w, https:\/\/blog.hascorburkina.com\/wp-content\/uploads\/2023\/05\/arton121771-300x200.jpg 300w\" sizes=\"(max-width: 696px) 100vw, 696px\" \/>\t\t\t\t\t\t\t\t\t\t\t\t\t\t\t<\/div>\n\t\t\t\t<\/div>\n\t\t\t\t\t<\/div>\n\t\t<\/div>\n\t\t\t\t<div class=\"elementor-column elementor-col-50 elementor-top-column elementor-element elementor-element-18fe3eb\" data-id=\"18fe3eb\" data-element_type=\"column\" data-e-type=\"column\">\n\t\t\t<div class=\"elementor-widget-wrap elementor-element-populated\">\n\t\t\t\t\t\t<div class=\"elementor-element elementor-element-01a8f6d elementor-widget elementor-widget-text-editor\" data-id=\"01a8f6d\" data-element_type=\"widget\" data-e-type=\"widget\" data-widget_type=\"text-editor.default\">\n\t\t\t\t<div class=\"elementor-widget-container\">\n\t\t\t\t\t\t\t\t\t<p><strong>Convoqu\u00e9 dans la nuit du mercredi 24 mai 2023 et plac\u00e9 en garde \u00e0 vue \u00e0 la Direction des investigations de la police nationale, l\u2019animateur de Om\u00e9ga m\u00e9dias, Alain Alain a \u00e9t\u00e9 plac\u00e9 sous mandat de d\u00e9p\u00f4t dans la nuit du jeudi \u00e0 vendredi, selon son avocat cit\u00e9 par Om\u00e9ga m\u00e9dias.<\/strong><\/p><div class=\"article_content\"><p>L\u2019animateur est poursuivi dans le cadre du dossier relatif aux appels \u00e0 incendier le palais du Mogho Naaba et les audios ayant circul\u00e9.<\/p><p>Toujours dans le cadre de ce dossier, des leaders de la soci\u00e9t\u00e9 civile sont aussi plac\u00e9s en garde \u00e0 vue dont Marcel Tankoano, D\u00e9sir\u00e9 Guinko, Abdoul Karim Baguian dit Lota et Pascal Za\u00efda ainsi que le journaliste Lookman Sawodogo.<\/p><p>Selon les sources de Om\u00e9ga, Alain Alain doit s\u2019expliquer sur des conversations avec l\u2019un de ces pr\u00e9venus.<\/p><\/div>\t\t\t\t\t\t\t\t<\/div>\n\t\t\t\t<\/div>\n\t\t\t\t\t<\/div>\n\t\t<\/div>\n\t\t\t\t\t<\/div>\n\t\t<\/section>\n\t\t\t\t<\/div>\n\t\t","protected":false},"excerpt":{"rendered":"<p>Burkina : Alain Alain plac\u00e9 sous mandat de d\u00e9p\u00f4t \u00e0 la MACO Convoqu\u00e9 dans la nuit du mercredi 24 mai 2023 et plac\u00e9 en garde \u00e0 vue \u00e0 la Direction des investigations de la police nationale, l\u2019animateur de Om\u00e9ga m\u00e9dias, Alain Alain a \u00e9t\u00e9 plac\u00e9 sous mandat de d\u00e9p\u00f4t dans la nuit du jeudi \u00e0 [&hellip;]<\/p>\n","protected":false},"author":2,"featured_media":0,"parent":0,"menu_order":0,"comment_status":"closed","ping_status":"closed","template":"","meta":{"site-sidebar-layout":"no-sidebar","site-content-layout":"page-builder","ast-site-content-layout":"default","site-content-style":"default","site-sidebar-style":"default","ast-global-header-display":"","ast-banner-title-visibility":"","ast-main-header-display":"","ast-hfb-above-header-display":"","ast-hfb-below-header-display":"","ast-hfb-mobile-header-display":"","site-post-title":"disabled","ast-breadcrumbs-content":"","ast-featured-img":"disabled","footer-sml-layout":"","theme-transparent-header-meta":"","adv-header-id-meta":"","stick-header-meta":"","header-above-stick-meta":"","header-main-stick-meta":"","header-below-stick-meta":"","astra-migrate-meta-layouts":"default","ast-page-background-enabled":"default","ast-page-background-meta":{"desktop":{"background-color":"","background-image":"","background-repeat":"repeat","background-position":"center center","background-size":"auto","background-attachment":"scroll","background-type":"","background-media":"","overlay-type":"","overlay-color":"","overlay-opacity":"","overlay-gradient":""},"tablet":{"background-color":"","background-image":"","background-repeat":"repeat","background-position":"center center","background-size":"auto","background-attachment":"scroll","background-type":"","background-media":"","overlay-type":"","overlay-color":"","overlay-opacity":"","overlay-gradient":""},"mobile":{"background-color":"","background-image":"","background-repeat":"repeat","background-position":"center center","background-size":"auto","background-attachment":"scroll","background-type":"","background-media":"","overlay-type":"","overlay-color":"","overlay-opacity":"","overlay-gradient":""}},"ast-content-background-meta":{"desktop":{"background-color":"var(--ast-global-color-5)","background-image":"","background-repeat":"repeat","background-position":"center center","background-size":"auto","background-attachment":"scroll","background-type":"","background-media":"","overlay-type":"","overlay-color":"","overlay-opacity":"","overlay-gradient":""},"tablet":{"background-color":"var(--ast-global-color-5)","background-image":"","background-repeat":"repeat","background-position":"center center","background-size":"auto","background-attachment":"scroll","background-type":"","background-media":"","overlay-type":"","overlay-color":"","overlay-opacity":"","overlay-gradient":""},"mobile":{"background-color":"var(--ast-global-color-5)","background-image":"","background-repeat":"repeat","background-position":"center center","background-size":"auto","background-attachment":"scroll","background-type":"","background-media":"","overlay-type":"","overlay-color":"","overlay-opacity":"","overlay-gradient":""}},"footnotes":""},"class_list":["post-3218","page","type-page","status-publish","hentry"],"jetpack_sharing_enabled":true,"rttpg_featured_image_url":null,"rttpg_author":{"display_name":"Hascor Burkina","author_link":"https:\/\/blog.hascorburkina.com\/index.php\/author\/hascorblog\/"},"rttpg_comment":0,"rttpg_category":null,"rttpg_excerpt":"Burkina : Alain Alain plac\u00e9 sous mandat de d\u00e9p\u00f4t \u00e0 la MACO Convoqu\u00e9 dans la nuit du mercredi 24 mai 2023 et plac\u00e9 en garde \u00e0 vue \u00e0 la Direction des investigations de la police nationale, l\u2019animateur de Om\u00e9ga m\u00e9dias, Alain Alain a \u00e9t\u00e9 plac\u00e9 sous mandat de d\u00e9p\u00f4t dans la nuit du jeudi \u00e0\u2026","_links":{"self":[{"href":"https:\/\/blog.hascorburkina.com\/index.php\/wp-json\/wp\/v2\/pages\/3218","targetHints":{"allow":["GET"]}}],"collection":[{"href":"https:\/\/blog.hascorburkina.com\/index.php\/wp-json\/wp\/v2\/pages"}],"about":[{"href":"https:\/\/blog.hascorburkina.com\/index.php\/wp-json\/wp\/v2\/types\/page"}],"author":[{"embeddable":true,"href":"https:\/\/blog.hascorburkina.com\/index.php\/wp-json\/wp\/v2\/users\/2"}],"replies":[{"embeddable":true,"href":"https:\/\/blog.hascorburkina.com\/index.php\/wp-json\/wp\/v2\/comments?post=3218"}],"version-history":[{"count":4,"href":"https:\/\/blog.hascorburkina.com\/index.php\/wp-json\/wp\/v2\/pages\/3218\/revisions"}],"predecessor-version":[{"id":3223,"href":"https:\/\/blog.hascorburkina.com\/index.php\/wp-json\/wp\/v2\/pages\/3218\/revisions\/3223"}],"wp:attachment":[{"href":"https:\/\/blog.hascorburkina.com\/index.php\/wp-json\/wp\/v2\/media?parent=3218"}],"curies":[{"name":"wp","href":"https:\/\/api.w.org\/{rel}","templated":true}]}}