{"id":3186,"date":"2023-05-24T10:55:57","date_gmt":"2023-05-24T10:55:57","guid":{"rendered":"https:\/\/blog.hascorburkina.com\/?page_id=3186"},"modified":"2023-05-24T12:03:46","modified_gmt":"2023-05-24T12:03:46","slug":"a-3","status":"publish","type":"page","link":"https:\/\/blog.hascorburkina.com\/index.php\/a-3\/","title":{"rendered":"a"},"content":{"rendered":"\t\t<div data-elementor-type=\"wp-page\" data-elementor-id=\"3186\" class=\"elementor elementor-3186\">\n\t\t\t\t\t\t<section class=\"elementor-section elementor-top-section elementor-element elementor-element-f4cfe3a elementor-section-boxed elementor-section-height-default elementor-section-height-default\" data-id=\"f4cfe3a\" data-element_type=\"section\" data-e-type=\"section\">\n\t\t\t\t\t\t<div class=\"elementor-container elementor-column-gap-default\">\n\t\t\t\t\t<div class=\"elementor-column elementor-col-100 elementor-top-column elementor-element elementor-element-c115831\" data-id=\"c115831\" data-element_type=\"column\" data-e-type=\"column\">\n\t\t\t<div class=\"elementor-widget-wrap elementor-element-populated\">\n\t\t\t\t\t\t<div class=\"elementor-element elementor-element-4105a0e elementor-widget elementor-widget-heading\" data-id=\"4105a0e\" data-element_type=\"widget\" data-e-type=\"widget\" data-widget_type=\"heading.default\">\n\t\t\t\t<div class=\"elementor-widget-container\">\n\t\t\t\t\t<h2 class=\"elementor-heading-title elementor-size-default\"><span style=\"text-transform: capitalize\">Burkina\/Fonction publique : 5 383 postes aux concours professionnels et 7 218 postes aux concours directs sont \u00e0 pourvoir<\/h2>\t\t\t\t<\/div>\n\t\t\t\t<\/div>\n\t\t\t\t\t<\/div>\n\t\t<\/div>\n\t\t\t\t\t<\/div>\n\t\t<\/section>\n\t\t\t\t<section class=\"elementor-section elementor-top-section elementor-element elementor-element-5cb8686 elementor-section-content-middle elementor-section-boxed elementor-section-height-default elementor-section-height-default\" data-id=\"5cb8686\" data-element_type=\"section\" data-e-type=\"section\" data-settings=\"{&quot;background_background&quot;:&quot;classic&quot;}\">\n\t\t\t\t\t\t\t<div class=\"elementor-background-overlay\"><\/div>\n\t\t\t\t\t\t\t<div class=\"elementor-container elementor-column-gap-no\">\n\t\t\t\t\t<div class=\"elementor-column elementor-col-50 elementor-top-column elementor-element elementor-element-5803fe5\" data-id=\"5803fe5\" data-element_type=\"column\" data-e-type=\"column\">\n\t\t\t<div class=\"elementor-widget-wrap elementor-element-populated\">\n\t\t\t\t\t\t<div class=\"elementor-element elementor-element-d83fa5b elementor-widget elementor-widget-image\" data-id=\"d83fa5b\" data-element_type=\"widget\" data-e-type=\"widget\" data-widget_type=\"image.default\">\n\t\t\t\t<div class=\"elementor-widget-container\">\n\t\t\t\t\t\t\t\t\t\t\t\t\t\t\t<img fetchpriority=\"high\" decoding=\"async\" width=\"640\" height=\"478\" src=\"https:\/\/blog.hascorburkina.com\/wp-content\/uploads\/2023\/05\/arton121698.jpg\" class=\"attachment-full size-full wp-image-3185\" alt=\"\" srcset=\"https:\/\/blog.hascorburkina.com\/wp-content\/uploads\/2023\/05\/arton121698.jpg 640w, https:\/\/blog.hascorburkina.com\/wp-content\/uploads\/2023\/05\/arton121698-600x448.jpg 600w, https:\/\/blog.hascorburkina.com\/wp-content\/uploads\/2023\/05\/arton121698-300x224.jpg 300w\" sizes=\"(max-width: 640px) 100vw, 640px\" \/>\t\t\t\t\t\t\t\t\t\t\t\t\t\t\t<\/div>\n\t\t\t\t<\/div>\n\t\t\t\t\t<\/div>\n\t\t<\/div>\n\t\t\t\t<div class=\"elementor-column elementor-col-50 elementor-top-column elementor-element elementor-element-44c6f58\" data-id=\"44c6f58\" data-element_type=\"column\" data-e-type=\"column\">\n\t\t\t<div class=\"elementor-widget-wrap elementor-element-populated\">\n\t\t\t\t\t\t<div class=\"elementor-element elementor-element-86bfc83 elementor-widget elementor-widget-text-editor\" data-id=\"86bfc83\" data-element_type=\"widget\" data-e-type=\"widget\" data-widget_type=\"text-editor.default\">\n\t\t\t\t<div class=\"elementor-widget-container\">\n\t\t\t\t\t\t\t\t\t<p><strong>Le minist\u00e8re de la Fonction publique, du travail et de la protection sociale \u00e9tait face \u00e0 la presse dans la matin\u00e9e de ce mardi 23 mai 2023 pour le lancement des concours directs et professionnels 2023. Un point de presse pr\u00e9sid\u00e9 par le secr\u00e9taire g\u00e9n\u00e9ral Hamidou Sawadogo.<\/strong><\/p><div class=\"article_content\"><p>Fid\u00e8le \u00e0 cette tradition de communiquer avant le d\u00e9but des op\u00e9rations d\u2019organisation des concours, le minist\u00e8re de la Fonction publique, du travail et de la protection sociale a donc convoqu\u00e9 les hommes et femmes de m\u00e9dia pour donner des informations sur l\u2019organisation des concours, \u00e9dition 2023.<\/p><p>Pour la session de 2023, ce sont au total, 5 383 postes qui sont \u00e0 pourvoir pour les concours professionnels et 7 218 postes sont pr\u00e9vus pour les concours directs.<\/p><\/div>\t\t\t\t\t\t\t\t<\/div>\n\t\t\t\t<\/div>\n\t\t\t\t\t<\/div>\n\t\t<\/div>\n\t\t\t\t\t<\/div>\n\t\t<\/section>\n\t\t\t\t<section class=\"elementor-section elementor-top-section elementor-element elementor-element-2c0b714 elementor-section-boxed elementor-section-height-default elementor-section-height-default\" data-id=\"2c0b714\" data-element_type=\"section\" data-e-type=\"section\">\n\t\t\t\t\t\t<div class=\"elementor-container elementor-column-gap-default\">\n\t\t\t\t\t<div class=\"elementor-column elementor-col-100 elementor-top-column elementor-element elementor-element-538fb8e\" data-id=\"538fb8e\" data-element_type=\"column\" data-e-type=\"column\">\n\t\t\t<div class=\"elementor-widget-wrap elementor-element-populated\">\n\t\t\t\t\t\t<div class=\"elementor-element elementor-element-28d793d elementor-widget elementor-widget-text-editor\" data-id=\"28d793d\" data-element_type=\"widget\" data-e-type=\"widget\" data-widget_type=\"text-editor.default\">\n\t\t\t\t<div class=\"elementor-widget-container\">\n\t\t\t\t\t\t\t\t\t<p>Selon les chiffres pr\u00e9sent\u00e9s par le secr\u00e9taire g\u00e9n\u00e9ral du minist\u00e8re de la Fonction publique Hamidou Sawadogo, 128 concours professionnels seront organis\u00e9s dont 106 concours \u00e0 composition \u00e9lectronique. Les 22 concours \u00e0 \u00e9preuves classiques dont 15 pour le compte du minist\u00e8re de l\u2019Education nationale et 7 pour le compte du minist\u00e8re de la Sant\u00e9, se d\u00e9rouleront sur table en raison des effectifs \u00e9lev\u00e9s.<\/p><dl class=\"spip_document_151378 spip_documents spip_documents_center\"><dt><img decoding=\"async\" src=\"https:\/\/lefaso.net\/local\/cache-vignettes\/L600xH449\/image_1-68-4521c.jpg?1684866037\" alt=\"\" width=\"600\" height=\"449\" \/><\/dt><dd class=\"spip_doc_descriptif\"><i>Hamidou Sawadogo, SG du minist\u00e8re de la Fonction publique rassure que des dispositions sont prises pour \u00e9viter les dysfonctionnements constat\u00e9s lors de la session de 2022<\/i><\/dd><\/dl><p>Le d\u00e9p\u00f4t des candidatures se d\u00e9roule du 22 au 31 mai 2023 pour les concours professionnels. La composition des \u00e9preuves des concours professionnels se d\u00e9roulera \u00e0 partir de la deuxi\u00e8me quinzaine du mois de juin 2023 pour la composition \u00e9lectronique et en d\u00e9but juillet 2023 dans les 13 chefs-lieux de r\u00e9gion pour l\u2019administration des concours professionnels d\u00e9concentr\u00e9s pour le compte du minist\u00e8re de l\u2019Education nationale et celui de la Sant\u00e9.<\/p><p>Au titre de la session de 2023, il est pr\u00e9vu l\u2019organisation de 127 concours directs. Pour ces concours directs, les d\u00e9p\u00f4ts se d\u00e9rouleront du 5 au 14 juin 2023 pour les concours de niveau sup\u00e9rieur ou \u00e9gal au Baccalaur\u00e9at et du 15 au 24 juin 2023 pour les concours de niveau BEPC.<\/p><dl class=\"spip_document_151379 spip_documents spip_documents_center\"><dt><img decoding=\"async\" src=\"https:\/\/lefaso.net\/local\/cache-vignettes\/L600xH450\/image_2-114-15afb.jpg?1684866037\" alt=\"\" width=\"600\" height=\"450\" \/><\/dt><dd class=\"spip_doc_descriptif\"><i>Les responsables du minist\u00e8re lors de cette conf\u00e9rence de presse<\/i><\/dd><\/dl><p>L\u2019administration des \u00e9preuves \u00e9crites des concours directs est pr\u00e9vue dans le mois d\u2019ao\u00fbt 2023. \u00ab\u00a0A l\u2019issue de cette phase, interviendront imm\u00e9diatement le scannage des copies, les corrections \u00e9lectroniques de concours \u00e0 \u00e9preuves de questions \u00e0 choix multiples (QCM) et les d\u00e9lib\u00e9rations\u00a0\u00bb, a assur\u00e9 le secr\u00e9taire g\u00e9n\u00e9ral Hamidou Sawadogo.<\/p><p>Les d\u00e9p\u00f4ts de ces concours professionnels comme directs seront re\u00e7us exclusivement en ligne via la plateforme gouvernementale\u00a0<a class=\"spip_url spip_out auto\" href=\"http:\/\/www.econcours.gov.bf\/\" rel=\"nofollow external\">www.econcours.gov.bf<\/a>.<br class=\"autobr\" \/>Tenant compte des difficult\u00e9s rencontr\u00e9es dans l\u2019organisation des concours de l\u2019ann\u00e9e pass\u00e9e, le d\u00e9partement en charge de la fonction publique, a introduit des innovations pour cette session 2023. Il s\u2019agit de l\u2019internalisation de la plateforme e-concours avec ses 3 composantes que sont l\u2019inscription en ligne, la composition et la correction \u00e9lectroniques ainsi que sa gestion domestique par des techniciens burkinab\u00e8, la mise en place d\u2019un syst\u00e8me SMS pour renseigner les candidats sur leurs programmations et leurs diff\u00e9rents r\u00e9sultats aux concours, la diversification des moyens de paiement (SMS, mobile money), le renforcement du parc informatique des concours avec de nouvelles acquisitions de mat\u00e9riels informatiques (ordinateurs, scanneurs, photocopieurs et imprimantes) pour \u00e9viter les doubles flux lors de la composition \u00e9lectronique.<\/p><dl class=\"spip_document_151382 spip_documents spip_documents_center\"><dt><img loading=\"lazy\" decoding=\"async\" src=\"https:\/\/lefaso.net\/local\/cache-vignettes\/L600xH450\/image_5-74-a56f5.jpg?1684866037\" alt=\"\" width=\"600\" height=\"450\" \/><\/dt><dd class=\"spip_doc_descriptif\"><i>La salle d\u2019assistance technique des candidats aux diff\u00e9rents concours<\/i><\/dd><\/dl><p>Comme innovations, on note aussi l\u2019administration de tous les concours professionnels d\u00e9concentr\u00e9s du MENAPLN et de la sant\u00e9 sur table, le rel\u00e8vement \u00e0 la hausse du nombre de postes aux concours directs exclusivement d\u00e9di\u00e9s aux personnes vivant avec un handicap (visuel, auditif et physique), la vulgarisation des consignes aux candidats sur les diff\u00e9rentes plateformes (sites web et r\u00e9seaux sociaux), la mise \u00e0 disposition d\u2019un centre d\u2019appel pour assister les candidats ayant des difficult\u00e9s d\u2019inscription ou de paiement des frais d\u2019inscription, la r\u00e9alisation et la diffusion de spots et de tutoriels indiquant les proc\u00e9dures d\u2019inscription en ligne, de composition \u00e9lectronique et de codage du r\u00e9c\u00e9piss\u00e9 (le r\u00e9c\u00e9piss\u00e9 du candidat sera cod\u00e9 sur 6 positions cette ann\u00e9e contre 16 positions les 3 derni\u00e8res ann\u00e9es).<\/p><dl class=\"spip_document_151383 spip_documents spip_documents_center\"><dt><img loading=\"lazy\" decoding=\"async\" src=\"https:\/\/lefaso.net\/local\/cache-vignettes\/L600xH450\/image_6-34-e55b8.jpg?1684866037\" alt=\"\" width=\"600\" height=\"450\" \/><\/dt><dd class=\"spip_doc_descriptif\"><i>Les journalistes fortement mobilis\u00e9s pour ce point de presse<\/i><\/dd><\/dl><p>Selon Hamidou Sawadogo, secr\u00e9taire g\u00e9n\u00e9ral du minist\u00e8re de la Fonction publique, ces innovations visent entre autres, l\u2019\u00e9quit\u00e9, la transparence dans l\u2019organisation des concours, la minimisation des risques d\u2019erreurs, la facilit\u00e9 offerte aux candidats dans la recherche de l\u2019information sur les concours, la r\u00e9duction des d\u00e9lais de publication des r\u00e9sultats ainsi que les co\u00fbts d\u2019organisation des concours.<\/p><p>Il a profit\u00e9 de l\u2019occasion pour mettre en garde, \u00ab\u00a0tous ceux qui s\u2019adonnent \u00e0 des publications mensong\u00e8res, diffusent ou partagent de fausses informations sur les concours \u00e0 travers les r\u00e9seaux sociaux dans le but de discr\u00e9diter le processus d\u2019organisation des concours\u00a0\u00bb. \u00ab\u00a0Le minist\u00e8re se r\u00e9serve le droit d\u2019engager des poursuites, \u00e0 l\u2019encontre des auteurs de la diffusion de ces fausses informations sur les concours\u00a0\u00bb, pr\u00e9vient-il.<\/p><dl class=\"spip_document_151380 spip_documents spip_documents_center\"><dt><img loading=\"lazy\" decoding=\"async\" src=\"https:\/\/lefaso.net\/local\/cache-vignettes\/L600xH449\/image_3-106-aaf8e.jpg?1684866037\" alt=\"\" width=\"600\" height=\"449\" \/><\/dt><dd class=\"spip_doc_descriptif\"><i>Samson Traor\u00e9, directeur g\u00e9n\u00e9ral de l\u2019agence g\u00e9n\u00e9rale de recrutement de l\u2019Etat<\/i><\/dd><\/dl><p>Selon Samson Traor\u00e9, directeur de l\u2019agence g\u00e9n\u00e9rale de recrutement de l\u2019Etat, le budget allou\u00e9 pour l\u2019organisation des concours professionnels et directs 2023 s\u2019\u00e9l\u00e8ve \u00e0 plus de 2 milliards de FCFA contre plus de 3 milliards de FCFA en 2022.<br class=\"autobr\" \/>Apr\u00e8s ce point de presse, les journalistes se sont rendus dans la salle d\u2019assistance technique des candidats aux diff\u00e9rents concours.<\/p><dl class=\"spip_document_151381 spip_documents spip_documents_center\"><dt><img loading=\"lazy\" decoding=\"async\" src=\"https:\/\/lefaso.net\/local\/cache-vignettes\/L600xH449\/image_4-103-65ef1.jpg?1684866037\" alt=\"\" width=\"600\" height=\"449\" \/><\/dt><dd class=\"spip_doc_descriptif\"><i>Ouss\u00e9ni Gomban\u00e9, directeur des syst\u00e8mes d\u2019informations du minist\u00e8re de la Fonction publique<\/i><\/dd><\/dl><p>Pour Ouss\u00e9ni Gomban\u00e9, directeur des syst\u00e8mes d\u2019informations au minist\u00e8re, ce centre vise \u00e0 recueillir les appels des diff\u00e9rents candidats qui ont des difficult\u00e9s \u00e0 s\u2019inscrire afin de les guider en fonction de la pr\u00e9occupation. Les diff\u00e9rents num\u00e9ros \u00e0 appeler en cas de difficult\u00e9 sont disponibles sur la plateforme\u00a0<a class=\"spip_url spip_out auto\" href=\"http:\/\/www.econcours.gov.bf\/\" rel=\"nofollow external\">www.econcours.gov.bf<\/a>.<\/p><p><strong>Mamadou ZONGO<\/strong><\/p>\t\t\t\t\t\t\t\t<\/div>\n\t\t\t\t<\/div>\n\t\t\t\t\t<\/div>\n\t\t<\/div>\n\t\t\t\t\t<\/div>\n\t\t<\/section>\n\t\t\t\t<\/div>\n\t\t","protected":false},"excerpt":{"rendered":"<p>Burkina\/Fonction publique : 5 383 postes aux concours professionnels et 7 218 postes aux concours directs sont \u00e0 pourvoir Le minist\u00e8re de la Fonction publique, du travail et de la protection sociale \u00e9tait face \u00e0 la presse dans la matin\u00e9e de ce mardi 23 mai 2023 pour le lancement des concours directs et professionnels 2023. [&hellip;]<\/p>\n","protected":false},"author":2,"featured_media":0,"parent":0,"menu_order":0,"comment_status":"closed","ping_status":"closed","template":"","meta":{"site-sidebar-layout":"no-sidebar","site-content-layout":"page-builder","ast-site-content-layout":"default","site-content-style":"default","site-sidebar-style":"default","ast-global-header-display":"","ast-banner-title-visibility":"","ast-main-header-display":"","ast-hfb-above-header-display":"","ast-hfb-below-header-display":"","ast-hfb-mobile-header-display":"","site-post-title":"disabled","ast-breadcrumbs-content":"","ast-featured-img":"disabled","footer-sml-layout":"","theme-transparent-header-meta":"","adv-header-id-meta":"","stick-header-meta":"","header-above-stick-meta":"","header-main-stick-meta":"","header-below-stick-meta":"","astra-migrate-meta-layouts":"default","ast-page-background-enabled":"default","ast-page-background-meta":{"desktop":{"background-color":"","background-image":"","background-repeat":"repeat","background-position":"center center","background-size":"auto","background-attachment":"scroll","background-type":"","background-media":"","overlay-type":"","overlay-color":"","overlay-opacity":"","overlay-gradient":""},"tablet":{"background-color":"","background-image":"","background-repeat":"repeat","background-position":"center center","background-size":"auto","background-attachment":"scroll","background-type":"","background-media":"","overlay-type":"","overlay-color":"","overlay-opacity":"","overlay-gradient":""},"mobile":{"background-color":"","background-image":"","background-repeat":"repeat","background-position":"center center","background-size":"auto","background-attachment":"scroll","background-type":"","background-media":"","overlay-type":"","overlay-color":"","overlay-opacity":"","overlay-gradient":""}},"ast-content-background-meta":{"desktop":{"background-color":"var(--ast-global-color-5)","background-image":"","background-repeat":"repeat","background-position":"center center","background-size":"auto","background-attachment":"scroll","background-type":"","background-media":"","overlay-type":"","overlay-color":"","overlay-opacity":"","overlay-gradient":""},"tablet":{"background-color":"var(--ast-global-color-5)","background-image":"","background-repeat":"repeat","background-position":"center center","background-size":"auto","background-attachment":"scroll","background-type":"","background-media":"","overlay-type":"","overlay-color":"","overlay-opacity":"","overlay-gradient":""},"mobile":{"background-color":"var(--ast-global-color-5)","background-image":"","background-repeat":"repeat","background-position":"center center","background-size":"auto","background-attachment":"scroll","background-type":"","background-media":"","overlay-type":"","overlay-color":"","overlay-opacity":"","overlay-gradient":""}},"footnotes":""},"class_list":["post-3186","page","type-page","status-publish","hentry"],"jetpack_sharing_enabled":true,"rttpg_featured_image_url":null,"rttpg_author":{"display_name":"Hascor Burkina","author_link":"https:\/\/blog.hascorburkina.com\/index.php\/author\/hascorblog\/"},"rttpg_comment":0,"rttpg_category":null,"rttpg_excerpt":"Burkina\/Fonction publique : 5 383 postes aux concours professionnels et 7 218 postes aux concours directs sont \u00e0 pourvoir Le minist\u00e8re de la Fonction publique, du travail et de la protection sociale \u00e9tait face \u00e0 la presse dans la matin\u00e9e de ce mardi 23 mai 2023 pour le lancement des concours directs et professionnels 2023.\u2026","_links":{"self":[{"href":"https:\/\/blog.hascorburkina.com\/index.php\/wp-json\/wp\/v2\/pages\/3186","targetHints":{"allow":["GET"]}}],"collection":[{"href":"https:\/\/blog.hascorburkina.com\/index.php\/wp-json\/wp\/v2\/pages"}],"about":[{"href":"https:\/\/blog.hascorburkina.com\/index.php\/wp-json\/wp\/v2\/types\/page"}],"author":[{"embeddable":true,"href":"https:\/\/blog.hascorburkina.com\/index.php\/wp-json\/wp\/v2\/users\/2"}],"replies":[{"embeddable":true,"href":"https:\/\/blog.hascorburkina.com\/index.php\/wp-json\/wp\/v2\/comments?post=3186"}],"version-history":[{"count":10,"href":"https:\/\/blog.hascorburkina.com\/index.php\/wp-json\/wp\/v2\/pages\/3186\/revisions"}],"predecessor-version":[{"id":3200,"href":"https:\/\/blog.hascorburkina.com\/index.php\/wp-json\/wp\/v2\/pages\/3186\/revisions\/3200"}],"wp:attachment":[{"href":"https:\/\/blog.hascorburkina.com\/index.php\/wp-json\/wp\/v2\/media?parent=3186"}],"curies":[{"name":"wp","href":"https:\/\/api.w.org\/{rel}","templated":true}]}}