{"id":3180,"date":"2023-05-24T10:42:11","date_gmt":"2023-05-24T10:42:11","guid":{"rendered":"https:\/\/blog.hascorburkina.com\/?page_id=3180"},"modified":"2023-05-24T10:48:50","modified_gmt":"2023-05-24T10:48:50","slug":"arti-2","status":"publish","type":"page","link":"https:\/\/blog.hascorburkina.com\/index.php\/arti-2\/","title":{"rendered":"arti"},"content":{"rendered":"\t\t<div data-elementor-type=\"wp-page\" data-elementor-id=\"3180\" class=\"elementor elementor-3180\">\n\t\t\t\t\t\t<section class=\"elementor-section elementor-top-section elementor-element elementor-element-84286e4 elementor-section-boxed elementor-section-height-default elementor-section-height-default\" data-id=\"84286e4\" data-element_type=\"section\" data-e-type=\"section\">\n\t\t\t\t\t\t<div class=\"elementor-container elementor-column-gap-default\">\n\t\t\t\t\t<div class=\"elementor-column elementor-col-100 elementor-top-column elementor-element elementor-element-bcf5ad7\" data-id=\"bcf5ad7\" data-element_type=\"column\" data-e-type=\"column\">\n\t\t\t<div class=\"elementor-widget-wrap elementor-element-populated\">\n\t\t\t\t\t\t<div class=\"elementor-element elementor-element-de5849c elementor-widget elementor-widget-heading\" data-id=\"de5849c\" data-element_type=\"widget\" data-e-type=\"widget\" data-widget_type=\"heading.default\">\n\t\t\t\t<div class=\"elementor-widget-container\">\n\t\t\t\t\t<h2 class=\"elementor-heading-title elementor-size-default\"><span style=\"text-transform: capitalize\">Augmentation<\/span> des prix des m\u00e9dicaments : Le Syndicat des pharmaciens s\u2019explique<\/h2>\t\t\t\t<\/div>\n\t\t\t\t<\/div>\n\t\t\t\t\t<\/div>\n\t\t<\/div>\n\t\t\t\t\t<\/div>\n\t\t<\/section>\n\t\t\t\t<section class=\"elementor-section elementor-top-section elementor-element elementor-element-6ff8eaa elementor-section-content-middle elementor-section-boxed elementor-section-height-default elementor-section-height-default\" data-id=\"6ff8eaa\" data-element_type=\"section\" data-e-type=\"section\" data-settings=\"{&quot;background_background&quot;:&quot;classic&quot;}\">\n\t\t\t\t\t\t\t<div class=\"elementor-background-overlay\"><\/div>\n\t\t\t\t\t\t\t<div class=\"elementor-container elementor-column-gap-no\">\n\t\t\t\t\t<div class=\"elementor-column elementor-col-50 elementor-top-column elementor-element elementor-element-7c9129e\" data-id=\"7c9129e\" data-element_type=\"column\" data-e-type=\"column\">\n\t\t\t<div class=\"elementor-widget-wrap elementor-element-populated\">\n\t\t\t\t\t\t<div class=\"elementor-element elementor-element-59b0ac9 elementor-widget elementor-widget-image\" data-id=\"59b0ac9\" data-element_type=\"widget\" data-e-type=\"widget\" data-widget_type=\"image.default\">\n\t\t\t\t<div class=\"elementor-widget-container\">\n\t\t\t\t\t\t\t\t\t\t\t\t\t\t\t<img fetchpriority=\"high\" decoding=\"async\" width=\"640\" height=\"392\" src=\"https:\/\/blog.hascorburkina.com\/wp-content\/uploads\/2023\/05\/arton121684.jpg\" class=\"attachment-full size-full wp-image-3179\" alt=\"\" srcset=\"https:\/\/blog.hascorburkina.com\/wp-content\/uploads\/2023\/05\/arton121684.jpg 640w, https:\/\/blog.hascorburkina.com\/wp-content\/uploads\/2023\/05\/arton121684-600x368.jpg 600w, https:\/\/blog.hascorburkina.com\/wp-content\/uploads\/2023\/05\/arton121684-300x184.jpg 300w\" sizes=\"(max-width: 640px) 100vw, 640px\" \/>\t\t\t\t\t\t\t\t\t\t\t\t\t\t\t<\/div>\n\t\t\t\t<\/div>\n\t\t\t\t\t<\/div>\n\t\t<\/div>\n\t\t\t\t<div class=\"elementor-column elementor-col-50 elementor-top-column elementor-element elementor-element-401bc6c\" data-id=\"401bc6c\" data-element_type=\"column\" data-e-type=\"column\">\n\t\t\t<div class=\"elementor-widget-wrap elementor-element-populated\">\n\t\t\t\t\t\t<div class=\"elementor-element elementor-element-d1bf8f9 elementor-widget elementor-widget-text-editor\" data-id=\"d1bf8f9\" data-element_type=\"widget\" data-e-type=\"widget\" data-widget_type=\"text-editor.default\">\n\t\t\t\t<div class=\"elementor-widget-container\">\n\t\t\t\t\t\t\t\t\t<p><strong>Le Syndicat des pharmaciens du Burkina Faso a anim\u00e9 une conf\u00e9rence de presse ce mardi 23 mai 2023 pour \u00e9voquer la situation du secteur pharmaceutique au Burkina Faso. Le principal sujet abord\u00e9 a trait \u00e0 l\u2019augmentation des prix des m\u00e9dicaments de sp\u00e9cialit\u00e9s.<\/strong><\/p><div class=\"article_content\"><p>Depuis f\u00e9vrier 2023, les officines pharmaceutiques ont proc\u00e9d\u00e9 \u00e0 un r\u00e9ajustement des prix des m\u00e9dicaments de sp\u00e9cialit\u00e9s pharmaceutiques. Des explications des conf\u00e9renciers du jour, depuis 1994, le syndicat a demand\u00e9 aux officines d\u2019appliquer une marge de 1,32% sur les m\u00e9dicaments. De cette marge sont d\u00e9duites toutes leurs charges. Au fil des ann\u00e9es et l\u2019inflation aidant, cette marge de 1,32% ne permet plus aux pharmacies de couvrir toutes leurs charges.<\/p><\/div>\t\t\t\t\t\t\t\t<\/div>\n\t\t\t\t<\/div>\n\t\t\t\t\t<\/div>\n\t\t<\/div>\n\t\t\t\t\t<\/div>\n\t\t<\/section>\n\t\t\t\t<section class=\"elementor-section elementor-top-section elementor-element elementor-element-231411b elementor-section-boxed elementor-section-height-default elementor-section-height-default\" data-id=\"231411b\" data-element_type=\"section\" data-e-type=\"section\">\n\t\t\t\t\t\t<div class=\"elementor-container elementor-column-gap-default\">\n\t\t\t\t\t<div class=\"elementor-column elementor-col-100 elementor-top-column elementor-element elementor-element-3021f87\" data-id=\"3021f87\" data-element_type=\"column\" data-e-type=\"column\">\n\t\t\t<div class=\"elementor-widget-wrap elementor-element-populated\">\n\t\t\t\t\t\t<div class=\"elementor-element elementor-element-e1ae8d1 elementor-widget elementor-widget-text-editor\" data-id=\"e1ae8d1\" data-element_type=\"widget\" data-e-type=\"widget\" data-widget_type=\"text-editor.default\">\n\t\t\t\t<div class=\"elementor-widget-container\">\n\t\t\t\t\t\t\t\t\t<p>Des charges qui sont pourtant \u00e0 la hausse du fait d\u2019un certain nombre de facteurs. Ce sont, entre autres, les loyers qui peuvent passer de 150 000 \u00e0 500 000 voire plus de 1 000 000 de FCFA lorsqu\u2019il s\u2019agit de l\u2019installation d\u2019une pharmacie\u00a0; la fiscalit\u00e9 (les pharmacies sont soumises au droit fiscal commun)\u00a0; le maintien de la cha\u00eene de froid pour les m\u00e9dicaments thermosensibles\u00a0; l\u2019imposition d\u2019une marge incompr\u00e9hensible de 32% sur les m\u00e9dicaments essentiels g\u00e9n\u00e9riques CAMEG et consommables qui consacre une vente \u00e0 perte dans les pharmacies.<\/p><p>Le m\u00eame arr\u00eat\u00e9 consacre une marge de 37,5% dans le public\u00a0; l\u2019ins\u00e9curit\u00e9 (cambriolage, braquage) qui oblige les pharmaciens \u00e0 mettre des sommes importantes pour assurer la protection de leurs locaux\u00a0; l\u2019inflation g\u00e9n\u00e9ralis\u00e9e de 14,5% en 2022\u00a0; etc.<\/p><dl class=\"spip_document_151394 spip_documents spip_documents_center\"><dt><img decoding=\"async\" src=\"https:\/\/lefaso.net\/local\/cache-vignettes\/L600xH450\/whatsapp_image_2023-05-23_at_22.22.33-dfdc8.jpg?1684880905\" alt=\"\" width=\"600\" height=\"450\" \/><\/dt><dd class=\"spip_doc_descriptif\"><i>Dr Isma\u00ebl Bidiga, pr\u00e9sident du Syndicat des pharmaciens du Burkina Faso.<br class=\"autobr\" \/><\/i><\/dd><\/dl><p>C\u2019est dans ce contexte donc, que depuis 2016, le syndicat des pharmaciens a entrepris des discussions avec le minist\u00e8re de la Sant\u00e9 afin de revoir les marges pour leur permettre de tenir leurs engagements. \u00ab\u00a0Les d\u00e9marches r\u00e9centes du syndicat ont d\u00e9but\u00e9 en 2016 et l\u2019actuel ministre en charge de la sant\u00e9 \u00e9tait secr\u00e9taire g\u00e9n\u00e9ral puis conseiller technique\u00a0; donc la situation ne lui est pas \u00e9trang\u00e8re. Lors de nos discussions, il a toujours \u00e9t\u00e9 question de fixation de la marge et nous avions propos\u00e9 des marges au minist\u00e8re de la Sant\u00e9. A chaque fois, les autorit\u00e9s usaient de dilatoire en nous faisant miroiter des \u00e9ventuels all\u00e8gements fiscaux\u00a0\u00bb, a d\u00e9clar\u00e9 le pr\u00e9sident du syndicat, Dr Isma\u00ebl Bidiga. C\u2019est donc de guerre lasse, que le syndicat a d\u00e9cid\u00e9 du r\u00e9ajustement des prix en f\u00e9vrier 2023 engendrant ainsi une augmentation de 12% pour les m\u00e9dicaments de sp\u00e9cialit\u00e9s. Une augmentation qui selon le syndicat, n\u2019atteint pas le taux d\u2019inflation au Burkina qui est de 14,5%.<\/p><p>Et c\u2019est cette augmentation qui fait grincer des dents au sein de la population et du gouvernement au point o\u00f9 le ministre du commerce a d\u00e9clar\u00e9 \u00e0 l\u2019issue du conseil des ministres du 17 mai 2023 que le gouvernement va fixer des marges plafonds pour les m\u00e9dicaments de sp\u00e9cialit\u00e9s. \u00ab\u00a0Eu \u00e9gard \u00e0 l\u2019actualit\u00e9 r\u00e9cente qui nous a permis de constater la flamb\u00e9e g\u00e9n\u00e9ralis\u00e9e des prix des produits de sp\u00e9cialit\u00e9s dans les officines pharmaceutiques, ce rapport adopt\u00e9 nous permet de poursuivre la proc\u00e9dure en la mati\u00e8re pour fixer d\u00e9sormais des marges plafonds sur les prix des produits de sp\u00e9cialit\u00e9s\u00a0\u00bb, avait indiqu\u00e9 le ministre Serge Poda.<\/p><p>Cette sortie du ministre du commerce n\u2019est pas du go\u00fbt du syndicat, qui estime qu\u2019il n\u2019est pas contre une r\u00e8glementation des prix des sp\u00e9cialit\u00e9s, mais souhaite que cela soit fait de concert avec toutes les parties comme il l\u2019a toujours souhait\u00e9 depuis 2016. Selon le syndicat, \u00e0 l\u2019issue d\u2019une rencontre tenue avec la partie gouvernementale le 18 avril 2023, il \u00e9tait pr\u00e9vu qu\u2019une commission technique soit mise en place pour discuter de tous les points afin d\u2019am\u00e9liorer l\u2019apport du secteur pharmaceutique sur le syst\u00e8me de sant\u00e9 au Burkina Faso.<\/p><p>Mais jusqu\u2019\u00e0 pr\u00e9sent cette commission n\u2019a pas encore \u00e9t\u00e9 cr\u00e9\u00e9e. Le syndicat s\u2019interroge donc sur la volont\u00e9 du gouvernement \u00e0 aller au dialogue. \u00ab\u00a0Le rapport du conseil des ministres du 17 mai 2023 et l\u2019intervention du ministre en charge du commerce suscitent des interrogations quant \u00e0 la volont\u00e9 du gouvernement de dialoguer. \u00ab\u00a0Le ministre dit par ailleurs qu\u2019on assiste \u00e0 une flamb\u00e9e g\u00e9n\u00e9ralis\u00e9e des prix des sp\u00e9cialit\u00e9s en f\u00e9vrier. Nous tenons \u00e0 rappeler que malgr\u00e9 les difficult\u00e9s que vit notre pays pour approvisionner certaines zones difficiles d\u2019acc\u00e8s aujourd\u2019hui, le prix du m\u00e9dicament reste approximativement le m\u00eame \u00e0 Dori, Djibo, Sebba, Solenzo, Nouna, Ouagadougou, Bobo-Dioulasso, Garango, R\u00e9o. Nous saluons au passage, le sens du devoir de nos chers confr\u00e8res pharmaciens des zones \u00e0 fort d\u00e9fit s\u00e9curitaire. Malgr\u00e9 les difficult\u00e9s d\u2019approvisionnement, les pertes de leurs produits au cours des attaques de convois, ils continuent de se battre pour assurer leur mission de sant\u00e9 publique et ne r\u00e9percutent pas leurs charges suppl\u00e9mentaires sur le prix du m\u00e9dicament\u00a0\u00bb, a laiss\u00e9 entendre le pr\u00e9sident du syndicat, ajoutant que le secteur pharmaceutique ne pratique pas de sp\u00e9culation sur les prix des produits de sant\u00e9.<\/p><dl class=\"spip_document_151395 spip_documents spip_documents_center\"><dt><img decoding=\"async\" src=\"https:\/\/lefaso.net\/local\/cache-vignettes\/L600xH450\/whatsapp_image_2023-05-23_at_22.22.43-b339b.jpg?1684880905\" alt=\"\" width=\"600\" height=\"450\" \/><\/dt><dd class=\"spip_doc_descriptif\"><i>Les journalistes pr\u00e9sents \u00e0 la conf\u00e9rence de presse<\/i><\/dd><\/dl><p>Tout compte fait, le syndicat se dit toujours ouvert au dialogue et esp\u00e8re qu\u2019il va se poursuivre avec le gouvernement afin de trouver un compromis acceptable pour tous. \u00ab\u00a0Nous mettons en garde les ministres en charge du commerce et de la sant\u00e9 contre toute d\u00e9cision hasardeuse qui d\u00e9structurerait le secteur pharmaceutique priv\u00e9 tout comme les d\u00e9cisions hasardeuses sur la CAMEG en 2016 ont conduit \u00e0 une d\u00e9structuration du secteur public qui souffre aujourd\u2019hui de multiples ruptures. La rupture du circuit d\u2019approvisionnement entra\u00eenera in\u00e9luctablement une catastrophe sanitaire dont les pharmaciens ne seront pas tenus pour responsables. Il est temps que chacun assume les cons\u00e9quences de ses actes. Le Burkina vit des p\u00e9riodes difficiles en ce moment et il n\u2019y a aucun int\u00e9r\u00eat \u00e0 cr\u00e9er d\u2019autres crises l\u00e0 o\u00f9 les acteurs sont ouverts \u00e0 la discussion\u00a0\u00bb, ont conclu les conf\u00e9renciers.<\/p><p><strong>Justine Bonkoungou<\/strong><\/p>\t\t\t\t\t\t\t\t<\/div>\n\t\t\t\t<\/div>\n\t\t\t\t\t<\/div>\n\t\t<\/div>\n\t\t\t\t\t<\/div>\n\t\t<\/section>\n\t\t\t\t<\/div>\n\t\t","protected":false},"excerpt":{"rendered":"<p>Augmentation des prix des m\u00e9dicaments : Le Syndicat des pharmaciens s\u2019explique Le Syndicat des pharmaciens du Burkina Faso a anim\u00e9 une conf\u00e9rence de presse ce mardi 23 mai 2023 pour \u00e9voquer la situation du secteur pharmaceutique au Burkina Faso. Le principal sujet abord\u00e9 a trait \u00e0 l\u2019augmentation des prix des m\u00e9dicaments de sp\u00e9cialit\u00e9s. Depuis f\u00e9vrier [&hellip;]<\/p>\n","protected":false},"author":2,"featured_media":0,"parent":0,"menu_order":0,"comment_status":"closed","ping_status":"closed","template":"","meta":{"site-sidebar-layout":"no-sidebar","site-content-layout":"page-builder","ast-site-content-layout":"default","site-content-style":"default","site-sidebar-style":"default","ast-global-header-display":"","ast-banner-title-visibility":"","ast-main-header-display":"","ast-hfb-above-header-display":"","ast-hfb-below-header-display":"","ast-hfb-mobile-header-display":"","site-post-title":"disabled","ast-breadcrumbs-content":"","ast-featured-img":"disabled","footer-sml-layout":"","theme-transparent-header-meta":"","adv-header-id-meta":"","stick-header-meta":"","header-above-stick-meta":"","header-main-stick-meta":"","header-below-stick-meta":"","astra-migrate-meta-layouts":"default","ast-page-background-enabled":"default","ast-page-background-meta":{"desktop":{"background-color":"","background-image":"","background-repeat":"repeat","background-position":"center center","background-size":"auto","background-attachment":"scroll","background-type":"","background-media":"","overlay-type":"","overlay-color":"","overlay-opacity":"","overlay-gradient":""},"tablet":{"background-color":"","background-image":"","background-repeat":"repeat","background-position":"center center","background-size":"auto","background-attachment":"scroll","background-type":"","background-media":"","overlay-type":"","overlay-color":"","overlay-opacity":"","overlay-gradient":""},"mobile":{"background-color":"","background-image":"","background-repeat":"repeat","background-position":"center center","background-size":"auto","background-attachment":"scroll","background-type":"","background-media":"","overlay-type":"","overlay-color":"","overlay-opacity":"","overlay-gradient":""}},"ast-content-background-meta":{"desktop":{"background-color":"var(--ast-global-color-5)","background-image":"","background-repeat":"repeat","background-position":"center center","background-size":"auto","background-attachment":"scroll","background-type":"","background-media":"","overlay-type":"","overlay-color":"","overlay-opacity":"","overlay-gradient":""},"tablet":{"background-color":"var(--ast-global-color-5)","background-image":"","background-repeat":"repeat","background-position":"center center","background-size":"auto","background-attachment":"scroll","background-type":"","background-media":"","overlay-type":"","overlay-color":"","overlay-opacity":"","overlay-gradient":""},"mobile":{"background-color":"var(--ast-global-color-5)","background-image":"","background-repeat":"repeat","background-position":"center center","background-size":"auto","background-attachment":"scroll","background-type":"","background-media":"","overlay-type":"","overlay-color":"","overlay-opacity":"","overlay-gradient":""}},"footnotes":""},"class_list":["post-3180","page","type-page","status-publish","hentry"],"jetpack_sharing_enabled":true,"rttpg_featured_image_url":null,"rttpg_author":{"display_name":"Hascor Burkina","author_link":"https:\/\/blog.hascorburkina.com\/index.php\/author\/hascorblog\/"},"rttpg_comment":0,"rttpg_category":null,"rttpg_excerpt":"Augmentation des prix des m\u00e9dicaments : Le Syndicat des pharmaciens s\u2019explique Le Syndicat des pharmaciens du Burkina Faso a anim\u00e9 une conf\u00e9rence de presse ce mardi 23 mai 2023 pour \u00e9voquer la situation du secteur pharmaceutique au Burkina Faso. Le principal sujet abord\u00e9 a trait \u00e0 l\u2019augmentation des prix des m\u00e9dicaments de sp\u00e9cialit\u00e9s. Depuis f\u00e9vrier\u2026","_links":{"self":[{"href":"https:\/\/blog.hascorburkina.com\/index.php\/wp-json\/wp\/v2\/pages\/3180","targetHints":{"allow":["GET"]}}],"collection":[{"href":"https:\/\/blog.hascorburkina.com\/index.php\/wp-json\/wp\/v2\/pages"}],"about":[{"href":"https:\/\/blog.hascorburkina.com\/index.php\/wp-json\/wp\/v2\/types\/page"}],"author":[{"embeddable":true,"href":"https:\/\/blog.hascorburkina.com\/index.php\/wp-json\/wp\/v2\/users\/2"}],"replies":[{"embeddable":true,"href":"https:\/\/blog.hascorburkina.com\/index.php\/wp-json\/wp\/v2\/comments?post=3180"}],"version-history":[{"count":3,"href":"https:\/\/blog.hascorburkina.com\/index.php\/wp-json\/wp\/v2\/pages\/3180\/revisions"}],"predecessor-version":[{"id":3184,"href":"https:\/\/blog.hascorburkina.com\/index.php\/wp-json\/wp\/v2\/pages\/3180\/revisions\/3184"}],"wp:attachment":[{"href":"https:\/\/blog.hascorburkina.com\/index.php\/wp-json\/wp\/v2\/media?parent=3180"}],"curies":[{"name":"wp","href":"https:\/\/api.w.org\/{rel}","templated":true}]}}