{"id":3160,"date":"2023-05-03T09:38:09","date_gmt":"2023-05-03T09:38:09","guid":{"rendered":"https:\/\/blog.hascorburkina.com\/?page_id=3160"},"modified":"2023-05-03T09:42:26","modified_gmt":"2023-05-03T09:42:26","slug":"actualite-12","status":"publish","type":"page","link":"https:\/\/blog.hascorburkina.com\/index.php\/actualite-12\/","title":{"rendered":"actualit\u00e9"},"content":{"rendered":"\t\t<div data-elementor-type=\"wp-page\" data-elementor-id=\"3160\" class=\"elementor elementor-3160\">\n\t\t\t\t\t\t<section class=\"elementor-section elementor-top-section elementor-element elementor-element-5c29f09 elementor-section-boxed elementor-section-height-default elementor-section-height-default\" data-id=\"5c29f09\" data-element_type=\"section\" data-e-type=\"section\">\n\t\t\t\t\t\t<div class=\"elementor-container elementor-column-gap-default\">\n\t\t\t\t\t<div class=\"elementor-column elementor-col-100 elementor-top-column elementor-element elementor-element-18f727d\" data-id=\"18f727d\" data-element_type=\"column\" data-e-type=\"column\">\n\t\t\t<div class=\"elementor-widget-wrap elementor-element-populated\">\n\t\t\t\t\t\t<div class=\"elementor-element elementor-element-8fae8f9 elementor-widget elementor-widget-heading\" data-id=\"8fae8f9\" data-element_type=\"widget\" data-e-type=\"widget\" data-widget_type=\"heading.default\">\n\t\t\t\t<div class=\"elementor-widget-container\">\n\t\t\t\t\t<h2 class=\"elementor-heading-title elementor-size-default\"><span style=\"text-transform: capitalize\">Mobilisation<\/span> g\u00e9n\u00e9rale et la mise en garde : Le gouvernement r\u00e9affirme son engagement au respect des droits humains.<\/h2>\t\t\t\t<\/div>\n\t\t\t\t<\/div>\n\t\t\t\t\t<\/div>\n\t\t<\/div>\n\t\t\t\t\t<\/div>\n\t\t<\/section>\n\t\t\t\t<section class=\"elementor-section elementor-top-section elementor-element elementor-element-a02f3b7 elementor-section-content-middle elementor-section-boxed elementor-section-height-default elementor-section-height-default\" data-id=\"a02f3b7\" data-element_type=\"section\" data-e-type=\"section\" data-settings=\"{&quot;background_background&quot;:&quot;classic&quot;}\">\n\t\t\t\t\t\t\t<div class=\"elementor-background-overlay\"><\/div>\n\t\t\t\t\t\t\t<div class=\"elementor-container elementor-column-gap-no\">\n\t\t\t\t\t<div class=\"elementor-column elementor-col-50 elementor-top-column elementor-element elementor-element-1f9d5a5\" data-id=\"1f9d5a5\" data-element_type=\"column\" data-e-type=\"column\">\n\t\t\t<div class=\"elementor-widget-wrap elementor-element-populated\">\n\t\t\t\t\t\t<div class=\"elementor-element elementor-element-b498281 elementor-widget elementor-widget-image\" data-id=\"b498281\" data-element_type=\"widget\" data-e-type=\"widget\" data-widget_type=\"image.default\">\n\t\t\t\t<div class=\"elementor-widget-container\">\n\t\t\t\t\t\t\t\t\t\t\t\t\t\t\t<img fetchpriority=\"high\" decoding=\"async\" width=\"1080\" height=\"590\" src=\"https:\/\/blog.hascorburkina.com\/wp-content\/uploads\/2023\/05\/arton121213.jpg\" class=\"attachment-full size-full wp-image-3159\" alt=\"\" srcset=\"https:\/\/blog.hascorburkina.com\/wp-content\/uploads\/2023\/05\/arton121213.jpg 1080w, https:\/\/blog.hascorburkina.com\/wp-content\/uploads\/2023\/05\/arton121213-600x328.jpg 600w, https:\/\/blog.hascorburkina.com\/wp-content\/uploads\/2023\/05\/arton121213-300x164.jpg 300w, https:\/\/blog.hascorburkina.com\/wp-content\/uploads\/2023\/05\/arton121213-1024x559.jpg 1024w, https:\/\/blog.hascorburkina.com\/wp-content\/uploads\/2023\/05\/arton121213-768x420.jpg 768w\" sizes=\"(max-width: 1080px) 100vw, 1080px\" \/>\t\t\t\t\t\t\t\t\t\t\t\t\t\t\t<\/div>\n\t\t\t\t<\/div>\n\t\t\t\t\t<\/div>\n\t\t<\/div>\n\t\t\t\t<div class=\"elementor-column elementor-col-50 elementor-top-column elementor-element elementor-element-f544f8b\" data-id=\"f544f8b\" data-element_type=\"column\" data-e-type=\"column\">\n\t\t\t<div class=\"elementor-widget-wrap elementor-element-populated\">\n\t\t\t\t\t\t<div class=\"elementor-element elementor-element-109638a elementor-widget elementor-widget-text-editor\" data-id=\"109638a\" data-element_type=\"widget\" data-e-type=\"widget\" data-widget_type=\"text-editor.default\">\n\t\t\t\t<div class=\"elementor-widget-container\">\n\t\t\t\t\t\t\t\t\t<p><strong>Par le conseil des ministres du jeudi, 13 avril 2023, le gouvernement a adopt\u00e9 un d\u00e9cret portant \u00ab\u00a0mobilisation g\u00e9n\u00e9rale\u00a0\u00bb et \u00ab\u00a0mise en garde\u00a0\u00bb. Cette disposition, visant \u00e0 donner \u00e0 l\u2019Etat, tous les moyens n\u00e9cessaires pour faire face \u00e0 la situation s\u00e9curitaire, a valu une d\u00e9claration de l\u2019Union europ\u00e9enne, qui a souhait\u00e9 que la lutte contre le terrorisme ne se fasse pas au d\u00e9triment des droits humains et du droit international humanitaire. En r\u00e9action, et \u00e0 travers le communiqu\u00e9 ci-dessous, sign\u00e9 du 1er mai 2023, le gouvernement rassure et r\u00e9affirme sa volont\u00e9 de pr\u00e9server ses engagements, notamment en mati\u00e8res de droits humains.<\/strong><\/p>\t\t\t\t\t\t\t\t<\/div>\n\t\t\t\t<\/div>\n\t\t\t\t\t<\/div>\n\t\t<\/div>\n\t\t\t\t\t<\/div>\n\t\t<\/section>\n\t\t\t\t<section class=\"elementor-section elementor-top-section elementor-element elementor-element-65c0c6c elementor-section-boxed elementor-section-height-default elementor-section-height-default\" data-id=\"65c0c6c\" data-element_type=\"section\" data-e-type=\"section\">\n\t\t\t\t\t\t<div class=\"elementor-container elementor-column-gap-default\">\n\t\t\t\t\t<div class=\"elementor-column elementor-col-100 elementor-top-column elementor-element elementor-element-510ca16\" data-id=\"510ca16\" data-element_type=\"column\" data-e-type=\"column\">\n\t\t\t<div class=\"elementor-widget-wrap elementor-element-populated\">\n\t\t\t\t\t\t<div class=\"elementor-element elementor-element-d4904a4 elementor-widget elementor-widget-text-editor\" data-id=\"d4904a4\" data-element_type=\"widget\" data-e-type=\"widget\" data-widget_type=\"text-editor.default\">\n\t\t\t\t<div class=\"elementor-widget-container\">\n\t\t\t\t\t\t\t\t\t<p><img decoding=\"async\" style=\"font-style: inherit; font-weight: inherit;\" src=\"https:\/\/lefaso.net\/local\/cache-vignettes\/L600xH968\/whatsapp_image_2023-05-02_at_11.42.08-260e7.jpg?1683030633\" alt=\"\" width=\"600\" height=\"968\" \/><\/p><div class=\"article_content\"><p><span class=\"spip_document_150260 spip_documents spip_documents_center\"><img decoding=\"async\" src=\"https:\/\/lefaso.net\/local\/cache-vignettes\/L600xH630\/whatsapp_image_2023-05-02_at_11.42.09-266f5.jpg?1683030633\" alt=\"\" width=\"600\" height=\"630\" \/><\/span><\/p><\/div><div><div id=\"st-1\" class=\"sharethis-inline-share-buttons st-justified st-has-labels  st-inline-share-buttons st-animated\"><div class=\"st-total \"><span class=\"st-label\">1<\/span><\/div><\/div><\/div>\t\t\t\t\t\t\t\t<\/div>\n\t\t\t\t<\/div>\n\t\t\t\t\t<\/div>\n\t\t<\/div>\n\t\t\t\t\t<\/div>\n\t\t<\/section>\n\t\t\t\t<\/div>\n\t\t","protected":false},"excerpt":{"rendered":"<p>Mobilisation g\u00e9n\u00e9rale et la mise en garde : Le gouvernement r\u00e9affirme son engagement au respect des droits humains. Par le conseil des ministres du jeudi, 13 avril 2023, le gouvernement a adopt\u00e9 un d\u00e9cret portant \u00ab\u00a0mobilisation g\u00e9n\u00e9rale\u00a0\u00bb et \u00ab\u00a0mise en garde\u00a0\u00bb. Cette disposition, visant \u00e0 donner \u00e0 l\u2019Etat, tous les moyens n\u00e9cessaires pour faire face [&hellip;]<\/p>\n","protected":false},"author":2,"featured_media":0,"parent":0,"menu_order":0,"comment_status":"closed","ping_status":"closed","template":"","meta":{"site-sidebar-layout":"no-sidebar","site-content-layout":"page-builder","ast-site-content-layout":"default","site-content-style":"default","site-sidebar-style":"default","ast-global-header-display":"","ast-banner-title-visibility":"","ast-main-header-display":"","ast-hfb-above-header-display":"","ast-hfb-below-header-display":"","ast-hfb-mobile-header-display":"","site-post-title":"disabled","ast-breadcrumbs-content":"","ast-featured-img":"disabled","footer-sml-layout":"","theme-transparent-header-meta":"","adv-header-id-meta":"","stick-header-meta":"","header-above-stick-meta":"","header-main-stick-meta":"","header-below-stick-meta":"","astra-migrate-meta-layouts":"default","ast-page-background-enabled":"default","ast-page-background-meta":{"desktop":{"background-color":"","background-image":"","background-repeat":"repeat","background-position":"center center","background-size":"auto","background-attachment":"scroll","background-type":"","background-media":"","overlay-type":"","overlay-color":"","overlay-opacity":"","overlay-gradient":""},"tablet":{"background-color":"","background-image":"","background-repeat":"repeat","background-position":"center center","background-size":"auto","background-attachment":"scroll","background-type":"","background-media":"","overlay-type":"","overlay-color":"","overlay-opacity":"","overlay-gradient":""},"mobile":{"background-color":"","background-image":"","background-repeat":"repeat","background-position":"center center","background-size":"auto","background-attachment":"scroll","background-type":"","background-media":"","overlay-type":"","overlay-color":"","overlay-opacity":"","overlay-gradient":""}},"ast-content-background-meta":{"desktop":{"background-color":"var(--ast-global-color-5)","background-image":"","background-repeat":"repeat","background-position":"center center","background-size":"auto","background-attachment":"scroll","background-type":"","background-media":"","overlay-type":"","overlay-color":"","overlay-opacity":"","overlay-gradient":""},"tablet":{"background-color":"var(--ast-global-color-5)","background-image":"","background-repeat":"repeat","background-position":"center center","background-size":"auto","background-attachment":"scroll","background-type":"","background-media":"","overlay-type":"","overlay-color":"","overlay-opacity":"","overlay-gradient":""},"mobile":{"background-color":"var(--ast-global-color-5)","background-image":"","background-repeat":"repeat","background-position":"center center","background-size":"auto","background-attachment":"scroll","background-type":"","background-media":"","overlay-type":"","overlay-color":"","overlay-opacity":"","overlay-gradient":""}},"footnotes":""},"class_list":["post-3160","page","type-page","status-publish","hentry"],"jetpack_sharing_enabled":true,"rttpg_featured_image_url":null,"rttpg_author":{"display_name":"Hascor Burkina","author_link":"https:\/\/blog.hascorburkina.com\/index.php\/author\/hascorblog\/"},"rttpg_comment":0,"rttpg_category":null,"rttpg_excerpt":"Mobilisation g\u00e9n\u00e9rale et la mise en garde : Le gouvernement r\u00e9affirme son engagement au respect des droits humains. Par le conseil des ministres du jeudi, 13 avril 2023, le gouvernement a adopt\u00e9 un d\u00e9cret portant \u00ab\u00a0mobilisation g\u00e9n\u00e9rale\u00a0\u00bb et \u00ab\u00a0mise en garde\u00a0\u00bb. Cette disposition, visant \u00e0 donner \u00e0 l\u2019Etat, tous les moyens n\u00e9cessaires pour faire face\u2026","_links":{"self":[{"href":"https:\/\/blog.hascorburkina.com\/index.php\/wp-json\/wp\/v2\/pages\/3160","targetHints":{"allow":["GET"]}}],"collection":[{"href":"https:\/\/blog.hascorburkina.com\/index.php\/wp-json\/wp\/v2\/pages"}],"about":[{"href":"https:\/\/blog.hascorburkina.com\/index.php\/wp-json\/wp\/v2\/types\/page"}],"author":[{"embeddable":true,"href":"https:\/\/blog.hascorburkina.com\/index.php\/wp-json\/wp\/v2\/users\/2"}],"replies":[{"embeddable":true,"href":"https:\/\/blog.hascorburkina.com\/index.php\/wp-json\/wp\/v2\/comments?post=3160"}],"version-history":[{"count":4,"href":"https:\/\/blog.hascorburkina.com\/index.php\/wp-json\/wp\/v2\/pages\/3160\/revisions"}],"predecessor-version":[{"id":3165,"href":"https:\/\/blog.hascorburkina.com\/index.php\/wp-json\/wp\/v2\/pages\/3160\/revisions\/3165"}],"wp:attachment":[{"href":"https:\/\/blog.hascorburkina.com\/index.php\/wp-json\/wp\/v2\/media?parent=3160"}],"curies":[{"name":"wp","href":"https:\/\/api.w.org\/{rel}","templated":true}]}}