{"id":3140,"date":"2023-04-28T10:09:17","date_gmt":"2023-04-28T10:09:17","guid":{"rendered":"https:\/\/blog.hascorburkina.com\/?page_id=3140"},"modified":"2023-04-28T10:14:00","modified_gmt":"2023-04-28T10:14:00","slug":"actualite-10","status":"publish","type":"page","link":"https:\/\/blog.hascorburkina.com\/index.php\/actualite-10\/","title":{"rendered":"actualit\u00e9"},"content":{"rendered":"\t\t<div data-elementor-type=\"wp-page\" data-elementor-id=\"3140\" class=\"elementor elementor-3140\">\n\t\t\t\t\t\t<section class=\"elementor-section elementor-top-section elementor-element elementor-element-16b5e2e elementor-section-boxed elementor-section-height-default elementor-section-height-default\" data-id=\"16b5e2e\" data-element_type=\"section\" data-e-type=\"section\">\n\t\t\t\t\t\t<div class=\"elementor-container elementor-column-gap-default\">\n\t\t\t\t\t<div class=\"elementor-column elementor-col-100 elementor-top-column elementor-element elementor-element-d4e30c3\" data-id=\"d4e30c3\" data-element_type=\"column\" data-e-type=\"column\">\n\t\t\t<div class=\"elementor-widget-wrap elementor-element-populated\">\n\t\t\t\t\t\t<div class=\"elementor-element elementor-element-5b48153 elementor-widget elementor-widget-heading\" data-id=\"5b48153\" data-element_type=\"widget\" data-e-type=\"widget\" data-widget_type=\"heading.default\">\n\t\t\t\t<div class=\"elementor-widget-container\">\n\t\t\t\t\t<h2 class=\"elementor-heading-title elementor-size-default\"><span style=\"text-transform: capitalize\">Mouvement <\/span>de victimes d\u2019injustices judicaires : Les droits et devoirs des d\u00e9tenus au c\u0153ur d\u2019une journ\u00e9e d\u2019\u00e9changes<\/h2>\t\t\t\t<\/div>\n\t\t\t\t<\/div>\n\t\t\t\t\t<\/div>\n\t\t<\/div>\n\t\t\t\t\t<\/div>\n\t\t<\/section>\n\t\t\t\t<section class=\"elementor-section elementor-top-section elementor-element elementor-element-4ba8abb elementor-section-content-middle elementor-section-boxed elementor-section-height-default elementor-section-height-default\" data-id=\"4ba8abb\" data-element_type=\"section\" data-e-type=\"section\" data-settings=\"{&quot;background_background&quot;:&quot;classic&quot;}\">\n\t\t\t\t\t\t\t<div class=\"elementor-background-overlay\"><\/div>\n\t\t\t\t\t\t\t<div class=\"elementor-container elementor-column-gap-no\">\n\t\t\t\t\t<div class=\"elementor-column elementor-col-50 elementor-top-column elementor-element elementor-element-5de333b\" data-id=\"5de333b\" data-element_type=\"column\" data-e-type=\"column\">\n\t\t\t<div class=\"elementor-widget-wrap elementor-element-populated\">\n\t\t\t\t\t\t<div class=\"elementor-element elementor-element-2552546 elementor-widget elementor-widget-image\" data-id=\"2552546\" data-element_type=\"widget\" data-e-type=\"widget\" data-widget_type=\"image.default\">\n\t\t\t\t<div class=\"elementor-widget-container\">\n\t\t\t\t\t\t\t\t\t\t\t\t\t\t\t<img fetchpriority=\"high\" decoding=\"async\" width=\"840\" height=\"472\" src=\"https:\/\/blog.hascorburkina.com\/wp-content\/uploads\/2023\/04\/arton121118.jpg\" class=\"attachment-full size-full wp-image-3139\" alt=\"\" srcset=\"https:\/\/blog.hascorburkina.com\/wp-content\/uploads\/2023\/04\/arton121118.jpg 840w, https:\/\/blog.hascorburkina.com\/wp-content\/uploads\/2023\/04\/arton121118-600x337.jpg 600w, https:\/\/blog.hascorburkina.com\/wp-content\/uploads\/2023\/04\/arton121118-300x169.jpg 300w, https:\/\/blog.hascorburkina.com\/wp-content\/uploads\/2023\/04\/arton121118-768x432.jpg 768w\" sizes=\"(max-width: 840px) 100vw, 840px\" \/>\t\t\t\t\t\t\t\t\t\t\t\t\t\t\t<\/div>\n\t\t\t\t<\/div>\n\t\t\t\t\t<\/div>\n\t\t<\/div>\n\t\t\t\t<div class=\"elementor-column elementor-col-50 elementor-top-column elementor-element elementor-element-9e746fc\" data-id=\"9e746fc\" data-element_type=\"column\" data-e-type=\"column\">\n\t\t\t<div class=\"elementor-widget-wrap elementor-element-populated\">\n\t\t\t\t\t\t<div class=\"elementor-element elementor-element-21c59f3 elementor-widget elementor-widget-text-editor\" data-id=\"21c59f3\" data-element_type=\"widget\" data-e-type=\"widget\" data-widget_type=\"text-editor.default\">\n\t\t\t\t<div class=\"elementor-widget-container\">\n\t\t\t\t\t\t\t\t\t<p><strong>En conseil des ministres du 1er mars 2023, le gouvernement burkinab\u00e8 avait d\u00e9cid\u00e9 d\u2019autoriser la cession des actifs miniers pour l\u2019exploitation industrielle du mangan\u00e8se de Tambao et de la grande mine d\u2019or d\u2019Inata \u00e0 la soci\u00e9t\u00e9 Afro Turk par une proc\u00e9dure d\u2019entente directe. Plus d\u2019un mois apr\u00e8s, le minist\u00e8re en charge de l\u2019\u00e9nergie et des carri\u00e8res, celui des mines et celui de l\u2019\u00e9conomie ont sign\u00e9 le contrat de cession. C\u2019\u00e9tait ce mardi 25 avril 2023 \u00e0 Ouagadougou, en pr\u00e9sence des responsables de la soci\u00e9t\u00e9 extractive.<\/strong><\/p><div class=\"article_content\"><p>Apr\u00e8s l\u2019\u00e9tape de la cession en conseil des ministres, cette signature de contrat marque une autre \u00e9tape franchie par l\u2019Etat burkinab\u00e8 et la soci\u00e9t\u00e9 extractive turque. Selon les explications du ministre en charge des mines, Simon-Pierre Boussim, l\u2019Etat burkinab\u00e8 a c\u00e9d\u00e9 \u00e0 Afro Turk le mangan\u00e8se de Tambao pour un montant de 28 milliards de francs CFA et la mine d\u2019or d\u2019Inata pour un montant de 2 milliards de francs, soit un total de 30 milliards de francs CFA. Toutefois, souligne le ministre, la signature du contrat ne donne pas imm\u00e9diatement un droit d\u2019exploitation \u00e0 Afro Turk Tambao et Afro Turk Inata qui devront encore d\u00e9poser une demande de permis d\u2019exploitation, conform\u00e9ment \u00e0 la r\u00e9glementation du code minier.<\/p><\/div>\t\t\t\t\t\t\t\t<\/div>\n\t\t\t\t<\/div>\n\t\t\t\t\t<\/div>\n\t\t<\/div>\n\t\t\t\t\t<\/div>\n\t\t<\/section>\n\t\t\t\t<section class=\"elementor-section elementor-top-section elementor-element elementor-element-7f04366 elementor-section-boxed elementor-section-height-default elementor-section-height-default\" data-id=\"7f04366\" data-element_type=\"section\" data-e-type=\"section\">\n\t\t\t\t\t\t<div class=\"elementor-container elementor-column-gap-default\">\n\t\t\t\t\t<div class=\"elementor-column elementor-col-100 elementor-top-column elementor-element elementor-element-7e1ffc0\" data-id=\"7e1ffc0\" data-element_type=\"column\" data-e-type=\"column\">\n\t\t\t<div class=\"elementor-widget-wrap elementor-element-populated\">\n\t\t\t\t\t\t<div class=\"elementor-element elementor-element-3cb655b elementor-widget elementor-widget-text-editor\" data-id=\"3cb655b\" data-element_type=\"widget\" data-e-type=\"widget\" data-widget_type=\"text-editor.default\">\n\t\t\t\t<div class=\"elementor-widget-container\">\n\t\t\t\t\t\t\t\t\t<p><strong>Les d\u00e9tenus de la Maison d\u2019arr\u00eat et de correction de Ouagadougou (MACO) ont re\u00e7u, ce jeudi 27 avril 2023, la visite du Mouvement de victimes d\u2019injustices judicaires (MVIJ). Une visite guid\u00e9e qui les a conduits chez les pensionnaires mineurs et chez les femmes. Cette journ\u00e9e de solidarit\u00e9 envers les d\u00e9tenus s\u2019est termin\u00e9e par des \u00e9changes sur leurs droits et devoirs.<\/strong><\/p><div class=\"article_content\"><p>Le Mouvement des victimes d\u2019injustices judicaires (MVIJ) veut voir le Burkina Faso d\u00e9barrass\u00e9 de toutes formes d\u2019injustices en g\u00e9n\u00e9ral, et d\u2019injustices judiciaires en particulier, d\u2019ici \u00e0 2030. Ce jeudi 27 avril 2023, il a initi\u00e9 une visite aux pensionnaires de la MACO. A l\u2019occasion, les droits et devoirs des pensionnaires leurs ont \u00e9t\u00e9 expliqu\u00e9s, au cours d\u2019une causerie d\u00e9bat.<\/p><dl class=\"spip_document_150020 spip_documents spip_documents_center\"><dt><img decoding=\"async\" src=\"https:\/\/lefaso.net\/local\/cache-vignettes\/L600xH338\/whatsapp_image_2023-04-27_at_15.24.14_1_-6b328.jpg?1682610422\" alt=\"\" width=\"600\" height=\"338\" \/><\/dt><dd class=\"spip_doc_descriptif\"><i>Les chefs coutumiers et religieux ont \u00e9t\u00e9 fortement repr\u00e9sent\u00e9s<\/i><\/dd><\/dl><p>Pour le directeur g\u00e9n\u00e9ral de la MACO, l\u2019inspecteur de s\u00e9curit\u00e9 p\u00e9nitentiaire Dialembi Yonli, les droits humains ne se limitent pas au pied des prisons. Cela veut dire que dans les \u00e9tablissements p\u00e9nitentiaires, les droits des d\u00e9tenus sont respect\u00e9s sauf leur libert\u00e9 d\u2019aller et de venir. L\u2019inspecteur Yonli a relev\u00e9 que l\u2019une de leur mission est de veiller \u00e0 la r\u00e9insertion sociale des d\u00e9tenus si bien que les questions d\u2019humanisation des prisons doivent \u00eatre une r\u00e9alit\u00e9. \u00ab\u00a0C\u2019est en cela que nous remercions le MVIJ pour cette initiative. Nous sommes dispos\u00e9s \u00e0 accompagner toute action qui pr\u00f4ne le respect des droits humains dans les \u00e9tablissements p\u00e9nitentiaires\u00a0\u00bb, a-t-il rassur\u00e9.<\/p><dl class=\"spip_document_150018 spip_documents spip_documents_center\"><dt><img decoding=\"async\" src=\"https:\/\/lefaso.net\/local\/cache-vignettes\/L600xH338\/whatsapp_image_2023-04-27_at_15.24.14-cecd9.jpg?1682610422\" alt=\"\" width=\"600\" height=\"338\" \/><\/dt><dd class=\"spip_doc_descriptif\"><i>Les droits humains ne se limitent pas au pied des prisons, a dit le directeur g\u00e9n\u00e9ral adjoint de la MACO<\/i><\/dd><\/dl><p>Cette activit\u00e9 a \u00e9t\u00e9 coparrain\u00e9e par l\u2019Emir du Liptako, qui, dans ses propos, a fait savoir que dans le temps, il n\u2019y avait pas de prison. La vraie prison c\u2019\u00e9tait la conscience individuelle. \u00ab\u00a0Tous ceux qui sont ici sont nos enfants, quel que soit ce qu\u2019ils ont fait. Nous devons faire en sorte d\u2019avoir de la compassion pour eux. Parce que s\u2019ils sont l\u00e0, c\u2019est que nous parents, nous avons failli\u00a0\u00bb, a-t-il regrett\u00e9.<\/p><dl class=\"spip_document_150016 spip_documents spip_documents_center\"><dt><img loading=\"lazy\" decoding=\"async\" src=\"https:\/\/lefaso.net\/local\/cache-vignettes\/L600xH338\/whatsapp_image_2023-04-27_at_15.24.08-4ee6b.jpg?1682610422\" alt=\"\" width=\"600\" height=\"338\" \/><\/dt><dd class=\"spip_doc_descriptif\"><i>L\u2019Emir du Liptako a plaid\u00e9 pour de la compassion envers les d\u00e9tenus<\/i><\/dd><dd><p>Jadis consid\u00e9r\u00e9 comme un havre de paix, le Burkina Faso est aujourd\u2019hui confront\u00e9 \u00e0 de nombreuses difficult\u00e9s mettant \u00e0 mal le vivre-ensemble, a constat\u00e9 le repr\u00e9sentant du cardinal Philippe Ou\u00e9draogo. Cela d\u00e9coule, a-t-il poursuivi, de la perte progressive des valeurs humaines, du sens de l\u2019int\u00e9grit\u00e9 et de la justice. A l\u2019en croire, pour qu\u2019une soci\u00e9t\u00e9 soit harmonieuse, elle doit avoir la justice comme valeur cardinale.<\/p><dl class=\"spip_document_150019 spip_documents spip_documents_center\"><dt><img loading=\"lazy\" decoding=\"async\" src=\"https:\/\/lefaso.net\/local\/cache-vignettes\/L600xH396\/whatsapp_image_2023-04-27_at_15.24.14_3_-ab009.jpg?1682641895\" alt=\"\" width=\"600\" height=\"396\" \/><\/dt><dd class=\"spip_doc_descriptif\"><i>Le repr\u00e9sentant du ministre de la justice, Geoffroy Yogo a invit\u00e9 d\u2019autres structures \u00e0 emboiter les pas du MVIJ<\/i><\/dd><\/dl><p>Selon le repr\u00e9sentant du ministre en charge de la justice, Geoffroy Yogo, ce type d\u2019activit\u00e9 s\u2019inscrit dans la vision du d\u00e9partement. Cette activit\u00e9 constitue, de son avis, non seulement un \u00e9lan de solidarit\u00e9 envers les d\u00e9tenus, mais aussi un soutien aux efforts fournis par son d\u00e9partement. C\u2019est pourquoi il a adress\u00e9 au coordinateur du MVIJ sa gratitude, tout en invitant d\u2019autres structures \u00e0 leur emboiter le pas. Il a termin\u00e9 en invitant les d\u00e9tenus \u00e0 profiter pleinement du temps des \u00e9changes-sensibilisations pour mieux comprendre les proc\u00e9dures judiciaires et les opportunit\u00e9s qui s\u2019offrent \u00e0 eux en vue de faciliter leur d\u00e9fense.<\/p><dl class=\"spip_document_150017 spip_documents spip_documents_center\"><dt><img loading=\"lazy\" decoding=\"async\" src=\"https:\/\/lefaso.net\/local\/cache-vignettes\/L600xH338\/whatsapp_image_2023-04-27_at_15.24.11-e75f8.jpg?1682610422\" alt=\"\" width=\"600\" height=\"338\" \/><\/dt><dd class=\"spip_doc_descriptif\"><i>Le coordonnateur du mouvement, Mo\u00efse Sawadogo a soutenu que sa structure m\u00e8ne des actions pour la lib\u00e9ration de certains d\u00e9tenus<\/i><\/dd><\/dl><p>A \u00e9couter le coordinateur du MVIJ, Mo\u00efse Sawadogo, plusieurs actions ont \u00e9t\u00e9 men\u00e9es dans le pass\u00e9 pour l\u2019accompagnement et la lib\u00e9ration d\u2019au moins 70 prisonniers. D\u2019autres actions sont en cours. Il a indiqu\u00e9 que son mouvement, \u00e0 but non lucratif, a \u00e9t\u00e9 cr\u00e9\u00e9 le 24 mai 2016. Son objectif principal est de lutter contre l\u2019injustice judicaire. Il vise \u00e9galement \u00e0 lutter contre l\u2019ignorance et \/ ou la m\u00e9connaissance de la r\u00e8gle de droit, \u00e0 promouvoir l\u2019accessibilit\u00e9 aux textes de lois par les citoyens, \u00e0 lutter contre les violations des r\u00e8gles de proc\u00e9dures applicables devant les cours et tribunaux, etc.<\/p><\/dd><\/dl><\/div>\t\t\t\t\t\t\t\t<\/div>\n\t\t\t\t<\/div>\n\t\t\t\t\t<\/div>\n\t\t<\/div>\n\t\t\t\t\t<\/div>\n\t\t<\/section>\n\t\t\t\t<\/div>\n\t\t","protected":false},"excerpt":{"rendered":"<p>Mouvement de victimes d\u2019injustices judicaires : Les droits et devoirs des d\u00e9tenus au c\u0153ur d\u2019une journ\u00e9e d\u2019\u00e9changes En conseil des ministres du 1er mars 2023, le gouvernement burkinab\u00e8 avait d\u00e9cid\u00e9 d\u2019autoriser la cession des actifs miniers pour l\u2019exploitation industrielle du mangan\u00e8se de Tambao et de la grande mine d\u2019or d\u2019Inata \u00e0 la soci\u00e9t\u00e9 Afro Turk [&hellip;]<\/p>\n","protected":false},"author":2,"featured_media":0,"parent":0,"menu_order":0,"comment_status":"closed","ping_status":"closed","template":"","meta":{"site-sidebar-layout":"no-sidebar","site-content-layout":"page-builder","ast-site-content-layout":"default","site-content-style":"default","site-sidebar-style":"default","ast-global-header-display":"","ast-banner-title-visibility":"","ast-main-header-display":"","ast-hfb-above-header-display":"","ast-hfb-below-header-display":"","ast-hfb-mobile-header-display":"","site-post-title":"disabled","ast-breadcrumbs-content":"","ast-featured-img":"disabled","footer-sml-layout":"","theme-transparent-header-meta":"","adv-header-id-meta":"","stick-header-meta":"","header-above-stick-meta":"","header-main-stick-meta":"","header-below-stick-meta":"","astra-migrate-meta-layouts":"default","ast-page-background-enabled":"default","ast-page-background-meta":{"desktop":{"background-color":"","background-image":"","background-repeat":"repeat","background-position":"center center","background-size":"auto","background-attachment":"scroll","background-type":"","background-media":"","overlay-type":"","overlay-color":"","overlay-opacity":"","overlay-gradient":""},"tablet":{"background-color":"","background-image":"","background-repeat":"repeat","background-position":"center center","background-size":"auto","background-attachment":"scroll","background-type":"","background-media":"","overlay-type":"","overlay-color":"","overlay-opacity":"","overlay-gradient":""},"mobile":{"background-color":"","background-image":"","background-repeat":"repeat","background-position":"center center","background-size":"auto","background-attachment":"scroll","background-type":"","background-media":"","overlay-type":"","overlay-color":"","overlay-opacity":"","overlay-gradient":""}},"ast-content-background-meta":{"desktop":{"background-color":"var(--ast-global-color-5)","background-image":"","background-repeat":"repeat","background-position":"center center","background-size":"auto","background-attachment":"scroll","background-type":"","background-media":"","overlay-type":"","overlay-color":"","overlay-opacity":"","overlay-gradient":""},"tablet":{"background-color":"var(--ast-global-color-5)","background-image":"","background-repeat":"repeat","background-position":"center center","background-size":"auto","background-attachment":"scroll","background-type":"","background-media":"","overlay-type":"","overlay-color":"","overlay-opacity":"","overlay-gradient":""},"mobile":{"background-color":"var(--ast-global-color-5)","background-image":"","background-repeat":"repeat","background-position":"center center","background-size":"auto","background-attachment":"scroll","background-type":"","background-media":"","overlay-type":"","overlay-color":"","overlay-opacity":"","overlay-gradient":""}},"footnotes":""},"class_list":["post-3140","page","type-page","status-publish","hentry"],"jetpack_sharing_enabled":true,"rttpg_featured_image_url":null,"rttpg_author":{"display_name":"Hascor Burkina","author_link":"https:\/\/blog.hascorburkina.com\/index.php\/author\/hascorblog\/"},"rttpg_comment":0,"rttpg_category":null,"rttpg_excerpt":"Mouvement de victimes d\u2019injustices judicaires : Les droits et devoirs des d\u00e9tenus au c\u0153ur d\u2019une journ\u00e9e d\u2019\u00e9changes En conseil des ministres du 1er mars 2023, le gouvernement burkinab\u00e8 avait d\u00e9cid\u00e9 d\u2019autoriser la cession des actifs miniers pour l\u2019exploitation industrielle du mangan\u00e8se de Tambao et de la grande mine d\u2019or d\u2019Inata \u00e0 la soci\u00e9t\u00e9 Afro Turk\u2026","_links":{"self":[{"href":"https:\/\/blog.hascorburkina.com\/index.php\/wp-json\/wp\/v2\/pages\/3140","targetHints":{"allow":["GET"]}}],"collection":[{"href":"https:\/\/blog.hascorburkina.com\/index.php\/wp-json\/wp\/v2\/pages"}],"about":[{"href":"https:\/\/blog.hascorburkina.com\/index.php\/wp-json\/wp\/v2\/types\/page"}],"author":[{"embeddable":true,"href":"https:\/\/blog.hascorburkina.com\/index.php\/wp-json\/wp\/v2\/users\/2"}],"replies":[{"embeddable":true,"href":"https:\/\/blog.hascorburkina.com\/index.php\/wp-json\/wp\/v2\/comments?post=3140"}],"version-history":[{"count":4,"href":"https:\/\/blog.hascorburkina.com\/index.php\/wp-json\/wp\/v2\/pages\/3140\/revisions"}],"predecessor-version":[{"id":3146,"href":"https:\/\/blog.hascorburkina.com\/index.php\/wp-json\/wp\/v2\/pages\/3140\/revisions\/3146"}],"wp:attachment":[{"href":"https:\/\/blog.hascorburkina.com\/index.php\/wp-json\/wp\/v2\/media?parent=3140"}],"curies":[{"name":"wp","href":"https:\/\/api.w.org\/{rel}","templated":true}]}}