{"id":3129,"date":"2023-04-28T09:45:37","date_gmt":"2023-04-28T09:45:37","guid":{"rendered":"https:\/\/blog.hascorburkina.com\/?page_id=3129"},"modified":"2023-04-28T10:03:52","modified_gmt":"2023-04-28T10:03:52","slug":"actualite-9","status":"publish","type":"page","link":"https:\/\/blog.hascorburkina.com\/index.php\/actualite-9\/","title":{"rendered":"actualit\u00e9"},"content":{"rendered":"\t\t<div data-elementor-type=\"wp-page\" data-elementor-id=\"3129\" class=\"elementor elementor-3129\">\n\t\t\t\t\t\t<section class=\"elementor-section elementor-top-section elementor-element elementor-element-c75b3fc elementor-section-boxed elementor-section-height-default elementor-section-height-default\" data-id=\"c75b3fc\" data-element_type=\"section\" data-e-type=\"section\">\n\t\t\t\t\t\t<div class=\"elementor-container elementor-column-gap-default\">\n\t\t\t\t\t<div class=\"elementor-column elementor-col-100 elementor-top-column elementor-element elementor-element-cdc4048\" data-id=\"cdc4048\" data-element_type=\"column\" data-e-type=\"column\">\n\t\t\t<div class=\"elementor-widget-wrap elementor-element-populated\">\n\t\t\t\t\t\t<div class=\"elementor-element elementor-element-9cb6e72 elementor-widget elementor-widget-heading\" data-id=\"9cb6e72\" data-element_type=\"widget\" data-e-type=\"widget\" data-widget_type=\"heading.default\">\n\t\t\t\t<div class=\"elementor-widget-container\">\n\t\t\t\t\t<h2 class=\"elementor-heading-title elementor-size-default\"><span style=\"text-transform: capitalize\">Burkina : Pour leur dixi\u00e8me journ\u00e9e scientifique, les administrateurs des services de sant\u00e9 r\u00e9fl\u00e9chissent sur la gouvernance hospitali\u00e8re<\/h2>\t\t\t\t<\/div>\n\t\t\t\t<\/div>\n\t\t\t\t\t<\/div>\n\t\t<\/div>\n\t\t\t\t\t<\/div>\n\t\t<\/section>\n\t\t\t\t<section class=\"elementor-section elementor-top-section elementor-element elementor-element-0053536 elementor-section-content-middle elementor-section-boxed elementor-section-height-default elementor-section-height-default\" data-id=\"0053536\" data-element_type=\"section\" data-e-type=\"section\" data-settings=\"{&quot;background_background&quot;:&quot;classic&quot;}\">\n\t\t\t\t\t\t\t<div class=\"elementor-background-overlay\"><\/div>\n\t\t\t\t\t\t\t<div class=\"elementor-container elementor-column-gap-no\">\n\t\t\t\t\t<div class=\"elementor-column elementor-col-50 elementor-top-column elementor-element elementor-element-2e80926\" data-id=\"2e80926\" data-element_type=\"column\" data-e-type=\"column\">\n\t\t\t<div class=\"elementor-widget-wrap elementor-element-populated\">\n\t\t\t\t\t\t<div class=\"elementor-element elementor-element-1b4d1a6 elementor-widget elementor-widget-image\" data-id=\"1b4d1a6\" data-element_type=\"widget\" data-e-type=\"widget\" data-widget_type=\"image.default\">\n\t\t\t\t<div class=\"elementor-widget-container\">\n\t\t\t\t\t\t\t\t\t\t\t\t\t\t\t<img fetchpriority=\"high\" decoding=\"async\" width=\"800\" height=\"600\" src=\"https:\/\/blog.hascorburkina.com\/wp-content\/uploads\/2023\/04\/arton121128.jpg\" class=\"attachment-full size-full wp-image-3128\" alt=\"\" srcset=\"https:\/\/blog.hascorburkina.com\/wp-content\/uploads\/2023\/04\/arton121128.jpg 800w, https:\/\/blog.hascorburkina.com\/wp-content\/uploads\/2023\/04\/arton121128-600x450.jpg 600w, https:\/\/blog.hascorburkina.com\/wp-content\/uploads\/2023\/04\/arton121128-300x225.jpg 300w, https:\/\/blog.hascorburkina.com\/wp-content\/uploads\/2023\/04\/arton121128-768x576.jpg 768w\" sizes=\"(max-width: 800px) 100vw, 800px\" \/>\t\t\t\t\t\t\t\t\t\t\t\t\t\t\t<\/div>\n\t\t\t\t<\/div>\n\t\t\t\t\t<\/div>\n\t\t<\/div>\n\t\t\t\t<div class=\"elementor-column elementor-col-50 elementor-top-column elementor-element elementor-element-3562c80\" data-id=\"3562c80\" data-element_type=\"column\" data-e-type=\"column\">\n\t\t\t<div class=\"elementor-widget-wrap elementor-element-populated\">\n\t\t\t\t\t\t<div class=\"elementor-element elementor-element-7a70d6a elementor-widget elementor-widget-text-editor\" data-id=\"7a70d6a\" data-element_type=\"widget\" data-e-type=\"widget\" data-widget_type=\"text-editor.default\">\n\t\t\t\t<div class=\"elementor-widget-container\">\n\t\t\t\t\t\t\t\t\t<p><strong>L\u2019ABASS (Association burkinab\u00e8 des administrateurs des services de sant\u00e9) organise, du 27 au 29 avril 2023 \u00e0 Bobo-Dioulasso, ses dixi\u00e8mes journ\u00e9es scientifiques.<\/strong><\/p><div class=\"article_content\"><p>D\u00e9but\u00e9es ce jeudi 27 avril sous la pr\u00e9sidence de Dr Robert Lucien Jean Claude Kargougou, ministre de la sant\u00e9 et de l\u2019hygi\u00e8ne publique, ces dixi\u00e8mes journ\u00e9es scientifiques sont plac\u00e9es sous le th\u00e8me \u00ab\u00a0Gouvernance hospitali\u00e8re\u00a0: \u00e9tats des lieux, d\u00e9fis et perspectives\u00a0\u00bb avec pour objectif de contribuer \u00e0 l\u2019am\u00e9lioration de la gouvernance hospitali\u00e8re.<\/p><p>En effet, les formations sanitaires publiques rencontrent des difficult\u00e9s organisationnelles et fonctionnelles. Aussi, des centres hospitaliers r\u00e9gionaux et m\u00eame universitaires montrent fr\u00e9quemment des signes graves de dysfonctionnements pr\u00e9judiciables aux patients et qui font l\u2019objet de critiques acerbes de la part du public (plateau technique v\u00e9tuste ou mal maintenu, des infrastructures d\u00e9pass\u00e9es, personnel souvent d\u00e9mobilis\u00e9\u2026).<\/p><\/div>\t\t\t\t\t\t\t\t<\/div>\n\t\t\t\t<\/div>\n\t\t\t\t\t<\/div>\n\t\t<\/div>\n\t\t\t\t\t<\/div>\n\t\t<\/section>\n\t\t\t\t<section class=\"elementor-section elementor-top-section elementor-element elementor-element-8e6c341 elementor-section-boxed elementor-section-height-default elementor-section-height-default\" data-id=\"8e6c341\" data-element_type=\"section\" data-e-type=\"section\">\n\t\t\t\t\t\t<div class=\"elementor-container elementor-column-gap-default\">\n\t\t\t\t\t<div class=\"elementor-column elementor-col-100 elementor-top-column elementor-element elementor-element-a505278\" data-id=\"a505278\" data-element_type=\"column\" data-e-type=\"column\">\n\t\t\t<div class=\"elementor-widget-wrap elementor-element-populated\">\n\t\t\t\t\t\t<div class=\"elementor-element elementor-element-cfde123 elementor-widget elementor-widget-text-editor\" data-id=\"cfde123\" data-element_type=\"widget\" data-e-type=\"widget\" data-widget_type=\"text-editor.default\">\n\t\t\t\t<div class=\"elementor-widget-container\">\n\t\t\t\t\t\t\t\t\t<p>Par cons\u00e9quent, la gouvernance reste \u00e0 revoir m\u00eame si la faible mobilisation des recettes propres et l\u2019amenuisement du financement public peuvent \u00eatre invoqu\u00e9s comme facteurs limitants, d\u2019o\u00f9 la tenue de ces dixi\u00e8mes journ\u00e9es scientifiques.<br class=\"autobr\" \/>Ces journ\u00e9es scientifiques se veulent donc une tribune pour questionner la gouvernance dans les formations sanitaires publiques.<\/p><p>En marge du th\u00e8me principal, il y aura quatre sous-th\u00e8mes \u00e0 savoir\u00a0: \u00ab\u00a0Mise en \u0153uvre de la fonction publique hospitali\u00e8re\u00a0: quel bilan\u00a0?\u00a0\u00bb\u00a0; \u00ab\u00a0Mise en \u0153uvre de la gratuit\u00e9 des soins dans les formations sanitaires\u00a0: difficult\u00e9s et propositions de solutions\u00a0\u00bb. Il sera \u00e9galement question du \u00ab\u00a0Contr\u00f4le interne dans les h\u00f4pitaux\u00a0: d\u00e9fis et perspectives\u00a0\u00bb et enfin de la \u00ab\u00a0D\u00e9marche qualit\u00e9\u00a0: vers la certification des h\u00f4pitaux\u00a0\u00bb.<\/p><dl class=\"spip_document_150037 spip_documents spip_documents_center\"><dt><img decoding=\"async\" src=\"https:\/\/lefaso.net\/local\/cache-vignettes\/L600xH450\/ab2_-_2023-04-27t215657.228-dc1e2.jpg?1682635392\" alt=\"\" width=\"600\" height=\"450\" \/><\/dt><dd class=\"spip_doc_descriptif\"><i>Les participants<\/i><\/dd><dd><p>Selon Ir\u00e9n\u00e9e Edmond Zagr\u00e9, pr\u00e9sident de l\u2019Association burkinab\u00e8 des administrateurs des services de sant\u00e9, ces journ\u00e9es se tiennent chaque deux ans et permettent aux administrateurs des services de sant\u00e9 de r\u00e9fl\u00e9chir sur les th\u00e8mes d\u2019actualit\u00e9 \u00e0 m\u00eame de proposer des pistes de solutions au minist\u00e8re de la Sant\u00e9. C\u2019est par ailleurs la premi\u00e8re fois qu\u2019elles se tiennent \u00e0 Bobo-Dioulasso.<\/p><p>L\u2019ABASS est une force de proposition pour le minist\u00e8re de la Sant\u00e9 et elle r\u00e9fl\u00e9chit sur certaines politiques ou certains textes pris par le minist\u00e8re en lui faisant r\u00e9guli\u00e8rement des propositions en tant qu\u2019acteurs de mise en \u0153uvre de ces politiques sur le terrain. \u00ab\u00a0C\u2019est ainsi qu\u2019en constatant les insuffisances, l\u2019ABASS a fait des propositions sur la loi hospitali\u00e8re par exemple, qui date de deux d\u00e9cennies et qui n\u2019est plus adapt\u00e9e \u00e0 la situation actuelle\u00a0; sur la mise en \u0153uvre de la gratuit\u00e9 des soins qui rencontre toujours pas mal de difficult\u00e9s dans sa mise en \u0153uvre\u00a0\u00bb, a mentionn\u00e9 Ir\u00e9n\u00e9e Edmond Zagr\u00e9.<\/p><dl class=\"spip_document_150038 spip_documents spip_documents_center\"><dt><img decoding=\"async\" src=\"https:\/\/lefaso.net\/local\/cache-vignettes\/L600xH450\/ab4_73_-ecce1.jpg?1682635392\" alt=\"\" width=\"600\" height=\"450\" \/><\/dt><dd class=\"spip_doc_descriptif\"><i>Remise de troph\u00e9e au ministre de la sant\u00e9 et de l\u2019hygi\u00e8ne publique, Dr Robert Lucien Jean Claude Kargougou<\/i><\/dd><dd><p>Pour le ministre de la sant\u00e9 et de l\u2019hygi\u00e8ne publique, Dr Robert Lucien Jean Claude Kargougou, l\u2019administrateur des services de sant\u00e9 est un emploi strat\u00e9gique pour le minist\u00e8re de la Sant\u00e9. Ainsi, ces journ\u00e9es vont permettre aux acteurs de r\u00e9fl\u00e9chir autour de la fonction publique hospitali\u00e8re qui est cette nouvelle loi qui gouverne les ressources humaines au niveau des \u00e9tablissements publics de sant\u00e9, permettre aussi de r\u00e9fl\u00e9chir autour du processus de certification qu\u2019ils ont lanc\u00e9 au niveau des h\u00f4pitaux. \u00ab\u00a0C\u2019est le lieu pour moi de f\u00e9liciter, surtout d\u2019encourager l\u2019ABASS pour tout le travail de r\u00e9flexion et pour toute la contribution qu\u2019elle a pour le syst\u00e8me de sant\u00e9\u00a0\u00bb, s\u2019est exprim\u00e9 le ministre.<\/p><dl class=\"spip_document_150039 spip_documents spip_documents_center\"><dt><img loading=\"lazy\" decoding=\"async\" src=\"https:\/\/lefaso.net\/local\/cache-vignettes\/L600xH450\/ab5_55_-6f7f6.jpg?1682635392\" alt=\"\" width=\"600\" height=\"450\" \/><\/dt><dd class=\"spip_doc_descriptif\"><i>Photo de famille<\/i><\/dd><\/dl><p>Quelques personnalit\u00e9s de la sant\u00e9, dont le ministre de la sant\u00e9, ont re\u00e7u des distinctions honorifiques \u00e0 travers des troph\u00e9es ABASS.<\/p><p>Ir\u00e9n\u00e9e Edmond Zagr\u00e9 a par ailleurs remis au ministre de la sant\u00e9 la contribution de l\u2019ABASS \u00e0 l\u2019effort de guerre, soit un ch\u00e8que de plus d\u2019un million de francs CFA.<\/p><p>Prennent part \u00e0 ces dixi\u00e8mes journ\u00e9es scientifiques, les administrateurs des services de sant\u00e9, les gestionnaires des services de sant\u00e9, les adjoints des cadres hospitaliers, les comptables et aides comptables, les secr\u00e9taires m\u00e9dicaux et toute personne int\u00e9ress\u00e9e par la gestion des services de sant\u00e9\u2026<\/p><dl class=\"spip_document_150040 spip_documents spip_documents_center\"><dt><img loading=\"lazy\" decoding=\"async\" src=\"https:\/\/lefaso.net\/local\/cache-vignettes\/L600xH450\/ab6_32_-9f269.jpg?1682635392\" alt=\"\" width=\"600\" height=\"450\" \/><\/dt><dd class=\"spip_doc_descriptif\"><i>Ir\u00e9n\u00e9e Edmond Zagr\u00e9, pr\u00e9sident de l\u2019Association burkinab\u00e8 des administrateurs des services de sant\u00e9<\/i><\/dd><\/dl><p>La c\u00e9r\u00e9monie est co-parrain\u00e9e par la directrice g\u00e9n\u00e9rale de la CAMEG (Centrale d\u2019achat des m\u00e9dicaments g\u00e9n\u00e9riques) et le directeur g\u00e9n\u00e9ral de Twellium Industrie.<\/p><\/dd><\/dl><\/dd><\/dl>\t\t\t\t\t\t\t\t<\/div>\n\t\t\t\t<\/div>\n\t\t\t\t\t<\/div>\n\t\t<\/div>\n\t\t\t\t\t<\/div>\n\t\t<\/section>\n\t\t\t\t<\/div>\n\t\t","protected":false},"excerpt":{"rendered":"<p>Burkina : Pour leur dixi\u00e8me journ\u00e9e scientifique, les administrateurs des services de sant\u00e9 r\u00e9fl\u00e9chissent sur la gouvernance hospitali\u00e8re L\u2019ABASS (Association burkinab\u00e8 des administrateurs des services de sant\u00e9) organise, du 27 au 29 avril 2023 \u00e0 Bobo-Dioulasso, ses dixi\u00e8mes journ\u00e9es scientifiques. D\u00e9but\u00e9es ce jeudi 27 avril sous la pr\u00e9sidence de Dr Robert Lucien Jean Claude Kargougou, [&hellip;]<\/p>\n","protected":false},"author":2,"featured_media":0,"parent":0,"menu_order":0,"comment_status":"closed","ping_status":"closed","template":"","meta":{"site-sidebar-layout":"no-sidebar","site-content-layout":"page-builder","ast-site-content-layout":"default","site-content-style":"default","site-sidebar-style":"default","ast-global-header-display":"","ast-banner-title-visibility":"","ast-main-header-display":"","ast-hfb-above-header-display":"","ast-hfb-below-header-display":"","ast-hfb-mobile-header-display":"","site-post-title":"disabled","ast-breadcrumbs-content":"","ast-featured-img":"disabled","footer-sml-layout":"","theme-transparent-header-meta":"","adv-header-id-meta":"","stick-header-meta":"","header-above-stick-meta":"","header-main-stick-meta":"","header-below-stick-meta":"","astra-migrate-meta-layouts":"default","ast-page-background-enabled":"default","ast-page-background-meta":{"desktop":{"background-color":"","background-image":"","background-repeat":"repeat","background-position":"center center","background-size":"auto","background-attachment":"scroll","background-type":"","background-media":"","overlay-type":"","overlay-color":"","overlay-opacity":"","overlay-gradient":""},"tablet":{"background-color":"","background-image":"","background-repeat":"repeat","background-position":"center center","background-size":"auto","background-attachment":"scroll","background-type":"","background-media":"","overlay-type":"","overlay-color":"","overlay-opacity":"","overlay-gradient":""},"mobile":{"background-color":"","background-image":"","background-repeat":"repeat","background-position":"center center","background-size":"auto","background-attachment":"scroll","background-type":"","background-media":"","overlay-type":"","overlay-color":"","overlay-opacity":"","overlay-gradient":""}},"ast-content-background-meta":{"desktop":{"background-color":"var(--ast-global-color-5)","background-image":"","background-repeat":"repeat","background-position":"center center","background-size":"auto","background-attachment":"scroll","background-type":"","background-media":"","overlay-type":"","overlay-color":"","overlay-opacity":"","overlay-gradient":""},"tablet":{"background-color":"var(--ast-global-color-5)","background-image":"","background-repeat":"repeat","background-position":"center center","background-size":"auto","background-attachment":"scroll","background-type":"","background-media":"","overlay-type":"","overlay-color":"","overlay-opacity":"","overlay-gradient":""},"mobile":{"background-color":"var(--ast-global-color-5)","background-image":"","background-repeat":"repeat","background-position":"center center","background-size":"auto","background-attachment":"scroll","background-type":"","background-media":"","overlay-type":"","overlay-color":"","overlay-opacity":"","overlay-gradient":""}},"footnotes":""},"class_list":["post-3129","page","type-page","status-publish","hentry"],"jetpack_sharing_enabled":true,"rttpg_featured_image_url":null,"rttpg_author":{"display_name":"Hascor Burkina","author_link":"https:\/\/blog.hascorburkina.com\/index.php\/author\/hascorblog\/"},"rttpg_comment":0,"rttpg_category":null,"rttpg_excerpt":"Burkina : Pour leur dixi\u00e8me journ\u00e9e scientifique, les administrateurs des services de sant\u00e9 r\u00e9fl\u00e9chissent sur la gouvernance hospitali\u00e8re L\u2019ABASS (Association burkinab\u00e8 des administrateurs des services de sant\u00e9) organise, du 27 au 29 avril 2023 \u00e0 Bobo-Dioulasso, ses dixi\u00e8mes journ\u00e9es scientifiques. D\u00e9but\u00e9es ce jeudi 27 avril sous la pr\u00e9sidence de Dr Robert Lucien Jean Claude Kargougou,\u2026","_links":{"self":[{"href":"https:\/\/blog.hascorburkina.com\/index.php\/wp-json\/wp\/v2\/pages\/3129","targetHints":{"allow":["GET"]}}],"collection":[{"href":"https:\/\/blog.hascorburkina.com\/index.php\/wp-json\/wp\/v2\/pages"}],"about":[{"href":"https:\/\/blog.hascorburkina.com\/index.php\/wp-json\/wp\/v2\/types\/page"}],"author":[{"embeddable":true,"href":"https:\/\/blog.hascorburkina.com\/index.php\/wp-json\/wp\/v2\/users\/2"}],"replies":[{"embeddable":true,"href":"https:\/\/blog.hascorburkina.com\/index.php\/wp-json\/wp\/v2\/comments?post=3129"}],"version-history":[{"count":4,"href":"https:\/\/blog.hascorburkina.com\/index.php\/wp-json\/wp\/v2\/pages\/3129\/revisions"}],"predecessor-version":[{"id":3135,"href":"https:\/\/blog.hascorburkina.com\/index.php\/wp-json\/wp\/v2\/pages\/3129\/revisions\/3135"}],"wp:attachment":[{"href":"https:\/\/blog.hascorburkina.com\/index.php\/wp-json\/wp\/v2\/media?parent=3129"}],"curies":[{"name":"wp","href":"https:\/\/api.w.org\/{rel}","templated":true}]}}