{"id":3120,"date":"2023-04-28T09:30:51","date_gmt":"2023-04-28T09:30:51","guid":{"rendered":"https:\/\/blog.hascorburkina.com\/?page_id=3120"},"modified":"2023-04-28T09:38:38","modified_gmt":"2023-04-28T09:38:38","slug":"a-2","status":"publish","type":"page","link":"https:\/\/blog.hascorburkina.com\/index.php\/a-2\/","title":{"rendered":"a"},"content":{"rendered":"\t\t<div data-elementor-type=\"wp-page\" data-elementor-id=\"3120\" class=\"elementor elementor-3120\">\n\t\t\t\t\t\t<section class=\"elementor-section elementor-top-section elementor-element elementor-element-b99c871 elementor-section-boxed elementor-section-height-default elementor-section-height-default\" data-id=\"b99c871\" data-element_type=\"section\" data-e-type=\"section\">\n\t\t\t\t\t\t<div class=\"elementor-container elementor-column-gap-default\">\n\t\t\t\t\t<div class=\"elementor-column elementor-col-100 elementor-top-column elementor-element elementor-element-88c7116\" data-id=\"88c7116\" data-element_type=\"column\" data-e-type=\"column\">\n\t\t\t<div class=\"elementor-widget-wrap elementor-element-populated\">\n\t\t\t\t\t\t<div class=\"elementor-element elementor-element-57b238c elementor-widget elementor-widget-heading\" data-id=\"57b238c\" data-element_type=\"widget\" data-e-type=\"widget\" data-widget_type=\"heading.default\">\n\t\t\t\t<div class=\"elementor-widget-container\">\n\t\t\t\t\t<h2 class=\"elementor-heading-title elementor-size-default\"><span style=\"text-transform: capitalize\">Lutte <\/span>contre le terrorisme au <span style=\"text-transform: capitalize\">Burkina<\/span> : La contribution des sciences et technologies au c\u0153ur d\u2019une rencontre scientifique \u00e0 <span style=\"text-transform: capitalize\">Bobo-Dioulasso<\/span><\/h2>\t\t\t\t<\/div>\n\t\t\t\t<\/div>\n\t\t\t\t\t<\/div>\n\t\t<\/div>\n\t\t\t\t\t<\/div>\n\t\t<\/section>\n\t\t\t\t<section class=\"elementor-section elementor-top-section elementor-element elementor-element-d92e32c elementor-section-content-middle elementor-section-boxed elementor-section-height-default elementor-section-height-default\" data-id=\"d92e32c\" data-element_type=\"section\" data-e-type=\"section\" data-settings=\"{&quot;background_background&quot;:&quot;classic&quot;}\">\n\t\t\t\t\t\t\t<div class=\"elementor-background-overlay\"><\/div>\n\t\t\t\t\t\t\t<div class=\"elementor-container elementor-column-gap-no\">\n\t\t\t\t\t<div class=\"elementor-column elementor-col-50 elementor-top-column elementor-element elementor-element-28c6881\" data-id=\"28c6881\" data-element_type=\"column\" data-e-type=\"column\">\n\t\t\t<div class=\"elementor-widget-wrap elementor-element-populated\">\n\t\t\t\t\t\t<div class=\"elementor-element elementor-element-fcdb8e1 elementor-widget elementor-widget-image\" data-id=\"fcdb8e1\" data-element_type=\"widget\" data-e-type=\"widget\" data-widget_type=\"image.default\">\n\t\t\t\t<div class=\"elementor-widget-container\">\n\t\t\t\t\t\t\t\t\t\t\t\t\t\t\t<img fetchpriority=\"high\" decoding=\"async\" width=\"700\" height=\"396\" src=\"https:\/\/blog.hascorburkina.com\/wp-content\/uploads\/2023\/04\/arton121130.jpg\" class=\"attachment-full size-full wp-image-3119\" alt=\"\" srcset=\"https:\/\/blog.hascorburkina.com\/wp-content\/uploads\/2023\/04\/arton121130.jpg 700w, https:\/\/blog.hascorburkina.com\/wp-content\/uploads\/2023\/04\/arton121130-600x339.jpg 600w, https:\/\/blog.hascorburkina.com\/wp-content\/uploads\/2023\/04\/arton121130-300x170.jpg 300w\" sizes=\"(max-width: 700px) 100vw, 700px\" \/>\t\t\t\t\t\t\t\t\t\t\t\t\t\t\t<\/div>\n\t\t\t\t<\/div>\n\t\t\t\t\t<\/div>\n\t\t<\/div>\n\t\t\t\t<div class=\"elementor-column elementor-col-50 elementor-top-column elementor-element elementor-element-b12d94c\" data-id=\"b12d94c\" data-element_type=\"column\" data-e-type=\"column\">\n\t\t\t<div class=\"elementor-widget-wrap elementor-element-populated\">\n\t\t\t\t\t\t<div class=\"elementor-element elementor-element-89fd7b8 elementor-widget elementor-widget-text-editor\" data-id=\"89fd7b8\" data-element_type=\"widget\" data-e-type=\"widget\" data-widget_type=\"text-editor.default\">\n\t\t\t\t<div class=\"elementor-widget-container\">\n\t\t\t\t\t\t\t\t\t<p><strong>L\u2019\u00c9cole doctorale sciences et techniques (ED-ST) de l\u2019universit\u00e9 Nazi Boni organise, du 27 au 29 avril 2023, la troisi\u00e8me \u00e9dition des doctoriales \u00e0 Bobo-Dioulasso. Cette \u00e9dition, plac\u00e9e sous le th\u00e8me\u00a0: \u00ab\u00a0Sciences et technologies face aux d\u00e9fis s\u00e9curitaires\u00a0\u00bb, va permettre aux acteurs de r\u00e9fl\u00e9chir sur leur contribution \u00e0 la lutte contre le terrorisme au Burkina Faso. La c\u00e9r\u00e9monie d\u2019ouverture des travaux a \u00e9t\u00e9 pr\u00e9sid\u00e9e par le Pr Hassan Nacro, pr\u00e9sident de l\u2019universit\u00e9 Nazi Boni de Bobo-Dioulasso.<\/strong><\/p><div class=\"article_content\"><p>L\u2019\u00c9cole doctorale sciences et techniques (ED-ST) fait partie des dix \u00e9tablissements d\u2019enseignements et de recherche de l\u2019universit\u00e9 Nazi Boni de Bobo-Dioulasso.<\/p><\/div>\t\t\t\t\t\t\t\t<\/div>\n\t\t\t\t<\/div>\n\t\t\t\t\t<\/div>\n\t\t<\/div>\n\t\t\t\t\t<\/div>\n\t\t<\/section>\n\t\t\t\t<section class=\"elementor-section elementor-top-section elementor-element elementor-element-94f435f elementor-section-boxed elementor-section-height-default elementor-section-height-default\" data-id=\"94f435f\" data-element_type=\"section\" data-e-type=\"section\">\n\t\t\t\t\t\t<div class=\"elementor-container elementor-column-gap-default\">\n\t\t\t\t\t<div class=\"elementor-column elementor-col-100 elementor-top-column elementor-element elementor-element-f919b99\" data-id=\"f919b99\" data-element_type=\"column\" data-e-type=\"column\">\n\t\t\t<div class=\"elementor-widget-wrap elementor-element-populated\">\n\t\t\t\t\t\t<div class=\"elementor-element elementor-element-dcc4498 elementor-widget elementor-widget-text-editor\" data-id=\"dcc4498\" data-element_type=\"widget\" data-e-type=\"widget\" data-widget_type=\"text-editor.default\">\n\t\t\t\t<div class=\"elementor-widget-container\">\n\t\t\t\t\t\t\t\t\t<p>Elle comporte quatre laboratoires de recherche et une soixantaine de doctorants qui m\u00e8nent la recherche dans les domaines de la chimie, de l\u2019informatique, des math\u00e9matiques, de la physique et des sciences connexes. Pour \u00e9valuer et orienter les travaux de ses doctorants et faciliter le travail collaboratif entre eux, l\u2019ED-ST organise, depuis d\u00e9j\u00e0 trois \u00e9ditions, des doctoriales.<\/p><p>L\u2019objectif g\u00e9n\u00e9ral de ces doctoriales est de guider les doctorants dans leurs travaux de th\u00e8se. Et de fa\u00e7on sp\u00e9cifique, elles permettront, entre autres, d\u2019\u00e9valuer l\u2019\u00e9tat d\u2019avancement des travaux de th\u00e8se encadr\u00e9s dans l\u2019\u00e9cole\u00a0; de cerner les difficult\u00e9s rencontr\u00e9es par des doctorants\u00a0; de conseiller les doctorants dans l\u2019\u00e9volution de leurs travaux, mais aussi de faciliter le r\u00e9seautage au sein de l\u2019\u00e9cole. Cette \u00e9dition conna\u00eet principalement la participation de tous les doctorants qui m\u00e8nent leurs travaux dans les diff\u00e9rents laboratoires de l\u2019ED-ST, les encadreurs de l\u2019universit\u00e9 Nazi Boni et des co-encadreurs de ces doctorants issus des autres universit\u00e9s et centres de recherche.<\/p><dl class=\"spip_document_150044 spip_documents spip_documents_center\"><dt><img decoding=\"async\" src=\"https:\/\/lefaso.net\/local\/cache-vignettes\/L600xH450\/ab2_-_2023-04-27t221154.107-0b623.jpg?1682635263\" alt=\"\" width=\"600\" height=\"450\" \/><\/dt><dd class=\"spip_doc_descriptif\"><i>Les participants \u00e0 la c\u00e9r\u00e9monie d\u2019ouverture des travaux des doctoriales 2023 \u00e0 Bobo-Dioulasso<\/i><\/dd><dd><p>Sous le regard attentif d\u2019une quarantaine d\u2019acteurs, 51 expos\u00e9s seront pr\u00e9sent\u00e9s par les doctorants. Une dizaine de ces expos\u00e9s se feront \u00e0 distance depuis la C\u00f4te d\u2019Ivoire, l\u2019Espagne, la France et le S\u00e9n\u00e9gal, pays dans lesquels certains des \u00e9tudiants sont en s\u00e9jour scientifique. \u00ab\u00a0Au cours des travaux, ces doctorants vont pr\u00e9senter leurs travaux devant un jury pluridisciplinaire. Au regard du contexte s\u00e9curitaire que traverse le pays, l\u2019accent sera mis au cours de cette \u00e9dition sur les communications en lien avec la lutte contre l\u2019ins\u00e9curit\u00e9\u00a0\u00bb, a expliqu\u00e9 le Pr Th\u00e9odore Marie Yves Tapsoba, enseignant chercheur \u00e0 l\u2019universit\u00e9 Nazi Boni, par ailleurs directeur de l\u2019\u00e9cole doctorale sciences et techniques.<\/p><p>Pour le Pr Tapsoba, le choix du th\u00e8me de cette \u00e9dition n\u2019est pas fortuit. Ce th\u00e8me a \u00e9t\u00e9 choisi au regard de la situation s\u00e9curitaire du pays. En effet, le Burkina Faso a pendant longtemps \u00e9t\u00e9 consid\u00e9r\u00e9 comme \u00e9tant un pays de paix et de tol\u00e9rance. Malheureusement, depuis un certain moment, le pays est \u00e9prouv\u00e9 par des attaques terroristes. Et face \u00e0 cette menace qui handicape le d\u00e9veloppement socio-\u00e9conomique du pays, les pouvoirs ont engag\u00e9 plusieurs actions dans le but de lib\u00e9rer le territoire des mains des ennemis. C\u2019est dans cette dynamique que les acteurs de la recherche n\u2019ont pas voulu rester en marge de cette lutte. C\u2019est pourquoi au cours de ces travaux, ils vont r\u00e9fl\u00e9chir sur leurs contributions dans le cadre de la lutte contre le terrorisme.<\/p><dl class=\"spip_document_150045 spip_documents spip_documents_center\"><dt><img decoding=\"async\" src=\"https:\/\/lefaso.net\/local\/cache-vignettes\/L600xH450\/ab3_96_-49cb3.jpg?1682635263\" alt=\"\" width=\"600\" height=\"450\" \/><\/dt><dd class=\"spip_doc_descriptif\"><i>Le Pr Th\u00e9odore Marie Yves Tapsoba explique que l\u2019objectif g\u00e9n\u00e9ral de ces doctoriales est de guider les doctorants dans leurs travaux de th\u00e8se<\/i><\/dd><dd><p>La c\u00e9r\u00e9monie d\u2019ouverture des travaux a \u00e9t\u00e9 pr\u00e9sid\u00e9e par le pr\u00e9sident de l\u2019universit\u00e9 Nazi Boni, Pr Hassan Nacro. Pour sa part, il reste convaincu \u00e9galement que les sciences et les technologies peuvent apporter un grand plus dans la lutte contre le terrorisme au Burkina. \u00ab\u00a0Le terrorisme est une n\u00e9buleuse qui endeuille nos populations et menace le d\u00e9veloppement de notre pays. Il pose un probl\u00e8me que la science tente de r\u00e9soudre. La soci\u00e9t\u00e9 s\u2019interroge et l\u2019universit\u00e9 et la recherche s\u2019efforcent de r\u00e9pondre. C\u2019est en cela que les laboratoires de recherche prennent tout leur sens\u00a0\u00bb, a-t-il dit.<\/p><p>Il a soulign\u00e9 que ces doctoriales sont des manifestations organis\u00e9es par de nombreuses universit\u00e9s en partenariat avec des entreprises et qui permettent la rencontre entre jeunes chercheurs doctorants avec le monde de l\u2019entreprise. A l\u2019en croire, les premi\u00e8res doctoriales ont eu lieu en 1995 \u00e0 l\u2019initiative de la direction g\u00e9n\u00e9rale de l\u2019arm\u00e9e du minist\u00e8re fran\u00e7ais des Arm\u00e9es. \u00ab\u00a0Les doctoriales offrent une occasion aux doctorants de travailler en groupes pluridisciplinaires, de d\u00e9velopper leurs r\u00e9seaux, de valoriser leurs comp\u00e9tences et de parfaire leurs projets professionnels. Elles s\u2019articulent autour des ateliers projets en \u00e9quipe, la pr\u00e9sentation des travaux de recherche, les rencontres avec des chefs d\u2019entreprises\u00a0\u00bb, a-t-il confi\u00e9.<\/p><dl class=\"spip_document_150046 spip_documents spip_documents_center\"><dt><img loading=\"lazy\" decoding=\"async\" src=\"https:\/\/lefaso.net\/local\/cache-vignettes\/L600xH450\/ab4_74_-997b2.jpg?1682635263\" alt=\"\" width=\"600\" height=\"450\" \/><\/dt><dd class=\"spip_doc_descriptif\"><i>Le directeur g\u00e9n\u00e9ral adjoint de la SOFITEX, Yacouba Par\u00e9, au nom de son DG, a salu\u00e9 cette initiative au regard surtout de la th\u00e9matique abord\u00e9e cette ann\u00e9e<\/i><\/dd><\/dl><p>Cette activit\u00e9 est plac\u00e9e sous le parrainage du directeur g\u00e9n\u00e9ral de la SOFITEX, repr\u00e9sent\u00e9 \u00e0 la c\u00e9r\u00e9monie d\u2019ouverture des travaux par son directeur g\u00e9n\u00e9ral adjoint, Yacouba Par\u00e9. Au nom de son directeur g\u00e9n\u00e9ral, il n\u2019a pas manqu\u00e9 de saluer cette initiative au regard surtout de la th\u00e9matique abord\u00e9e cette ann\u00e9e. Il reste convaincu que les acteurs de la recherche peuvent apporter leur contribution dans cette lutte contre le terrorisme au Burkina Faso.<\/p><p>Apr\u00e8s la c\u00e9r\u00e9monie d\u2019ouverture des travaux, place \u00e0 la conf\u00e9rence inaugurale sur le th\u00e8me\u00a0: \u00ab\u00a0Sciences et technologies face aux d\u00e9fis s\u00e9curitaires\u00a0\u00bb. Cette conf\u00e9rence a \u00e9t\u00e9 anim\u00e9e par Seydou Ouattara, directeur de la s\u00fbret\u00e9 de l\u2019Etat. Les expos\u00e9s vont se poursuivre tout au cours de l\u2019activit\u00e9 dans les salles de r\u00e9union sis au campus du secteur 22 de l\u2019universit\u00e9 Nazi Boni.<\/p><\/dd><\/dl><\/dd><\/dl>\t\t\t\t\t\t\t\t<\/div>\n\t\t\t\t<\/div>\n\t\t\t\t\t<\/div>\n\t\t<\/div>\n\t\t\t\t\t<\/div>\n\t\t<\/section>\n\t\t\t\t<\/div>\n\t\t","protected":false},"excerpt":{"rendered":"<p>Lutte contre le terrorisme au Burkina : La contribution des sciences et technologies au c\u0153ur d\u2019une rencontre scientifique \u00e0 Bobo-Dioulasso L\u2019\u00c9cole doctorale sciences et techniques (ED-ST) de l\u2019universit\u00e9 Nazi Boni organise, du 27 au 29 avril 2023, la troisi\u00e8me \u00e9dition des doctoriales \u00e0 Bobo-Dioulasso. Cette \u00e9dition, plac\u00e9e sous le th\u00e8me\u00a0: \u00ab\u00a0Sciences et technologies face aux [&hellip;]<\/p>\n","protected":false},"author":2,"featured_media":0,"parent":0,"menu_order":0,"comment_status":"closed","ping_status":"closed","template":"","meta":{"site-sidebar-layout":"no-sidebar","site-content-layout":"page-builder","ast-site-content-layout":"default","site-content-style":"default","site-sidebar-style":"default","ast-global-header-display":"","ast-banner-title-visibility":"","ast-main-header-display":"","ast-hfb-above-header-display":"","ast-hfb-below-header-display":"","ast-hfb-mobile-header-display":"","site-post-title":"disabled","ast-breadcrumbs-content":"","ast-featured-img":"disabled","footer-sml-layout":"","theme-transparent-header-meta":"","adv-header-id-meta":"","stick-header-meta":"","header-above-stick-meta":"","header-main-stick-meta":"","header-below-stick-meta":"","astra-migrate-meta-layouts":"default","ast-page-background-enabled":"default","ast-page-background-meta":{"desktop":{"background-color":"","background-image":"","background-repeat":"repeat","background-position":"center center","background-size":"auto","background-attachment":"scroll","background-type":"","background-media":"","overlay-type":"","overlay-color":"","overlay-opacity":"","overlay-gradient":""},"tablet":{"background-color":"","background-image":"","background-repeat":"repeat","background-position":"center center","background-size":"auto","background-attachment":"scroll","background-type":"","background-media":"","overlay-type":"","overlay-color":"","overlay-opacity":"","overlay-gradient":""},"mobile":{"background-color":"","background-image":"","background-repeat":"repeat","background-position":"center center","background-size":"auto","background-attachment":"scroll","background-type":"","background-media":"","overlay-type":"","overlay-color":"","overlay-opacity":"","overlay-gradient":""}},"ast-content-background-meta":{"desktop":{"background-color":"var(--ast-global-color-5)","background-image":"","background-repeat":"repeat","background-position":"center center","background-size":"auto","background-attachment":"scroll","background-type":"","background-media":"","overlay-type":"","overlay-color":"","overlay-opacity":"","overlay-gradient":""},"tablet":{"background-color":"var(--ast-global-color-5)","background-image":"","background-repeat":"repeat","background-position":"center center","background-size":"auto","background-attachment":"scroll","background-type":"","background-media":"","overlay-type":"","overlay-color":"","overlay-opacity":"","overlay-gradient":""},"mobile":{"background-color":"var(--ast-global-color-5)","background-image":"","background-repeat":"repeat","background-position":"center center","background-size":"auto","background-attachment":"scroll","background-type":"","background-media":"","overlay-type":"","overlay-color":"","overlay-opacity":"","overlay-gradient":""}},"footnotes":""},"class_list":["post-3120","page","type-page","status-publish","hentry"],"jetpack_sharing_enabled":true,"rttpg_featured_image_url":null,"rttpg_author":{"display_name":"Hascor Burkina","author_link":"https:\/\/blog.hascorburkina.com\/index.php\/author\/hascorblog\/"},"rttpg_comment":0,"rttpg_category":null,"rttpg_excerpt":"Lutte contre le terrorisme au Burkina : La contribution des sciences et technologies au c\u0153ur d\u2019une rencontre scientifique \u00e0 Bobo-Dioulasso L\u2019\u00c9cole doctorale sciences et techniques (ED-ST) de l\u2019universit\u00e9 Nazi Boni organise, du 27 au 29 avril 2023, la troisi\u00e8me \u00e9dition des doctoriales \u00e0 Bobo-Dioulasso. Cette \u00e9dition, plac\u00e9e sous le th\u00e8me\u00a0: \u00ab\u00a0Sciences et technologies face aux\u2026","_links":{"self":[{"href":"https:\/\/blog.hascorburkina.com\/index.php\/wp-json\/wp\/v2\/pages\/3120","targetHints":{"allow":["GET"]}}],"collection":[{"href":"https:\/\/blog.hascorburkina.com\/index.php\/wp-json\/wp\/v2\/pages"}],"about":[{"href":"https:\/\/blog.hascorburkina.com\/index.php\/wp-json\/wp\/v2\/types\/page"}],"author":[{"embeddable":true,"href":"https:\/\/blog.hascorburkina.com\/index.php\/wp-json\/wp\/v2\/users\/2"}],"replies":[{"embeddable":true,"href":"https:\/\/blog.hascorburkina.com\/index.php\/wp-json\/wp\/v2\/comments?post=3120"}],"version-history":[{"count":3,"href":"https:\/\/blog.hascorburkina.com\/index.php\/wp-json\/wp\/v2\/pages\/3120\/revisions"}],"predecessor-version":[{"id":3124,"href":"https:\/\/blog.hascorburkina.com\/index.php\/wp-json\/wp\/v2\/pages\/3120\/revisions\/3124"}],"wp:attachment":[{"href":"https:\/\/blog.hascorburkina.com\/index.php\/wp-json\/wp\/v2\/media?parent=3120"}],"curies":[{"name":"wp","href":"https:\/\/api.w.org\/{rel}","templated":true}]}}