{"id":3107,"date":"2023-04-26T10:05:06","date_gmt":"2023-04-26T10:05:06","guid":{"rendered":"https:\/\/blog.hascorburkina.com\/?page_id=3107"},"modified":"2023-04-26T10:07:54","modified_gmt":"2023-04-26T10:07:54","slug":"actualite-8","status":"publish","type":"page","link":"https:\/\/blog.hascorburkina.com\/index.php\/actualite-8\/","title":{"rendered":"actualit\u00e9"},"content":{"rendered":"\t\t<div data-elementor-type=\"wp-page\" data-elementor-id=\"3107\" class=\"elementor elementor-3107\">\n\t\t\t\t\t\t<section class=\"elementor-section elementor-top-section elementor-element elementor-element-f4cce40 elementor-section-boxed elementor-section-height-default elementor-section-height-default\" data-id=\"f4cce40\" data-element_type=\"section\" data-e-type=\"section\">\n\t\t\t\t\t\t<div class=\"elementor-container elementor-column-gap-default\">\n\t\t\t\t\t<div class=\"elementor-column elementor-col-100 elementor-top-column elementor-element elementor-element-ac48f34\" data-id=\"ac48f34\" data-element_type=\"column\" data-e-type=\"column\">\n\t\t\t<div class=\"elementor-widget-wrap elementor-element-populated\">\n\t\t\t\t\t\t<div class=\"elementor-element elementor-element-1a66311 elementor-widget elementor-widget-heading\" data-id=\"1a66311\" data-element_type=\"widget\" data-e-type=\"widget\" data-widget_type=\"heading.default\">\n\t\t\t\t<div class=\"elementor-widget-container\">\n\t\t\t\t\t<h2 class=\"elementor-heading-title elementor-size-default\"><span style=\"text-transform: capitalize\">Banque mondiale-Burkina Faso<\/span> : Le bilan \u00e0 mi-parcours du projet d\u2019appui \u00e0 l\u2019inclusion financi\u00e8re et l\u2019acc\u00e8s au financement des petites et moyennes entreprises jug\u00e9 satisfaisant<\/h2>\t\t\t\t<\/div>\n\t\t\t\t<\/div>\n\t\t\t\t\t<\/div>\n\t\t<\/div>\n\t\t\t\t\t<\/div>\n\t\t<\/section>\n\t\t\t\t<section class=\"elementor-section elementor-top-section elementor-element elementor-element-8e4c6ef elementor-section-content-middle elementor-section-boxed elementor-section-height-default elementor-section-height-default\" data-id=\"8e4c6ef\" data-element_type=\"section\" data-e-type=\"section\" data-settings=\"{&quot;background_background&quot;:&quot;classic&quot;}\">\n\t\t\t\t\t\t\t<div class=\"elementor-background-overlay\"><\/div>\n\t\t\t\t\t\t\t<div class=\"elementor-container elementor-column-gap-no\">\n\t\t\t\t\t<div class=\"elementor-column elementor-col-50 elementor-top-column elementor-element elementor-element-1e2d087\" data-id=\"1e2d087\" data-element_type=\"column\" data-e-type=\"column\">\n\t\t\t<div class=\"elementor-widget-wrap elementor-element-populated\">\n\t\t\t\t\t\t<div class=\"elementor-element elementor-element-0f61953 elementor-widget elementor-widget-image\" data-id=\"0f61953\" data-element_type=\"widget\" data-e-type=\"widget\" data-widget_type=\"image.default\">\n\t\t\t\t<div class=\"elementor-widget-container\">\n\t\t\t\t\t\t\t\t\t\t\t\t\t\t\t<img fetchpriority=\"high\" decoding=\"async\" width=\"1080\" height=\"810\" src=\"https:\/\/blog.hascorburkina.com\/wp-content\/uploads\/2023\/04\/arton121073.jpg\" class=\"attachment-full size-full wp-image-3106\" alt=\"\" srcset=\"https:\/\/blog.hascorburkina.com\/wp-content\/uploads\/2023\/04\/arton121073.jpg 1080w, https:\/\/blog.hascorburkina.com\/wp-content\/uploads\/2023\/04\/arton121073-600x450.jpg 600w, https:\/\/blog.hascorburkina.com\/wp-content\/uploads\/2023\/04\/arton121073-300x225.jpg 300w, https:\/\/blog.hascorburkina.com\/wp-content\/uploads\/2023\/04\/arton121073-1024x768.jpg 1024w, https:\/\/blog.hascorburkina.com\/wp-content\/uploads\/2023\/04\/arton121073-768x576.jpg 768w\" sizes=\"(max-width: 1080px) 100vw, 1080px\" \/>\t\t\t\t\t\t\t\t\t\t\t\t\t\t\t<\/div>\n\t\t\t\t<\/div>\n\t\t\t\t\t<\/div>\n\t\t<\/div>\n\t\t\t\t<div class=\"elementor-column elementor-col-50 elementor-top-column elementor-element elementor-element-e01217e\" data-id=\"e01217e\" data-element_type=\"column\" data-e-type=\"column\">\n\t\t\t<div class=\"elementor-widget-wrap elementor-element-populated\">\n\t\t\t\t\t\t<div class=\"elementor-element elementor-element-5318597 elementor-widget elementor-widget-text-editor\" data-id=\"5318597\" data-element_type=\"widget\" data-e-type=\"widget\" data-widget_type=\"text-editor.default\">\n\t\t\t\t<div class=\"elementor-widget-container\">\n\t\t\t\t\t\t\t\t\t<p>Ce mardi 25 avril 2023 s\u2019est ouverte la revue \u00e0 mi-parcours du projet d\u2019appui \u00e0 l\u2019inclusion financi\u00e8re et l\u2019acc\u00e8s au financement des petites et moyennes entreprises qui couvre la p\u00e9riode 2019 au 30 avril 2025. Les travaux s\u2019ach\u00e8veront le 8 mai prochain.<\/p><div class=\"article_content\"><p>Le Projet d\u2019appui \u00e0 l\u2019inclusion financi\u00e8re et l\u2019acc\u00e8s au financement des Petites et moyennes entreprises (PAIF-PME) vise, entre autres, \u00e0 am\u00e9liorer l\u2019environnement des PME et l\u2019acc\u00e8s \u00e0 la finance inclusive. Ce projet dont l\u2019accord de financement a \u00e9t\u00e9 sign\u00e9 en 2019 entre le gouvernement burkinab\u00e8 et la Banque mondiale doit s\u2019ex\u00e9cuter jusqu\u2019au 30 avril 2025. Il est structur\u00e9 en quatre composantes dont trois composantes techniques et une composante de soutien. Apr\u00e8s plus de trois ans de mise en \u0153uvre, le PAIF-PME fait l\u2019objet d\u2019une \u00e9valuation \u00e0 mi-parcours du 25 avril au 8 mai 2023, \u00e0 Ouagadougou. Une forte \u00e9quipe technique de la Banque Mondiale prend part \u00e0 cet exercice. Il s\u2019agira au cours des travaux de d\u00e9terminer le niveau de progr\u00e8s atteint dans la r\u00e9alisation des objectifs du projet,<\/p><\/div>\t\t\t\t\t\t\t\t<\/div>\n\t\t\t\t<\/div>\n\t\t\t\t\t<\/div>\n\t\t<\/div>\n\t\t\t\t\t<\/div>\n\t\t<\/section>\n\t\t\t\t<section class=\"elementor-section elementor-top-section elementor-element elementor-element-8b97c37 elementor-section-boxed elementor-section-height-default elementor-section-height-default\" data-id=\"8b97c37\" data-element_type=\"section\" data-e-type=\"section\">\n\t\t\t\t\t\t<div class=\"elementor-container elementor-column-gap-default\">\n\t\t\t\t\t<div class=\"elementor-column elementor-col-100 elementor-top-column elementor-element elementor-element-b1f3716\" data-id=\"b1f3716\" data-element_type=\"column\" data-e-type=\"column\">\n\t\t\t<div class=\"elementor-widget-wrap elementor-element-populated\">\n\t\t\t\t\t\t<div class=\"elementor-element elementor-element-f6d4134 elementor-widget elementor-widget-text-editor\" data-id=\"f6d4134\" data-element_type=\"widget\" data-e-type=\"widget\" data-widget_type=\"text-editor.default\">\n\t\t\t\t<div class=\"elementor-widget-container\">\n\t\t\t\t\t\t\t\t\t<p>examiner la performance du projet et la mise en \u0153uvre des activit\u00e9s pr\u00e9vues par rapport aux r\u00e9sultats r\u00e9els. Les risques li\u00e9s \u00e0 l\u2019atteinte des r\u00e9sultats et ses objectifs seront \u00e9galement \u00e9valu\u00e9s. L\u2019objectif de l\u2019\u00e9valuation est aussi d\u2019identifier les actions correctives strat\u00e9giques et de formuler des recommandations pertinentes. Ceci en vue de modifications \u00e9ventuelles de la conception du projet et de la direction g\u00e9n\u00e9rale du projet.<\/p><dl class=\"spip_document_149922 spip_documents spip_documents_center\"><dt><img decoding=\"async\" src=\"https:\/\/lefaso.net\/local\/cache-vignettes\/L600xH450\/whatsapp_image_2023-04-25_at_15.36.34-923ea.jpg?1682460263\" alt=\"\" width=\"600\" height=\"450\" \/><\/dt><dd class=\"spip_doc_descriptif\"><i>Les participants lors de la c\u00e9r\u00e9monie d\u2019ouverture<\/i><\/dd><dd><p>Le PAIF-PME est en coh\u00e9rence avec la strat\u00e9gie nationale de la finance inclusive<br class=\"autobr\" \/>De fa\u00e7on g\u00e9n\u00e9rale, le bilan \u00e0 mi-parcours est jug\u00e9 satisfaisant, selon le coordonnateur national dudit projet. Pour preuve, avance Wilfried S\u00e9raphin Kient\u00e8ga, la composante 1 du projet, consacr\u00e9e \u00e0 la digitalisation des paiements gouvernementaux a permis d\u2019accompagner la direction g\u00e9n\u00e9rale du tr\u00e9sor et de la comptabilit\u00e9 publique pour la connexion au syst\u00e8me r\u00e9gional de paiement. Au niveau de la composante 2, des structures telles que le FAARF, et la direction de la surveillance du contr\u00f4le (DSC) du Service financier d\u00e9centralis\u00e9 (SFD) ont b\u00e9n\u00e9fici\u00e9 d\u2019un accompagnement. \u00ab\u00a0A la date d\u2019aujourd\u2019hui, ils se sont dot\u00e9s d\u2019un outil de notation de structures de microfinance bas\u00e9 sur le risque qu\u2019on appelle outil CAMELI. Nous avons \u00e9galement aid\u00e9 le SFD \u00e0 disposer d\u2019un logiciel performant pour \u00e9ventuellement suivre une appr\u00e9ciation objective de l\u2019\u00e9volution des activit\u00e9s du secteur\u00a0\u00bb, a fait remarquer M.\u00a0Kient\u00e8ga. Comme autres r\u00e9sultats, il a not\u00e9 la mise en place d\u2019un syst\u00e8me d\u2019information assez performant au niveau du secr\u00e9tariat technique de la promotion de l\u2019inclusion financi\u00e8re.<\/p><dl class=\"spip_document_149923 spip_documents spip_documents_center\"><dt><img decoding=\"async\" src=\"https:\/\/lefaso.net\/local\/cache-vignettes\/L600xH449\/whatsapp_image_2023-04-25_at_15.36.35_2_-ec909.jpg?1682460263\" alt=\"\" width=\"600\" height=\"449\" \/><\/dt><dd class=\"spip_doc_descriptif\"><i>Selon le coordonnateur national du PAIF-PME, Wilfried S\u00e9raphin Kient\u00e8ga, l\u2019accord de financement a \u00e9t\u00e9 mis en vigueur le 6 septembre 2019<\/i><\/dd><dd><p>\u00ab\u00a0En collaboration avec cette structure, nous sommes en train de mettre en place un programme d\u2019\u00e9ducation financi\u00e8re sur le digital. A la date d\u2019aujourd\u2019hui, nous avons touch\u00e9 plus de 130 000 personnes\u00a0\u00bb, a confi\u00e9 le coordonnateur national du PAIF-PME. Quant \u00e0 la composante 3 du projet, elle est consacr\u00e9e \u00e0 la promotion du cr\u00e9dit pour les agriculteurs, les femmes et les jeunes. Cette activit\u00e9 est port\u00e9e par la Direction g\u00e9n\u00e9rale de la soci\u00e9t\u00e9 financi\u00e8re de garantie interbancaire du Burkina. A ce niveau, la satisfaction est \u00e9galement au rendez-vous. Car, \u00e0 la date d\u2019aujourd\u2019hui, environ 7 200 personnes ont \u00e9t\u00e9 touch\u00e9es sur un objectif de 12 000. En outre, plus de 30 milliards de francs ont \u00e9t\u00e9 mis \u00e0 leur disposition. \u00ab\u00a0Avec ces 30 milliards de francs CFA, la SOFIGIB a pu accorder plus de 116 millions de dollars en terme de cr\u00e9dits. Au-del\u00e0 du cr\u00e9dit qu\u2019on a pu accompagner au niveau de la SOFIGIB, nous avons \u00e9galement form\u00e9 un nombre d\u2019acteurs dont les PME et autres. Aussi, nous avons organis\u00e9 en 2022, une comp\u00e9tition de plan d\u2019affaires sur le plan national\u00a0\u00bb, a relev\u00e9 M.\u00a0Kient\u00e9ga. Le PAIF-PME est financ\u00e9 \u00e0 hauteur de 61 milliards de francs CFA dont 60 milliards 500 millions de francs CFA octroy\u00e9 par la Banque mondiale.<\/p><dl class=\"spip_document_149924 spip_documents spip_documents_center\"><dt><img loading=\"lazy\" decoding=\"async\" src=\"https:\/\/lefaso.net\/local\/cache-vignettes\/L600xH450\/whatsapp_image_2023-04-25_at_15.36.35_1_-a0d81.jpg?1682460263\" alt=\"\" width=\"600\" height=\"450\" \/><\/dt><dd class=\"spip_doc_descriptif\">Les participants promettent des \u00e9changes fructueux<\/dd><\/dl><p>\u00ab\u00a0La Banque mondiale a un engagement global qui est de faciliter l\u2019acc\u00e8s \u00e0 pr\u00e8s de 1 milliard de personnes \u00e0 des comptes de transaction \u00e0 travers le monde. C\u2019est dans ce cadre qu\u2019on appuie ce projet du gouvernement qui s\u2019inscrit non seulement dans les strat\u00e9gies de d\u00e9veloppement du Burkina notamment faciliter le d\u00e9veloppement du secteur financier priv\u00e9 pour acc\u00e9der aux cr\u00e9dits. C\u2019est aussi dans le cadre du partenariat entre la Banque mondiale et le gouvernement du Burkina Faso pour le d\u00e9veloppement du secteur priv\u00e9 et l\u2019acc\u00e8s aux cr\u00e9dits \u00e0 long terme\u00a0\u00bb, a indiqu\u00e9 la sp\u00e9cialiste principale du secteur financier aupr\u00e8s de la Banque Mondiale, Tenin Fatimata Dicko.<\/p><dl class=\"spip_document_149925 spip_documents spip_documents_center\"><dt><img loading=\"lazy\" decoding=\"async\" src=\"https:\/\/lefaso.net\/local\/cache-vignettes\/L600xH449\/whatsapp_image_2023-04-25_at_15.36.35-eef52.jpg?1682460263\" alt=\"\" width=\"600\" height=\"449\" \/><\/dt><dd class=\"spip_doc_descriptif\"><i>La sp\u00e9cialiste principale du secteur financier aupr\u00e8s de la Banque mondiale, Tenin Fatimata Dicko<\/i><\/dd><\/dl><p>Apr\u00e8s avoir pris connaissance des r\u00e9sultats du projet qu\u2019elle qualifie d\u2019ambitieux, Mme\u00a0Dicko a remerci\u00e9 l\u2019ensemble des partenaires de mise en \u0153uvre. Face \u00e0 la succession des crises que traverse le monde entier en particulier le secteur financier, elle estime qu\u2019il y a des efforts \u00e0 fournir. Le pr\u00e9sent projet s\u2019inscrit dans cette dynamique.<\/p><p><strong>A\u00efssata Laure G. Sidib\u00e9<\/strong><\/p><\/dd><dd><\/dd><\/dl><\/dd><\/dl>\t\t\t\t\t\t\t\t<\/div>\n\t\t\t\t<\/div>\n\t\t\t\t\t<\/div>\n\t\t<\/div>\n\t\t\t\t\t<\/div>\n\t\t<\/section>\n\t\t\t\t<\/div>\n\t\t","protected":false},"excerpt":{"rendered":"<p>Banque mondiale-Burkina Faso : Le bilan \u00e0 mi-parcours du projet d\u2019appui \u00e0 l\u2019inclusion financi\u00e8re et l\u2019acc\u00e8s au financement des petites et moyennes entreprises jug\u00e9 satisfaisant Ce mardi 25 avril 2023 s\u2019est ouverte la revue \u00e0 mi-parcours du projet d\u2019appui \u00e0 l\u2019inclusion financi\u00e8re et l\u2019acc\u00e8s au financement des petites et moyennes entreprises qui couvre la p\u00e9riode [&hellip;]<\/p>\n","protected":false},"author":2,"featured_media":0,"parent":0,"menu_order":0,"comment_status":"closed","ping_status":"closed","template":"","meta":{"site-sidebar-layout":"no-sidebar","site-content-layout":"page-builder","ast-site-content-layout":"default","site-content-style":"default","site-sidebar-style":"default","ast-global-header-display":"","ast-banner-title-visibility":"","ast-main-header-display":"","ast-hfb-above-header-display":"","ast-hfb-below-header-display":"","ast-hfb-mobile-header-display":"","site-post-title":"disabled","ast-breadcrumbs-content":"","ast-featured-img":"disabled","footer-sml-layout":"","theme-transparent-header-meta":"","adv-header-id-meta":"","stick-header-meta":"","header-above-stick-meta":"","header-main-stick-meta":"","header-below-stick-meta":"","astra-migrate-meta-layouts":"default","ast-page-background-enabled":"default","ast-page-background-meta":{"desktop":{"background-color":"","background-image":"","background-repeat":"repeat","background-position":"center center","background-size":"auto","background-attachment":"scroll","background-type":"","background-media":"","overlay-type":"","overlay-color":"","overlay-opacity":"","overlay-gradient":""},"tablet":{"background-color":"","background-image":"","background-repeat":"repeat","background-position":"center center","background-size":"auto","background-attachment":"scroll","background-type":"","background-media":"","overlay-type":"","overlay-color":"","overlay-opacity":"","overlay-gradient":""},"mobile":{"background-color":"","background-image":"","background-repeat":"repeat","background-position":"center center","background-size":"auto","background-attachment":"scroll","background-type":"","background-media":"","overlay-type":"","overlay-color":"","overlay-opacity":"","overlay-gradient":""}},"ast-content-background-meta":{"desktop":{"background-color":"var(--ast-global-color-5)","background-image":"","background-repeat":"repeat","background-position":"center center","background-size":"auto","background-attachment":"scroll","background-type":"","background-media":"","overlay-type":"","overlay-color":"","overlay-opacity":"","overlay-gradient":""},"tablet":{"background-color":"var(--ast-global-color-5)","background-image":"","background-repeat":"repeat","background-position":"center center","background-size":"auto","background-attachment":"scroll","background-type":"","background-media":"","overlay-type":"","overlay-color":"","overlay-opacity":"","overlay-gradient":""},"mobile":{"background-color":"var(--ast-global-color-5)","background-image":"","background-repeat":"repeat","background-position":"center center","background-size":"auto","background-attachment":"scroll","background-type":"","background-media":"","overlay-type":"","overlay-color":"","overlay-opacity":"","overlay-gradient":""}},"footnotes":""},"class_list":["post-3107","page","type-page","status-publish","hentry"],"jetpack_sharing_enabled":true,"rttpg_featured_image_url":null,"rttpg_author":{"display_name":"Hascor Burkina","author_link":"https:\/\/blog.hascorburkina.com\/index.php\/author\/hascorblog\/"},"rttpg_comment":0,"rttpg_category":null,"rttpg_excerpt":"Banque mondiale-Burkina Faso : Le bilan \u00e0 mi-parcours du projet d\u2019appui \u00e0 l\u2019inclusion financi\u00e8re et l\u2019acc\u00e8s au financement des petites et moyennes entreprises jug\u00e9 satisfaisant Ce mardi 25 avril 2023 s\u2019est ouverte la revue \u00e0 mi-parcours du projet d\u2019appui \u00e0 l\u2019inclusion financi\u00e8re et l\u2019acc\u00e8s au financement des petites et moyennes entreprises qui couvre la p\u00e9riode\u2026","_links":{"self":[{"href":"https:\/\/blog.hascorburkina.com\/index.php\/wp-json\/wp\/v2\/pages\/3107","targetHints":{"allow":["GET"]}}],"collection":[{"href":"https:\/\/blog.hascorburkina.com\/index.php\/wp-json\/wp\/v2\/pages"}],"about":[{"href":"https:\/\/blog.hascorburkina.com\/index.php\/wp-json\/wp\/v2\/types\/page"}],"author":[{"embeddable":true,"href":"https:\/\/blog.hascorburkina.com\/index.php\/wp-json\/wp\/v2\/users\/2"}],"replies":[{"embeddable":true,"href":"https:\/\/blog.hascorburkina.com\/index.php\/wp-json\/wp\/v2\/comments?post=3107"}],"version-history":[{"count":4,"href":"https:\/\/blog.hascorburkina.com\/index.php\/wp-json\/wp\/v2\/pages\/3107\/revisions"}],"predecessor-version":[{"id":3113,"href":"https:\/\/blog.hascorburkina.com\/index.php\/wp-json\/wp\/v2\/pages\/3107\/revisions\/3113"}],"wp:attachment":[{"href":"https:\/\/blog.hascorburkina.com\/index.php\/wp-json\/wp\/v2\/media?parent=3107"}],"curies":[{"name":"wp","href":"https:\/\/api.w.org\/{rel}","templated":true}]}}