{"id":3097,"date":"2023-04-26T09:51:58","date_gmt":"2023-04-26T09:51:58","guid":{"rendered":"https:\/\/blog.hascorburkina.com\/?page_id=3097"},"modified":"2023-04-26T09:55:33","modified_gmt":"2023-04-26T09:55:33","slug":"actualite-7","status":"publish","type":"page","link":"https:\/\/blog.hascorburkina.com\/index.php\/actualite-7\/","title":{"rendered":"actualit\u00e9"},"content":{"rendered":"\t\t<div data-elementor-type=\"wp-page\" data-elementor-id=\"3097\" class=\"elementor elementor-3097\">\n\t\t\t\t\t\t<section class=\"elementor-section elementor-top-section elementor-element elementor-element-015e399 elementor-section-boxed elementor-section-height-default elementor-section-height-default\" data-id=\"015e399\" data-element_type=\"section\" data-e-type=\"section\">\n\t\t\t\t\t\t<div class=\"elementor-container elementor-column-gap-default\">\n\t\t\t\t\t<div class=\"elementor-column elementor-col-100 elementor-top-column elementor-element elementor-element-0c95c50\" data-id=\"0c95c50\" data-element_type=\"column\" data-e-type=\"column\">\n\t\t\t<div class=\"elementor-widget-wrap elementor-element-populated\">\n\t\t\t\t\t\t<div class=\"elementor-element elementor-element-44b36e9 elementor-widget elementor-widget-heading\" data-id=\"44b36e9\" data-element_type=\"widget\" data-e-type=\"widget\" data-widget_type=\"heading.default\">\n\t\t\t\t<div class=\"elementor-widget-container\">\n\t\t\t\t\t<h2 class=\"elementor-heading-title elementor-size-default\"><span style=\"text-transform: capitalize\">Affaire Achille Tapsoba contre Eddie Kombo\u00efgo <\/span>: Le proc\u00e8s de nouveau renvoy\u00e9 au 30 mai 2023<\/h2>\t\t\t\t<\/div>\n\t\t\t\t<\/div>\n\t\t\t\t\t<\/div>\n\t\t<\/div>\n\t\t\t\t\t<\/div>\n\t\t<\/section>\n\t\t\t\t<section class=\"elementor-section elementor-top-section elementor-element elementor-element-8a0e37d elementor-section-content-middle elementor-section-boxed elementor-section-height-default elementor-section-height-default\" data-id=\"8a0e37d\" data-element_type=\"section\" data-e-type=\"section\" data-settings=\"{&quot;background_background&quot;:&quot;classic&quot;}\">\n\t\t\t\t\t\t\t<div class=\"elementor-background-overlay\"><\/div>\n\t\t\t\t\t\t\t<div class=\"elementor-container elementor-column-gap-no\">\n\t\t\t\t\t<div class=\"elementor-column elementor-col-50 elementor-top-column elementor-element elementor-element-d5fc7cf\" data-id=\"d5fc7cf\" data-element_type=\"column\" data-e-type=\"column\">\n\t\t\t<div class=\"elementor-widget-wrap elementor-element-populated\">\n\t\t\t\t\t\t<div class=\"elementor-element elementor-element-b63565d elementor-widget elementor-widget-image\" data-id=\"b63565d\" data-element_type=\"widget\" data-e-type=\"widget\" data-widget_type=\"image.default\">\n\t\t\t\t<div class=\"elementor-widget-container\">\n\t\t\t\t\t\t\t\t\t\t\t\t\t\t\t<img fetchpriority=\"high\" decoding=\"async\" width=\"1024\" height=\"683\" src=\"https:\/\/blog.hascorburkina.com\/wp-content\/uploads\/2023\/04\/arton121050.jpg\" class=\"attachment-full size-full wp-image-3096\" alt=\"\" srcset=\"https:\/\/blog.hascorburkina.com\/wp-content\/uploads\/2023\/04\/arton121050.jpg 1024w, https:\/\/blog.hascorburkina.com\/wp-content\/uploads\/2023\/04\/arton121050-600x400.jpg 600w, https:\/\/blog.hascorburkina.com\/wp-content\/uploads\/2023\/04\/arton121050-300x200.jpg 300w, https:\/\/blog.hascorburkina.com\/wp-content\/uploads\/2023\/04\/arton121050-768x512.jpg 768w\" sizes=\"(max-width: 1024px) 100vw, 1024px\" \/>\t\t\t\t\t\t\t\t\t\t\t\t\t\t\t<\/div>\n\t\t\t\t<\/div>\n\t\t\t\t\t<\/div>\n\t\t<\/div>\n\t\t\t\t<div class=\"elementor-column elementor-col-50 elementor-top-column elementor-element elementor-element-173460e\" data-id=\"173460e\" data-element_type=\"column\" data-e-type=\"column\">\n\t\t\t<div class=\"elementor-widget-wrap elementor-element-populated\">\n\t\t\t\t\t\t<div class=\"elementor-element elementor-element-0d33ff5 elementor-widget elementor-widget-text-editor\" data-id=\"0d33ff5\" data-element_type=\"widget\" data-e-type=\"widget\" data-widget_type=\"text-editor.default\">\n\t\t\t\t<div class=\"elementor-widget-container\">\n\t\t\t\t\t\t\t\t\t<p><strong>Le proc\u00e8s opposant Achille Tapsoba \u00e0 Eddie Kombo\u00efgo, tous deux leaders politiques du Congr\u00e8s pour la D\u00e9mocratie et le Progr\u00e8s (CDP), a \u00e9t\u00e9 renvoy\u00e9 au 30 mai 2023, ce mardi 25 avril 2023, par le juge en charge de l\u2019affaire. Cet \u00e9ni\u00e8me renvoi s\u2019explique par le fait du retrait de certains conseils d\u2019Achille Tapsoba. Les nouveaux conseils demandent du temps pour mieux s\u2019impr\u00e9gner du dossier.<\/strong><\/p><div class=\"article_content\"><p>Le 28 f\u00e9vrier 2023, le juge en charge du proc\u00e8s opposant Achille Tapsoba \u00e0 Eddie Kombo\u00efgo, en renvoyant le dossier au 25 avril 2023, avait promis que les d\u00e9bats allaient cette fois-ci, commencer.<\/p><p>Cette promesse ne sera pas tenue car le dossier opposant les deux acteurs politiques est de nouveau renvoy\u00e9 au 30 mai 2023.<\/p><\/div>\t\t\t\t\t\t\t\t<\/div>\n\t\t\t\t<\/div>\n\t\t\t\t\t<\/div>\n\t\t<\/div>\n\t\t\t\t\t<\/div>\n\t\t<\/section>\n\t\t\t\t<section class=\"elementor-section elementor-top-section elementor-element elementor-element-9dafad0 elementor-section-boxed elementor-section-height-default elementor-section-height-default\" data-id=\"9dafad0\" data-element_type=\"section\" data-e-type=\"section\">\n\t\t\t\t\t\t<div class=\"elementor-container elementor-column-gap-default\">\n\t\t\t\t\t<div class=\"elementor-column elementor-col-100 elementor-top-column elementor-element elementor-element-6232674\" data-id=\"6232674\" data-element_type=\"column\" data-e-type=\"column\">\n\t\t\t<div class=\"elementor-widget-wrap elementor-element-populated\">\n\t\t\t\t\t\t<div class=\"elementor-element elementor-element-0983962 elementor-widget elementor-widget-text-editor\" data-id=\"0983962\" data-element_type=\"widget\" data-e-type=\"widget\" data-widget_type=\"text-editor.default\">\n\t\t\t\t<div class=\"elementor-widget-container\">\n\t\t\t\t\t\t\t\t\t<p>Il faut dire que ce renvoi est d\u00fb au retrait de certains conseils d\u2019Achille Tapsoba. Le juge, par ce report, veut permettre aux nouveaux conseils de M.\u00a0Tapsoba, de prendre corps avec le dossier afin de mieux le d\u00e9fendre.<\/p><p>Le 28 f\u00e9vrier 2023, de nouvelles pi\u00e8ces avaient \u00e9t\u00e9 ajout\u00e9es au dossier par Eddie Kombo\u00efgo. Une plainte de celui-ci accusant Achille Tapoba et d\u2019autres membres du CDP de faux et usage de faux.<\/p><p>C\u2019est la raison qui a motiv\u00e9 ce renvoi en son temps au 25 avril 2023. A l\u2018\u00e9tape actuelle du dossier, les deux parties s\u2019accusent mutuellement de faux et usage de faux.<\/p><p>Il faut dire que tout est parti du refus d\u2019Achille Tapsoba et certains de ses camardes d\u2019accepter les conclusions du congr\u00e8s du CDP, qui s\u2019est tenu les 18 et 19 d\u00e9cembre 2021, portant Eddie Kombo\u00efgo \u00e0 la t\u00eate du parti.<\/p><p>M.\u00a0Tapsoba a port\u00e9 plainte contre M.\u00a0Kombo\u00efgo pour usage de faux. C\u2019est ainsi qu\u2019un feuilleton judiciaire s\u2019ouvrira entre les deux leaders politiques du CDP.<\/p><p>Le 20 d\u00e9cembre 2022, aussit\u00f4t ouvert, aussit\u00f4t renvoy\u00e9 au 31 janvier 2023 et ensuite projet\u00e9 au 28 f\u00e9vrier 2023.<\/p><p>Le 28 f\u00e9vrier 2023, le juge, en le renvoyant au 25 avril 2023, avait promis que cette date serait la bonne.<\/p><p><strong>Obissa Juste Mien<\/strong><\/p>\t\t\t\t\t\t\t\t<\/div>\n\t\t\t\t<\/div>\n\t\t\t\t\t<\/div>\n\t\t<\/div>\n\t\t\t\t\t<\/div>\n\t\t<\/section>\n\t\t\t\t<\/div>\n\t\t","protected":false},"excerpt":{"rendered":"<p>Affaire Achille Tapsoba contre Eddie Kombo\u00efgo : Le proc\u00e8s de nouveau renvoy\u00e9 au 30 mai 2023 Le proc\u00e8s opposant Achille Tapsoba \u00e0 Eddie Kombo\u00efgo, tous deux leaders politiques du Congr\u00e8s pour la D\u00e9mocratie et le Progr\u00e8s (CDP), a \u00e9t\u00e9 renvoy\u00e9 au 30 mai 2023, ce mardi 25 avril 2023, par le juge en charge de [&hellip;]<\/p>\n","protected":false},"author":2,"featured_media":0,"parent":0,"menu_order":0,"comment_status":"closed","ping_status":"closed","template":"","meta":{"site-sidebar-layout":"no-sidebar","site-content-layout":"page-builder","ast-site-content-layout":"default","site-content-style":"default","site-sidebar-style":"default","ast-global-header-display":"","ast-banner-title-visibility":"","ast-main-header-display":"","ast-hfb-above-header-display":"","ast-hfb-below-header-display":"","ast-hfb-mobile-header-display":"","site-post-title":"disabled","ast-breadcrumbs-content":"","ast-featured-img":"disabled","footer-sml-layout":"","theme-transparent-header-meta":"","adv-header-id-meta":"","stick-header-meta":"","header-above-stick-meta":"","header-main-stick-meta":"","header-below-stick-meta":"","astra-migrate-meta-layouts":"default","ast-page-background-enabled":"default","ast-page-background-meta":{"desktop":{"background-color":"","background-image":"","background-repeat":"repeat","background-position":"center center","background-size":"auto","background-attachment":"scroll","background-type":"","background-media":"","overlay-type":"","overlay-color":"","overlay-opacity":"","overlay-gradient":""},"tablet":{"background-color":"","background-image":"","background-repeat":"repeat","background-position":"center center","background-size":"auto","background-attachment":"scroll","background-type":"","background-media":"","overlay-type":"","overlay-color":"","overlay-opacity":"","overlay-gradient":""},"mobile":{"background-color":"","background-image":"","background-repeat":"repeat","background-position":"center center","background-size":"auto","background-attachment":"scroll","background-type":"","background-media":"","overlay-type":"","overlay-color":"","overlay-opacity":"","overlay-gradient":""}},"ast-content-background-meta":{"desktop":{"background-color":"var(--ast-global-color-5)","background-image":"","background-repeat":"repeat","background-position":"center center","background-size":"auto","background-attachment":"scroll","background-type":"","background-media":"","overlay-type":"","overlay-color":"","overlay-opacity":"","overlay-gradient":""},"tablet":{"background-color":"var(--ast-global-color-5)","background-image":"","background-repeat":"repeat","background-position":"center center","background-size":"auto","background-attachment":"scroll","background-type":"","background-media":"","overlay-type":"","overlay-color":"","overlay-opacity":"","overlay-gradient":""},"mobile":{"background-color":"var(--ast-global-color-5)","background-image":"","background-repeat":"repeat","background-position":"center center","background-size":"auto","background-attachment":"scroll","background-type":"","background-media":"","overlay-type":"","overlay-color":"","overlay-opacity":"","overlay-gradient":""}},"footnotes":""},"class_list":["post-3097","page","type-page","status-publish","hentry"],"jetpack_sharing_enabled":true,"rttpg_featured_image_url":null,"rttpg_author":{"display_name":"Hascor Burkina","author_link":"https:\/\/blog.hascorburkina.com\/index.php\/author\/hascorblog\/"},"rttpg_comment":0,"rttpg_category":null,"rttpg_excerpt":"Affaire Achille Tapsoba contre Eddie Kombo\u00efgo : Le proc\u00e8s de nouveau renvoy\u00e9 au 30 mai 2023 Le proc\u00e8s opposant Achille Tapsoba \u00e0 Eddie Kombo\u00efgo, tous deux leaders politiques du Congr\u00e8s pour la D\u00e9mocratie et le Progr\u00e8s (CDP), a \u00e9t\u00e9 renvoy\u00e9 au 30 mai 2023, ce mardi 25 avril 2023, par le juge en charge de\u2026","_links":{"self":[{"href":"https:\/\/blog.hascorburkina.com\/index.php\/wp-json\/wp\/v2\/pages\/3097","targetHints":{"allow":["GET"]}}],"collection":[{"href":"https:\/\/blog.hascorburkina.com\/index.php\/wp-json\/wp\/v2\/pages"}],"about":[{"href":"https:\/\/blog.hascorburkina.com\/index.php\/wp-json\/wp\/v2\/types\/page"}],"author":[{"embeddable":true,"href":"https:\/\/blog.hascorburkina.com\/index.php\/wp-json\/wp\/v2\/users\/2"}],"replies":[{"embeddable":true,"href":"https:\/\/blog.hascorburkina.com\/index.php\/wp-json\/wp\/v2\/comments?post=3097"}],"version-history":[{"count":4,"href":"https:\/\/blog.hascorburkina.com\/index.php\/wp-json\/wp\/v2\/pages\/3097\/revisions"}],"predecessor-version":[{"id":3102,"href":"https:\/\/blog.hascorburkina.com\/index.php\/wp-json\/wp\/v2\/pages\/3097\/revisions\/3102"}],"wp:attachment":[{"href":"https:\/\/blog.hascorburkina.com\/index.php\/wp-json\/wp\/v2\/media?parent=3097"}],"curies":[{"name":"wp","href":"https:\/\/api.w.org\/{rel}","templated":true}]}}