{"id":3065,"date":"2023-04-19T10:28:32","date_gmt":"2023-04-19T10:28:32","guid":{"rendered":"https:\/\/blog.hascorburkina.com\/?page_id=3065"},"modified":"2023-04-19T10:33:29","modified_gmt":"2023-04-19T10:33:29","slug":"elementor-3065","status":"publish","type":"page","link":"https:\/\/blog.hascorburkina.com\/index.php\/elementor-3065\/","title":{"rendered":"Elementor #3065"},"content":{"rendered":"\t\t<div data-elementor-type=\"wp-page\" data-elementor-id=\"3065\" class=\"elementor elementor-3065\">\n\t\t\t\t\t\t<section class=\"elementor-section elementor-top-section elementor-element elementor-element-edbd6c3 elementor-section-boxed elementor-section-height-default elementor-section-height-default\" data-id=\"edbd6c3\" data-element_type=\"section\" data-e-type=\"section\">\n\t\t\t\t\t\t<div class=\"elementor-container elementor-column-gap-default\">\n\t\t\t\t\t<div class=\"elementor-column elementor-col-100 elementor-top-column elementor-element elementor-element-2cddfc4\" data-id=\"2cddfc4\" data-element_type=\"column\" data-e-type=\"column\">\n\t\t\t<div class=\"elementor-widget-wrap elementor-element-populated\">\n\t\t\t\t\t\t<div class=\"elementor-element elementor-element-015a358 elementor-widget elementor-widget-heading\" data-id=\"015a358\" data-element_type=\"widget\" data-e-type=\"widget\" data-widget_type=\"heading.default\">\n\t\t\t\t<div class=\"elementor-widget-container\">\n\t\t\t\t\t<h2 class=\"elementor-heading-title elementor-size-default\"><span style=\"text-transform: capitalize\">Vente<\/span> de mat\u00e9riels similaires aux effets militaires au Burkina : Une totale anarchie li\u00e9e \u00e0 un vide juridique, reconna\u00eet le ministre de la d\u00e9fense<\/h2>\t\t\t\t<\/div>\n\t\t\t\t<\/div>\n\t\t\t\t\t<\/div>\n\t\t<\/div>\n\t\t\t\t\t<\/div>\n\t\t<\/section>\n\t\t\t\t<section class=\"elementor-section elementor-top-section elementor-element elementor-element-507db2a elementor-section-content-middle elementor-section-boxed elementor-section-height-default elementor-section-height-default\" data-id=\"507db2a\" data-element_type=\"section\" data-e-type=\"section\" data-settings=\"{&quot;background_background&quot;:&quot;classic&quot;}\">\n\t\t\t\t\t\t\t<div class=\"elementor-background-overlay\"><\/div>\n\t\t\t\t\t\t\t<div class=\"elementor-container elementor-column-gap-no\">\n\t\t\t\t\t<div class=\"elementor-column elementor-col-50 elementor-top-column elementor-element elementor-element-89ad99b\" data-id=\"89ad99b\" data-element_type=\"column\" data-e-type=\"column\">\n\t\t\t<div class=\"elementor-widget-wrap elementor-element-populated\">\n\t\t\t\t\t\t<div class=\"elementor-element elementor-element-814dc6b elementor-widget elementor-widget-image\" data-id=\"814dc6b\" data-element_type=\"widget\" data-e-type=\"widget\" data-widget_type=\"image.default\">\n\t\t\t\t<div class=\"elementor-widget-container\">\n\t\t\t\t\t\t\t\t\t\t\t\t\t\t\t<img fetchpriority=\"high\" decoding=\"async\" width=\"1280\" height=\"720\" src=\"https:\/\/blog.hascorburkina.com\/wp-content\/uploads\/2023\/04\/arton120900-1.jpg\" class=\"attachment-full size-full wp-image-3069\" alt=\"\" srcset=\"https:\/\/blog.hascorburkina.com\/wp-content\/uploads\/2023\/04\/arton120900-1.jpg 1280w, https:\/\/blog.hascorburkina.com\/wp-content\/uploads\/2023\/04\/arton120900-1-600x338.jpg 600w, https:\/\/blog.hascorburkina.com\/wp-content\/uploads\/2023\/04\/arton120900-1-300x169.jpg 300w, https:\/\/blog.hascorburkina.com\/wp-content\/uploads\/2023\/04\/arton120900-1-1024x576.jpg 1024w, https:\/\/blog.hascorburkina.com\/wp-content\/uploads\/2023\/04\/arton120900-1-768x432.jpg 768w\" sizes=\"(max-width: 1280px) 100vw, 1280px\" \/>\t\t\t\t\t\t\t\t\t\t\t\t\t\t\t<\/div>\n\t\t\t\t<\/div>\n\t\t\t\t\t<\/div>\n\t\t<\/div>\n\t\t\t\t<div class=\"elementor-column elementor-col-50 elementor-top-column elementor-element elementor-element-936dbd3\" data-id=\"936dbd3\" data-element_type=\"column\" data-e-type=\"column\">\n\t\t\t<div class=\"elementor-widget-wrap elementor-element-populated\">\n\t\t\t\t\t\t<div class=\"elementor-element elementor-element-47544ea elementor-widget elementor-widget-text-editor\" data-id=\"47544ea\" data-element_type=\"widget\" data-e-type=\"widget\" data-widget_type=\"text-editor.default\">\n\t\t\t\t<div class=\"elementor-widget-container\">\n\t\t\t\t\t\t\t\t\t<p><strong>\u00a0ministre de la d\u00e9fense et des anciens combattants, le colonel-major Kassoum Coulibaly, a r\u00e9pondu aux questions orales de deux d\u00e9put\u00e9s, ce mardi 18 avril 2023 \u00e0 l\u2019Assembl\u00e9e nationale l\u00e9gislative (ALT). Il s\u2019est agi de l\u2019importation et la vente publique de mat\u00e9riels similaires aux effets militaires.<\/strong><\/p><div class=\"article_content\"><p>Pour un pays confront\u00e9 aux d\u00e9fis s\u00e9curitaires comme le Burkina Faso, pourquoi assistons-nous \u00e0 l\u2019importation et \u00e0 la vente publique de mat\u00e9riels similaires aux effets militaires\u00a0? Pour cette question, le ministre de la d\u00e9fense et des anciens combattants, le colonel-major Kassoum Coulibaly, a r\u00e9pondu en d\u00e9clinant trois points.<br class=\"autobr\" \/>\u00ab\u00a0Il faut dire que la plupart des \u00e9quipements tels que les tenues militaires, les chaussures et autres mat\u00e9riels connexes que l\u2019on retrouve sur les \u00e9tals et petites boutiques sont souvent relativement usag\u00e9s et sont vendus par des acteurs de l\u2019informel\u00a0\u00bb, a justifi\u00e9 le ministre.<\/p><p>\u00a0<\/p><\/div>\t\t\t\t\t\t\t\t<\/div>\n\t\t\t\t<\/div>\n\t\t\t\t\t<\/div>\n\t\t<\/div>\n\t\t\t\t\t<\/div>\n\t\t<\/section>\n\t\t\t\t<section class=\"elementor-section elementor-top-section elementor-element elementor-element-51a88f4 elementor-section-boxed elementor-section-height-default elementor-section-height-default\" data-id=\"51a88f4\" data-element_type=\"section\" data-e-type=\"section\">\n\t\t\t\t\t\t<div class=\"elementor-container elementor-column-gap-default\">\n\t\t\t\t\t<div class=\"elementor-column elementor-col-100 elementor-top-column elementor-element elementor-element-0874eb3\" data-id=\"0874eb3\" data-element_type=\"column\" data-e-type=\"column\">\n\t\t\t<div class=\"elementor-widget-wrap elementor-element-populated\">\n\t\t\t\t\t\t<div class=\"elementor-element elementor-element-238c099 elementor-widget elementor-widget-text-editor\" data-id=\"238c099\" data-element_type=\"widget\" data-e-type=\"widget\" data-widget_type=\"text-editor.default\">\n\t\t\t\t<div class=\"elementor-widget-container\">\n\t\t\t\t\t\t\t\t\t<p><strong>Deux autorisations sp\u00e9ciales<\/strong><\/p><p>Le deuxi\u00e8me \u00e9l\u00e9ment de r\u00e9ponse a concern\u00e9 les licences ou les autorisations dont disposent les boutiques et magasins pour mener leurs activit\u00e9s. Contrairement \u00e0 la commercialisation des tenues militaires, les chaussures et autres mat\u00e9riels connexes, pour les armes \u00e0 feu et les munitions civiles, les armuriers exercent leurs activit\u00e9s sur la base d\u2019agr\u00e9ments avec un contr\u00f4le strict en amont et en aval, a fait observer le ministre.<\/p><p>Cependant, il faut noter que l\u2019importation des effets militaires est soumise \u00e0 l\u2019Autorisation sp\u00e9ciale d\u2019importation (ASI) conform\u00e9ment aux dispositions du d\u00e9cret n\u00b02021-1235\/PM\/MINEFID\/MICA du 29 novembre 2021 fixant la liste des produits soumis \u00e0 ASI et Autorisation sp\u00e9ciale d\u2019exportation.<\/p><p><strong>\u00ab\u00a0La production actuelle de tenues est de 15 000 \u00e0 25 000 tenues par an\u00a0\u00bb<\/strong><\/p><p>Le troisi\u00e8me point de la question orale est en rapport avec la revalorisation des Groupements d\u2019achats militaires (GAM) ainsi que les ateliers militaires pour garantir l\u2019acc\u00e8s s\u00e9curis\u00e9 aux \u00e9quipements militaires autoris\u00e9s \u00e0 la vente. Pour ce point, le ministre a tenu \u00e0 relever que les GAM n\u2019ont pas pour vocation de vendre des \u00e9quipements militaires.<\/p><dl class=\"spip_document_149668 spip_documents spip_documents_center\"><dt><img decoding=\"async\" src=\"https:\/\/lefaso.net\/local\/cache-vignettes\/L600xH400\/12-161-1fd32.jpg?1681831683\" alt=\"\" width=\"600\" height=\"400\" \/><\/dt><dd class=\"spip_doc_descriptif\"><i>Selon le ministre de la d\u00e9fense, le colonel-major Kassoum Coulibaly, les produits et biens soumis \u00e0 autorisation sp\u00e9ciale d\u2019importation devront \u00e9galement faire l\u2019objet de contr\u00f4les stricts<\/i><\/dd><\/dl><p>Ce sont des \u00e9tablissements de l\u2019intendance militaire qui sont stationn\u00e9s \u00e0 Ouagadougou, Bobo-Dioulasso et Kaya qui sont habilit\u00e9s \u00e0 vendre les \u00e9quipements militaires. Cependant, \u00ab\u00a0ils ne vendent que des \u00e9quipements en dotation dans les forces arm\u00e9es nationales\u00a0\u00bb, a notifi\u00e9 le colonel-major Kassoum Coulibaly.<\/p>\t\t\t\t\t\t\t\t<\/div>\n\t\t\t\t<\/div>\n\t\t\t\t\t<\/div>\n\t\t<\/div>\n\t\t\t\t\t<\/div>\n\t\t<\/section>\n\t\t\t\t<\/div>\n\t\t","protected":false},"excerpt":{"rendered":"<p>Vente de mat\u00e9riels similaires aux effets militaires au Burkina : Une totale anarchie li\u00e9e \u00e0 un vide juridique, reconna\u00eet le ministre de la d\u00e9fense \u00a0ministre de la d\u00e9fense et des anciens combattants, le colonel-major Kassoum Coulibaly, a r\u00e9pondu aux questions orales de deux d\u00e9put\u00e9s, ce mardi 18 avril 2023 \u00e0 l\u2019Assembl\u00e9e nationale l\u00e9gislative (ALT). Il [&hellip;]<\/p>\n","protected":false},"author":2,"featured_media":0,"parent":0,"menu_order":0,"comment_status":"closed","ping_status":"closed","template":"","meta":{"site-sidebar-layout":"no-sidebar","site-content-layout":"page-builder","ast-site-content-layout":"default","site-content-style":"default","site-sidebar-style":"default","ast-global-header-display":"","ast-banner-title-visibility":"","ast-main-header-display":"","ast-hfb-above-header-display":"","ast-hfb-below-header-display":"","ast-hfb-mobile-header-display":"","site-post-title":"disabled","ast-breadcrumbs-content":"","ast-featured-img":"disabled","footer-sml-layout":"","theme-transparent-header-meta":"","adv-header-id-meta":"","stick-header-meta":"","header-above-stick-meta":"","header-main-stick-meta":"","header-below-stick-meta":"","astra-migrate-meta-layouts":"default","ast-page-background-enabled":"default","ast-page-background-meta":{"desktop":{"background-color":"","background-image":"","background-repeat":"repeat","background-position":"center center","background-size":"auto","background-attachment":"scroll","background-type":"","background-media":"","overlay-type":"","overlay-color":"","overlay-opacity":"","overlay-gradient":""},"tablet":{"background-color":"","background-image":"","background-repeat":"repeat","background-position":"center center","background-size":"auto","background-attachment":"scroll","background-type":"","background-media":"","overlay-type":"","overlay-color":"","overlay-opacity":"","overlay-gradient":""},"mobile":{"background-color":"","background-image":"","background-repeat":"repeat","background-position":"center center","background-size":"auto","background-attachment":"scroll","background-type":"","background-media":"","overlay-type":"","overlay-color":"","overlay-opacity":"","overlay-gradient":""}},"ast-content-background-meta":{"desktop":{"background-color":"var(--ast-global-color-5)","background-image":"","background-repeat":"repeat","background-position":"center center","background-size":"auto","background-attachment":"scroll","background-type":"","background-media":"","overlay-type":"","overlay-color":"","overlay-opacity":"","overlay-gradient":""},"tablet":{"background-color":"var(--ast-global-color-5)","background-image":"","background-repeat":"repeat","background-position":"center center","background-size":"auto","background-attachment":"scroll","background-type":"","background-media":"","overlay-type":"","overlay-color":"","overlay-opacity":"","overlay-gradient":""},"mobile":{"background-color":"var(--ast-global-color-5)","background-image":"","background-repeat":"repeat","background-position":"center center","background-size":"auto","background-attachment":"scroll","background-type":"","background-media":"","overlay-type":"","overlay-color":"","overlay-opacity":"","overlay-gradient":""}},"footnotes":""},"class_list":["post-3065","page","type-page","status-publish","hentry"],"jetpack_sharing_enabled":true,"rttpg_featured_image_url":null,"rttpg_author":{"display_name":"Hascor Burkina","author_link":"https:\/\/blog.hascorburkina.com\/index.php\/author\/hascorblog\/"},"rttpg_comment":0,"rttpg_category":null,"rttpg_excerpt":"Vente de mat\u00e9riels similaires aux effets militaires au Burkina : Une totale anarchie li\u00e9e \u00e0 un vide juridique, reconna\u00eet le ministre de la d\u00e9fense \u00a0ministre de la d\u00e9fense et des anciens combattants, le colonel-major Kassoum Coulibaly, a r\u00e9pondu aux questions orales de deux d\u00e9put\u00e9s, ce mardi 18 avril 2023 \u00e0 l\u2019Assembl\u00e9e nationale l\u00e9gislative (ALT). Il\u2026","_links":{"self":[{"href":"https:\/\/blog.hascorburkina.com\/index.php\/wp-json\/wp\/v2\/pages\/3065","targetHints":{"allow":["GET"]}}],"collection":[{"href":"https:\/\/blog.hascorburkina.com\/index.php\/wp-json\/wp\/v2\/pages"}],"about":[{"href":"https:\/\/blog.hascorburkina.com\/index.php\/wp-json\/wp\/v2\/types\/page"}],"author":[{"embeddable":true,"href":"https:\/\/blog.hascorburkina.com\/index.php\/wp-json\/wp\/v2\/users\/2"}],"replies":[{"embeddable":true,"href":"https:\/\/blog.hascorburkina.com\/index.php\/wp-json\/wp\/v2\/comments?post=3065"}],"version-history":[{"count":4,"href":"https:\/\/blog.hascorburkina.com\/index.php\/wp-json\/wp\/v2\/pages\/3065\/revisions"}],"predecessor-version":[{"id":3073,"href":"https:\/\/blog.hascorburkina.com\/index.php\/wp-json\/wp\/v2\/pages\/3065\/revisions\/3073"}],"wp:attachment":[{"href":"https:\/\/blog.hascorburkina.com\/index.php\/wp-json\/wp\/v2\/media?parent=3065"}],"curies":[{"name":"wp","href":"https:\/\/api.w.org\/{rel}","templated":true}]}}