{"id":3055,"date":"2023-04-19T10:20:07","date_gmt":"2023-04-19T10:20:07","guid":{"rendered":"https:\/\/blog.hascorburkina.com\/?page_id=3055"},"modified":"2023-04-19T10:21:17","modified_gmt":"2023-04-19T10:21:17","slug":"actualite-5","status":"publish","type":"page","link":"https:\/\/blog.hascorburkina.com\/index.php\/actualite-5\/","title":{"rendered":"actualit\u00e9"},"content":{"rendered":"\t\t<div data-elementor-type=\"wp-page\" data-elementor-id=\"3055\" class=\"elementor elementor-3055\">\n\t\t\t\t\t\t<section class=\"elementor-section elementor-top-section elementor-element elementor-element-64f7e59 elementor-section-boxed elementor-section-height-default elementor-section-height-default\" data-id=\"64f7e59\" data-element_type=\"section\" data-e-type=\"section\">\n\t\t\t\t\t\t<div class=\"elementor-container elementor-column-gap-default\">\n\t\t\t\t\t<div class=\"elementor-column elementor-col-100 elementor-top-column elementor-element elementor-element-bfe7b2b\" data-id=\"bfe7b2b\" data-element_type=\"column\" data-e-type=\"column\">\n\t\t\t<div class=\"elementor-widget-wrap elementor-element-populated\">\n\t\t\t\t\t\t<div class=\"elementor-element elementor-element-21346ff elementor-widget elementor-widget-heading\" data-id=\"21346ff\" data-element_type=\"widget\" data-e-type=\"widget\" data-widget_type=\"heading.default\">\n\t\t\t\t<div class=\"elementor-widget-container\">\n\t\t\t\t\t<h2 class=\"elementor-heading-title elementor-size-default\"><span style=\"text-transform: capitalize\">Chefferie<\/span> traditionnelle : <span style=\"text-transform: capitalize\">Th\u00e9r\u00e8se Kabor\u00e9<\/span>, une femme cheffe au service de la tradition au quartier Issouka de Koudougou<\/h2>\t\t\t\t<\/div>\n\t\t\t\t<\/div>\n\t\t\t\t\t<\/div>\n\t\t<\/div>\n\t\t\t\t\t<\/div>\n\t\t<\/section>\n\t\t\t\t<section class=\"elementor-section elementor-top-section elementor-element elementor-element-ce513ce elementor-section-content-middle elementor-section-boxed elementor-section-height-default elementor-section-height-default\" data-id=\"ce513ce\" data-element_type=\"section\" data-e-type=\"section\" data-settings=\"{&quot;background_background&quot;:&quot;classic&quot;}\">\n\t\t\t\t\t\t\t<div class=\"elementor-background-overlay\"><\/div>\n\t\t\t\t\t\t\t<div class=\"elementor-container elementor-column-gap-no\">\n\t\t\t\t\t<div class=\"elementor-column elementor-col-50 elementor-top-column elementor-element elementor-element-360498c\" data-id=\"360498c\" data-element_type=\"column\" data-e-type=\"column\">\n\t\t\t<div class=\"elementor-widget-wrap elementor-element-populated\">\n\t\t\t\t\t\t<div class=\"elementor-element elementor-element-1fc649c elementor-widget elementor-widget-image\" data-id=\"1fc649c\" data-element_type=\"widget\" data-e-type=\"widget\" data-widget_type=\"image.default\">\n\t\t\t\t<div class=\"elementor-widget-container\">\n\t\t\t\t\t\t\t\t\t\t\t\t\t\t\t<img fetchpriority=\"high\" decoding=\"async\" width=\"1020\" height=\"765\" src=\"https:\/\/blog.hascorburkina.com\/wp-content\/uploads\/2023\/04\/arton120898.jpg\" class=\"attachment-full size-full wp-image-3054\" alt=\"\" srcset=\"https:\/\/blog.hascorburkina.com\/wp-content\/uploads\/2023\/04\/arton120898.jpg 1020w, https:\/\/blog.hascorburkina.com\/wp-content\/uploads\/2023\/04\/arton120898-600x450.jpg 600w, https:\/\/blog.hascorburkina.com\/wp-content\/uploads\/2023\/04\/arton120898-300x225.jpg 300w, https:\/\/blog.hascorburkina.com\/wp-content\/uploads\/2023\/04\/arton120898-768x576.jpg 768w\" sizes=\"(max-width: 1020px) 100vw, 1020px\" \/>\t\t\t\t\t\t\t\t\t\t\t\t\t\t\t<\/div>\n\t\t\t\t<\/div>\n\t\t\t\t\t<\/div>\n\t\t<\/div>\n\t\t\t\t<div class=\"elementor-column elementor-col-50 elementor-top-column elementor-element elementor-element-1d2dce6\" data-id=\"1d2dce6\" data-element_type=\"column\" data-e-type=\"column\">\n\t\t\t<div class=\"elementor-widget-wrap elementor-element-populated\">\n\t\t\t\t\t\t<div class=\"elementor-element elementor-element-2477d04 elementor-widget elementor-widget-text-editor\" data-id=\"2477d04\" data-element_type=\"widget\" data-e-type=\"widget\" data-widget_type=\"text-editor.default\">\n\t\t\t\t<div class=\"elementor-widget-container\">\n\t\t\t\t\t\t\t\t\t<p><strong>Dans \u00ab\u00a0la cit\u00e9 du cavalier rouge\u00a0\u00bb, les femmes ont prouv\u00e9 leur bravoure et leur courage. C\u2019est le cas de Th\u00e9r\u00e8se Kabor\u00e9, une femme humble, respectueuse et pieuse qui a \u00e9t\u00e9 choisie par les notables pour porter le bonnet.<\/strong><\/p><div class=\"article_content\"><p>Th\u00e9r\u00e8se Kabor\u00e9, 85 ans et native de Villy est devenue Napoaka Ziire en f\u00e9vrier 2007. Ce matin du 17 avril 2023, nous lui avons rendu visite \u00e0 son palais sis au secteur 6 de Koudougou.<\/p><p>V\u00eatue d\u2019une tenue traditionnelle avec un bonnet qui coiffe sa t\u00eate, Napoaka Ziire portait une croix au cou, signe de sa foi catholique. Dans les \u00e9changes, elle nous fait savoir qu\u2019elle a \u00e9t\u00e9 intronis\u00e9e il y a de cela quinze ans.<\/p><p>\u00ab\u00a0Je suis la ministre du d\u00e9veloppement de la chefferie de Issouka\u00a0\u00bb, dit-elle en souriant. A l\u2019entendre, depuis son intronisation, les querelles entre les populations ont beaucoup diminu\u00e9 dans le quartier, surtout les conflits conjugaux. Elle a aussi \u0153uvr\u00e9 \u00e0 l\u2019autonomisation des femmes du quartier.<br class=\"autobr\" \/>\u00ab\u00a0J\u2019ai r\u00e9uni les femmes et je leur ai demand\u00e9 de trouver chacune un m\u00e9tier\u00a0\u00bb, a-t-elle confi\u00e9. Certaines, poursuit-elle, \u00ab\u00a0ont commenc\u00e9 le tissage des pagnes et d\u2019autres ont choisi de faire du commerce\u00a0\u00bb.<\/p><\/div>\t\t\t\t\t\t\t\t<\/div>\n\t\t\t\t<\/div>\n\t\t\t\t\t<\/div>\n\t\t<\/div>\n\t\t\t\t\t<\/div>\n\t\t<\/section>\n\t\t\t\t<section class=\"elementor-section elementor-top-section elementor-element elementor-element-f0ba9c5 elementor-section-boxed elementor-section-height-default elementor-section-height-default\" data-id=\"f0ba9c5\" data-element_type=\"section\" data-e-type=\"section\">\n\t\t\t\t\t\t<div class=\"elementor-container elementor-column-gap-default\">\n\t\t\t\t\t<div class=\"elementor-column elementor-col-100 elementor-top-column elementor-element elementor-element-cf3bd4d\" data-id=\"cf3bd4d\" data-element_type=\"column\" data-e-type=\"column\">\n\t\t\t<div class=\"elementor-widget-wrap elementor-element-populated\">\n\t\t\t\t\t\t<div class=\"elementor-element elementor-element-313d601 elementor-widget elementor-widget-text-editor\" data-id=\"313d601\" data-element_type=\"widget\" data-e-type=\"widget\" data-widget_type=\"text-editor.default\">\n\t\t\t\t<div class=\"elementor-widget-container\">\n\t\t\t\t\t\t\t\t\t<dl class=\"spip_document_149663 spip_documents spip_documents_center\"><dt><img decoding=\"async\" src=\"https:\/\/lefaso.net\/local\/cache-vignettes\/L600xH451\/whatsapp_image_2023-04-18_at_14.48.48-e7256.jpg?1681830372\" alt=\"\" width=\"600\" height=\"451\" \/><\/dt><dd class=\"spip_doc_descriptif\"><i>Naaba Saaga invite les femmes \u00e0 emboiter les pas de Napoaka Ziire car elle est vraiment un mod\u00e8le<\/i><\/dd><\/dl><p>Napoaka Ziire re\u00e7ois r\u00e9guli\u00e8rement des \u00e9l\u00e8ves, des \u00e9tudiants et toute cat\u00e9gorie de personnes qui viennent demander ses conseils et les b\u00e9n\u00e9dictions des anc\u00eatres.<\/p>\t\t\t\t\t\t\t\t<\/div>\n\t\t\t\t<\/div>\n\t\t\t\t\t<\/div>\n\t\t<\/div>\n\t\t\t\t\t<\/div>\n\t\t<\/section>\n\t\t\t\t<\/div>\n\t\t","protected":false},"excerpt":{"rendered":"<p>Chefferie traditionnelle : Th\u00e9r\u00e8se Kabor\u00e9, une femme cheffe au service de la tradition au quartier Issouka de Koudougou Dans \u00ab\u00a0la cit\u00e9 du cavalier rouge\u00a0\u00bb, les femmes ont prouv\u00e9 leur bravoure et leur courage. C\u2019est le cas de Th\u00e9r\u00e8se Kabor\u00e9, une femme humble, respectueuse et pieuse qui a \u00e9t\u00e9 choisie par les notables pour porter le [&hellip;]<\/p>\n","protected":false},"author":2,"featured_media":0,"parent":0,"menu_order":0,"comment_status":"closed","ping_status":"closed","template":"","meta":{"site-sidebar-layout":"no-sidebar","site-content-layout":"page-builder","ast-site-content-layout":"default","site-content-style":"default","site-sidebar-style":"default","ast-global-header-display":"","ast-banner-title-visibility":"","ast-main-header-display":"","ast-hfb-above-header-display":"","ast-hfb-below-header-display":"","ast-hfb-mobile-header-display":"","site-post-title":"disabled","ast-breadcrumbs-content":"","ast-featured-img":"disabled","footer-sml-layout":"","theme-transparent-header-meta":"","adv-header-id-meta":"","stick-header-meta":"","header-above-stick-meta":"","header-main-stick-meta":"","header-below-stick-meta":"","astra-migrate-meta-layouts":"default","ast-page-background-enabled":"default","ast-page-background-meta":{"desktop":{"background-color":"","background-image":"","background-repeat":"repeat","background-position":"center center","background-size":"auto","background-attachment":"scroll","background-type":"","background-media":"","overlay-type":"","overlay-color":"","overlay-opacity":"","overlay-gradient":""},"tablet":{"background-color":"","background-image":"","background-repeat":"repeat","background-position":"center center","background-size":"auto","background-attachment":"scroll","background-type":"","background-media":"","overlay-type":"","overlay-color":"","overlay-opacity":"","overlay-gradient":""},"mobile":{"background-color":"","background-image":"","background-repeat":"repeat","background-position":"center center","background-size":"auto","background-attachment":"scroll","background-type":"","background-media":"","overlay-type":"","overlay-color":"","overlay-opacity":"","overlay-gradient":""}},"ast-content-background-meta":{"desktop":{"background-color":"var(--ast-global-color-5)","background-image":"","background-repeat":"repeat","background-position":"center center","background-size":"auto","background-attachment":"scroll","background-type":"","background-media":"","overlay-type":"","overlay-color":"","overlay-opacity":"","overlay-gradient":""},"tablet":{"background-color":"var(--ast-global-color-5)","background-image":"","background-repeat":"repeat","background-position":"center center","background-size":"auto","background-attachment":"scroll","background-type":"","background-media":"","overlay-type":"","overlay-color":"","overlay-opacity":"","overlay-gradient":""},"mobile":{"background-color":"var(--ast-global-color-5)","background-image":"","background-repeat":"repeat","background-position":"center center","background-size":"auto","background-attachment":"scroll","background-type":"","background-media":"","overlay-type":"","overlay-color":"","overlay-opacity":"","overlay-gradient":""}},"footnotes":""},"class_list":["post-3055","page","type-page","status-publish","hentry"],"jetpack_sharing_enabled":true,"rttpg_featured_image_url":null,"rttpg_author":{"display_name":"Hascor Burkina","author_link":"https:\/\/blog.hascorburkina.com\/index.php\/author\/hascorblog\/"},"rttpg_comment":0,"rttpg_category":null,"rttpg_excerpt":"Chefferie traditionnelle : Th\u00e9r\u00e8se Kabor\u00e9, une femme cheffe au service de la tradition au quartier Issouka de Koudougou Dans \u00ab\u00a0la cit\u00e9 du cavalier rouge\u00a0\u00bb, les femmes ont prouv\u00e9 leur bravoure et leur courage. C\u2019est le cas de Th\u00e9r\u00e8se Kabor\u00e9, une femme humble, respectueuse et pieuse qui a \u00e9t\u00e9 choisie par les notables pour porter le\u2026","_links":{"self":[{"href":"https:\/\/blog.hascorburkina.com\/index.php\/wp-json\/wp\/v2\/pages\/3055","targetHints":{"allow":["GET"]}}],"collection":[{"href":"https:\/\/blog.hascorburkina.com\/index.php\/wp-json\/wp\/v2\/pages"}],"about":[{"href":"https:\/\/blog.hascorburkina.com\/index.php\/wp-json\/wp\/v2\/types\/page"}],"author":[{"embeddable":true,"href":"https:\/\/blog.hascorburkina.com\/index.php\/wp-json\/wp\/v2\/users\/2"}],"replies":[{"embeddable":true,"href":"https:\/\/blog.hascorburkina.com\/index.php\/wp-json\/wp\/v2\/comments?post=3055"}],"version-history":[{"count":4,"href":"https:\/\/blog.hascorburkina.com\/index.php\/wp-json\/wp\/v2\/pages\/3055\/revisions"}],"predecessor-version":[{"id":3061,"href":"https:\/\/blog.hascorburkina.com\/index.php\/wp-json\/wp\/v2\/pages\/3055\/revisions\/3061"}],"wp:attachment":[{"href":"https:\/\/blog.hascorburkina.com\/index.php\/wp-json\/wp\/v2\/media?parent=3055"}],"curies":[{"name":"wp","href":"https:\/\/api.w.org\/{rel}","templated":true}]}}