{"id":3045,"date":"2023-04-19T10:11:06","date_gmt":"2023-04-19T10:11:06","guid":{"rendered":"https:\/\/blog.hascorburkina.com\/?page_id=3045"},"modified":"2023-04-19T10:11:36","modified_gmt":"2023-04-19T10:11:36","slug":"actualite-4","status":"publish","type":"page","link":"https:\/\/blog.hascorburkina.com\/index.php\/actualite-4\/","title":{"rendered":"actualite"},"content":{"rendered":"\t\t<div data-elementor-type=\"wp-page\" data-elementor-id=\"3045\" class=\"elementor elementor-3045\">\n\t\t\t\t\t\t<section class=\"elementor-section elementor-top-section elementor-element elementor-element-06fc7a1 elementor-section-boxed elementor-section-height-default elementor-section-height-default\" data-id=\"06fc7a1\" data-element_type=\"section\" data-e-type=\"section\">\n\t\t\t\t\t\t<div class=\"elementor-container elementor-column-gap-default\">\n\t\t\t\t\t<div class=\"elementor-column elementor-col-100 elementor-top-column elementor-element elementor-element-0a09ce9\" data-id=\"0a09ce9\" data-element_type=\"column\" data-e-type=\"column\">\n\t\t\t<div class=\"elementor-widget-wrap elementor-element-populated\">\n\t\t\t\t\t\t<div class=\"elementor-element elementor-element-7689faf elementor-widget elementor-widget-heading\" data-id=\"7689faf\" data-element_type=\"widget\" data-e-type=\"widget\" data-widget_type=\"heading.default\">\n\t\t\t\t<div class=\"elementor-widget-container\">\n\t\t\t\t\t<h2 class=\"elementor-heading-title elementor-size-default\"><span style=\"text-transform: capitalize\">Burkina : \u00ab Le terrorisme est venu trouver une communaut\u00e9 peule d\u00e9j\u00e0 affaiblie, \u00e0 l\u2019image d\u2019un corps en immunod\u00e9pression \u00bb, Dr Issaka Sond\u00e9\n<\/h2>\t\t\t\t<\/div>\n\t\t\t\t<\/div>\n\t\t\t\t\t<\/div>\n\t\t<\/div>\n\t\t\t\t\t<\/div>\n\t\t<\/section>\n\t\t\t\t<section class=\"elementor-section elementor-top-section elementor-element elementor-element-650d0b4 elementor-section-content-middle elementor-section-boxed elementor-section-height-default elementor-section-height-default\" data-id=\"650d0b4\" data-element_type=\"section\" data-e-type=\"section\" data-settings=\"{&quot;background_background&quot;:&quot;classic&quot;}\">\n\t\t\t\t\t\t\t<div class=\"elementor-background-overlay\"><\/div>\n\t\t\t\t\t\t\t<div class=\"elementor-container elementor-column-gap-no\">\n\t\t\t\t\t<div class=\"elementor-column elementor-col-50 elementor-top-column elementor-element elementor-element-d8dfc41\" data-id=\"d8dfc41\" data-element_type=\"column\" data-e-type=\"column\">\n\t\t\t<div class=\"elementor-widget-wrap elementor-element-populated\">\n\t\t\t\t\t\t<div class=\"elementor-element elementor-element-cc26bee elementor-widget elementor-widget-image\" data-id=\"cc26bee\" data-element_type=\"widget\" data-e-type=\"widget\" data-widget_type=\"image.default\">\n\t\t\t\t<div class=\"elementor-widget-container\">\n\t\t\t\t\t\t\t\t\t\t\t\t\t\t\t<img fetchpriority=\"high\" decoding=\"async\" width=\"523\" height=\"524\" src=\"https:\/\/blog.hascorburkina.com\/wp-content\/uploads\/2023\/04\/arton120858.jpg\" class=\"attachment-full size-full wp-image-3043\" alt=\"\" srcset=\"https:\/\/blog.hascorburkina.com\/wp-content\/uploads\/2023\/04\/arton120858.jpg 523w, https:\/\/blog.hascorburkina.com\/wp-content\/uploads\/2023\/04\/arton120858-300x300.jpg 300w, https:\/\/blog.hascorburkina.com\/wp-content\/uploads\/2023\/04\/arton120858-100x100.jpg 100w, https:\/\/blog.hascorburkina.com\/wp-content\/uploads\/2023\/04\/arton120858-150x150.jpg 150w\" sizes=\"(max-width: 523px) 100vw, 523px\" \/>\t\t\t\t\t\t\t\t\t\t\t\t\t\t\t<\/div>\n\t\t\t\t<\/div>\n\t\t\t\t\t<\/div>\n\t\t<\/div>\n\t\t\t\t<div class=\"elementor-column elementor-col-50 elementor-top-column elementor-element elementor-element-c39733a\" data-id=\"c39733a\" data-element_type=\"column\" data-e-type=\"column\">\n\t\t\t<div class=\"elementor-widget-wrap elementor-element-populated\">\n\t\t\t\t\t\t<div class=\"elementor-element elementor-element-fe2e69e elementor-widget elementor-widget-text-editor\" data-id=\"fe2e69e\" data-element_type=\"widget\" data-e-type=\"widget\" data-widget_type=\"text-editor.default\">\n\t\t\t\t<div class=\"elementor-widget-container\">\n\t\t\t\t\t\t\t\t\t<p>Pharmacien multi-sp\u00e9cialis\u00e9 de profession, Dr Issaka Sond\u00e9 est aussi un\u00a0<a href=\"https:\/\/lefaso.net\/spip.php?article69327\">chroniqueur talentueux<\/a>\u00a0de la vie sociale et politique que les lecteurs du Faso.net connaissent bien depuis l\u2019insurrection populaire de 2014. Nous l\u2019avons approch\u00e9 pour avoir son analyse sur la grave crise s\u00e9curitaire que traverse le Burkina Faso avec, en creux, l\u2019\u00e9pineuse question de l\u2019implication de la communaut\u00e9 peule dont il est membre.<\/p><div class=\"article_content\"><p><strong>Lefaso.net\u00a0: Comment se porte le Dr Issaka Sond\u00e9, bien connu des lecteurs de Lefaso.net pour ses brillantes tribunes sur les questions nationales, et que devient-il\u00a0?<\/strong><\/p><p><strong>Dr Issaka Sond\u00e9\u00a0:<\/strong>\u00a0Avant tout propos, il me pla\u00eet de vous remercier et de vous f\u00e9liciter chaleureusement, vous et toute l\u2019\u00e9quipe de Lefaso.net, ce cordon ombilical qui relie toutes les filles et fils du Burkina Faso \u00e0 la m\u00e8re patrie o\u00f9 qu\u2019ils se trouvent. Je vous remercie de m\u2019accorder une fois de plus votre voie et votre voix pour ma contribution citoyenne sur la situation nationale au Faso, notre bien-aim\u00e9 pays. Je vais, dans la mesure du possible, essayer d\u2019\u00eatre franc et sinc\u00e8re dans mes propos. Pour moi, cela est n\u00e9cessaire de dire ce que je pense, surtout en pareille situation et dans l\u2019espoir que cela pourrait aider \u00e0 trouver des solutions.<\/p><\/div>\t\t\t\t\t\t\t\t<\/div>\n\t\t\t\t<\/div>\n\t\t\t\t\t<\/div>\n\t\t<\/div>\n\t\t\t\t\t<\/div>\n\t\t<\/section>\n\t\t\t\t<section class=\"elementor-section elementor-top-section elementor-element elementor-element-84dc3ea elementor-section-boxed elementor-section-height-default elementor-section-height-default\" data-id=\"84dc3ea\" data-element_type=\"section\" data-e-type=\"section\">\n\t\t\t\t\t\t<div class=\"elementor-container elementor-column-gap-default\">\n\t\t\t\t\t<div class=\"elementor-column elementor-col-100 elementor-top-column elementor-element elementor-element-d44c49f\" data-id=\"d44c49f\" data-element_type=\"column\" data-e-type=\"column\">\n\t\t\t<div class=\"elementor-widget-wrap elementor-element-populated\">\n\t\t\t\t\t\t<div class=\"elementor-element elementor-element-70a3ce8 elementor-widget elementor-widget-text-editor\" data-id=\"70a3ce8\" data-element_type=\"widget\" data-e-type=\"widget\" data-widget_type=\"text-editor.default\">\n\t\t\t\t<div class=\"elementor-widget-container\">\n\t\t\t\t\t\t\t\t\t<p>Mon diagnostic et ma conclusion sont que nous ne semblons pas encore avoir trouv\u00e9 le meilleur rem\u00e8de contre ce mal. J\u2019esp\u00e8re de tout c\u0153ur que pour le mal, la phase d\u2019incubation est termin\u00e9e et que nous entamons r\u00e9ellement la phase de gu\u00e9rison. Pour cela, en plus de la force et de la loi des armes, il faudra absolument anticiper d\u00e8s maintenant et recourir \u00e0 d\u2019autres traitements, d\u2019autres approches pour r\u00e9sorber les diff\u00e9rents effets secondaires et ind\u00e9sirables qui risquent de se pr\u00e9senter et qui pourraient aussi s\u2019av\u00e9rer graves pour la coh\u00e9sion sociale, le vivre ensemble en intelligence, en tol\u00e9rance, en fraternit\u00e9, en harmonie dans la paix durable.<\/p><p><strong>On note de plus en plus la prolif\u00e9ration de discours de haine et de stigmatisation de certaines franges de la soci\u00e9t\u00e9\u00a0: des communaut\u00e9s ethniques comme les Peuls, des groupes socio-professionnels comme les intellectuels ou encore les journalistes\u00a0; comment appr\u00e9ciez-vous cela\u00a0?<\/strong><\/p><p>Merci sinc\u00e8rement pour cette question. Je me sens v\u00e9ritablement dans chacun de ces trois groupes en tant que Peul, en tant que lettr\u00e9 et en tant que celui qui \u00e9crit de temps en temps pour dire ce qu\u2019il pense en toute objectivit\u00e9. Je me sens donc interpell\u00e9 et je trouve que ce qui se passe est tr\u00e8s regrettable, d\u00e9plorable, scandaleux, inadmissible, inacceptable. Mais cela ne me surprend pas. En d\u00e9cembre 2022, j\u2019\u00e9tais \u00e0 Kigali et j\u2019ai consacr\u00e9 une journ\u00e9e enti\u00e8re \u00e0 la visite du mus\u00e9e du g\u00e9nocide rwandais. J\u2019ai pu lire en abondance, j\u2019ai visionn\u00e9 les vid\u00e9os de l\u2019horreur, j\u2019ai vu les reliques des victimes. Ce passage au mus\u00e9e a renforc\u00e9 ma conviction sur la fragilit\u00e9 de l\u2019\u00eatre humain, sa proximit\u00e9 \u00e9troite avec les autres \u00eatre dits d\u00e9pourvus de raison. J\u2019ai profond\u00e9ment pens\u00e9 \u00e0 Thomas Hobbes dans son assertion que \u00ab\u00a0L\u2019homme est un loup pour l\u2019homme\u00a0\u00bb dans un \u00ab\u00a0\u00e9tat de nature\u00a0\u00bb o\u00f9 l\u2019homme repr\u00e9senterait potentiellement un danger mortel pour les autres.<\/p><p>Par cons\u00e9quent, ce que vous avez observ\u00e9 et d\u00e9crit comme \u00ab\u00a0prolif\u00e9ration des discours de haine et de stigmatisation de certaines franges de la soci\u00e9t\u00e9\u00a0: des communaut\u00e9s ethniques comme les Peuls, des groupes socio-professionnels comme les intellectuels ou encore les journalistes\u00a0\u00bb fait parfaitement partie des \u00e9tapes vers le pire \u00e0 chaque fois que les humains sont dans une situation volatile, incertaine et se cherchent\u00a0; que l\u2019espoir s\u2019amenuise en l\u2019homme, quand la raison se perd en l\u2019homme d\u00e9sesp\u00e9r\u00e9 de peu de foi ou de spiritualit\u00e9 peu accomplie. C\u2019est un sch\u00e9ma et un chemin classiques que tous les peuples \u00e9prouv\u00e9s ont travers\u00e9s. Malheureusement, on n\u2019en tire pas de le\u00e7ons pour anticiper sur certains \u00e9l\u00e9ments et leurs cons\u00e9quences dramatiques.<br class=\"autobr\" \/>Jean de La Fontaine dans le livre VII de ses fables l\u2019a bien d\u00e9montr\u00e9 dans \u00ab\u00a0Les animaux malades de la peste\u00a0\u00bb. A chaque fois que \u00ab\u00a0le mal r\u00e9pand la terreur\u00a0\u00bb, pour expier le p\u00e9ch\u00e9, il faut toujours \u00ab\u00a0que le plus coupable p\u00e9risse\u00a0\u00bb et en g\u00e9n\u00e9ral on \u00ab\u00a0crie haro\u00a0\u00bb sur le plus faible du groupe et on lui fait payer le prix fort qui est la mort.<\/p>\t\t\t\t\t\t\t\t<\/div>\n\t\t\t\t<\/div>\n\t\t\t\t\t<\/div>\n\t\t<\/div>\n\t\t\t\t\t<\/div>\n\t\t<\/section>\n\t\t\t\t<\/div>\n\t\t","protected":false},"excerpt":{"rendered":"<p>Burkina : \u00ab Le terrorisme est venu trouver une communaut\u00e9 peule d\u00e9j\u00e0 affaiblie, \u00e0 l\u2019image d\u2019un corps en immunod\u00e9pression \u00bb, Dr Issaka Sond\u00e9 Pharmacien multi-sp\u00e9cialis\u00e9 de profession, Dr Issaka Sond\u00e9 est aussi un\u00a0chroniqueur talentueux\u00a0de la vie sociale et politique que les lecteurs du Faso.net connaissent bien depuis l\u2019insurrection populaire de 2014. Nous l\u2019avons approch\u00e9 pour [&hellip;]<\/p>\n","protected":false},"author":2,"featured_media":0,"parent":0,"menu_order":0,"comment_status":"closed","ping_status":"closed","template":"","meta":{"site-sidebar-layout":"no-sidebar","site-content-layout":"page-builder","ast-site-content-layout":"default","site-content-style":"default","site-sidebar-style":"default","ast-global-header-display":"","ast-banner-title-visibility":"","ast-main-header-display":"","ast-hfb-above-header-display":"","ast-hfb-below-header-display":"","ast-hfb-mobile-header-display":"","site-post-title":"disabled","ast-breadcrumbs-content":"","ast-featured-img":"disabled","footer-sml-layout":"","theme-transparent-header-meta":"","adv-header-id-meta":"","stick-header-meta":"","header-above-stick-meta":"","header-main-stick-meta":"","header-below-stick-meta":"","astra-migrate-meta-layouts":"default","ast-page-background-enabled":"default","ast-page-background-meta":{"desktop":{"background-color":"","background-image":"","background-repeat":"repeat","background-position":"center center","background-size":"auto","background-attachment":"scroll","background-type":"","background-media":"","overlay-type":"","overlay-color":"","overlay-opacity":"","overlay-gradient":""},"tablet":{"background-color":"","background-image":"","background-repeat":"repeat","background-position":"center center","background-size":"auto","background-attachment":"scroll","background-type":"","background-media":"","overlay-type":"","overlay-color":"","overlay-opacity":"","overlay-gradient":""},"mobile":{"background-color":"","background-image":"","background-repeat":"repeat","background-position":"center center","background-size":"auto","background-attachment":"scroll","background-type":"","background-media":"","overlay-type":"","overlay-color":"","overlay-opacity":"","overlay-gradient":""}},"ast-content-background-meta":{"desktop":{"background-color":"var(--ast-global-color-5)","background-image":"","background-repeat":"repeat","background-position":"center center","background-size":"auto","background-attachment":"scroll","background-type":"","background-media":"","overlay-type":"","overlay-color":"","overlay-opacity":"","overlay-gradient":""},"tablet":{"background-color":"var(--ast-global-color-5)","background-image":"","background-repeat":"repeat","background-position":"center center","background-size":"auto","background-attachment":"scroll","background-type":"","background-media":"","overlay-type":"","overlay-color":"","overlay-opacity":"","overlay-gradient":""},"mobile":{"background-color":"var(--ast-global-color-5)","background-image":"","background-repeat":"repeat","background-position":"center center","background-size":"auto","background-attachment":"scroll","background-type":"","background-media":"","overlay-type":"","overlay-color":"","overlay-opacity":"","overlay-gradient":""}},"footnotes":""},"class_list":["post-3045","page","type-page","status-publish","hentry"],"jetpack_sharing_enabled":true,"rttpg_featured_image_url":null,"rttpg_author":{"display_name":"Hascor Burkina","author_link":"https:\/\/blog.hascorburkina.com\/index.php\/author\/hascorblog\/"},"rttpg_comment":0,"rttpg_category":null,"rttpg_excerpt":"Burkina : \u00ab Le terrorisme est venu trouver une communaut\u00e9 peule d\u00e9j\u00e0 affaiblie, \u00e0 l\u2019image d\u2019un corps en immunod\u00e9pression \u00bb, Dr Issaka Sond\u00e9 Pharmacien multi-sp\u00e9cialis\u00e9 de profession, Dr Issaka Sond\u00e9 est aussi un\u00a0chroniqueur talentueux\u00a0de la vie sociale et politique que les lecteurs du Faso.net connaissent bien depuis l\u2019insurrection populaire de 2014. Nous l\u2019avons approch\u00e9 pour\u2026","_links":{"self":[{"href":"https:\/\/blog.hascorburkina.com\/index.php\/wp-json\/wp\/v2\/pages\/3045","targetHints":{"allow":["GET"]}}],"collection":[{"href":"https:\/\/blog.hascorburkina.com\/index.php\/wp-json\/wp\/v2\/pages"}],"about":[{"href":"https:\/\/blog.hascorburkina.com\/index.php\/wp-json\/wp\/v2\/types\/page"}],"author":[{"embeddable":true,"href":"https:\/\/blog.hascorburkina.com\/index.php\/wp-json\/wp\/v2\/users\/2"}],"replies":[{"embeddable":true,"href":"https:\/\/blog.hascorburkina.com\/index.php\/wp-json\/wp\/v2\/comments?post=3045"}],"version-history":[{"count":4,"href":"https:\/\/blog.hascorburkina.com\/index.php\/wp-json\/wp\/v2\/pages\/3045\/revisions"}],"predecessor-version":[{"id":3050,"href":"https:\/\/blog.hascorburkina.com\/index.php\/wp-json\/wp\/v2\/pages\/3045\/revisions\/3050"}],"wp:attachment":[{"href":"https:\/\/blog.hascorburkina.com\/index.php\/wp-json\/wp\/v2\/media?parent=3045"}],"curies":[{"name":"wp","href":"https:\/\/api.w.org\/{rel}","templated":true}]}}