{"id":3031,"date":"2023-04-17T10:30:39","date_gmt":"2023-04-17T10:30:39","guid":{"rendered":"https:\/\/blog.hascorburkina.com\/?page_id=3031"},"modified":"2023-04-17T10:33:26","modified_gmt":"2023-04-17T10:33:26","slug":"actualite-3","status":"publish","type":"page","link":"https:\/\/blog.hascorburkina.com\/index.php\/actualite-3\/","title":{"rendered":"actualite"},"content":{"rendered":"\t\t<div data-elementor-type=\"wp-page\" data-elementor-id=\"3031\" class=\"elementor elementor-3031\">\n\t\t\t\t\t\t<section class=\"elementor-section elementor-top-section elementor-element elementor-element-b5be7d3 elementor-section-boxed elementor-section-height-default elementor-section-height-default\" data-id=\"b5be7d3\" data-element_type=\"section\" data-e-type=\"section\">\n\t\t\t\t\t\t<div class=\"elementor-container elementor-column-gap-default\">\n\t\t\t\t\t<div class=\"elementor-column elementor-col-100 elementor-top-column elementor-element elementor-element-e61e8d6\" data-id=\"e61e8d6\" data-element_type=\"column\" data-e-type=\"column\">\n\t\t\t<div class=\"elementor-widget-wrap elementor-element-populated\">\n\t\t\t\t\t\t<div class=\"elementor-element elementor-element-224082e elementor-widget elementor-widget-heading\" data-id=\"224082e\" data-element_type=\"widget\" data-e-type=\"widget\" data-widget_type=\"heading.default\">\n\t\t\t\t<div class=\"elementor-widget-container\">\n\t\t\t\t\t<h2 class=\"elementor-heading-title elementor-size-default\"><span style=\"text-transform: capitalize\">Imam Ti\u00e9go Tiemtor\u00e9<\/span> : \u00ab Malgr\u00e9 les progr\u00e8s technologiques, nos c\u0153urs, nos \u00e2mes et nos esprits ont soif et faim de Dieu \u00bb<\/h2>\t\t\t\t<\/div>\n\t\t\t\t<\/div>\n\t\t\t\t\t<\/div>\n\t\t<\/div>\n\t\t\t\t\t<\/div>\n\t\t<\/section>\n\t\t\t\t<section class=\"elementor-section elementor-top-section elementor-element elementor-element-1191b9f elementor-section-content-middle elementor-section-boxed elementor-section-height-default elementor-section-height-default\" data-id=\"1191b9f\" data-element_type=\"section\" data-e-type=\"section\" data-settings=\"{&quot;background_background&quot;:&quot;classic&quot;}\">\n\t\t\t\t\t\t\t<div class=\"elementor-background-overlay\"><\/div>\n\t\t\t\t\t\t\t<div class=\"elementor-container elementor-column-gap-no\">\n\t\t\t\t\t<div class=\"elementor-column elementor-col-50 elementor-top-column elementor-element elementor-element-07947bb\" data-id=\"07947bb\" data-element_type=\"column\" data-e-type=\"column\">\n\t\t\t<div class=\"elementor-widget-wrap elementor-element-populated\">\n\t\t\t\t\t\t<div class=\"elementor-element elementor-element-5d06749 elementor-widget elementor-widget-image\" data-id=\"5d06749\" data-element_type=\"widget\" data-e-type=\"widget\" data-widget_type=\"image.default\">\n\t\t\t\t<div class=\"elementor-widget-container\">\n\t\t\t\t\t\t\t\t\t\t\t\t\t\t\t<img fetchpriority=\"high\" decoding=\"async\" width=\"960\" height=\"1058\" src=\"https:\/\/blog.hascorburkina.com\/wp-content\/uploads\/2023\/04\/arton120839.jpg\" class=\"attachment-full size-full wp-image-3030\" alt=\"\" srcset=\"https:\/\/blog.hascorburkina.com\/wp-content\/uploads\/2023\/04\/arton120839.jpg 960w, https:\/\/blog.hascorburkina.com\/wp-content\/uploads\/2023\/04\/arton120839-600x661.jpg 600w, https:\/\/blog.hascorburkina.com\/wp-content\/uploads\/2023\/04\/arton120839-272x300.jpg 272w, https:\/\/blog.hascorburkina.com\/wp-content\/uploads\/2023\/04\/arton120839-929x1024.jpg 929w, https:\/\/blog.hascorburkina.com\/wp-content\/uploads\/2023\/04\/arton120839-768x846.jpg 768w\" sizes=\"(max-width: 960px) 100vw, 960px\" \/>\t\t\t\t\t\t\t\t\t\t\t\t\t\t\t<\/div>\n\t\t\t\t<\/div>\n\t\t\t\t\t<\/div>\n\t\t<\/div>\n\t\t\t\t<div class=\"elementor-column elementor-col-50 elementor-top-column elementor-element elementor-element-02d670b\" data-id=\"02d670b\" data-element_type=\"column\" data-e-type=\"column\">\n\t\t\t<div class=\"elementor-widget-wrap elementor-element-populated\">\n\t\t\t\t\t\t<div class=\"elementor-element elementor-element-fa01794 elementor-widget elementor-widget-text-editor\" data-id=\"fa01794\" data-element_type=\"widget\" data-e-type=\"widget\" data-widget_type=\"text-editor.default\">\n\t\t\t\t<div class=\"elementor-widget-container\">\n\t\t\t\t\t\t\t\t\t<p><strong>Pour l\u2019imam Ti\u00e9go Tiemtor\u00e9, le Ramadan est un mois particulier pour le musulman qui doit se dire qu\u2019il fait partie des privil\u00e9gi\u00e9s de Dieu pour b\u00e9n\u00e9ficier d\u2019un Ramadan suppl\u00e9mentaire, en vue de se rapprocher davantage de lui. Dans cet entretien, Ti\u00e9go Tiemtor\u00e9, imam des mosqu\u00e9es de l\u2019Association des \u00e9l\u00e8ves et \u00e9tudiants musulmans au Burkina Faso (AEEMB) et du Cercle d\u2019\u00e9tudes, de recherches et de formation islamique (CERFI), distille des conseils pour un Ramadan r\u00e9ussi.<\/strong><\/p><div class=\"article_content\"><p><strong>Lefaso.net\u00a0: Quelles sont les cat\u00e9gories de personnes qui sont astreintes au je\u00fbne, celles qui en sont d\u00e9charg\u00e9es et celles pour qui le je\u00fbne est facultatif\u00a0?<br class=\"autobr\" \/><\/strong><\/p><p><strong>Imam Ti\u00e9go Tiemtor\u00e9\u00a0:<\/strong>\u00a0Le je\u00fbne est prescrit pour tout musulman pub\u00e8re et qui jouit de la sant\u00e9 physique et mentale. C\u2019est la premi\u00e8re des conditions.<\/p><\/div>\t\t\t\t\t\t\t\t<\/div>\n\t\t\t\t<\/div>\n\t\t\t\t\t<\/div>\n\t\t<\/div>\n\t\t\t\t\t<\/div>\n\t\t<\/section>\n\t\t\t\t<section class=\"elementor-section elementor-top-section elementor-element elementor-element-d5e36c4 elementor-section-boxed elementor-section-height-default elementor-section-height-default\" data-id=\"d5e36c4\" data-element_type=\"section\" data-e-type=\"section\">\n\t\t\t\t\t\t<div class=\"elementor-container elementor-column-gap-default\">\n\t\t\t\t\t<div class=\"elementor-column elementor-col-100 elementor-top-column elementor-element elementor-element-a035ca8\" data-id=\"a035ca8\" data-element_type=\"column\" data-e-type=\"column\">\n\t\t\t<div class=\"elementor-widget-wrap elementor-element-populated\">\n\t\t\t\t\t\t<div class=\"elementor-element elementor-element-79fd90b elementor-widget elementor-widget-text-editor\" data-id=\"79fd90b\" data-element_type=\"widget\" data-e-type=\"widget\" data-widget_type=\"text-editor.default\">\n\t\t\t\t<div class=\"elementor-widget-container\">\n\t\t\t\t\t\t\t\t\t<p>Pour faciliter le je\u00fbne \u00e0 Ses serviteurs, Allah ne l\u2019a prescrit qu\u2019\u00e0 ceux qui peuvent le supporter. Il autorise la non-observance du je\u00fbne \u00e0 ceux qui ne peuvent pas s\u2019y soumettre, pour une excuse l\u00e9gale. Les excuses l\u00e9gales qui permettent de ne pas je\u00fbner sont la maladie (tout ce qui affecte la sant\u00e9 de l\u2019homme), le voyage qui n\u2019implique pas un acte de d\u00e9sob\u00e9issance, la grossesse et l\u2019allaitement, la grande vieillesse.<\/p><p>De mani\u00e8re g\u00e9n\u00e9rale, le je\u00fbne est excus\u00e9 pour les personnes qu\u2019il pourrait mettre en danger (malades, personnes \u00e2g\u00e9es) ou affaiblir (femmes enceintes ou allaitantes, en p\u00e9riode de r\u00e8gles\u00a0; voyageurs). Mais dans la plupart des cas, on est tenu de rattraper les jours manqu\u00e9s d\u00e8s qu\u2019on n\u2019est plus dans les situations d\u2019excuses. Pour les cas de vieillesse avanc\u00e9e ou de maladies chroniques, la possibilit\u00e9 est donn\u00e9e de nourrir un pauvre par jour de je\u00fbne et cela est r\u00e9compens\u00e9 comme un je\u00fbne normal. La seule diff\u00e9rence est que la personne mange et boit mais est tenue de respecter les autres interdits ou recommandations du je\u00fbne.<\/p><p><strong>Quelles sont les conditions d\u2019un bon je\u00fbne\u00a0?<\/strong><\/p><p>Le je\u00fbne du Ramadan se pr\u00e9sente en islam comme une obligation qui s\u2019ins\u00e8re dans l\u2019histoire des R\u00e9v\u00e9lations qu\u2019elle poursuit et compl\u00e8te, en ce sens que le Coran dit que les communaut\u00e9s ant\u00e9rieures ont aussi pratiqu\u00e9 ce rituel.<\/p><p>Le mois de Ramadan est un mois particulier pour le musulman. Il doit se dire qu\u2019il fait partie des privil\u00e9gi\u00e9s d\u2019Allah, pour b\u00e9n\u00e9ficier d\u2019un Ramadan suppl\u00e9mentaire, en vue de se rapprocher davantage de lui.<\/p><p>C\u2019est comme si vous vous pr\u00e9pariez \u00e0 accueillir un \u00e9tranger de valeur chez vous. Vous prenez toutes les dispositions pour un bel accueil, de sorte \u00e0 le satisfaire. Et l\u00e0, il s\u2019agit du divin\u00a0! Le verset instituant le je\u00fbne du mois de Ramadan dit\u00a0: \u00ab\u00a0O vous les croyants, le je\u00fbne vous a \u00e9t\u00e9 prescrit comme il l\u2019a \u00e9t\u00e9 \u00e0 ceux d\u2019avant vous, pour que vous atteigniez la pi\u00e9t\u00e9\u00a0\u00bb. Et un hadith du proph\u00e8te Mouhamad (saw) enseigne que dans ce mois, \u00ab\u00a0les jours sont les meilleurs parmi les jours, ses heures les meilleures parmi les heures. On voit ici que l\u2019objectif du je\u00fbne est la pi\u00e9t\u00e9, qui veut dire une qualit\u00e9 de relation avec Dieu et avec les cr\u00e9atures de Dieu.<\/p><p>Tout comme les autres piliers de l\u2019islam, le je\u00fbne du Ramadan est une \u00e9cole, dans le sens d\u2019accomplir plus de bien. Je\u00fbner, c\u2019est donc se rapprocher de Dieu, lui demander pardon pour ses manquements, solliciter sa gr\u00e2ce pour la vie d\u2019ici et de l\u2019au-del\u00e0, et s\u2019\u00e9duquer par le symbole de la faim et de la soif. Pour b\u00e9n\u00e9ficier de tous les bienfaits de l\u2019acte de je\u00fbner, il faudrait que le je\u00fbneur respecte des conditionnalit\u00e9s, sinon vous aurez comme r\u00e9compense \u00ab\u00a0la faim et la soif\u00a0\u00bb, comme le dit le proph\u00e8te Mouhamad (saw). L\u2019\u00e9ducation des sens qu\u2019il promeut incite le croyant, au-del\u00e0 du Ramadan, \u00e0 contr\u00f4ler ses yeux, sa langue, son c\u0153ur, son esprit, ses oreilles\u00a0; en un mot, \u00e0 apprendre \u00e0 se ma\u00eetriser pour vivre dans la pr\u00e9sence divine permanente. Le Coran proclame\u00a0: \u00ab\u00a0Ce ne sont pas les yeux qui sont aveugles, mais ce sont les yeux du c\u0153ur qui le sont\u00a0\u00bb (Coran 22V 46).<\/p><p><strong>Quels sont les comportements qui peuvent compromettre le je\u00fbne ?<br class=\"autobr\" \/><\/strong><\/p><p>Si on observe les \u00e9l\u00e9ments de nullit\u00e9 du je\u00fbne, le manger, le boire et les rapports intimes pendant le temps du je\u00fbne (de l\u2019aube au coucher du soleil) invalident le jeune. G\u00e9n\u00e9ralement, on s\u2019arr\u00eate \u00e0 la rupture physique, car les gens ne boivent pas, ne mangent pas et n\u2019ont pas de rapports intimes. Mais que faisons-nous de ce qui peut entra\u00eener la rupture spirituelle, comme la calomnie, la jalousie, les injures, les insultes, etc.\u00a0? On s\u2019\u00e9duque, \u00e0 travers cette recherche du bien et de la qualit\u00e9, \u00e0 devenir pieux, comme le verset instituant le je\u00fbne l\u2019indique dans sa finalit\u00e9. On part d\u2019un je\u00fbne du corps \u00e0 un je\u00fbne du c\u0153ur. Ne pas boire ni manger n\u2019a aucun sens si ces actes ne permettent pas de se rapprocher davantage de Dieu.<\/p><p><strong>En lien avec ce mois surtout, que dit la religion par rapport aux couples qui vivent en concubinage\u00a0?<\/strong><\/p><p>Ce n\u2019est pas seulement l\u2019islam qui est contre le concubinage. Les autres itin\u00e9raires spirituels et traditionnels promeuvent le mariage, qu\u2019il soit religieux ou traditionnel, comme le cadre normatif de la reproduction humaine.<br class=\"autobr\" \/>L\u2019islam n\u2019accepte pas qu\u2019un homme vive avec une femme, sans mariage.<br class=\"autobr\" \/>On exhorte les jeunes au mariage, car il responsabilise davantage et la vitalit\u00e9 d\u2019une soci\u00e9t\u00e9 se mesure aussi par la vitalit\u00e9 des familles. Le mariage en islam, c\u2019est l\u2019accord des deux conjoints, des deux familles, une dot, la pr\u00e9sence d\u2019un tuteur de la fille et des t\u00e9moins. Le mariage en islam peut \u00eatre c\u00e9l\u00e9br\u00e9 \u00e0 la mosqu\u00e9e, \u00e0 la maison, \u00e0 tout moment et n\u2019importe quel jour.<\/p><p><strong>Le mois de je\u00fbne peut-il justifier valablement la baisse de rendement du fid\u00e8le employ\u00e9\u00a0? Si oui, dans quelles conditions\u00a0?<br class=\"autobr\" \/><\/strong><\/p><p>L\u2019islam donne au travail, une dimension adorative. Un hadith du proph\u00e8te Mouhamed (saw) dit que les p\u00e9ch\u00e9s du croyant tombent comme des feuilles s\u00e8ches d\u2019un arbre, quand il revient du travail.<\/p><p>L\u2019espace professionnel est compar\u00e9 ici \u00e0 la mosqu\u00e9e, parce que quand vous travaillez bien, vous priez. Vous le faites pour la famille et pour votre communaut\u00e9. Il n\u2019y a pas de raisons d\u2019\u00eatre moins performant parce qu\u2019on je\u00fbne. Bien au contraire, on doit trouver dans le je\u00fbne des ressources pour \u00eatre meilleur. Il faut toujours avoir \u00e0 l\u2019esprit que le v\u00e9ritable je\u00fbne est celui du voyage du corps vers le c\u0153ur pour te reformer, pour te ramener \u00e0 l\u2019int\u00e9rieur, \u00e0 la premi\u00e8re des lumi\u00e8res\u00a0: la proximit\u00e9 d\u2019avec la source premi\u00e8re, sans laquelle on n\u2019a point de rep\u00e8res. Le je\u00fbne permet d\u2019am\u00e9liorer sa relation avec Dieu et les cr\u00e9atures de Dieu.<\/p><p><strong>Le je\u00fbne 2023 se tient dans un contexte national de crise s\u00e9curitaire avec ses cons\u00e9quences sociales. Y a-t-il des prescriptions recommandables au fid\u00e8le\u00a0?<br class=\"autobr\" \/><\/strong><\/p><p>L\u2019une des meilleures fa\u00e7ons de profiter du Ramadan, est de faire plus que ce qu\u2019on accomplissait d\u2019habitude, en termes d\u2019actes d\u2019adoration. Il faut \u00eatre plus g\u00e9n\u00e9reux car selon le proph\u00e8te Mouhamed (saw), \u00ab\u00a0la meilleure aum\u00f4ne est celle faite pendant le mois de Ramadan\u00a0\u00bb. Il faut augmenter le nombre de pri\u00e8res sur\u00e9rogatoires et exceller dans la lecture du Coran, car le livre a \u00e9t\u00e9 r\u00e9v\u00e9l\u00e9 dans ce mois.<\/p><p>On peut lire et m\u00e9diter sur le Coran, accomplir abondamment le zikr sous toutes ses formes, faire beaucoup d\u2019invocations pour soi, ses proches, son pays et l\u2019humanit\u00e9 et accomplir beaucoup de pri\u00e8res sur\u00e9rogatoires, dans le but de se rapprocher d\u2019Allah.<\/p><p>Dans ce dernier registre, la pri\u00e8re nocturne est tr\u00e8s recommand\u00e9e, car elle nous purifie et nous rapproche davantage du Seigneur. Il faut \u00e9viter les discussions futiles, les paroles blessantes et mieux contr\u00f4ler ses pens\u00e9es, car tous les sens je\u00fbnent. Il faut \u00e9galement insister sur les invocations, car le mois de Ramadan fait partie des moments dans lesquels les invocations sont exauc\u00e9es. Aussi, prendre du temps pour solliciter la mis\u00e9ricorde divine pour nos familles et nos pays.<\/p>\t\t\t\t\t\t\t\t<\/div>\n\t\t\t\t<\/div>\n\t\t\t\t\t<\/div>\n\t\t<\/div>\n\t\t\t\t\t<\/div>\n\t\t<\/section>\n\t\t\t\t<\/div>\n\t\t","protected":false},"excerpt":{"rendered":"<p>Imam Ti\u00e9go Tiemtor\u00e9 : \u00ab Malgr\u00e9 les progr\u00e8s technologiques, nos c\u0153urs, nos \u00e2mes et nos esprits ont soif et faim de Dieu \u00bb Pour l\u2019imam Ti\u00e9go Tiemtor\u00e9, le Ramadan est un mois particulier pour le musulman qui doit se dire qu\u2019il fait partie des privil\u00e9gi\u00e9s de Dieu pour b\u00e9n\u00e9ficier d\u2019un Ramadan suppl\u00e9mentaire, en vue de [&hellip;]<\/p>\n","protected":false},"author":2,"featured_media":0,"parent":0,"menu_order":0,"comment_status":"closed","ping_status":"closed","template":"","meta":{"site-sidebar-layout":"no-sidebar","site-content-layout":"page-builder","ast-site-content-layout":"default","site-content-style":"default","site-sidebar-style":"default","ast-global-header-display":"","ast-banner-title-visibility":"","ast-main-header-display":"","ast-hfb-above-header-display":"","ast-hfb-below-header-display":"","ast-hfb-mobile-header-display":"","site-post-title":"disabled","ast-breadcrumbs-content":"","ast-featured-img":"disabled","footer-sml-layout":"","theme-transparent-header-meta":"","adv-header-id-meta":"","stick-header-meta":"","header-above-stick-meta":"","header-main-stick-meta":"","header-below-stick-meta":"","astra-migrate-meta-layouts":"default","ast-page-background-enabled":"default","ast-page-background-meta":{"desktop":{"background-color":"","background-image":"","background-repeat":"repeat","background-position":"center center","background-size":"auto","background-attachment":"scroll","background-type":"","background-media":"","overlay-type":"","overlay-color":"","overlay-opacity":"","overlay-gradient":""},"tablet":{"background-color":"","background-image":"","background-repeat":"repeat","background-position":"center center","background-size":"auto","background-attachment":"scroll","background-type":"","background-media":"","overlay-type":"","overlay-color":"","overlay-opacity":"","overlay-gradient":""},"mobile":{"background-color":"","background-image":"","background-repeat":"repeat","background-position":"center center","background-size":"auto","background-attachment":"scroll","background-type":"","background-media":"","overlay-type":"","overlay-color":"","overlay-opacity":"","overlay-gradient":""}},"ast-content-background-meta":{"desktop":{"background-color":"var(--ast-global-color-5)","background-image":"","background-repeat":"repeat","background-position":"center center","background-size":"auto","background-attachment":"scroll","background-type":"","background-media":"","overlay-type":"","overlay-color":"","overlay-opacity":"","overlay-gradient":""},"tablet":{"background-color":"var(--ast-global-color-5)","background-image":"","background-repeat":"repeat","background-position":"center center","background-size":"auto","background-attachment":"scroll","background-type":"","background-media":"","overlay-type":"","overlay-color":"","overlay-opacity":"","overlay-gradient":""},"mobile":{"background-color":"var(--ast-global-color-5)","background-image":"","background-repeat":"repeat","background-position":"center center","background-size":"auto","background-attachment":"scroll","background-type":"","background-media":"","overlay-type":"","overlay-color":"","overlay-opacity":"","overlay-gradient":""}},"footnotes":""},"class_list":["post-3031","page","type-page","status-publish","hentry"],"jetpack_sharing_enabled":true,"rttpg_featured_image_url":null,"rttpg_author":{"display_name":"Hascor Burkina","author_link":"https:\/\/blog.hascorburkina.com\/index.php\/author\/hascorblog\/"},"rttpg_comment":0,"rttpg_category":null,"rttpg_excerpt":"Imam Ti\u00e9go Tiemtor\u00e9 : \u00ab Malgr\u00e9 les progr\u00e8s technologiques, nos c\u0153urs, nos \u00e2mes et nos esprits ont soif et faim de Dieu \u00bb Pour l\u2019imam Ti\u00e9go Tiemtor\u00e9, le Ramadan est un mois particulier pour le musulman qui doit se dire qu\u2019il fait partie des privil\u00e9gi\u00e9s de Dieu pour b\u00e9n\u00e9ficier d\u2019un Ramadan suppl\u00e9mentaire, en vue de\u2026","_links":{"self":[{"href":"https:\/\/blog.hascorburkina.com\/index.php\/wp-json\/wp\/v2\/pages\/3031","targetHints":{"allow":["GET"]}}],"collection":[{"href":"https:\/\/blog.hascorburkina.com\/index.php\/wp-json\/wp\/v2\/pages"}],"about":[{"href":"https:\/\/blog.hascorburkina.com\/index.php\/wp-json\/wp\/v2\/types\/page"}],"author":[{"embeddable":true,"href":"https:\/\/blog.hascorburkina.com\/index.php\/wp-json\/wp\/v2\/users\/2"}],"replies":[{"embeddable":true,"href":"https:\/\/blog.hascorburkina.com\/index.php\/wp-json\/wp\/v2\/comments?post=3031"}],"version-history":[{"count":4,"href":"https:\/\/blog.hascorburkina.com\/index.php\/wp-json\/wp\/v2\/pages\/3031\/revisions"}],"predecessor-version":[{"id":3037,"href":"https:\/\/blog.hascorburkina.com\/index.php\/wp-json\/wp\/v2\/pages\/3031\/revisions\/3037"}],"wp:attachment":[{"href":"https:\/\/blog.hascorburkina.com\/index.php\/wp-json\/wp\/v2\/media?parent=3031"}],"curies":[{"name":"wp","href":"https:\/\/api.w.org\/{rel}","templated":true}]}}