{"id":3021,"date":"2023-04-17T10:18:26","date_gmt":"2023-04-17T10:18:26","guid":{"rendered":"https:\/\/blog.hascorburkina.com\/?page_id=3021"},"modified":"2023-04-17T10:22:43","modified_gmt":"2023-04-17T10:22:43","slug":"actulite","status":"publish","type":"page","link":"https:\/\/blog.hascorburkina.com\/index.php\/actulite\/","title":{"rendered":"actulite"},"content":{"rendered":"\t\t<div data-elementor-type=\"wp-page\" data-elementor-id=\"3021\" class=\"elementor elementor-3021\">\n\t\t\t\t\t\t<section class=\"elementor-section elementor-top-section elementor-element elementor-element-fa0aa06 elementor-section-boxed elementor-section-height-default elementor-section-height-default\" data-id=\"fa0aa06\" data-element_type=\"section\" data-e-type=\"section\">\n\t\t\t\t\t\t<div class=\"elementor-container elementor-column-gap-default\">\n\t\t\t\t\t<div class=\"elementor-column elementor-col-100 elementor-top-column elementor-element elementor-element-160e67e\" data-id=\"160e67e\" data-element_type=\"column\" data-e-type=\"column\">\n\t\t\t<div class=\"elementor-widget-wrap elementor-element-populated\">\n\t\t\t\t\t\t<div class=\"elementor-element elementor-element-0c20ebc elementor-widget elementor-widget-heading\" data-id=\"0c20ebc\" data-element_type=\"widget\" data-e-type=\"widget\" data-widget_type=\"heading.default\">\n\t\t\t\t<div class=\"elementor-widget-container\">\n\t\t\t\t\t<h2 class=\"elementor-heading-title elementor-size-default\"><span style=\"text-transform: capitalize\">Tarification <\/span>de la t\u00e9l\u00e9phonie mobile au Burkina : Les op\u00e9rateurs prennent des engagements apr\u00e8s une rencontre avec l\u2019<span style=\"text-transform: capitalize\">ARCEP<\/h2>\t\t\t\t<\/div>\n\t\t\t\t<\/div>\n\t\t\t\t\t<\/div>\n\t\t<\/div>\n\t\t\t\t\t<\/div>\n\t\t<\/section>\n\t\t\t\t<section class=\"elementor-section elementor-top-section elementor-element elementor-element-e12cb7c elementor-section-content-middle elementor-section-boxed elementor-section-height-default elementor-section-height-default\" data-id=\"e12cb7c\" data-element_type=\"section\" data-e-type=\"section\" data-settings=\"{&quot;background_background&quot;:&quot;classic&quot;}\">\n\t\t\t\t\t\t\t<div class=\"elementor-background-overlay\"><\/div>\n\t\t\t\t\t\t\t<div class=\"elementor-container elementor-column-gap-no\">\n\t\t\t\t\t<div class=\"elementor-column elementor-col-50 elementor-top-column elementor-element elementor-element-d0ec68e\" data-id=\"d0ec68e\" data-element_type=\"column\" data-e-type=\"column\">\n\t\t\t<div class=\"elementor-widget-wrap elementor-element-populated\">\n\t\t\t\t\t\t<div class=\"elementor-element elementor-element-d2681dc elementor-widget elementor-widget-image\" data-id=\"d2681dc\" data-element_type=\"widget\" data-e-type=\"widget\" data-widget_type=\"image.default\">\n\t\t\t\t<div class=\"elementor-widget-container\">\n\t\t\t\t\t\t\t\t\t\t\t\t\t\t\t<img fetchpriority=\"high\" decoding=\"async\" width=\"1280\" height=\"854\" src=\"https:\/\/blog.hascorburkina.com\/wp-content\/uploads\/2023\/04\/arton120820.jpg\" class=\"attachment-full size-full wp-image-3020\" alt=\"\" srcset=\"https:\/\/blog.hascorburkina.com\/wp-content\/uploads\/2023\/04\/arton120820.jpg 1280w, https:\/\/blog.hascorburkina.com\/wp-content\/uploads\/2023\/04\/arton120820-600x400.jpg 600w, https:\/\/blog.hascorburkina.com\/wp-content\/uploads\/2023\/04\/arton120820-300x200.jpg 300w, https:\/\/blog.hascorburkina.com\/wp-content\/uploads\/2023\/04\/arton120820-1024x683.jpg 1024w, https:\/\/blog.hascorburkina.com\/wp-content\/uploads\/2023\/04\/arton120820-768x512.jpg 768w\" sizes=\"(max-width: 1280px) 100vw, 1280px\" \/>\t\t\t\t\t\t\t\t\t\t\t\t\t\t\t<\/div>\n\t\t\t\t<\/div>\n\t\t\t\t\t<\/div>\n\t\t<\/div>\n\t\t\t\t<div class=\"elementor-column elementor-col-50 elementor-top-column elementor-element elementor-element-273ea24\" data-id=\"273ea24\" data-element_type=\"column\" data-e-type=\"column\">\n\t\t\t<div class=\"elementor-widget-wrap elementor-element-populated\">\n\t\t\t\t\t\t<div class=\"elementor-element elementor-element-829356e elementor-widget elementor-widget-text-editor\" data-id=\"829356e\" data-element_type=\"widget\" data-e-type=\"widget\" data-widget_type=\"text-editor.default\">\n\t\t\t\t<div class=\"elementor-widget-container\">\n\t\t\t\t\t\t\t\t\t<p><strong>Au cours d\u2019une conf\u00e9rence de presse, anim\u00e9e, ce vendredi 14 avril 2023 \u00e0 Ouagadougou, l\u2019Autorit\u00e9 de r\u00e9gulation des communications \u00e9lectroniques et des postes (ARCEP) a annonc\u00e9 avoir eu une rencontre avec les directeurs g\u00e9n\u00e9raux des op\u00e9rateurs de t\u00e9l\u00e9phonie mobile. Selon le secr\u00e9taire ex\u00e9cutif de l\u2019ARCEP, Wendlassida Patrice Compaor\u00e9, les \u00e9changes ont port\u00e9 sur quatre points.<\/strong><\/p><div class=\"article_content\"><p>Pas de r\u00e9pit pour l\u2019Autorit\u00e9 de r\u00e9gulation des communications \u00e9lectroniques et des postes (ARCEP). Pris entre le marteau et l\u2019enclume depuis le d\u00e9but de la grogne de citoyens burkinab\u00e8 sur la chert\u00e9 des tarifs des op\u00e9rateurs de t\u00e9l\u00e9phonie mobile, le r\u00e9gulateur a \u00e9chang\u00e9 avec les directeurs g\u00e9n\u00e9raux des trois op\u00e9rateurs de t\u00e9l\u00e9phonie mobile \u00e9tablis au Burkina \u00e0 savoir Moov, Orange et Telecel Faso.<\/p><p><strong>Les quatre points de discussion<\/strong><\/p><p>En conf\u00e9rence de presse, le secr\u00e9taire ex\u00e9cutif de l\u2019ARCEP, Patrice Compaor\u00e9 a indiqu\u00e9 que les \u00e9changes ont concern\u00e9 quatre points.<\/p><\/div>\t\t\t\t\t\t\t\t<\/div>\n\t\t\t\t<\/div>\n\t\t\t\t\t<\/div>\n\t\t<\/div>\n\t\t\t\t\t<\/div>\n\t\t<\/section>\n\t\t\t\t<section class=\"elementor-section elementor-top-section elementor-element elementor-element-dc118c5 elementor-section-boxed elementor-section-height-default elementor-section-height-default\" data-id=\"dc118c5\" data-element_type=\"section\" data-e-type=\"section\">\n\t\t\t\t\t\t<div class=\"elementor-container elementor-column-gap-default\">\n\t\t\t\t\t<div class=\"elementor-column elementor-col-100 elementor-top-column elementor-element elementor-element-74c5dec\" data-id=\"74c5dec\" data-element_type=\"column\" data-e-type=\"column\">\n\t\t\t<div class=\"elementor-widget-wrap elementor-element-populated\">\n\t\t\t\t\t\t<div class=\"elementor-element elementor-element-f634de5 elementor-widget elementor-widget-text-editor\" data-id=\"f634de5\" data-element_type=\"widget\" data-e-type=\"widget\" data-widget_type=\"text-editor.default\">\n\t\t\t\t<div class=\"elementor-widget-container\">\n\t\t\t\t\t\t\t\t\t<p>Sur la tarification de la connexion internet, les op\u00e9rateurs se sont engag\u00e9s \u00e0 fournir certaines informations \u00e0 l\u2019ARCEP. Mais selon le secr\u00e9taire ex\u00e9cutif, cela passe par une \u00e9tude comparative avec les autres pays de l\u2019UEMOA.<\/p><p><iframe src=\"https:\/\/www.facebook.com\/plugins\/video.php?height=314&amp;href=https%3A%2F%2Fwww.facebook.com%2Flefaso.net%2Fvideos%2F6143496045715978%2F&amp;show_text=false&amp;width=560&amp;t=0\" width=\"760\" height=\"514\" frameborder=\"0\" scrolling=\"no\" allowfullscreen=\"allowfullscreen\" data-mce-fragment=\"1\"><\/iframe><\/p><p>En effet, le d\u00e9cret 94 2011 portant modalit\u00e9s d\u2019\u00e9tablissement et de contr\u00f4le des tarifs des services de communication \u00e9lectroniques dit en son article 12 que l\u2019\u00e9tude \u00e9conomique et concurrentielle du march\u00e9 des services de communications \u00e9lectroniques que r\u00e9alise l\u2019ARCEP comporte entres autres une analyse d\u00e9taill\u00e9e du march\u00e9 des services de d\u00e9tails de communications \u00e9lectroniques, une identification des march\u00e9s pertinents et une analyse de la concurrence sur chacun des march\u00e9s pertinents identifi\u00e9s.<\/p><p>\u00ab\u00a0Le troisi\u00e8me point concernait les bonus. Les op\u00e9rateurs s\u2019engagent \u00e0 offrir une bonne gestion des bonus des consommateurs. Enfin pour le quatri\u00e8me point sur la lisibilit\u00e9 des offres, ils ont pris un engagement en faveur d\u2019une meilleure communication des offres.\u00a0\u00bb, note l\u2019ARCEP.<\/p><p>\u00ab\u00a0L\u2019ARCEP a toujours tenu fermement \u00e0 jouer son r\u00f4le, sans complaisance\u00a0\u00bb<br class=\"autobr\" \/>Selon le secr\u00e9taire ex\u00e9cutif de l\u2019ARCEP, la raison principale du r\u00e9gulateur a toujours \u00e9t\u00e9 de porter les int\u00e9r\u00eats du peuple burkinab\u00e8.<\/p><p>\u00ab\u00a0Bien que l\u2019ARCEP soit suffisamment sensible aux l\u00e9gitimes revendications des consommateurs, notamment sur la r\u00e9vision a une tendance baissi\u00e8re des tarifs de la t\u00e9l\u00e9phonie mobile, elle est tout de m\u00eame tenue au respect de la l\u00e9gislation nationale et sous r\u00e9gionale qui organise dans le m\u00eame espace communautaire, les grandes orientations de la communication \u00e9lectronique. Jusqu\u2019\u00e0 ce jour, l\u2019ARCEP a toujours tenu fermement \u00e0 jouer son r\u00f4le, sans complaisance, en s\u2019assurant toujours que les int\u00e9r\u00eats du consommateur burkinab\u00e8 sont pr\u00e9serv\u00e9s contre toute forme d\u2019abus\u00a0\u00bb, a-t-il d\u00e9clar\u00e9.<\/p><p><span class=\"spip_document_149523 spip_documents spip_documents_center\"><img decoding=\"async\" src=\"https:\/\/lefaso.net\/local\/cache-vignettes\/L600xH401\/whatsapp_image_2023-04-14_at_13.47.45_1_-2562a.jpg?1681480895\" alt=\"\" width=\"600\" height=\"401\" \/><\/span><\/p><p><strong>\u00ab\u00a0Nous n\u2019avons pas attendu les plaintes sur les r\u00e9seaux sociaux\u00a0\u00bb<\/strong><\/p><p>L\u2019Etat a proc\u00e9d\u00e9 \u00e0 une r\u00e9forme de l\u2019ARCEP en 2019. Deux organes ont \u00e9t\u00e9 cr\u00e9\u00e9s mais c\u2019est en juillet 2022 que le Conseil de r\u00e9gulation et le secr\u00e9tariat ex\u00e9cutif ont commenc\u00e9 \u00e0 fonctionner. \u00ab\u00a0Ces deux organes ont re\u00e7u des autorit\u00e9s une feuille de route qui met l\u2019accent sur l\u2019int\u00e9r\u00eat des consommateurs. D\u00e8s que ces deux organes ont \u00e9t\u00e9 mis en place, nous n\u2019avons pas ch\u00f4m\u00e9. Nous avons des rencontres r\u00e9guli\u00e8res avec les associations des consommateurs et en janvier nous avons \u00e9chang\u00e9 avec les op\u00e9rateurs. Nous avons cr\u00e9\u00e9 des groupes WhatsApp pour g\u00e9rer les plaintes pos\u00e9es par les associations des consommateurs que nous allons rencontrer la semaine prochaine. Nous n\u2019avons pas attendu les plaintes sur les r\u00e9seaux sociaux\u00a0\u00bb, a indiqu\u00e9 Wendlassida Patrice Compaor\u00e9.<\/p><p><strong>\u00ab\u00a0L\u2019ARCEP n\u2019a aucun autre agenda que\u2026\u00a0\u00bb<\/strong><\/p><p>L\u2019ARCEP annonce \u00e9galement que les concertations vont se poursuivre dans les plus brefs d\u00e9lais, avec les associations de consommateurs pour que l\u2019int\u00e9r\u00eat du consommateur soit le crit\u00e8re le plus plausible dans l\u2019arr\u00eat des nouvelles tarifications en perspective. L\u2019ARCEP annonce la relecture du d\u00e9cret 94 2011 portant modalit\u00e9s d\u2019\u00e9tablissement et de contr\u00f4le des tarifs des services de communication \u00e9lectroniques afin de donner la main \u00e0 l\u2019ARCEP pour l\u2019encadrement des tarifs.<br class=\"autobr\" \/>\u00ab\u00a0L\u2019ARCEP n\u2019a aucun autre agenda que de contribuer au bien-\u00eatre national par des communications \u00e9lectroniques plus qualitatives et \u00e0 des co\u00fbts, certes qui pr\u00e9munissent les entreprises t\u00e9l\u00e9phoniques contre toute faillite, mais aussi et surtout qui prennent en compte le bonheur de nos populations\u00a0\u00bb, a rappel\u00e9 Patrice Compaor\u00e9.<\/p><p><strong>\u00ab\u00a0Une question l\u00e9gitime\u00a0\u00bb<\/strong><\/p><p>Selon le directeur g\u00e9n\u00e9ral de Telecel Faso, Boris Compaor\u00e9, le secteur des t\u00e9l\u00e9communications est l\u2019un des rares secteurs qui n\u2019a pas augment\u00e9 les prix dans le contexte difficile que vit le Burkina. \u00ab\u00a0Nous comprenons que les consommateurs veulent toujours un meilleur service au meilleur prix. C\u2019est une question l\u00e9gitime et pour laquelle les parties prenantes peuvent discuter dans un climat de s\u00e9r\u00e9nit\u00e9 et de responsabilit\u00e9\u00a0\u00bb, a-t-il laiss\u00e9 entendre.<\/p><p>\u00ab\u00a0A cause des d\u00e9rives s\u00e9curitaires, terroristes, il y a plus de 500 sites qui ne marchent pas dont plus de 200 sites qui ont \u00e9t\u00e9 vandalis\u00e9s ou d\u00e9truits par les groupes terroristes. Cela signifie que sur ces sites, il y a des populations qui n\u2019ont pas de service\u00a0\u00bb, a ajout\u00e9 Boris Compaor\u00e9.<\/p>\t\t\t\t\t\t\t\t<\/div>\n\t\t\t\t<\/div>\n\t\t\t\t\t<\/div>\n\t\t<\/div>\n\t\t\t\t\t<\/div>\n\t\t<\/section>\n\t\t\t\t<\/div>\n\t\t","protected":false},"excerpt":{"rendered":"<p>Tarification de la t\u00e9l\u00e9phonie mobile au Burkina : Les op\u00e9rateurs prennent des engagements apr\u00e8s une rencontre avec l\u2019ARCEP Au cours d\u2019une conf\u00e9rence de presse, anim\u00e9e, ce vendredi 14 avril 2023 \u00e0 Ouagadougou, l\u2019Autorit\u00e9 de r\u00e9gulation des communications \u00e9lectroniques et des postes (ARCEP) a annonc\u00e9 avoir eu une rencontre avec les directeurs g\u00e9n\u00e9raux des op\u00e9rateurs de [&hellip;]<\/p>\n","protected":false},"author":2,"featured_media":0,"parent":0,"menu_order":0,"comment_status":"closed","ping_status":"closed","template":"","meta":{"site-sidebar-layout":"no-sidebar","site-content-layout":"page-builder","ast-site-content-layout":"default","site-content-style":"default","site-sidebar-style":"default","ast-global-header-display":"","ast-banner-title-visibility":"","ast-main-header-display":"","ast-hfb-above-header-display":"","ast-hfb-below-header-display":"","ast-hfb-mobile-header-display":"","site-post-title":"disabled","ast-breadcrumbs-content":"","ast-featured-img":"disabled","footer-sml-layout":"","theme-transparent-header-meta":"","adv-header-id-meta":"","stick-header-meta":"","header-above-stick-meta":"","header-main-stick-meta":"","header-below-stick-meta":"","astra-migrate-meta-layouts":"default","ast-page-background-enabled":"default","ast-page-background-meta":{"desktop":{"background-color":"","background-image":"","background-repeat":"repeat","background-position":"center center","background-size":"auto","background-attachment":"scroll","background-type":"","background-media":"","overlay-type":"","overlay-color":"","overlay-opacity":"","overlay-gradient":""},"tablet":{"background-color":"","background-image":"","background-repeat":"repeat","background-position":"center center","background-size":"auto","background-attachment":"scroll","background-type":"","background-media":"","overlay-type":"","overlay-color":"","overlay-opacity":"","overlay-gradient":""},"mobile":{"background-color":"","background-image":"","background-repeat":"repeat","background-position":"center center","background-size":"auto","background-attachment":"scroll","background-type":"","background-media":"","overlay-type":"","overlay-color":"","overlay-opacity":"","overlay-gradient":""}},"ast-content-background-meta":{"desktop":{"background-color":"var(--ast-global-color-5)","background-image":"","background-repeat":"repeat","background-position":"center center","background-size":"auto","background-attachment":"scroll","background-type":"","background-media":"","overlay-type":"","overlay-color":"","overlay-opacity":"","overlay-gradient":""},"tablet":{"background-color":"var(--ast-global-color-5)","background-image":"","background-repeat":"repeat","background-position":"center center","background-size":"auto","background-attachment":"scroll","background-type":"","background-media":"","overlay-type":"","overlay-color":"","overlay-opacity":"","overlay-gradient":""},"mobile":{"background-color":"var(--ast-global-color-5)","background-image":"","background-repeat":"repeat","background-position":"center center","background-size":"auto","background-attachment":"scroll","background-type":"","background-media":"","overlay-type":"","overlay-color":"","overlay-opacity":"","overlay-gradient":""}},"footnotes":""},"class_list":["post-3021","page","type-page","status-publish","hentry"],"jetpack_sharing_enabled":true,"rttpg_featured_image_url":null,"rttpg_author":{"display_name":"Hascor Burkina","author_link":"https:\/\/blog.hascorburkina.com\/index.php\/author\/hascorblog\/"},"rttpg_comment":0,"rttpg_category":null,"rttpg_excerpt":"Tarification de la t\u00e9l\u00e9phonie mobile au Burkina : Les op\u00e9rateurs prennent des engagements apr\u00e8s une rencontre avec l\u2019ARCEP Au cours d\u2019une conf\u00e9rence de presse, anim\u00e9e, ce vendredi 14 avril 2023 \u00e0 Ouagadougou, l\u2019Autorit\u00e9 de r\u00e9gulation des communications \u00e9lectroniques et des postes (ARCEP) a annonc\u00e9 avoir eu une rencontre avec les directeurs g\u00e9n\u00e9raux des op\u00e9rateurs de\u2026","_links":{"self":[{"href":"https:\/\/blog.hascorburkina.com\/index.php\/wp-json\/wp\/v2\/pages\/3021","targetHints":{"allow":["GET"]}}],"collection":[{"href":"https:\/\/blog.hascorburkina.com\/index.php\/wp-json\/wp\/v2\/pages"}],"about":[{"href":"https:\/\/blog.hascorburkina.com\/index.php\/wp-json\/wp\/v2\/types\/page"}],"author":[{"embeddable":true,"href":"https:\/\/blog.hascorburkina.com\/index.php\/wp-json\/wp\/v2\/users\/2"}],"replies":[{"embeddable":true,"href":"https:\/\/blog.hascorburkina.com\/index.php\/wp-json\/wp\/v2\/comments?post=3021"}],"version-history":[{"count":4,"href":"https:\/\/blog.hascorburkina.com\/index.php\/wp-json\/wp\/v2\/pages\/3021\/revisions"}],"predecessor-version":[{"id":3026,"href":"https:\/\/blog.hascorburkina.com\/index.php\/wp-json\/wp\/v2\/pages\/3021\/revisions\/3026"}],"wp:attachment":[{"href":"https:\/\/blog.hascorburkina.com\/index.php\/wp-json\/wp\/v2\/media?parent=3021"}],"curies":[{"name":"wp","href":"https:\/\/api.w.org\/{rel}","templated":true}]}}