{"id":3010,"date":"2023-04-17T10:07:24","date_gmt":"2023-04-17T10:07:24","guid":{"rendered":"https:\/\/blog.hascorburkina.com\/?page_id=3010"},"modified":"2023-04-17T10:11:12","modified_gmt":"2023-04-17T10:11:12","slug":"actualite-2","status":"publish","type":"page","link":"https:\/\/blog.hascorburkina.com\/index.php\/actualite-2\/","title":{"rendered":"actualite"},"content":{"rendered":"\t\t<div data-elementor-type=\"wp-page\" data-elementor-id=\"3010\" class=\"elementor elementor-3010\">\n\t\t\t\t\t\t<section class=\"elementor-section elementor-top-section elementor-element elementor-element-94fae38 elementor-section-boxed elementor-section-height-default elementor-section-height-default\" data-id=\"94fae38\" data-element_type=\"section\" data-e-type=\"section\">\n\t\t\t\t\t\t<div class=\"elementor-container elementor-column-gap-default\">\n\t\t\t\t\t<div class=\"elementor-column elementor-col-100 elementor-top-column elementor-element elementor-element-86c83ed\" data-id=\"86c83ed\" data-element_type=\"column\" data-e-type=\"column\">\n\t\t\t<div class=\"elementor-widget-wrap elementor-element-populated\">\n\t\t\t\t\t\t<div class=\"elementor-element elementor-element-88c4a03 elementor-widget elementor-widget-heading\" data-id=\"88c4a03\" data-element_type=\"widget\" data-e-type=\"widget\" data-widget_type=\"heading.default\">\n\t\t\t\t<div class=\"elementor-widget-container\">\n\t\t\t\t\t<h2 class=\"elementor-heading-title elementor-size-default\"><span style=\"text-transform: capitalize\">Acquisition <\/span>de mat\u00e9riels de d\u00e9fense et de s\u00e9curit\u00e9 au Burkina : <span style=\"text-transform: capitalize\">L\u2019ALT<\/span> autorise la ratification de la garantie souveraine au profit de IB Bank<\/h2>\t\t\t\t<\/div>\n\t\t\t\t<\/div>\n\t\t\t\t\t<\/div>\n\t\t<\/div>\n\t\t\t\t\t<\/div>\n\t\t<\/section>\n\t\t\t\t<section class=\"elementor-section elementor-top-section elementor-element elementor-element-1b05e3c elementor-section-content-middle elementor-section-boxed elementor-section-height-default elementor-section-height-default\" data-id=\"1b05e3c\" data-element_type=\"section\" data-e-type=\"section\" data-settings=\"{&quot;background_background&quot;:&quot;classic&quot;}\">\n\t\t\t\t\t\t\t<div class=\"elementor-background-overlay\"><\/div>\n\t\t\t\t\t\t\t<div class=\"elementor-container elementor-column-gap-no\">\n\t\t\t\t\t<div class=\"elementor-column elementor-col-50 elementor-top-column elementor-element elementor-element-890701c\" data-id=\"890701c\" data-element_type=\"column\" data-e-type=\"column\">\n\t\t\t<div class=\"elementor-widget-wrap elementor-element-populated\">\n\t\t\t\t\t\t<div class=\"elementor-element elementor-element-2788d16 elementor-widget elementor-widget-image\" data-id=\"2788d16\" data-element_type=\"widget\" data-e-type=\"widget\" data-widget_type=\"image.default\">\n\t\t\t\t<div class=\"elementor-widget-container\">\n\t\t\t\t\t\t\t\t\t\t\t\t\t\t\t<img fetchpriority=\"high\" decoding=\"async\" width=\"640\" height=\"426\" src=\"https:\/\/blog.hascorburkina.com\/wp-content\/uploads\/2023\/04\/arton120825.jpg\" class=\"attachment-full size-full wp-image-3009\" alt=\"\" srcset=\"https:\/\/blog.hascorburkina.com\/wp-content\/uploads\/2023\/04\/arton120825.jpg 640w, https:\/\/blog.hascorburkina.com\/wp-content\/uploads\/2023\/04\/arton120825-600x399.jpg 600w, https:\/\/blog.hascorburkina.com\/wp-content\/uploads\/2023\/04\/arton120825-300x200.jpg 300w\" sizes=\"(max-width: 640px) 100vw, 640px\" \/>\t\t\t\t\t\t\t\t\t\t\t\t\t\t\t<\/div>\n\t\t\t\t<\/div>\n\t\t\t\t\t<\/div>\n\t\t<\/div>\n\t\t\t\t<div class=\"elementor-column elementor-col-50 elementor-top-column elementor-element elementor-element-222bc71\" data-id=\"222bc71\" data-element_type=\"column\" data-e-type=\"column\">\n\t\t\t<div class=\"elementor-widget-wrap elementor-element-populated\">\n\t\t\t\t\t\t<div class=\"elementor-element elementor-element-159a7c2 elementor-widget elementor-widget-text-editor\" data-id=\"159a7c2\" data-element_type=\"widget\" data-e-type=\"widget\" data-widget_type=\"text-editor.default\">\n\t\t\t\t<div class=\"elementor-widget-container\">\n\t\t\t\t\t\t\t\t\t<p><strong>Les d\u00e9put\u00e9s de l\u2019Assembl\u00e9e l\u00e9gislative de transition (ALT) se sont r\u00e9unis en s\u00e9ance pl\u00e9ni\u00e8re dans la matin\u00e9e de ce vendredi 14 avril 2023 pour adopter un nouveau projet de loi. La s\u00e9ance a \u00e9t\u00e9 pr\u00e9sid\u00e9e par le pr\u00e9sident de l\u2019institution, Dr Ousmane Bougouma, en pr\u00e9sence de quelques membres du gouvernent dont le ministre d\u2019Etat, en charge de la d\u00e9fense, accompagn\u00e9 par la ministre de la justice, la ministre de l\u2019action humanitaire et la ministre d\u00e9l\u00e9gu\u00e9e, charg\u00e9e du budget.<\/strong><\/p><div class=\"article_content\"><p>Dans le cadre de l\u2019acquisition de mat\u00e9riels de d\u00e9fense et de s\u00e9curit\u00e9 au profit des forces arm\u00e9es nationales dans le but de renforcer leurs capacit\u00e9s op\u00e9rationnelles, l\u2019Etat burkinab\u00e8 a sign\u00e9 un contrat avec l\u2019entreprise turque \u2018\u2019Company Raykar Makina Sanayi Ve Ticaret Anonim Sirketi\u2019\u2019 d\u2019un montant de 252,795 milliards de FCFA. La compagnie turque a consenti un paiement \u00e0 temp\u00e9rament sur douze mois, couvert par une garantie bancaire \u00e0 premi\u00e8re demande.<\/p><\/div>\t\t\t\t\t\t\t\t<\/div>\n\t\t\t\t<\/div>\n\t\t\t\t\t<\/div>\n\t\t<\/div>\n\t\t\t\t\t<\/div>\n\t\t<\/section>\n\t\t\t\t<section class=\"elementor-section elementor-top-section elementor-element elementor-element-2cc6c9c elementor-section-boxed elementor-section-height-default elementor-section-height-default\" data-id=\"2cc6c9c\" data-element_type=\"section\" data-e-type=\"section\">\n\t\t\t\t\t\t<div class=\"elementor-container elementor-column-gap-default\">\n\t\t\t\t\t<div class=\"elementor-column elementor-col-100 elementor-top-column elementor-element elementor-element-6758a68\" data-id=\"6758a68\" data-element_type=\"column\" data-e-type=\"column\">\n\t\t\t<div class=\"elementor-widget-wrap elementor-element-populated\">\n\t\t\t\t\t\t<div class=\"elementor-element elementor-element-0a5f1a7 elementor-widget elementor-widget-text-editor\" data-id=\"0a5f1a7\" data-element_type=\"widget\" data-e-type=\"widget\" data-widget_type=\"text-editor.default\">\n\t\t\t\t<div class=\"elementor-widget-container\">\n\t\t\t\t\t\t\t\t\t<dl class=\"spip_document_149532 spip_documents spip_documents_center\"><dt><\/dt><dd class=\"spip_doc_descriptif\"><span style=\"font-size: 16px;\">IB Bank Burkina a accept\u00e9 d\u2019\u00e9mettre ladite garantie en faveur de l\u2019Etat burkinab\u00e8. En contrepartie, elle a \u00e0 son tour requis une garantie souveraine de l\u2019Etat burkinab\u00e8 pour couvrir l\u2019op\u00e9ration. D\u2019o\u00f9 l\u2019adoption de ce pr\u00e9sent projet de loi qui est l\u2019une des \u00e9tapes d\u2019ex\u00e9cution de cette transaction.<\/span><\/dd><\/dl><p>Il s\u2019agit du projet de loi portant \u00ab\u00a0autorisation de ratification de la garantie souveraine au profit d\u2019International Business Bank (IB Bank) en contrepartie de sa garantie bancaire dans le cadre du contrat d\u2019acquisition de mat\u00e9riels de d\u00e9fense et de s\u00e9curit\u00e9 entre le gouvernement du Burkina Faso et la soci\u00e9t\u00e9 Company Raykar Makina Sanayi Ve Ticaret Anonim Sirketi\u00a0\u00bb.<\/p><dl class=\"spip_document_149533 spip_documents spip_documents_center\"><dt><img decoding=\"async\" src=\"https:\/\/lefaso.net\/local\/cache-vignettes\/L600xH449\/image_2-96-af4da.jpg?1681486478\" alt=\"\" width=\"600\" height=\"449\" \/><\/dt><dd class=\"spip_doc_descriptif\"><i>Le colonel-major Kassoum Coulibaly, ministre d\u2019Etat, en charge de la d\u00e9fense a rassur\u00e9 que ces \u00e9quipements permettront de renforcer les capacit\u00e9s op\u00e9rationnelles des FDS dans l\u2019op\u00e9ration de reconqu\u00eate de l\u2019int\u00e9grit\u00e9 territoriale<\/i><\/dd><\/dl><p>Selon le colonel-major Kassoum Coulibaly, ministre d\u2019Etat, charg\u00e9 de la d\u00e9fense nationale et des anciens combattants, c\u2019est un contrat de livraison de mat\u00e9riels compos\u00e9s essentiellement de drones de surveillance, d\u2019attaque, leurs munitions, leurs \u00e9quipements ainsi que la maintenance. Ces \u00e9quipements, dont une partie a \u00e9t\u00e9 d\u00e9j\u00e0 livr\u00e9e contre le paiement de l\u2019avance sold\u00e9e en or, permettront de renforcer les capacit\u00e9s op\u00e9rationnelles des forces arm\u00e9es nationales dans la lutte contre le terrorisme.<\/p><p>Apr\u00e8s le d\u00e9bat g\u00e9n\u00e9ral suivi des diff\u00e9rents amendements, les 68 votants du jour ont adopt\u00e9 \u00e0 l\u2019unanimit\u00e9 ce projet de loi. Un projet de loi qui permettra au gouvernement burkinab\u00e8 de prouver sa bonne foi au fournisseur turc afin de recevoir le reste des \u00e9quipements conform\u00e9ment aux clauses du contrat, selon le ministre d\u2019\u00c9tat, charg\u00e9 de la d\u00e9fense, le colonel-major Kassoum Coulibaly.<\/p><dl class=\"spip_document_149534 spip_documents spip_documents_center\"><dt><img decoding=\"async\" src=\"https:\/\/lefaso.net\/local\/cache-vignettes\/L600xH449\/image_3-88-7a72f.jpg?1681486478\" alt=\"\" width=\"600\" height=\"449\" \/><\/dt><dd class=\"spip_doc_descriptif\"><i>Le d\u00e9put\u00e9 Drissa Sanogo, vice-pr\u00e9sident de la COMFIB, commission ayant travaill\u00e9 sur le dossier<\/i><\/dd><\/dl><p>Ce texte est issu de la Commission des finances et du budget (COMFIB). Les travaux ont \u00e9t\u00e9 dirig\u00e9s par son vice-pr\u00e9sident, le d\u00e9put\u00e9 Drissa Sanogo. La COMFIB se dit convaincue que l\u2019adoption du pr\u00e9sent projet de loi devrait permettre au gouvernement d\u2019acqu\u00e9rir du mat\u00e9riel ad\u00e9quat afin de contribuer au renforcement des capacit\u00e9s op\u00e9rationnelles des FDS et VDP et lutter efficacement contre le terrorisme.<br class=\"autobr\" \/>Selon les pr\u00e9cisions du gouvernement rapport\u00e9es par la commission en charge du dossier, il ressort que c\u2019est le fournisseur, l\u2019entreprise turque qui a choisi IB Bank pour la garantie bancaire en raison de la relation de confiance qui existe entre les deux soci\u00e9t\u00e9s.<\/p><dl class=\"spip_document_149535 spip_documents spip_documents_center\"><dt><img loading=\"lazy\" decoding=\"async\" src=\"https:\/\/lefaso.net\/local\/cache-vignettes\/L600xH449\/image_4-85-d727f.jpg?1681486478\" alt=\"\" width=\"600\" height=\"449\" \/><\/dt><dd class=\"spip_doc_descriptif\"><i>Le pr\u00e9sident de l\u2019ALT, Dr Ousmane Bougouma, pr\u00e9sidant la s\u00e9ance du jour esp\u00e8re que ce projet de loi, gr\u00e2ce \u00e0 l\u2019acquisition de ces \u00e9quipements de d\u00e9fense et de s\u00e9curit\u00e9, contribuera \u00e0 am\u00e9liorer la s\u00e9curit\u00e9 au Burkina Faso<\/i><\/dd><\/dl><p>Le pr\u00e9sident de l\u2019ALT, Dr Ousmane Bougouma a, de son c\u00f4t\u00e9 souhait\u00e9, que cette loi contribue \u00e0 am\u00e9liorer la s\u00e9curit\u00e9 au Burkina Faso, au grand bonheur des populations, fortement \u00e9prouv\u00e9es par cette crise.\u00a0<a class=\"spip_out\" href=\"http:\/\/ledeputemetre.net\/spip.php?article288\" rel=\"external\">[ Cliquez ici pour lire l\u2019int\u00e9gralit\u00e9 ]<\/a><\/p>\t\t\t\t\t\t\t\t<\/div>\n\t\t\t\t<\/div>\n\t\t\t\t\t<\/div>\n\t\t<\/div>\n\t\t\t\t\t<\/div>\n\t\t<\/section>\n\t\t\t\t<\/div>\n\t\t","protected":false},"excerpt":{"rendered":"<p>Acquisition de mat\u00e9riels de d\u00e9fense et de s\u00e9curit\u00e9 au Burkina : L\u2019ALT autorise la ratification de la garantie souveraine au profit de IB Bank Les d\u00e9put\u00e9s de l\u2019Assembl\u00e9e l\u00e9gislative de transition (ALT) se sont r\u00e9unis en s\u00e9ance pl\u00e9ni\u00e8re dans la matin\u00e9e de ce vendredi 14 avril 2023 pour adopter un nouveau projet de loi. La [&hellip;]<\/p>\n","protected":false},"author":2,"featured_media":0,"parent":0,"menu_order":0,"comment_status":"closed","ping_status":"closed","template":"","meta":{"site-sidebar-layout":"no-sidebar","site-content-layout":"page-builder","ast-site-content-layout":"default","site-content-style":"default","site-sidebar-style":"default","ast-global-header-display":"","ast-banner-title-visibility":"","ast-main-header-display":"","ast-hfb-above-header-display":"","ast-hfb-below-header-display":"","ast-hfb-mobile-header-display":"","site-post-title":"disabled","ast-breadcrumbs-content":"","ast-featured-img":"disabled","footer-sml-layout":"","theme-transparent-header-meta":"","adv-header-id-meta":"","stick-header-meta":"","header-above-stick-meta":"","header-main-stick-meta":"","header-below-stick-meta":"","astra-migrate-meta-layouts":"default","ast-page-background-enabled":"default","ast-page-background-meta":{"desktop":{"background-color":"","background-image":"","background-repeat":"repeat","background-position":"center center","background-size":"auto","background-attachment":"scroll","background-type":"","background-media":"","overlay-type":"","overlay-color":"","overlay-opacity":"","overlay-gradient":""},"tablet":{"background-color":"","background-image":"","background-repeat":"repeat","background-position":"center center","background-size":"auto","background-attachment":"scroll","background-type":"","background-media":"","overlay-type":"","overlay-color":"","overlay-opacity":"","overlay-gradient":""},"mobile":{"background-color":"","background-image":"","background-repeat":"repeat","background-position":"center center","background-size":"auto","background-attachment":"scroll","background-type":"","background-media":"","overlay-type":"","overlay-color":"","overlay-opacity":"","overlay-gradient":""}},"ast-content-background-meta":{"desktop":{"background-color":"var(--ast-global-color-5)","background-image":"","background-repeat":"repeat","background-position":"center center","background-size":"auto","background-attachment":"scroll","background-type":"","background-media":"","overlay-type":"","overlay-color":"","overlay-opacity":"","overlay-gradient":""},"tablet":{"background-color":"var(--ast-global-color-5)","background-image":"","background-repeat":"repeat","background-position":"center center","background-size":"auto","background-attachment":"scroll","background-type":"","background-media":"","overlay-type":"","overlay-color":"","overlay-opacity":"","overlay-gradient":""},"mobile":{"background-color":"var(--ast-global-color-5)","background-image":"","background-repeat":"repeat","background-position":"center center","background-size":"auto","background-attachment":"scroll","background-type":"","background-media":"","overlay-type":"","overlay-color":"","overlay-opacity":"","overlay-gradient":""}},"footnotes":""},"class_list":["post-3010","page","type-page","status-publish","hentry"],"jetpack_sharing_enabled":true,"rttpg_featured_image_url":null,"rttpg_author":{"display_name":"Hascor Burkina","author_link":"https:\/\/blog.hascorburkina.com\/index.php\/author\/hascorblog\/"},"rttpg_comment":0,"rttpg_category":null,"rttpg_excerpt":"Acquisition de mat\u00e9riels de d\u00e9fense et de s\u00e9curit\u00e9 au Burkina : L\u2019ALT autorise la ratification de la garantie souveraine au profit de IB Bank Les d\u00e9put\u00e9s de l\u2019Assembl\u00e9e l\u00e9gislative de transition (ALT) se sont r\u00e9unis en s\u00e9ance pl\u00e9ni\u00e8re dans la matin\u00e9e de ce vendredi 14 avril 2023 pour adopter un nouveau projet de loi. La\u2026","_links":{"self":[{"href":"https:\/\/blog.hascorburkina.com\/index.php\/wp-json\/wp\/v2\/pages\/3010","targetHints":{"allow":["GET"]}}],"collection":[{"href":"https:\/\/blog.hascorburkina.com\/index.php\/wp-json\/wp\/v2\/pages"}],"about":[{"href":"https:\/\/blog.hascorburkina.com\/index.php\/wp-json\/wp\/v2\/types\/page"}],"author":[{"embeddable":true,"href":"https:\/\/blog.hascorburkina.com\/index.php\/wp-json\/wp\/v2\/users\/2"}],"replies":[{"embeddable":true,"href":"https:\/\/blog.hascorburkina.com\/index.php\/wp-json\/wp\/v2\/comments?post=3010"}],"version-history":[{"count":4,"href":"https:\/\/blog.hascorburkina.com\/index.php\/wp-json\/wp\/v2\/pages\/3010\/revisions"}],"predecessor-version":[{"id":3015,"href":"https:\/\/blog.hascorburkina.com\/index.php\/wp-json\/wp\/v2\/pages\/3010\/revisions\/3015"}],"wp:attachment":[{"href":"https:\/\/blog.hascorburkina.com\/index.php\/wp-json\/wp\/v2\/media?parent=3010"}],"curies":[{"name":"wp","href":"https:\/\/api.w.org\/{rel}","templated":true}]}}