{"id":2994,"date":"2023-04-13T09:35:19","date_gmt":"2023-04-13T09:35:19","guid":{"rendered":"https:\/\/blog.hascorburkina.com\/?page_id=2994"},"modified":"2023-04-13T09:37:53","modified_gmt":"2023-04-13T09:37:53","slug":"actualited","status":"publish","type":"page","link":"https:\/\/blog.hascorburkina.com\/index.php\/actualited\/","title":{"rendered":"actualit\u00e9d"},"content":{"rendered":"\t\t<div data-elementor-type=\"wp-page\" data-elementor-id=\"2994\" class=\"elementor elementor-2994\">\n\t\t\t\t\t\t<section class=\"elementor-section elementor-top-section elementor-element elementor-element-6f92ebe elementor-section-boxed elementor-section-height-default elementor-section-height-default\" data-id=\"6f92ebe\" data-element_type=\"section\" data-e-type=\"section\">\n\t\t\t\t\t\t<div class=\"elementor-container elementor-column-gap-default\">\n\t\t\t\t\t<div class=\"elementor-column elementor-col-100 elementor-top-column elementor-element elementor-element-dbb6249\" data-id=\"dbb6249\" data-element_type=\"column\" data-e-type=\"column\">\n\t\t\t<div class=\"elementor-widget-wrap elementor-element-populated\">\n\t\t\t\t\t\t<div class=\"elementor-element elementor-element-2e4514a elementor-widget elementor-widget-heading\" data-id=\"2e4514a\" data-element_type=\"widget\" data-e-type=\"widget\" data-widget_type=\"heading.default\">\n\t\t\t\t<div class=\"elementor-widget-container\">\n\t\t\t\t\t<h2 class=\"elementor-heading-title elementor-size-default\"><span style=\"text-transform: capitalize\">Cybers\u00e9curit\u00e9<\/span> : Apr\u00e8s Pegasus, voici Reign, le logiciel d\u2019espionnage cr\u00e9\u00e9 par la soci\u00e9t\u00e9 isra\u00e9lienne QuaDream<\/h2>\t\t\t\t<\/div>\n\t\t\t\t<\/div>\n\t\t\t\t\t<\/div>\n\t\t<\/div>\n\t\t\t\t\t<\/div>\n\t\t<\/section>\n\t\t\t\t<section class=\"elementor-section elementor-top-section elementor-element elementor-element-5db52cc elementor-section-content-middle elementor-section-boxed elementor-section-height-default elementor-section-height-default\" data-id=\"5db52cc\" data-element_type=\"section\" data-e-type=\"section\" data-settings=\"{&quot;background_background&quot;:&quot;classic&quot;}\">\n\t\t\t\t\t\t\t<div class=\"elementor-background-overlay\"><\/div>\n\t\t\t\t\t\t\t<div class=\"elementor-container elementor-column-gap-no\">\n\t\t\t\t\t<div class=\"elementor-column elementor-col-50 elementor-top-column elementor-element elementor-element-ed39ed4\" data-id=\"ed39ed4\" data-element_type=\"column\" data-e-type=\"column\">\n\t\t\t<div class=\"elementor-widget-wrap elementor-element-populated\">\n\t\t\t\t\t\t<div class=\"elementor-element elementor-element-e70d9aa elementor-widget elementor-widget-image\" data-id=\"e70d9aa\" data-element_type=\"widget\" data-e-type=\"widget\" data-widget_type=\"image.default\">\n\t\t\t\t<div class=\"elementor-widget-container\">\n\t\t\t\t\t\t\t\t\t\t\t\t\t\t\t<img fetchpriority=\"high\" decoding=\"async\" width=\"1280\" height=\"854\" src=\"https:\/\/blog.hascorburkina.com\/wp-content\/uploads\/2023\/04\/arton120770.jpg\" class=\"attachment-full size-full wp-image-2993\" alt=\"\" srcset=\"https:\/\/blog.hascorburkina.com\/wp-content\/uploads\/2023\/04\/arton120770.jpg 1280w, https:\/\/blog.hascorburkina.com\/wp-content\/uploads\/2023\/04\/arton120770-600x400.jpg 600w, https:\/\/blog.hascorburkina.com\/wp-content\/uploads\/2023\/04\/arton120770-300x200.jpg 300w, https:\/\/blog.hascorburkina.com\/wp-content\/uploads\/2023\/04\/arton120770-1024x683.jpg 1024w, https:\/\/blog.hascorburkina.com\/wp-content\/uploads\/2023\/04\/arton120770-768x512.jpg 768w\" sizes=\"(max-width: 1280px) 100vw, 1280px\" \/>\t\t\t\t\t\t\t\t\t\t\t\t\t\t\t<\/div>\n\t\t\t\t<\/div>\n\t\t\t\t\t<\/div>\n\t\t<\/div>\n\t\t\t\t<div class=\"elementor-column elementor-col-50 elementor-top-column elementor-element elementor-element-e9ad69c\" data-id=\"e9ad69c\" data-element_type=\"column\" data-e-type=\"column\">\n\t\t\t<div class=\"elementor-widget-wrap elementor-element-populated\">\n\t\t\t\t\t\t<div class=\"elementor-element elementor-element-fb2e01e elementor-widget elementor-widget-text-editor\" data-id=\"fb2e01e\" data-element_type=\"widget\" data-e-type=\"widget\" data-widget_type=\"text-editor.default\">\n\t\t\t\t<div class=\"elementor-widget-container\">\n\t\t\t\t\t\t\t\t\t<p><strong>Des chercheurs du Citizen Lab de la Munk School de l\u2019universit\u00e9 canadienne de Toronto ont publi\u00e9, mardi 11 avril 2023, un nouveau rapport dans lequel ils r\u00e9v\u00e8lent l\u2019existence d\u2019un logiciel d\u2019espionnage, cr\u00e9\u00e9 par la soci\u00e9t\u00e9 isra\u00e9lienne QuaDream. Ce logiciel d\u00e9nomm\u00e9 Reign exploite des failles dans les iPhones de la firme am\u00e9ricaine Apple.<\/strong><\/p><div class=\"article_content\"><p>Selon le laboratoire de recherche canadien, Citizen Lab, le nouveau logiciel espion a \u00e9t\u00e9 cr\u00e9\u00e9 par l\u2019entreprise QuaDream Ltd, fond\u00e9e par un ancien responsable militaire isra\u00e9lien et ancien membre de la soci\u00e9t\u00e9 isra\u00e9lienne NSO Group, cr\u00e9ateur de l\u2019autre logiciel espion Pegasus.<\/p><p>Dans son rapport, Citizen Lab a indiqu\u00e9 qu\u2019au moins cinq personnes ont \u00e9t\u00e9 cibl\u00e9es par le logiciel en Am\u00e9rique du Nord, en Asie centrale, en Asie du Sud-Est, en Europe et au Moyen-Orient. \u00ab\u00a0Sur la base d\u2019une analyse d\u2019\u00e9chantillons partag\u00e9s avec nous par Microsoft Threat Intelligence, nous avons d\u00e9velopp\u00e9 des indicateurs qui nous ont permis d\u2019identifier au moins cinq victimes de la soci\u00e9t\u00e9 civile des logiciels espions et des exploits de QuaDream en Am\u00e9rique du Nord, en Asie centrale, en Asie du Sud-Est, en Europe et au Moyen-Orient. Parmi les victimes figurent des journalistes, des personnalit\u00e9s politiques de l\u2019opposition et un employ\u00e9 d\u2019une ONG\u00a0\u00bb, a indiqu\u00e9 l\u2019organisation qui n\u2019a pas souhait\u00e9 les identifier<\/p><\/div>\t\t\t\t\t\t\t\t<\/div>\n\t\t\t\t<\/div>\n\t\t\t\t\t<\/div>\n\t\t<\/div>\n\t\t\t\t\t<\/div>\n\t\t<\/section>\n\t\t\t\t<section class=\"elementor-section elementor-top-section elementor-element elementor-element-27b3bb9 elementor-section-boxed elementor-section-height-default elementor-section-height-default\" data-id=\"27b3bb9\" data-element_type=\"section\" data-e-type=\"section\">\n\t\t\t\t\t\t<div class=\"elementor-container elementor-column-gap-default\">\n\t\t\t\t\t<div class=\"elementor-column elementor-col-100 elementor-top-column elementor-element elementor-element-0f085ee\" data-id=\"0f085ee\" data-element_type=\"column\" data-e-type=\"column\">\n\t\t\t<div class=\"elementor-widget-wrap elementor-element-populated\">\n\t\t\t\t\t\t<div class=\"elementor-element elementor-element-1e6d13d elementor-widget elementor-widget-text-editor\" data-id=\"1e6d13d\" data-element_type=\"widget\" data-e-type=\"widget\" data-widget_type=\"text-editor.default\">\n\t\t\t\t<div class=\"elementor-widget-container\">\n\t\t\t\t\t\t\t\t\t<p><strong>Un pays africain parmi les clients\u00a0?<\/strong><\/p><p>Elle ajoute que deux serveurs ont \u00e9t\u00e9 identifi\u00e9s par l\u2019organisation dans une dizaine de pays ayant re\u00e7u des donn\u00e9es provenant des appareils des victimes. Il s\u2019agit de la Bulgarie, la R\u00e9publique tch\u00e8que, la Hongrie, le Ghana, Isra\u00ebl, le Mexique, la Roumanie, Singapour, les \u00c9mirats arabes unis et l\u2019Ouzb\u00e9kistan.<\/p><p>\u00ab\u00a0De plus, dans leur rapport sur les menaces de d\u00e9cembre 2022 sur l\u2019industrie de la surveillance pour la location, Meta mentionne qu\u2019ils ont d\u00e9tect\u00e9 une activit\u00e9 sur leurs plateformes qu\u2019ils ont attribu\u00e9e \u00e0 QuaDream. L\u2019activit\u00e9 comprenait l\u2019utilisation d\u2019\u00ab\u00a0environ 250 comptes\u00a0\u00bb, qui, selon Meta, \u00e9taient utilis\u00e9s pour tester les capacit\u00e9s des logiciels espions iOS et Android de QuaDream\u00a0\u00bb, rapport\u00e9 Citizen Lab.<\/p><p><strong>Quel est le mode op\u00e9ratoire de ce logiciel\u00a0?<\/strong><\/p><p>A en croire Citizen Lab, le logiciel espion de QuaDream, une fois plac\u00e9 sur le t\u00e9l\u00e9phone ou l\u2019ordinateur, peut enregistrer le son d\u2019un appel t\u00e9l\u00e9phonique, prendre des photos et effectuer des recherches dans les fichiers de l\u2019appareil \u00e0 l\u2019insu de l\u2019utilisateur. Il permet d\u2019acc\u00e9der aux donn\u00e9es stock\u00e9es sur le Cloud \u00e0 distance.<\/p><p>\u00ab\u00a0Nous avons constat\u00e9 que le logiciel espion contient \u00e9galement une fonction d\u2019autodestruction qui nettoie diverses traces laiss\u00e9es par le logiciel espion lui-m\u00eame. Notre analyse de la fonction d\u2019autodestruction a r\u00e9v\u00e9l\u00e9 un nom de processus utilis\u00e9 par le logiciel espion, que nous avons d\u00e9couvert sur les appareils victimes\u00a0\u00bb, ajoute l\u2019organisation de veille.<\/p><p>Elle pr\u00e9cise que sur la brochure de QuaDream, le co\u00fbt du piratage de 50 smartphones par an \u00e9tait de 2,2 millions de dollars, hormis les frais de maintenance.<\/p><p><strong>Un litige entre QuaDream et InReach<\/strong><\/p><p>Selon Citizen Lab, QuaDream a nou\u00e9 un partenariat avec une soci\u00e9t\u00e9 chypriote appel\u00e9e InReach, avec laquelle elle est actuellement impliqu\u00e9e dans un litige. \u00ab\u00a0Ce diff\u00e9rend a entra\u00een\u00e9 la r\u00e9v\u00e9lation de d\u00e9tails int\u00e9ressants sur les activit\u00e9s des entreprises. Selon des documents judiciaires obtenus aupr\u00e8s du tribunal de district de Limassol \u00e0 Chypre, QuaDream a vendu ses produits en dehors d\u2019Isra\u00ebl via InReach. Bien que les informations open source et les documents judiciaires que nous avons examin\u00e9s sugg\u00e8rent fortement que QuaDream a vendu ses produits en dehors d\u2019Isra\u00ebl via InReach, il est essentiel de noter que cela n\u2019indique pas n\u00e9cessairement qu\u2019InReach \u00e9tait le distributeur exclusif ou principal de QuaDream\u00a0\u00bb, avance prudemment Citizen Lab.<\/p><p>La question des logiciels espions refait surface apr\u00e8s l\u2019affaire Pegasus en 2021. La soci\u00e9t\u00e9 NSO Group est poursuivie par Apple pour \u00ab\u00a0abus et pr\u00e9judices\u00a0\u00bb \u00e0 l\u2019\u00e9gard de ses utilisateurs. Il faut noter que cette soci\u00e9t\u00e9 commercialise des logiciels espions, notamment \u00e0 des gouvernements qui exploitent les failles de s\u00e9curit\u00e9 des firmwares des smartphones. Les r\u00e9v\u00e9lations de cette affaire avaient conduit \u00e0 une enqu\u00eate d\u2019un consortium de m\u00e9dias qui avait r\u00e9v\u00e9l\u00e9 une liste de plus de 50 000 noms d\u2019individus susceptibles d\u2019avoir \u00e9t\u00e9 surveill\u00e9s via Pegasus.<\/p>\t\t\t\t\t\t\t\t<\/div>\n\t\t\t\t<\/div>\n\t\t\t\t\t<\/div>\n\t\t<\/div>\n\t\t\t\t\t<\/div>\n\t\t<\/section>\n\t\t\t\t<\/div>\n\t\t","protected":false},"excerpt":{"rendered":"<p>Cybers\u00e9curit\u00e9 : Apr\u00e8s Pegasus, voici Reign, le logiciel d\u2019espionnage cr\u00e9\u00e9 par la soci\u00e9t\u00e9 isra\u00e9lienne QuaDream Des chercheurs du Citizen Lab de la Munk School de l\u2019universit\u00e9 canadienne de Toronto ont publi\u00e9, mardi 11 avril 2023, un nouveau rapport dans lequel ils r\u00e9v\u00e8lent l\u2019existence d\u2019un logiciel d\u2019espionnage, cr\u00e9\u00e9 par la soci\u00e9t\u00e9 isra\u00e9lienne QuaDream. Ce logiciel d\u00e9nomm\u00e9 [&hellip;]<\/p>\n","protected":false},"author":2,"featured_media":0,"parent":0,"menu_order":0,"comment_status":"closed","ping_status":"closed","template":"","meta":{"site-sidebar-layout":"no-sidebar","site-content-layout":"page-builder","ast-site-content-layout":"default","site-content-style":"default","site-sidebar-style":"default","ast-global-header-display":"","ast-banner-title-visibility":"","ast-main-header-display":"","ast-hfb-above-header-display":"","ast-hfb-below-header-display":"","ast-hfb-mobile-header-display":"","site-post-title":"disabled","ast-breadcrumbs-content":"","ast-featured-img":"disabled","footer-sml-layout":"","theme-transparent-header-meta":"","adv-header-id-meta":"","stick-header-meta":"","header-above-stick-meta":"","header-main-stick-meta":"","header-below-stick-meta":"","astra-migrate-meta-layouts":"default","ast-page-background-enabled":"default","ast-page-background-meta":{"desktop":{"background-color":"","background-image":"","background-repeat":"repeat","background-position":"center center","background-size":"auto","background-attachment":"scroll","background-type":"","background-media":"","overlay-type":"","overlay-color":"","overlay-opacity":"","overlay-gradient":""},"tablet":{"background-color":"","background-image":"","background-repeat":"repeat","background-position":"center center","background-size":"auto","background-attachment":"scroll","background-type":"","background-media":"","overlay-type":"","overlay-color":"","overlay-opacity":"","overlay-gradient":""},"mobile":{"background-color":"","background-image":"","background-repeat":"repeat","background-position":"center center","background-size":"auto","background-attachment":"scroll","background-type":"","background-media":"","overlay-type":"","overlay-color":"","overlay-opacity":"","overlay-gradient":""}},"ast-content-background-meta":{"desktop":{"background-color":"var(--ast-global-color-5)","background-image":"","background-repeat":"repeat","background-position":"center center","background-size":"auto","background-attachment":"scroll","background-type":"","background-media":"","overlay-type":"","overlay-color":"","overlay-opacity":"","overlay-gradient":""},"tablet":{"background-color":"var(--ast-global-color-5)","background-image":"","background-repeat":"repeat","background-position":"center center","background-size":"auto","background-attachment":"scroll","background-type":"","background-media":"","overlay-type":"","overlay-color":"","overlay-opacity":"","overlay-gradient":""},"mobile":{"background-color":"var(--ast-global-color-5)","background-image":"","background-repeat":"repeat","background-position":"center center","background-size":"auto","background-attachment":"scroll","background-type":"","background-media":"","overlay-type":"","overlay-color":"","overlay-opacity":"","overlay-gradient":""}},"footnotes":""},"class_list":["post-2994","page","type-page","status-publish","hentry"],"jetpack_sharing_enabled":true,"rttpg_featured_image_url":null,"rttpg_author":{"display_name":"Hascor Burkina","author_link":"https:\/\/blog.hascorburkina.com\/index.php\/author\/hascorblog\/"},"rttpg_comment":0,"rttpg_category":null,"rttpg_excerpt":"Cybers\u00e9curit\u00e9 : Apr\u00e8s Pegasus, voici Reign, le logiciel d\u2019espionnage cr\u00e9\u00e9 par la soci\u00e9t\u00e9 isra\u00e9lienne QuaDream Des chercheurs du Citizen Lab de la Munk School de l\u2019universit\u00e9 canadienne de Toronto ont publi\u00e9, mardi 11 avril 2023, un nouveau rapport dans lequel ils r\u00e9v\u00e8lent l\u2019existence d\u2019un logiciel d\u2019espionnage, cr\u00e9\u00e9 par la soci\u00e9t\u00e9 isra\u00e9lienne QuaDream. Ce logiciel d\u00e9nomm\u00e9\u2026","_links":{"self":[{"href":"https:\/\/blog.hascorburkina.com\/index.php\/wp-json\/wp\/v2\/pages\/2994","targetHints":{"allow":["GET"]}}],"collection":[{"href":"https:\/\/blog.hascorburkina.com\/index.php\/wp-json\/wp\/v2\/pages"}],"about":[{"href":"https:\/\/blog.hascorburkina.com\/index.php\/wp-json\/wp\/v2\/types\/page"}],"author":[{"embeddable":true,"href":"https:\/\/blog.hascorburkina.com\/index.php\/wp-json\/wp\/v2\/users\/2"}],"replies":[{"embeddable":true,"href":"https:\/\/blog.hascorburkina.com\/index.php\/wp-json\/wp\/v2\/comments?post=2994"}],"version-history":[{"count":4,"href":"https:\/\/blog.hascorburkina.com\/index.php\/wp-json\/wp\/v2\/pages\/2994\/revisions"}],"predecessor-version":[{"id":3000,"href":"https:\/\/blog.hascorburkina.com\/index.php\/wp-json\/wp\/v2\/pages\/2994\/revisions\/3000"}],"wp:attachment":[{"href":"https:\/\/blog.hascorburkina.com\/index.php\/wp-json\/wp\/v2\/media?parent=2994"}],"curies":[{"name":"wp","href":"https:\/\/api.w.org\/{rel}","templated":true}]}}