{"id":2980,"date":"2023-04-13T09:28:50","date_gmt":"2023-04-13T09:28:50","guid":{"rendered":"https:\/\/blog.hascorburkina.com\/?page_id=2980"},"modified":"2023-04-13T09:31:55","modified_gmt":"2023-04-13T09:31:55","slug":"actualilec","status":"publish","type":"page","link":"https:\/\/blog.hascorburkina.com\/index.php\/actualilec\/","title":{"rendered":"actualil\u00e9C"},"content":{"rendered":"\t\t<div data-elementor-type=\"wp-page\" data-elementor-id=\"2980\" class=\"elementor elementor-2980\">\n\t\t\t\t\t\t<section class=\"elementor-section elementor-top-section elementor-element elementor-element-2c7e1c3 elementor-section-boxed elementor-section-height-default elementor-section-height-default\" data-id=\"2c7e1c3\" data-element_type=\"section\" data-e-type=\"section\">\n\t\t\t\t\t\t<div class=\"elementor-container elementor-column-gap-default\">\n\t\t\t\t\t<div class=\"elementor-column elementor-col-100 elementor-top-column elementor-element elementor-element-ae51028\" data-id=\"ae51028\" data-element_type=\"column\" data-e-type=\"column\">\n\t\t\t<div class=\"elementor-widget-wrap elementor-element-populated\">\n\t\t\t\t\t\t<div class=\"elementor-element elementor-element-23114e6 elementor-widget elementor-widget-heading\" data-id=\"23114e6\" data-element_type=\"widget\" data-e-type=\"widget\" data-widget_type=\"heading.default\">\n\t\t\t\t<div class=\"elementor-widget-container\">\n\t\t\t\t\t<h2 class=\"elementor-heading-title elementor-size-default\"><span style=\"text-transform: capitalize\">TGI<\/span> de D\u00e9dougou : Accus\u00e9s de vol de biens, des jeunes risquent entre 12 et 36 mois fermes de r\u00e9clusion<\/h2>\t\t\t\t<\/div>\n\t\t\t\t<\/div>\n\t\t\t\t\t<\/div>\n\t\t<\/div>\n\t\t\t\t\t<\/div>\n\t\t<\/section>\n\t\t\t\t<section class=\"elementor-section elementor-top-section elementor-element elementor-element-374270c elementor-section-content-middle elementor-section-boxed elementor-section-height-default elementor-section-height-default\" data-id=\"374270c\" data-element_type=\"section\" data-e-type=\"section\" data-settings=\"{&quot;background_background&quot;:&quot;classic&quot;}\">\n\t\t\t\t\t\t\t<div class=\"elementor-background-overlay\"><\/div>\n\t\t\t\t\t\t\t<div class=\"elementor-container elementor-column-gap-no\">\n\t\t\t\t\t<div class=\"elementor-column elementor-col-50 elementor-top-column elementor-element elementor-element-4f89dc1\" data-id=\"4f89dc1\" data-element_type=\"column\" data-e-type=\"column\">\n\t\t\t<div class=\"elementor-widget-wrap elementor-element-populated\">\n\t\t\t\t\t\t<div class=\"elementor-element elementor-element-29f598a elementor-widget elementor-widget-image\" data-id=\"29f598a\" data-element_type=\"widget\" data-e-type=\"widget\" data-widget_type=\"image.default\">\n\t\t\t\t<div class=\"elementor-widget-container\">\n\t\t\t\t\t\t\t\t\t\t\t\t\t\t\t<img fetchpriority=\"high\" decoding=\"async\" width=\"927\" height=\"621\" src=\"https:\/\/blog.hascorburkina.com\/wp-content\/uploads\/2023\/04\/arton120755.jpg\" class=\"attachment-full size-full wp-image-2978\" alt=\"\" srcset=\"https:\/\/blog.hascorburkina.com\/wp-content\/uploads\/2023\/04\/arton120755.jpg 927w, https:\/\/blog.hascorburkina.com\/wp-content\/uploads\/2023\/04\/arton120755-600x402.jpg 600w, https:\/\/blog.hascorburkina.com\/wp-content\/uploads\/2023\/04\/arton120755-300x201.jpg 300w, https:\/\/blog.hascorburkina.com\/wp-content\/uploads\/2023\/04\/arton120755-768x514.jpg 768w\" sizes=\"(max-width: 927px) 100vw, 927px\" \/>\t\t\t\t\t\t\t\t\t\t\t\t\t\t\t<\/div>\n\t\t\t\t<\/div>\n\t\t\t\t\t<\/div>\n\t\t<\/div>\n\t\t\t\t<div class=\"elementor-column elementor-col-50 elementor-top-column elementor-element elementor-element-88bc8fd\" data-id=\"88bc8fd\" data-element_type=\"column\" data-e-type=\"column\">\n\t\t\t<div class=\"elementor-widget-wrap elementor-element-populated\">\n\t\t\t\t\t\t<div class=\"elementor-element elementor-element-a50fd80 elementor-widget elementor-widget-text-editor\" data-id=\"a50fd80\" data-element_type=\"widget\" data-e-type=\"widget\" data-widget_type=\"text-editor.default\">\n\t\t\t\t<div class=\"elementor-widget-container\">\n\t\t\t\t\t\t\t\t\t<p><strong>Au cours de son audience du mardi 11 avril 2023, le Tribunal de grande instance (TGI) de D\u00e9dougou a vu passer devant lui le dossier de cinq jeunes hommes d\u2019un village de Massala, situ\u00e9 dans la commune urbaine de D\u00e9dougou. Ces villageois, dont l\u2019\u00e2ge est compris entre 19 et 35 ans, sont impliqu\u00e9s \u00e0 des degr\u00e9s vari\u00e9s dans le vol de plusieurs biens.<\/strong><\/p><div class=\"article_content\"><p>La premi\u00e8re infraction est relative \u00e0 un vol de chaussures et de grillage. Elle a impliqu\u00e9 DY et DZ. Il est reproch\u00e9 \u00e0 ces deux jeunes hommes des faits de vol de rouleaux de grillage et une douzaine de paires de chaussures appartenant \u00e0 des agents des Eaux et For\u00eats. Les faits ont eu lieu \u00e0 Douroula dans le mois de septembre 2022, apr\u00e8s la fuite des populations, de la localit\u00e9, menac\u00e9es par des groupes arm\u00e9s terroristes.<\/p><p>Selon les t\u00e9moignages, les deux \u00ab\u00a0larrons\u00a0\u00bb ont saisi l\u2019occasion du retrait des populations, mais aussi du fait que celles-ci n\u2019ont pas pu emporter leurs biens, pour s\u2019y rendre afin de commettre leur forfaiture. Ils se sont rendus au service d\u00e9partemental des Eaux et For\u00eats pour y soustraire frauduleusement deux rouleaux de grillage et douze paires de chaussures<\/p><\/div>\t\t\t\t\t\t\t\t<\/div>\n\t\t\t\t<\/div>\n\t\t\t\t\t<\/div>\n\t\t<\/div>\n\t\t\t\t\t<\/div>\n\t\t<\/section>\n\t\t\t\t<section class=\"elementor-section elementor-top-section elementor-element elementor-element-90386b6 elementor-section-boxed elementor-section-height-default elementor-section-height-default\" data-id=\"90386b6\" data-element_type=\"section\" data-e-type=\"section\">\n\t\t\t\t\t\t<div class=\"elementor-container elementor-column-gap-default\">\n\t\t\t\t\t<div class=\"elementor-column elementor-col-100 elementor-top-column elementor-element elementor-element-56f11be\" data-id=\"56f11be\" data-element_type=\"column\" data-e-type=\"column\">\n\t\t\t<div class=\"elementor-widget-wrap elementor-element-populated\">\n\t\t\t\t\t\t<div class=\"elementor-element elementor-element-e012454 elementor-widget elementor-widget-text-editor\" data-id=\"e012454\" data-element_type=\"widget\" data-e-type=\"widget\" data-widget_type=\"text-editor.default\">\n\t\t\t\t<div class=\"elementor-widget-container\">\n\t\t\t\t\t\t\t\t\t<p>Les accus\u00e9s ont reconnu les faits devant le tribunal. Ils se sont partag\u00e9s les chaussures pour usage et vendu les rouleaux de grillage. Un d\u2019eux a pr\u00e9text\u00e9 utiliser cette somme pour s\u2019acquitter de la scolarit\u00e9 de ses enfants.<\/p><p>La seconde infraction, un vol d\u2019\u00e2nes, implique dans un premier temps DY et DZF et, dans un deuxi\u00e8me temps, DZF et un mineur non poursuivi. DY et DZF se sont ligu\u00e9s pour soustraire un \u00e2ne \u00e0 son propri\u00e9taire. Ce butin a \u00e9t\u00e9 tu\u00e9 et la viande a servi \u00e0 l\u2019organisation d\u2019une soir\u00e9e festive entre eux au village, ont-ils avou\u00e9 aux juges. C\u2019est ainsi que DA, \u00e2g\u00e9 de 19 ans, a \u00e9t\u00e9 sollicit\u00e9 pour aider au d\u00e9pe\u00e7age de l\u2019animal abattu. Pourtant, il \u00e9tait au parfum que l\u2019\u00e2ne a \u00e9t\u00e9 vol\u00e9, mais il n\u2019aurait rien fait pour d\u00e9noncer les auteurs, si l\u2019on croit les d\u00e9clarations faites au proc\u00e8s.<\/p><p>Concernant le cas de DZF, il \u00e9tait poursuivi \u00e9galement pour vol de deux autres \u00e2nes. L\u2019un, vendu \u00e0 un des bouchers du village au prix de 50 000 FCFA. Ce dernier a reconnu avoir tu\u00e9 l\u2019animal, mais dit n\u2019\u00eatre pas au courant qu\u2019il s\u2019agissait d\u2019une b\u00eate frauduleusement acquise. Pour ce qui est du deuxi\u00e8me \u00e2ne, DZF ne r\u00e9ussira pas \u00e0 l\u2019\u00e9couler car sa man\u0153uvre a \u00e9t\u00e9 mise en \u00e9chec.<\/p><p><strong>Des peines de 12, 24, 36 et 60 mois requises<\/strong><\/p><p>A propos de DA, le pr\u00e9sident du tribunal a regrett\u00e9 que ce jeune homme de 19 ans soit d\u00e9j\u00e0 \u00e0 sa deuxi\u00e8me comparution devant un tribunal. Le procureur a ainsi rappel\u00e9 qu\u2019il avait d\u00e9j\u00e0 fait l\u2019objet de condamnation \u00e0 12 mois de prison et une amende de 500 000 FCFA, le tout assorti de sursis dans une affaire de vol d\u2019argent. Relax\u00e9 le 17 janvier dernier, il est, \u00e0 nouveau, cit\u00e9 \u00e0 compara\u00eetre le 11 avril 2023. Et le pr\u00e9sident du tribunal de lui demander s\u2019il a un parent dans la salle. \u00ab\u00a0Oui, il y a mon p\u00e8re\u00a0\u00bb, r\u00e9agit DA. \u00ab\u00a0N\u2019a-t-il pas honte de toi\u00a0?\u00a0\u00bb, questionne le pr\u00e9sident. \u00ab\u00a0Oui, il a honte de moi\u00a0\u00bb, r\u00e9torque l\u2019accus\u00e9<\/p>\t\t\t\t\t\t\t\t<\/div>\n\t\t\t\t<\/div>\n\t\t\t\t\t<\/div>\n\t\t<\/div>\n\t\t\t\t\t<\/div>\n\t\t<\/section>\n\t\t\t\t<\/div>\n\t\t","protected":false},"excerpt":{"rendered":"<p>TGI de D\u00e9dougou : Accus\u00e9s de vol de biens, des jeunes risquent entre 12 et 36 mois fermes de r\u00e9clusion Au cours de son audience du mardi 11 avril 2023, le Tribunal de grande instance (TGI) de D\u00e9dougou a vu passer devant lui le dossier de cinq jeunes hommes d\u2019un village de Massala, situ\u00e9 dans [&hellip;]<\/p>\n","protected":false},"author":2,"featured_media":0,"parent":0,"menu_order":0,"comment_status":"closed","ping_status":"closed","template":"","meta":{"site-sidebar-layout":"no-sidebar","site-content-layout":"page-builder","ast-site-content-layout":"default","site-content-style":"default","site-sidebar-style":"default","ast-global-header-display":"","ast-banner-title-visibility":"","ast-main-header-display":"","ast-hfb-above-header-display":"","ast-hfb-below-header-display":"","ast-hfb-mobile-header-display":"","site-post-title":"disabled","ast-breadcrumbs-content":"","ast-featured-img":"disabled","footer-sml-layout":"","theme-transparent-header-meta":"","adv-header-id-meta":"","stick-header-meta":"","header-above-stick-meta":"","header-main-stick-meta":"","header-below-stick-meta":"","astra-migrate-meta-layouts":"default","ast-page-background-enabled":"default","ast-page-background-meta":{"desktop":{"background-color":"","background-image":"","background-repeat":"repeat","background-position":"center center","background-size":"auto","background-attachment":"scroll","background-type":"","background-media":"","overlay-type":"","overlay-color":"","overlay-opacity":"","overlay-gradient":""},"tablet":{"background-color":"","background-image":"","background-repeat":"repeat","background-position":"center center","background-size":"auto","background-attachment":"scroll","background-type":"","background-media":"","overlay-type":"","overlay-color":"","overlay-opacity":"","overlay-gradient":""},"mobile":{"background-color":"","background-image":"","background-repeat":"repeat","background-position":"center center","background-size":"auto","background-attachment":"scroll","background-type":"","background-media":"","overlay-type":"","overlay-color":"","overlay-opacity":"","overlay-gradient":""}},"ast-content-background-meta":{"desktop":{"background-color":"var(--ast-global-color-5)","background-image":"","background-repeat":"repeat","background-position":"center center","background-size":"auto","background-attachment":"scroll","background-type":"","background-media":"","overlay-type":"","overlay-color":"","overlay-opacity":"","overlay-gradient":""},"tablet":{"background-color":"var(--ast-global-color-5)","background-image":"","background-repeat":"repeat","background-position":"center center","background-size":"auto","background-attachment":"scroll","background-type":"","background-media":"","overlay-type":"","overlay-color":"","overlay-opacity":"","overlay-gradient":""},"mobile":{"background-color":"var(--ast-global-color-5)","background-image":"","background-repeat":"repeat","background-position":"center center","background-size":"auto","background-attachment":"scroll","background-type":"","background-media":"","overlay-type":"","overlay-color":"","overlay-opacity":"","overlay-gradient":""}},"footnotes":""},"class_list":["post-2980","page","type-page","status-publish","hentry"],"jetpack_sharing_enabled":true,"rttpg_featured_image_url":null,"rttpg_author":{"display_name":"Hascor Burkina","author_link":"https:\/\/blog.hascorburkina.com\/index.php\/author\/hascorblog\/"},"rttpg_comment":0,"rttpg_category":null,"rttpg_excerpt":"TGI de D\u00e9dougou : Accus\u00e9s de vol de biens, des jeunes risquent entre 12 et 36 mois fermes de r\u00e9clusion Au cours de son audience du mardi 11 avril 2023, le Tribunal de grande instance (TGI) de D\u00e9dougou a vu passer devant lui le dossier de cinq jeunes hommes d\u2019un village de Massala, situ\u00e9 dans\u2026","_links":{"self":[{"href":"https:\/\/blog.hascorburkina.com\/index.php\/wp-json\/wp\/v2\/pages\/2980","targetHints":{"allow":["GET"]}}],"collection":[{"href":"https:\/\/blog.hascorburkina.com\/index.php\/wp-json\/wp\/v2\/pages"}],"about":[{"href":"https:\/\/blog.hascorburkina.com\/index.php\/wp-json\/wp\/v2\/types\/page"}],"author":[{"embeddable":true,"href":"https:\/\/blog.hascorburkina.com\/index.php\/wp-json\/wp\/v2\/users\/2"}],"replies":[{"embeddable":true,"href":"https:\/\/blog.hascorburkina.com\/index.php\/wp-json\/wp\/v2\/comments?post=2980"}],"version-history":[{"count":7,"href":"https:\/\/blog.hascorburkina.com\/index.php\/wp-json\/wp\/v2\/pages\/2980\/revisions"}],"predecessor-version":[{"id":2988,"href":"https:\/\/blog.hascorburkina.com\/index.php\/wp-json\/wp\/v2\/pages\/2980\/revisions\/2988"}],"wp:attachment":[{"href":"https:\/\/blog.hascorburkina.com\/index.php\/wp-json\/wp\/v2\/media?parent=2980"}],"curies":[{"name":"wp","href":"https:\/\/api.w.org\/{rel}","templated":true}]}}